{"id":2199,"date":"2017-01-10T11:10:59","date_gmt":"2017-01-10T10:10:59","guid":{"rendered":"https:\/\/feetuphostels.com\/recommended-hostels\/"},"modified":"2024-11-08T18:03:08","modified_gmt":"2024-11-08T17:03:08","slug":"auberges-recommandees","status":"publish","type":"page","link":"https:\/\/feetuphostels.com\/fr\/auberges-recommandees\/","title":{"rendered":"Aubergues recommandees"},"content":{"rendered":"\n<h1 class=\"wp-block-heading has-text-align-center\" id=\"h-recommended-hostels-by-feet-up-hostels\">Auberges recommand\u00e9es par Feet Up Hostels<\/h1>\n\n<h2 class=\"wp-block-heading\" id=\"h-portugal-hostels\">Auberges de jeunesse au Portugal<\/h2>\n\n<ul class=\"wp-block-list\">\n<li><strong>Lisbon<\/strong>. <a href=\"http:\/\/www.lisbonloungehostel.com\" target=\"_blank\" rel=\"noreferrer noopener\">Lisbon Lounge Hostel<\/a>. Le Lisbon Lounge Hostel est un endroit o\u00f9 l&rsquo;\u00e9change informel est le principal enjeu.<\/li>\n\n\n\n<li><strong>Lisbon<\/strong>. <a href=\"http:\/\/www.livingloungehostel.com\" target=\"_blank\" rel=\"noreferrer noopener\">Living Lounge Hostel<\/a>. Nous sommes une \u00e9quipe de quatre artistes portugais qui poss\u00e8dent et g\u00e8rent le Lisbon Lounge.<\/li>\n\n\n\n<li><strong>Lisbon<\/strong>. <a href=\"http:\/\/www.lisbonloungehostel.com\" target=\"_blank\" rel=\"noreferrer noopener\">Lisbon Lounge Hostel<\/a>. Le Lisbon Lounge Hostel est un endroit o\u00f9 l&rsquo;\u00e9change informel est le principal enjeu.<\/li>\n\n\n\n<li><strong>Lisbon<\/strong>. <a href=\"http:\/\/www.livingloungehostel.com\" target=\"_blank\" rel=\"noreferrer noopener\">Living Lounge Hostel<\/a>. Nous sommes une \u00e9quipe de quatre artistes portugais qui poss\u00e8dent et g\u00e8rent le Lisbon Lounge.<\/li>\n\n\n\n<li><strong>Lisbon<\/strong>. <a href=\"http:\/\/www.lisbonoldtownhostel.com\" target=\"_blank\" rel=\"noreferrer noopener\">Lisbon Old Town Hostel<\/a>. Je te pr\u00e9sente l&rsquo;une des plus r\u00e9centes auberges de jeunesse de la magnifique ville de Lisbonne.<\/li>\n\n\n\n<li><strong>Lisbon<\/strong>. <a href=\"http:\/\/www.lisb-onhostel.com\" target=\"_blank\" rel=\"noreferrer noopener\">Hostel in Lisbon Lagos &#8211; Portugal. <\/a>Tu n&rsquo;as pas besoin d&rsquo;\u00eatre n\u00e9 \u00e0 Lisbonne pour te sentir \u00e0 ta place.<\/li>\n<\/ul>\n\n<h2 class=\"wp-block-heading\" id=\"h-holland-hostels\">Auberges de jeunesse en Hollande<\/h2>\n\n<ul class=\"wp-block-list\">\n<li><strong>Amsterdam<\/strong>. <a href=\"http:\/\/www.bulldoghotel.com\/\" target=\"_blank\" rel=\"noreferrer noopener\">Bulldog Hotel<\/a>.L&rsquo;auberge Bulldog Hostel Amsterdam est impr\u00e9gn\u00e9e de cette atmosph\u00e8re internationale et lib\u00e9rale typique qui rend Amsterdam si sp\u00e9ciale&#8230; en plus d&rsquo;autres choses.<\/li>\n<\/ul>\n\n<h2 class=\"wp-block-heading\" id=\"h-austria-hostels\">Auberges de jeunesse en Autriche<\/h2>\n\n<ul class=\"wp-block-list\">\n<li><strong>Vienna<\/strong>. <a href=\"http:\/\/www.hostelruthensteiner.com\/\" target=\"_blank\" rel=\"noreferrer noopener\">Hostel Ruthensteiner Vienna<\/a>. L&rsquo;auberge de jeunesse ind\u00e9pendante de Vienne depuis 1968, Hostel Ruthensteiner, est l&rsquo;endroit id\u00e9al pour s\u00e9journer &#8211; avec son atmosph\u00e8re amicale et internationale dans un environnement sans fum\u00e9e.<\/li>\n\n\n\n<li><strong>Vienna<\/strong>. <a href=\"http:\/\/www.alibihostel.com\/\" target=\"_blank\" rel=\"noreferrer noopener\">ALIBI Hostel in Vienna<\/a>. Tu pr\u00e9vois de visiter Vienne ? S\u00e9journe \u00e0 l&rsquo;Hostel Vienna et profite de son emplacement dans le centre-ville.<\/li>\n\n\n\n<li><strong>Vienna<\/strong>. <a href=\"http:\/\/www.strawberryhostels.com\" target=\"_blank\" rel=\"noreferrer noopener\">Stramberry Hostels in Vienna<\/a>. Strawberry Summer Hostel Mittelgasse.<\/li>\n\n\n\n<li><strong>Vienna<\/strong>. <a href=\"http:\/\/www.westendhostel.at\" target=\"_blank\" rel=\"noreferrer noopener\">Westend CIty Hostel<\/a>. La charmante auberge priv\u00e9e de Vienne est le lieu id\u00e9al pour tous les jeunes (et les jeunes de c\u0153ur) visiteurs. C&rsquo;est l&rsquo;endroit id\u00e9al o\u00f9 s\u00e9journer pour les routards.<\/li>\n\n\n\n<li><strong>Salzburg<\/strong>. <a href=\"http:\/\/www.yoho.at\/\" target=\"_blank\" rel=\"noreferrer noopener\">Yoho Youth Hostel<\/a>. Situ\u00e9 dans le centre-ville, entre la gare et la vieille ville, toutes deux \u00e0 10 minutes \u00e0 pied, YoHo est l&rsquo;endroit id\u00e9al pour explorer la ville de Salzbourg, qui fait partie du patrimoine culturel mondial.<\/li>\n<\/ul>\n\n<h2 class=\"wp-block-heading\" id=\"h-romania-hostels\">Auberges de jeunesse en Roumanie<\/h2>\n\n<ul class=\"wp-block-list\">\n<li><strong>Transylvania.<\/strong> <a href=\"https:\/\/hostelcluj.com\/\" target=\"_blank\" rel=\"noreferrer noopener\">www.hostelcluj.com<\/a>. Au Transylvania Hostel, tu trouveras plus qu&rsquo;un simple lit, tu trouveras une communaut\u00e9.<\/li>\n<\/ul>\n\n<h2 class=\"wp-block-heading\" id=\"h-ireland-hostels\">Auberges de jeunesse en Irlande<\/h2>\n\n<ul class=\"wp-block-list\">\n<li><strong>Ireland<\/strong>. <a href=\"http:\/\/barnacles.ie\/\" target=\"_blank\" rel=\"noreferrer noopener\">Les auberges les mieux situ\u00e9es \u00e0 Dublin et Galway<\/a><\/li>\n<\/ul>\n\n<h2 class=\"wp-block-heading\" id=\"h-italy-hostels\">Auberges de jeunesse en Italie<\/h2>\n\n<ul class=\"wp-block-list\">\n<li><strong>Napoli<\/strong>. <a href=\"http:\/\/www.hostelmancininaples.com\" target=\"_blank\" rel=\"noreferrer noopener\">Hostel Mancini Naples<\/a>. L&rsquo;auberge Mancini est un paradis pour routards nouvellement r\u00e9nov\u00e9.<\/li>\n\n\n\n<li><strong>Rome<\/strong>. <a href=\"http:\/\/www.the-yellow.com\/\" target=\"_blank\" rel=\"noreferrer noopener\">The Yellow Youth Hostel<\/a>. Tu vas adorer ce lieu si . Tu aimes faire la f\u00eate. Tu aimes socialiser du cr\u00e9puscule \u00e0 l&rsquo;aube.<\/li>\n\n\n\n<li><strong>Sicily<\/strong>. <a href=\"http:\/\/www.lolhostel.com\/\" target=\"_blank\" rel=\"noreferrer noopener\">LOL Hostel in Sicily<\/a>. se trouve au c\u0153ur de Syracuse, en Sicile, dans le meilleur emplacement possible, \u00e0 seulement 50 m\u00e8tres de la gare ferroviaire et routi\u00e8re (laisse tes bagages et pars !).<\/li>\n<\/ul>\n\n<h2 class=\"wp-block-heading\" id=\"h-praga-hostels\">Auberges de jeunesse \u00e0 Praga<\/h2>\n\n<ul class=\"wp-block-list\">\n<li><strong>Prague<\/strong>. <a href=\"http:\/\/www.sirtobys.com\" target=\"_blank\" rel=\"noreferrer noopener\">Sirt Toby\u00b4s Hostel in Prague.<\/a><\/li>\n\n\n\n<li><strong>Prague<\/strong>. <a href=\"http:\/\/www.arpacayhostel.com\/\" target=\"_blank\" rel=\"noreferrer noopener\">Arpacay Backpackers Hostels.<\/a> Situ\u00e9 au centre de Prague dans l&rsquo;une des rues les plus pittoresques de la ville qui m\u00e8ne au ch\u00e2teau de Prague (120 m).<\/li>\n\n\n\n<li><strong>Prague<\/strong>. <a href=\"http:\/\/www.hostelelf.com\/\" target=\"_blank\" rel=\"noreferrer noopener\">HOSTEL ELF<\/a>. Ta maison \u00e0 Prague.<\/li>\n\n\n\n<li><strong>Prague<\/strong>. <a href=\"http:\/\/www.bohemianhostels.com\" target=\"_blank\" rel=\"noreferrer noopener\">Bohemian Hostels &amp; Hotels<\/a>.<\/li>\n<\/ul>\n\n<h2 class=\"wp-block-heading\" id=\"h-germany-hostels\">Auberges de jeunesse en Allemagne<\/h2>\n\n<ul class=\"wp-block-list\">\n<li><strong>Dresden<\/strong>. <a href=\"http:\/\/www.lollishome.de\/en\/\" target=\"_blank\" rel=\"noreferrer noopener\">Lollis Homestay &#8211; ton auberge de jeunesse originale \u00e0 Dresde<\/a>. Proche du centre-ville historique, \u00e0 15 minutes de la gare de Dresde Neustadt et en plein milieu du quartier branch\u00e9 et anim\u00e9 de Dresde.<\/li>\n\n\n\n<li><a href=\"http:\/\/www.djh-thueringen.de\/\" target=\"_blank\" rel=\"noreferrer noopener\">DJH Thueringen<\/a>. Auberges de jeunesse en Allemagne.<\/li>\n\n\n\n<li><strong>K\u00f6ln<\/strong>. <a href=\"http:\/\/www.hostel-cologne.de\/\" target=\"_blank\" rel=\"noreferrer noopener\">Station Hostel for Backpackers<\/a>. Bienvenue \u00e0 l&rsquo;auberge de jeunesse Station Hostel \u00e0 Cologne.<\/li>\n\n\n\n<li><strong>Berlin<\/strong>. OSTEL Hostel Berlin. Fais un voyage dans le temps et retourne \u00e0 Berlin-Est dans les ann\u00e9es 70 et 80.<\/li>\n\n\n\n<li><strong>Berlin<\/strong>. <a href=\"http:\/\/www.heartofgold-hostel.de\/\" target=\"_blank\" rel=\"noreferrer noopener\">Heart of Gold Hostel Berlin<\/a>. L&rsquo;auberge Starship de Berlin.<\/li>\n\n\n\n<li><strong>Berlin<\/strong>. <a href=\"http:\/\/www.three-little-pigs.de\/\" target=\"_blank\" rel=\"noreferrer noopener\">Three Little Pigs<\/a>. Auberges \u00e0 Berlin.<\/li>\n\n\n\n<li><strong>Berlin<\/strong>. <a href=\"http:\/\/www.aurora-hostel.com\/\" target=\"_blank\" rel=\"noreferrer noopener\">Aurora Hostel Berlin<\/a>. Situ\u00e9e au c\u0153ur du quartier jeune et branch\u00e9 de Prenzlauer Berg \u00e0 Berlin, notre auberge te propose un m\u00e9lange id\u00e9al d&rsquo;h\u00e9bergement abordable et d&rsquo;ambiance attrayante.<\/li>\n\n\n\n<li><strong>Berlin<\/strong>. <a href=\"http:\/\/www.amstelhouse.de\" target=\"_blank\" rel=\"noreferrer noopener\">Amstel House Hostel Berlin<\/a>. Wi-Fi et PC gratuits. R\u00e9ception et bar ouverts 24 heures sur 24 et 7 jours sur 7.<\/li>\n\n\n\n<li><strong>Berlin<\/strong>.Que se passe-t-il, si deux architectes et un designer parcourent le monde entier et se demandent encore et encore : \u00ab\u00a0Pourquoi n&rsquo;y a-t-il pas assez d&rsquo;endroits agr\u00e9ables et \u00e0 prix raisonnable pour se loger ?\u00a0\u00bb. <a href=\"http:\/\/citystay-hostel.de\" target=\"_blank\" rel=\"noreferrer noopener\">Booking in CityStay Hostel.<\/a><\/li>\n\n\n\n<li><strong>Munich<\/strong>. <a href=\"http:\/\/www.wombats-hostels.com\">www.wombats-hostels.com<\/a>. Plus de 50.000 clients satisfaits chaque ann\u00e9e, \u00e7a ne peut pas \u00eatre faux ! Les auberges de jeunesse wombats \u00e0 Munich, Berlin et deux auberges \u00e0 Vienne b\u00e9n\u00e9ficient d&rsquo;une situation centrale, \u00e0 deux pas de la gare principale et \u00e0 quelques minutes seulement du centre historique de la ville.<\/li>\n\n\n\n<li><a href=\"http:\/\/www.weimar-hostel.com\/\" target=\"_blank\" rel=\"noreferrer noopener\">Your Hostel in Weimar<\/a> <strong>Berlin<\/strong>. <a href=\"http:\/\/www.sleepcheaphostel.com\" target=\"_blank\" rel=\"noreferrer noopener\">SleepCheapHostel.com<\/a>. Si tu souhaites dormir \u00e0 Berlin pour pas cher.<\/li>\n\n\n\n<li><strong>Kart\u00e4userstr<\/strong>. <a href=\"http:\/\/blackforest-hostel.de\" target=\"_blank\" rel=\"noreferrer noopener\">www.blackforest-hostel.de<\/a>. L&rsquo;auberge de la For\u00eat Noire offre de nombreuses places bon march\u00e9 pour dormir dans des chambres partag\u00e9es, doubles et individuelles. L&rsquo;auberge est proche de la vieille ville de Fribourg et facile d&rsquo;acc\u00e8s.<\/li>\n\n\n\n<li><strong>Berlin<\/strong>. <a href=\"http:\/\/www.sunflower-hostel.de\" target=\"_blank\" rel=\"noreferrer noopener\">www.sunflower-hostel.de<\/a>. Sunflower Hostel Berlin t&rsquo;attend avec une s\u00e9lection de diff\u00e9rents types de chambres, allant des grands dortoirs avec un maximum de 8 lits, en passant par des dortoirs plus petits, des chambres doubles et des chambres individuelles, jusqu&rsquo;aux appartements avec salle de bain et cuisine priv\u00e9es.<\/li>\n<\/ul>\n\n<h2 class=\"wp-block-heading\" id=\"h-spain-hostels\">Espagne Auberges<\/h2>\n\n<ul class=\"wp-block-list\">\n<li><strong>Seville<\/strong>. <a href=\"http:\/\/www.samayhostels.com\">www.samayhostels.com<\/a> Samay Hostel Sevilla est l&rsquo;auberge pour routards et voyageurs ind\u00e9pendants la plus populaire de S\u00e9ville. En effet, Samay Hostel Sevilla se trouve en plein c\u0153ur de S\u00e9ville et propose une gamme compl\u00e8te d&rsquo;\u00e9quipements pour que tu puisses profiter de ton s\u00e9jour chez nous.<\/li>\n\n\n\n<li><strong>Calpe<\/strong>. <a href=\"http:\/\/www.youthhostel4you.com\" target=\"_blank\" rel=\"noreferrer noopener\">www.youthhostel4you.com.<\/a> Nous avons cr\u00e9\u00e9 un nouveau concept d&rsquo;auberge pour tout le monde dans toute l&rsquo;Europe.<\/li>\n\n\n\n<li><strong>Madrid<\/strong>. <a href=\"http:\/\/www.posadadehuertas.com\">www.posadadehuertas.com.<\/a> La Posada de Huertas est une auberge de jeunesse situ\u00e9e dans le \u00ab\u00a0quartier des lettres\u00a0\u00bb du centre de Madrid. La Posada de Huertas est l&rsquo;endroit id\u00e9al pour le tourisme international de la jeunesse et suit les directives propres \u00e0 une auberge.<\/li>\n\n\n\n<li><strong>Malaga<\/strong>. <a href=\"http:\/\/www.meltingpothostels.com\">www.meltingpothostels.com<\/a>. Auberges de jeunesse situ\u00e9es au centre de Malaga, Cadix et Tarifa. Auberges de jeunesse bon march\u00e9 dans le sud de l&rsquo;Espagne.<\/li>\n<\/ul>\n\n<h3 class=\"wp-block-heading\" id=\"h-united-states-hostels\">Auberges de jeunesse aux \u00c9tats-Unis<\/h3>\n\n<ul class=\"wp-block-list\">\n<li><strong>San Diego<\/strong>. <a href=\"http:\/\/www.californiahostel.com\/\" target=\"_blank\" rel=\"noreferrer noopener\">California Hostel<\/a>. L&rsquo;auberge de San Diego&rsquo;s Ocean Beach est situ\u00e9e au centre de la ville ensoleill\u00e9e de San Diego, en Californie.<\/li>\n\n\n\n<li><strong>New York<\/strong>. <a href=\"http:\/\/www.bigapplehostel.com\" target=\"_blank\" rel=\"noreferrer noopener\">Big Apple Hostel<\/a>. Big Apple Hostel Location de vacances \u00e0 New York.<\/li>\n<\/ul>\n\n<h3 class=\"wp-block-heading\" id=\"h-greece-hostels\">Auberges de jeunesse en Gr\u00e8ce<\/h3>\n\n<ul class=\"wp-block-list\">\n<li><strong>Greece<\/strong>. <a href=\"http:\/\/www.thepinkpalace.com\/\" target=\"_blank\" rel=\"noreferrer noopener\">The Pink Palace Hostel<\/a>. Ou Jet Setter, le Pink Palace est s\u00fbr de convenir \u00e0 tous les budgets de voyage.<\/li>\n<\/ul>\n\n<h3 class=\"wp-block-heading\" id=\"h-hungary-hostels\">Auberges de jeunesse en Hongrie<\/h3>\n\n<ul class=\"wp-block-list\">\n<li><strong>Budapest<\/strong>. <a href=\"http:\/\/groovehostel.hu\" target=\"_blank\" rel=\"noreferrer noopener\">Groove Hostel in Budapest<\/a>.<\/li>\n\n\n\n<li><strong>Budapest<\/strong>. <a href=\"http:\/\/www.homemadehostel.com\" target=\"_blank\" rel=\"noreferrer noopener\">Homemade Hostel<\/a>. Nous sommes une auberge ind\u00e9pendante et individuelle. Toute autre auberge \u00e0 Budapest avec un nom, un design ou une description similaire n&rsquo;est pas affili\u00e9e \u00e0 notre auberge.<\/li>\n<\/ul>\n\n<h3 class=\"wp-block-heading\" id=\"h-switzerland-hostels\">Auberges de jeunesse en Suisse<\/h3>\n\n<ul class=\"wp-block-list\">\n<li><strong>Interlaken<\/strong>. <a href=\"http:\/\/www.villa.ch\/\" target=\"_blank\" rel=\"noreferrer noopener\">Backpackers Villa Sonnenhof &#8211; Hostel Interlaken<\/a>.<\/li>\n<\/ul>\n\n<h3 class=\"wp-block-heading\" id=\"h-united-kingdom-hostels\">Auberges de jeunesse au Royaume-Uni<\/h3>\n\n<ul class=\"wp-block-list\">\n<li><strong>Brighton<\/strong>. <a href=\"http:\/\/www.kipps-brighton.com\" target=\"_blank\" rel=\"noreferrer noopener\">Kipps Brighton<\/a> est une petite auberge de jeunesse conviviale situ\u00e9e au c\u0153ur de Brighton.<\/li>\n<\/ul>\n\n<p><\/p>\n","protected":false},"excerpt":{"rendered":"<p>Auberges recommand\u00e9es. Auberges de jeunesse recommand\u00e9es par nos clients et amis qui ont visit\u00e9 ces h\u00e9bergements en Europe et dans le monde.<\/p>\n","protected":false},"author":13,"featured_media":61791,"parent":0,"menu_order":0,"comment_status":"closed","ping_status":"closed","template":"","meta":{"footnotes":""},"class_list":["post-2199","page","type-page","status-publish","has-post-thumbnail","hentry"],"yoast_head":"<!-- This site is optimized with the Yoast SEO plugin v27.3 - https:\/\/yoast.com\/product\/yoast-seo-wordpress\/ -->\n<title>Auberges recommand\u00e9es. Auberges de jeunesse recommand\u00e9es par nos clients.<\/title>\n<meta name=\"description\" content=\"Auberges recommand\u00e9es. Auberges de jeunesse recommand\u00e9es par nos clients et amis qui ont visit\u00e9 ces h\u00e9bergements en Europe et dans le monde.\" \/>\n<meta name=\"robots\" content=\"index, follow, max-snippet:-1, max-image-preview:large, max-video-preview:-1\" \/>\n<link rel=\"canonical\" href=\"https:\/\/feetuphostels.com\/fr\/auberges-recommandees\/\" \/>\n<meta property=\"og:locale\" content=\"fr_FR\" \/>\n<meta property=\"og:type\" content=\"article\" \/>\n<meta property=\"og:title\" content=\"Auberges recommand\u00e9es. Auberges de jeunesse recommand\u00e9es par nos clients.\" \/>\n<meta property=\"og:description\" content=\"Auberges recommand\u00e9es. Auberges de jeunesse recommand\u00e9es par nos clients et amis qui ont visit\u00e9 ces h\u00e9bergements en Europe et dans le monde.\" \/>\n<meta property=\"og:url\" content=\"https:\/\/feetuphostels.com\/fr\/auberges-recommandees\/\" \/>\n<meta property=\"og:site_name\" content=\"Feet Up Hostels\" \/>\n<meta property=\"article:publisher\" content=\"https:\/\/facebook.com\/feetuphostelsgroup\" \/>\n<meta property=\"article:modified_time\" content=\"2024-11-08T17:03:08+00:00\" \/>\n<meta property=\"og:image\" content=\"https:\/\/feetuphostels.com\/wp-content\/uploads\/2019\/07\/03home-youth-hostel-valencia-by-feetuphostels.jpg\" \/>\n\t<meta property=\"og:image:width\" content=\"1620\" \/>\n\t<meta property=\"og:image:height\" content=\"1080\" \/>\n\t<meta property=\"og:image:type\" content=\"image\/jpeg\" \/>\n<meta name=\"twitter:card\" content=\"summary_large_image\" \/>\n<meta name=\"twitter:site\" content=\"@feetuphostels\" \/>\n<meta name=\"twitter:label1\" content=\"Dur\u00e9e de lecture estim\u00e9e\" \/>\n\t<meta name=\"twitter:data1\" content=\"6 minutes\" \/>\n<script type=\"application\/ld+json\" class=\"yoast-schema-graph\">{\"@context\":\"https:\\\/\\\/schema.org\",\"@graph\":[{\"@type\":\"WebPage\",\"@id\":\"https:\\\/\\\/feetuphostels.com\\\/fr\\\/auberges-recommandees\\\/\",\"url\":\"https:\\\/\\\/feetuphostels.com\\\/fr\\\/auberges-recommandees\\\/\",\"name\":\"Auberges recommand\u00e9es. Auberges de jeunesse recommand\u00e9es par nos clients.\",\"isPartOf\":{\"@id\":\"https:\\\/\\\/feetuphostels.com\\\/fr\\\/#website\"},\"primaryImageOfPage\":{\"@id\":\"https:\\\/\\\/feetuphostels.com\\\/fr\\\/auberges-recommandees\\\/#primaryimage\"},\"image\":{\"@id\":\"https:\\\/\\\/feetuphostels.com\\\/fr\\\/auberges-recommandees\\\/#primaryimage\"},\"thumbnailUrl\":\"https:\\\/\\\/feetuphostels.com\\\/wp-content\\\/uploads\\\/2019\\\/07\\\/03home-youth-hostel-valencia-by-feetuphostels.jpg\",\"datePublished\":\"2017-01-10T10:10:59+00:00\",\"dateModified\":\"2024-11-08T17:03:08+00:00\",\"description\":\"Auberges recommand\u00e9es. Auberges de jeunesse recommand\u00e9es par nos clients et amis qui ont visit\u00e9 ces h\u00e9bergements en Europe et dans le monde.\",\"breadcrumb\":{\"@id\":\"https:\\\/\\\/feetuphostels.com\\\/fr\\\/auberges-recommandees\\\/#breadcrumb\"},\"inLanguage\":\"fr-FR\",\"potentialAction\":[{\"@type\":\"ReadAction\",\"target\":[\"https:\\\/\\\/feetuphostels.com\\\/fr\\\/auberges-recommandees\\\/\"]}]},{\"@type\":\"ImageObject\",\"inLanguage\":\"fr-FR\",\"@id\":\"https:\\\/\\\/feetuphostels.com\\\/fr\\\/auberges-recommandees\\\/#primaryimage\",\"url\":\"https:\\\/\\\/feetuphostels.com\\\/wp-content\\\/uploads\\\/2019\\\/07\\\/03home-youth-hostel-valencia-by-feetuphostels.jpg\",\"contentUrl\":\"https:\\\/\\\/feetuphostels.com\\\/wp-content\\\/uploads\\\/2019\\\/07\\\/03home-youth-hostel-valencia-by-feetuphostels.jpg\",\"width\":1620,\"height\":1080,\"caption\":\"Canap\u00e9 confortable pour se d\u00e9tendre entre amis\"},{\"@type\":\"BreadcrumbList\",\"@id\":\"https:\\\/\\\/feetuphostels.com\\\/fr\\\/auberges-recommandees\\\/#breadcrumb\",\"itemListElement\":[{\"@type\":\"ListItem\",\"position\":1,\"name\":\"Home\",\"item\":\"https:\\\/\\\/feetuphostels.com\\\/fr\\\/\"},{\"@type\":\"ListItem\",\"position\":2,\"name\":\"Aubergues recommandees\"}]},{\"@type\":\"WebSite\",\"@id\":\"https:\\\/\\\/feetuphostels.com\\\/fr\\\/#website\",\"url\":\"https:\\\/\\\/feetuphostels.com\\\/fr\\\/\",\"name\":\"Feet Up Hostels\",\"description\":\"Auberges de jeunesse et h\u00e9bergement \u00e0 Valence, Espagne. Nous sommes des sp\u00e9cialistes de la convivialit\u00e9\",\"publisher\":{\"@id\":\"https:\\\/\\\/feetuphostels.com\\\/fr\\\/#organization\"},\"alternateName\":\"Feet Up Hostels\",\"potentialAction\":[{\"@type\":\"SearchAction\",\"target\":{\"@type\":\"EntryPoint\",\"urlTemplate\":\"https:\\\/\\\/feetuphostels.com\\\/fr\\\/?s={search_term_string}\"},\"query-input\":{\"@type\":\"PropertyValueSpecification\",\"valueRequired\":true,\"valueName\":\"search_term_string\"}}],\"inLanguage\":\"fr-FR\"},{\"@type\":\"Organization\",\"@id\":\"https:\\\/\\\/feetuphostels.com\\\/fr\\\/#organization\",\"name\":\"Feet Up Hostels\",\"alternateName\":\"Feet Up Hostels\",\"url\":\"https:\\\/\\\/feetuphostels.com\\\/fr\\\/\",\"logo\":{\"@type\":\"ImageObject\",\"inLanguage\":\"fr-FR\",\"@id\":\"https:\\\/\\\/feetuphostels.com\\\/fr\\\/#\\\/schema\\\/logo\\\/image\\\/\",\"url\":\"https:\\\/\\\/feetuphostels.com\\\/wp-content\\\/uploads\\\/2019\\\/01\\\/logo-web-amp-feetuphostels.svg\",\"contentUrl\":\"https:\\\/\\\/feetuphostels.com\\\/wp-content\\\/uploads\\\/2019\\\/01\\\/logo-web-amp-feetuphostels.svg\",\"width\":1,\"height\":1,\"caption\":\"Feet Up Hostels\"},\"image\":{\"@id\":\"https:\\\/\\\/feetuphostels.com\\\/fr\\\/#\\\/schema\\\/logo\\\/image\\\/\"},\"sameAs\":[\"https:\\\/\\\/facebook.com\\\/feetuphostelsgroup\",\"https:\\\/\\\/x.com\\\/feetuphostels\",\"https:\\\/\\\/www.instagram.com\\\/feetuphostels\\\/\",\"https:\\\/\\\/www.tiktok.com\\\/@feetuphostels\",\"https:\\\/\\\/www.linkedin.com\\\/company\\\/feetuphostelsgroup\\\/\",\"https:\\\/\\\/www.pinterest.es\\\/FeetupHostels\\\/\",\"https:\\\/\\\/www.youtube.com\\\/feetuphostels\"]}]}<\/script>\n<!-- \/ Yoast SEO plugin. -->","yoast_head_json":{"title":"Auberges recommand\u00e9es. Auberges de jeunesse recommand\u00e9es par nos clients.","description":"Auberges recommand\u00e9es. Auberges de jeunesse recommand\u00e9es par nos clients et amis qui ont visit\u00e9 ces h\u00e9bergements en Europe et dans le monde.","robots":{"index":"index","follow":"follow","max-snippet":"max-snippet:-1","max-image-preview":"max-image-preview:large","max-video-preview":"max-video-preview:-1"},"canonical":"https:\/\/feetuphostels.com\/fr\/auberges-recommandees\/","og_locale":"fr_FR","og_type":"article","og_title":"Auberges recommand\u00e9es. Auberges de jeunesse recommand\u00e9es par nos clients.","og_description":"Auberges recommand\u00e9es. Auberges de jeunesse recommand\u00e9es par nos clients et amis qui ont visit\u00e9 ces h\u00e9bergements en Europe et dans le monde.","og_url":"https:\/\/feetuphostels.com\/fr\/auberges-recommandees\/","og_site_name":"Feet Up Hostels","article_publisher":"https:\/\/facebook.com\/feetuphostelsgroup","article_modified_time":"2024-11-08T17:03:08+00:00","og_image":[{"width":1620,"height":1080,"url":"https:\/\/feetuphostels.com\/wp-content\/uploads\/2019\/07\/03home-youth-hostel-valencia-by-feetuphostels.jpg","type":"image\/jpeg"}],"twitter_card":"summary_large_image","twitter_site":"@feetuphostels","twitter_misc":{"Dur\u00e9e de lecture estim\u00e9e":"6 minutes"},"schema":{"@context":"https:\/\/schema.org","@graph":[{"@type":"WebPage","@id":"https:\/\/feetuphostels.com\/fr\/auberges-recommandees\/","url":"https:\/\/feetuphostels.com\/fr\/auberges-recommandees\/","name":"Auberges recommand\u00e9es. Auberges de jeunesse recommand\u00e9es par nos clients.","isPartOf":{"@id":"https:\/\/feetuphostels.com\/fr\/#website"},"primaryImageOfPage":{"@id":"https:\/\/feetuphostels.com\/fr\/auberges-recommandees\/#primaryimage"},"image":{"@id":"https:\/\/feetuphostels.com\/fr\/auberges-recommandees\/#primaryimage"},"thumbnailUrl":"https:\/\/feetuphostels.com\/wp-content\/uploads\/2019\/07\/03home-youth-hostel-valencia-by-feetuphostels.jpg","datePublished":"2017-01-10T10:10:59+00:00","dateModified":"2024-11-08T17:03:08+00:00","description":"Auberges recommand\u00e9es. Auberges de jeunesse recommand\u00e9es par nos clients et amis qui ont visit\u00e9 ces h\u00e9bergements en Europe et dans le monde.","breadcrumb":{"@id":"https:\/\/feetuphostels.com\/fr\/auberges-recommandees\/#breadcrumb"},"inLanguage":"fr-FR","potentialAction":[{"@type":"ReadAction","target":["https:\/\/feetuphostels.com\/fr\/auberges-recommandees\/"]}]},{"@type":"ImageObject","inLanguage":"fr-FR","@id":"https:\/\/feetuphostels.com\/fr\/auberges-recommandees\/#primaryimage","url":"https:\/\/feetuphostels.com\/wp-content\/uploads\/2019\/07\/03home-youth-hostel-valencia-by-feetuphostels.jpg","contentUrl":"https:\/\/feetuphostels.com\/wp-content\/uploads\/2019\/07\/03home-youth-hostel-valencia-by-feetuphostels.jpg","width":1620,"height":1080,"caption":"Canap\u00e9 confortable pour se d\u00e9tendre entre amis"},{"@type":"BreadcrumbList","@id":"https:\/\/feetuphostels.com\/fr\/auberges-recommandees\/#breadcrumb","itemListElement":[{"@type":"ListItem","position":1,"name":"Home","item":"https:\/\/feetuphostels.com\/fr\/"},{"@type":"ListItem","position":2,"name":"Aubergues recommandees"}]},{"@type":"WebSite","@id":"https:\/\/feetuphostels.com\/fr\/#website","url":"https:\/\/feetuphostels.com\/fr\/","name":"Feet Up Hostels","description":"Auberges de jeunesse et h\u00e9bergement \u00e0 Valence, Espagne. Nous sommes des sp\u00e9cialistes de la convivialit\u00e9","publisher":{"@id":"https:\/\/feetuphostels.com\/fr\/#organization"},"alternateName":"Feet Up Hostels","potentialAction":[{"@type":"SearchAction","target":{"@type":"EntryPoint","urlTemplate":"https:\/\/feetuphostels.com\/fr\/?s={search_term_string}"},"query-input":{"@type":"PropertyValueSpecification","valueRequired":true,"valueName":"search_term_string"}}],"inLanguage":"fr-FR"},{"@type":"Organization","@id":"https:\/\/feetuphostels.com\/fr\/#organization","name":"Feet Up Hostels","alternateName":"Feet Up Hostels","url":"https:\/\/feetuphostels.com\/fr\/","logo":{"@type":"ImageObject","inLanguage":"fr-FR","@id":"https:\/\/feetuphostels.com\/fr\/#\/schema\/logo\/image\/","url":"https:\/\/feetuphostels.com\/wp-content\/uploads\/2019\/01\/logo-web-amp-feetuphostels.svg","contentUrl":"https:\/\/feetuphostels.com\/wp-content\/uploads\/2019\/01\/logo-web-amp-feetuphostels.svg","width":1,"height":1,"caption":"Feet Up Hostels"},"image":{"@id":"https:\/\/feetuphostels.com\/fr\/#\/schema\/logo\/image\/"},"sameAs":["https:\/\/facebook.com\/feetuphostelsgroup","https:\/\/x.com\/feetuphostels","https:\/\/www.instagram.com\/feetuphostels\/","https:\/\/www.tiktok.com\/@feetuphostels","https:\/\/www.linkedin.com\/company\/feetuphostelsgroup\/","https:\/\/www.pinterest.es\/FeetupHostels\/","https:\/\/www.youtube.com\/feetuphostels"]}]}},"_links":{"self":[{"href":"https:\/\/feetuphostels.com\/fr\/wp-json\/wp\/v2\/pages\/2199","targetHints":{"allow":["GET"]}}],"collection":[{"href":"https:\/\/feetuphostels.com\/fr\/wp-json\/wp\/v2\/pages"}],"about":[{"href":"https:\/\/feetuphostels.com\/fr\/wp-json\/wp\/v2\/types\/page"}],"author":[{"embeddable":true,"href":"https:\/\/feetuphostels.com\/fr\/wp-json\/wp\/v2\/users\/13"}],"replies":[{"embeddable":true,"href":"https:\/\/feetuphostels.com\/fr\/wp-json\/wp\/v2\/comments?post=2199"}],"version-history":[{"count":0,"href":"https:\/\/feetuphostels.com\/fr\/wp-json\/wp\/v2\/pages\/2199\/revisions"}],"wp:featuredmedia":[{"embeddable":true,"href":"https:\/\/feetuphostels.com\/fr\/wp-json\/wp\/v2\/media\/61791"}],"wp:attachment":[{"href":"https:\/\/feetuphostels.com\/fr\/wp-json\/wp\/v2\/media?parent=2199"}],"curies":[{"name":"wp","href":"https:\/\/api.w.org\/{rel}","templated":true}]}}