{"id":217522,"date":"2017-01-20T19:52:44","date_gmt":"2017-01-20T18:52:44","guid":{"rendered":"https:\/\/feetuphostels.com\/travailler-avec-nous-2\/"},"modified":"2024-11-09T14:02:00","modified_gmt":"2024-11-09T13:02:00","slug":"travailler-avec-nous","status":"publish","type":"page","link":"https:\/\/feetuphostels.com\/fr\/travailler-avec-nous\/","title":{"rendered":"Travailler avec nous"},"content":{"rendered":"\n<h1 class=\"wp-block-heading has-text-align-center\" id=\"h-work-with-us-on-spain\">Travaille avec nous en Espagne<\/h1>\n\n<h3 class=\"wp-block-heading\" id=\"h-do-you-want-to-internship-in-spain-do-you-want-to-work-with-us\">Tu veux faire un stage en Espagne ?<br\/>Veux-tu travailler avec nous ?<\/h3>\n\n<h5 class=\"wp-block-heading\" id=\"h-our-feetup-hostels-group-is-formed-by-a-dynamic-team-and-many-people-want-to-improve-on-the-basis-of-partnership-and-mutual-support\">Notre groupe Feet Up Hostels est form\u00e9 d&rsquo;une \u00e9quipe dynamique et de nombreuses personnes souhaitent s&rsquo;am\u00e9liorer sur la base d&rsquo;un partenariat et d&rsquo;un soutien mutuel.<\/h5>\n\n<h5 class=\"wp-block-heading\" id=\"h-our-human-resources-department-is-constantly-looking-for-people-who-have-these-requirements-and-want-to-join-our-team\">Notre service des ressources humaines est constamment \u00e0 la recherche de personnes qui remplissent ces conditions et qui souhaitent rejoindre notre \u00e9quipe.<\/h5>\n\n<h1 class=\"wp-block-heading\" id=\"h-work-away-experiencespain-uk\">Exp\u00e9rience de travail \u00e0 l&rsquo;\u00e9tranger<br\/>Espagne &#8211; Royaume-Uni<\/h1>\n\n<h3 class=\"wp-block-heading\" id=\"h-do-you-want-to-become-a-tourism-professional-and-also-learn-languages\">Tu veux devenir un professionnel du tourisme et aussi apprendre des langues?<\/h3>\n\n<h5 class=\"wp-block-heading\" id=\"h-in-feet-up-hostels-we-offer-you-the-possibility-to-work-in-spain-and-learn-spanish\">Dans les auberges Feet Up, nous t&rsquo;offrons la possibilit\u00e9 de travailler en Espagne et d&rsquo;apprendre l&rsquo;espagnol.<\/h5>\n\n<h5 class=\"wp-block-heading\" id=\"h-you-can-also-work-in-the-uk-and-learn-english-all-in-one-experience-that-will-surely-enrich-your-professional-resume\">Tu peux aussi travailler au Royaume-Uni et apprendre l&rsquo;anglais.<br\/>Une exp\u00e9rience tout en un qui ne manquera pas d&rsquo;enrichir ton CV professionnel !<\/h5>\n\n<h2 class=\"wp-block-heading\" id=\"h-how-does-it-work-with-us\">Comment cela fonctionne-t-il avec nous?<\/h2>\n\n<h5 class=\"wp-block-heading\" id=\"h-online-marketing\"><strong>MARKETING EN LIGNE<\/strong><\/h5>\n\n<p class=\"has-text-align-center\">Nous recherchons des profils de jeunes ayant une capacit\u00e9 d&rsquo;apprentissage rapide du monde en ligne et des derni\u00e8res technologies dans nos bureaux centraux de Valence.<\/p>\n\n<p class=\"has-text-align-center\">Nous t&rsquo;aiderons \u00e0 \u00e9voluer professionnellement pour un monde de plus en plus comp\u00e9titif.<\/p>\n\n<h5 class=\"wp-block-heading\" id=\"h-reception\"><strong>RECEPTION<\/strong><\/h5>\n\n<p class=\"has-text-align-center\">Nous avons des logements et des auberges dans les villes de Barcelone et de Valence o\u00f9 tu pourras d\u00e9velopper ta capacit\u00e9 \u00e0 communiquer avec nos clients&#8230;.<\/p>\n\n<p class=\"has-text-align-center\">En m\u00eame temps, tu peux te former au service \u00e0 la client\u00e8le dans diff\u00e9rentes langues.<\/p>\n\n<h5 class=\"wp-block-heading\" id=\"h-youth-hostels\"><strong>AUBERGES DE JEUNESSE<\/strong><\/h5>\n\n<p class=\"has-text-align-center\">Chacune de nos auberges de jeunesse de Barcelone et de Valence sont les meilleurs endroits pour d\u00e9velopper tes pratiques si tu cherches un endroit pour rencontrer de nouvelles personnes et apprendre des diff\u00e9rentes cultures du monde.<\/p>\n\n<p class=\"has-text-align-center\">Viens et fais partie de notre \u00e9quipe.<\/p>\n\n<h5 class=\"wp-block-heading\" id=\"h-you-can-send-us-an-email-to-staff-feetuphostels-com\"><strong>Tu peux nous envoyer un courriel \u00e0: <a href=\"mailto:staff@feetuphostels.com\">staff@feetuphostels.com<\/a><\/strong><\/h5>\n\n<h2 class=\"wp-block-heading\" id=\"h-how-does-work-away-experience-spain-uk\">Comment se d\u00e9roule l&rsquo;exp\u00e9rience de travail \u00e0 l&rsquo;\u00e9tranger Espagne &#8211; Royaume-Uni ?<\/h2>\n\n<h1 class=\"wp-block-heading\" id=\"h-jobs-in-spain\">Emplois en Espagne<\/h1>\n\n<p>INFORMATIONS G\u00c9N\u00c9RALES<\/p>\n\n<p>Travaille \u00e0 Valence ou \u00e0 Barcelone, deux des meilleures et des plus attrayantes villes touristiques d&rsquo;Espagne. Tu travailleras dans l&rsquo;une de nos auberges, dans un environnement dynamique, jeune et multiculturel. Nous avons la formule parfaite pour \u00e9voluer en tant que professionnel du tourisme, am\u00e9liorer ton CV et tes comp\u00e9tences professionnelles.<\/p>\n\n<p>Tout notre personnel parle espagnol, tu am\u00e9lioreras donc aussi tes comp\u00e9tences linguistiques tout en devenant un professionnel de l&rsquo;h\u00f4tellerie.<\/p>\n\n<p><strong>S\u00e9jour minimum:<\/strong><\/p>\n\n<ul class=\"wp-block-list\">\n<li>Minimum: 3 mois<\/li>\n\n\n\n<li>Maximum: 1 an<\/li>\n<\/ul>\n\n<p><strong>Idiomas:<\/strong><\/p>\n\n<ul class=\"wp-block-list\">\n<li>Niveau d&rsquo;anglais: Interm\u00e9diaire<\/li>\n\n\n\n<li>Niveau d&rsquo;espagnol: Interm\u00e9diaire<\/li>\n<\/ul>\n\n<p><strong>Documentation:<\/strong><\/p>\n\n<ul class=\"wp-block-list\">\n<li>Citoyen de l&rsquo;UE<\/li>\n\n\n\n<li>Entretien et processus de s\u00e9lection.<\/li>\n\n\n\n<li>Formation au service \u00e0 la client\u00e8le, \u00e0 la vente, \u00e0 la gestion du front\/back office, \u00e0 l&rsquo;animation et plus encore.<\/li>\n\n\n\n<li>Am\u00e9liore ton espagnol.<\/li>\n\n\n\n<li>H\u00e9bergement \u00e0 Valence &#8211; Barcelone<\/li>\n\n\n\n<li>Certificat de stage<\/li>\n\n\n\n<li>Possibilit\u00e9 de contracter<\/li>\n<\/ul>\n\n<h1 class=\"wp-block-heading\" id=\"h-work-in-the-uk\"><strong>Travailler au Royaume-Uni<\/strong><\/h1>\n\n<p>INFORMATIONS G\u00c9N\u00c9RALES<\/p>\n\n<p>Des multinationales aux entreprises industrielles en passant par les start-up, la ville cosmopolite de Londres est l&rsquo;un des meilleurs endroits au monde pour am\u00e9liorer ton CV et tes comp\u00e9tences professionnelles.<\/p>\n\n<p>Dans le monde comp\u00e9titif d&rsquo;aujourd&rsquo;hui, faire un stage \u00e0 Londres t&rsquo;aidera \u00e0 te d\u00e9marquer.<\/p>\n\n<p>Travailler \u00e0 Londres te donne l&rsquo;occasion d&rsquo;\u00eatre ind\u00e9pendant, d&rsquo;apprendre ou d&rsquo;am\u00e9liorer tes comp\u00e9tences professionnelles et ton vocabulaire technique des affaires et d&rsquo;entrer sur le march\u00e9 du travail.<\/p>\n\n<p>Avec nos stages, tu apprendras \u00e0 prendre des responsabilit\u00e9s au travail tout en \u00e9tant accueilli dans l&rsquo;une de nos entreprises accueillantes.<\/p>\n\n<p>EXIGENCES. S\u00e9jour minimum:<\/p>\n\n<ul class=\"wp-block-list\">\n<li><span style=\"font-weight: 400;\">Minimum: 6 mois (Verano 4)<\/span><\/li>\n\n\n\n<li><span style=\"font-weight: 400;\">Maximum: 1 an<\/span><\/li>\n<\/ul>\n\n<p><b>Langues:<\/b><\/p>\n\n<ul class=\"wp-block-list\">\n<li>Niveau d&rsquo;anglais: Non requis<\/li>\n<\/ul>\n\n<p><b>Documentation:<\/b><\/p>\n\n<ul class=\"wp-block-list\">\n<li>Citoyen UE<\/li>\n<\/ul>\n\n<p>CE QUI EST INCLUS<\/p>\n\n<ul class=\"wp-block-list\">\n<li>Recherche une entreprise en fonction des param\u00e8tres demand\u00e9s.<\/li>\n\n\n\n<li>Processus de s\u00e9lection.<\/li>\n\n\n\n<li>Soutien de notre \u00e9quipe de coordination \u00e0 Londres.<\/li>\n\n\n\n<li>Certificat de fin de stage.<\/li>\n\n\n\n<li>Premi\u00e8re r\u00e9union d&rsquo;information \u00e0 destination (accueil des \u00e9tudiants) + entretien avec l&rsquo;entreprise d&rsquo;accueil.<\/li>\n\n\n\n<li>Acc\u00e8s \u00e0 notre programme social \u00e0 Londres.<\/li>\n\n\n\n<li>Conseils pour trouver un logement.<\/li>\n<\/ul>\n\n<p>A QUI S&rsquo;ADRESSE-T-ELLE?<\/p>\n\n<ul class=\"wp-block-list\">\n<li>A toute personne dans la tranche d&rsquo;\u00e2ge demand\u00e9e (voir ci-dessous).<\/li>\n\n\n\n<li>Une exp\u00e9rience pr\u00e9alable n&rsquo;est pas n\u00e9cessaire, mais il est conseill\u00e9 de l&rsquo;avoir pour pouvoir pr\u00e9tendre \u00e0 de meilleurs emplois d\u00e8s le d\u00e9but.<\/li>\n\n\n\n<li>Il n&rsquo;est pas n\u00e9cessaire d&rsquo;avoir un niveau d&rsquo;anglais \u00e9lev\u00e9, mais il est conseill\u00e9 d&rsquo;avoir le meilleur niveau possible.<\/li>\n<\/ul>\n\n<p>Il est id\u00e9al pour les \u00e9tudiants ou les professionnels de l&rsquo;h\u00f4tellerie, mais pas seulement pour eux. Toute personne souhaitant acqu\u00e9rir une exp\u00e9rience professionnelle au Royaume-Uni, am\u00e9liorer son CV et ses comp\u00e9tences en anglais et se faire de nouveaux contacts et amis peut participer au programme &#8211; si tu as de l&rsquo;exp\u00e9rience dans le secteur de l&rsquo;h\u00f4tellerie, ce programme est id\u00e9al pour toi !<\/p>\n\n<h3 class=\"wp-block-heading\" id=\"h-contact-us\">Contactez Nous<\/h3>\n\n<h5 class=\"wp-block-heading\" id=\"h-you-can-also-send-us-an-email-to-staff-feetuphostels-com\"><strong>Tu peux aussi nous envoyer un courriel \u00e0 <a href=\"mailto:staff@feetuphostels.com\">staff@feetuphostels.com<\/a><\/strong><\/h5>\n","protected":false},"excerpt":{"rendered":"<p>Travaille avec nous \ud83d\ude80 travaille loin Exp\u00e9rience \ud83d\ude80 avec les auberges Feet Up \u00e0 Barcelone ou \u00e0 Valence. Stage en Espagne et \u00e0 Londres<\/p>\n","protected":false},"author":13,"featured_media":0,"parent":0,"menu_order":0,"comment_status":"closed","ping_status":"closed","template":"","meta":{"footnotes":""},"class_list":["post-217522","page","type-page","status-publish","hentry"],"yoast_head":"<!-- This site is optimized with the Yoast SEO plugin v27.3 - https:\/\/yoast.com\/product\/yoast-seo-wordpress\/ -->\n<title>Travaille avec nous \ud83d\ude80 travaille \u00e0 l&#039;ext\u00e9rieur Exp\u00e9rience \ud83d\ude80 avec Feet Up Hostels<\/title>\n<meta name=\"description\" content=\"Travaille avec nous \ud83d\ude80 travaille loin Exp\u00e9rience \ud83d\ude80 avec les auberges Feet Up \u00e0 Barcelone ou \u00e0 Valence. Stage en Espagne et \u00e0 Londres\" \/>\n<meta name=\"robots\" content=\"index, follow, max-snippet:-1, max-image-preview:large, max-video-preview:-1\" \/>\n<link rel=\"canonical\" href=\"https:\/\/feetuphostels.com\/fr\/travailler-avec-nous\/\" \/>\n<meta property=\"og:locale\" content=\"fr_FR\" \/>\n<meta property=\"og:type\" content=\"article\" \/>\n<meta property=\"og:title\" content=\"Travaille avec nous \ud83d\ude80 travaille \u00e0 l&#039;ext\u00e9rieur Exp\u00e9rience \ud83d\ude80 avec Feet Up Hostels\" \/>\n<meta property=\"og:description\" content=\"Travaille avec nous \ud83d\ude80 travaille loin Exp\u00e9rience \ud83d\ude80 avec les auberges Feet Up \u00e0 Barcelone ou \u00e0 Valence. Stage en Espagne et \u00e0 Londres\" \/>\n<meta property=\"og:url\" content=\"https:\/\/feetuphostels.com\/fr\/travailler-avec-nous\/\" \/>\n<meta property=\"og:site_name\" content=\"Feet Up Hostels\" \/>\n<meta property=\"article:publisher\" content=\"https:\/\/facebook.com\/feetuphostelsgroup\" \/>\n<meta property=\"article:modified_time\" content=\"2024-11-09T13:02:00+00:00\" \/>\n<meta property=\"og:image\" content=\"https:\/\/feetuphostels.com\/wp-content\/uploads\/2017\/01\/about-us.jpg\" \/>\n\t<meta property=\"og:image:width\" content=\"960\" \/>\n\t<meta property=\"og:image:height\" content=\"650\" \/>\n\t<meta property=\"og:image:type\" content=\"image\/jpeg\" \/>\n<meta name=\"twitter:card\" content=\"summary_large_image\" \/>\n<meta name=\"twitter:site\" content=\"@feetuphostels\" \/>\n<meta name=\"twitter:label1\" content=\"Dur\u00e9e de lecture estim\u00e9e\" \/>\n\t<meta name=\"twitter:data1\" content=\"4 minutes\" \/>\n<script type=\"application\/ld+json\" class=\"yoast-schema-graph\">{\"@context\":\"https:\\\/\\\/schema.org\",\"@graph\":[{\"@type\":\"WebPage\",\"@id\":\"https:\\\/\\\/feetuphostels.com\\\/fr\\\/travailler-avec-nous\\\/\",\"url\":\"https:\\\/\\\/feetuphostels.com\\\/fr\\\/travailler-avec-nous\\\/\",\"name\":\"Travaille avec nous \ud83d\ude80 travaille \u00e0 l'ext\u00e9rieur Exp\u00e9rience \ud83d\ude80 avec Feet Up Hostels\",\"isPartOf\":{\"@id\":\"https:\\\/\\\/feetuphostels.com\\\/fr\\\/#website\"},\"datePublished\":\"2017-01-20T18:52:44+00:00\",\"dateModified\":\"2024-11-09T13:02:00+00:00\",\"description\":\"Travaille avec nous \ud83d\ude80 travaille loin Exp\u00e9rience \ud83d\ude80 avec les auberges Feet Up \u00e0 Barcelone ou \u00e0 Valence. Stage en Espagne et \u00e0 Londres\",\"breadcrumb\":{\"@id\":\"https:\\\/\\\/feetuphostels.com\\\/fr\\\/travailler-avec-nous\\\/#breadcrumb\"},\"inLanguage\":\"fr-FR\",\"potentialAction\":[{\"@type\":\"ReadAction\",\"target\":[\"https:\\\/\\\/feetuphostels.com\\\/fr\\\/travailler-avec-nous\\\/\"]}]},{\"@type\":\"BreadcrumbList\",\"@id\":\"https:\\\/\\\/feetuphostels.com\\\/fr\\\/travailler-avec-nous\\\/#breadcrumb\",\"itemListElement\":[{\"@type\":\"ListItem\",\"position\":1,\"name\":\"Home\",\"item\":\"https:\\\/\\\/feetuphostels.com\\\/fr\\\/\"},{\"@type\":\"ListItem\",\"position\":2,\"name\":\"Travailler avec nous\"}]},{\"@type\":\"WebSite\",\"@id\":\"https:\\\/\\\/feetuphostels.com\\\/fr\\\/#website\",\"url\":\"https:\\\/\\\/feetuphostels.com\\\/fr\\\/\",\"name\":\"Feet Up Hostels\",\"description\":\"Auberges de jeunesse et h\u00e9bergement \u00e0 Valence, Espagne. Nous sommes des sp\u00e9cialistes de la convivialit\u00e9\",\"publisher\":{\"@id\":\"https:\\\/\\\/feetuphostels.com\\\/fr\\\/#organization\"},\"alternateName\":\"Feet Up Hostels\",\"potentialAction\":[{\"@type\":\"SearchAction\",\"target\":{\"@type\":\"EntryPoint\",\"urlTemplate\":\"https:\\\/\\\/feetuphostels.com\\\/fr\\\/?s={search_term_string}\"},\"query-input\":{\"@type\":\"PropertyValueSpecification\",\"valueRequired\":true,\"valueName\":\"search_term_string\"}}],\"inLanguage\":\"fr-FR\"},{\"@type\":\"Organization\",\"@id\":\"https:\\\/\\\/feetuphostels.com\\\/fr\\\/#organization\",\"name\":\"Feet Up Hostels\",\"alternateName\":\"Feet Up Hostels\",\"url\":\"https:\\\/\\\/feetuphostels.com\\\/fr\\\/\",\"logo\":{\"@type\":\"ImageObject\",\"inLanguage\":\"fr-FR\",\"@id\":\"https:\\\/\\\/feetuphostels.com\\\/fr\\\/#\\\/schema\\\/logo\\\/image\\\/\",\"url\":\"https:\\\/\\\/feetuphostels.com\\\/wp-content\\\/uploads\\\/2019\\\/01\\\/logo-web-amp-feetuphostels.svg\",\"contentUrl\":\"https:\\\/\\\/feetuphostels.com\\\/wp-content\\\/uploads\\\/2019\\\/01\\\/logo-web-amp-feetuphostels.svg\",\"width\":1,\"height\":1,\"caption\":\"Feet Up Hostels\"},\"image\":{\"@id\":\"https:\\\/\\\/feetuphostels.com\\\/fr\\\/#\\\/schema\\\/logo\\\/image\\\/\"},\"sameAs\":[\"https:\\\/\\\/facebook.com\\\/feetuphostelsgroup\",\"https:\\\/\\\/x.com\\\/feetuphostels\",\"https:\\\/\\\/www.instagram.com\\\/feetuphostels\\\/\",\"https:\\\/\\\/www.tiktok.com\\\/@feetuphostels\",\"https:\\\/\\\/www.linkedin.com\\\/company\\\/feetuphostelsgroup\\\/\",\"https:\\\/\\\/www.pinterest.es\\\/FeetupHostels\\\/\",\"https:\\\/\\\/www.youtube.com\\\/feetuphostels\"]}]}<\/script>\n<!-- \/ Yoast SEO plugin. -->","yoast_head_json":{"title":"Travaille avec nous \ud83d\ude80 travaille \u00e0 l'ext\u00e9rieur Exp\u00e9rience \ud83d\ude80 avec Feet Up Hostels","description":"Travaille avec nous \ud83d\ude80 travaille loin Exp\u00e9rience \ud83d\ude80 avec les auberges Feet Up \u00e0 Barcelone ou \u00e0 Valence. Stage en Espagne et \u00e0 Londres","robots":{"index":"index","follow":"follow","max-snippet":"max-snippet:-1","max-image-preview":"max-image-preview:large","max-video-preview":"max-video-preview:-1"},"canonical":"https:\/\/feetuphostels.com\/fr\/travailler-avec-nous\/","og_locale":"fr_FR","og_type":"article","og_title":"Travaille avec nous \ud83d\ude80 travaille \u00e0 l'ext\u00e9rieur Exp\u00e9rience \ud83d\ude80 avec Feet Up Hostels","og_description":"Travaille avec nous \ud83d\ude80 travaille loin Exp\u00e9rience \ud83d\ude80 avec les auberges Feet Up \u00e0 Barcelone ou \u00e0 Valence. Stage en Espagne et \u00e0 Londres","og_url":"https:\/\/feetuphostels.com\/fr\/travailler-avec-nous\/","og_site_name":"Feet Up Hostels","article_publisher":"https:\/\/facebook.com\/feetuphostelsgroup","article_modified_time":"2024-11-09T13:02:00+00:00","og_image":[{"width":960,"height":650,"url":"https:\/\/feetuphostels.com\/wp-content\/uploads\/2017\/01\/about-us.jpg","type":"image\/jpeg"}],"twitter_card":"summary_large_image","twitter_site":"@feetuphostels","twitter_misc":{"Dur\u00e9e de lecture estim\u00e9e":"4 minutes"},"schema":{"@context":"https:\/\/schema.org","@graph":[{"@type":"WebPage","@id":"https:\/\/feetuphostels.com\/fr\/travailler-avec-nous\/","url":"https:\/\/feetuphostels.com\/fr\/travailler-avec-nous\/","name":"Travaille avec nous \ud83d\ude80 travaille \u00e0 l'ext\u00e9rieur Exp\u00e9rience \ud83d\ude80 avec Feet Up Hostels","isPartOf":{"@id":"https:\/\/feetuphostels.com\/fr\/#website"},"datePublished":"2017-01-20T18:52:44+00:00","dateModified":"2024-11-09T13:02:00+00:00","description":"Travaille avec nous \ud83d\ude80 travaille loin Exp\u00e9rience \ud83d\ude80 avec les auberges Feet Up \u00e0 Barcelone ou \u00e0 Valence. Stage en Espagne et \u00e0 Londres","breadcrumb":{"@id":"https:\/\/feetuphostels.com\/fr\/travailler-avec-nous\/#breadcrumb"},"inLanguage":"fr-FR","potentialAction":[{"@type":"ReadAction","target":["https:\/\/feetuphostels.com\/fr\/travailler-avec-nous\/"]}]},{"@type":"BreadcrumbList","@id":"https:\/\/feetuphostels.com\/fr\/travailler-avec-nous\/#breadcrumb","itemListElement":[{"@type":"ListItem","position":1,"name":"Home","item":"https:\/\/feetuphostels.com\/fr\/"},{"@type":"ListItem","position":2,"name":"Travailler avec nous"}]},{"@type":"WebSite","@id":"https:\/\/feetuphostels.com\/fr\/#website","url":"https:\/\/feetuphostels.com\/fr\/","name":"Feet Up Hostels","description":"Auberges de jeunesse et h\u00e9bergement \u00e0 Valence, Espagne. Nous sommes des sp\u00e9cialistes de la convivialit\u00e9","publisher":{"@id":"https:\/\/feetuphostels.com\/fr\/#organization"},"alternateName":"Feet Up Hostels","potentialAction":[{"@type":"SearchAction","target":{"@type":"EntryPoint","urlTemplate":"https:\/\/feetuphostels.com\/fr\/?s={search_term_string}"},"query-input":{"@type":"PropertyValueSpecification","valueRequired":true,"valueName":"search_term_string"}}],"inLanguage":"fr-FR"},{"@type":"Organization","@id":"https:\/\/feetuphostels.com\/fr\/#organization","name":"Feet Up Hostels","alternateName":"Feet Up Hostels","url":"https:\/\/feetuphostels.com\/fr\/","logo":{"@type":"ImageObject","inLanguage":"fr-FR","@id":"https:\/\/feetuphostels.com\/fr\/#\/schema\/logo\/image\/","url":"https:\/\/feetuphostels.com\/wp-content\/uploads\/2019\/01\/logo-web-amp-feetuphostels.svg","contentUrl":"https:\/\/feetuphostels.com\/wp-content\/uploads\/2019\/01\/logo-web-amp-feetuphostels.svg","width":1,"height":1,"caption":"Feet Up Hostels"},"image":{"@id":"https:\/\/feetuphostels.com\/fr\/#\/schema\/logo\/image\/"},"sameAs":["https:\/\/facebook.com\/feetuphostelsgroup","https:\/\/x.com\/feetuphostels","https:\/\/www.instagram.com\/feetuphostels\/","https:\/\/www.tiktok.com\/@feetuphostels","https:\/\/www.linkedin.com\/company\/feetuphostelsgroup\/","https:\/\/www.pinterest.es\/FeetupHostels\/","https:\/\/www.youtube.com\/feetuphostels"]}]}},"_links":{"self":[{"href":"https:\/\/feetuphostels.com\/fr\/wp-json\/wp\/v2\/pages\/217522","targetHints":{"allow":["GET"]}}],"collection":[{"href":"https:\/\/feetuphostels.com\/fr\/wp-json\/wp\/v2\/pages"}],"about":[{"href":"https:\/\/feetuphostels.com\/fr\/wp-json\/wp\/v2\/types\/page"}],"author":[{"embeddable":true,"href":"https:\/\/feetuphostels.com\/fr\/wp-json\/wp\/v2\/users\/13"}],"replies":[{"embeddable":true,"href":"https:\/\/feetuphostels.com\/fr\/wp-json\/wp\/v2\/comments?post=217522"}],"version-history":[{"count":0,"href":"https:\/\/feetuphostels.com\/fr\/wp-json\/wp\/v2\/pages\/217522\/revisions"}],"wp:attachment":[{"href":"https:\/\/feetuphostels.com\/fr\/wp-json\/wp\/v2\/media?parent=217522"}],"curies":[{"name":"wp","href":"https:\/\/api.w.org\/{rel}","templated":true}]}}