{"id":2171,"date":"2017-01-02T14:56:25","date_gmt":"2017-01-02T13:56:25","guid":{"rendered":"https:\/\/feetuphostels.com\/auberge-valence\/home-youth-hostel-valencia\/"},"modified":"2024-11-05T19:26:26","modified_gmt":"2024-11-05T18:26:26","slug":"home-youth-auberge-valencia","status":"publish","type":"page","link":"https:\/\/feetuphostels.com\/fr\/home-youth-auberge-valencia\/","title":{"rendered":"H\u00f4me Youth Auberge Valence"},"content":{"rendered":"\n<h1 class=\"wp-block-heading has-text-align-center\" id=\"h-home-youth-hostel-valencia\">H\u00f4tel Auberge de Jeunesse Valence<\/h1>\n\n<h2 class=\"wp-block-heading has-text-align-center\" id=\"h-book-a-bed-in-the-center-of-valencia\">R\u00e9servez un lit dans le centre de Valence<\/h2>\n\n<p>Nous sommes l&rsquo;auberge id\u00e9ale pour toi, si tu cherches une auberge sans lits superpos\u00e9s, propre, confortable et abordable \u00e0 Valence. Viens \u00e0 l&rsquo;auberge de jeunesse H\u00f4me Valencia et r\u00e9serve ton lit au meilleur prix.<\/p>\n\n<h2 class=\"wp-block-heading\" id=\"h-hostel-location\">Emplacement de l&rsquo;auberge.<\/h2>\n\n<p>B\u00e2timents connus et c\u00e9l\u00e8bres \u00e0 Valence (La Lonja de Seda) \u00e0 seulement 7 minutes \u00e0 pied de la Plaza del Ayuntamiento. Nos chambres sont color\u00e9es et tr\u00e8s agr\u00e9ables pour s\u00e9journer \u00e0 Valence, ont la climatisation incluse, ont \u00e9galement une connexion Wi-Fi haut d\u00e9bit gratuite dans toute notre auberge afin que vous soyez toujours connect\u00e9.<\/p>\n\n<h2 class=\"wp-block-heading\" id=\"h-home-youth-hostel-rooms\">Chambres de l&rsquo;Auberge de jeunesse H\u00f4me.<\/h2>\n\n<p>Nos chambres sont color\u00e9es, gaies et ont des motifs originaux peints sur les murs. Les chambres ont des tailles diff\u00e9rentes, toutes comprennent la climatisation et le WIFI gratuit pour que vous soyez toujours connect\u00e9.<\/p>\n\n<figure class=\"wp-block-image size-large\"><img fetchpriority=\"high\" decoding=\"async\" width=\"1024\" height=\"576\" src=\"https:\/\/feetuphostels.com\/wp-content\/uploads\/2022\/10\/slide-feetuphostels-homeyouth2022-1024x576.jpg\" alt=\"Comme &#xE0; la maison, H&#xF4;te Youth Hostel Valencia\" class=\"wp-image-202344\" srcset=\"https:\/\/feetuphostels.com\/wp-content\/uploads\/2022\/10\/slide-feetuphostels-homeyouth2022-1024x576.jpg 1024w, https:\/\/feetuphostels.com\/wp-content\/uploads\/2022\/10\/slide-feetuphostels-homeyouth2022-300x169.jpg 300w, https:\/\/feetuphostels.com\/wp-content\/uploads\/2022\/10\/slide-feetuphostels-homeyouth2022-768x432.jpg 768w, https:\/\/feetuphostels.com\/wp-content\/uploads\/2022\/10\/slide-feetuphostels-homeyouth2022-1536x864.jpg 1536w, https:\/\/feetuphostels.com\/wp-content\/uploads\/2022\/10\/slide-feetuphostels-homeyouth2022-260x146.jpg 260w, https:\/\/feetuphostels.com\/wp-content\/uploads\/2022\/10\/slide-feetuphostels-homeyouth2022-50x28.jpg 50w, https:\/\/feetuphostels.com\/wp-content\/uploads\/2022\/10\/slide-feetuphostels-homeyouth2022-133x75.jpg 133w, https:\/\/feetuphostels.com\/wp-content\/uploads\/2022\/10\/slide-feetuphostels-homeyouth2022.jpg 1920w\" sizes=\"(max-width: 1024px) 100vw, 1024px\" \/><figcaption class=\"wp-element-caption\">Comme \u00e0 la maison, H\u00f4te Youth Hostel Valencia<\/figcaption><\/figure>\n\n<p>R\u00e9servez avec nous, nous parlons votre langue. Nous avons aussi ces raisons de nous choisir.<\/p>\n\n<ul class=\"wp-block-list\">\n<li><a href=\"https:\/\/feetuphostels.com\/secure-booking\/\">S\u00e9curit\u00e9 maximale pour ta r\u00e9servation<\/a><\/li>\n\n\n\n<li>Pas de prix ou de d\u00e9penses cach\u00e9s!<\/li>\n\n\n\n<li>Annulations gratuites *!<\/li>\n\n\n\n<li>Prix sans interm\u00e9diaires!<\/li>\n\n\n\n<li>\u00c9CONOMISEZ JUSQU&rsquo;\u00c0 5%<\/li>\n\n\n\n<li>Toujours le meilleur prix!<\/li>\n\n\n\n<li>Prix officiel et imbattable!<\/li>\n\n\n\n<li>Nous am\u00e9liorons le prix<\/li>\n\n\n\n<li>R\u00e9servation en ligne garantie!<\/li>\n\n\n\n<li>Confirmation imm\u00e9diate<\/li>\n<\/ul>\n\n<h3 class=\"wp-block-heading\" id=\"h-these-are-all-our-services-for-your-comfort\">Ce sont tous nos services pour votre confort<\/h3>\n\n<h4 class=\"wp-block-heading\" id=\"h-those-you-can-access-by-staying-with-us\">Ceux auxquels vous pouvez acc\u00e9der en restant chez nous<\/h4>\n\n<p>Ces services sont gratuits:<\/p>\n\n<ul class=\"wp-block-list\">\n<li>Le linge de lit est inclus dans le prix.<\/li>\n\n\n\n<li>Plan de la ville gratuit.<\/li>\n\n\n\n<li><strong>LITS SANS LITS SUPERPOS\u00c9S.<\/strong><\/li>\n\n\n\n<li>WIFI haut d\u00e9bit gratuit.<\/li>\n\n\n\n<li>Ordinateurs avec connexion Internet pour nos clients.<\/li>\n\n\n\n<li>Climatisation dans les parties communes et les chambres.<\/li>\n<\/ul>\n\n<h3 class=\"wp-block-heading\" id=\"h-services-in-general\">Services en g\u00e9n\u00e9ral:<\/h3>\n\n<ul class=\"wp-block-list\">\n<li>Casiers dans les chambres.<\/li>\n\n\n\n<li>Acc\u00e8s aux chambres par cartes.<\/li>\n\n\n\n<li>Un espace commun pour s\u00e9journer entre amis.<\/li>\n\n\n\n<li>Climatisation dans l&rsquo;espace commun.<\/li>\n\n\n\n<li>\u00c9change de livres avec nous.<\/li>\n\n\n\n<li>Douche avec eau chaude en hiver, en \u00e9t\u00e9 aussi. Mais en \u00e9t\u00e9, vous aurez peut-\u00eatre envie d&rsquo;une douche froide<\/li>\n\n\n\n<li>Une cuisine enti\u00e8rement \u00e9quip\u00e9e.<\/li>\n\n\n\n<li>Frigorifero \/ congelatore per conservare il cibo.<\/li>\n\n\n\n<li>Nous avons des s\u00e8che-cheveux pour tout le monde.<\/li>\n\n\n\n<li>Micro-ondes pour r\u00e9chauffer vos aliments.<\/li>\n\n\n\n<li>Il tuo primo asciugamano \u00e8 <strong>INCLUSO GRATUITAMENTE NELLA PRENOTAZIONE<\/strong>.<\/li>\n<\/ul>\n\n<h3 class=\"wp-block-heading\" id=\"h-other-services-for-you\">D&rsquo;autres services pour vous.<\/h3>\n\n<ul class=\"wp-block-list\">\n<li>Acc\u00e8s \u00e0 Internet pour que vous puissiez rester connect\u00e9.<\/li>\n\n\n\n<li>Blanchisserie.<\/li>\n\n\n\n<li>Bike rental.<\/li>\n\n\n\n<li>Si vous avez besoin de plus de serviettes, elles ont un petit suppl\u00e9ment.<\/li>\n\n\n\n<li>Casiers dans votre chambre pour garder vos bagages.<\/li>\n\n\n\n<li>Service de FAX (\u00e0 l&rsquo;ancienne mais \u00e7a marche). <\/li>\n\n\n\n<li>R\u00e9ception ouverte 24 heures. Jour \/ Nuit.<\/li>\n\n\n\n<li>Nous organisons des visites et offrons \u00e9galement des informations sur la ville.<\/li>\n<\/ul>\n\n<h3 class=\"wp-block-heading\" id=\"h-food-and-drink-services\">Servizi di ristorazione.<\/h3>\n\n<ul class=\"wp-block-list\">\n<li>\u00c8 possibile ottenere Kit per preparare t\u00e8 e caff\u00e8.<\/li>\n<\/ul>\n\n<ul class=\"wp-block-list\">\n<li>Distributori automatici all&rsquo;interno del nostro ostello. Ricordati di portare con te le monete.<\/li>\n<\/ul>\n\n<ul class=\"wp-block-list\">\n<li>Inoltre abbiamo il servizio di caff\u00e8.<\/li>\n<\/ul>\n\n<h3 class=\"wp-block-heading\" id=\"h-we-also-have-thought-about-entertainment\">Abbiamo pensato anche all&rsquo;intrattenimento:<\/h3>\n\n<ul class=\"wp-block-list\">\n<li>Abbiamo giochi da tavolo da giocare in <a href=\"https:\/\/feetuphostels.com\/fr\/reservation-de-groupe\/\">gruppo<\/a>.<\/li>\n\n\n\n<li>Nous avons un baby-foot pour passer un bon moment entre amis.<\/li>\n\n\n\n<li>WIFI haut d\u00e9bit gratuit.<\/li>\n\n\n\n<li><\/li>\n<\/ul>\n\n<h3 class=\"wp-block-heading\" id=\"h-we-are-the-only-hostel-without-bunkbeds-in-valencia\">We are the only hostel without bunkbeds in Valencia<\/h3>\n\n<p>Situato a soli 5 minuti a piedi dai negozi nella famosa via Colon. Abbiamo una fermata dell&rsquo;autobus proprio di fronte all&rsquo;ostello.<\/p>\n\n<h3 class=\"wp-block-heading\" id=\"h-the-neighborhood\">Quartiere.<\/h3>\n\n<p>Si tratta di Ciutat Vella, ed \u00e8 una grande opzione se sei un viaggiatore interessato all&rsquo;architettura, visitare il centro storico e sperimentare nuove sensazioni a Valencia. Molti clienti ci dicono che questa parte di Valencia \u00e8 la tua preferita.<\/p>\n\n<h3 class=\"wp-block-heading\" id=\"h-our-staff\">Il nostro staff.<\/h3>\n\n<p>\u00c8 amichevole e multilingue, saranno sempre per offrire informazioni sulla citt\u00e0, oltre ad aiutarti a scoprire tutto ci\u00f2 che vale la pena nell&rsquo;affascinante Valencia.<\/p>\n\n<p>V\u00e9rifie l&#8217;emplacement de la maison.<\/p>\n","protected":false},"excerpt":{"rendered":"<p>H\u00f4me Youth Hostel Valence. Nice, bon march\u00e9, s\u00fbr, propre, \u00e9conomique et color\u00e9 auberge situ\u00e9e dans le casque vieux de Valence. A partir de 10 euros la nuit. H\u00f4me Youth Hostel Valencia est un h\u00e9bergement color\u00e9 \u00e0 petit budget situ\u00e9 dans la vieille ville de Valence. Installations propres et confortables \u00e0 partir de 10 euros la nuit. H\u00f4Gme Youth Hostel est l&rsquo;une des auberges de jeunesse les plus connues et les mieux not\u00e9es dans tous les logements de Valence. R\u00e9servation H\u00f4me Youth Hostel Valencia<\/p>\n","protected":false},"author":13,"featured_media":9192,"parent":0,"menu_order":0,"comment_status":"closed","ping_status":"open","template":"","meta":{"footnotes":""},"class_list":["post-2171","page","type-page","status-publish","has-post-thumbnail","hentry"],"yoast_head":"<!-- This site is optimized with the Yoast SEO plugin v27.5 - https:\/\/yoast.com\/product\/yoast-seo-wordpress\/ -->\n<title>H\u00f4me Youth Hostel Valencia\u00ae dans le centre de la ville. Le meilleur prix<\/title>\n<meta name=\"description\" content=\"H\u00f4me Youth Hostel Valencia. Auberge agr\u00e9able, bon march\u00e9, s\u00fbre, propre, \u00e9conomique et color\u00e9e situ\u00e9e dans la vieille ville de Valence. \u00c0 partir de 10 \u20acla nuit\" \/>\n<meta name=\"robots\" content=\"index, follow, max-snippet:-1, max-image-preview:large, max-video-preview:-1\" \/>\n<link rel=\"canonical\" href=\"https:\/\/feetuphostels.com\/fr\/home-youth-auberge-valencia\/\" \/>\n<meta property=\"og:locale\" content=\"fr_FR\" \/>\n<meta property=\"og:type\" content=\"article\" \/>\n<meta property=\"og:title\" content=\"H\u00f4me Youth Hostel Valencia\u00ae dans le centre de la ville. Le meilleur prix\" \/>\n<meta property=\"og:description\" content=\"H\u00f4me Youth Hostel Valencia. Auberge agr\u00e9able, bon march\u00e9, s\u00fbre, propre, \u00e9conomique et color\u00e9e situ\u00e9e dans la vieille ville de Valence. \u00c0 partir de 10 \u20acla nuit\" \/>\n<meta property=\"og:url\" content=\"https:\/\/feetuphostels.com\/fr\/home-youth-auberge-valencia\/\" \/>\n<meta property=\"og:site_name\" content=\"Feet Up Hostels\" \/>\n<meta property=\"article:publisher\" content=\"https:\/\/facebook.com\/feetuphostelsgroup\" \/>\n<meta property=\"article:modified_time\" content=\"2024-11-05T18:26:26+00:00\" \/>\n<meta property=\"og:image\" content=\"https:\/\/feetuphostels.com\/wp-content\/uploads\/2018\/06\/home-youth-hostel-valencia.jpg\" \/>\n\t<meta property=\"og:image:width\" content=\"1200\" \/>\n\t<meta property=\"og:image:height\" content=\"900\" \/>\n\t<meta property=\"og:image:type\" content=\"image\/jpeg\" \/>\n<meta name=\"twitter:card\" content=\"summary_large_image\" \/>\n<meta name=\"twitter:site\" content=\"@feetuphostels\" \/>\n<meta name=\"twitter:label1\" content=\"Dur\u00e9e de lecture estim\u00e9e\" \/>\n\t<meta name=\"twitter:data1\" content=\"3 minutes\" \/>\n<script type=\"application\/ld+json\" class=\"yoast-schema-graph\">{\"@context\":\"https:\\\/\\\/schema.org\",\"@graph\":[{\"@type\":\"WebPage\",\"@id\":\"https:\\\/\\\/feetuphostels.com\\\/fr\\\/home-youth-auberge-valencia\\\/\",\"url\":\"https:\\\/\\\/feetuphostels.com\\\/fr\\\/home-youth-auberge-valencia\\\/\",\"name\":\"H\u00f4me Youth Hostel Valencia\u00ae dans le centre de la ville. Le meilleur prix\",\"isPartOf\":{\"@id\":\"https:\\\/\\\/feetuphostels.com\\\/fr\\\/#website\"},\"primaryImageOfPage\":{\"@id\":\"https:\\\/\\\/feetuphostels.com\\\/fr\\\/home-youth-auberge-valencia\\\/#primaryimage\"},\"image\":{\"@id\":\"https:\\\/\\\/feetuphostels.com\\\/fr\\\/home-youth-auberge-valencia\\\/#primaryimage\"},\"thumbnailUrl\":\"https:\\\/\\\/feetuphostels.com\\\/wp-content\\\/uploads\\\/2018\\\/06\\\/home-youth-hostel-valencia.jpg\",\"datePublished\":\"2017-01-02T13:56:25+00:00\",\"dateModified\":\"2024-11-05T18:26:26+00:00\",\"description\":\"H\u00f4me Youth Hostel Valencia. Auberge agr\u00e9able, bon march\u00e9, s\u00fbre, propre, \u00e9conomique et color\u00e9e situ\u00e9e dans la vieille ville de Valence. \u00c0 partir de 10 \u20acla nuit\",\"breadcrumb\":{\"@id\":\"https:\\\/\\\/feetuphostels.com\\\/fr\\\/home-youth-auberge-valencia\\\/#breadcrumb\"},\"inLanguage\":\"fr-FR\",\"potentialAction\":[{\"@type\":\"ReadAction\",\"target\":[\"https:\\\/\\\/feetuphostels.com\\\/fr\\\/home-youth-auberge-valencia\\\/\"]}]},{\"@type\":\"ImageObject\",\"inLanguage\":\"fr-FR\",\"@id\":\"https:\\\/\\\/feetuphostels.com\\\/fr\\\/home-youth-auberge-valencia\\\/#primaryimage\",\"url\":\"https:\\\/\\\/feetuphostels.com\\\/wp-content\\\/uploads\\\/2018\\\/06\\\/home-youth-hostel-valencia.jpg\",\"contentUrl\":\"https:\\\/\\\/feetuphostels.com\\\/wp-content\\\/uploads\\\/2018\\\/06\\\/home-youth-hostel-valencia.jpg\",\"width\":1200,\"height\":900,\"caption\":\"Home Youth Hostel Valencia Feedup\"},{\"@type\":\"BreadcrumbList\",\"@id\":\"https:\\\/\\\/feetuphostels.com\\\/fr\\\/home-youth-auberge-valencia\\\/#breadcrumb\",\"itemListElement\":[{\"@type\":\"ListItem\",\"position\":1,\"name\":\"Home\",\"item\":\"https:\\\/\\\/feetuphostels.com\\\/fr\\\/\"},{\"@type\":\"ListItem\",\"position\":2,\"name\":\"H\u00f4me Youth Auberge Valence\"}]},{\"@type\":\"WebSite\",\"@id\":\"https:\\\/\\\/feetuphostels.com\\\/fr\\\/#website\",\"url\":\"https:\\\/\\\/feetuphostels.com\\\/fr\\\/\",\"name\":\"Feet Up Hostels\",\"description\":\"Auberges de jeunesse et h\u00e9bergement \u00e0 Valence, Espagne. Nous sommes des sp\u00e9cialistes de la convivialit\u00e9\",\"publisher\":{\"@id\":\"https:\\\/\\\/feetuphostels.com\\\/fr\\\/#organization\"},\"alternateName\":\"Feet Up Hostels\",\"potentialAction\":[{\"@type\":\"SearchAction\",\"target\":{\"@type\":\"EntryPoint\",\"urlTemplate\":\"https:\\\/\\\/feetuphostels.com\\\/fr\\\/?s={search_term_string}\"},\"query-input\":{\"@type\":\"PropertyValueSpecification\",\"valueRequired\":true,\"valueName\":\"search_term_string\"}}],\"inLanguage\":\"fr-FR\"},{\"@type\":\"Organization\",\"@id\":\"https:\\\/\\\/feetuphostels.com\\\/fr\\\/#organization\",\"name\":\"Feet Up Hostels\",\"alternateName\":\"Feet Up Hostels\",\"url\":\"https:\\\/\\\/feetuphostels.com\\\/fr\\\/\",\"logo\":{\"@type\":\"ImageObject\",\"inLanguage\":\"fr-FR\",\"@id\":\"https:\\\/\\\/feetuphostels.com\\\/fr\\\/#\\\/schema\\\/logo\\\/image\\\/\",\"url\":\"https:\\\/\\\/feetuphostels.com\\\/wp-content\\\/uploads\\\/2019\\\/01\\\/logo-web-amp-feetuphostels.svg\",\"contentUrl\":\"https:\\\/\\\/feetuphostels.com\\\/wp-content\\\/uploads\\\/2019\\\/01\\\/logo-web-amp-feetuphostels.svg\",\"width\":1,\"height\":1,\"caption\":\"Feet Up Hostels\"},\"image\":{\"@id\":\"https:\\\/\\\/feetuphostels.com\\\/fr\\\/#\\\/schema\\\/logo\\\/image\\\/\"},\"sameAs\":[\"https:\\\/\\\/facebook.com\\\/feetuphostelsgroup\",\"https:\\\/\\\/x.com\\\/feetuphostels\",\"https:\\\/\\\/www.instagram.com\\\/feetuphostels\\\/\",\"https:\\\/\\\/www.tiktok.com\\\/@feetuphostels\",\"https:\\\/\\\/www.linkedin.com\\\/company\\\/feetuphostelsgroup\\\/\",\"https:\\\/\\\/www.pinterest.es\\\/FeetupHostels\\\/\",\"https:\\\/\\\/www.youtube.com\\\/feetuphostels\"]}]}<\/script>\n<!-- \/ Yoast SEO plugin. -->","yoast_head_json":{"title":"H\u00f4me Youth Hostel Valencia\u00ae dans le centre de la ville. Le meilleur prix","description":"H\u00f4me Youth Hostel Valencia. Auberge agr\u00e9able, bon march\u00e9, s\u00fbre, propre, \u00e9conomique et color\u00e9e situ\u00e9e dans la vieille ville de Valence. \u00c0 partir de 10 \u20acla nuit","robots":{"index":"index","follow":"follow","max-snippet":"max-snippet:-1","max-image-preview":"max-image-preview:large","max-video-preview":"max-video-preview:-1"},"canonical":"https:\/\/feetuphostels.com\/fr\/home-youth-auberge-valencia\/","og_locale":"fr_FR","og_type":"article","og_title":"H\u00f4me Youth Hostel Valencia\u00ae dans le centre de la ville. Le meilleur prix","og_description":"H\u00f4me Youth Hostel Valencia. Auberge agr\u00e9able, bon march\u00e9, s\u00fbre, propre, \u00e9conomique et color\u00e9e situ\u00e9e dans la vieille ville de Valence. \u00c0 partir de 10 \u20acla nuit","og_url":"https:\/\/feetuphostels.com\/fr\/home-youth-auberge-valencia\/","og_site_name":"Feet Up Hostels","article_publisher":"https:\/\/facebook.com\/feetuphostelsgroup","article_modified_time":"2024-11-05T18:26:26+00:00","og_image":[{"width":1200,"height":900,"url":"https:\/\/feetuphostels.com\/wp-content\/uploads\/2018\/06\/home-youth-hostel-valencia.jpg","type":"image\/jpeg"}],"twitter_card":"summary_large_image","twitter_site":"@feetuphostels","twitter_misc":{"Dur\u00e9e de lecture estim\u00e9e":"3 minutes"},"schema":{"@context":"https:\/\/schema.org","@graph":[{"@type":"WebPage","@id":"https:\/\/feetuphostels.com\/fr\/home-youth-auberge-valencia\/","url":"https:\/\/feetuphostels.com\/fr\/home-youth-auberge-valencia\/","name":"H\u00f4me Youth Hostel Valencia\u00ae dans le centre de la ville. Le meilleur prix","isPartOf":{"@id":"https:\/\/feetuphostels.com\/fr\/#website"},"primaryImageOfPage":{"@id":"https:\/\/feetuphostels.com\/fr\/home-youth-auberge-valencia\/#primaryimage"},"image":{"@id":"https:\/\/feetuphostels.com\/fr\/home-youth-auberge-valencia\/#primaryimage"},"thumbnailUrl":"https:\/\/feetuphostels.com\/wp-content\/uploads\/2018\/06\/home-youth-hostel-valencia.jpg","datePublished":"2017-01-02T13:56:25+00:00","dateModified":"2024-11-05T18:26:26+00:00","description":"H\u00f4me Youth Hostel Valencia. Auberge agr\u00e9able, bon march\u00e9, s\u00fbre, propre, \u00e9conomique et color\u00e9e situ\u00e9e dans la vieille ville de Valence. \u00c0 partir de 10 \u20acla nuit","breadcrumb":{"@id":"https:\/\/feetuphostels.com\/fr\/home-youth-auberge-valencia\/#breadcrumb"},"inLanguage":"fr-FR","potentialAction":[{"@type":"ReadAction","target":["https:\/\/feetuphostels.com\/fr\/home-youth-auberge-valencia\/"]}]},{"@type":"ImageObject","inLanguage":"fr-FR","@id":"https:\/\/feetuphostels.com\/fr\/home-youth-auberge-valencia\/#primaryimage","url":"https:\/\/feetuphostels.com\/wp-content\/uploads\/2018\/06\/home-youth-hostel-valencia.jpg","contentUrl":"https:\/\/feetuphostels.com\/wp-content\/uploads\/2018\/06\/home-youth-hostel-valencia.jpg","width":1200,"height":900,"caption":"Home Youth Hostel Valencia Feedup"},{"@type":"BreadcrumbList","@id":"https:\/\/feetuphostels.com\/fr\/home-youth-auberge-valencia\/#breadcrumb","itemListElement":[{"@type":"ListItem","position":1,"name":"Home","item":"https:\/\/feetuphostels.com\/fr\/"},{"@type":"ListItem","position":2,"name":"H\u00f4me Youth Auberge Valence"}]},{"@type":"WebSite","@id":"https:\/\/feetuphostels.com\/fr\/#website","url":"https:\/\/feetuphostels.com\/fr\/","name":"Feet Up Hostels","description":"Auberges de jeunesse et h\u00e9bergement \u00e0 Valence, Espagne. Nous sommes des sp\u00e9cialistes de la convivialit\u00e9","publisher":{"@id":"https:\/\/feetuphostels.com\/fr\/#organization"},"alternateName":"Feet Up Hostels","potentialAction":[{"@type":"SearchAction","target":{"@type":"EntryPoint","urlTemplate":"https:\/\/feetuphostels.com\/fr\/?s={search_term_string}"},"query-input":{"@type":"PropertyValueSpecification","valueRequired":true,"valueName":"search_term_string"}}],"inLanguage":"fr-FR"},{"@type":"Organization","@id":"https:\/\/feetuphostels.com\/fr\/#organization","name":"Feet Up Hostels","alternateName":"Feet Up Hostels","url":"https:\/\/feetuphostels.com\/fr\/","logo":{"@type":"ImageObject","inLanguage":"fr-FR","@id":"https:\/\/feetuphostels.com\/fr\/#\/schema\/logo\/image\/","url":"https:\/\/feetuphostels.com\/wp-content\/uploads\/2019\/01\/logo-web-amp-feetuphostels.svg","contentUrl":"https:\/\/feetuphostels.com\/wp-content\/uploads\/2019\/01\/logo-web-amp-feetuphostels.svg","width":1,"height":1,"caption":"Feet Up Hostels"},"image":{"@id":"https:\/\/feetuphostels.com\/fr\/#\/schema\/logo\/image\/"},"sameAs":["https:\/\/facebook.com\/feetuphostelsgroup","https:\/\/x.com\/feetuphostels","https:\/\/www.instagram.com\/feetuphostels\/","https:\/\/www.tiktok.com\/@feetuphostels","https:\/\/www.linkedin.com\/company\/feetuphostelsgroup\/","https:\/\/www.pinterest.es\/FeetupHostels\/","https:\/\/www.youtube.com\/feetuphostels"]}]}},"_links":{"self":[{"href":"https:\/\/feetuphostels.com\/fr\/wp-json\/wp\/v2\/pages\/2171","targetHints":{"allow":["GET"]}}],"collection":[{"href":"https:\/\/feetuphostels.com\/fr\/wp-json\/wp\/v2\/pages"}],"about":[{"href":"https:\/\/feetuphostels.com\/fr\/wp-json\/wp\/v2\/types\/page"}],"author":[{"embeddable":true,"href":"https:\/\/feetuphostels.com\/fr\/wp-json\/wp\/v2\/users\/13"}],"replies":[{"embeddable":true,"href":"https:\/\/feetuphostels.com\/fr\/wp-json\/wp\/v2\/comments?post=2171"}],"version-history":[{"count":0,"href":"https:\/\/feetuphostels.com\/fr\/wp-json\/wp\/v2\/pages\/2171\/revisions"}],"wp:featuredmedia":[{"embeddable":true,"href":"https:\/\/feetuphostels.com\/fr\/wp-json\/wp\/v2\/media\/9192"}],"wp:attachment":[{"href":"https:\/\/feetuphostels.com\/fr\/wp-json\/wp\/v2\/media?parent=2171"}],"curies":[{"name":"wp","href":"https:\/\/api.w.org\/{rel}","templated":true}]}}