{"id":216937,"date":"2023-05-31T15:52:25","date_gmt":"2023-05-31T13:52:25","guid":{"rendered":"https:\/\/feetuphostels.com\/hotel-nest-style-valencia\/"},"modified":"2024-11-07T15:45:02","modified_gmt":"2024-11-07T14:45:02","slug":"hotel-nest-style-valencia","status":"publish","type":"page","link":"https:\/\/feetuphostels.com\/fr\/hotel-nest-style-valencia\/","title":{"rendered":"H\u00f4tel Nest Style Valencia"},"content":{"rendered":"\n<h1 class=\"wp-block-heading has-text-align-center\" id=\"h-welcome-to-nest-style\">H\u00f4tel Nest Style Valencia<\/h1>\n\n<h2 class=\"wp-block-heading\">Ta maison loin de chez toi sur l&rsquo;Avenida del Puerto, Nest Style Valencia<\/h2>\n\n<h3 class=\"wp-block-heading\">Tu cherches un h\u00f4tel \u00e0 Valence ?<\/h3>\n\n<p>Nous te pr\u00e9sentons le Nest Style Valencia, un nouveau concept d&rsquo;h\u00f4tel, avec des chambres d\u00e9cor\u00e9es avec des couleurs vives et des finitions soign\u00e9es. Situ\u00e9 sur la centrale <a href=\"http:\/\/neststylevalencia.com\/location\" target=\"_blank\" rel=\"noreferrer noopener\">Avenida del Puerto 77<\/a>, \u00e0 quelques m\u00e8tres du c\u00e9l\u00e8bre jardin Turia (Ancienne cause du fleuve Turia), de la cit\u00e9 des Arts et des Sciences et de bien d&rsquo;autres lieux \u00e0 d\u00e9couvrir lors de ta visite \u00e0 Valence.<\/p>\n\n<h3 class=\"wp-block-heading\">Chambres de style nid d&rsquo;abeille \u00e0 Valence<\/h3>\n\n<p>Nest Style Valencia propose des chambres modernes con\u00e7ues dans un souci de confort.<\/p>\n\n<p>De nos chambres individuelles \u00e0 nos suites familiales, chaque espace offre un environnement calme et d\u00e9tendu, parfait pour se d\u00e9tendre apr\u00e8s une journ\u00e9e d&rsquo;exploration de la belle Valence.<\/p>\n\n<h3 class=\"wp-block-heading\">Services h\u00f4teliers de premi\u00e8re classe<\/h3>\n\n<p>\u00c0 l&rsquo;h\u00f4tel, nous nous effor\u00e7ons de te faire vivre une exp\u00e9rience exceptionnelle.<\/p>\n\n<p>Notre h\u00f4tel offre le Wifi gratuit, un service de chambre 24\/7, un petit d\u00e9jeuner buffet avec des options locales et saines, et un personnel amical et d\u00e9vou\u00e9 qui est pr\u00eat \u00e0 t&rsquo;aider \u00e0 tout moment.<\/p>\n\n<h3 class=\"wp-block-heading\">Explore Valence depuis l&rsquo;Avenida del Puerto<\/h3>\n\n<p>Notre emplacement sur l&rsquo;Avenida del Puerto te place au c\u0153ur de Valence. De l\u00e0, tu peux te rendre \u00e0 pied \u00e0 la Cit\u00e9 des Arts et des Sciences, profiter de la beaut\u00e9 du parc Gulliver, ou te promener dans le port et sur la plage de Malvarrosa.<\/p>\n\n<p>De plus, tu seras entour\u00e9 d&rsquo;une vari\u00e9t\u00e9 de restaurants et de bars o\u00f9 tu pourras savourer l&rsquo;authentique paella valencienne.<\/p>\n\n<h3 class=\"wp-block-heading\">R\u00e9servation dans Nest Style<\/h3>\n\n<p>R\u00e9serve ton s\u00e9jour au Nest Style Valencia d\u00e8s aujourd&rsquo;hui. Avec nos tarifs comp\u00e9titifs, tu ne trouveras pas de meilleure option d&rsquo;h\u00e9bergement sur l&rsquo;Avenida del Puerto. Nous nous r\u00e9jouissons de t&rsquo;accueillir bient\u00f4t !<\/p>\n\n<h3 class=\"wp-block-heading\">Contact<\/h3>\n\n<p>As-tu des questions ? N&rsquo;h\u00e9site pas \u00e0 prendre <a href=\"https:\/\/feetuphostels.com\/customer\/contact\/\">contact avec nous<\/a>. Notre \u00e9quipe est pr\u00eate \u00e0 t&rsquo;aider \u00e0 planifier le s\u00e9jour parfait \u00e0 Valence.<\/p>\n\n<div class=\"wp-block-essential-blocks-advanced-image\"><div class=\"eb-parent-wrapper eb-parent-eb-advanced-image-flbui2r \"><figure class=\"eb-advanced-image-wrapper eb-advanced-image-flbui2r img-style-rounded caption-style-1 caption-horizontal-center caption-vertical-bottom bottom zoom-in\" data-id=\"eb-advanced-image-flbui2r\"><div class=\"image-wrapper\"><img decoding=\"async\" src=\"https:\/\/feetuphostels.com\/wp-content\/uploads\/2019\/12\/06green-room-10-nest-style-valencia-2019.jpg\" alt=\"Nest Style Valencia | Chambres spacieuses disponibles\"><figcaption>Nest Style Valencia | Chambres spacieuses disponibles<\/figcaption><\/div><\/figure><\/div><\/div>\n\n<p>D\u00e9couvre le confort et le style du Nest Style Valencia, ton meilleur choix d&rsquo;h\u00f4tel sur l&rsquo;Avenida del Puerto. Viens profiter d&rsquo;un s\u00e9jour inoubliable au c\u0153ur de Valence !<\/p>\n\n<h2 class=\"wp-block-heading\">D\u00e9couvre Valence<\/h2>\n\n<p>Valence est une ville pleine de charme avec de nombreux endroits int\u00e9ressants \u00e0 visiter. Voici quelques-unes des attractions touristiques les plus populaires pr\u00e8s de Nest Style Valencia, ainsi que la distance approximative de chacune d&rsquo;entre elles :<\/p>\n\n<h3 class=\"wp-block-heading\">Cit\u00e9 des Arts et des Sciences<\/h3>\n\n<p>Ce joyau architectural, qui comprend un cin\u00e9ma IMAX, un mus\u00e9e des sciences et l&rsquo;impressionnant Oceanographic, se trouve \u00e0 seulement 2,5 km de l&rsquo;h\u00f4tel. C&rsquo;est un endroit \u00e0 ne pas manquer \u00e0 Valence !<\/p>\n\n<h3 class=\"wp-block-heading\">Le march\u00e9 central<\/h3>\n\n<p>Ce march\u00e9 anim\u00e9, rempli de d\u00e9licieux produits locaux, se trouve \u00e0 environ 3 km. C&rsquo;est l&rsquo;endroit id\u00e9al pour go\u00fbter \u00e0 l&rsquo;authentique cuisine valencienne.<\/p>\n\n<h3 class=\"wp-block-heading\">La cath\u00e9drale de Valence et le Miguelete<\/h3>\n\n<p>Ces impressionnants monuments historiques, situ\u00e9s au c\u0153ur de la vieille ville, se trouvent \u00e0 environ 3,5 km de Nest Style Valencia.<\/p>\n\n<h3 class=\"wp-block-heading\">Jardins de Turia<\/h3>\n\n<p>Ce parc lin\u00e9aire, qui \u00e9tait autrefois une rivi\u00e8re, se trouve \u00e0 environ 2 km. C&rsquo;est un endroit id\u00e9al pour une promenade tranquille ou un jogging matinal.<\/p>\n\n<h3 class=\"wp-block-heading\">Plage de Malvarrosa<\/h3>\n\n<p>Cette plage populaire de Valence se trouve \u00e0 environ 4 km de l&rsquo;h\u00f4tel. Tu peux t&rsquo;y rendre en bus ou, si tu en as envie, en faisant une agr\u00e9able promenade.<\/p>\n\n<p>N&rsquo;oublie pas que ces distances sont approximatives et peuvent varier en fonction de l&rsquo;itin\u00e9raire que tu choisis pour te rendre \u00e0 chaque endroit.<\/p>\n\n<p>Je suis s\u00fbre que tu appr\u00e9cieras d&rsquo;explorer tout ce que Valence a \u00e0 offrir !<\/p>\n","protected":false},"excerpt":{"rendered":"<p>Passion et design dans un h\u00f4tel de charme sur l&rsquo;Avenida del Puerto \u00e0 Valence avec de grandes chambres lumineuses dans l&rsquo;h\u00f4tel Nest Style Valencia.<\/p>\n","protected":false},"author":13,"featured_media":82625,"parent":0,"menu_order":0,"comment_status":"closed","ping_status":"closed","template":"","meta":{"footnotes":""},"class_list":["post-216937","page","type-page","status-publish","has-post-thumbnail","hentry"],"yoast_head":"<!-- This site is optimized with the Yoast SEO plugin v27.3 - https:\/\/yoast.com\/product\/yoast-seo-wordpress\/ -->\n<title>Nest Style Valencia. Un h\u00f4tel-boutique avec Passion et Design<\/title>\n<meta name=\"description\" content=\"Nest Style Valencia. Un h\u00f4tel de charme avec Passion et Design sur l&#039;Avenida del Puerto \u00e0 Valence avec des chambres grandes et lumineuses.\" \/>\n<meta name=\"robots\" content=\"index, follow, max-snippet:-1, max-image-preview:large, max-video-preview:-1\" \/>\n<link rel=\"canonical\" href=\"https:\/\/feetuphostels.com\/fr\/hotel-nest-style-valencia\/\" \/>\n<meta property=\"og:locale\" content=\"fr_FR\" \/>\n<meta property=\"og:type\" content=\"article\" \/>\n<meta property=\"og:title\" content=\"Nest Style Valencia. Un h\u00f4tel-boutique avec Passion et Design\" \/>\n<meta property=\"og:description\" content=\"Nest Style Valencia. Un h\u00f4tel de charme avec Passion et Design sur l&#039;Avenida del Puerto \u00e0 Valence avec des chambres grandes et lumineuses.\" \/>\n<meta property=\"og:url\" content=\"https:\/\/feetuphostels.com\/fr\/hotel-nest-style-valencia\/\" \/>\n<meta property=\"og:site_name\" content=\"Feet Up Hostels\" \/>\n<meta property=\"article:publisher\" content=\"https:\/\/facebook.com\/feetuphostelsgroup\" \/>\n<meta property=\"article:modified_time\" content=\"2024-11-07T14:45:02+00:00\" \/>\n<meta property=\"og:image\" content=\"https:\/\/feetuphostels.com\/wp-content\/uploads\/2019\/12\/06green-room-10-nest-style-valencia-2019.jpg\" \/>\n\t<meta property=\"og:image:width\" content=\"1619\" \/>\n\t<meta property=\"og:image:height\" content=\"1080\" \/>\n\t<meta property=\"og:image:type\" content=\"image\/jpeg\" \/>\n<meta name=\"twitter:card\" content=\"summary_large_image\" \/>\n<meta name=\"twitter:site\" content=\"@feetuphostels\" \/>\n<meta name=\"twitter:label1\" content=\"Dur\u00e9e de lecture estim\u00e9e\" \/>\n\t<meta name=\"twitter:data1\" content=\"3 minutes\" \/>\n<script type=\"application\/ld+json\" class=\"yoast-schema-graph\">{\"@context\":\"https:\\\/\\\/schema.org\",\"@graph\":[{\"@type\":\"WebPage\",\"@id\":\"https:\\\/\\\/feetuphostels.com\\\/fr\\\/hotel-nest-style-valencia\\\/\",\"url\":\"https:\\\/\\\/feetuphostels.com\\\/fr\\\/hotel-nest-style-valencia\\\/\",\"name\":\"Nest Style Valencia. Un h\u00f4tel-boutique avec Passion et Design\",\"isPartOf\":{\"@id\":\"https:\\\/\\\/feetuphostels.com\\\/fr\\\/#website\"},\"primaryImageOfPage\":{\"@id\":\"https:\\\/\\\/feetuphostels.com\\\/fr\\\/hotel-nest-style-valencia\\\/#primaryimage\"},\"image\":{\"@id\":\"https:\\\/\\\/feetuphostels.com\\\/fr\\\/hotel-nest-style-valencia\\\/#primaryimage\"},\"thumbnailUrl\":\"https:\\\/\\\/feetuphostels.com\\\/wp-content\\\/uploads\\\/2019\\\/12\\\/06green-room-10-nest-style-valencia-2019.jpg\",\"datePublished\":\"2023-05-31T13:52:25+00:00\",\"dateModified\":\"2024-11-07T14:45:02+00:00\",\"description\":\"Nest Style Valencia. Un h\u00f4tel de charme avec Passion et Design sur l'Avenida del Puerto \u00e0 Valence avec des chambres grandes et lumineuses.\",\"breadcrumb\":{\"@id\":\"https:\\\/\\\/feetuphostels.com\\\/fr\\\/hotel-nest-style-valencia\\\/#breadcrumb\"},\"inLanguage\":\"fr-FR\",\"potentialAction\":[{\"@type\":\"ReadAction\",\"target\":[\"https:\\\/\\\/feetuphostels.com\\\/fr\\\/hotel-nest-style-valencia\\\/\"]}]},{\"@type\":\"ImageObject\",\"inLanguage\":\"fr-FR\",\"@id\":\"https:\\\/\\\/feetuphostels.com\\\/fr\\\/hotel-nest-style-valencia\\\/#primaryimage\",\"url\":\"https:\\\/\\\/feetuphostels.com\\\/wp-content\\\/uploads\\\/2019\\\/12\\\/06green-room-10-nest-style-valencia-2019.jpg\",\"contentUrl\":\"https:\\\/\\\/feetuphostels.com\\\/wp-content\\\/uploads\\\/2019\\\/12\\\/06green-room-10-nest-style-valencia-2019.jpg\",\"width\":1619,\"height\":1080,\"caption\":\"Nest Style Valencia | Chambres spacieuses disponibles\"},{\"@type\":\"BreadcrumbList\",\"@id\":\"https:\\\/\\\/feetuphostels.com\\\/fr\\\/hotel-nest-style-valencia\\\/#breadcrumb\",\"itemListElement\":[{\"@type\":\"ListItem\",\"position\":1,\"name\":\"Home\",\"item\":\"https:\\\/\\\/feetuphostels.com\\\/fr\\\/\"},{\"@type\":\"ListItem\",\"position\":2,\"name\":\"H\u00f4tel Nest Style Valencia\"}]},{\"@type\":\"WebSite\",\"@id\":\"https:\\\/\\\/feetuphostels.com\\\/fr\\\/#website\",\"url\":\"https:\\\/\\\/feetuphostels.com\\\/fr\\\/\",\"name\":\"Feet Up Hostels\",\"description\":\"Auberges de jeunesse et h\u00e9bergement \u00e0 Valence, Espagne. Nous sommes des sp\u00e9cialistes de la convivialit\u00e9\",\"publisher\":{\"@id\":\"https:\\\/\\\/feetuphostels.com\\\/fr\\\/#organization\"},\"alternateName\":\"Feet Up Hostels\",\"potentialAction\":[{\"@type\":\"SearchAction\",\"target\":{\"@type\":\"EntryPoint\",\"urlTemplate\":\"https:\\\/\\\/feetuphostels.com\\\/fr\\\/?s={search_term_string}\"},\"query-input\":{\"@type\":\"PropertyValueSpecification\",\"valueRequired\":true,\"valueName\":\"search_term_string\"}}],\"inLanguage\":\"fr-FR\"},{\"@type\":\"Organization\",\"@id\":\"https:\\\/\\\/feetuphostels.com\\\/fr\\\/#organization\",\"name\":\"Feet Up Hostels\",\"alternateName\":\"Feet Up Hostels\",\"url\":\"https:\\\/\\\/feetuphostels.com\\\/fr\\\/\",\"logo\":{\"@type\":\"ImageObject\",\"inLanguage\":\"fr-FR\",\"@id\":\"https:\\\/\\\/feetuphostels.com\\\/fr\\\/#\\\/schema\\\/logo\\\/image\\\/\",\"url\":\"https:\\\/\\\/feetuphostels.com\\\/wp-content\\\/uploads\\\/2019\\\/01\\\/logo-web-amp-feetuphostels.svg\",\"contentUrl\":\"https:\\\/\\\/feetuphostels.com\\\/wp-content\\\/uploads\\\/2019\\\/01\\\/logo-web-amp-feetuphostels.svg\",\"width\":1,\"height\":1,\"caption\":\"Feet Up Hostels\"},\"image\":{\"@id\":\"https:\\\/\\\/feetuphostels.com\\\/fr\\\/#\\\/schema\\\/logo\\\/image\\\/\"},\"sameAs\":[\"https:\\\/\\\/facebook.com\\\/feetuphostelsgroup\",\"https:\\\/\\\/x.com\\\/feetuphostels\",\"https:\\\/\\\/www.instagram.com\\\/feetuphostels\\\/\",\"https:\\\/\\\/www.tiktok.com\\\/@feetuphostels\",\"https:\\\/\\\/www.linkedin.com\\\/company\\\/feetuphostelsgroup\\\/\",\"https:\\\/\\\/www.pinterest.es\\\/FeetupHostels\\\/\",\"https:\\\/\\\/www.youtube.com\\\/feetuphostels\"]}]}<\/script>\n<!-- \/ Yoast SEO plugin. -->","yoast_head_json":{"title":"Nest Style Valencia. Un h\u00f4tel-boutique avec Passion et Design","description":"Nest Style Valencia. Un h\u00f4tel de charme avec Passion et Design sur l'Avenida del Puerto \u00e0 Valence avec des chambres grandes et lumineuses.","robots":{"index":"index","follow":"follow","max-snippet":"max-snippet:-1","max-image-preview":"max-image-preview:large","max-video-preview":"max-video-preview:-1"},"canonical":"https:\/\/feetuphostels.com\/fr\/hotel-nest-style-valencia\/","og_locale":"fr_FR","og_type":"article","og_title":"Nest Style Valencia. Un h\u00f4tel-boutique avec Passion et Design","og_description":"Nest Style Valencia. Un h\u00f4tel de charme avec Passion et Design sur l'Avenida del Puerto \u00e0 Valence avec des chambres grandes et lumineuses.","og_url":"https:\/\/feetuphostels.com\/fr\/hotel-nest-style-valencia\/","og_site_name":"Feet Up Hostels","article_publisher":"https:\/\/facebook.com\/feetuphostelsgroup","article_modified_time":"2024-11-07T14:45:02+00:00","og_image":[{"width":1619,"height":1080,"url":"https:\/\/feetuphostels.com\/wp-content\/uploads\/2019\/12\/06green-room-10-nest-style-valencia-2019.jpg","type":"image\/jpeg"}],"twitter_card":"summary_large_image","twitter_site":"@feetuphostels","twitter_misc":{"Dur\u00e9e de lecture estim\u00e9e":"3 minutes"},"schema":{"@context":"https:\/\/schema.org","@graph":[{"@type":"WebPage","@id":"https:\/\/feetuphostels.com\/fr\/hotel-nest-style-valencia\/","url":"https:\/\/feetuphostels.com\/fr\/hotel-nest-style-valencia\/","name":"Nest Style Valencia. Un h\u00f4tel-boutique avec Passion et Design","isPartOf":{"@id":"https:\/\/feetuphostels.com\/fr\/#website"},"primaryImageOfPage":{"@id":"https:\/\/feetuphostels.com\/fr\/hotel-nest-style-valencia\/#primaryimage"},"image":{"@id":"https:\/\/feetuphostels.com\/fr\/hotel-nest-style-valencia\/#primaryimage"},"thumbnailUrl":"https:\/\/feetuphostels.com\/wp-content\/uploads\/2019\/12\/06green-room-10-nest-style-valencia-2019.jpg","datePublished":"2023-05-31T13:52:25+00:00","dateModified":"2024-11-07T14:45:02+00:00","description":"Nest Style Valencia. Un h\u00f4tel de charme avec Passion et Design sur l'Avenida del Puerto \u00e0 Valence avec des chambres grandes et lumineuses.","breadcrumb":{"@id":"https:\/\/feetuphostels.com\/fr\/hotel-nest-style-valencia\/#breadcrumb"},"inLanguage":"fr-FR","potentialAction":[{"@type":"ReadAction","target":["https:\/\/feetuphostels.com\/fr\/hotel-nest-style-valencia\/"]}]},{"@type":"ImageObject","inLanguage":"fr-FR","@id":"https:\/\/feetuphostels.com\/fr\/hotel-nest-style-valencia\/#primaryimage","url":"https:\/\/feetuphostels.com\/wp-content\/uploads\/2019\/12\/06green-room-10-nest-style-valencia-2019.jpg","contentUrl":"https:\/\/feetuphostels.com\/wp-content\/uploads\/2019\/12\/06green-room-10-nest-style-valencia-2019.jpg","width":1619,"height":1080,"caption":"Nest Style Valencia | Chambres spacieuses disponibles"},{"@type":"BreadcrumbList","@id":"https:\/\/feetuphostels.com\/fr\/hotel-nest-style-valencia\/#breadcrumb","itemListElement":[{"@type":"ListItem","position":1,"name":"Home","item":"https:\/\/feetuphostels.com\/fr\/"},{"@type":"ListItem","position":2,"name":"H\u00f4tel Nest Style Valencia"}]},{"@type":"WebSite","@id":"https:\/\/feetuphostels.com\/fr\/#website","url":"https:\/\/feetuphostels.com\/fr\/","name":"Feet Up Hostels","description":"Auberges de jeunesse et h\u00e9bergement \u00e0 Valence, Espagne. Nous sommes des sp\u00e9cialistes de la convivialit\u00e9","publisher":{"@id":"https:\/\/feetuphostels.com\/fr\/#organization"},"alternateName":"Feet Up Hostels","potentialAction":[{"@type":"SearchAction","target":{"@type":"EntryPoint","urlTemplate":"https:\/\/feetuphostels.com\/fr\/?s={search_term_string}"},"query-input":{"@type":"PropertyValueSpecification","valueRequired":true,"valueName":"search_term_string"}}],"inLanguage":"fr-FR"},{"@type":"Organization","@id":"https:\/\/feetuphostels.com\/fr\/#organization","name":"Feet Up Hostels","alternateName":"Feet Up Hostels","url":"https:\/\/feetuphostels.com\/fr\/","logo":{"@type":"ImageObject","inLanguage":"fr-FR","@id":"https:\/\/feetuphostels.com\/fr\/#\/schema\/logo\/image\/","url":"https:\/\/feetuphostels.com\/wp-content\/uploads\/2019\/01\/logo-web-amp-feetuphostels.svg","contentUrl":"https:\/\/feetuphostels.com\/wp-content\/uploads\/2019\/01\/logo-web-amp-feetuphostels.svg","width":1,"height":1,"caption":"Feet Up Hostels"},"image":{"@id":"https:\/\/feetuphostels.com\/fr\/#\/schema\/logo\/image\/"},"sameAs":["https:\/\/facebook.com\/feetuphostelsgroup","https:\/\/x.com\/feetuphostels","https:\/\/www.instagram.com\/feetuphostels\/","https:\/\/www.tiktok.com\/@feetuphostels","https:\/\/www.linkedin.com\/company\/feetuphostelsgroup\/","https:\/\/www.pinterest.es\/FeetupHostels\/","https:\/\/www.youtube.com\/feetuphostels"]}]}},"_links":{"self":[{"href":"https:\/\/feetuphostels.com\/fr\/wp-json\/wp\/v2\/pages\/216937","targetHints":{"allow":["GET"]}}],"collection":[{"href":"https:\/\/feetuphostels.com\/fr\/wp-json\/wp\/v2\/pages"}],"about":[{"href":"https:\/\/feetuphostels.com\/fr\/wp-json\/wp\/v2\/types\/page"}],"author":[{"embeddable":true,"href":"https:\/\/feetuphostels.com\/fr\/wp-json\/wp\/v2\/users\/13"}],"replies":[{"embeddable":true,"href":"https:\/\/feetuphostels.com\/fr\/wp-json\/wp\/v2\/comments?post=216937"}],"version-history":[{"count":0,"href":"https:\/\/feetuphostels.com\/fr\/wp-json\/wp\/v2\/pages\/216937\/revisions"}],"wp:featuredmedia":[{"embeddable":true,"href":"https:\/\/feetuphostels.com\/fr\/wp-json\/wp\/v2\/media\/82625"}],"wp:attachment":[{"href":"https:\/\/feetuphostels.com\/fr\/wp-json\/wp\/v2\/media?parent=216937"}],"curies":[{"name":"wp","href":"https:\/\/api.w.org\/{rel}","templated":true}]}}