{"id":2160,"date":"2016-12-23T21:35:47","date_gmt":"2016-12-23T20:35:47","guid":{"rendered":"https:\/\/feetuphostels.com\/hostels-valencia\/"},"modified":"2024-11-06T10:44:15","modified_gmt":"2024-11-06T09:44:15","slug":"auberges-jeunesse-valence","status":"publish","type":"page","link":"https:\/\/feetuphostels.com\/fr\/auberges-jeunesse-valence\/","title":{"rendered":"Auberges de jeunesse Valence"},"content":{"rendered":"\n<h1 class=\"has-text-align-center wp-block-heading\">Auberges de jeunesse \u00e0 Valence<\/h1>\n\n<h2 class=\"wp-block-heading\">Auberges de jeunesse Valence. L\u2019\u00e9tablissement Purple Nest Hostel Valencia<\/h2>\n\n<h3 class=\"wp-block-heading\">Dans la Plaza T\u00e9touan, le centre de Valence<\/h3>\n\n<p>Dans le centre et le coeur de Valence, \u00e0 seulement 10 minutes de la cath\u00e9drale de Santa Maria de Valencia si vous allez \u00e0 pied. Nos chambres sont tr\u00e8s lumineuses avec climatisation inclus, nous avons \u00e9galement wifi gratuit \u00e0 haute vitesse dans toute notre auberge de sorte que vous \u00eates toujours connect\u00e9.<\/p>\n\n<figure class=\"wp-block-image size-full\"><a href=\"https:\/\/feetuphostels.com\/purple-nest-hostel-valencia\/\"><img fetchpriority=\"high\" decoding=\"async\" width=\"3500\" height=\"2333\" src=\"https:\/\/feetuphostels.com\/wp-content\/uploads\/2022\/02\/33purple-nest-hostel-valencia-web.jpg\" alt=\"4 dortoir mixte dans Purple Nest Hostels Valencia\" class=\"wp-image-201470\" srcset=\"https:\/\/feetuphostels.com\/wp-content\/uploads\/2022\/02\/33purple-nest-hostel-valencia-web.jpg 3500w, https:\/\/feetuphostels.com\/wp-content\/uploads\/2022\/02\/33purple-nest-hostel-valencia-web-300x200.jpg 300w, https:\/\/feetuphostels.com\/wp-content\/uploads\/2022\/02\/33purple-nest-hostel-valencia-web-1024x683.jpg 1024w, https:\/\/feetuphostels.com\/wp-content\/uploads\/2022\/02\/33purple-nest-hostel-valencia-web-768x512.jpg 768w, https:\/\/feetuphostels.com\/wp-content\/uploads\/2022\/02\/33purple-nest-hostel-valencia-web-1536x1024.jpg 1536w, https:\/\/feetuphostels.com\/wp-content\/uploads\/2022\/02\/33purple-nest-hostel-valencia-web-2048x1365.jpg 2048w, https:\/\/feetuphostels.com\/wp-content\/uploads\/2022\/02\/33purple-nest-hostel-valencia-web-219x146.jpg 219w, https:\/\/feetuphostels.com\/wp-content\/uploads\/2022\/02\/33purple-nest-hostel-valencia-web-50x33.jpg 50w, https:\/\/feetuphostels.com\/wp-content\/uploads\/2022\/02\/33purple-nest-hostel-valencia-web-113x75.jpg 113w\" sizes=\"(max-width: 3500px) 100vw, 3500px\" \/><\/a><figcaption class=\"wp-element-caption\">4 dortoir mixte<\/figcaption><\/figure>\n\n<h2 class=\"wp-block-heading\">Auberges de jeunesse \u00e0 Valence. Auberge Red Nest Valencia<\/h2>\n\n<h3 class=\"wp-block-heading\">Dans la fameuse rue de la Paz \u00e0 Valence<\/h3>\n\n<p>Dans la Calle la Paz, \u00e0 seulement 7 minutes de la place de l\u2019h\u00f4tel de ville. Nous avons des chambres color\u00e9es pour s\u00e9journer \u00e0 Valence, chambres avec air conditionn\u00e9 inclus, nous avons aussi WiFi gratuit \u00e0 haute vitesse dans toute notre auberge pour vous d\u2019\u00eatre toujours connect\u00e9.<\/p>\n\n<figure class=\"wp-block-image size-full\"><a href=\"https:\/\/feetuphostels.com\/red-nest-hostel-valencia\/\"><img decoding=\"async\" width=\"1619\" height=\"1080\" src=\"https:\/\/feetuphostels.com\/wp-content\/uploads\/2020\/10\/01red-nest-hostel-valencia2020-pro-covid19.jpg\" alt=\"10 Chambre en dortoir mixte au Red Nest Hostel Valencia\" class=\"wp-image-133286\" srcset=\"https:\/\/feetuphostels.com\/wp-content\/uploads\/2020\/10\/01red-nest-hostel-valencia2020-pro-covid19.jpg 1619w, https:\/\/feetuphostels.com\/wp-content\/uploads\/2020\/10\/01red-nest-hostel-valencia2020-pro-covid19-300x200.jpg 300w, https:\/\/feetuphostels.com\/wp-content\/uploads\/2020\/10\/01red-nest-hostel-valencia2020-pro-covid19-1024x683.jpg 1024w, https:\/\/feetuphostels.com\/wp-content\/uploads\/2020\/10\/01red-nest-hostel-valencia2020-pro-covid19-768x512.jpg 768w, https:\/\/feetuphostels.com\/wp-content\/uploads\/2020\/10\/01red-nest-hostel-valencia2020-pro-covid19-1536x1025.jpg 1536w, https:\/\/feetuphostels.com\/wp-content\/uploads\/2020\/10\/01red-nest-hostel-valencia2020-pro-covid19-219x146.jpg 219w, https:\/\/feetuphostels.com\/wp-content\/uploads\/2020\/10\/01red-nest-hostel-valencia2020-pro-covid19-50x33.jpg 50w, https:\/\/feetuphostels.com\/wp-content\/uploads\/2020\/10\/01red-nest-hostel-valencia2020-pro-covid19-112x75.jpg 112w\" sizes=\"(max-width: 1619px) 100vw, 1619px\" \/><\/a><figcaption class=\"wp-element-caption\">10 Dortoir mixte<\/figcaption><\/figure>\n\n<h2 class=\"wp-block-heading\">H\u00f4me Youth Hostel Valencia<\/h2>\n\n<h3 class=\"wp-block-heading\">Derri\u00e8re le fameux march\u00e9 de la soie \u00e0 Valence<\/h3>\n\n<p>Il est situ\u00e9 en plein centre de la ville et \u00e0 seulement 10 minutes de toutes les gares principales (gare du Nord) et bus (\u00e0 proximit\u00e9 de toutes les lignes de bus). L\u2019auberge parfaite pour les jeunes voyageurs qui n\u2019ont pas l\u2019esprit de partager leur voyage avec d\u2019autres voyageurs.<\/p>\n\n<figure class=\"wp-block-image size-full\"><a href=\"https:\/\/feetuphostels.com\/home-youth-hostel-valencia\/\"><img decoding=\"async\" width=\"1200\" height=\"800\" src=\"https:\/\/feetuphostels.com\/wp-content\/uploads\/2018\/10\/great-hostel-valencia-home-youth-hostel-valencia.jpg\" alt=\"Chambre double confortable dans l'auberge de jeunesse H&#xF4;me Valencia\" class=\"wp-image-16568\" srcset=\"https:\/\/feetuphostels.com\/wp-content\/uploads\/2018\/10\/great-hostel-valencia-home-youth-hostel-valencia.jpg 1200w, https:\/\/feetuphostels.com\/wp-content\/uploads\/2018\/10\/great-hostel-valencia-home-youth-hostel-valencia-300x200.jpg 300w, https:\/\/feetuphostels.com\/wp-content\/uploads\/2018\/10\/great-hostel-valencia-home-youth-hostel-valencia-1024x683.jpg 1024w, https:\/\/feetuphostels.com\/wp-content\/uploads\/2018\/10\/great-hostel-valencia-home-youth-hostel-valencia-768x512.jpg 768w, https:\/\/feetuphostels.com\/wp-content\/uploads\/2018\/10\/great-hostel-valencia-home-youth-hostel-valencia-219x146.jpg 219w, https:\/\/feetuphostels.com\/wp-content\/uploads\/2018\/10\/great-hostel-valencia-home-youth-hostel-valencia-50x33.jpg 50w, https:\/\/feetuphostels.com\/wp-content\/uploads\/2018\/10\/great-hostel-valencia-home-youth-hostel-valencia-113x75.jpg 113w\" sizes=\"(max-width: 1200px) 100vw, 1200px\" \/><\/a><figcaption class=\"wp-element-caption\">Chambre double confortable<\/figcaption><\/figure>\n\n<h2 class=\"wp-block-heading\">H\u00f4me Backpackers Hostel Valencia<\/h2>\n\n<h3 class=\"wp-block-heading\">Dans le centre de Valence (Barrio El Carmen)<\/h3>\n\n<p>Si vous \u00eates \u00e0 la recherche d\u2019une auberge bon march\u00e9 \u00e0 Valence, la maison Backpackers Hostel est le bon endroit pour s\u00e9journer pour votre visite \u00e0 Valence. Nous sommes l\u2019une des meilleures auberges de jeunesse \u00e0 s\u00e9journer dans le quartier d\u2019El Carmen, \u00e0 5 minutes de nombreux arr\u00eats de bus.<\/p>\n\n<figure class=\"wp-block-image size-full\"><a href=\"https:\/\/feetuphostels.com\/home-backpackers-hostel-valencia\/\"><img decoding=\"async\" src=\"https:\/\/feetuphostels.com\/wp-content\/uploads\/2018\/10\/home-backpackers-hostel-valencia-by-feetup-hostels.jpg\" alt=\"Cuisine enti&#xE8;rement &#xE9;quip&#xE9;e. H&#xF4;tel Backpackers Hostel Valencia\" class=\"wp-image-16576\"\/><\/a><figcaption class=\"wp-element-caption\">Cuisine enti\u00e8rement \u00e9quip\u00e9e<\/figcaption><\/figure>\n\n<p><\/p>\n\n<h2 class=\"wp-block-heading\">Que savez-vous de Valence?<\/h2>\n\n<p>La belle ville de Valence, en plus d\u2019\u00eatre notable pour ses cuisines spectaculaires et ayant une excellente gastronomie, a \u00e9galement quelques endroits historiques que vous ne pouvez pas manquer.<\/p>\n\n<p>Marcher sans but autour de la ville, c\u2019est comme marcher \u00e0 travers l\u2019histoire de cette ville mythique. L\u2019architecture valencienne s\u2019\u00e9tend du plus spectaculaire au plus sublime, des vestiges romains du Mus\u00e9e arch\u00e9ologique \u00e0 la ville futuriste des arts et des sciences. La cath\u00e9drale m\u00e9di\u00e9vale de Valence est un m\u00e9lange de styles qui peuvent \u00e9galement \u00eatre per\u00e7us \u00e0 l\u2019int\u00e9rieur, tels que les sculptures d\u2019or et le d\u00f4me brillant, qui vous laissera \u00e0 bout de souffle.<\/p>\n\n<p>Le parc naturel de la rivi\u00e8re Turia est un exemple clair d\u2019urbanisme. Il est situ\u00e9 sur les rives d\u2019une rivi\u00e8re re-canalis\u00e9e et offre de l\u2019ombre dans cette ville ensoleill\u00e9e. Bien que vous pouvez \u00e9galement vous rafra\u00eechir dans les plages fantastiques de la M\u00e9diterran\u00e9e.<\/p>\n\n<p><\/p>\n\n<h2 class=\"wp-block-heading\">Et si\u2026 Meilleures visites \u00e0 Barcelone?<\/h2>\n\n<p>Nous pouvons vous offrir les auberges les plus belles et les moins ch\u00e8res de Barcelone, o\u00f9 vous pourrez s\u00e9journer dans des chambres confortables et propres. Ne manquez pas\u2026 Venez \u00e0 Barcelone!<\/p>\n\n<h3 class=\"wp-block-heading\"><a href=\"https:\/\/feetuphostels.com\/garden-house-hostel-barcelona\/\">Garden House Hostel Barcelona<\/a><\/h3>\n\n<p>Situ\u00e9 \u00e0 seulement 4 p\u00e2t\u00e9s de maisons de l&rsquo;arr\u00eat de m\u00e9tro Valldaura, d&rsquo;o\u00f9 tu peux rejoindre le centre de Barcelone en seulement 15 minutes. Avec WIFI haut d\u00e9bit, terrasse, cuisine enti\u00e8rement \u00e9quip\u00e9e et un beau jardin. <\/p>\n\n<h3 class=\"wp-block-heading\"><a href=\"https:\/\/nesthostelsbarcelona.com\/\" target=\"_blank\" rel=\"noreferrer noopener\">Yellow Nest Hostel Barcelona<\/a><\/h3>\n\n<p>Cette auberge que vous aimerez si vous \u00eates un fan de football et beaucoup plus si vous \u00eates un fan de FC Barcelona, car il est \u00e0 seulement 3 p\u00e2t\u00e9s de la l\u00e9gendaire Barcelona Camp Nou. Prix sp\u00e9ciaux pour les dates de match de football.<\/p>\n","protected":false},"excerpt":{"rendered":"<p>Auberges de jeunesse Valence. H\u00e9bergement de haute qualit\u00e9 et bon march\u00e9 situ\u00e9 au c\u0153ur et au centre de la ville. Chambres priv\u00e9es. Pas de commission sur r\u00e9servation. Prix officiel pour aujourd&rsquo;hui \u00e0 Valence pour Home Youth Hostel Valencia, Home Backpackers Hostel Valencia, Red Nest Hostel Valencia, Purple Nest Hostel Valencia. Auberges les moins ch\u00e8res     <\/p>\n","protected":false},"author":13,"featured_media":202289,"parent":0,"menu_order":0,"comment_status":"closed","ping_status":"open","template":"","meta":{"footnotes":""},"class_list":["post-2160","page","type-page","status-publish","has-post-thumbnail","hentry"],"yoast_head":"<!-- This site is optimized with the Yoast SEO plugin v27.3 - https:\/\/yoast.com\/product\/yoast-seo-wordpress\/ -->\n<title>Auberges Valencia. Des auberges de jeunesse de qualit\u00e9 au meilleur prix \u00e0 Valence.<\/title>\n<meta name=\"description\" content=\"Auberges de jeunesse Valence. H\u00e9bergement de haute qualit\u00e9 et bon march\u00e9 situ\u00e9 au c\u0153ur et au centre de la ville. Chambres priv\u00e9es. Auberges de jeunesse Valencia\" \/>\n<meta name=\"robots\" content=\"index, follow, max-snippet:-1, max-image-preview:large, max-video-preview:-1\" \/>\n<link rel=\"canonical\" href=\"https:\/\/feetuphostels.com\/fr\/auberges-jeunesse-valence\/\" \/>\n<meta property=\"og:locale\" content=\"fr_FR\" \/>\n<meta property=\"og:type\" content=\"article\" \/>\n<meta property=\"og:title\" content=\"Auberges Valencia. Des auberges de jeunesse de qualit\u00e9 au meilleur prix \u00e0 Valence.\" \/>\n<meta property=\"og:description\" content=\"Auberges de jeunesse Valence. H\u00e9bergement de haute qualit\u00e9 et bon march\u00e9 situ\u00e9 au c\u0153ur et au centre de la ville. Chambres priv\u00e9es. Auberges de jeunesse Valencia\" \/>\n<meta property=\"og:url\" content=\"https:\/\/feetuphostels.com\/fr\/auberges-jeunesse-valence\/\" \/>\n<meta property=\"og:site_name\" content=\"Feet Up Hostels\" \/>\n<meta property=\"article:publisher\" content=\"https:\/\/facebook.com\/feetuphostelsgroup\" \/>\n<meta property=\"article:modified_time\" content=\"2024-11-06T09:44:15+00:00\" \/>\n<meta property=\"og:image\" content=\"https:\/\/feetuphostels.com\/wp-content\/uploads\/2022\/10\/slide-feetuphostels-purplenest2022.jpg\" \/>\n\t<meta property=\"og:image:width\" content=\"1920\" \/>\n\t<meta property=\"og:image:height\" content=\"1080\" \/>\n\t<meta property=\"og:image:type\" content=\"image\/jpeg\" \/>\n<meta name=\"twitter:card\" content=\"summary_large_image\" \/>\n<meta name=\"twitter:site\" content=\"@feetuphostels\" \/>\n<meta name=\"twitter:label1\" content=\"Dur\u00e9e de lecture estim\u00e9e\" \/>\n\t<meta name=\"twitter:data1\" content=\"3 minutes\" \/>\n<script type=\"application\/ld+json\" class=\"yoast-schema-graph\">{\"@context\":\"https:\\\/\\\/schema.org\",\"@graph\":[{\"@type\":\"WebPage\",\"@id\":\"https:\\\/\\\/feetuphostels.com\\\/fr\\\/auberges-jeunesse-valence\\\/\",\"url\":\"https:\\\/\\\/feetuphostels.com\\\/fr\\\/auberges-jeunesse-valence\\\/\",\"name\":\"Auberges Valencia. Des auberges de jeunesse de qualit\u00e9 au meilleur prix \u00e0 Valence.\",\"isPartOf\":{\"@id\":\"https:\\\/\\\/feetuphostels.com\\\/fr\\\/#website\"},\"primaryImageOfPage\":{\"@id\":\"https:\\\/\\\/feetuphostels.com\\\/fr\\\/auberges-jeunesse-valence\\\/#primaryimage\"},\"image\":{\"@id\":\"https:\\\/\\\/feetuphostels.com\\\/fr\\\/auberges-jeunesse-valence\\\/#primaryimage\"},\"thumbnailUrl\":\"https:\\\/\\\/feetuphostels.com\\\/wp-content\\\/uploads\\\/2022\\\/10\\\/slide-feetuphostels-purplenest2022.jpg\",\"datePublished\":\"2016-12-23T20:35:47+00:00\",\"dateModified\":\"2024-11-06T09:44:15+00:00\",\"description\":\"Auberges de jeunesse Valence. H\u00e9bergement de haute qualit\u00e9 et bon march\u00e9 situ\u00e9 au c\u0153ur et au centre de la ville. Chambres priv\u00e9es. Auberges de jeunesse Valencia\",\"breadcrumb\":{\"@id\":\"https:\\\/\\\/feetuphostels.com\\\/fr\\\/auberges-jeunesse-valence\\\/#breadcrumb\"},\"inLanguage\":\"fr-FR\",\"potentialAction\":[{\"@type\":\"ReadAction\",\"target\":[\"https:\\\/\\\/feetuphostels.com\\\/fr\\\/auberges-jeunesse-valence\\\/\"]}]},{\"@type\":\"ImageObject\",\"inLanguage\":\"fr-FR\",\"@id\":\"https:\\\/\\\/feetuphostels.com\\\/fr\\\/auberges-jeunesse-valence\\\/#primaryimage\",\"url\":\"https:\\\/\\\/feetuphostels.com\\\/wp-content\\\/uploads\\\/2022\\\/10\\\/slide-feetuphostels-purplenest2022.jpg\",\"contentUrl\":\"https:\\\/\\\/feetuphostels.com\\\/wp-content\\\/uploads\\\/2022\\\/10\\\/slide-feetuphostels-purplenest2022.jpg\",\"width\":1920,\"height\":1080,\"caption\":\"De belles vues depuis les chambres du Purple Nest Hostel Valencia\"},{\"@type\":\"BreadcrumbList\",\"@id\":\"https:\\\/\\\/feetuphostels.com\\\/fr\\\/auberges-jeunesse-valence\\\/#breadcrumb\",\"itemListElement\":[{\"@type\":\"ListItem\",\"position\":1,\"name\":\"Home\",\"item\":\"https:\\\/\\\/feetuphostels.com\\\/fr\\\/\"},{\"@type\":\"ListItem\",\"position\":2,\"name\":\"Auberges de jeunesse Valence\"}]},{\"@type\":\"WebSite\",\"@id\":\"https:\\\/\\\/feetuphostels.com\\\/fr\\\/#website\",\"url\":\"https:\\\/\\\/feetuphostels.com\\\/fr\\\/\",\"name\":\"Feet Up Hostels\",\"description\":\"Auberges de jeunesse et h\u00e9bergement \u00e0 Valence, Espagne. Nous sommes des sp\u00e9cialistes de la convivialit\u00e9\",\"publisher\":{\"@id\":\"https:\\\/\\\/feetuphostels.com\\\/fr\\\/#organization\"},\"alternateName\":\"Feet Up Hostels\",\"potentialAction\":[{\"@type\":\"SearchAction\",\"target\":{\"@type\":\"EntryPoint\",\"urlTemplate\":\"https:\\\/\\\/feetuphostels.com\\\/fr\\\/?s={search_term_string}\"},\"query-input\":{\"@type\":\"PropertyValueSpecification\",\"valueRequired\":true,\"valueName\":\"search_term_string\"}}],\"inLanguage\":\"fr-FR\"},{\"@type\":\"Organization\",\"@id\":\"https:\\\/\\\/feetuphostels.com\\\/fr\\\/#organization\",\"name\":\"Feet Up Hostels\",\"alternateName\":\"Feet Up Hostels\",\"url\":\"https:\\\/\\\/feetuphostels.com\\\/fr\\\/\",\"logo\":{\"@type\":\"ImageObject\",\"inLanguage\":\"fr-FR\",\"@id\":\"https:\\\/\\\/feetuphostels.com\\\/fr\\\/#\\\/schema\\\/logo\\\/image\\\/\",\"url\":\"https:\\\/\\\/feetuphostels.com\\\/wp-content\\\/uploads\\\/2019\\\/01\\\/logo-web-amp-feetuphostels.svg\",\"contentUrl\":\"https:\\\/\\\/feetuphostels.com\\\/wp-content\\\/uploads\\\/2019\\\/01\\\/logo-web-amp-feetuphostels.svg\",\"width\":1,\"height\":1,\"caption\":\"Feet Up Hostels\"},\"image\":{\"@id\":\"https:\\\/\\\/feetuphostels.com\\\/fr\\\/#\\\/schema\\\/logo\\\/image\\\/\"},\"sameAs\":[\"https:\\\/\\\/facebook.com\\\/feetuphostelsgroup\",\"https:\\\/\\\/x.com\\\/feetuphostels\",\"https:\\\/\\\/www.instagram.com\\\/feetuphostels\\\/\",\"https:\\\/\\\/www.tiktok.com\\\/@feetuphostels\",\"https:\\\/\\\/www.linkedin.com\\\/company\\\/feetuphostelsgroup\\\/\",\"https:\\\/\\\/www.pinterest.es\\\/FeetupHostels\\\/\",\"https:\\\/\\\/www.youtube.com\\\/feetuphostels\"]}]}<\/script>\n<!-- \/ Yoast SEO plugin. -->","yoast_head_json":{"title":"Auberges Valencia. Des auberges de jeunesse de qualit\u00e9 au meilleur prix \u00e0 Valence.","description":"Auberges de jeunesse Valence. H\u00e9bergement de haute qualit\u00e9 et bon march\u00e9 situ\u00e9 au c\u0153ur et au centre de la ville. Chambres priv\u00e9es. Auberges de jeunesse Valencia","robots":{"index":"index","follow":"follow","max-snippet":"max-snippet:-1","max-image-preview":"max-image-preview:large","max-video-preview":"max-video-preview:-1"},"canonical":"https:\/\/feetuphostels.com\/fr\/auberges-jeunesse-valence\/","og_locale":"fr_FR","og_type":"article","og_title":"Auberges Valencia. Des auberges de jeunesse de qualit\u00e9 au meilleur prix \u00e0 Valence.","og_description":"Auberges de jeunesse Valence. H\u00e9bergement de haute qualit\u00e9 et bon march\u00e9 situ\u00e9 au c\u0153ur et au centre de la ville. Chambres priv\u00e9es. Auberges de jeunesse Valencia","og_url":"https:\/\/feetuphostels.com\/fr\/auberges-jeunesse-valence\/","og_site_name":"Feet Up Hostels","article_publisher":"https:\/\/facebook.com\/feetuphostelsgroup","article_modified_time":"2024-11-06T09:44:15+00:00","og_image":[{"width":1920,"height":1080,"url":"https:\/\/feetuphostels.com\/wp-content\/uploads\/2022\/10\/slide-feetuphostels-purplenest2022.jpg","type":"image\/jpeg"}],"twitter_card":"summary_large_image","twitter_site":"@feetuphostels","twitter_misc":{"Dur\u00e9e de lecture estim\u00e9e":"3 minutes"},"schema":{"@context":"https:\/\/schema.org","@graph":[{"@type":"WebPage","@id":"https:\/\/feetuphostels.com\/fr\/auberges-jeunesse-valence\/","url":"https:\/\/feetuphostels.com\/fr\/auberges-jeunesse-valence\/","name":"Auberges Valencia. Des auberges de jeunesse de qualit\u00e9 au meilleur prix \u00e0 Valence.","isPartOf":{"@id":"https:\/\/feetuphostels.com\/fr\/#website"},"primaryImageOfPage":{"@id":"https:\/\/feetuphostels.com\/fr\/auberges-jeunesse-valence\/#primaryimage"},"image":{"@id":"https:\/\/feetuphostels.com\/fr\/auberges-jeunesse-valence\/#primaryimage"},"thumbnailUrl":"https:\/\/feetuphostels.com\/wp-content\/uploads\/2022\/10\/slide-feetuphostels-purplenest2022.jpg","datePublished":"2016-12-23T20:35:47+00:00","dateModified":"2024-11-06T09:44:15+00:00","description":"Auberges de jeunesse Valence. H\u00e9bergement de haute qualit\u00e9 et bon march\u00e9 situ\u00e9 au c\u0153ur et au centre de la ville. Chambres priv\u00e9es. Auberges de jeunesse Valencia","breadcrumb":{"@id":"https:\/\/feetuphostels.com\/fr\/auberges-jeunesse-valence\/#breadcrumb"},"inLanguage":"fr-FR","potentialAction":[{"@type":"ReadAction","target":["https:\/\/feetuphostels.com\/fr\/auberges-jeunesse-valence\/"]}]},{"@type":"ImageObject","inLanguage":"fr-FR","@id":"https:\/\/feetuphostels.com\/fr\/auberges-jeunesse-valence\/#primaryimage","url":"https:\/\/feetuphostels.com\/wp-content\/uploads\/2022\/10\/slide-feetuphostels-purplenest2022.jpg","contentUrl":"https:\/\/feetuphostels.com\/wp-content\/uploads\/2022\/10\/slide-feetuphostels-purplenest2022.jpg","width":1920,"height":1080,"caption":"De belles vues depuis les chambres du Purple Nest Hostel Valencia"},{"@type":"BreadcrumbList","@id":"https:\/\/feetuphostels.com\/fr\/auberges-jeunesse-valence\/#breadcrumb","itemListElement":[{"@type":"ListItem","position":1,"name":"Home","item":"https:\/\/feetuphostels.com\/fr\/"},{"@type":"ListItem","position":2,"name":"Auberges de jeunesse Valence"}]},{"@type":"WebSite","@id":"https:\/\/feetuphostels.com\/fr\/#website","url":"https:\/\/feetuphostels.com\/fr\/","name":"Feet Up Hostels","description":"Auberges de jeunesse et h\u00e9bergement \u00e0 Valence, Espagne. Nous sommes des sp\u00e9cialistes de la convivialit\u00e9","publisher":{"@id":"https:\/\/feetuphostels.com\/fr\/#organization"},"alternateName":"Feet Up Hostels","potentialAction":[{"@type":"SearchAction","target":{"@type":"EntryPoint","urlTemplate":"https:\/\/feetuphostels.com\/fr\/?s={search_term_string}"},"query-input":{"@type":"PropertyValueSpecification","valueRequired":true,"valueName":"search_term_string"}}],"inLanguage":"fr-FR"},{"@type":"Organization","@id":"https:\/\/feetuphostels.com\/fr\/#organization","name":"Feet Up Hostels","alternateName":"Feet Up Hostels","url":"https:\/\/feetuphostels.com\/fr\/","logo":{"@type":"ImageObject","inLanguage":"fr-FR","@id":"https:\/\/feetuphostels.com\/fr\/#\/schema\/logo\/image\/","url":"https:\/\/feetuphostels.com\/wp-content\/uploads\/2019\/01\/logo-web-amp-feetuphostels.svg","contentUrl":"https:\/\/feetuphostels.com\/wp-content\/uploads\/2019\/01\/logo-web-amp-feetuphostels.svg","width":1,"height":1,"caption":"Feet Up Hostels"},"image":{"@id":"https:\/\/feetuphostels.com\/fr\/#\/schema\/logo\/image\/"},"sameAs":["https:\/\/facebook.com\/feetuphostelsgroup","https:\/\/x.com\/feetuphostels","https:\/\/www.instagram.com\/feetuphostels\/","https:\/\/www.tiktok.com\/@feetuphostels","https:\/\/www.linkedin.com\/company\/feetuphostelsgroup\/","https:\/\/www.pinterest.es\/FeetupHostels\/","https:\/\/www.youtube.com\/feetuphostels"]}]}},"_links":{"self":[{"href":"https:\/\/feetuphostels.com\/fr\/wp-json\/wp\/v2\/pages\/2160","targetHints":{"allow":["GET"]}}],"collection":[{"href":"https:\/\/feetuphostels.com\/fr\/wp-json\/wp\/v2\/pages"}],"about":[{"href":"https:\/\/feetuphostels.com\/fr\/wp-json\/wp\/v2\/types\/page"}],"author":[{"embeddable":true,"href":"https:\/\/feetuphostels.com\/fr\/wp-json\/wp\/v2\/users\/13"}],"replies":[{"embeddable":true,"href":"https:\/\/feetuphostels.com\/fr\/wp-json\/wp\/v2\/comments?post=2160"}],"version-history":[{"count":0,"href":"https:\/\/feetuphostels.com\/fr\/wp-json\/wp\/v2\/pages\/2160\/revisions"}],"wp:featuredmedia":[{"embeddable":true,"href":"https:\/\/feetuphostels.com\/fr\/wp-json\/wp\/v2\/media\/202289"}],"wp:attachment":[{"href":"https:\/\/feetuphostels.com\/fr\/wp-json\/wp\/v2\/media?parent=2160"}],"curies":[{"name":"wp","href":"https:\/\/api.w.org\/{rel}","templated":true}]}}