{"id":212850,"date":"2023-04-27T10:56:35","date_gmt":"2023-04-27T08:56:35","guid":{"rendered":"https:\/\/feetuphostels.com\/purple-nest-hostel-valence\/"},"modified":"2024-11-08T17:39:59","modified_gmt":"2024-11-08T16:39:59","slug":"purple-nest-hostel-valence","status":"publish","type":"page","link":"https:\/\/feetuphostels.com\/fr\/purple-nest-hostel-valence\/","title":{"rendered":"L\u2019\u00e9tablissement Purple Nest Hostel Valencia"},"content":{"rendered":"\n<h1 class=\"wp-block-heading has-text-align-center\" id=\"h-purple-nest-hostel-valencia\">L\u2019\u00e9tablissement Purple Nest Hostel Valencia<\/h1>\n\n<h2 class=\"wp-block-heading\" id=\"h-where-is-the-purple-nest-located\">O\u00f9 se trouve le Purple Nest?<\/h2>\n\n<p>Au centre et au c\u0153ur de Valence, \u00e0 seulement 10 minutes \u00e0 pied de la cath\u00e9drale Santa Maria de Valence. Nos chambres sont tr\u00e8s lumineuses et comprennent la climatisation.<\/p>\n\n<p>De plus, nous avons une connexion Wi-Fi gratuite \u00e0 haut d\u00e9bit dans toute l&rsquo;auberge, de sorte que vous \u00eates toujours connect\u00e9.<\/p>\n\n<p>En outre, vous pouvez profiter de notre terrasse sur le toit (en \u00e9t\u00e9, vous pouvez y vivre).<\/p>\n\n<p>Nous sommes l&rsquo;auberge id\u00e9ale pour vous, si vous recherchez un endroit \u00e9conomique dans le centre et avec une atmosph\u00e8re agr\u00e9able<\/p>\n\n<p>O\u00f9 nous organisons des activit\u00e9s pour nos clients \u00e0 diff\u00e9rentes dates et heures.<\/p>\n\n<figure class=\"wp-block-image size-large\"><img fetchpriority=\"high\" decoding=\"async\" width=\"1024\" height=\"576\" src=\"https:\/\/feetuphostels.com\/wp-content\/uploads\/2022\/10\/slide-feetuphostels-purplenest2022-1024x576.jpg\" alt=\"De belles vues depuis les chambres du Purple Nest Hostel Valencia\" class=\"wp-image-202287\" srcset=\"https:\/\/feetuphostels.com\/wp-content\/uploads\/2022\/10\/slide-feetuphostels-purplenest2022-1024x576.jpg 1024w, https:\/\/feetuphostels.com\/wp-content\/uploads\/2022\/10\/slide-feetuphostels-purplenest2022-300x169.jpg 300w, https:\/\/feetuphostels.com\/wp-content\/uploads\/2022\/10\/slide-feetuphostels-purplenest2022-768x432.jpg 768w, https:\/\/feetuphostels.com\/wp-content\/uploads\/2022\/10\/slide-feetuphostels-purplenest2022-1536x864.jpg 1536w, https:\/\/feetuphostels.com\/wp-content\/uploads\/2022\/10\/slide-feetuphostels-purplenest2022-260x146.jpg 260w, https:\/\/feetuphostels.com\/wp-content\/uploads\/2022\/10\/slide-feetuphostels-purplenest2022-50x28.jpg 50w, https:\/\/feetuphostels.com\/wp-content\/uploads\/2022\/10\/slide-feetuphostels-purplenest2022-133x75.jpg 133w, https:\/\/feetuphostels.com\/wp-content\/uploads\/2022\/10\/slide-feetuphostels-purplenest2022.jpg 1920w\" sizes=\"(max-width: 1024px) 100vw, 1024px\" \/><figcaption class=\"wp-element-caption\">De belles vues depuis les chambres du Purple Nest Hostel Valencia<\/figcaption><\/figure>\n\n<h3 class=\"wp-block-heading\" id=\"h-our-rooms\">Nos chambres.<\/h3>\n\n<p>Ils ont diff\u00e9rentes tailles, sont d\u00e9cor\u00e9s de couleurs vives et ont des motifs originaux peints sur les murs. Les salles de bains sont partag\u00e9es et nous avons des serviettes et du linge de lit.<\/p>\n\n<p>R\u00e9servez avec nous, nous parlons votre langue. Nous avons aussi ces raisons de nous choisir.<\/p>\n\n<p>Nous avons diff\u00e9rents types de chambres<\/p>\n\n<p>Dans notre auberge, vous pouvez choisir celui que vous aimez le plus<\/p>\n\n<h3 class=\"wp-block-heading\" id=\"h-these-services-free-of-charge\">Ces services sont gratuits :<\/h3>\n\n<ul class=\"wp-block-list\">\n<li>Draps inclus dans le prix<\/li>\n\n\n\n<li>Un plan de la ville gratuit.<\/li>\n\n\n\n<li>WIFI haut d\u00e9bit gratuit.<\/li>\n\n\n\n<li>Ordinateurs avec connexion Internet pour nos clients.<\/li>\n<\/ul>\n\n<h3 class=\"wp-block-heading\" id=\"h-services-in-general\">Services en g\u00e9n\u00e9ral:<\/h3>\n\n<ul class=\"wp-block-list\">\n<li>Casiers dans les chambres.<\/li>\n\n\n\n<li>Acc\u00e8s aux chambres par cartes.<\/li>\n\n\n\n<li>Un espace commun pour s\u00e9journer entre amis.<\/li>\n\n\n\n<li>Climatisation dans l&rsquo;espace commun.<\/li>\n\n\n\n<li>\u00c9changez des livres avec nous.<\/li>\n\n\n\n<li>Douche avec eau chaude en hiver, en \u00e9t\u00e9 aussi. Mais en \u00e9t\u00e9, vous aurez peut-\u00eatre envie d&rsquo;une douche froide.<\/li>\n\n\n\n<li>Une cuisine enti\u00e8rement \u00e9quip\u00e9e.<\/li>\n\n\n\n<li>R\u00e9frig\u00e9rateur\/cong\u00e9lateur pour conserver vos aliments.<\/li>\n\n\n\n<li>Terrasse ext\u00e9rieure.<\/li>\n\n\n\n<li>Nous avons des s\u00e8che-cheveux pour tout le monde.<\/li>\n\n\n\n<li>Planche \u00e0 repasser pour vos v\u00eatements.<\/li>\n\n\n\n<li>Micro-ondes pour r\u00e9chauffer vos aliments.<\/li>\n\n\n\n<li>Votre premi\u00e8re serviette est INCLUSE GRATUITEMENT DANS VOTRE R\u00c9SERVATION.<\/li>\n<\/ul>\n\n<h3 class=\"wp-block-heading\" id=\"h-other-services-for-you\">D&rsquo;autres services pour vous:<\/h3>\n\n<ul class=\"wp-block-list\">\n<li>Acc\u00e8s \u00e0 Internet pour que vous puissiez rester connect\u00e9.<\/li>\n\n\n\n<li>Service de blanchisserie.<\/li>\n\n\n\n<li>Location de v\u00e9los pour faire connaissance avec la ville en v\u00e9lo.<\/li>\n\n\n\n<li>Si vous avez besoin de plus de serviettes, elles ont un petit suppl\u00e9ment.<\/li>\n\n\n\n<li>Casiers dans votre chambre pour garder vos bagages.<\/li>\n\n\n\n<li>Service de FAX (\u00e0 l\u2019ancienne mais \u00e7a marche).<\/li>\n\n\n\n<li>R\u00e9ception ouverte 24h\/24. Jour\/nuit.<\/li>\n\n\n\n<li>Nous organisons des visites et offrons \u00e9galement des informations sur la ville.<\/li>\n<\/ul>\n\n<h3 class=\"wp-block-heading\" id=\"h-food-and-drink-offering\">Offre de nourriture et de boissons:<\/h3>\n\n<ul class=\"wp-block-list\">\n<li>Vous pouvez vous procurer un kit pour pr\u00e9parer du th\u00e9 et du caf\u00e9.<\/li>\n\n\n\n<li>Distributeurs automatiques disponibles dans l&rsquo;auberge. N&rsquo;oubliez pas d&rsquo;apporter de l&rsquo;argent avec vous.<\/li>\n\n\n\n<li>De plus, nous avons un service \u00e0 la caf\u00e9t\u00e9ria, o\u00f9 vous pourrez prendre un caf\u00e9 l&rsquo;apr\u00e8s-midi.<\/li>\n<\/ul>\n\n<h3 class=\"wp-block-heading\" id=\"h-we-have-also-thought-about-entertainment\">Nous avons \u00e9galement pens\u00e9 au divertissement.<\/h3>\n\n<ul class=\"wp-block-list\">\n<li>Nous avons des jeux de soci\u00e9t\u00e9 pour jouer en <a href=\"https:\/\/travelingroup.com\/purple-nest-hostel-valencia\/\" target=\"_blank\" rel=\"noreferrer noopener\">groupe<\/a>.<\/li>\n\n\n\n<li>Nous avons un baby-foot pour passer un bon moment entre amis.<\/li>\n\n\n\n<li>WIFI haut d\u00e9bit gratuit.<\/li>\n<\/ul>\n\n<h3 class=\"wp-block-heading\" id=\"h-about-purple-nest-hostel-valencia\">\u00c0 propos de Purple Nest <a href=\"https:\/\/feetuphostels.com\/fr\/auberges-jeunesse-valence\/\">Hostel Valencia<\/a><\/h3>\n\n<p>Nous avons de nombreuses ann\u00e9es d&rsquo;exp\u00e9rience<\/p>\n\n<h3 class=\"wp-block-heading\" id=\"h-we-know-a-lot-about-hostels\">Nous en savons beaucoup sur les auberges de jeunesse<\/h3>\n\n<p>Parce que nous sommes en affaires depuis le 29 d\u00e9cembre 2008 (si on a l&rsquo;impression que c&rsquo;\u00e9tait hier).<\/p>\n\n<h3 class=\"wp-block-heading\" id=\"h-we-are-very-close-to-everything\">Nous sommes tr\u00e8s proches de tout<\/h3>\n\n<p>Lorsque vous r\u00e9servez avec nous profiter d\u2019un emplacement privil\u00e9gi\u00e9 pour explorer et connaitre les sites les plus populaires de Valence. Pr\u00e8s de notre auberge, vous pouvez trouver et profiter de nombreux locaux de nuit. La principale gare routi\u00e8re de la ville est \u00e0 seulement 2 km de l&rsquo;auberge et le bus qui va \u00e0 la plage s&rsquo;arr\u00eate juste en face de notre entr\u00e9e.<\/p>\n\n<h3 class=\"wp-block-heading\" id=\"h-in-the-best-known-area\">Dans le quartier le plus connu<\/h3>\n\n<p>La zone o\u00f9 vous pouvez nous trouver s&rsquo;appelle Ciutat Vella et c&rsquo;est la meilleure option pour les voyageurs int\u00e9ress\u00e9s par l&rsquo;architecture, la visite du centre historique et la d\u00e9couverte de nouvelles sensations et lieux dans le centre-ville.<\/p>\n\n<p><a href=\"https:\/\/feetuphostels.com\/fr\/emplacement-purple-nest-hostel-valencia\/\">V\u00e9rifie l&#8217;emplacement \u00e0 Valence.<\/a><\/p>\n","protected":false},"excerpt":{"rendered":"<p>Purple Nest Hostel Valencia. Dans la Plaza Tetuan avec des lits s\u00fbr \u00e0 partir de \u20ac10 une nuit dans des chambres color\u00e9es, confortables et propres. Le Purple Nest est l&rsquo;un des h\u00e9bergements les plus r\u00e9put\u00e9s de la ville de Valence avec de grandes chambres color\u00e9es, s\u00fbres, propres et au meilleur prix de Valence. R\u00e9serve maintenant avec nous dans le centre de Valence. R\u00e9server maintenant \u00e0 Purple Nest Hostel Valencia<\/p>\n","protected":false},"author":13,"featured_media":0,"parent":0,"menu_order":0,"comment_status":"closed","ping_status":"closed","template":"","meta":{"footnotes":""},"class_list":["post-212850","page","type-page","status-publish","hentry"],"yoast_head":"<!-- This site is optimized with the Yoast SEO plugin v27.4 - https:\/\/yoast.com\/product\/yoast-seo-wordpress\/ -->\n<title>Purple Nest Hostel Valencia \u00ae \u00e0 partir de 12 \u20ac par nuit. Prix officiel<\/title>\n<meta name=\"description\" content=\"Purple Nest Hostel Valencia \u00ae \u00e0 partir de 12 \u20ac par nuit. Partenaire de Price official dans le centre de Valence \u2705 Meilleur prix en ligne \u2705 \u00c9conomise jusqu&#039;\u00e0 5 %.\" \/>\n<meta name=\"robots\" content=\"index, follow, max-snippet:-1, max-image-preview:large, max-video-preview:-1\" \/>\n<link rel=\"canonical\" href=\"https:\/\/feetuphostels.com\/fr\/purple-nest-hostel-valence\/\" \/>\n<meta property=\"og:locale\" content=\"fr_FR\" \/>\n<meta property=\"og:type\" content=\"article\" \/>\n<meta property=\"og:title\" content=\"Purple Nest Hostel Valencia \u00ae \u00e0 partir de 12 \u20ac par nuit. Prix officiel\" \/>\n<meta property=\"og:description\" content=\"Purple Nest Hostel Valencia \u00ae \u00e0 partir de 12 \u20ac par nuit. Partenaire de Price official dans le centre de Valence \u2705 Meilleur prix en ligne \u2705 \u00c9conomise jusqu&#039;\u00e0 5 %.\" \/>\n<meta property=\"og:url\" content=\"https:\/\/feetuphostels.com\/fr\/purple-nest-hostel-valence\/\" \/>\n<meta property=\"og:site_name\" content=\"Feet Up Hostels\" \/>\n<meta property=\"article:publisher\" content=\"https:\/\/facebook.com\/feetuphostelsgroup\" \/>\n<meta property=\"article:modified_time\" content=\"2024-11-08T16:39:59+00:00\" \/>\n<meta property=\"og:image\" content=\"https:\/\/feetuphostels.com\/wp-content\/uploads\/2022\/10\/slide-feetuphostels-purplenest2022.jpg\" \/>\n\t<meta property=\"og:image:width\" content=\"1920\" \/>\n\t<meta property=\"og:image:height\" content=\"1080\" \/>\n\t<meta property=\"og:image:type\" content=\"image\/jpeg\" \/>\n<meta name=\"twitter:card\" content=\"summary_large_image\" \/>\n<meta name=\"twitter:site\" content=\"@feetuphostels\" \/>\n<meta name=\"twitter:label1\" content=\"Dur\u00e9e de lecture estim\u00e9e\" \/>\n\t<meta name=\"twitter:data1\" content=\"3 minutes\" \/>\n<script type=\"application\/ld+json\" class=\"yoast-schema-graph\">{\"@context\":\"https:\\\/\\\/schema.org\",\"@graph\":[{\"@type\":\"WebPage\",\"@id\":\"https:\\\/\\\/feetuphostels.com\\\/fr\\\/purple-nest-hostel-valence\\\/\",\"url\":\"https:\\\/\\\/feetuphostels.com\\\/fr\\\/purple-nest-hostel-valence\\\/\",\"name\":\"Purple Nest Hostel Valencia \u00ae \u00e0 partir de 12 \u20ac par nuit. Prix officiel\",\"isPartOf\":{\"@id\":\"https:\\\/\\\/feetuphostels.com\\\/fr\\\/#website\"},\"primaryImageOfPage\":{\"@id\":\"https:\\\/\\\/feetuphostels.com\\\/fr\\\/purple-nest-hostel-valence\\\/#primaryimage\"},\"image\":{\"@id\":\"https:\\\/\\\/feetuphostels.com\\\/fr\\\/purple-nest-hostel-valence\\\/#primaryimage\"},\"thumbnailUrl\":\"https:\\\/\\\/feetuphostels.com\\\/wp-content\\\/uploads\\\/2022\\\/10\\\/slide-feetuphostels-purplenest2022-1024x576.jpg\",\"datePublished\":\"2023-04-27T08:56:35+00:00\",\"dateModified\":\"2024-11-08T16:39:59+00:00\",\"description\":\"Purple Nest Hostel Valencia \u00ae \u00e0 partir de 12 \u20ac par nuit. Partenaire de Price official dans le centre de Valence \u2705 Meilleur prix en ligne \u2705 \u00c9conomise jusqu'\u00e0 5 %.\",\"breadcrumb\":{\"@id\":\"https:\\\/\\\/feetuphostels.com\\\/fr\\\/purple-nest-hostel-valence\\\/#breadcrumb\"},\"inLanguage\":\"fr-FR\",\"potentialAction\":[{\"@type\":\"ReadAction\",\"target\":[\"https:\\\/\\\/feetuphostels.com\\\/fr\\\/purple-nest-hostel-valence\\\/\"]}]},{\"@type\":\"ImageObject\",\"inLanguage\":\"fr-FR\",\"@id\":\"https:\\\/\\\/feetuphostels.com\\\/fr\\\/purple-nest-hostel-valence\\\/#primaryimage\",\"url\":\"https:\\\/\\\/feetuphostels.com\\\/wp-content\\\/uploads\\\/2022\\\/10\\\/slide-feetuphostels-purplenest2022-1024x576.jpg\",\"contentUrl\":\"https:\\\/\\\/feetuphostels.com\\\/wp-content\\\/uploads\\\/2022\\\/10\\\/slide-feetuphostels-purplenest2022-1024x576.jpg\"},{\"@type\":\"BreadcrumbList\",\"@id\":\"https:\\\/\\\/feetuphostels.com\\\/fr\\\/purple-nest-hostel-valence\\\/#breadcrumb\",\"itemListElement\":[{\"@type\":\"ListItem\",\"position\":1,\"name\":\"Home\",\"item\":\"https:\\\/\\\/feetuphostels.com\\\/fr\\\/\"},{\"@type\":\"ListItem\",\"position\":2,\"name\":\"L\u2019\u00e9tablissement Purple Nest Hostel Valencia\"}]},{\"@type\":\"WebSite\",\"@id\":\"https:\\\/\\\/feetuphostels.com\\\/fr\\\/#website\",\"url\":\"https:\\\/\\\/feetuphostels.com\\\/fr\\\/\",\"name\":\"Feet Up Hostels\",\"description\":\"Auberges de jeunesse et h\u00e9bergement \u00e0 Valence, Espagne. Nous sommes des sp\u00e9cialistes de la convivialit\u00e9\",\"publisher\":{\"@id\":\"https:\\\/\\\/feetuphostels.com\\\/fr\\\/#organization\"},\"alternateName\":\"Feet Up Hostels\",\"potentialAction\":[{\"@type\":\"SearchAction\",\"target\":{\"@type\":\"EntryPoint\",\"urlTemplate\":\"https:\\\/\\\/feetuphostels.com\\\/fr\\\/?s={search_term_string}\"},\"query-input\":{\"@type\":\"PropertyValueSpecification\",\"valueRequired\":true,\"valueName\":\"search_term_string\"}}],\"inLanguage\":\"fr-FR\"},{\"@type\":\"Organization\",\"@id\":\"https:\\\/\\\/feetuphostels.com\\\/fr\\\/#organization\",\"name\":\"Feet Up Hostels\",\"alternateName\":\"Feet Up Hostels\",\"url\":\"https:\\\/\\\/feetuphostels.com\\\/fr\\\/\",\"logo\":{\"@type\":\"ImageObject\",\"inLanguage\":\"fr-FR\",\"@id\":\"https:\\\/\\\/feetuphostels.com\\\/fr\\\/#\\\/schema\\\/logo\\\/image\\\/\",\"url\":\"https:\\\/\\\/feetuphostels.com\\\/wp-content\\\/uploads\\\/2019\\\/01\\\/logo-web-amp-feetuphostels.svg\",\"contentUrl\":\"https:\\\/\\\/feetuphostels.com\\\/wp-content\\\/uploads\\\/2019\\\/01\\\/logo-web-amp-feetuphostels.svg\",\"width\":1,\"height\":1,\"caption\":\"Feet Up Hostels\"},\"image\":{\"@id\":\"https:\\\/\\\/feetuphostels.com\\\/fr\\\/#\\\/schema\\\/logo\\\/image\\\/\"},\"sameAs\":[\"https:\\\/\\\/facebook.com\\\/feetuphostelsgroup\",\"https:\\\/\\\/x.com\\\/feetuphostels\",\"https:\\\/\\\/www.instagram.com\\\/feetuphostels\\\/\",\"https:\\\/\\\/www.tiktok.com\\\/@feetuphostels\",\"https:\\\/\\\/www.linkedin.com\\\/company\\\/feetuphostelsgroup\\\/\",\"https:\\\/\\\/www.pinterest.es\\\/FeetupHostels\\\/\",\"https:\\\/\\\/www.youtube.com\\\/feetuphostels\"]}]}<\/script>\n<!-- \/ Yoast SEO plugin. -->","yoast_head_json":{"title":"Purple Nest Hostel Valencia \u00ae \u00e0 partir de 12 \u20ac par nuit. Prix officiel","description":"Purple Nest Hostel Valencia \u00ae \u00e0 partir de 12 \u20ac par nuit. Partenaire de Price official dans le centre de Valence \u2705 Meilleur prix en ligne \u2705 \u00c9conomise jusqu'\u00e0 5 %.","robots":{"index":"index","follow":"follow","max-snippet":"max-snippet:-1","max-image-preview":"max-image-preview:large","max-video-preview":"max-video-preview:-1"},"canonical":"https:\/\/feetuphostels.com\/fr\/purple-nest-hostel-valence\/","og_locale":"fr_FR","og_type":"article","og_title":"Purple Nest Hostel Valencia \u00ae \u00e0 partir de 12 \u20ac par nuit. Prix officiel","og_description":"Purple Nest Hostel Valencia \u00ae \u00e0 partir de 12 \u20ac par nuit. Partenaire de Price official dans le centre de Valence \u2705 Meilleur prix en ligne \u2705 \u00c9conomise jusqu'\u00e0 5 %.","og_url":"https:\/\/feetuphostels.com\/fr\/purple-nest-hostel-valence\/","og_site_name":"Feet Up Hostels","article_publisher":"https:\/\/facebook.com\/feetuphostelsgroup","article_modified_time":"2024-11-08T16:39:59+00:00","og_image":[{"width":1920,"height":1080,"url":"https:\/\/feetuphostels.com\/wp-content\/uploads\/2022\/10\/slide-feetuphostels-purplenest2022.jpg","type":"image\/jpeg"}],"twitter_card":"summary_large_image","twitter_site":"@feetuphostels","twitter_misc":{"Dur\u00e9e de lecture estim\u00e9e":"3 minutes"},"schema":{"@context":"https:\/\/schema.org","@graph":[{"@type":"WebPage","@id":"https:\/\/feetuphostels.com\/fr\/purple-nest-hostel-valence\/","url":"https:\/\/feetuphostels.com\/fr\/purple-nest-hostel-valence\/","name":"Purple Nest Hostel Valencia \u00ae \u00e0 partir de 12 \u20ac par nuit. Prix officiel","isPartOf":{"@id":"https:\/\/feetuphostels.com\/fr\/#website"},"primaryImageOfPage":{"@id":"https:\/\/feetuphostels.com\/fr\/purple-nest-hostel-valence\/#primaryimage"},"image":{"@id":"https:\/\/feetuphostels.com\/fr\/purple-nest-hostel-valence\/#primaryimage"},"thumbnailUrl":"https:\/\/feetuphostels.com\/wp-content\/uploads\/2022\/10\/slide-feetuphostels-purplenest2022-1024x576.jpg","datePublished":"2023-04-27T08:56:35+00:00","dateModified":"2024-11-08T16:39:59+00:00","description":"Purple Nest Hostel Valencia \u00ae \u00e0 partir de 12 \u20ac par nuit. Partenaire de Price official dans le centre de Valence \u2705 Meilleur prix en ligne \u2705 \u00c9conomise jusqu'\u00e0 5 %.","breadcrumb":{"@id":"https:\/\/feetuphostels.com\/fr\/purple-nest-hostel-valence\/#breadcrumb"},"inLanguage":"fr-FR","potentialAction":[{"@type":"ReadAction","target":["https:\/\/feetuphostels.com\/fr\/purple-nest-hostel-valence\/"]}]},{"@type":"ImageObject","inLanguage":"fr-FR","@id":"https:\/\/feetuphostels.com\/fr\/purple-nest-hostel-valence\/#primaryimage","url":"https:\/\/feetuphostels.com\/wp-content\/uploads\/2022\/10\/slide-feetuphostels-purplenest2022-1024x576.jpg","contentUrl":"https:\/\/feetuphostels.com\/wp-content\/uploads\/2022\/10\/slide-feetuphostels-purplenest2022-1024x576.jpg"},{"@type":"BreadcrumbList","@id":"https:\/\/feetuphostels.com\/fr\/purple-nest-hostel-valence\/#breadcrumb","itemListElement":[{"@type":"ListItem","position":1,"name":"Home","item":"https:\/\/feetuphostels.com\/fr\/"},{"@type":"ListItem","position":2,"name":"L\u2019\u00e9tablissement Purple Nest Hostel Valencia"}]},{"@type":"WebSite","@id":"https:\/\/feetuphostels.com\/fr\/#website","url":"https:\/\/feetuphostels.com\/fr\/","name":"Feet Up Hostels","description":"Auberges de jeunesse et h\u00e9bergement \u00e0 Valence, Espagne. Nous sommes des sp\u00e9cialistes de la convivialit\u00e9","publisher":{"@id":"https:\/\/feetuphostels.com\/fr\/#organization"},"alternateName":"Feet Up Hostels","potentialAction":[{"@type":"SearchAction","target":{"@type":"EntryPoint","urlTemplate":"https:\/\/feetuphostels.com\/fr\/?s={search_term_string}"},"query-input":{"@type":"PropertyValueSpecification","valueRequired":true,"valueName":"search_term_string"}}],"inLanguage":"fr-FR"},{"@type":"Organization","@id":"https:\/\/feetuphostels.com\/fr\/#organization","name":"Feet Up Hostels","alternateName":"Feet Up Hostels","url":"https:\/\/feetuphostels.com\/fr\/","logo":{"@type":"ImageObject","inLanguage":"fr-FR","@id":"https:\/\/feetuphostels.com\/fr\/#\/schema\/logo\/image\/","url":"https:\/\/feetuphostels.com\/wp-content\/uploads\/2019\/01\/logo-web-amp-feetuphostels.svg","contentUrl":"https:\/\/feetuphostels.com\/wp-content\/uploads\/2019\/01\/logo-web-amp-feetuphostels.svg","width":1,"height":1,"caption":"Feet Up Hostels"},"image":{"@id":"https:\/\/feetuphostels.com\/fr\/#\/schema\/logo\/image\/"},"sameAs":["https:\/\/facebook.com\/feetuphostelsgroup","https:\/\/x.com\/feetuphostels","https:\/\/www.instagram.com\/feetuphostels\/","https:\/\/www.tiktok.com\/@feetuphostels","https:\/\/www.linkedin.com\/company\/feetuphostelsgroup\/","https:\/\/www.pinterest.es\/FeetupHostels\/","https:\/\/www.youtube.com\/feetuphostels"]}]}},"_links":{"self":[{"href":"https:\/\/feetuphostels.com\/fr\/wp-json\/wp\/v2\/pages\/212850","targetHints":{"allow":["GET"]}}],"collection":[{"href":"https:\/\/feetuphostels.com\/fr\/wp-json\/wp\/v2\/pages"}],"about":[{"href":"https:\/\/feetuphostels.com\/fr\/wp-json\/wp\/v2\/types\/page"}],"author":[{"embeddable":true,"href":"https:\/\/feetuphostels.com\/fr\/wp-json\/wp\/v2\/users\/13"}],"replies":[{"embeddable":true,"href":"https:\/\/feetuphostels.com\/fr\/wp-json\/wp\/v2\/comments?post=212850"}],"version-history":[{"count":0,"href":"https:\/\/feetuphostels.com\/fr\/wp-json\/wp\/v2\/pages\/212850\/revisions"}],"wp:attachment":[{"href":"https:\/\/feetuphostels.com\/fr\/wp-json\/wp\/v2\/media?parent=212850"}],"curies":[{"name":"wp","href":"https:\/\/api.w.org\/{rel}","templated":true}]}}