{"id":2114,"date":"2017-01-16T13:41:42","date_gmt":"2017-01-16T12:41:42","guid":{"rendered":"https:\/\/feetuphostels.com\/auberge-barcelone\/yellow-nest-hostel-barcelona\/"},"modified":"2024-11-09T14:07:15","modified_gmt":"2024-11-09T13:07:15","slug":"yellow-nest-auberge-barcelona","status":"publish","type":"page","link":"https:\/\/feetuphostels.com\/fr\/yellow-nest-auberge-barcelona\/","title":{"rendered":"Yellow Nest Auberge Barcelona"},"content":{"rendered":"\n<h1 class=\"wp-block-heading has-text-align-center\" id=\"h-yellow-nest-hostel-barcelona\">Yellow Nest Hostel Barcelona<\/h1>\n\n<h2 class=\"wp-block-heading\" id=\"h-our-yellow-nest-hostel-is-located-in-the-les-corts-district-of-barcelona\">Notre auberge est situ\u00e9e dans le quartier Les Corts de Barcelone<\/h2>\n\n<p>\u00c0 seulement 3 minutes \u00e0 pied du stade de <strong><a href=\"https:\/\/feetuphostels.com\/fr\/hebergement-a-cote-du-camp-nou\/\">Football Camp Nou de Barcelone<\/a><\/strong><\/p>\n\n<figure class=\"wp-block-image aligncenter size-full\"><img decoding=\"async\" src=\"https:\/\/feetuphostels.com\/wp-content\/uploads\/2018\/11\/25yellow-nest-hostel-barcelona-by-feetuphostels.jpg\" alt=\"Notre r&#xE9;ception te r&#xE9;servera un accueil chaleureux\" class=\"wp-image-17052\"\/><\/figure>\n\n<h2 class=\"wp-block-heading\" id=\"h-but-that-s-not-all\">Mais ce n&rsquo;est pas tout,<\/h2>\n\n<p>Nous avons diff\u00e9rents types de chambres pour r\u00e9pondre \u00e0 vos besoins. Vous pouvez choisir entre des chambres partag\u00e9es avec des d\u00e9corations simples et color\u00e9es avec climatisation (pour l&rsquo;\u00e9t\u00e9) et chauffage (pour l&rsquo;hiver), casiers priv\u00e9s et salle de bain partag\u00e9e avec s\u00e8che-cheveux, ou si vous recherchez un peu plus d&rsquo;intimit\u00e9, vous pouvez choisir des chambres priv\u00e9es avec salle de bain priv\u00e9e.<\/p>\n\n<p class=\"has-white-color has-vivid-red-background-color has-text-color has-background has-link-color has-medium-font-size wp-elements-abed831ca10d85f6408327382af09ab9\">IMPORTANT : L&rsquo;auberge a \u00e9t\u00e9 rebaptis\u00e9e <a href=\"https:\/\/onefamhostels.com\/les-corts-onefam-hostel-barcelona\/\" target=\"_blank\" rel=\"noopener\">Onefam Les Corts<\/a> et fait d\u00e9sormais partie de l&rsquo;une des <a href=\"https:\/\/onefamhostels.com\/barcelona-hostels\/\" target=\"_blank\" rel=\"noopener\">meilleures auberges de Barcelone<\/a>.<\/p>\n\n<h2 class=\"wp-block-heading\" id=\"h-we-have-thought-about-them\">Nous avons r\u00e9fl\u00e9chi \u00e0 ces questions<\/h2>\n\n<p>Si vous \u00eates une fille, vous pr\u00e9f\u00e9rez peut-\u00eatre partager une chambre avec des filles, ce n&rsquo;est pas un probl\u00e8me, n&rsquo;ayez que des chambres r\u00e9serv\u00e9es aux filles.<\/p>\n\n<p>R\u00e9servez avec nous, nous parlons votre langue et nous vous garantissons:<\/p>\n\n<ul class=\"wp-block-list\">\n<li>S\u00e9curit\u00e9 maximale pour ta r\u00e9servation<\/li>\n\n\n\n<li>Pas de prix ou de frais cach\u00e9s !<\/li>\n\n\n\n<li>Prix sans interm\u00e9diaires !<\/li>\n\n\n\n<li>Prix officiel et imbattable !<\/li>\n\n\n\n<li>R\u00e9servation en ligne garantie !<\/li>\n\n\n\n<li>Confirmation imm\u00e9diate<\/li>\n<\/ul>\n\n<h2 class=\"wp-block-heading\" id=\"h-information-about-yellow-nest-hostel-barcelona\">Informations sur l&rsquo;auberge Yellow Nest Hostel Barcelona<\/h2>\n\n<p>Tout pr\u00e8s du m\u00e9tro Badal \u00e0 Barcelone<\/p>\n\n<h3 class=\"wp-block-heading\" id=\"h-our-staff\">Notre personnel<\/h3>\n\n<h4 class=\"wp-block-heading\" id=\"h-all-this-is-for-you\">Tout ceci est pour toi.<\/h4>\n\n<p>We have a fully equipped kitchen for you to show off your culinary talents (if you have any), snack and drink vending machines, a Netflix room, a games area with billiards, darts and table tennis.<\/p>\n\n<h4 class=\"wp-block-heading\" id=\"h-we-are-always-keen-to-help-you\">Nous sommes toujours pr\u00eats \u00e0 t&rsquo;aider.<\/h4>\n\n<p>Notre personnel de r\u00e9ception est disponible 24 heures pour offrir des informations touristiques sur Barcelone 24 heures. Vous pouvez \u00e9galement leur demander quels sont les meilleurs endroits qu&rsquo;ils fr\u00e9quentent ou visitent \u00e0 Barcelone.<\/p>\n\n<p>Nous sommes tr\u00e8s bien connect\u00e9s<\/p>\n\n<p>La station de m\u00e9tro Badal se trouve \u00e0 5 minutes \u00e0 pied et permet de rejoindre le centre-ville en moins de 15 minutes. Vois notre emplacement ici.<\/p>\n\n<h2 class=\"wp-block-heading\" id=\"h-these-are-all-of-our-services-for-your-convenience\">Voici tous nos services pour te faciliter la t\u00e2che.<\/h2>\n\n<h3 class=\"wp-block-heading\" id=\"h-we-offer-at-yellow-nest-hostel\">Ce que nous proposons \u00e0 l&rsquo;auberge Yellow Nest<\/h3>\n\n<h3 class=\"wp-block-heading\" id=\"h-free-services\">Services gratuits: <\/h3>\n\n<ul class=\"wp-block-list\">\n<li>Le linge de lit est inclus dans le prix.<\/li>\n\n\n\n<li>Plan de ville gratuit.<\/li>\n\n\n\n<li>WIFi haut d\u00e9bit gratuit.<\/li>\n\n\n\n<li>Une immense terrasse sur le toit.<\/li>\n\n\n\n<li>Ordinateurs avec acc\u00e8s \u00e0 Internet pour les clients.<\/li>\n<\/ul>\n\n<h4 class=\"wp-block-heading\" id=\"h-services-in-general\">Services en g\u00e9n\u00e9ral :<\/h4>\n\n<ul class=\"wp-block-list\">\n<li>Casiers dans les chambres.<\/li>\n\n\n\n<li>Acc\u00e8s aux chambres par cartes.<\/li>\n\n\n\n<li>Espace commun \u00e0 partager avec les amis.<\/li>\n\n\n\n<li>Climatisation dans les parties communes et dans toutes les chambres.<\/li>\n\n\n\n<li>\u00c9change de livres avec nous.<\/li>\n\n\n\n<li>Douche-toi avec de l&rsquo;eau d&rsquo;h\u00f4te en hiver, \u00e9galement en \u00e9t\u00e9, mais en \u00e9t\u00e9, tu peux avoir envie d&rsquo;une douche fra\u00eeche.<\/li>\n\n\n\n<li>Cuisine enti\u00e8rement \u00e9quip\u00e9e.<\/li>\n\n\n\n<li>R\u00e9frig\u00e9rateur\/cong\u00e9lateur pour conserver tes aliments.<\/li>\n\n\n\n<li>A l&rsquo;ext\u00e9rieur, sur notre terrasse de toit.<\/li>\n\n\n\n<li>Nous avons des s\u00e8che-cheveux pour tous.<\/li>\n\n\n\n<li>Table \u00e0 repasser pour tes v\u00eatements.<\/li>\n\n\n\n<li>Micro-ondes pour r\u00e9chauffer tes aliments.<\/li>\n\n\n\n<li>Ta premi\u00e8re serviette est incluse dans ta r\u00e9servation.<\/li>\n<\/ul>\n\n<p><\/p>\n\n<figure class=\"wp-block-image size-full\"><img fetchpriority=\"high\" decoding=\"async\" width=\"1920\" height=\"1080\" src=\"https:\/\/feetuphostels.com\/wp-content\/uploads\/2022\/10\/slide-feetuphostels-yellownest2022.jpg\" alt=\"H&#xF4;tes de Yellow Nest Hostel Barcelona\" class=\"wp-image-202278\" srcset=\"https:\/\/feetuphostels.com\/wp-content\/uploads\/2022\/10\/slide-feetuphostels-yellownest2022.jpg 1920w, https:\/\/feetuphostels.com\/wp-content\/uploads\/2022\/10\/slide-feetuphostels-yellownest2022-300x169.jpg 300w, https:\/\/feetuphostels.com\/wp-content\/uploads\/2022\/10\/slide-feetuphostels-yellownest2022-1024x576.jpg 1024w, https:\/\/feetuphostels.com\/wp-content\/uploads\/2022\/10\/slide-feetuphostels-yellownest2022-768x432.jpg 768w, https:\/\/feetuphostels.com\/wp-content\/uploads\/2022\/10\/slide-feetuphostels-yellownest2022-1536x864.jpg 1536w, https:\/\/feetuphostels.com\/wp-content\/uploads\/2022\/10\/slide-feetuphostels-yellownest2022-260x146.jpg 260w, https:\/\/feetuphostels.com\/wp-content\/uploads\/2022\/10\/slide-feetuphostels-yellownest2022-50x28.jpg 50w, https:\/\/feetuphostels.com\/wp-content\/uploads\/2022\/10\/slide-feetuphostels-yellownest2022-133x75.jpg 133w\" sizes=\"(max-width: 1920px) 100vw, 1920px\" \/><figcaption class=\"wp-element-caption\">H\u00f4tes de Yellow Nest Hostel Barcelona<\/figcaption><\/figure>\n\n<h4 class=\"wp-block-heading\">D&rsquo;autres services pour toi.<\/h4>\n\n<ul class=\"wp-block-list\">\n<li>Acc\u00e8s \u00e0 Internet pour rester connect\u00e9.<\/li>\n\n\n\n<li>Service de blanchisserie. La propret\u00e9 avant tout.<\/li>\n\n\n\n<li>Location de v\u00e9los Pour que tu connaisses la ville en p\u00e9dalant.<\/li>\n\n\n\n<li>Si tu as besoin de plus de serviettes, tu dois payer un petit suppl\u00e9ment.<\/li>\n\n\n\n<li>Des casiers dans ta chambre pour ranger tes bagages.<\/li>\n\n\n\n<li>Service de t\u00e9l\u00e9copie (\u00e0 l&rsquo;ancienne mais qui fonctionne). <\/li>\n\n\n\n<li>La r\u00e9ception est ouverte 24 heures par jour. Jour\/nuit.<\/li>\n\n\n\n<li>Nous organisons des visites et nous offrons \u00e9galement des informations sur la ville.<\/li>\n<\/ul>\n\n<h3 class=\"wp-block-heading\">Food and beverage Services.<\/h3>\n\n<ul class=\"wp-block-list\">\n<li>Tu peux obtenir un kit pour faire du th\u00e9 et du caf\u00e9.<\/li>\n\n\n\n<li>Les distributeurs automatiques. N&rsquo;oublie pas de toujours emporter des pi\u00e8ces de monnaie.<\/li>\n\n\n\n<li>Nous avons \u00e9galement un service de caf\u00e9t\u00e9ria, au cas o\u00f9 tu aurais envie d&rsquo;un caf\u00e9 le soir.<\/li>\n<\/ul>\n\n<h3 class=\"wp-block-heading\">Nous avons aussi pens\u00e9 \u00e0 nous amuser :<\/h3>\n\n<ul class=\"wp-block-list\">\n<li>Nous avons des jeux de table pour le partage en groupe.<\/li>\n\n\n\n<li>Chambre Netflix.<\/li>\n\n\n\n<li>Nous avons un baby-foot pour que tu puisses t&rsquo;amuser avec tes amis.<\/li>\n\n\n\n<li>WIFI haut d\u00e9bit gratuit Si c&rsquo;est toi qui joues en ligne.<\/li>\n<\/ul>\n\n<h2 class=\"wp-block-heading\">Les petits caract\u00e8res<\/h2>\n\n<ul class=\"wp-block-list\">\n<li>La r\u00e9glementation nous oblige \u00e0 ne pas accepter les invit\u00e9s de moins de 18 ans s&rsquo;ils ne sont pas accompagn\u00e9s d&rsquo;un adulte.<\/li>\n\n\n\n<li>Les invit\u00e9s de moins de 18 ans ne peuvent pas s\u00e9journer dans une chambre partag\u00e9e, sauf si tous les occupants sont membres de leur groupe de voyage.<\/li>\n\n\n\n<li>Tu dois pr\u00e9senter une pi\u00e8ce d&rsquo;identit\u00e9 ou un passeport en cours de validit\u00e9 lors de l&rsquo;enregistrement.<\/li>\n\n\n\n<li>Tu dois laisser une caution de 5 \u20ac pour la cl\u00e9 et de 5 \u20ac pour la serviette (ne t&rsquo;inqui\u00e8te pas, au moment du d\u00e9part, on te rendra la cl\u00e9 et la serviette dans les m\u00eames conditions que celles qui t&rsquo;ont \u00e9t\u00e9 donn\u00e9es).<\/li>\n\n\n\n<li>Pour les r\u00e9servations sp\u00e9ciales de plus de 9 personnes, des conditions sp\u00e9ciales de groupe s&rsquo;appliquent. Nous te recommandons de prendre contact directement avec notre service des groupes par le biais du formulaire suivant. Tu dois remplir tous les champs et l&rsquo;envoyer. Nous te contacterons dans les plus brefs d\u00e9lais.<\/li>\n\n\n\n<li>Nous acceptons les paiements par American express, Visa, Master Card et JCB.<\/li>\n\n\n\n<li>Tu peux laver tes v\u00eatements dans notre blanchisserie pour seulement 8 \u20ac.<\/li>\n<\/ul>\n\n<h2 class=\"wp-block-heading\">Politiques d&rsquo;annulation<\/h2>\n\n<ul class=\"wp-block-list\">\n<li><strong>Les politiques d&rsquo;annulation et de pr\u00e9paiement varient selon le type d&rsquo;h\u00e9bergement. Saisis les dates de ton s\u00e9jour et v\u00e9rifie les conditions de la chambre souhait\u00e9e.<\/strong><\/li>\n\n\n\n<li><strong>Tarif non remboursable<\/strong>: Le montant total sera factur\u00e9 au moment de la r\u00e9servation. Il ne sera en aucun cas rembours\u00e9.<\/li>\n\n\n\n<li><strong>Tarif standard:<\/strong> Tu peux annuler sans frais jusqu&rsquo;\u00e0 48h avant l&rsquo;arriv\u00e9e.<\/li>\n\n\n\n<li><strong>Non pr\u00e9sentation:<\/strong> En cas de non-pr\u00e9sentation ou d&rsquo;annulation tardive, le montant de la premi\u00e8re nuit sera factur\u00e9.<\/li>\n\n\n\n<li><strong>*Dans tous les cas, le montant sera factur\u00e9 dans la devise de ton pays.<\/strong><\/li>\n<\/ul>\n","protected":false},"excerpt":{"rendered":"<p>Yellow Nest Auberge Barcelona \u00ae Site et prix officiel avec des lits de \u20ac12\/nuit, pr\u00e8s du stade Camp Nou Barcelona, \u2705 meilleur prix garanti, \ud83d\ude8d pr\u00e8s du m\u00e9tro Badal, \u23f2\ufe0f r\u00e9ception 24 heures par jour. Prix final sans commissions ou frais de r\u00e9serves, avec vue des invit\u00e9s royaux. Chambres priv\u00e9es et partag\u00e9es<\/p>\n","protected":false},"author":13,"featured_media":11669,"parent":0,"menu_order":0,"comment_status":"closed","ping_status":"open","template":"","meta":{"footnotes":""},"class_list":["post-2114","page","type-page","status-publish","has-post-thumbnail","hentry"],"yoast_head":"<!-- This site is optimized with the Yoast SEO plugin v27.5 - https:\/\/yoast.com\/product\/yoast-seo-wordpress\/ -->\n<title>Yellow Nest auberge Barcelona \u00ae Site et prix officiel avec des lits de \u20ac12\/nuit<\/title>\n<meta name=\"description\" content=\"Yellow Nest Hostel Barcelona \u00ae Site officiel avec des lits \u00e0 partir de 12 \u20ac \/ nuit, pr\u00e8s du stade Camp Nou Barcelone \u2705 meilleur prix garanti\" \/>\n<meta name=\"robots\" content=\"index, follow, max-snippet:-1, max-image-preview:large, max-video-preview:-1\" \/>\n<link rel=\"canonical\" href=\"https:\/\/feetuphostels.com\/fr\/yellow-nest-auberge-barcelona\/\" \/>\n<meta property=\"og:locale\" content=\"fr_FR\" \/>\n<meta property=\"og:type\" content=\"article\" \/>\n<meta property=\"og:title\" content=\"Yellow Nest auberge Barcelona \u00ae Site et prix officiel avec des lits de \u20ac12\/nuit\" \/>\n<meta property=\"og:description\" content=\"Yellow Nest Hostel Barcelona \u00ae Site officiel avec des lits \u00e0 partir de 12 \u20ac \/ nuit, pr\u00e8s du stade Camp Nou Barcelone \u2705 meilleur prix garanti\" \/>\n<meta property=\"og:url\" content=\"https:\/\/feetuphostels.com\/fr\/yellow-nest-auberge-barcelona\/\" \/>\n<meta property=\"og:site_name\" content=\"Feet Up Hostels\" \/>\n<meta property=\"article:publisher\" content=\"https:\/\/facebook.com\/feetuphostelsgroup\" \/>\n<meta property=\"article:modified_time\" content=\"2024-11-09T13:07:15+00:00\" \/>\n<meta property=\"og:image\" content=\"https:\/\/feetuphostels.com\/wp-content\/uploads\/2017\/01\/01yellownesthostelbarcelona.jpg\" \/>\n\t<meta property=\"og:image:width\" content=\"1200\" \/>\n\t<meta property=\"og:image:height\" content=\"900\" \/>\n\t<meta property=\"og:image:type\" content=\"image\/jpeg\" \/>\n<meta name=\"twitter:card\" content=\"summary_large_image\" \/>\n<meta name=\"twitter:site\" content=\"@feetuphostels\" \/>\n<meta name=\"twitter:label1\" content=\"Dur\u00e9e de lecture estim\u00e9e\" \/>\n\t<meta name=\"twitter:data1\" content=\"5 minutes\" \/>\n<script type=\"application\/ld+json\" class=\"yoast-schema-graph\">{\"@context\":\"https:\\\/\\\/schema.org\",\"@graph\":[{\"@type\":\"WebPage\",\"@id\":\"https:\\\/\\\/feetuphostels.com\\\/fr\\\/yellow-nest-auberge-barcelona\\\/\",\"url\":\"https:\\\/\\\/feetuphostels.com\\\/fr\\\/yellow-nest-auberge-barcelona\\\/\",\"name\":\"Yellow Nest auberge Barcelona \u00ae Site et prix officiel avec des lits de \u20ac12\\\/nuit\",\"isPartOf\":{\"@id\":\"https:\\\/\\\/feetuphostels.com\\\/fr\\\/#website\"},\"primaryImageOfPage\":{\"@id\":\"https:\\\/\\\/feetuphostels.com\\\/fr\\\/yellow-nest-auberge-barcelona\\\/#primaryimage\"},\"image\":{\"@id\":\"https:\\\/\\\/feetuphostels.com\\\/fr\\\/yellow-nest-auberge-barcelona\\\/#primaryimage\"},\"thumbnailUrl\":\"https:\\\/\\\/feetuphostels.com\\\/wp-content\\\/uploads\\\/2017\\\/01\\\/01yellownesthostelbarcelona.jpg\",\"datePublished\":\"2017-01-16T12:41:42+00:00\",\"dateModified\":\"2024-11-09T13:07:15+00:00\",\"description\":\"Yellow Nest Hostel Barcelona \u00ae Site officiel avec des lits \u00e0 partir de 12 \u20ac \\\/ nuit, pr\u00e8s du stade Camp Nou Barcelone \u2705 meilleur prix garanti\",\"breadcrumb\":{\"@id\":\"https:\\\/\\\/feetuphostels.com\\\/fr\\\/yellow-nest-auberge-barcelona\\\/#breadcrumb\"},\"inLanguage\":\"fr-FR\",\"potentialAction\":[{\"@type\":\"ReadAction\",\"target\":[\"https:\\\/\\\/feetuphostels.com\\\/fr\\\/yellow-nest-auberge-barcelona\\\/\"]}]},{\"@type\":\"ImageObject\",\"inLanguage\":\"fr-FR\",\"@id\":\"https:\\\/\\\/feetuphostels.com\\\/fr\\\/yellow-nest-auberge-barcelona\\\/#primaryimage\",\"url\":\"https:\\\/\\\/feetuphostels.com\\\/wp-content\\\/uploads\\\/2017\\\/01\\\/01yellownesthostelbarcelona.jpg\",\"contentUrl\":\"https:\\\/\\\/feetuphostels.com\\\/wp-content\\\/uploads\\\/2017\\\/01\\\/01yellownesthostelbarcelona.jpg\",\"width\":1200,\"height\":900,\"caption\":\"Yellow Nest hostel Barcelona Feetup\"},{\"@type\":\"BreadcrumbList\",\"@id\":\"https:\\\/\\\/feetuphostels.com\\\/fr\\\/yellow-nest-auberge-barcelona\\\/#breadcrumb\",\"itemListElement\":[{\"@type\":\"ListItem\",\"position\":1,\"name\":\"Home\",\"item\":\"https:\\\/\\\/feetuphostels.com\\\/fr\\\/\"},{\"@type\":\"ListItem\",\"position\":2,\"name\":\"Yellow Nest Auberge Barcelona\"}]},{\"@type\":\"WebSite\",\"@id\":\"https:\\\/\\\/feetuphostels.com\\\/fr\\\/#website\",\"url\":\"https:\\\/\\\/feetuphostels.com\\\/fr\\\/\",\"name\":\"Feet Up Hostels\",\"description\":\"Auberges de jeunesse et h\u00e9bergement \u00e0 Valence, Espagne. Nous sommes des sp\u00e9cialistes de la convivialit\u00e9\",\"publisher\":{\"@id\":\"https:\\\/\\\/feetuphostels.com\\\/fr\\\/#organization\"},\"alternateName\":\"Feet Up Hostels\",\"potentialAction\":[{\"@type\":\"SearchAction\",\"target\":{\"@type\":\"EntryPoint\",\"urlTemplate\":\"https:\\\/\\\/feetuphostels.com\\\/fr\\\/?s={search_term_string}\"},\"query-input\":{\"@type\":\"PropertyValueSpecification\",\"valueRequired\":true,\"valueName\":\"search_term_string\"}}],\"inLanguage\":\"fr-FR\"},{\"@type\":\"Organization\",\"@id\":\"https:\\\/\\\/feetuphostels.com\\\/fr\\\/#organization\",\"name\":\"Feet Up Hostels\",\"alternateName\":\"Feet Up Hostels\",\"url\":\"https:\\\/\\\/feetuphostels.com\\\/fr\\\/\",\"logo\":{\"@type\":\"ImageObject\",\"inLanguage\":\"fr-FR\",\"@id\":\"https:\\\/\\\/feetuphostels.com\\\/fr\\\/#\\\/schema\\\/logo\\\/image\\\/\",\"url\":\"https:\\\/\\\/feetuphostels.com\\\/wp-content\\\/uploads\\\/2019\\\/01\\\/logo-web-amp-feetuphostels.svg\",\"contentUrl\":\"https:\\\/\\\/feetuphostels.com\\\/wp-content\\\/uploads\\\/2019\\\/01\\\/logo-web-amp-feetuphostels.svg\",\"width\":1,\"height\":1,\"caption\":\"Feet Up Hostels\"},\"image\":{\"@id\":\"https:\\\/\\\/feetuphostels.com\\\/fr\\\/#\\\/schema\\\/logo\\\/image\\\/\"},\"sameAs\":[\"https:\\\/\\\/facebook.com\\\/feetuphostelsgroup\",\"https:\\\/\\\/x.com\\\/feetuphostels\",\"https:\\\/\\\/www.instagram.com\\\/feetuphostels\\\/\",\"https:\\\/\\\/www.tiktok.com\\\/@feetuphostels\",\"https:\\\/\\\/www.linkedin.com\\\/company\\\/feetuphostelsgroup\\\/\",\"https:\\\/\\\/www.pinterest.es\\\/FeetupHostels\\\/\",\"https:\\\/\\\/www.youtube.com\\\/feetuphostels\"]}]}<\/script>\n<!-- \/ Yoast SEO plugin. -->","yoast_head_json":{"title":"Yellow Nest auberge Barcelona \u00ae Site et prix officiel avec des lits de \u20ac12\/nuit","description":"Yellow Nest Hostel Barcelona \u00ae Site officiel avec des lits \u00e0 partir de 12 \u20ac \/ nuit, pr\u00e8s du stade Camp Nou Barcelone \u2705 meilleur prix garanti","robots":{"index":"index","follow":"follow","max-snippet":"max-snippet:-1","max-image-preview":"max-image-preview:large","max-video-preview":"max-video-preview:-1"},"canonical":"https:\/\/feetuphostels.com\/fr\/yellow-nest-auberge-barcelona\/","og_locale":"fr_FR","og_type":"article","og_title":"Yellow Nest auberge Barcelona \u00ae Site et prix officiel avec des lits de \u20ac12\/nuit","og_description":"Yellow Nest Hostel Barcelona \u00ae Site officiel avec des lits \u00e0 partir de 12 \u20ac \/ nuit, pr\u00e8s du stade Camp Nou Barcelone \u2705 meilleur prix garanti","og_url":"https:\/\/feetuphostels.com\/fr\/yellow-nest-auberge-barcelona\/","og_site_name":"Feet Up Hostels","article_publisher":"https:\/\/facebook.com\/feetuphostelsgroup","article_modified_time":"2024-11-09T13:07:15+00:00","og_image":[{"width":1200,"height":900,"url":"https:\/\/feetuphostels.com\/wp-content\/uploads\/2017\/01\/01yellownesthostelbarcelona.jpg","type":"image\/jpeg"}],"twitter_card":"summary_large_image","twitter_site":"@feetuphostels","twitter_misc":{"Dur\u00e9e de lecture estim\u00e9e":"5 minutes"},"schema":{"@context":"https:\/\/schema.org","@graph":[{"@type":"WebPage","@id":"https:\/\/feetuphostels.com\/fr\/yellow-nest-auberge-barcelona\/","url":"https:\/\/feetuphostels.com\/fr\/yellow-nest-auberge-barcelona\/","name":"Yellow Nest auberge Barcelona \u00ae Site et prix officiel avec des lits de \u20ac12\/nuit","isPartOf":{"@id":"https:\/\/feetuphostels.com\/fr\/#website"},"primaryImageOfPage":{"@id":"https:\/\/feetuphostels.com\/fr\/yellow-nest-auberge-barcelona\/#primaryimage"},"image":{"@id":"https:\/\/feetuphostels.com\/fr\/yellow-nest-auberge-barcelona\/#primaryimage"},"thumbnailUrl":"https:\/\/feetuphostels.com\/wp-content\/uploads\/2017\/01\/01yellownesthostelbarcelona.jpg","datePublished":"2017-01-16T12:41:42+00:00","dateModified":"2024-11-09T13:07:15+00:00","description":"Yellow Nest Hostel Barcelona \u00ae Site officiel avec des lits \u00e0 partir de 12 \u20ac \/ nuit, pr\u00e8s du stade Camp Nou Barcelone \u2705 meilleur prix garanti","breadcrumb":{"@id":"https:\/\/feetuphostels.com\/fr\/yellow-nest-auberge-barcelona\/#breadcrumb"},"inLanguage":"fr-FR","potentialAction":[{"@type":"ReadAction","target":["https:\/\/feetuphostels.com\/fr\/yellow-nest-auberge-barcelona\/"]}]},{"@type":"ImageObject","inLanguage":"fr-FR","@id":"https:\/\/feetuphostels.com\/fr\/yellow-nest-auberge-barcelona\/#primaryimage","url":"https:\/\/feetuphostels.com\/wp-content\/uploads\/2017\/01\/01yellownesthostelbarcelona.jpg","contentUrl":"https:\/\/feetuphostels.com\/wp-content\/uploads\/2017\/01\/01yellownesthostelbarcelona.jpg","width":1200,"height":900,"caption":"Yellow Nest hostel Barcelona Feetup"},{"@type":"BreadcrumbList","@id":"https:\/\/feetuphostels.com\/fr\/yellow-nest-auberge-barcelona\/#breadcrumb","itemListElement":[{"@type":"ListItem","position":1,"name":"Home","item":"https:\/\/feetuphostels.com\/fr\/"},{"@type":"ListItem","position":2,"name":"Yellow Nest Auberge Barcelona"}]},{"@type":"WebSite","@id":"https:\/\/feetuphostels.com\/fr\/#website","url":"https:\/\/feetuphostels.com\/fr\/","name":"Feet Up Hostels","description":"Auberges de jeunesse et h\u00e9bergement \u00e0 Valence, Espagne. Nous sommes des sp\u00e9cialistes de la convivialit\u00e9","publisher":{"@id":"https:\/\/feetuphostels.com\/fr\/#organization"},"alternateName":"Feet Up Hostels","potentialAction":[{"@type":"SearchAction","target":{"@type":"EntryPoint","urlTemplate":"https:\/\/feetuphostels.com\/fr\/?s={search_term_string}"},"query-input":{"@type":"PropertyValueSpecification","valueRequired":true,"valueName":"search_term_string"}}],"inLanguage":"fr-FR"},{"@type":"Organization","@id":"https:\/\/feetuphostels.com\/fr\/#organization","name":"Feet Up Hostels","alternateName":"Feet Up Hostels","url":"https:\/\/feetuphostels.com\/fr\/","logo":{"@type":"ImageObject","inLanguage":"fr-FR","@id":"https:\/\/feetuphostels.com\/fr\/#\/schema\/logo\/image\/","url":"https:\/\/feetuphostels.com\/wp-content\/uploads\/2019\/01\/logo-web-amp-feetuphostels.svg","contentUrl":"https:\/\/feetuphostels.com\/wp-content\/uploads\/2019\/01\/logo-web-amp-feetuphostels.svg","width":1,"height":1,"caption":"Feet Up Hostels"},"image":{"@id":"https:\/\/feetuphostels.com\/fr\/#\/schema\/logo\/image\/"},"sameAs":["https:\/\/facebook.com\/feetuphostelsgroup","https:\/\/x.com\/feetuphostels","https:\/\/www.instagram.com\/feetuphostels\/","https:\/\/www.tiktok.com\/@feetuphostels","https:\/\/www.linkedin.com\/company\/feetuphostelsgroup\/","https:\/\/www.pinterest.es\/FeetupHostels\/","https:\/\/www.youtube.com\/feetuphostels"]}]}},"_links":{"self":[{"href":"https:\/\/feetuphostels.com\/fr\/wp-json\/wp\/v2\/pages\/2114","targetHints":{"allow":["GET"]}}],"collection":[{"href":"https:\/\/feetuphostels.com\/fr\/wp-json\/wp\/v2\/pages"}],"about":[{"href":"https:\/\/feetuphostels.com\/fr\/wp-json\/wp\/v2\/types\/page"}],"author":[{"embeddable":true,"href":"https:\/\/feetuphostels.com\/fr\/wp-json\/wp\/v2\/users\/13"}],"replies":[{"embeddable":true,"href":"https:\/\/feetuphostels.com\/fr\/wp-json\/wp\/v2\/comments?post=2114"}],"version-history":[{"count":0,"href":"https:\/\/feetuphostels.com\/fr\/wp-json\/wp\/v2\/pages\/2114\/revisions"}],"wp:featuredmedia":[{"embeddable":true,"href":"https:\/\/feetuphostels.com\/fr\/wp-json\/wp\/v2\/media\/11669"}],"wp:attachment":[{"href":"https:\/\/feetuphostels.com\/fr\/wp-json\/wp\/v2\/media?parent=2114"}],"curies":[{"name":"wp","href":"https:\/\/api.w.org\/{rel}","templated":true}]}}