{"id":2082,"date":"2017-01-16T12:35:27","date_gmt":"2017-01-16T11:35:27","guid":{"rendered":"https:\/\/feetuphostels.com\/hostels-barcelona\/"},"modified":"2024-10-17T11:32:28","modified_gmt":"2024-10-17T09:32:28","slug":"auberges-jeunesse-barcelona","status":"publish","type":"page","link":"https:\/\/feetuphostels.com\/fr\/auberges-jeunesse-barcelona\/","title":{"rendered":"Auberges de Jeunesse \u00e0 Barcelone"},"content":{"rendered":"\n<h1 class=\"wp-block-heading has-text-align-center\" id=\"h-hostels-barcelona\">Auberges de Jeunesse Barcelone<\/h1>\n\n<h2 class=\"wp-block-heading has-text-align-center\" id=\"h-youth-hostels-and-accommodations-in-barcelona\">Auberges de jeunesse et h\u00e9bergements \u00e0 Barcelone<\/h2>\n\n<p>Les auberges de jeunesse \u00e0 Barcelone sont l&rsquo;une des meilleures options pour s\u00e9journer lors de la visite de la Ciudad Condal en Espagne.<\/p>\n\n<h2 class=\"wp-block-heading\" id=\"h-yellow-nest-hostel-barcelona\">Yellow Nest Hostel Barcelone<\/h2>\n\n<h3 class=\"wp-block-heading\" id=\"h-only-3-streets-away-from-the-barcelona-camp-nou-football-stadium\">\u00c0 seulement 3 rues du stade de football Camp Nou de Barcelone<\/h3>\n\n<p>Nous avons diff\u00e9rents types de chambres adapt\u00e9es \u00e0 tous vos besoins. Vous pouvez choisir entre des chambres partag\u00e9es avec des designs simples et color\u00e9s.<\/p>\n\n<p class=\"has-white-color has-vivid-red-background-color has-text-color has-background has-link-color wp-elements-3c1b58d8fe504d7ba072986fe6dd0c4d\">IMPORTANT : L&rsquo;auberge a \u00e9t\u00e9 rebaptis\u00e9e <a href=\"https:\/\/onefamhostels.com\/les-corts-onefam-hostel-barcelona\/\" target=\"_blank\" rel=\"noopener\">Onefam Les Corts<\/a> et fait d\u00e9sormais partie de l&rsquo;une des <a href=\"https:\/\/onefamhostels.com\/barcelona-hostels\/\" target=\"_blank\" rel=\"noopener\">meilleures auberges de Barcelone<\/a>.<\/p>\n\n<figure class=\"wp-block-image size-full\"><a href=\"https:\/\/nesthostelsbarcelona.com\/\" target=\"_blank\" rel=\"noreferrer noopener\"><img fetchpriority=\"high\" decoding=\"async\" width=\"1920\" height=\"1080\" src=\"https:\/\/feetuphostels.com\/wp-content\/uploads\/2022\/10\/slide-feetuphostels-yellownest2022.jpg\" alt=\"\" class=\"wp-image-202278\" srcset=\"https:\/\/feetuphostels.com\/wp-content\/uploads\/2022\/10\/slide-feetuphostels-yellownest2022.jpg 1920w, https:\/\/feetuphostels.com\/wp-content\/uploads\/2022\/10\/slide-feetuphostels-yellownest2022-300x169.jpg 300w, https:\/\/feetuphostels.com\/wp-content\/uploads\/2022\/10\/slide-feetuphostels-yellownest2022-1024x576.jpg 1024w, https:\/\/feetuphostels.com\/wp-content\/uploads\/2022\/10\/slide-feetuphostels-yellownest2022-768x432.jpg 768w, https:\/\/feetuphostels.com\/wp-content\/uploads\/2022\/10\/slide-feetuphostels-yellownest2022-1536x864.jpg 1536w, https:\/\/feetuphostels.com\/wp-content\/uploads\/2022\/10\/slide-feetuphostels-yellownest2022-260x146.jpg 260w, https:\/\/feetuphostels.com\/wp-content\/uploads\/2022\/10\/slide-feetuphostels-yellownest2022-50x28.jpg 50w, https:\/\/feetuphostels.com\/wp-content\/uploads\/2022\/10\/slide-feetuphostels-yellownest2022-133x75.jpg 133w\" sizes=\"(max-width: 1920px) 100vw, 1920px\" \/><\/a><figcaption class=\"wp-element-caption\">Yellow Nest Hostel Barcelone<\/figcaption><\/figure>\n\n<p>\u00c9quip\u00e9es de la climatisation pour l&rsquo;\u00e9t\u00e9 et du chauffage pour l&rsquo;hiver, de casiers priv\u00e9s et de salles de bains communes avec s\u00e8che-cheveux, ou si vous recherchez un peu plus d&rsquo;intimit\u00e9, vous pouvez choisir des chambres priv\u00e9es avec salle de bains privative.<\/p>\n\n<h3 class=\"wp-block-heading\" id=\"h-our-previous-guests-say\">Nos pr\u00e9c\u00e9dents invit\u00e9s disent,<\/h3>\n\n<p>Que les environs de notre auberge ont un taux \u00e9lev\u00e9 de rep\u00e9rages de c\u00e9l\u00e9brit\u00e9s Some Certains disent m\u00eame qu&rsquo;\u00e0 l&rsquo;occasion ils ont vu Messi ou d&rsquo;autres joueurs du FCB au coin de la rue. Et tout cela est inclus dans le prix de votre r\u00e9servation.<\/p>\n\n<p><\/p>\n\n<p><\/p>\n\n<h2 class=\"wp-block-heading\" id=\"h-garden-house-hostel-barcelona\">Garden House Hostel Barcelona<\/h2>\n\n<h3 class=\"wp-block-heading\" id=\"h-we-are-4-streets-from-the-metro-stop-valldaura\">Nous sommes \u00e0 4 rues de la station de m\u00e9tro Valldaura<\/h3>\n\n<p>Nous sommes situ\u00e9s dans le quartier r\u00e9sidentiel \u00e0 proximit\u00e9 de la station de m\u00e9tro Valldaura, ligne verte, qui va directement au Passeig de Gracia et Parall\u00e8le (c&rsquo;est facile et confortable d&rsquo;arriver).<\/p>\n\n<figure class=\"wp-block-image size-full\"><img decoding=\"async\" src=\"https:\/\/feetuphostels.com\/wp-content\/uploads\/2018\/10\/08garden-house-hostel-barcelona-by-feetuphostels.jpg\" alt=\"Spend quality time at our patio\" class=\"wp-image-16776\"\/><figcaption class=\"wp-element-caption\">Spend quality time at our patio<\/figcaption><\/figure>\n\n<p>Nous avons des offres sp\u00e9ciales de certains habitants de cette zone et nous pouvons vous donner quelques conseils pour tirer le meilleur parti de Barcelone. <strong> R\u00e9servez votre lit avec nous \u00e0 Barcelone, nous parlons votre langue.<\/strong><\/p>\n\n<h3 class=\"wp-block-heading\" id=\"h-we-have-all-the-necessary-for-your-comfort\">Nous avons tout le n\u00e9cessaire pour votre confort<\/h3>\n\n<p>La cuisine est enti\u00e8rement \u00e9quip\u00e9e pour que vous puissiez montrer vos talents culinaires (si vous en avez), un jardin avec un hamac pour que vous puissiez vous d\u00e9connecter et rencontrer d&rsquo;autres invit\u00e9s et TOUT EST INCLUS DANS LE PRIX DE VOTRE R\u00c9SERVATION.<\/p>\n\n<h2 class=\"wp-block-heading\" id=\"h-how-much-do-you-know-about-barcelona\">Que savez-vous de Barcelone?<\/h2>\n\n<p>Nous sommes s\u00fbrs qu&rsquo;\u00e0 Barcelone, vous ne vous ennuierez \u00e0 aucun moment, car cette ville offre aux visiteurs toutes sortes d&rsquo;endroits pour profiter, voir, conna\u00eetre, voyager et partager avec des amis, en famille ou comme si vous aimiez profiter seul.<\/p>\n\n<p>Barcelone est l&rsquo;une des <strong>meilleures villes d&rsquo;Espagne<\/strong> et avec l&rsquo;offre de loisirs la plus large. Vous pourrez vous baigner sur ses plages, danser jusqu&rsquo;\u00e0 l&rsquo;aube et go\u00fbter \u00e0 l&rsquo;incroyable gastronomie de cette r\u00e9gion d&rsquo;Espagne. Il y a aussi de nombreux types de spectacles: Cin\u00e9ma, th\u00e9\u00e2tre, festivals de musique, concerts, com\u00e9dies musicales &#8230; Bien s\u00fbr, ne pas oublier les principales attractions culturelles, sont uniques et inoubliables!<\/p>\n\n<h3 class=\"wp-block-heading\" id=\"h-small-guide-on-barcelona\">Petit guide sur Barcelone<\/h3>\n\n<p>C&rsquo;est une ville de style en Catalogne, en Espagne, qui a toujours \u00e9t\u00e9 \u00e0 la pointe du design, de la cuisine, de la mode et de l&rsquo;art. Barcelone est une M\u00e9diterran\u00e9e cosmopolite dynamique, toujours populaire parmi les touristes \u00e0 la recherche d&rsquo;un d\u00e9cha\u00eenement \u00e9nergique avec une culture, une architecture et une histoire formidables.<\/p>\n\n<h3 class=\"wp-block-heading\" id=\"h-why-do-you-have-to-visit-barcelona\">Pourquoi devez-vous visiter Barcelone?<\/h3>\n\n<ul class=\"wp-block-list\">\n<li>Le modernisme et l&rsquo;architecture gothique sont devenus c\u00e9l\u00e8bres pour Gaud\u00ed, comme La Sagrada Familia.<\/li>\n\n\n\n<li>Une \u00e9nergie incroyable et une atmosph\u00e8re cosmopolite entre les vieilles rues sinueuses de La Rambla.<\/li>\n\n\n\n<li>La vie en M\u00e9diterran\u00e9e sur la plage anim\u00e9e de La Barceloneta.<\/li>\n<\/ul>\n\n<h3 class=\"wp-block-heading\" id=\"h-when-you-visit-barcelona-you-should-not-miss-to-visit\">Lorsque vous visitez Barcelone, vous ne devriez pas manquer de visiter:<\/h3>\n\n<h4 class=\"wp-block-heading\" id=\"h-la-rambla\">La Rambla.<\/h4>\n\n<p>Le boulevard le plus c\u00e9l\u00e8bre de Barcelone.<\/p>\n\n<h4 class=\"wp-block-heading\" id=\"h-barrio-gotic\">Barrio Gotic.<\/h4>\n\n<p>Maison de la cath\u00e9drale gothique.<\/p>\n\n<h4 class=\"wp-block-heading\" id=\"h-el-raval\">El Raval.<\/h4>\n\n<p>Quartier branch\u00e9 \u00e0 l&rsquo;ouest de La Rambla, qui contient des bars et des boutiques.<\/p>\n\n<h4 class=\"wp-block-heading\" id=\"h-la-ribera\">La Ribera.<\/h4>\n\n<p>Maison traditionnelle des marchands de Barcelone, maintenant un quartier de restaurants branch\u00e9s, boutiques et bars.<\/p>\n\n<h4 class=\"wp-block-heading\" id=\"h-in-front-of-the-sea\">Face \u00e0 la mer.<\/h4>\n\n<p>Situ\u00e9e entre le Port Vell et le port olympique, les deux ports de Barcelone, La Barceloneta abrite des boutiques, des restaurants de fruits de mer et une vie nocturne anim\u00e9e.<\/p>\n\n<h4 class=\"wp-block-heading\" id=\"h-l-eixample\">L\u2019Eixample.<\/h4>\n\n<p>Quartier historique du plan de grille, le centre du mouvement artistique du modernisme qui a transform\u00e9 Barcelone au d\u00e9but du XXe si\u00e8cle.<\/p>\n\n<h4 class=\"wp-block-heading\" id=\"h-montjuic\">Montjuic.<\/h4>\n\n<p>Au sud-ouest de la ville, avec une vue magnifique sur la ville et la mer, Montjuic est une charmante oasis de verdure de parcs et jardins avec des mus\u00e9es et des attractions.<\/p>\n\n<p><\/p>\n\n<h3 class=\"wp-block-heading\" id=\"h-would-you-like-to-know-valencia\">Aimeriez-vous conna\u00eetre Valence?<\/h3>\n\n<p>Nous pouvons vous proposer les auberges les plus agr\u00e9ables et les plus abordables de Valence, o\u00f9 vous pourrez s\u00e9journer dans des chambres confortables et propres. Ne le manquez pas Come Venez \u00e0 VALENCE!<\/p>\n\n<h2 class=\"wp-block-heading\" id=\"h-home-youth-hostel-valencia\"><a href=\"https:\/\/feetuphostels.com\/fr\/home-youth-auberge-valencia\/\" target=\"_blank\" rel=\"noreferrer noopener\">H\u00f4me Youth Hostel Valencia<\/a><\/h2>\n\n<p>Situ\u00e9 derri\u00e8re le c\u00e9l\u00e8bre march\u00e9 de la soie de Valence avec des chambres sans lits superpos\u00e9s et WIFI gratuit.<\/p>\n\n<h2 class=\"wp-block-heading\" id=\"h-purple-nest-hostel-valencia\"><a href=\"https:\/\/feetuphostels.com\/fr\/purple-nest-hostel-valence\/\" target=\"_blank\" rel=\"noreferrer noopener\">Purple Nest Hostel Valencia<\/a><\/h2>\n\n<p>Situ\u00e9 sur la Plaza de Tetuan \u00e0 quelques m\u00e8tres du c\u00e9l\u00e8bre jardin du Proc\u00e8s de Valence.<\/p>\n\n<h2 class=\"wp-block-heading\" id=\"h-red-nest-hostel-in-valencia\"><a href=\"https:\/\/feetuphostels.com\/fr\/red-nest-hostel-valence\/\" target=\"_blank\" rel=\"noreferrer noopener\">Red Nest Hostel in Valencia<\/a><\/h2>\n\n<p>En plein centre de Valence, dans la mythique Calle la Paz avec r\u00e9ception 24 heures, pour s\u00e9journer \u00e0 Valence.<\/p>\n\n<h2 class=\"wp-block-heading\" id=\"h-home-backpackers-hostel-valencia\"><a href=\"https:\/\/feetuphostels.com\/fr\/home-backpackers-auberge-valencia\/\" target=\"_blank\" rel=\"noreferrer noopener\">H\u00f4me Backpackers Hostel Valencia<\/a><\/h2>\n\n<p>C&rsquo;est un immeuble de 3 \u00e9tages situ\u00e9 dans le c\u00e9l\u00e8bre Barrio El Carmen au centre de Valence.<\/p>\n","protected":false},"excerpt":{"rendered":"<p>Auberges de jeunesse \u00e0 Barcelone. Auberges de jeunesse les moins ch\u00e8res et de qualit\u00e9 \u00e0 Barcelone. Garden House Hostel Barcelona \u00ae et Yellow Nest Hostel Barcelona \u00ae. Lits \u00e0 partir de \u20ac12 pour la nuit. Coffre-fort, grand, agr\u00e9able, confortable et logement bon march\u00e9 \u00e0 Barcelone. Lits forme \u20ac12 pour la nuit. Comparez et r\u00e9servez dans 2 des meilleures auberges de jeunesse de Barcelone. Chambres priv\u00e9es bon march\u00e9 et logements partag\u00e9s \u00e0 proximit\u00e9 du centre-ville dans les transports en commun. R\u00e9servation \u00e0 proximit\u00e9 du Camp Nou de Barcelone et de la zone Valldaura de Barcelone<\/p>\n","protected":false},"author":13,"featured_media":202280,"parent":0,"menu_order":0,"comment_status":"closed","ping_status":"open","template":"","meta":{"footnotes":""},"class_list":["post-2082","page","type-page","status-publish","has-post-thumbnail","hentry"],"yoast_head":"<!-- This site is optimized with the Yoast SEO plugin v27.4 - https:\/\/yoast.com\/product\/yoast-seo-wordpress\/ -->\n<title>Auberges de Jeunesse \u00e0 Barcelone. Les moins ch\u00e8res \u00e0 Barcelone<\/title>\n<meta name=\"description\" content=\"Auberges de jeunesse \u00e0 Barcelone. Auberges les moins ch\u00e8res et de qualit\u00e9 \u00e0 Barcelone. Garden House Barcelona \u00ae et Yellow Nest Hostel \u00ae. Lits \u00e0 partir de \u20ac12\/nuit\" \/>\n<meta name=\"robots\" content=\"index, follow, max-snippet:-1, max-image-preview:large, max-video-preview:-1\" \/>\n<link rel=\"canonical\" href=\"https:\/\/feetuphostels.com\/fr\/auberges-jeunesse-barcelona\/\" \/>\n<meta property=\"og:locale\" content=\"fr_FR\" \/>\n<meta property=\"og:type\" content=\"article\" \/>\n<meta property=\"og:title\" content=\"Auberges de Jeunesse \u00e0 Barcelone. Les moins ch\u00e8res \u00e0 Barcelone\" \/>\n<meta property=\"og:description\" content=\"Auberges de jeunesse \u00e0 Barcelone. Auberges les moins ch\u00e8res et de qualit\u00e9 \u00e0 Barcelone. Garden House Barcelona \u00ae et Yellow Nest Hostel \u00ae. Lits \u00e0 partir de \u20ac12\/nuit\" \/>\n<meta property=\"og:url\" content=\"https:\/\/feetuphostels.com\/fr\/auberges-jeunesse-barcelona\/\" \/>\n<meta property=\"og:site_name\" content=\"Feet Up Hostels\" \/>\n<meta property=\"article:publisher\" content=\"https:\/\/facebook.com\/feetuphostelsgroup\" \/>\n<meta property=\"article:modified_time\" content=\"2024-10-17T09:32:28+00:00\" \/>\n<meta property=\"og:image\" content=\"https:\/\/feetuphostels.com\/wp-content\/uploads\/2022\/10\/slide-feetuphostels-yellownest2022.jpg\" \/>\n\t<meta property=\"og:image:width\" content=\"1920\" \/>\n\t<meta property=\"og:image:height\" content=\"1080\" \/>\n\t<meta property=\"og:image:type\" content=\"image\/jpeg\" \/>\n<meta name=\"twitter:card\" content=\"summary_large_image\" \/>\n<meta name=\"twitter:site\" content=\"@feetuphostels\" \/>\n<meta name=\"twitter:label1\" content=\"Dur\u00e9e de lecture estim\u00e9e\" \/>\n\t<meta name=\"twitter:data1\" content=\"4 minutes\" \/>\n<script type=\"application\/ld+json\" class=\"yoast-schema-graph\">{\"@context\":\"https:\\\/\\\/schema.org\",\"@graph\":[{\"@type\":\"WebPage\",\"@id\":\"https:\\\/\\\/feetuphostels.com\\\/fr\\\/auberges-jeunesse-barcelona\\\/\",\"url\":\"https:\\\/\\\/feetuphostels.com\\\/fr\\\/auberges-jeunesse-barcelona\\\/\",\"name\":\"Auberges de Jeunesse \u00e0 Barcelone. Les moins ch\u00e8res \u00e0 Barcelone\",\"isPartOf\":{\"@id\":\"https:\\\/\\\/feetuphostels.com\\\/fr\\\/#website\"},\"primaryImageOfPage\":{\"@id\":\"https:\\\/\\\/feetuphostels.com\\\/fr\\\/auberges-jeunesse-barcelona\\\/#primaryimage\"},\"image\":{\"@id\":\"https:\\\/\\\/feetuphostels.com\\\/fr\\\/auberges-jeunesse-barcelona\\\/#primaryimage\"},\"thumbnailUrl\":\"https:\\\/\\\/feetuphostels.com\\\/wp-content\\\/uploads\\\/2022\\\/10\\\/slide-feetuphostels-yellownest2022.jpg\",\"datePublished\":\"2017-01-16T11:35:27+00:00\",\"dateModified\":\"2024-10-17T09:32:28+00:00\",\"description\":\"Auberges de jeunesse \u00e0 Barcelone. Auberges les moins ch\u00e8res et de qualit\u00e9 \u00e0 Barcelone. Garden House Barcelona \u00ae et Yellow Nest Hostel \u00ae. Lits \u00e0 partir de \u20ac12\\\/nuit\",\"breadcrumb\":{\"@id\":\"https:\\\/\\\/feetuphostels.com\\\/fr\\\/auberges-jeunesse-barcelona\\\/#breadcrumb\"},\"inLanguage\":\"fr-FR\",\"potentialAction\":[{\"@type\":\"ReadAction\",\"target\":[\"https:\\\/\\\/feetuphostels.com\\\/fr\\\/auberges-jeunesse-barcelona\\\/\"]}]},{\"@type\":\"ImageObject\",\"inLanguage\":\"fr-FR\",\"@id\":\"https:\\\/\\\/feetuphostels.com\\\/fr\\\/auberges-jeunesse-barcelona\\\/#primaryimage\",\"url\":\"https:\\\/\\\/feetuphostels.com\\\/wp-content\\\/uploads\\\/2022\\\/10\\\/slide-feetuphostels-yellownest2022.jpg\",\"contentUrl\":\"https:\\\/\\\/feetuphostels.com\\\/wp-content\\\/uploads\\\/2022\\\/10\\\/slide-feetuphostels-yellownest2022.jpg\",\"width\":1920,\"height\":1080,\"caption\":\"H\u00f4tes de Yellow Nest Hostel Barcelona\"},{\"@type\":\"BreadcrumbList\",\"@id\":\"https:\\\/\\\/feetuphostels.com\\\/fr\\\/auberges-jeunesse-barcelona\\\/#breadcrumb\",\"itemListElement\":[{\"@type\":\"ListItem\",\"position\":1,\"name\":\"Home\",\"item\":\"https:\\\/\\\/feetuphostels.com\\\/fr\\\/\"},{\"@type\":\"ListItem\",\"position\":2,\"name\":\"Auberges de Jeunesse \u00e0 Barcelone\"}]},{\"@type\":\"WebSite\",\"@id\":\"https:\\\/\\\/feetuphostels.com\\\/fr\\\/#website\",\"url\":\"https:\\\/\\\/feetuphostels.com\\\/fr\\\/\",\"name\":\"Feet Up Hostels\",\"description\":\"Auberges de jeunesse et h\u00e9bergement \u00e0 Valence, Espagne. Nous sommes des sp\u00e9cialistes de la convivialit\u00e9\",\"publisher\":{\"@id\":\"https:\\\/\\\/feetuphostels.com\\\/fr\\\/#organization\"},\"alternateName\":\"Feet Up Hostels\",\"potentialAction\":[{\"@type\":\"SearchAction\",\"target\":{\"@type\":\"EntryPoint\",\"urlTemplate\":\"https:\\\/\\\/feetuphostels.com\\\/fr\\\/?s={search_term_string}\"},\"query-input\":{\"@type\":\"PropertyValueSpecification\",\"valueRequired\":true,\"valueName\":\"search_term_string\"}}],\"inLanguage\":\"fr-FR\"},{\"@type\":\"Organization\",\"@id\":\"https:\\\/\\\/feetuphostels.com\\\/fr\\\/#organization\",\"name\":\"Feet Up Hostels\",\"alternateName\":\"Feet Up Hostels\",\"url\":\"https:\\\/\\\/feetuphostels.com\\\/fr\\\/\",\"logo\":{\"@type\":\"ImageObject\",\"inLanguage\":\"fr-FR\",\"@id\":\"https:\\\/\\\/feetuphostels.com\\\/fr\\\/#\\\/schema\\\/logo\\\/image\\\/\",\"url\":\"https:\\\/\\\/feetuphostels.com\\\/wp-content\\\/uploads\\\/2019\\\/01\\\/logo-web-amp-feetuphostels.svg\",\"contentUrl\":\"https:\\\/\\\/feetuphostels.com\\\/wp-content\\\/uploads\\\/2019\\\/01\\\/logo-web-amp-feetuphostels.svg\",\"width\":1,\"height\":1,\"caption\":\"Feet Up Hostels\"},\"image\":{\"@id\":\"https:\\\/\\\/feetuphostels.com\\\/fr\\\/#\\\/schema\\\/logo\\\/image\\\/\"},\"sameAs\":[\"https:\\\/\\\/facebook.com\\\/feetuphostelsgroup\",\"https:\\\/\\\/x.com\\\/feetuphostels\",\"https:\\\/\\\/www.instagram.com\\\/feetuphostels\\\/\",\"https:\\\/\\\/www.tiktok.com\\\/@feetuphostels\",\"https:\\\/\\\/www.linkedin.com\\\/company\\\/feetuphostelsgroup\\\/\",\"https:\\\/\\\/www.pinterest.es\\\/FeetupHostels\\\/\",\"https:\\\/\\\/www.youtube.com\\\/feetuphostels\"]}]}<\/script>\n<!-- \/ Yoast SEO plugin. -->","yoast_head_json":{"title":"Auberges de Jeunesse \u00e0 Barcelone. Les moins ch\u00e8res \u00e0 Barcelone","description":"Auberges de jeunesse \u00e0 Barcelone. Auberges les moins ch\u00e8res et de qualit\u00e9 \u00e0 Barcelone. Garden House Barcelona \u00ae et Yellow Nest Hostel \u00ae. Lits \u00e0 partir de \u20ac12\/nuit","robots":{"index":"index","follow":"follow","max-snippet":"max-snippet:-1","max-image-preview":"max-image-preview:large","max-video-preview":"max-video-preview:-1"},"canonical":"https:\/\/feetuphostels.com\/fr\/auberges-jeunesse-barcelona\/","og_locale":"fr_FR","og_type":"article","og_title":"Auberges de Jeunesse \u00e0 Barcelone. Les moins ch\u00e8res \u00e0 Barcelone","og_description":"Auberges de jeunesse \u00e0 Barcelone. Auberges les moins ch\u00e8res et de qualit\u00e9 \u00e0 Barcelone. Garden House Barcelona \u00ae et Yellow Nest Hostel \u00ae. Lits \u00e0 partir de \u20ac12\/nuit","og_url":"https:\/\/feetuphostels.com\/fr\/auberges-jeunesse-barcelona\/","og_site_name":"Feet Up Hostels","article_publisher":"https:\/\/facebook.com\/feetuphostelsgroup","article_modified_time":"2024-10-17T09:32:28+00:00","og_image":[{"width":1920,"height":1080,"url":"https:\/\/feetuphostels.com\/wp-content\/uploads\/2022\/10\/slide-feetuphostels-yellownest2022.jpg","type":"image\/jpeg"}],"twitter_card":"summary_large_image","twitter_site":"@feetuphostels","twitter_misc":{"Dur\u00e9e de lecture estim\u00e9e":"4 minutes"},"schema":{"@context":"https:\/\/schema.org","@graph":[{"@type":"WebPage","@id":"https:\/\/feetuphostels.com\/fr\/auberges-jeunesse-barcelona\/","url":"https:\/\/feetuphostels.com\/fr\/auberges-jeunesse-barcelona\/","name":"Auberges de Jeunesse \u00e0 Barcelone. Les moins ch\u00e8res \u00e0 Barcelone","isPartOf":{"@id":"https:\/\/feetuphostels.com\/fr\/#website"},"primaryImageOfPage":{"@id":"https:\/\/feetuphostels.com\/fr\/auberges-jeunesse-barcelona\/#primaryimage"},"image":{"@id":"https:\/\/feetuphostels.com\/fr\/auberges-jeunesse-barcelona\/#primaryimage"},"thumbnailUrl":"https:\/\/feetuphostels.com\/wp-content\/uploads\/2022\/10\/slide-feetuphostels-yellownest2022.jpg","datePublished":"2017-01-16T11:35:27+00:00","dateModified":"2024-10-17T09:32:28+00:00","description":"Auberges de jeunesse \u00e0 Barcelone. Auberges les moins ch\u00e8res et de qualit\u00e9 \u00e0 Barcelone. Garden House Barcelona \u00ae et Yellow Nest Hostel \u00ae. Lits \u00e0 partir de \u20ac12\/nuit","breadcrumb":{"@id":"https:\/\/feetuphostels.com\/fr\/auberges-jeunesse-barcelona\/#breadcrumb"},"inLanguage":"fr-FR","potentialAction":[{"@type":"ReadAction","target":["https:\/\/feetuphostels.com\/fr\/auberges-jeunesse-barcelona\/"]}]},{"@type":"ImageObject","inLanguage":"fr-FR","@id":"https:\/\/feetuphostels.com\/fr\/auberges-jeunesse-barcelona\/#primaryimage","url":"https:\/\/feetuphostels.com\/wp-content\/uploads\/2022\/10\/slide-feetuphostels-yellownest2022.jpg","contentUrl":"https:\/\/feetuphostels.com\/wp-content\/uploads\/2022\/10\/slide-feetuphostels-yellownest2022.jpg","width":1920,"height":1080,"caption":"H\u00f4tes de Yellow Nest Hostel Barcelona"},{"@type":"BreadcrumbList","@id":"https:\/\/feetuphostels.com\/fr\/auberges-jeunesse-barcelona\/#breadcrumb","itemListElement":[{"@type":"ListItem","position":1,"name":"Home","item":"https:\/\/feetuphostels.com\/fr\/"},{"@type":"ListItem","position":2,"name":"Auberges de Jeunesse \u00e0 Barcelone"}]},{"@type":"WebSite","@id":"https:\/\/feetuphostels.com\/fr\/#website","url":"https:\/\/feetuphostels.com\/fr\/","name":"Feet Up Hostels","description":"Auberges de jeunesse et h\u00e9bergement \u00e0 Valence, Espagne. Nous sommes des sp\u00e9cialistes de la convivialit\u00e9","publisher":{"@id":"https:\/\/feetuphostels.com\/fr\/#organization"},"alternateName":"Feet Up Hostels","potentialAction":[{"@type":"SearchAction","target":{"@type":"EntryPoint","urlTemplate":"https:\/\/feetuphostels.com\/fr\/?s={search_term_string}"},"query-input":{"@type":"PropertyValueSpecification","valueRequired":true,"valueName":"search_term_string"}}],"inLanguage":"fr-FR"},{"@type":"Organization","@id":"https:\/\/feetuphostels.com\/fr\/#organization","name":"Feet Up Hostels","alternateName":"Feet Up Hostels","url":"https:\/\/feetuphostels.com\/fr\/","logo":{"@type":"ImageObject","inLanguage":"fr-FR","@id":"https:\/\/feetuphostels.com\/fr\/#\/schema\/logo\/image\/","url":"https:\/\/feetuphostels.com\/wp-content\/uploads\/2019\/01\/logo-web-amp-feetuphostels.svg","contentUrl":"https:\/\/feetuphostels.com\/wp-content\/uploads\/2019\/01\/logo-web-amp-feetuphostels.svg","width":1,"height":1,"caption":"Feet Up Hostels"},"image":{"@id":"https:\/\/feetuphostels.com\/fr\/#\/schema\/logo\/image\/"},"sameAs":["https:\/\/facebook.com\/feetuphostelsgroup","https:\/\/x.com\/feetuphostels","https:\/\/www.instagram.com\/feetuphostels\/","https:\/\/www.tiktok.com\/@feetuphostels","https:\/\/www.linkedin.com\/company\/feetuphostelsgroup\/","https:\/\/www.pinterest.es\/FeetupHostels\/","https:\/\/www.youtube.com\/feetuphostels"]}]}},"_links":{"self":[{"href":"https:\/\/feetuphostels.com\/fr\/wp-json\/wp\/v2\/pages\/2082","targetHints":{"allow":["GET"]}}],"collection":[{"href":"https:\/\/feetuphostels.com\/fr\/wp-json\/wp\/v2\/pages"}],"about":[{"href":"https:\/\/feetuphostels.com\/fr\/wp-json\/wp\/v2\/types\/page"}],"author":[{"embeddable":true,"href":"https:\/\/feetuphostels.com\/fr\/wp-json\/wp\/v2\/users\/13"}],"replies":[{"embeddable":true,"href":"https:\/\/feetuphostels.com\/fr\/wp-json\/wp\/v2\/comments?post=2082"}],"version-history":[{"count":0,"href":"https:\/\/feetuphostels.com\/fr\/wp-json\/wp\/v2\/pages\/2082\/revisions"}],"wp:featuredmedia":[{"embeddable":true,"href":"https:\/\/feetuphostels.com\/fr\/wp-json\/wp\/v2\/media\/202280"}],"wp:attachment":[{"href":"https:\/\/feetuphostels.com\/fr\/wp-json\/wp\/v2\/media?parent=2082"}],"curies":[{"name":"wp","href":"https:\/\/api.w.org\/{rel}","templated":true}]}}