{"id":2077,"date":"2017-01-16T14:16:25","date_gmt":"2017-01-16T13:16:25","guid":{"rendered":"https:\/\/feetuphostels.com\/groups-booking\/"},"modified":"2024-11-05T13:32:38","modified_gmt":"2024-11-05T12:32:38","slug":"reservation-de-groupe","status":"publish","type":"page","link":"https:\/\/feetuphostels.com\/fr\/reservation-de-groupe\/","title":{"rendered":"R\u00e9servation de Groupe"},"content":{"rendered":"\n<h3 class=\"has-text-align-center wp-block-heading\">Demande un devis pour <a href=\"https:\/\/feetuphostels.com\/fr\/auberges-jeunesse-barcelona\/\">Barcelona<\/a>\u00a0or\u00a0<a href=\"https:\/\/feetuphostels.com\/fr\/auberges-jeunesse-valence\/\">Valencia<\/a>&#13;\n(Seulement pour 10 personnes ou plus)&#13;\n<div id=\"gtx-trans\" style=\"position: absolute; left: 3px; top: 62px;\">&#13;\n<div class=\"gtx-trans-icon\"><\/div>&#13;\n<\/div><\/h3>\n\n<p>Une fois que nous aurons re\u00e7u votre demande, notre service des groupes \u00e9valuera votre demande et vous enverra la meilleure option pour vous. Demandez-nous votre budget pour la r\u00e9servation de groupes.<\/p>\n\n<p>Nous aimons notre travail et nous essaierons de vous offrir la meilleure solution afin que vous puissiez rester avec nous lors de votre visite dans la ville d&rsquo;o\u00f9 vous venez. Nous sommes situ\u00e9s dans les meilleures villes d&rsquo;Espagne et notre \u00e9quipe vous aidera \u00e0 coordonner l&rsquo;h\u00e9bergement et les extras dont vous avez besoin<\/p>\n\n<p>Si vous \u00eates \u00e0 la recherche d&rsquo;une auberge, d&rsquo;un h\u00e9bergement ou d&rsquo;une <a href=\"https:\/\/travelingroup.com\/fr\/\" target=\"_blank\" rel=\"noopener\">auberge de jeunesse pour accueillir votre groupe<\/a> de plus de 10 personnes, vous \u00eates au bon endroit pour r\u00e9server!\u00a0Notre \u00e9quipe de r\u00e9servation de groupe le fera pour vous.<\/p>\n\n<figure class=\"wp-block-image size-full\"><img fetchpriority=\"high\" decoding=\"async\" width=\"960\" height=\"517\" src=\"https:\/\/feetuphostels.com\/wp-content\/uploads\/2018\/07\/booking-groups-feetup-hostels-2018.jpg\" alt=\"Profitez de votre temps avec des amis. R&#xE9;servation de Groupes\" class=\"wp-image-15706\" srcset=\"https:\/\/feetuphostels.com\/wp-content\/uploads\/2018\/07\/booking-groups-feetup-hostels-2018.jpg 960w, https:\/\/feetuphostels.com\/wp-content\/uploads\/2018\/07\/booking-groups-feetup-hostels-2018-300x162.jpg 300w, https:\/\/feetuphostels.com\/wp-content\/uploads\/2018\/07\/booking-groups-feetup-hostels-2018-768x414.jpg 768w, https:\/\/feetuphostels.com\/wp-content\/uploads\/2018\/07\/booking-groups-feetup-hostels-2018-260x140.jpg 260w, https:\/\/feetuphostels.com\/wp-content\/uploads\/2018\/07\/booking-groups-feetup-hostels-2018-50x27.jpg 50w, https:\/\/feetuphostels.com\/wp-content\/uploads\/2018\/07\/booking-groups-feetup-hostels-2018-139x75.jpg 139w\" sizes=\"(max-width: 960px) 100vw, 960px\" \/><figcaption class=\"wp-element-caption\">Profitez de votre temps avec des amis. R\u00e9servation de Groupes<\/figcaption><\/figure>\n\n<h3 class=\"wp-block-heading\">Pourquoi nous?<\/h3>\n\n<ul class=\"wp-block-list\">\n<li>Nous avons toujours le meilleur prix.<\/li>\n\n\n\n<li>R\u00e9ductions sp\u00e9ciales pour votre groupe<\/li>\n\n\n\n<li>Prix sans Interm\u00e9diaires.<\/li>\n\n\n\n<li>R\u00e9ponse rapide.<\/li>\n\n\n\n<li>Pas de commissions, pas de d\u00e9penses cach\u00e9es.<\/li>\n\n\n\n<li>Petits d\u00e9jeuners et repas inclus*<\/li>\n\n\n\n<li>Jardins et aires de jeux.<\/li>\n\n\n\n<li>Chambres Personnalis\u00e9es.<\/li>\n\n\n\n<li>Catering.<\/li>\n\n\n\n<li>Excursion.<\/li>\n\n\n\n<li>Location de v\u00e9los.<\/li>\n\n\n\n<li>Vente de billets pour les f\u00eates et \u00e9v\u00e9nements.<\/li>\n\n\n\n<li>Visites guid\u00e9es.<\/li>\n<\/ul>\n\n<h3 class=\"has-text-align-center wp-block-heading\">Tous les groupes qui ont s\u00e9journ\u00e9 avec nous ont eu une excellente exp\u00e9rience en visitant Barcelone, Valence.<\/h3>\n\n<h4 class=\"has-text-align-center wp-block-heading\">Tous les groupes qui ont s\u00e9journ\u00e9 avec nous ont eu une excellente exp\u00e9rience en visitant Barcelone, Valence.<\/h4>\n","protected":false},"excerpt":{"rendered":"<p>R\u00e9servations de groupes. R\u00e9servez une auberge pour votre groupe \u00e0 Barcelone, Valence ou S\u00e9ville. Demandez des budgets pour une auberge de jeunesse \u00e0 Barcelone, Valence ou S\u00e9ville. R\u00e9servation de logements pour groupes \u00e0 Barcelone, Valence, S\u00e9ville, Bilbao, Madrid et Grenade. R\u00e9servez un h\u00e9bergement bon march\u00e9 pour les groupes \u00e0 Barcelone et Valence<\/p>\n","protected":false},"author":13,"featured_media":204552,"parent":0,"menu_order":0,"comment_status":"closed","ping_status":"open","template":"","meta":{"footnotes":""},"class_list":["post-2077","page","type-page","status-publish","has-post-thumbnail","hentry"],"yoast_head":"<!-- This site is optimized with the Yoast SEO plugin v27.4 - https:\/\/yoast.com\/product\/yoast-seo-wordpress\/ -->\n<title>R\u00e9servations de groupes. R\u00e9servez une auberge pour votre groupe<\/title>\n<meta name=\"description\" content=\"R\u00e9servations de groupes. R\u00e9servez une auberge pour votre groupe \u00e0 Barcelone, Valence, S\u00e9ville, Bilbao ou Madrid. Demandez un devis pour votre groupe dans les auberges les moins ch\u00e8res\" \/>\n<meta name=\"robots\" content=\"index, follow, max-snippet:-1, max-image-preview:large, max-video-preview:-1\" \/>\n<link rel=\"canonical\" href=\"https:\/\/feetuphostels.com\/fr\/reservation-de-groupe\/\" \/>\n<meta property=\"og:locale\" content=\"fr_FR\" \/>\n<meta property=\"og:type\" content=\"article\" \/>\n<meta property=\"og:title\" content=\"R\u00e9servations de groupes. R\u00e9servez une auberge pour votre groupe\" \/>\n<meta property=\"og:description\" content=\"R\u00e9servations de groupes. R\u00e9servez une auberge pour votre groupe \u00e0 Barcelone, Valence, S\u00e9ville, Bilbao ou Madrid. Demandez un devis pour votre groupe dans les auberges les moins ch\u00e8res\" \/>\n<meta property=\"og:url\" content=\"https:\/\/feetuphostels.com\/fr\/reservation-de-groupe\/\" \/>\n<meta property=\"og:site_name\" content=\"Feet Up Hostels\" \/>\n<meta property=\"article:publisher\" content=\"https:\/\/facebook.com\/feetuphostelsgroup\" \/>\n<meta property=\"article:modified_time\" content=\"2024-11-05T12:32:38+00:00\" \/>\n<meta property=\"og:image\" content=\"https:\/\/feetuphostels.com\/wp-content\/uploads\/2022\/12\/groups-booking-people-feetuphostels.jpg\" \/>\n\t<meta property=\"og:image:width\" content=\"697\" \/>\n\t<meta property=\"og:image:height\" content=\"929\" \/>\n\t<meta property=\"og:image:type\" content=\"image\/jpeg\" \/>\n<meta name=\"twitter:card\" content=\"summary_large_image\" \/>\n<meta name=\"twitter:site\" content=\"@feetuphostels\" \/>\n<meta name=\"twitter:label1\" content=\"Dur\u00e9e de lecture estim\u00e9e\" \/>\n\t<meta name=\"twitter:data1\" content=\"1 minute\" \/>\n<script type=\"application\/ld+json\" class=\"yoast-schema-graph\">{\"@context\":\"https:\\\/\\\/schema.org\",\"@graph\":[{\"@type\":\"WebPage\",\"@id\":\"https:\\\/\\\/feetuphostels.com\\\/fr\\\/reservation-de-groupe\\\/\",\"url\":\"https:\\\/\\\/feetuphostels.com\\\/fr\\\/reservation-de-groupe\\\/\",\"name\":\"R\u00e9servations de groupes. R\u00e9servez une auberge pour votre groupe\",\"isPartOf\":{\"@id\":\"https:\\\/\\\/feetuphostels.com\\\/fr\\\/#website\"},\"primaryImageOfPage\":{\"@id\":\"https:\\\/\\\/feetuphostels.com\\\/fr\\\/reservation-de-groupe\\\/#primaryimage\"},\"image\":{\"@id\":\"https:\\\/\\\/feetuphostels.com\\\/fr\\\/reservation-de-groupe\\\/#primaryimage\"},\"thumbnailUrl\":\"https:\\\/\\\/feetuphostels.com\\\/wp-content\\\/uploads\\\/2022\\\/12\\\/groups-booking-people-feetuphostels.jpg\",\"datePublished\":\"2017-01-16T13:16:25+00:00\",\"dateModified\":\"2024-11-05T12:32:38+00:00\",\"description\":\"R\u00e9servations de groupes. R\u00e9servez une auberge pour votre groupe \u00e0 Barcelone, Valence, S\u00e9ville, Bilbao ou Madrid. Demandez un devis pour votre groupe dans les auberges les moins ch\u00e8res\",\"breadcrumb\":{\"@id\":\"https:\\\/\\\/feetuphostels.com\\\/fr\\\/reservation-de-groupe\\\/#breadcrumb\"},\"inLanguage\":\"fr-FR\",\"potentialAction\":[{\"@type\":\"ReadAction\",\"target\":[\"https:\\\/\\\/feetuphostels.com\\\/fr\\\/reservation-de-groupe\\\/\"]}]},{\"@type\":\"ImageObject\",\"inLanguage\":\"fr-FR\",\"@id\":\"https:\\\/\\\/feetuphostels.com\\\/fr\\\/reservation-de-groupe\\\/#primaryimage\",\"url\":\"https:\\\/\\\/feetuphostels.com\\\/wp-content\\\/uploads\\\/2022\\\/12\\\/groups-booking-people-feetuphostels.jpg\",\"contentUrl\":\"https:\\\/\\\/feetuphostels.com\\\/wp-content\\\/uploads\\\/2022\\\/12\\\/groups-booking-people-feetuphostels.jpg\",\"width\":697,\"height\":929,\"caption\":\"Rencontre un ami\"},{\"@type\":\"BreadcrumbList\",\"@id\":\"https:\\\/\\\/feetuphostels.com\\\/fr\\\/reservation-de-groupe\\\/#breadcrumb\",\"itemListElement\":[{\"@type\":\"ListItem\",\"position\":1,\"name\":\"Home\",\"item\":\"https:\\\/\\\/feetuphostels.com\\\/fr\\\/\"},{\"@type\":\"ListItem\",\"position\":2,\"name\":\"R\u00e9servation de Groupe\"}]},{\"@type\":\"WebSite\",\"@id\":\"https:\\\/\\\/feetuphostels.com\\\/fr\\\/#website\",\"url\":\"https:\\\/\\\/feetuphostels.com\\\/fr\\\/\",\"name\":\"Feet Up Hostels\",\"description\":\"Auberges de jeunesse et h\u00e9bergement \u00e0 Valence, Espagne. Nous sommes des sp\u00e9cialistes de la convivialit\u00e9\",\"publisher\":{\"@id\":\"https:\\\/\\\/feetuphostels.com\\\/fr\\\/#organization\"},\"alternateName\":\"Feet Up Hostels\",\"potentialAction\":[{\"@type\":\"SearchAction\",\"target\":{\"@type\":\"EntryPoint\",\"urlTemplate\":\"https:\\\/\\\/feetuphostels.com\\\/fr\\\/?s={search_term_string}\"},\"query-input\":{\"@type\":\"PropertyValueSpecification\",\"valueRequired\":true,\"valueName\":\"search_term_string\"}}],\"inLanguage\":\"fr-FR\"},{\"@type\":\"Organization\",\"@id\":\"https:\\\/\\\/feetuphostels.com\\\/fr\\\/#organization\",\"name\":\"Feet Up Hostels\",\"alternateName\":\"Feet Up Hostels\",\"url\":\"https:\\\/\\\/feetuphostels.com\\\/fr\\\/\",\"logo\":{\"@type\":\"ImageObject\",\"inLanguage\":\"fr-FR\",\"@id\":\"https:\\\/\\\/feetuphostels.com\\\/fr\\\/#\\\/schema\\\/logo\\\/image\\\/\",\"url\":\"https:\\\/\\\/feetuphostels.com\\\/wp-content\\\/uploads\\\/2019\\\/01\\\/logo-web-amp-feetuphostels.svg\",\"contentUrl\":\"https:\\\/\\\/feetuphostels.com\\\/wp-content\\\/uploads\\\/2019\\\/01\\\/logo-web-amp-feetuphostels.svg\",\"width\":1,\"height\":1,\"caption\":\"Feet Up Hostels\"},\"image\":{\"@id\":\"https:\\\/\\\/feetuphostels.com\\\/fr\\\/#\\\/schema\\\/logo\\\/image\\\/\"},\"sameAs\":[\"https:\\\/\\\/facebook.com\\\/feetuphostelsgroup\",\"https:\\\/\\\/x.com\\\/feetuphostels\",\"https:\\\/\\\/www.instagram.com\\\/feetuphostels\\\/\",\"https:\\\/\\\/www.tiktok.com\\\/@feetuphostels\",\"https:\\\/\\\/www.linkedin.com\\\/company\\\/feetuphostelsgroup\\\/\",\"https:\\\/\\\/www.pinterest.es\\\/FeetupHostels\\\/\",\"https:\\\/\\\/www.youtube.com\\\/feetuphostels\"]}]}<\/script>\n<!-- \/ Yoast SEO plugin. -->","yoast_head_json":{"title":"R\u00e9servations de groupes. R\u00e9servez une auberge pour votre groupe","description":"R\u00e9servations de groupes. R\u00e9servez une auberge pour votre groupe \u00e0 Barcelone, Valence, S\u00e9ville, Bilbao ou Madrid. Demandez un devis pour votre groupe dans les auberges les moins ch\u00e8res","robots":{"index":"index","follow":"follow","max-snippet":"max-snippet:-1","max-image-preview":"max-image-preview:large","max-video-preview":"max-video-preview:-1"},"canonical":"https:\/\/feetuphostels.com\/fr\/reservation-de-groupe\/","og_locale":"fr_FR","og_type":"article","og_title":"R\u00e9servations de groupes. R\u00e9servez une auberge pour votre groupe","og_description":"R\u00e9servations de groupes. R\u00e9servez une auberge pour votre groupe \u00e0 Barcelone, Valence, S\u00e9ville, Bilbao ou Madrid. Demandez un devis pour votre groupe dans les auberges les moins ch\u00e8res","og_url":"https:\/\/feetuphostels.com\/fr\/reservation-de-groupe\/","og_site_name":"Feet Up Hostels","article_publisher":"https:\/\/facebook.com\/feetuphostelsgroup","article_modified_time":"2024-11-05T12:32:38+00:00","og_image":[{"width":697,"height":929,"url":"https:\/\/feetuphostels.com\/wp-content\/uploads\/2022\/12\/groups-booking-people-feetuphostels.jpg","type":"image\/jpeg"}],"twitter_card":"summary_large_image","twitter_site":"@feetuphostels","twitter_misc":{"Dur\u00e9e de lecture estim\u00e9e":"1 minute"},"schema":{"@context":"https:\/\/schema.org","@graph":[{"@type":"WebPage","@id":"https:\/\/feetuphostels.com\/fr\/reservation-de-groupe\/","url":"https:\/\/feetuphostels.com\/fr\/reservation-de-groupe\/","name":"R\u00e9servations de groupes. R\u00e9servez une auberge pour votre groupe","isPartOf":{"@id":"https:\/\/feetuphostels.com\/fr\/#website"},"primaryImageOfPage":{"@id":"https:\/\/feetuphostels.com\/fr\/reservation-de-groupe\/#primaryimage"},"image":{"@id":"https:\/\/feetuphostels.com\/fr\/reservation-de-groupe\/#primaryimage"},"thumbnailUrl":"https:\/\/feetuphostels.com\/wp-content\/uploads\/2022\/12\/groups-booking-people-feetuphostels.jpg","datePublished":"2017-01-16T13:16:25+00:00","dateModified":"2024-11-05T12:32:38+00:00","description":"R\u00e9servations de groupes. R\u00e9servez une auberge pour votre groupe \u00e0 Barcelone, Valence, S\u00e9ville, Bilbao ou Madrid. Demandez un devis pour votre groupe dans les auberges les moins ch\u00e8res","breadcrumb":{"@id":"https:\/\/feetuphostels.com\/fr\/reservation-de-groupe\/#breadcrumb"},"inLanguage":"fr-FR","potentialAction":[{"@type":"ReadAction","target":["https:\/\/feetuphostels.com\/fr\/reservation-de-groupe\/"]}]},{"@type":"ImageObject","inLanguage":"fr-FR","@id":"https:\/\/feetuphostels.com\/fr\/reservation-de-groupe\/#primaryimage","url":"https:\/\/feetuphostels.com\/wp-content\/uploads\/2022\/12\/groups-booking-people-feetuphostels.jpg","contentUrl":"https:\/\/feetuphostels.com\/wp-content\/uploads\/2022\/12\/groups-booking-people-feetuphostels.jpg","width":697,"height":929,"caption":"Rencontre un ami"},{"@type":"BreadcrumbList","@id":"https:\/\/feetuphostels.com\/fr\/reservation-de-groupe\/#breadcrumb","itemListElement":[{"@type":"ListItem","position":1,"name":"Home","item":"https:\/\/feetuphostels.com\/fr\/"},{"@type":"ListItem","position":2,"name":"R\u00e9servation de Groupe"}]},{"@type":"WebSite","@id":"https:\/\/feetuphostels.com\/fr\/#website","url":"https:\/\/feetuphostels.com\/fr\/","name":"Feet Up Hostels","description":"Auberges de jeunesse et h\u00e9bergement \u00e0 Valence, Espagne. Nous sommes des sp\u00e9cialistes de la convivialit\u00e9","publisher":{"@id":"https:\/\/feetuphostels.com\/fr\/#organization"},"alternateName":"Feet Up Hostels","potentialAction":[{"@type":"SearchAction","target":{"@type":"EntryPoint","urlTemplate":"https:\/\/feetuphostels.com\/fr\/?s={search_term_string}"},"query-input":{"@type":"PropertyValueSpecification","valueRequired":true,"valueName":"search_term_string"}}],"inLanguage":"fr-FR"},{"@type":"Organization","@id":"https:\/\/feetuphostels.com\/fr\/#organization","name":"Feet Up Hostels","alternateName":"Feet Up Hostels","url":"https:\/\/feetuphostels.com\/fr\/","logo":{"@type":"ImageObject","inLanguage":"fr-FR","@id":"https:\/\/feetuphostels.com\/fr\/#\/schema\/logo\/image\/","url":"https:\/\/feetuphostels.com\/wp-content\/uploads\/2019\/01\/logo-web-amp-feetuphostels.svg","contentUrl":"https:\/\/feetuphostels.com\/wp-content\/uploads\/2019\/01\/logo-web-amp-feetuphostels.svg","width":1,"height":1,"caption":"Feet Up Hostels"},"image":{"@id":"https:\/\/feetuphostels.com\/fr\/#\/schema\/logo\/image\/"},"sameAs":["https:\/\/facebook.com\/feetuphostelsgroup","https:\/\/x.com\/feetuphostels","https:\/\/www.instagram.com\/feetuphostels\/","https:\/\/www.tiktok.com\/@feetuphostels","https:\/\/www.linkedin.com\/company\/feetuphostelsgroup\/","https:\/\/www.pinterest.es\/FeetupHostels\/","https:\/\/www.youtube.com\/feetuphostels"]}]}},"_links":{"self":[{"href":"https:\/\/feetuphostels.com\/fr\/wp-json\/wp\/v2\/pages\/2077","targetHints":{"allow":["GET"]}}],"collection":[{"href":"https:\/\/feetuphostels.com\/fr\/wp-json\/wp\/v2\/pages"}],"about":[{"href":"https:\/\/feetuphostels.com\/fr\/wp-json\/wp\/v2\/types\/page"}],"author":[{"embeddable":true,"href":"https:\/\/feetuphostels.com\/fr\/wp-json\/wp\/v2\/users\/13"}],"replies":[{"embeddable":true,"href":"https:\/\/feetuphostels.com\/fr\/wp-json\/wp\/v2\/comments?post=2077"}],"version-history":[{"count":0,"href":"https:\/\/feetuphostels.com\/fr\/wp-json\/wp\/v2\/pages\/2077\/revisions"}],"wp:featuredmedia":[{"embeddable":true,"href":"https:\/\/feetuphostels.com\/fr\/wp-json\/wp\/v2\/media\/204552"}],"wp:attachment":[{"href":"https:\/\/feetuphostels.com\/fr\/wp-json\/wp\/v2\/media?parent=2077"}],"curies":[{"name":"wp","href":"https:\/\/api.w.org\/{rel}","templated":true}]}}