{"id":2067,"date":"2017-01-20T09:48:34","date_gmt":"2017-01-20T08:48:34","guid":{"rendered":"https:\/\/feetuphostels.com\/customer\/"},"modified":"2024-11-04T11:50:24","modified_gmt":"2024-11-04T10:50:24","slug":"service-clientele","status":"publish","type":"page","link":"https:\/\/feetuphostels.com\/fr\/service-clientele\/","title":{"rendered":"Service \u00e0 la client\u00e8le"},"content":{"rendered":"\n<h1 class=\"wp-block-heading has-text-align-center\">Service \u00e0 la client\u00e8le<\/h1>\n\n<p>Notre <a href=\"https:\/\/feetuphostels.com\/fr\/auberges-jeunesse-espagne\/\">groupe Feet Up Hostels<\/a> repr\u00e9sente un r\u00e9seau dynamique et authentique d&rsquo;auberges de jeunesse, n\u00e9 d&rsquo;une v\u00e9ritable passion pour l&rsquo;esprit backpacking. Cr\u00e9\u00e9es par et pour des voyageurs infatigables, nos auberges sont le lieu de rencontre id\u00e9al pour les explorateurs modernes, les visiteurs de toutes les latitudes et ceux qui sont \u00e0 la recherche de nouvelles exp\u00e9riences et aventures.<\/p>\n\n<h2 class=\"wp-block-heading\">Tu es en voyage ?<\/h2>\n\n<p>Si vous planifiez votre prochaine grande aventure, vous savez que le choix de l&rsquo;h\u00e9bergement est essentiel pour votre exp\u00e9rience. Sur notre plateforme de r\u00e9servation pour auberges de jeunesse, nous facilitons non seulement le choix du lieu id\u00e9al, mais nous sommes \u00e9galement fiers de fournir un service client exceptionnel.<\/p>\n\n<h2 class=\"wp-block-heading\">Notre \u00e9quipe de professionnels.<\/h2>\n\n<p>Notre \u00e9quipe d\u00e9di\u00e9e de professionnels du service client est toujours pr\u00eate et dispos\u00e9e \u00e0 vous aider \u00e0 chaque \u00e9tape de votre voyage, depuis la phase de r\u00e9servation jusqu&rsquo;au moment de votre d\u00e9part. Nous comprenons que chaque voyageur est unique et a des besoins diff\u00e9rents, c&rsquo;est pourquoi nous nous effor\u00e7ons d&rsquo;offrir un service personnalis\u00e9 qui r\u00e9pond \u00e0 vos exigences individuelles.<\/p>\n\n<p>En plus de vous aider \u00e0 trouver l&rsquo;auberge de jeunesse qui correspond le mieux \u00e0 vos pr\u00e9f\u00e9rences et \u00e0 votre budget, notre \u00e9quipe peut vous fournir des informations pr\u00e9cieuses sur les installations de l&rsquo;auberge, les activit\u00e9s locales, des conseils de voyage et bien plus encore. Si vous avez des questions ou des pr\u00e9occupations, nous ne sommes qu&rsquo;\u00e0 un coup de t\u00e9l\u00e9phone ou un email.<\/p>\n\n<h2 class=\"wp-block-heading\">Notre promesse.<\/h2>\n\n<p>Notre service client est plus qu&rsquo;un service, c&rsquo;est une promesse de rendre votre voyage aussi agr\u00e9able et sans stress que possible. Nous croyons qu&rsquo;un bon service client peut faire la diff\u00e9rence dans vos voyages, transformant un bon s\u00e9jour en une exp\u00e9rience extraordinaire.<\/p>\n\n<p>Alors, \u00eates-vous pr\u00eat pour votre prochaine aventure? Parcourez <a href=\"https:\/\/feetuphostels.com\/fr\/reservation-feetup-hostels\/\">notre canal de r\u00e9servation<\/a> et d\u00e9couvrez la large gamme d&rsquo;auberges de jeunesse que nous avons \u00e0 offrir. Que vous soyez un routard exp\u00e9riment\u00e9 ou un voyageur novice, avec notre excellent service client, votre satisfaction est garantie.<\/p>\n\n<p>Nous avons h\u00e2te de vous voir bient\u00f4t dans l&rsquo;une de nos auberges de jeunesse!<\/p>\n\n<h2 class=\"wp-block-heading\" id=\"h-contact-details\">Contact details.<\/h2>\n\n<h3 class=\"wp-block-heading\">Service de r\u00e9servation et de vente.<\/h3>\n\n<ul class=\"wp-block-list\">\n<li><strong>Email:<\/strong>\u00a0<a href=\"mailto:comercial@feetuphostels.com\">comercial@feetuphostels.com<\/a><\/li>\n\n\n\n<li><strong>Centrale de r\u00e9servation:<\/strong>\u00a0<a href=\"callto:\/\/+34963285515\">+34 963 285 515<\/a><\/li>\n\n\n\n<li>Comercial:\u00a0Matias<\/li>\n<\/ul>\n\n<h3 class=\"wp-block-heading\">Service des r\u00e9servations de groupe<\/h3>\n\n<ul class=\"wp-block-list\">\n<li><strong>Email:<\/strong>\u00a0<a href=\"mailto:groups@feetuphostels.com\">groups@feetuphostels.com<\/a><\/li>\n\n\n\n<li><strong>Centrale de r\u00e9servation:<\/strong>\u00a0<a href=\"callto:\/\/+34963285515\">+34 963 285 515<\/a><\/li>\n\n\n\n<li><strong>Comercial:<\/strong>\u00a0Ana Benavent\u00a0<a href=\"mailto:groups@travelingroup.com\">groups@travelingroup.com<\/a><\/li>\n\n\n\n<li><strong>Comercial:<\/strong>\u00a0Mar\u00eda Poveda\u00a0<a href=\"mailto:comercial@travelingroup.com\">comercial@travelingroup.com<\/a><\/li>\n<\/ul>\n\n<h3 class=\"wp-block-heading\">G\u00e9n\u00e9ralit\u00e9s.<\/h3>\n\n<ul class=\"wp-block-list\">\n<li><strong>Informations:<\/strong>\u00a0<a href=\"mailto:info@feetuphostels.com\">info@feetuphostels.com<\/a><\/li>\n<\/ul>\n\n<h3 class=\"wp-block-heading\">Purple Nest Hostel Valencia<\/h3>\n\n<ul class=\"wp-block-list\">\n<li>R\u00e9ception: <a href=\"mailto:purplenest@feetuphostels.com\">purplenest@feetuphostels.com<\/a><\/li>\n<\/ul>\n\n<h3 class=\"wp-block-heading\">Red Nest Hostel Valencia<\/h3>\n\n<ul class=\"wp-block-list\">\n<li>R\u00e9ception: <a href=\"mailto:rednest@feetuphostels.com\" target=\"_blank\" rel=\"noreferrer noopener\">rednest@feetuphostels.com<\/a><\/li>\n<\/ul>\n\n<h3 class=\"wp-block-heading\">H\u00f4me Youth Hostel Valencia<\/h3>\n\n<ul class=\"wp-block-list\">\n<li>R\u00e9ception: <a href=\"mailto:youthhostel@homehostelsvalencia.com\" target=\"_blank\" rel=\"noreferrer noopener\">youthhostel@homehostelsvalencia.com<\/a><\/li>\n<\/ul>\n\n<h3 class=\"wp-block-heading\">Nest Style Valencia Hotel<\/h3>\n\n<ul class=\"wp-block-list\">\n<li>R\u00e9ception: <a href=\"mailto:reception@neststylevalencia.com\" target=\"_blank\" rel=\"noreferrer noopener\">reception@neststylevalencia.com<\/a><\/li>\n<\/ul>\n\n<p><\/p>\n","protected":false},"excerpt":{"rendered":"<p>Service client\u00e8le. Service et assistance \u00e0 la client\u00e8le, informations sur les clients Informations sur les contacts avec nos diff\u00e9rents services, contacte-nous !<\/p>\n","protected":false},"author":13,"featured_media":216310,"parent":0,"menu_order":0,"comment_status":"closed","ping_status":"closed","template":"","meta":{"footnotes":""},"class_list":["post-2067","page","type-page","status-publish","has-post-thumbnail","hentry"],"yoast_head":"<!-- This site is optimized with the Yoast SEO plugin v27.3 - https:\/\/yoast.com\/product\/yoast-seo-wordpress\/ -->\n<title>Clients. Service \u00e0 la client\u00e8le et support information client<\/title>\n<meta name=\"description\" content=\"Clients. Service \u00e0 la client\u00e8le et support information client. Contact avec nos diff\u00e9rents d\u00e9partements, contactez nous !\" \/>\n<meta name=\"robots\" content=\"index, follow, max-snippet:-1, max-image-preview:large, max-video-preview:-1\" \/>\n<link rel=\"canonical\" href=\"https:\/\/feetuphostels.com\/fr\/service-clientele\/\" \/>\n<meta property=\"og:locale\" content=\"fr_FR\" \/>\n<meta property=\"og:type\" content=\"article\" \/>\n<meta property=\"og:title\" content=\"Clients. Service \u00e0 la client\u00e8le et support information client\" \/>\n<meta property=\"og:description\" content=\"Clients. Service \u00e0 la client\u00e8le et support information client. Contact avec nos diff\u00e9rents d\u00e9partements, contactez nous !\" \/>\n<meta property=\"og:url\" content=\"https:\/\/feetuphostels.com\/fr\/service-clientele\/\" \/>\n<meta property=\"og:site_name\" content=\"Feet Up Hostels\" \/>\n<meta property=\"article:publisher\" content=\"https:\/\/facebook.com\/feetuphostelsgroup\" \/>\n<meta property=\"article:modified_time\" content=\"2024-11-04T10:50:24+00:00\" \/>\n<meta property=\"og:image\" content=\"https:\/\/feetuphostels.com\/wp-content\/uploads\/2023\/05\/customer-services-feetup-hostels.jpg\" \/>\n\t<meta property=\"og:image:width\" content=\"1024\" \/>\n\t<meta property=\"og:image:height\" content=\"680\" \/>\n\t<meta property=\"og:image:type\" content=\"image\/jpeg\" \/>\n<meta name=\"twitter:card\" content=\"summary_large_image\" \/>\n<meta name=\"twitter:site\" content=\"@feetuphostels\" \/>\n<meta name=\"twitter:label1\" content=\"Dur\u00e9e de lecture estim\u00e9e\" \/>\n\t<meta name=\"twitter:data1\" content=\"2 minutes\" \/>\n<script type=\"application\/ld+json\" class=\"yoast-schema-graph\">{\"@context\":\"https:\\\/\\\/schema.org\",\"@graph\":[{\"@type\":\"WebPage\",\"@id\":\"https:\\\/\\\/feetuphostels.com\\\/fr\\\/service-clientele\\\/\",\"url\":\"https:\\\/\\\/feetuphostels.com\\\/fr\\\/service-clientele\\\/\",\"name\":\"Clients. Service \u00e0 la client\u00e8le et support information client\",\"isPartOf\":{\"@id\":\"https:\\\/\\\/feetuphostels.com\\\/fr\\\/#website\"},\"primaryImageOfPage\":{\"@id\":\"https:\\\/\\\/feetuphostels.com\\\/fr\\\/service-clientele\\\/#primaryimage\"},\"image\":{\"@id\":\"https:\\\/\\\/feetuphostels.com\\\/fr\\\/service-clientele\\\/#primaryimage\"},\"thumbnailUrl\":\"https:\\\/\\\/feetuphostels.com\\\/wp-content\\\/uploads\\\/2023\\\/05\\\/customer-services-feetup-hostels.jpg\",\"datePublished\":\"2017-01-20T08:48:34+00:00\",\"dateModified\":\"2024-11-04T10:50:24+00:00\",\"description\":\"Clients. Service \u00e0 la client\u00e8le et support information client. Contact avec nos diff\u00e9rents d\u00e9partements, contactez nous !\",\"breadcrumb\":{\"@id\":\"https:\\\/\\\/feetuphostels.com\\\/fr\\\/service-clientele\\\/#breadcrumb\"},\"inLanguage\":\"fr-FR\",\"potentialAction\":[{\"@type\":\"ReadAction\",\"target\":[\"https:\\\/\\\/feetuphostels.com\\\/fr\\\/service-clientele\\\/\"]}]},{\"@type\":\"ImageObject\",\"inLanguage\":\"fr-FR\",\"@id\":\"https:\\\/\\\/feetuphostels.com\\\/fr\\\/service-clientele\\\/#primaryimage\",\"url\":\"https:\\\/\\\/feetuphostels.com\\\/wp-content\\\/uploads\\\/2023\\\/05\\\/customer-services-feetup-hostels.jpg\",\"contentUrl\":\"https:\\\/\\\/feetuphostels.com\\\/wp-content\\\/uploads\\\/2023\\\/05\\\/customer-services-feetup-hostels.jpg\",\"width\":1024,\"height\":680,\"caption\":\"Services \u00e0 la client\u00e8le Feet Up Hostels Group\"},{\"@type\":\"BreadcrumbList\",\"@id\":\"https:\\\/\\\/feetuphostels.com\\\/fr\\\/service-clientele\\\/#breadcrumb\",\"itemListElement\":[{\"@type\":\"ListItem\",\"position\":1,\"name\":\"Home\",\"item\":\"https:\\\/\\\/feetuphostels.com\\\/fr\\\/\"},{\"@type\":\"ListItem\",\"position\":2,\"name\":\"Service \u00e0 la client\u00e8le\"}]},{\"@type\":\"WebSite\",\"@id\":\"https:\\\/\\\/feetuphostels.com\\\/fr\\\/#website\",\"url\":\"https:\\\/\\\/feetuphostels.com\\\/fr\\\/\",\"name\":\"Feet Up Hostels\",\"description\":\"Auberges de jeunesse et h\u00e9bergement \u00e0 Valence, Espagne. Nous sommes des sp\u00e9cialistes de la convivialit\u00e9\",\"publisher\":{\"@id\":\"https:\\\/\\\/feetuphostels.com\\\/fr\\\/#organization\"},\"alternateName\":\"Feet Up Hostels\",\"potentialAction\":[{\"@type\":\"SearchAction\",\"target\":{\"@type\":\"EntryPoint\",\"urlTemplate\":\"https:\\\/\\\/feetuphostels.com\\\/fr\\\/?s={search_term_string}\"},\"query-input\":{\"@type\":\"PropertyValueSpecification\",\"valueRequired\":true,\"valueName\":\"search_term_string\"}}],\"inLanguage\":\"fr-FR\"},{\"@type\":\"Organization\",\"@id\":\"https:\\\/\\\/feetuphostels.com\\\/fr\\\/#organization\",\"name\":\"Feet Up Hostels\",\"alternateName\":\"Feet Up Hostels\",\"url\":\"https:\\\/\\\/feetuphostels.com\\\/fr\\\/\",\"logo\":{\"@type\":\"ImageObject\",\"inLanguage\":\"fr-FR\",\"@id\":\"https:\\\/\\\/feetuphostels.com\\\/fr\\\/#\\\/schema\\\/logo\\\/image\\\/\",\"url\":\"https:\\\/\\\/feetuphostels.com\\\/wp-content\\\/uploads\\\/2019\\\/01\\\/logo-web-amp-feetuphostels.svg\",\"contentUrl\":\"https:\\\/\\\/feetuphostels.com\\\/wp-content\\\/uploads\\\/2019\\\/01\\\/logo-web-amp-feetuphostels.svg\",\"width\":1,\"height\":1,\"caption\":\"Feet Up Hostels\"},\"image\":{\"@id\":\"https:\\\/\\\/feetuphostels.com\\\/fr\\\/#\\\/schema\\\/logo\\\/image\\\/\"},\"sameAs\":[\"https:\\\/\\\/facebook.com\\\/feetuphostelsgroup\",\"https:\\\/\\\/x.com\\\/feetuphostels\",\"https:\\\/\\\/www.instagram.com\\\/feetuphostels\\\/\",\"https:\\\/\\\/www.tiktok.com\\\/@feetuphostels\",\"https:\\\/\\\/www.linkedin.com\\\/company\\\/feetuphostelsgroup\\\/\",\"https:\\\/\\\/www.pinterest.es\\\/FeetupHostels\\\/\",\"https:\\\/\\\/www.youtube.com\\\/feetuphostels\"]}]}<\/script>\n<!-- \/ Yoast SEO plugin. -->","yoast_head_json":{"title":"Clients. Service \u00e0 la client\u00e8le et support information client","description":"Clients. Service \u00e0 la client\u00e8le et support information client. Contact avec nos diff\u00e9rents d\u00e9partements, contactez nous !","robots":{"index":"index","follow":"follow","max-snippet":"max-snippet:-1","max-image-preview":"max-image-preview:large","max-video-preview":"max-video-preview:-1"},"canonical":"https:\/\/feetuphostels.com\/fr\/service-clientele\/","og_locale":"fr_FR","og_type":"article","og_title":"Clients. Service \u00e0 la client\u00e8le et support information client","og_description":"Clients. Service \u00e0 la client\u00e8le et support information client. Contact avec nos diff\u00e9rents d\u00e9partements, contactez nous !","og_url":"https:\/\/feetuphostels.com\/fr\/service-clientele\/","og_site_name":"Feet Up Hostels","article_publisher":"https:\/\/facebook.com\/feetuphostelsgroup","article_modified_time":"2024-11-04T10:50:24+00:00","og_image":[{"width":1024,"height":680,"url":"https:\/\/feetuphostels.com\/wp-content\/uploads\/2023\/05\/customer-services-feetup-hostels.jpg","type":"image\/jpeg"}],"twitter_card":"summary_large_image","twitter_site":"@feetuphostels","twitter_misc":{"Dur\u00e9e de lecture estim\u00e9e":"2 minutes"},"schema":{"@context":"https:\/\/schema.org","@graph":[{"@type":"WebPage","@id":"https:\/\/feetuphostels.com\/fr\/service-clientele\/","url":"https:\/\/feetuphostels.com\/fr\/service-clientele\/","name":"Clients. Service \u00e0 la client\u00e8le et support information client","isPartOf":{"@id":"https:\/\/feetuphostels.com\/fr\/#website"},"primaryImageOfPage":{"@id":"https:\/\/feetuphostels.com\/fr\/service-clientele\/#primaryimage"},"image":{"@id":"https:\/\/feetuphostels.com\/fr\/service-clientele\/#primaryimage"},"thumbnailUrl":"https:\/\/feetuphostels.com\/wp-content\/uploads\/2023\/05\/customer-services-feetup-hostels.jpg","datePublished":"2017-01-20T08:48:34+00:00","dateModified":"2024-11-04T10:50:24+00:00","description":"Clients. Service \u00e0 la client\u00e8le et support information client. Contact avec nos diff\u00e9rents d\u00e9partements, contactez nous !","breadcrumb":{"@id":"https:\/\/feetuphostels.com\/fr\/service-clientele\/#breadcrumb"},"inLanguage":"fr-FR","potentialAction":[{"@type":"ReadAction","target":["https:\/\/feetuphostels.com\/fr\/service-clientele\/"]}]},{"@type":"ImageObject","inLanguage":"fr-FR","@id":"https:\/\/feetuphostels.com\/fr\/service-clientele\/#primaryimage","url":"https:\/\/feetuphostels.com\/wp-content\/uploads\/2023\/05\/customer-services-feetup-hostels.jpg","contentUrl":"https:\/\/feetuphostels.com\/wp-content\/uploads\/2023\/05\/customer-services-feetup-hostels.jpg","width":1024,"height":680,"caption":"Services \u00e0 la client\u00e8le Feet Up Hostels Group"},{"@type":"BreadcrumbList","@id":"https:\/\/feetuphostels.com\/fr\/service-clientele\/#breadcrumb","itemListElement":[{"@type":"ListItem","position":1,"name":"Home","item":"https:\/\/feetuphostels.com\/fr\/"},{"@type":"ListItem","position":2,"name":"Service \u00e0 la client\u00e8le"}]},{"@type":"WebSite","@id":"https:\/\/feetuphostels.com\/fr\/#website","url":"https:\/\/feetuphostels.com\/fr\/","name":"Feet Up Hostels","description":"Auberges de jeunesse et h\u00e9bergement \u00e0 Valence, Espagne. Nous sommes des sp\u00e9cialistes de la convivialit\u00e9","publisher":{"@id":"https:\/\/feetuphostels.com\/fr\/#organization"},"alternateName":"Feet Up Hostels","potentialAction":[{"@type":"SearchAction","target":{"@type":"EntryPoint","urlTemplate":"https:\/\/feetuphostels.com\/fr\/?s={search_term_string}"},"query-input":{"@type":"PropertyValueSpecification","valueRequired":true,"valueName":"search_term_string"}}],"inLanguage":"fr-FR"},{"@type":"Organization","@id":"https:\/\/feetuphostels.com\/fr\/#organization","name":"Feet Up Hostels","alternateName":"Feet Up Hostels","url":"https:\/\/feetuphostels.com\/fr\/","logo":{"@type":"ImageObject","inLanguage":"fr-FR","@id":"https:\/\/feetuphostels.com\/fr\/#\/schema\/logo\/image\/","url":"https:\/\/feetuphostels.com\/wp-content\/uploads\/2019\/01\/logo-web-amp-feetuphostels.svg","contentUrl":"https:\/\/feetuphostels.com\/wp-content\/uploads\/2019\/01\/logo-web-amp-feetuphostels.svg","width":1,"height":1,"caption":"Feet Up Hostels"},"image":{"@id":"https:\/\/feetuphostels.com\/fr\/#\/schema\/logo\/image\/"},"sameAs":["https:\/\/facebook.com\/feetuphostelsgroup","https:\/\/x.com\/feetuphostels","https:\/\/www.instagram.com\/feetuphostels\/","https:\/\/www.tiktok.com\/@feetuphostels","https:\/\/www.linkedin.com\/company\/feetuphostelsgroup\/","https:\/\/www.pinterest.es\/FeetupHostels\/","https:\/\/www.youtube.com\/feetuphostels"]}]}},"_links":{"self":[{"href":"https:\/\/feetuphostels.com\/fr\/wp-json\/wp\/v2\/pages\/2067","targetHints":{"allow":["GET"]}}],"collection":[{"href":"https:\/\/feetuphostels.com\/fr\/wp-json\/wp\/v2\/pages"}],"about":[{"href":"https:\/\/feetuphostels.com\/fr\/wp-json\/wp\/v2\/types\/page"}],"author":[{"embeddable":true,"href":"https:\/\/feetuphostels.com\/fr\/wp-json\/wp\/v2\/users\/13"}],"replies":[{"embeddable":true,"href":"https:\/\/feetuphostels.com\/fr\/wp-json\/wp\/v2\/comments?post=2067"}],"version-history":[{"count":0,"href":"https:\/\/feetuphostels.com\/fr\/wp-json\/wp\/v2\/pages\/2067\/revisions"}],"wp:featuredmedia":[{"embeddable":true,"href":"https:\/\/feetuphostels.com\/fr\/wp-json\/wp\/v2\/media\/216310"}],"wp:attachment":[{"href":"https:\/\/feetuphostels.com\/fr\/wp-json\/wp\/v2\/media?parent=2067"}],"curies":[{"name":"wp","href":"https:\/\/api.w.org\/{rel}","templated":true}]}}