{"id":2061,"date":"2017-01-20T16:01:11","date_gmt":"2017-01-20T15:01:11","guid":{"rendered":"https:\/\/feetuphostels.com\/book-safe\/"},"modified":"2024-11-09T13:25:50","modified_gmt":"2024-11-09T12:25:50","slug":"paiement-securise","status":"publish","type":"page","link":"https:\/\/feetuphostels.com\/fr\/paiement-securise\/","title":{"rendered":"R\u00e9servation s\u00e9curis\u00e9e avec Feet Up Hostels"},"content":{"rendered":"\n<h1 class=\"wp-block-heading has-text-align-center\">R\u00e9servation s\u00e9curis\u00e9e avec Feet Up Hostels<\/h1>\n\n<h2 class=\"wp-block-heading\" id=\"h-is-it-safe-to-book-with-us\">Est-il s\u00e9curitaire de r\u00e9server avec nous?<\/h2>\n\n<p>Vous \u00eates-vous d\u00e9j\u00e0 demand\u00e9 s&rsquo;il est s\u00fbr de r\u00e9server par l&rsquo;interm\u00e9diaire de Feet Up Hostels ? Est-il pr\u00e9f\u00e9rable de r\u00e9server directement aupr\u00e8s de l&rsquo;auberge ou via booking.com?<\/p>\n\n<p>Parfois, on peut avoir l&rsquo;impression que des portails comme booking.com offrent des prix plus bas, mais&#8230; est-ce vraiment le cas?<\/p>\n\n<p>Aujourd&rsquo;hui, nous voulons partager avec vous 4 raisons pour lesquelles il est dans votre int\u00e9r\u00eat de r\u00e9server directement avec nous, plut\u00f4t que par l&rsquo;interm\u00e9diaire d&rsquo;un portail tiers. <\/p>\n\n<p>Alors, oublions Expedia, Hotels.com, Booking.com et les autres. La meilleure chambre, le meilleur prix, le meilleur service et le meilleur s\u00e9jour sont juste ici, lorsque vous r\u00e9servez directement avec Feet Up Hostels.<\/p>\n\n<p><strong>R\u00e9server en toute s\u00e9curit\u00e9 avec Feet Up Hostels<\/strong><\/p>\n\n<h3 class=\"wp-block-heading\">Responsabilit\u00e9<\/h3>\n\n<p>Lorsque seuls vous (le client) et nous (l&rsquo;auberge) sommes impliqu\u00e9s dans la r\u00e9servation, tout est plus clair et simple car il n&rsquo;y a pas d&rsquo;autres parties impliqu\u00e9es. Lorsqu&rsquo;un tiers comme Booking ou Expedia s&rsquo;en m\u00eale, les choses peuvent se compliquer. Parfois, les r\u00e9servations ne sont pas correctement trait\u00e9es en raison de probl\u00e8mes techniques, et l&rsquo;auberge est injustement accus\u00e9e.<\/p>\n\n<p>Cela peut vous laisser sans chambre ou avec une chambre que vous ne vouliez pas. Vous voulez \u00e9viter les cauchemars? Consultez <a href=\"http:\/\/www.consumeraffairs.com\/\" target=\"_blank\" rel=\"noreferrer noopener\">ConsumerAffairs.com<\/a>, o\u00f9 Booking.com a re\u00e7u <a href=\"https:\/\/www.consumeraffairs.com\/travel\/booking_com.html\" target=\"_blank\" rel=\"noopener\">2\/5 \u00e9toiles sur plus de 1 300 avis.<\/a><\/p>\n\n<h3 class=\"wp-block-heading\">\u00c9galisation des prix<\/h3>\n\n<p>Le seul avantage apparent de r\u00e9server par l&rsquo;interm\u00e9diaire de sites comme Booking.com, Expedia ou HostelWorld est qu&rsquo;ils semblent offrir les prix les plus bas, m\u00eame si ce n&rsquo;est que de quelques euros. Mais voici l&rsquo;astuce : la plupart des auberges, surtout les cha\u00eenes d&rsquo;auberges comme nous, peuvent \u00e9galer n&rsquo;importe quel prix.<\/p>\n\n<p>Tout ce que vous avez \u00e0 faire est de nous envoyer le prix le moins cher que vous avez trouv\u00e9 ailleurs pour les m\u00eames dates \u00e0 notre r\u00e9ception. Nous ne nous contenterons pas d&rsquo;\u00e9galiser le prix le plus bas que vous avez trouv\u00e9, nous vous offrirons \u00e9galement une r\u00e9duction suppl\u00e9mentaire allant jusqu&rsquo;\u00e0 10%.<\/p>\n\n<h3 class=\"wp-block-heading\">Choix de la chambre<\/h3>\n\n<p>Nous ne vendons que certains types de chambres par l&rsquo;interm\u00e9diaire d&rsquo;autres canaux. Nous r\u00e9servons les meilleures chambres, au meilleur prix, avec la plus grande vari\u00e9t\u00e9 possible pour les vendre directement sur notre site web. Cela fait une grande diff\u00e9rence lorsqu&rsquo;il s&rsquo;agit d&rsquo;une chambre standard ou priv\u00e9e.<\/p>\n\n<h3 class=\"wp-block-heading\">Plus de flexibilit\u00e9<\/h3>\n\n<p>Lorsque vous r\u00e9servez directement, notre \u00e9quipe donnera la priorit\u00e9 \u00e0 votre demande pour r\u00e9soudre tout probl\u00e8me que vous pourriez rencontrer. Vous pouvez modifier ou m\u00eame annuler la r\u00e9servation, car elle ne sera pas soumise \u00e0 un accord avec des tiers.<\/p>\n\n<p>R\u00e9server une chambre par l&rsquo;interm\u00e9diaire d&rsquo;un canal de r\u00e9servation externe cr\u00e9e essentiellement un contrat pour votre s\u00e9jour, ce qui peut limiter la marge de man\u0153<\/p>\n\n<h3 class=\"wp-block-heading\" id=\"h-booking-directly-is-always-much-better-it-is-safer-it-is-faster-more-comfortable-more-economical-and-with-greater-benefits-for-you-as-a-guest\">R\u00e9server directement est toujours beaucoup mieux, c&rsquo;est plus s\u00fbr, c&rsquo;est plus rapide, plus confortable, plus \u00e9conomique et avec de plus grands avantages pour vous en tant qu&rsquo;invit\u00e9.<\/h3>\n\n<p><\/p>\n","protected":false},"excerpt":{"rendered":"<p>R\u00e9servation en toute s\u00e9curit\u00e9 avec Feet Up Hostels | FeetUpHostels.com est-il s\u00fbr ? | Est-ce qu&rsquo;il est s\u00fbr de r\u00e9server avec nous ?<br \/>\nTu t&rsquo;es s\u00fbrement d\u00e9j\u00e0 pos\u00e9 la question \u00e0 plusieurs reprises :<br \/>\n&#8211; Est-il pr\u00e9f\u00e9rable de r\u00e9server directement aupr\u00e8s d&rsquo;une auberge ou sur booking.com ?<br \/>\n&#8211; Pourquoi est-il pr\u00e9f\u00e9rable de r\u00e9server directement aupr\u00e8s d&rsquo;une auberge plut\u00f4t qu&rsquo;aupr\u00e8s de booking.com ou d&rsquo;un autre canal de r\u00e9servation ?<br \/>\n&#8211; Pourquoi booking.com ou d&rsquo;autres canaux de r\u00e9servation proposent-ils de meilleurs prix que l&rsquo;auberge directement ?<\/p>\n","protected":false},"author":13,"featured_media":206476,"parent":0,"menu_order":0,"comment_status":"closed","ping_status":"closed","template":"","meta":{"footnotes":""},"class_list":["post-2061","page","type-page","status-publish","has-post-thumbnail","hentry"],"yoast_head":"<!-- This site is optimized with the Yoast SEO plugin v27.4 - https:\/\/yoast.com\/product\/yoast-seo-wordpress\/ -->\n<title>R\u00e9servation s\u00e9curis\u00e9e. R\u00e9servation en ligne s\u00e9curis\u00e9e au groupe Feet Up Hostels<\/title>\n<meta name=\"description\" content=\"R\u00e9servation s\u00e9curis\u00e9e. R\u00e9servations en ligne s\u00e9curis\u00e9es chez Feet Up Hostels Barcelone et Valence. Paiement via une plateforme s\u00e9curis\u00e9e avec certificat SSL\" \/>\n<meta name=\"robots\" content=\"index, follow, max-snippet:-1, max-image-preview:large, max-video-preview:-1\" \/>\n<link rel=\"canonical\" href=\"https:\/\/feetuphostels.com\/fr\/paiement-securise\/\" \/>\n<meta property=\"og:locale\" content=\"fr_FR\" \/>\n<meta property=\"og:type\" content=\"article\" \/>\n<meta property=\"og:title\" content=\"R\u00e9servation s\u00e9curis\u00e9e. R\u00e9servation en ligne s\u00e9curis\u00e9e au groupe Feet Up Hostels\" \/>\n<meta property=\"og:description\" content=\"R\u00e9servation s\u00e9curis\u00e9e. R\u00e9servations en ligne s\u00e9curis\u00e9es chez Feet Up Hostels Barcelone et Valence. Paiement via une plateforme s\u00e9curis\u00e9e avec certificat SSL\" \/>\n<meta property=\"og:url\" content=\"https:\/\/feetuphostels.com\/fr\/paiement-securise\/\" \/>\n<meta property=\"og:site_name\" content=\"Feet Up Hostels\" \/>\n<meta property=\"article:publisher\" content=\"https:\/\/facebook.com\/feetuphostelsgroup\" \/>\n<meta property=\"article:modified_time\" content=\"2024-11-09T12:25:50+00:00\" \/>\n<meta property=\"og:image\" content=\"https:\/\/feetuphostels.com\/wp-content\/uploads\/2022\/12\/safe-booking-feetuphostels.jpg\" \/>\n\t<meta property=\"og:image:width\" content=\"1024\" \/>\n\t<meta property=\"og:image:height\" content=\"680\" \/>\n\t<meta property=\"og:image:type\" content=\"image\/jpeg\" \/>\n<meta name=\"twitter:card\" content=\"summary_large_image\" \/>\n<meta name=\"twitter:site\" content=\"@feetuphostels\" \/>\n<meta name=\"twitter:label1\" content=\"Dur\u00e9e de lecture estim\u00e9e\" \/>\n\t<meta name=\"twitter:data1\" content=\"3 minutes\" \/>\n<script type=\"application\/ld+json\" class=\"yoast-schema-graph\">{\"@context\":\"https:\\\/\\\/schema.org\",\"@graph\":[{\"@type\":\"WebPage\",\"@id\":\"https:\\\/\\\/feetuphostels.com\\\/fr\\\/paiement-securise\\\/\",\"url\":\"https:\\\/\\\/feetuphostels.com\\\/fr\\\/paiement-securise\\\/\",\"name\":\"R\u00e9servation s\u00e9curis\u00e9e. R\u00e9servation en ligne s\u00e9curis\u00e9e au groupe Feet Up Hostels\",\"isPartOf\":{\"@id\":\"https:\\\/\\\/feetuphostels.com\\\/fr\\\/#website\"},\"primaryImageOfPage\":{\"@id\":\"https:\\\/\\\/feetuphostels.com\\\/fr\\\/paiement-securise\\\/#primaryimage\"},\"image\":{\"@id\":\"https:\\\/\\\/feetuphostels.com\\\/fr\\\/paiement-securise\\\/#primaryimage\"},\"thumbnailUrl\":\"https:\\\/\\\/feetuphostels.com\\\/wp-content\\\/uploads\\\/2022\\\/12\\\/safe-booking-feetuphostels.jpg\",\"datePublished\":\"2017-01-20T15:01:11+00:00\",\"dateModified\":\"2024-11-09T12:25:50+00:00\",\"description\":\"R\u00e9servation s\u00e9curis\u00e9e. R\u00e9servations en ligne s\u00e9curis\u00e9es chez Feet Up Hostels Barcelone et Valence. Paiement via une plateforme s\u00e9curis\u00e9e avec certificat SSL\",\"breadcrumb\":{\"@id\":\"https:\\\/\\\/feetuphostels.com\\\/fr\\\/paiement-securise\\\/#breadcrumb\"},\"inLanguage\":\"fr-FR\",\"potentialAction\":[{\"@type\":\"ReadAction\",\"target\":[\"https:\\\/\\\/feetuphostels.com\\\/fr\\\/paiement-securise\\\/\"]}]},{\"@type\":\"ImageObject\",\"inLanguage\":\"fr-FR\",\"@id\":\"https:\\\/\\\/feetuphostels.com\\\/fr\\\/paiement-securise\\\/#primaryimage\",\"url\":\"https:\\\/\\\/feetuphostels.com\\\/wp-content\\\/uploads\\\/2022\\\/12\\\/safe-booking-feetuphostels.jpg\",\"contentUrl\":\"https:\\\/\\\/feetuphostels.com\\\/wp-content\\\/uploads\\\/2022\\\/12\\\/safe-booking-feetuphostels.jpg\",\"width\":1024,\"height\":680,\"caption\":\"R\u00e9servation s\u00e9curis\u00e9e avec Feet Up Hostels\"},{\"@type\":\"BreadcrumbList\",\"@id\":\"https:\\\/\\\/feetuphostels.com\\\/fr\\\/paiement-securise\\\/#breadcrumb\",\"itemListElement\":[{\"@type\":\"ListItem\",\"position\":1,\"name\":\"Home\",\"item\":\"https:\\\/\\\/feetuphostels.com\\\/fr\\\/\"},{\"@type\":\"ListItem\",\"position\":2,\"name\":\"R\u00e9servation s\u00e9curis\u00e9e avec Feet Up Hostels\"}]},{\"@type\":\"WebSite\",\"@id\":\"https:\\\/\\\/feetuphostels.com\\\/fr\\\/#website\",\"url\":\"https:\\\/\\\/feetuphostels.com\\\/fr\\\/\",\"name\":\"Feet Up Hostels\",\"description\":\"Auberges de jeunesse et h\u00e9bergement \u00e0 Valence, Espagne. Nous sommes des sp\u00e9cialistes de la convivialit\u00e9\",\"publisher\":{\"@id\":\"https:\\\/\\\/feetuphostels.com\\\/fr\\\/#organization\"},\"alternateName\":\"Feet Up Hostels\",\"potentialAction\":[{\"@type\":\"SearchAction\",\"target\":{\"@type\":\"EntryPoint\",\"urlTemplate\":\"https:\\\/\\\/feetuphostels.com\\\/fr\\\/?s={search_term_string}\"},\"query-input\":{\"@type\":\"PropertyValueSpecification\",\"valueRequired\":true,\"valueName\":\"search_term_string\"}}],\"inLanguage\":\"fr-FR\"},{\"@type\":\"Organization\",\"@id\":\"https:\\\/\\\/feetuphostels.com\\\/fr\\\/#organization\",\"name\":\"Feet Up Hostels\",\"alternateName\":\"Feet Up Hostels\",\"url\":\"https:\\\/\\\/feetuphostels.com\\\/fr\\\/\",\"logo\":{\"@type\":\"ImageObject\",\"inLanguage\":\"fr-FR\",\"@id\":\"https:\\\/\\\/feetuphostels.com\\\/fr\\\/#\\\/schema\\\/logo\\\/image\\\/\",\"url\":\"https:\\\/\\\/feetuphostels.com\\\/wp-content\\\/uploads\\\/2019\\\/01\\\/logo-web-amp-feetuphostels.svg\",\"contentUrl\":\"https:\\\/\\\/feetuphostels.com\\\/wp-content\\\/uploads\\\/2019\\\/01\\\/logo-web-amp-feetuphostels.svg\",\"width\":1,\"height\":1,\"caption\":\"Feet Up Hostels\"},\"image\":{\"@id\":\"https:\\\/\\\/feetuphostels.com\\\/fr\\\/#\\\/schema\\\/logo\\\/image\\\/\"},\"sameAs\":[\"https:\\\/\\\/facebook.com\\\/feetuphostelsgroup\",\"https:\\\/\\\/x.com\\\/feetuphostels\",\"https:\\\/\\\/www.instagram.com\\\/feetuphostels\\\/\",\"https:\\\/\\\/www.tiktok.com\\\/@feetuphostels\",\"https:\\\/\\\/www.linkedin.com\\\/company\\\/feetuphostelsgroup\\\/\",\"https:\\\/\\\/www.pinterest.es\\\/FeetupHostels\\\/\",\"https:\\\/\\\/www.youtube.com\\\/feetuphostels\"]}]}<\/script>\n<!-- \/ Yoast SEO plugin. -->","yoast_head_json":{"title":"R\u00e9servation s\u00e9curis\u00e9e. R\u00e9servation en ligne s\u00e9curis\u00e9e au groupe Feet Up Hostels","description":"R\u00e9servation s\u00e9curis\u00e9e. R\u00e9servations en ligne s\u00e9curis\u00e9es chez Feet Up Hostels Barcelone et Valence. Paiement via une plateforme s\u00e9curis\u00e9e avec certificat SSL","robots":{"index":"index","follow":"follow","max-snippet":"max-snippet:-1","max-image-preview":"max-image-preview:large","max-video-preview":"max-video-preview:-1"},"canonical":"https:\/\/feetuphostels.com\/fr\/paiement-securise\/","og_locale":"fr_FR","og_type":"article","og_title":"R\u00e9servation s\u00e9curis\u00e9e. R\u00e9servation en ligne s\u00e9curis\u00e9e au groupe Feet Up Hostels","og_description":"R\u00e9servation s\u00e9curis\u00e9e. R\u00e9servations en ligne s\u00e9curis\u00e9es chez Feet Up Hostels Barcelone et Valence. Paiement via une plateforme s\u00e9curis\u00e9e avec certificat SSL","og_url":"https:\/\/feetuphostels.com\/fr\/paiement-securise\/","og_site_name":"Feet Up Hostels","article_publisher":"https:\/\/facebook.com\/feetuphostelsgroup","article_modified_time":"2024-11-09T12:25:50+00:00","og_image":[{"width":1024,"height":680,"url":"https:\/\/feetuphostels.com\/wp-content\/uploads\/2022\/12\/safe-booking-feetuphostels.jpg","type":"image\/jpeg"}],"twitter_card":"summary_large_image","twitter_site":"@feetuphostels","twitter_misc":{"Dur\u00e9e de lecture estim\u00e9e":"3 minutes"},"schema":{"@context":"https:\/\/schema.org","@graph":[{"@type":"WebPage","@id":"https:\/\/feetuphostels.com\/fr\/paiement-securise\/","url":"https:\/\/feetuphostels.com\/fr\/paiement-securise\/","name":"R\u00e9servation s\u00e9curis\u00e9e. R\u00e9servation en ligne s\u00e9curis\u00e9e au groupe Feet Up Hostels","isPartOf":{"@id":"https:\/\/feetuphostels.com\/fr\/#website"},"primaryImageOfPage":{"@id":"https:\/\/feetuphostels.com\/fr\/paiement-securise\/#primaryimage"},"image":{"@id":"https:\/\/feetuphostels.com\/fr\/paiement-securise\/#primaryimage"},"thumbnailUrl":"https:\/\/feetuphostels.com\/wp-content\/uploads\/2022\/12\/safe-booking-feetuphostels.jpg","datePublished":"2017-01-20T15:01:11+00:00","dateModified":"2024-11-09T12:25:50+00:00","description":"R\u00e9servation s\u00e9curis\u00e9e. R\u00e9servations en ligne s\u00e9curis\u00e9es chez Feet Up Hostels Barcelone et Valence. Paiement via une plateforme s\u00e9curis\u00e9e avec certificat SSL","breadcrumb":{"@id":"https:\/\/feetuphostels.com\/fr\/paiement-securise\/#breadcrumb"},"inLanguage":"fr-FR","potentialAction":[{"@type":"ReadAction","target":["https:\/\/feetuphostels.com\/fr\/paiement-securise\/"]}]},{"@type":"ImageObject","inLanguage":"fr-FR","@id":"https:\/\/feetuphostels.com\/fr\/paiement-securise\/#primaryimage","url":"https:\/\/feetuphostels.com\/wp-content\/uploads\/2022\/12\/safe-booking-feetuphostels.jpg","contentUrl":"https:\/\/feetuphostels.com\/wp-content\/uploads\/2022\/12\/safe-booking-feetuphostels.jpg","width":1024,"height":680,"caption":"R\u00e9servation s\u00e9curis\u00e9e avec Feet Up Hostels"},{"@type":"BreadcrumbList","@id":"https:\/\/feetuphostels.com\/fr\/paiement-securise\/#breadcrumb","itemListElement":[{"@type":"ListItem","position":1,"name":"Home","item":"https:\/\/feetuphostels.com\/fr\/"},{"@type":"ListItem","position":2,"name":"R\u00e9servation s\u00e9curis\u00e9e avec Feet Up Hostels"}]},{"@type":"WebSite","@id":"https:\/\/feetuphostels.com\/fr\/#website","url":"https:\/\/feetuphostels.com\/fr\/","name":"Feet Up Hostels","description":"Auberges de jeunesse et h\u00e9bergement \u00e0 Valence, Espagne. Nous sommes des sp\u00e9cialistes de la convivialit\u00e9","publisher":{"@id":"https:\/\/feetuphostels.com\/fr\/#organization"},"alternateName":"Feet Up Hostels","potentialAction":[{"@type":"SearchAction","target":{"@type":"EntryPoint","urlTemplate":"https:\/\/feetuphostels.com\/fr\/?s={search_term_string}"},"query-input":{"@type":"PropertyValueSpecification","valueRequired":true,"valueName":"search_term_string"}}],"inLanguage":"fr-FR"},{"@type":"Organization","@id":"https:\/\/feetuphostels.com\/fr\/#organization","name":"Feet Up Hostels","alternateName":"Feet Up Hostels","url":"https:\/\/feetuphostels.com\/fr\/","logo":{"@type":"ImageObject","inLanguage":"fr-FR","@id":"https:\/\/feetuphostels.com\/fr\/#\/schema\/logo\/image\/","url":"https:\/\/feetuphostels.com\/wp-content\/uploads\/2019\/01\/logo-web-amp-feetuphostels.svg","contentUrl":"https:\/\/feetuphostels.com\/wp-content\/uploads\/2019\/01\/logo-web-amp-feetuphostels.svg","width":1,"height":1,"caption":"Feet Up Hostels"},"image":{"@id":"https:\/\/feetuphostels.com\/fr\/#\/schema\/logo\/image\/"},"sameAs":["https:\/\/facebook.com\/feetuphostelsgroup","https:\/\/x.com\/feetuphostels","https:\/\/www.instagram.com\/feetuphostels\/","https:\/\/www.tiktok.com\/@feetuphostels","https:\/\/www.linkedin.com\/company\/feetuphostelsgroup\/","https:\/\/www.pinterest.es\/FeetupHostels\/","https:\/\/www.youtube.com\/feetuphostels"]}]}},"_links":{"self":[{"href":"https:\/\/feetuphostels.com\/fr\/wp-json\/wp\/v2\/pages\/2061","targetHints":{"allow":["GET"]}}],"collection":[{"href":"https:\/\/feetuphostels.com\/fr\/wp-json\/wp\/v2\/pages"}],"about":[{"href":"https:\/\/feetuphostels.com\/fr\/wp-json\/wp\/v2\/types\/page"}],"author":[{"embeddable":true,"href":"https:\/\/feetuphostels.com\/fr\/wp-json\/wp\/v2\/users\/13"}],"replies":[{"embeddable":true,"href":"https:\/\/feetuphostels.com\/fr\/wp-json\/wp\/v2\/comments?post=2061"}],"version-history":[{"count":0,"href":"https:\/\/feetuphostels.com\/fr\/wp-json\/wp\/v2\/pages\/2061\/revisions"}],"wp:featuredmedia":[{"embeddable":true,"href":"https:\/\/feetuphostels.com\/fr\/wp-json\/wp\/v2\/media\/206476"}],"wp:attachment":[{"href":"https:\/\/feetuphostels.com\/fr\/wp-json\/wp\/v2\/media?parent=2061"}],"curies":[{"name":"wp","href":"https:\/\/api.w.org\/{rel}","templated":true}]}}