{"id":205983,"date":"2022-12-15T10:15:38","date_gmt":"2022-12-15T09:15:38","guid":{"rendered":"https:\/\/feetuphostels.com\/reservation-home-backpackers-valencia\/"},"modified":"2024-11-02T18:14:08","modified_gmt":"2024-11-02T17:14:08","slug":"reservation-home-backpackers-valencia","status":"publish","type":"page","link":"https:\/\/feetuphostels.com\/fr\/reservation-home-backpackers-valencia\/","title":{"rendered":"R\u00e9servation H\u00f4me Backpackers Valencia"},"content":{"rendered":"\n<h1 class=\"wp-block-heading has-text-align-center\" id=\"h-booking-home-backpackers-hostel\">R\u00e9servez d\u00e8s maintenant \u00e0 l&rsquo;H\u00f4me Backpackers Valencia<\/h1>\n\n<iframe src=\"https:\/\/feetup-youth-hostel-dot-feetup-hotels.appspot.com\/booking1\/?adultsRoom1=1&#038;language=english\" width=\"100%\" height=\"1800px\" style=\"border:0;\"><\/iframe>\r\n","protected":false},"excerpt":{"rendered":"<p>R\u00e9servation H\u00f4tel Backpackers Valencia \u00ae R\u00e9servez un lit maintenant au meilleur prix \u00e0 Valence, sans frais de r\u00e9servation, confirmation imm\u00e9diate, annulation gratuite. Ce b\u00e2timent r\u00e9cemment restaur\u00e9 dans le centre de Valence dispose d&rsquo;une connexion Wi-Fi gratuite et est la seule auberge de jeunesse \u00e0 Valence \u00e0 proposer des lits simples au lieu de lits superpos\u00e9s<\/p>\n","protected":false},"author":13,"featured_media":0,"parent":0,"menu_order":0,"comment_status":"closed","ping_status":"closed","template":"","meta":{"footnotes":""},"class_list":["post-205983","page","type-page","status-publish","hentry"],"yoast_head":"<!-- This site is optimized with the Yoast SEO plugin v27.4 - https:\/\/yoast.com\/product\/yoast-seo-wordpress\/ -->\n<title>R\u00e9servation H\u00f4me Backpackers Hostel \u00ae R\u00e9servez un lit au meilleur prix<\/title>\n<meta name=\"description\" content=\"R\u00e9servation H\u00f4me Backpackers Valencia \u00ae R\u00e9servez un lit maintenant au meilleur prix \u00e0 Valence, sans frais de r\u00e9servation, confirmation imm\u00e9diate, annulation gratuite\" \/>\n<meta name=\"robots\" content=\"index, follow, max-snippet:-1, max-image-preview:large, max-video-preview:-1\" \/>\n<link rel=\"canonical\" href=\"https:\/\/feetuphostels.com\/fr\/reservation-home-backpackers-valencia\/\" \/>\n<meta property=\"og:locale\" content=\"fr_FR\" \/>\n<meta property=\"og:type\" content=\"article\" \/>\n<meta property=\"og:title\" content=\"R\u00e9servation H\u00f4me Backpackers Hostel \u00ae R\u00e9servez un lit au meilleur prix\" \/>\n<meta property=\"og:description\" content=\"R\u00e9servation H\u00f4me Backpackers Valencia \u00ae R\u00e9servez un lit maintenant au meilleur prix \u00e0 Valence, sans frais de r\u00e9servation, confirmation imm\u00e9diate, annulation gratuite\" \/>\n<meta property=\"og:url\" content=\"https:\/\/feetuphostels.com\/fr\/reservation-home-backpackers-valencia\/\" \/>\n<meta property=\"og:site_name\" content=\"Feet Up Hostels\" \/>\n<meta property=\"article:publisher\" content=\"https:\/\/facebook.com\/feetuphostelsgroup\" \/>\n<meta property=\"article:modified_time\" content=\"2024-11-02T17:14:08+00:00\" \/>\n<meta property=\"og:image\" content=\"https:\/\/feetuphostels.com\/wp-content\/uploads\/2017\/01\/about-us.jpg\" \/>\n\t<meta property=\"og:image:width\" content=\"960\" \/>\n\t<meta property=\"og:image:height\" content=\"650\" \/>\n\t<meta property=\"og:image:type\" content=\"image\/jpeg\" \/>\n<meta name=\"twitter:card\" content=\"summary_large_image\" \/>\n<meta name=\"twitter:site\" content=\"@feetuphostels\" \/>\n<script type=\"application\/ld+json\" class=\"yoast-schema-graph\">{\"@context\":\"https:\\\/\\\/schema.org\",\"@graph\":[{\"@type\":\"WebPage\",\"@id\":\"https:\\\/\\\/feetuphostels.com\\\/fr\\\/reservation-home-backpackers-valencia\\\/\",\"url\":\"https:\\\/\\\/feetuphostels.com\\\/fr\\\/reservation-home-backpackers-valencia\\\/\",\"name\":\"R\u00e9servation H\u00f4me Backpackers Hostel \u00ae R\u00e9servez un lit au meilleur prix\",\"isPartOf\":{\"@id\":\"https:\\\/\\\/feetuphostels.com\\\/fr\\\/#website\"},\"datePublished\":\"2022-12-15T09:15:38+00:00\",\"dateModified\":\"2024-11-02T17:14:08+00:00\",\"description\":\"R\u00e9servation H\u00f4me Backpackers Valencia \u00ae R\u00e9servez un lit maintenant au meilleur prix \u00e0 Valence, sans frais de r\u00e9servation, confirmation imm\u00e9diate, annulation gratuite\",\"breadcrumb\":{\"@id\":\"https:\\\/\\\/feetuphostels.com\\\/fr\\\/reservation-home-backpackers-valencia\\\/#breadcrumb\"},\"inLanguage\":\"fr-FR\",\"potentialAction\":[{\"@type\":\"ReadAction\",\"target\":[\"https:\\\/\\\/feetuphostels.com\\\/fr\\\/reservation-home-backpackers-valencia\\\/\"]}]},{\"@type\":\"BreadcrumbList\",\"@id\":\"https:\\\/\\\/feetuphostels.com\\\/fr\\\/reservation-home-backpackers-valencia\\\/#breadcrumb\",\"itemListElement\":[{\"@type\":\"ListItem\",\"position\":1,\"name\":\"Home\",\"item\":\"https:\\\/\\\/feetuphostels.com\\\/fr\\\/\"},{\"@type\":\"ListItem\",\"position\":2,\"name\":\"R\u00e9servation H\u00f4me Backpackers Valencia\"}]},{\"@type\":\"WebSite\",\"@id\":\"https:\\\/\\\/feetuphostels.com\\\/fr\\\/#website\",\"url\":\"https:\\\/\\\/feetuphostels.com\\\/fr\\\/\",\"name\":\"Feet Up Hostels\",\"description\":\"Auberges de jeunesse et h\u00e9bergement \u00e0 Valence, Espagne. Nous sommes des sp\u00e9cialistes de la convivialit\u00e9\",\"publisher\":{\"@id\":\"https:\\\/\\\/feetuphostels.com\\\/fr\\\/#organization\"},\"alternateName\":\"Feet Up Hostels\",\"potentialAction\":[{\"@type\":\"SearchAction\",\"target\":{\"@type\":\"EntryPoint\",\"urlTemplate\":\"https:\\\/\\\/feetuphostels.com\\\/fr\\\/?s={search_term_string}\"},\"query-input\":{\"@type\":\"PropertyValueSpecification\",\"valueRequired\":true,\"valueName\":\"search_term_string\"}}],\"inLanguage\":\"fr-FR\"},{\"@type\":\"Organization\",\"@id\":\"https:\\\/\\\/feetuphostels.com\\\/fr\\\/#organization\",\"name\":\"Feet Up Hostels\",\"alternateName\":\"Feet Up Hostels\",\"url\":\"https:\\\/\\\/feetuphostels.com\\\/fr\\\/\",\"logo\":{\"@type\":\"ImageObject\",\"inLanguage\":\"fr-FR\",\"@id\":\"https:\\\/\\\/feetuphostels.com\\\/fr\\\/#\\\/schema\\\/logo\\\/image\\\/\",\"url\":\"https:\\\/\\\/feetuphostels.com\\\/wp-content\\\/uploads\\\/2019\\\/01\\\/logo-web-amp-feetuphostels.svg\",\"contentUrl\":\"https:\\\/\\\/feetuphostels.com\\\/wp-content\\\/uploads\\\/2019\\\/01\\\/logo-web-amp-feetuphostels.svg\",\"width\":1,\"height\":1,\"caption\":\"Feet Up Hostels\"},\"image\":{\"@id\":\"https:\\\/\\\/feetuphostels.com\\\/fr\\\/#\\\/schema\\\/logo\\\/image\\\/\"},\"sameAs\":[\"https:\\\/\\\/facebook.com\\\/feetuphostelsgroup\",\"https:\\\/\\\/x.com\\\/feetuphostels\",\"https:\\\/\\\/www.instagram.com\\\/feetuphostels\\\/\",\"https:\\\/\\\/www.tiktok.com\\\/@feetuphostels\",\"https:\\\/\\\/www.linkedin.com\\\/company\\\/feetuphostelsgroup\\\/\",\"https:\\\/\\\/www.pinterest.es\\\/FeetupHostels\\\/\",\"https:\\\/\\\/www.youtube.com\\\/feetuphostels\"]}]}<\/script>\n<!-- \/ Yoast SEO plugin. -->","yoast_head_json":{"title":"R\u00e9servation H\u00f4me Backpackers Hostel \u00ae R\u00e9servez un lit au meilleur prix","description":"R\u00e9servation H\u00f4me Backpackers Valencia \u00ae R\u00e9servez un lit maintenant au meilleur prix \u00e0 Valence, sans frais de r\u00e9servation, confirmation imm\u00e9diate, annulation gratuite","robots":{"index":"index","follow":"follow","max-snippet":"max-snippet:-1","max-image-preview":"max-image-preview:large","max-video-preview":"max-video-preview:-1"},"canonical":"https:\/\/feetuphostels.com\/fr\/reservation-home-backpackers-valencia\/","og_locale":"fr_FR","og_type":"article","og_title":"R\u00e9servation H\u00f4me Backpackers Hostel \u00ae R\u00e9servez un lit au meilleur prix","og_description":"R\u00e9servation H\u00f4me Backpackers Valencia \u00ae R\u00e9servez un lit maintenant au meilleur prix \u00e0 Valence, sans frais de r\u00e9servation, confirmation imm\u00e9diate, annulation gratuite","og_url":"https:\/\/feetuphostels.com\/fr\/reservation-home-backpackers-valencia\/","og_site_name":"Feet Up Hostels","article_publisher":"https:\/\/facebook.com\/feetuphostelsgroup","article_modified_time":"2024-11-02T17:14:08+00:00","og_image":[{"width":960,"height":650,"url":"https:\/\/feetuphostels.com\/wp-content\/uploads\/2017\/01\/about-us.jpg","type":"image\/jpeg"}],"twitter_card":"summary_large_image","twitter_site":"@feetuphostels","schema":{"@context":"https:\/\/schema.org","@graph":[{"@type":"WebPage","@id":"https:\/\/feetuphostels.com\/fr\/reservation-home-backpackers-valencia\/","url":"https:\/\/feetuphostels.com\/fr\/reservation-home-backpackers-valencia\/","name":"R\u00e9servation H\u00f4me Backpackers Hostel \u00ae R\u00e9servez un lit au meilleur prix","isPartOf":{"@id":"https:\/\/feetuphostels.com\/fr\/#website"},"datePublished":"2022-12-15T09:15:38+00:00","dateModified":"2024-11-02T17:14:08+00:00","description":"R\u00e9servation H\u00f4me Backpackers Valencia \u00ae R\u00e9servez un lit maintenant au meilleur prix \u00e0 Valence, sans frais de r\u00e9servation, confirmation imm\u00e9diate, annulation gratuite","breadcrumb":{"@id":"https:\/\/feetuphostels.com\/fr\/reservation-home-backpackers-valencia\/#breadcrumb"},"inLanguage":"fr-FR","potentialAction":[{"@type":"ReadAction","target":["https:\/\/feetuphostels.com\/fr\/reservation-home-backpackers-valencia\/"]}]},{"@type":"BreadcrumbList","@id":"https:\/\/feetuphostels.com\/fr\/reservation-home-backpackers-valencia\/#breadcrumb","itemListElement":[{"@type":"ListItem","position":1,"name":"Home","item":"https:\/\/feetuphostels.com\/fr\/"},{"@type":"ListItem","position":2,"name":"R\u00e9servation H\u00f4me Backpackers Valencia"}]},{"@type":"WebSite","@id":"https:\/\/feetuphostels.com\/fr\/#website","url":"https:\/\/feetuphostels.com\/fr\/","name":"Feet Up Hostels","description":"Auberges de jeunesse et h\u00e9bergement \u00e0 Valence, Espagne. Nous sommes des sp\u00e9cialistes de la convivialit\u00e9","publisher":{"@id":"https:\/\/feetuphostels.com\/fr\/#organization"},"alternateName":"Feet Up Hostels","potentialAction":[{"@type":"SearchAction","target":{"@type":"EntryPoint","urlTemplate":"https:\/\/feetuphostels.com\/fr\/?s={search_term_string}"},"query-input":{"@type":"PropertyValueSpecification","valueRequired":true,"valueName":"search_term_string"}}],"inLanguage":"fr-FR"},{"@type":"Organization","@id":"https:\/\/feetuphostels.com\/fr\/#organization","name":"Feet Up Hostels","alternateName":"Feet Up Hostels","url":"https:\/\/feetuphostels.com\/fr\/","logo":{"@type":"ImageObject","inLanguage":"fr-FR","@id":"https:\/\/feetuphostels.com\/fr\/#\/schema\/logo\/image\/","url":"https:\/\/feetuphostels.com\/wp-content\/uploads\/2019\/01\/logo-web-amp-feetuphostels.svg","contentUrl":"https:\/\/feetuphostels.com\/wp-content\/uploads\/2019\/01\/logo-web-amp-feetuphostels.svg","width":1,"height":1,"caption":"Feet Up Hostels"},"image":{"@id":"https:\/\/feetuphostels.com\/fr\/#\/schema\/logo\/image\/"},"sameAs":["https:\/\/facebook.com\/feetuphostelsgroup","https:\/\/x.com\/feetuphostels","https:\/\/www.instagram.com\/feetuphostels\/","https:\/\/www.tiktok.com\/@feetuphostels","https:\/\/www.linkedin.com\/company\/feetuphostelsgroup\/","https:\/\/www.pinterest.es\/FeetupHostels\/","https:\/\/www.youtube.com\/feetuphostels"]}]}},"_links":{"self":[{"href":"https:\/\/feetuphostels.com\/fr\/wp-json\/wp\/v2\/pages\/205983","targetHints":{"allow":["GET"]}}],"collection":[{"href":"https:\/\/feetuphostels.com\/fr\/wp-json\/wp\/v2\/pages"}],"about":[{"href":"https:\/\/feetuphostels.com\/fr\/wp-json\/wp\/v2\/types\/page"}],"author":[{"embeddable":true,"href":"https:\/\/feetuphostels.com\/fr\/wp-json\/wp\/v2\/users\/13"}],"replies":[{"embeddable":true,"href":"https:\/\/feetuphostels.com\/fr\/wp-json\/wp\/v2\/comments?post=205983"}],"version-history":[{"count":0,"href":"https:\/\/feetuphostels.com\/fr\/wp-json\/wp\/v2\/pages\/205983\/revisions"}],"wp:attachment":[{"href":"https:\/\/feetuphostels.com\/fr\/wp-json\/wp\/v2\/media?parent=205983"}],"curies":[{"name":"wp","href":"https:\/\/api.w.org\/{rel}","templated":true}]}}