{"id":2058,"date":"2017-01-20T10:09:41","date_gmt":"2017-01-20T09:09:41","guid":{"rendered":"https:\/\/feetuphostels.com\/about-us\/"},"modified":"2024-11-01T16:31:05","modified_gmt":"2024-11-01T15:31:05","slug":"qui-sommes-nous","status":"publish","type":"page","link":"https:\/\/feetuphostels.com\/fr\/qui-sommes-nous\/","title":{"rendered":"Qui sommes-nous"},"content":{"rendered":"\n<h1 class=\"wp-block-heading has-text-align-center\" id=\"h-about-us\">About us<\/h1>\n\n<h1 class=\"wp-block-heading has-text-align-center\" id=\"h-about-us-about-feet-up-hostels\">About Us | About Feet Up Hostels<\/h1>\n\n<h2 class=\"wp-block-heading\" id=\"h-striving-for-excellence\">Striving for excellence.<\/h2>\n\n<p>In the constant pursuit of excellence in the tourism sector, we aspire to establish ourselves as the leading company in the management and direction of low-cost tourist accommodation, both nationally and internationally. Our goal is not limited to providing places to sleep; we strive to add value in every detail, continually enhancing the experience of our guests, collaborators, and employees.<\/p>\n\n<h3 class=\"wp-block-heading\" id=\"h-our-slogan-nbsp-friendliness-specialists-nbsp-and-our-more-than-10-years-of-constant-growth-support-us-and-allow-us-to-affirm-that-our-pillars-are-based-on-ethics-commitment-and-trust-it-is-these-pillars-that-lead-us-to-achieve-all-the-objectives-we-undertake\">Our slogan\u00a0<strong>Friendliness Specialists<\/strong>\u00a0and our more than 10 years of constant growth support us and allow us to affirm that our pillars are based on ethics, commitment and trust. It is these pillars that lead us to achieve all the objectives we undertake.<\/h3>\n\n<h2 class=\"wp-block-heading\">Who we are.<\/h2>\n\n<p><a href=\"https:\/\/feetupgroup.com\" target=\"_blank\" rel=\"noreferrer noopener\">Feet Up Group<\/a> embodies a vibrant and genuine network of youth hostels, created from a genuine passion for the backpacker spirit. From seasoned travelers to modern explorers, each of our hostels is designed with the comfort and adventure of our guests in mind.<\/p>\n\n<h2 class=\"wp-block-heading\">Why book with Feet Up Hostels?<\/h2>\n\n<p>No matter where you come from or where you&rsquo;re going, our hostels are a perfect meeting point for visitors from all latitudes and those seeking new experiences and adventures. With us, you will find not only a place to rest after a long day of travel but also a community that welcomes you with open arms.<\/p>\n\n<h2 class=\"wp-block-heading\" id=\"h-our-timeline\">Our timeline.<\/h2>\n\n<h3 class=\"wp-block-heading\" id=\"h-2002\">2002<\/h3>\n\n<p>The President and founder of the Feet Up Group, joins the Youth Hostels group in <a href=\"https:\/\/feetuphostels.com\/fr\/auberges-jeunesse-valence\/\">Valencia<\/a> <a href=\"https:\/\/homehostelsvalencia.com\/\" target=\"_blank\" rel=\"noreferrer noopener\">H\u00f4me Hostels<\/a> (www.likeathome.net) &#8211; Spain, as manager and administrator of H\u00f4me Youth Hostel and <a href=\"https:\/\/homebackpackersvalencia.com\/\" target=\"_blank\" rel=\"noreferrer noopener\">H\u00f4me Backpackers Valencia<\/a>, a company in which he worked as such until 2006.<\/p>\n\n<h3 class=\"wp-block-heading\" id=\"h-2005\">2005<\/h3>\n\n<p>Awarded Best Hostel Chain in the world (2005) and 6th Hostel in the world in 2005 by <a href=\"https:\/\/www.spanish.hostelworld.com\/\" target=\"_blank\" rel=\"noreferrer noopener\">HostelWorld<\/a>.<\/p>\n\n<p>These awards were given as the best Hostels in Spain to the H\u00f4me Youth Hostel Valencia and the H\u00f4me Backpackers Hostel Valencia which are located in the heart of the city, very close to many of Valencia&rsquo;s tourist attractions.<\/p>\n\n<p>In those years, tourism in Valencia was growing.<\/p>\n\n<h3 class=\"wp-block-heading\" id=\"h-2006\">2006<\/h3>\n\n<p>A group of partners manages to run different businesses independently.<\/p>\n\n<p>That same year saw the launch of Hilux Hostel Valencia, located very close to <a href=\"https:\/\/homeyouthhostel.com\/\" target=\"_blank\" rel=\"noreferrer noopener\">H\u00f4me Youth<\/a> and H\u00f4me Backpers Valencia but with a different concept in low cost accommodation.<\/p>\n\n<p>The creation and launch of Garden House Hostel Barcelona in the L&rsquo;horta neighbourhood of Barcelona is also consolidated through the website https:\/\/feetuphostels.com\/.<\/p>\n\n<p>The creation and launch of Samay Hostel Sevilla is also consolidated through the website https:\/\/samayhostels.com\/.<\/p>\n\n<h3 class=\"wp-block-heading\" id=\"h-2007\">2007<\/h3>\n\n<p>Our Feetup Hostels Group becomes an active member of the Spanish Association of Youth Hostels (https:\/\/aeaj.com\/ &#8211; https:\/\/backpackerspain.com\/)<\/p>\n\n<p><\/p>\n\n<h3 class=\"wp-block-heading\" id=\"h-2008\">2008<\/h3>\n\n<p>In 2008, work began on the refurbishment of a property located in the city of Barcelona, just a few metres from the Camp Nou football stadium (Futbol Club Barcelona), which was completed at the end of March 2009 and the Yellow Nest Hostel Barcelona was established there.<\/p>\n\n<h3 class=\"wp-block-heading\" id=\"h-2009\">2009<\/h3>\n\n<p>Inauguration of the fourth establishment in April 2009 (Yellow Nest Hostel Barcelona).<\/p>\n\n<p>This opening is achieved by the merger of two groups in the same sector and former competitors: FeetUp Group and Nest Group (<a href=\"https:\/\/nesthostelsvalencia.com\/\" target=\"_blank\" rel=\"noreferrer noopener\">https:\/\/nesthostelsvalencia.com\/<\/a>).<\/p>\n\n<h3 class=\"wp-block-heading\" id=\"h-2010\">2010<\/h3>\n\n<p>In 2010, a transfer and management agreement was signed with the Edellweiss Hostel in the city of Barcelona, renaming it Mellow Eco-Hostel Barcelona, thus achieving the incorporation of our 5th establishment in 3 years.<\/p>\n\n<h3 class=\"wp-block-heading\" id=\"h-2011\">2011<\/h3>\n\n<p>In April 2010, the management areas are unified in a single centralised office in the city of Valencia.<\/p>\n\n<h3 class=\"wp-block-heading\" id=\"h-2012\">2012<\/h3>\n\n<h3 class=\"wp-block-heading\" id=\"h-2013\">2013<\/h3>\n\n<h3 class=\"wp-block-heading\" id=\"h-2014\">2014<\/h3>\n\n<h3 class=\"wp-block-heading\" id=\"h-2015\">2015<\/h3>\n\n<h3 class=\"wp-block-heading\" id=\"h-2016\">2016<\/h3>\n\n<h3 class=\"wp-block-heading\" id=\"h-2017\">2017<\/h3>\n\n<h3 class=\"wp-block-heading\" id=\"h-2018\">2018<\/h3>\n\n<h3 class=\"wp-block-heading\" id=\"h-2019\">2019<\/h3>\n\n<p>Acquisition, refurbishment and start-up of a new establishment. In August of this year, the <a href=\"https:\/\/neststylevalencia.com\/\" target=\"_blank\" rel=\"noreferrer noopener\">Nest Style Hotel Valencia<\/a> is operated and sold.<\/p>\n\n<p>A boutique style hotel that seeks to create an intimate and unconventional atmosphere, a new hotel concept, with rooms decorated with bright colours and fine finishes. Located in the central Avenida del Puerto Nr 77, a few meters from the famous Turia Garden (Antiguo cause del Rio Turia), close to the City of Arts and Sciences and many other places to discover during your visit to Valencia.<\/p>\n\n<blockquote class=\"wp-block-quote is-layout-flow wp-block-quote-is-layout-flow\">\n<p>A Hotel with Elegance and Simplicity very close to the Malvarrosa Beach.<\/p>\n<\/blockquote>\n\n<h3 class=\"wp-block-heading\" id=\"h-2020\">2020<\/h3>\n\n<h2 class=\"wp-block-heading\" id=\"h-we-are-still-working\">We are still working\u2026..<\/h2>\n\n<h3 class=\"wp-block-heading\" id=\"h-do-you-want-to-participate-nbsp-sign-up-here\">Do you want to participate?\u00a0Sign up here<\/h3>\n\n<p>If you are looking for specific information and contact details of our Hostels we recommend you to visit our <a href=\"https:\/\/feetuphostels.com\/fr\/service-clientele\/\">customer service<\/a> page.<\/p>\n\n<p><\/p>\n","protected":false},"excerpt":{"rendered":"<p>\u00c0 propos de nous. Notre mission est de chercher \u00e0 \u00eatre la soci\u00e9t\u00e9 leader dans la gestion et la gestion d&rsquo;h\u00e9bergements touristiques \u00e0 bas prix, tant au niveau national qu&rsquo;international, en cr\u00e9ant constamment des valeurs ajout\u00e9es pour nos clients, investisseurs, employ\u00e9s et employ\u00e9s, en obtenant de meilleurs rendements financiers et une r\u00e9mun\u00e9ration rapide des investissements.<\/p>\n","protected":false},"author":13,"featured_media":14249,"parent":0,"menu_order":0,"comment_status":"closed","ping_status":"closed","template":"","meta":{"footnotes":""},"class_list":["post-2058","page","type-page","status-publish","has-post-thumbnail","hentry"],"yoast_head":"<!-- This site is optimized with the Yoast SEO plugin v27.3 - https:\/\/yoast.com\/product\/yoast-seo-wordpress\/ -->\n<title>\u00c0 propos de nous et de la carri\u00e8re professionnelle des auberges Feet Up<\/title>\n<meta name=\"description\" content=\"\u00c0 propos de nous et de la carri\u00e8re professionnelle du groupe Feet Up Hostels, H\u00e9bergement pour jeunes et Auberges \u00e0 Barcelone, Valence et S\u00e9ville\" \/>\n<meta name=\"robots\" content=\"index, follow, max-snippet:-1, max-image-preview:large, max-video-preview:-1\" \/>\n<link rel=\"canonical\" href=\"https:\/\/feetuphostels.com\/fr\/qui-sommes-nous\/\" \/>\n<meta property=\"og:locale\" content=\"fr_FR\" \/>\n<meta property=\"og:type\" content=\"article\" \/>\n<meta property=\"og:title\" content=\"\u00c0 propos de nous et de la carri\u00e8re professionnelle des auberges Feet Up\" \/>\n<meta property=\"og:description\" content=\"\u00c0 propos de nous et de la carri\u00e8re professionnelle du groupe Feet Up Hostels, H\u00e9bergement pour jeunes et Auberges \u00e0 Barcelone, Valence et S\u00e9ville\" \/>\n<meta property=\"og:url\" content=\"https:\/\/feetuphostels.com\/fr\/qui-sommes-nous\/\" \/>\n<meta property=\"og:site_name\" content=\"Feet Up Hostels\" \/>\n<meta property=\"article:publisher\" content=\"https:\/\/facebook.com\/feetuphostelsgroup\" \/>\n<meta property=\"article:modified_time\" content=\"2024-11-01T15:31:05+00:00\" \/>\n<meta property=\"og:image\" content=\"https:\/\/feetuphostels.com\/wp-content\/uploads\/2017\/01\/about-us.jpg\" \/>\n\t<meta property=\"og:image:width\" content=\"960\" \/>\n\t<meta property=\"og:image:height\" content=\"650\" \/>\n\t<meta property=\"og:image:type\" content=\"image\/jpeg\" \/>\n<meta name=\"twitter:card\" content=\"summary_large_image\" \/>\n<meta name=\"twitter:site\" content=\"@feetuphostels\" \/>\n<meta name=\"twitter:label1\" content=\"Dur\u00e9e de lecture estim\u00e9e\" \/>\n\t<meta name=\"twitter:data1\" content=\"4 minutes\" \/>\n<script type=\"application\/ld+json\" class=\"yoast-schema-graph\">{\"@context\":\"https:\\\/\\\/schema.org\",\"@graph\":[{\"@type\":\"WebPage\",\"@id\":\"https:\\\/\\\/feetuphostels.com\\\/fr\\\/qui-sommes-nous\\\/\",\"url\":\"https:\\\/\\\/feetuphostels.com\\\/fr\\\/qui-sommes-nous\\\/\",\"name\":\"\u00c0 propos de nous et de la carri\u00e8re professionnelle des auberges Feet Up\",\"isPartOf\":{\"@id\":\"https:\\\/\\\/feetuphostels.com\\\/fr\\\/#website\"},\"primaryImageOfPage\":{\"@id\":\"https:\\\/\\\/feetuphostels.com\\\/fr\\\/qui-sommes-nous\\\/#primaryimage\"},\"image\":{\"@id\":\"https:\\\/\\\/feetuphostels.com\\\/fr\\\/qui-sommes-nous\\\/#primaryimage\"},\"thumbnailUrl\":\"https:\\\/\\\/feetuphostels.com\\\/wp-content\\\/uploads\\\/2017\\\/01\\\/about-us.jpg\",\"datePublished\":\"2017-01-20T09:09:41+00:00\",\"dateModified\":\"2024-11-01T15:31:05+00:00\",\"description\":\"\u00c0 propos de nous et de la carri\u00e8re professionnelle du groupe Feet Up Hostels, H\u00e9bergement pour jeunes et Auberges \u00e0 Barcelone, Valence et S\u00e9ville\",\"breadcrumb\":{\"@id\":\"https:\\\/\\\/feetuphostels.com\\\/fr\\\/qui-sommes-nous\\\/#breadcrumb\"},\"inLanguage\":\"fr-FR\",\"potentialAction\":[{\"@type\":\"ReadAction\",\"target\":[\"https:\\\/\\\/feetuphostels.com\\\/fr\\\/qui-sommes-nous\\\/\"]}]},{\"@type\":\"ImageObject\",\"inLanguage\":\"fr-FR\",\"@id\":\"https:\\\/\\\/feetuphostels.com\\\/fr\\\/qui-sommes-nous\\\/#primaryimage\",\"url\":\"https:\\\/\\\/feetuphostels.com\\\/wp-content\\\/uploads\\\/2017\\\/01\\\/about-us.jpg\",\"contentUrl\":\"https:\\\/\\\/feetuphostels.com\\\/wp-content\\\/uploads\\\/2017\\\/01\\\/about-us.jpg\",\"width\":960,\"height\":650,\"caption\":\"About Feetup Hostels Spain\"},{\"@type\":\"BreadcrumbList\",\"@id\":\"https:\\\/\\\/feetuphostels.com\\\/fr\\\/qui-sommes-nous\\\/#breadcrumb\",\"itemListElement\":[{\"@type\":\"ListItem\",\"position\":1,\"name\":\"Home\",\"item\":\"https:\\\/\\\/feetuphostels.com\\\/fr\\\/\"},{\"@type\":\"ListItem\",\"position\":2,\"name\":\"Qui sommes-nous\"}]},{\"@type\":\"WebSite\",\"@id\":\"https:\\\/\\\/feetuphostels.com\\\/fr\\\/#website\",\"url\":\"https:\\\/\\\/feetuphostels.com\\\/fr\\\/\",\"name\":\"Feet Up Hostels\",\"description\":\"Auberges de jeunesse et h\u00e9bergement \u00e0 Valence, Espagne. Nous sommes des sp\u00e9cialistes de la convivialit\u00e9\",\"publisher\":{\"@id\":\"https:\\\/\\\/feetuphostels.com\\\/fr\\\/#organization\"},\"alternateName\":\"Feet Up Hostels\",\"potentialAction\":[{\"@type\":\"SearchAction\",\"target\":{\"@type\":\"EntryPoint\",\"urlTemplate\":\"https:\\\/\\\/feetuphostels.com\\\/fr\\\/?s={search_term_string}\"},\"query-input\":{\"@type\":\"PropertyValueSpecification\",\"valueRequired\":true,\"valueName\":\"search_term_string\"}}],\"inLanguage\":\"fr-FR\"},{\"@type\":\"Organization\",\"@id\":\"https:\\\/\\\/feetuphostels.com\\\/fr\\\/#organization\",\"name\":\"Feet Up Hostels\",\"alternateName\":\"Feet Up Hostels\",\"url\":\"https:\\\/\\\/feetuphostels.com\\\/fr\\\/\",\"logo\":{\"@type\":\"ImageObject\",\"inLanguage\":\"fr-FR\",\"@id\":\"https:\\\/\\\/feetuphostels.com\\\/fr\\\/#\\\/schema\\\/logo\\\/image\\\/\",\"url\":\"https:\\\/\\\/feetuphostels.com\\\/wp-content\\\/uploads\\\/2019\\\/01\\\/logo-web-amp-feetuphostels.svg\",\"contentUrl\":\"https:\\\/\\\/feetuphostels.com\\\/wp-content\\\/uploads\\\/2019\\\/01\\\/logo-web-amp-feetuphostels.svg\",\"width\":1,\"height\":1,\"caption\":\"Feet Up Hostels\"},\"image\":{\"@id\":\"https:\\\/\\\/feetuphostels.com\\\/fr\\\/#\\\/schema\\\/logo\\\/image\\\/\"},\"sameAs\":[\"https:\\\/\\\/facebook.com\\\/feetuphostelsgroup\",\"https:\\\/\\\/x.com\\\/feetuphostels\",\"https:\\\/\\\/www.instagram.com\\\/feetuphostels\\\/\",\"https:\\\/\\\/www.tiktok.com\\\/@feetuphostels\",\"https:\\\/\\\/www.linkedin.com\\\/company\\\/feetuphostelsgroup\\\/\",\"https:\\\/\\\/www.pinterest.es\\\/FeetupHostels\\\/\",\"https:\\\/\\\/www.youtube.com\\\/feetuphostels\"]}]}<\/script>\n<!-- \/ Yoast SEO plugin. -->","yoast_head_json":{"title":"\u00c0 propos de nous et de la carri\u00e8re professionnelle des auberges Feet Up","description":"\u00c0 propos de nous et de la carri\u00e8re professionnelle du groupe Feet Up Hostels, H\u00e9bergement pour jeunes et Auberges \u00e0 Barcelone, Valence et S\u00e9ville","robots":{"index":"index","follow":"follow","max-snippet":"max-snippet:-1","max-image-preview":"max-image-preview:large","max-video-preview":"max-video-preview:-1"},"canonical":"https:\/\/feetuphostels.com\/fr\/qui-sommes-nous\/","og_locale":"fr_FR","og_type":"article","og_title":"\u00c0 propos de nous et de la carri\u00e8re professionnelle des auberges Feet Up","og_description":"\u00c0 propos de nous et de la carri\u00e8re professionnelle du groupe Feet Up Hostels, H\u00e9bergement pour jeunes et Auberges \u00e0 Barcelone, Valence et S\u00e9ville","og_url":"https:\/\/feetuphostels.com\/fr\/qui-sommes-nous\/","og_site_name":"Feet Up Hostels","article_publisher":"https:\/\/facebook.com\/feetuphostelsgroup","article_modified_time":"2024-11-01T15:31:05+00:00","og_image":[{"width":960,"height":650,"url":"https:\/\/feetuphostels.com\/wp-content\/uploads\/2017\/01\/about-us.jpg","type":"image\/jpeg"}],"twitter_card":"summary_large_image","twitter_site":"@feetuphostels","twitter_misc":{"Dur\u00e9e de lecture estim\u00e9e":"4 minutes"},"schema":{"@context":"https:\/\/schema.org","@graph":[{"@type":"WebPage","@id":"https:\/\/feetuphostels.com\/fr\/qui-sommes-nous\/","url":"https:\/\/feetuphostels.com\/fr\/qui-sommes-nous\/","name":"\u00c0 propos de nous et de la carri\u00e8re professionnelle des auberges Feet Up","isPartOf":{"@id":"https:\/\/feetuphostels.com\/fr\/#website"},"primaryImageOfPage":{"@id":"https:\/\/feetuphostels.com\/fr\/qui-sommes-nous\/#primaryimage"},"image":{"@id":"https:\/\/feetuphostels.com\/fr\/qui-sommes-nous\/#primaryimage"},"thumbnailUrl":"https:\/\/feetuphostels.com\/wp-content\/uploads\/2017\/01\/about-us.jpg","datePublished":"2017-01-20T09:09:41+00:00","dateModified":"2024-11-01T15:31:05+00:00","description":"\u00c0 propos de nous et de la carri\u00e8re professionnelle du groupe Feet Up Hostels, H\u00e9bergement pour jeunes et Auberges \u00e0 Barcelone, Valence et S\u00e9ville","breadcrumb":{"@id":"https:\/\/feetuphostels.com\/fr\/qui-sommes-nous\/#breadcrumb"},"inLanguage":"fr-FR","potentialAction":[{"@type":"ReadAction","target":["https:\/\/feetuphostels.com\/fr\/qui-sommes-nous\/"]}]},{"@type":"ImageObject","inLanguage":"fr-FR","@id":"https:\/\/feetuphostels.com\/fr\/qui-sommes-nous\/#primaryimage","url":"https:\/\/feetuphostels.com\/wp-content\/uploads\/2017\/01\/about-us.jpg","contentUrl":"https:\/\/feetuphostels.com\/wp-content\/uploads\/2017\/01\/about-us.jpg","width":960,"height":650,"caption":"About Feetup Hostels Spain"},{"@type":"BreadcrumbList","@id":"https:\/\/feetuphostels.com\/fr\/qui-sommes-nous\/#breadcrumb","itemListElement":[{"@type":"ListItem","position":1,"name":"Home","item":"https:\/\/feetuphostels.com\/fr\/"},{"@type":"ListItem","position":2,"name":"Qui sommes-nous"}]},{"@type":"WebSite","@id":"https:\/\/feetuphostels.com\/fr\/#website","url":"https:\/\/feetuphostels.com\/fr\/","name":"Feet Up Hostels","description":"Auberges de jeunesse et h\u00e9bergement \u00e0 Valence, Espagne. Nous sommes des sp\u00e9cialistes de la convivialit\u00e9","publisher":{"@id":"https:\/\/feetuphostels.com\/fr\/#organization"},"alternateName":"Feet Up Hostels","potentialAction":[{"@type":"SearchAction","target":{"@type":"EntryPoint","urlTemplate":"https:\/\/feetuphostels.com\/fr\/?s={search_term_string}"},"query-input":{"@type":"PropertyValueSpecification","valueRequired":true,"valueName":"search_term_string"}}],"inLanguage":"fr-FR"},{"@type":"Organization","@id":"https:\/\/feetuphostels.com\/fr\/#organization","name":"Feet Up Hostels","alternateName":"Feet Up Hostels","url":"https:\/\/feetuphostels.com\/fr\/","logo":{"@type":"ImageObject","inLanguage":"fr-FR","@id":"https:\/\/feetuphostels.com\/fr\/#\/schema\/logo\/image\/","url":"https:\/\/feetuphostels.com\/wp-content\/uploads\/2019\/01\/logo-web-amp-feetuphostels.svg","contentUrl":"https:\/\/feetuphostels.com\/wp-content\/uploads\/2019\/01\/logo-web-amp-feetuphostels.svg","width":1,"height":1,"caption":"Feet Up Hostels"},"image":{"@id":"https:\/\/feetuphostels.com\/fr\/#\/schema\/logo\/image\/"},"sameAs":["https:\/\/facebook.com\/feetuphostelsgroup","https:\/\/x.com\/feetuphostels","https:\/\/www.instagram.com\/feetuphostels\/","https:\/\/www.tiktok.com\/@feetuphostels","https:\/\/www.linkedin.com\/company\/feetuphostelsgroup\/","https:\/\/www.pinterest.es\/FeetupHostels\/","https:\/\/www.youtube.com\/feetuphostels"]}]}},"_links":{"self":[{"href":"https:\/\/feetuphostels.com\/fr\/wp-json\/wp\/v2\/pages\/2058","targetHints":{"allow":["GET"]}}],"collection":[{"href":"https:\/\/feetuphostels.com\/fr\/wp-json\/wp\/v2\/pages"}],"about":[{"href":"https:\/\/feetuphostels.com\/fr\/wp-json\/wp\/v2\/types\/page"}],"author":[{"embeddable":true,"href":"https:\/\/feetuphostels.com\/fr\/wp-json\/wp\/v2\/users\/13"}],"replies":[{"embeddable":true,"href":"https:\/\/feetuphostels.com\/fr\/wp-json\/wp\/v2\/comments?post=2058"}],"version-history":[{"count":0,"href":"https:\/\/feetuphostels.com\/fr\/wp-json\/wp\/v2\/pages\/2058\/revisions"}],"wp:featuredmedia":[{"embeddable":true,"href":"https:\/\/feetuphostels.com\/fr\/wp-json\/wp\/v2\/media\/14249"}],"wp:attachment":[{"href":"https:\/\/feetuphostels.com\/fr\/wp-json\/wp\/v2\/media?parent=2058"}],"curies":[{"name":"wp","href":"https:\/\/api.w.org\/{rel}","templated":true}]}}