{"id":17606,"date":"2018-12-04T11:14:36","date_gmt":"2018-12-04T10:14:36","guid":{"rendered":"https:\/\/feetuphostels.com\/?page_id=17606"},"modified":"2024-11-09T14:03:59","modified_gmt":"2024-11-09T13:03:59","slug":"auberges-jeunesse-espagne","status":"publish","type":"page","link":"https:\/\/feetuphostels.com\/fr\/auberges-jeunesse-espagne\/","title":{"rendered":"Auberges Jeunesse Espagne"},"content":{"rendered":"\n<h1 class=\"wp-block-heading has-text-align-center\" id=\"h-youth-hostels-spain\">Auberges de Jeunesse Espagne<\/h1>\n\n<h2 class=\"wp-block-heading has-text-align-center\" id=\"h-the-cheapest-accommodations\">Les h\u00e9bergements les moins chers<\/h2>\n\n<h3 class=\"wp-block-heading\" id=\"h-we-are-a-group-of-the-best-youth-hostels-spain\">Nous sommes un groupe des meilleures auberges de jeunesse Espagne<\/h3>\n\n<p>Les voyageurs \u00e0 petit budget savent qu&rsquo;il n&rsquo;y a pas de meilleure fa\u00e7on de profiter au maximum de leur voyage que de s\u00e9journer dans l&rsquo;une des auberges de jeunesse en Espagne: \u00e9conomisez de l&rsquo;argent pour explorer pendant la journ\u00e9e et \u00e9changez des histoires avec d&rsquo;autres routards dans la cuisine commune. Les dortoirs de style dortoir avec salles de bains communes sont au tarif standard de l&rsquo;auberge, mais des chambres priv\u00e9es sont \u00e9galement disponibles pour ceux qui sont pr\u00eats \u00e0 payer un peu plus<\/p>\n\n<figure class=\"wp-block-image size-full\"><img fetchpriority=\"high\" decoding=\"async\" width=\"1554\" height=\"1080\" src=\"https:\/\/feetuphostels.com\/wp-content\/uploads\/2019\/02\/09red-nest-hostel-valencia-by-feetuphostels.jpg\" alt=\"Profitez de votre temps entre amis\" class=\"wp-image-18656\" srcset=\"https:\/\/feetuphostels.com\/wp-content\/uploads\/2019\/02\/09red-nest-hostel-valencia-by-feetuphostels.jpg 1554w, https:\/\/feetuphostels.com\/wp-content\/uploads\/2019\/02\/09red-nest-hostel-valencia-by-feetuphostels-300x208.jpg 300w, https:\/\/feetuphostels.com\/wp-content\/uploads\/2019\/02\/09red-nest-hostel-valencia-by-feetuphostels-768x534.jpg 768w, https:\/\/feetuphostels.com\/wp-content\/uploads\/2019\/02\/09red-nest-hostel-valencia-by-feetuphostels-1024x712.jpg 1024w, https:\/\/feetuphostels.com\/wp-content\/uploads\/2019\/02\/09red-nest-hostel-valencia-by-feetuphostels-210x146.jpg 210w, https:\/\/feetuphostels.com\/wp-content\/uploads\/2019\/02\/09red-nest-hostel-valencia-by-feetuphostels-50x35.jpg 50w, https:\/\/feetuphostels.com\/wp-content\/uploads\/2019\/02\/09red-nest-hostel-valencia-by-feetuphostels-108x75.jpg 108w\" sizes=\"(max-width: 1554px) 100vw, 1554px\" \/><figcaption class=\"wp-element-caption\">Profitez de votre temps entre amis<\/figcaption><\/figure>\n\n<h3 class=\"wp-block-heading\" id=\"h-looking-for-a-hostel-in-barcelona\">Tu cherches une a <a href=\"https:\/\/feetuphostels.com\/fr\/auberges-jeunesse-barcelona\/\">auberge \u00e0 Barcelone<\/a>?<\/h3>\n\n<p><a href=\"https:\/\/feetuphostels.com\/fr\/yellow-nest-auberge-barcelona\/\">Yellow Nest Hostel Barcelona<\/a> est le meilleur endroit o\u00f9 s\u00e9journer si tu cherches un h\u00e9bergement bon march\u00e9, propre et s\u00fbr et o\u00f9 rencontrer de nouveaux voyageurs et routards, \u00e0 Barcelone.<\/p>\n\n<h3 class=\"wp-block-heading\" id=\"h-only-3-streets-away-from-the-barcelona-camp-nou-football-stadium\">\u00c0 seulement 3 rues du stade de football Camp Nou de Barcelone<\/h3>\n\n<p>Nous avons diff\u00e9rents types de chambres adapt\u00e9es \u00e0 tous vos besoins. Vous pouvez choisir entre des chambres partag\u00e9es avec des designs simples et color\u00e9s.<\/p>\n\n<p><a href=\"https:\/\/feetuphostels.com\/fr\/garden-house-auberge-barcelona\/\">Garden House Hostel Barcelona<\/a>. Nous avons des offres sp\u00e9ciales de certains habitants de cette zone et nous pouvons te donner des conseils pour profiter au mieux de Barcelone. R\u00e9serve ton lit avec nous \u00e0 Barcelone, nous parlons ta langue.<\/p>\n\n<h3 class=\"wp-block-heading\" id=\"h-we-are-4-streets-from-the-metro-stop-valldaura\">Nous sommes \u00e0 4 rues de la station de m\u00e9tro Valldaura<\/h3>\n\n<p>Nous sommes situ\u00e9s dans le quartier r\u00e9sidentiel \u00e0 proximit\u00e9 de la station de m\u00e9tro Valldaura, ligne verte, qui va directement au Passeig de Gracia et Parall\u00e8le (c&rsquo;est facile et confortable d&rsquo;arriver).<\/p>\n\n<h3 class=\"wp-block-heading\" id=\"h-looking-for-a-hostel-in-valencia\">Tu cherches une <a href=\"https:\/\/feetuphostels.com\/fr\/auberges-jeunesse-valence\/\">auberge \u00e0 Valence<\/a>?<\/h3>\n\n<p>Purple Nest Hostel Valence<\/p>\n\n<p>Red Nest Hostel Valence<\/p>\n\n<p>H\u00f4me Youth Hostel Valencia<\/p>\n\n<p>H\u00f4me Backpackers Hostel Valencia<\/p>\n","protected":false},"excerpt":{"rendered":"<p>Auberges de jeunesse en Espagne. H\u00e9bergement \u00e0 Barcelone, Valence et S\u00e9ville. Auberges les moins ch\u00e8res dans les meilleures villes d&rsquo;Espagne. R\u00e9servez votre lit avec nous. Boow maintenant dans les pieds vers le haut des auberges. Auberges de jeunesse \u00e0 Valence. Un h\u00e9bergement de qualit\u00e9 et bon march\u00e9 situ\u00e9 au c\u0153ur et au centre de la ville. Chambres priv\u00e9es. Pas de Commission sur r\u00e9servation. Prix officiel pour aujourd&rsquo;hui \u00e0 Valence pour la maison Auberge de jeunesse de Valence, Home Backpackers Hostel Valence, Red Nest Hostel Valence, Purple Nest Hostel Valencia. Auberges les moins chers<\/p>\n","protected":false},"author":13,"featured_media":18658,"parent":0,"menu_order":0,"comment_status":"closed","ping_status":"open","template":"","meta":{"footnotes":""},"class_list":["post-17606","page","type-page","status-publish","has-post-thumbnail","hentry"],"yoast_head":"<!-- This site is optimized with the Yoast SEO plugin v27.4 - https:\/\/yoast.com\/product\/yoast-seo-wordpress\/ -->\n<title>Auberges de jeunesse en Espagne. H\u00e9bergements \u00e0 Barcelone, Valence et S\u00e9ville<\/title>\n<meta name=\"description\" content=\"Auberges de jeunesse en Espagne. H\u00e9bergement \u00e0 Barcelone, Valence et S\u00e9ville. Auberges les moins ch\u00e8res dans les meilleures villes d&#039;Espagne. R\u00e9servez votre lit avec nous\" \/>\n<meta name=\"robots\" content=\"index, follow, max-snippet:-1, max-image-preview:large, max-video-preview:-1\" \/>\n<link rel=\"canonical\" href=\"https:\/\/feetuphostels.com\/fr\/auberges-jeunesse-espagne\/\" \/>\n<meta property=\"og:locale\" content=\"fr_FR\" \/>\n<meta property=\"og:type\" content=\"article\" \/>\n<meta property=\"og:title\" content=\"Auberges de jeunesse en Espagne. H\u00e9bergements \u00e0 Barcelone, Valence et S\u00e9ville\" \/>\n<meta property=\"og:description\" content=\"Auberges de jeunesse en Espagne. H\u00e9bergement \u00e0 Barcelone, Valence et S\u00e9ville. Auberges les moins ch\u00e8res dans les meilleures villes d&#039;Espagne. R\u00e9servez votre lit avec nous\" \/>\n<meta property=\"og:url\" content=\"https:\/\/feetuphostels.com\/fr\/auberges-jeunesse-espagne\/\" \/>\n<meta property=\"og:site_name\" content=\"Feet Up Hostels\" \/>\n<meta property=\"article:publisher\" content=\"https:\/\/facebook.com\/feetuphostelsgroup\" \/>\n<meta property=\"article:modified_time\" content=\"2024-11-09T13:03:59+00:00\" \/>\n<meta property=\"og:image\" content=\"https:\/\/feetuphostels.com\/wp-content\/uploads\/2019\/02\/09red-nest-hostel-valencia-by-feetuphostels.jpg\" \/>\n\t<meta property=\"og:image:width\" content=\"1554\" \/>\n\t<meta property=\"og:image:height\" content=\"1080\" \/>\n\t<meta property=\"og:image:type\" content=\"image\/jpeg\" \/>\n<meta name=\"twitter:card\" content=\"summary_large_image\" \/>\n<meta name=\"twitter:site\" content=\"@feetuphostels\" \/>\n<meta name=\"twitter:label1\" content=\"Dur\u00e9e de lecture estim\u00e9e\" \/>\n\t<meta name=\"twitter:data1\" content=\"1 minute\" \/>\n<script type=\"application\/ld+json\" class=\"yoast-schema-graph\">{\"@context\":\"https:\\\/\\\/schema.org\",\"@graph\":[{\"@type\":\"WebPage\",\"@id\":\"https:\\\/\\\/feetuphostels.com\\\/fr\\\/auberges-jeunesse-espagne\\\/\",\"url\":\"https:\\\/\\\/feetuphostels.com\\\/fr\\\/auberges-jeunesse-espagne\\\/\",\"name\":\"Auberges de jeunesse en Espagne. H\u00e9bergements \u00e0 Barcelone, Valence et S\u00e9ville\",\"isPartOf\":{\"@id\":\"https:\\\/\\\/feetuphostels.com\\\/fr\\\/#website\"},\"primaryImageOfPage\":{\"@id\":\"https:\\\/\\\/feetuphostels.com\\\/fr\\\/auberges-jeunesse-espagne\\\/#primaryimage\"},\"image\":{\"@id\":\"https:\\\/\\\/feetuphostels.com\\\/fr\\\/auberges-jeunesse-espagne\\\/#primaryimage\"},\"thumbnailUrl\":\"https:\\\/\\\/feetuphostels.com\\\/wp-content\\\/uploads\\\/2019\\\/02\\\/09red-nest-hostel-valencia-by-feetuphostels.jpg\",\"datePublished\":\"2018-12-04T10:14:36+00:00\",\"dateModified\":\"2024-11-09T13:03:59+00:00\",\"description\":\"Auberges de jeunesse en Espagne. H\u00e9bergement \u00e0 Barcelone, Valence et S\u00e9ville. Auberges les moins ch\u00e8res dans les meilleures villes d'Espagne. R\u00e9servez votre lit avec nous\",\"breadcrumb\":{\"@id\":\"https:\\\/\\\/feetuphostels.com\\\/fr\\\/auberges-jeunesse-espagne\\\/#breadcrumb\"},\"inLanguage\":\"fr-FR\",\"potentialAction\":[{\"@type\":\"ReadAction\",\"target\":[\"https:\\\/\\\/feetuphostels.com\\\/fr\\\/auberges-jeunesse-espagne\\\/\"]}]},{\"@type\":\"ImageObject\",\"inLanguage\":\"fr-FR\",\"@id\":\"https:\\\/\\\/feetuphostels.com\\\/fr\\\/auberges-jeunesse-espagne\\\/#primaryimage\",\"url\":\"https:\\\/\\\/feetuphostels.com\\\/wp-content\\\/uploads\\\/2019\\\/02\\\/09red-nest-hostel-valencia-by-feetuphostels.jpg\",\"contentUrl\":\"https:\\\/\\\/feetuphostels.com\\\/wp-content\\\/uploads\\\/2019\\\/02\\\/09red-nest-hostel-valencia-by-feetuphostels.jpg\",\"width\":1554,\"height\":1080,\"caption\":\"Profite du temps que tu passes avec tes amis\"},{\"@type\":\"BreadcrumbList\",\"@id\":\"https:\\\/\\\/feetuphostels.com\\\/fr\\\/auberges-jeunesse-espagne\\\/#breadcrumb\",\"itemListElement\":[{\"@type\":\"ListItem\",\"position\":1,\"name\":\"Home\",\"item\":\"https:\\\/\\\/feetuphostels.com\\\/fr\\\/\"},{\"@type\":\"ListItem\",\"position\":2,\"name\":\"Auberges Jeunesse Espagne\"}]},{\"@type\":\"WebSite\",\"@id\":\"https:\\\/\\\/feetuphostels.com\\\/fr\\\/#website\",\"url\":\"https:\\\/\\\/feetuphostels.com\\\/fr\\\/\",\"name\":\"Feet Up Hostels\",\"description\":\"Auberges de jeunesse et h\u00e9bergement \u00e0 Valence, Espagne. Nous sommes des sp\u00e9cialistes de la convivialit\u00e9\",\"publisher\":{\"@id\":\"https:\\\/\\\/feetuphostels.com\\\/fr\\\/#organization\"},\"alternateName\":\"Feet Up Hostels\",\"potentialAction\":[{\"@type\":\"SearchAction\",\"target\":{\"@type\":\"EntryPoint\",\"urlTemplate\":\"https:\\\/\\\/feetuphostels.com\\\/fr\\\/?s={search_term_string}\"},\"query-input\":{\"@type\":\"PropertyValueSpecification\",\"valueRequired\":true,\"valueName\":\"search_term_string\"}}],\"inLanguage\":\"fr-FR\"},{\"@type\":\"Organization\",\"@id\":\"https:\\\/\\\/feetuphostels.com\\\/fr\\\/#organization\",\"name\":\"Feet Up Hostels\",\"alternateName\":\"Feet Up Hostels\",\"url\":\"https:\\\/\\\/feetuphostels.com\\\/fr\\\/\",\"logo\":{\"@type\":\"ImageObject\",\"inLanguage\":\"fr-FR\",\"@id\":\"https:\\\/\\\/feetuphostels.com\\\/fr\\\/#\\\/schema\\\/logo\\\/image\\\/\",\"url\":\"https:\\\/\\\/feetuphostels.com\\\/wp-content\\\/uploads\\\/2019\\\/01\\\/logo-web-amp-feetuphostels.svg\",\"contentUrl\":\"https:\\\/\\\/feetuphostels.com\\\/wp-content\\\/uploads\\\/2019\\\/01\\\/logo-web-amp-feetuphostels.svg\",\"width\":1,\"height\":1,\"caption\":\"Feet Up Hostels\"},\"image\":{\"@id\":\"https:\\\/\\\/feetuphostels.com\\\/fr\\\/#\\\/schema\\\/logo\\\/image\\\/\"},\"sameAs\":[\"https:\\\/\\\/facebook.com\\\/feetuphostelsgroup\",\"https:\\\/\\\/x.com\\\/feetuphostels\",\"https:\\\/\\\/www.instagram.com\\\/feetuphostels\\\/\",\"https:\\\/\\\/www.tiktok.com\\\/@feetuphostels\",\"https:\\\/\\\/www.linkedin.com\\\/company\\\/feetuphostelsgroup\\\/\",\"https:\\\/\\\/www.pinterest.es\\\/FeetupHostels\\\/\",\"https:\\\/\\\/www.youtube.com\\\/feetuphostels\"]}]}<\/script>\n<!-- \/ Yoast SEO plugin. -->","yoast_head_json":{"title":"Auberges de jeunesse en Espagne. H\u00e9bergements \u00e0 Barcelone, Valence et S\u00e9ville","description":"Auberges de jeunesse en Espagne. H\u00e9bergement \u00e0 Barcelone, Valence et S\u00e9ville. Auberges les moins ch\u00e8res dans les meilleures villes d'Espagne. R\u00e9servez votre lit avec nous","robots":{"index":"index","follow":"follow","max-snippet":"max-snippet:-1","max-image-preview":"max-image-preview:large","max-video-preview":"max-video-preview:-1"},"canonical":"https:\/\/feetuphostels.com\/fr\/auberges-jeunesse-espagne\/","og_locale":"fr_FR","og_type":"article","og_title":"Auberges de jeunesse en Espagne. H\u00e9bergements \u00e0 Barcelone, Valence et S\u00e9ville","og_description":"Auberges de jeunesse en Espagne. H\u00e9bergement \u00e0 Barcelone, Valence et S\u00e9ville. Auberges les moins ch\u00e8res dans les meilleures villes d'Espagne. R\u00e9servez votre lit avec nous","og_url":"https:\/\/feetuphostels.com\/fr\/auberges-jeunesse-espagne\/","og_site_name":"Feet Up Hostels","article_publisher":"https:\/\/facebook.com\/feetuphostelsgroup","article_modified_time":"2024-11-09T13:03:59+00:00","og_image":[{"width":1554,"height":1080,"url":"https:\/\/feetuphostels.com\/wp-content\/uploads\/2019\/02\/09red-nest-hostel-valencia-by-feetuphostels.jpg","type":"image\/jpeg"}],"twitter_card":"summary_large_image","twitter_site":"@feetuphostels","twitter_misc":{"Dur\u00e9e de lecture estim\u00e9e":"1 minute"},"schema":{"@context":"https:\/\/schema.org","@graph":[{"@type":"WebPage","@id":"https:\/\/feetuphostels.com\/fr\/auberges-jeunesse-espagne\/","url":"https:\/\/feetuphostels.com\/fr\/auberges-jeunesse-espagne\/","name":"Auberges de jeunesse en Espagne. H\u00e9bergements \u00e0 Barcelone, Valence et S\u00e9ville","isPartOf":{"@id":"https:\/\/feetuphostels.com\/fr\/#website"},"primaryImageOfPage":{"@id":"https:\/\/feetuphostels.com\/fr\/auberges-jeunesse-espagne\/#primaryimage"},"image":{"@id":"https:\/\/feetuphostels.com\/fr\/auberges-jeunesse-espagne\/#primaryimage"},"thumbnailUrl":"https:\/\/feetuphostels.com\/wp-content\/uploads\/2019\/02\/09red-nest-hostel-valencia-by-feetuphostels.jpg","datePublished":"2018-12-04T10:14:36+00:00","dateModified":"2024-11-09T13:03:59+00:00","description":"Auberges de jeunesse en Espagne. H\u00e9bergement \u00e0 Barcelone, Valence et S\u00e9ville. Auberges les moins ch\u00e8res dans les meilleures villes d'Espagne. R\u00e9servez votre lit avec nous","breadcrumb":{"@id":"https:\/\/feetuphostels.com\/fr\/auberges-jeunesse-espagne\/#breadcrumb"},"inLanguage":"fr-FR","potentialAction":[{"@type":"ReadAction","target":["https:\/\/feetuphostels.com\/fr\/auberges-jeunesse-espagne\/"]}]},{"@type":"ImageObject","inLanguage":"fr-FR","@id":"https:\/\/feetuphostels.com\/fr\/auberges-jeunesse-espagne\/#primaryimage","url":"https:\/\/feetuphostels.com\/wp-content\/uploads\/2019\/02\/09red-nest-hostel-valencia-by-feetuphostels.jpg","contentUrl":"https:\/\/feetuphostels.com\/wp-content\/uploads\/2019\/02\/09red-nest-hostel-valencia-by-feetuphostels.jpg","width":1554,"height":1080,"caption":"Profite du temps que tu passes avec tes amis"},{"@type":"BreadcrumbList","@id":"https:\/\/feetuphostels.com\/fr\/auberges-jeunesse-espagne\/#breadcrumb","itemListElement":[{"@type":"ListItem","position":1,"name":"Home","item":"https:\/\/feetuphostels.com\/fr\/"},{"@type":"ListItem","position":2,"name":"Auberges Jeunesse Espagne"}]},{"@type":"WebSite","@id":"https:\/\/feetuphostels.com\/fr\/#website","url":"https:\/\/feetuphostels.com\/fr\/","name":"Feet Up Hostels","description":"Auberges de jeunesse et h\u00e9bergement \u00e0 Valence, Espagne. Nous sommes des sp\u00e9cialistes de la convivialit\u00e9","publisher":{"@id":"https:\/\/feetuphostels.com\/fr\/#organization"},"alternateName":"Feet Up Hostels","potentialAction":[{"@type":"SearchAction","target":{"@type":"EntryPoint","urlTemplate":"https:\/\/feetuphostels.com\/fr\/?s={search_term_string}"},"query-input":{"@type":"PropertyValueSpecification","valueRequired":true,"valueName":"search_term_string"}}],"inLanguage":"fr-FR"},{"@type":"Organization","@id":"https:\/\/feetuphostels.com\/fr\/#organization","name":"Feet Up Hostels","alternateName":"Feet Up Hostels","url":"https:\/\/feetuphostels.com\/fr\/","logo":{"@type":"ImageObject","inLanguage":"fr-FR","@id":"https:\/\/feetuphostels.com\/fr\/#\/schema\/logo\/image\/","url":"https:\/\/feetuphostels.com\/wp-content\/uploads\/2019\/01\/logo-web-amp-feetuphostels.svg","contentUrl":"https:\/\/feetuphostels.com\/wp-content\/uploads\/2019\/01\/logo-web-amp-feetuphostels.svg","width":1,"height":1,"caption":"Feet Up Hostels"},"image":{"@id":"https:\/\/feetuphostels.com\/fr\/#\/schema\/logo\/image\/"},"sameAs":["https:\/\/facebook.com\/feetuphostelsgroup","https:\/\/x.com\/feetuphostels","https:\/\/www.instagram.com\/feetuphostels\/","https:\/\/www.tiktok.com\/@feetuphostels","https:\/\/www.linkedin.com\/company\/feetuphostelsgroup\/","https:\/\/www.pinterest.es\/FeetupHostels\/","https:\/\/www.youtube.com\/feetuphostels"]}]}},"_links":{"self":[{"href":"https:\/\/feetuphostels.com\/fr\/wp-json\/wp\/v2\/pages\/17606","targetHints":{"allow":["GET"]}}],"collection":[{"href":"https:\/\/feetuphostels.com\/fr\/wp-json\/wp\/v2\/pages"}],"about":[{"href":"https:\/\/feetuphostels.com\/fr\/wp-json\/wp\/v2\/types\/page"}],"author":[{"embeddable":true,"href":"https:\/\/feetuphostels.com\/fr\/wp-json\/wp\/v2\/users\/13"}],"replies":[{"embeddable":true,"href":"https:\/\/feetuphostels.com\/fr\/wp-json\/wp\/v2\/comments?post=17606"}],"version-history":[{"count":0,"href":"https:\/\/feetuphostels.com\/fr\/wp-json\/wp\/v2\/pages\/17606\/revisions"}],"wp:featuredmedia":[{"embeddable":true,"href":"https:\/\/feetuphostels.com\/fr\/wp-json\/wp\/v2\/media\/18658"}],"wp:attachment":[{"href":"https:\/\/feetuphostels.com\/fr\/wp-json\/wp\/v2\/media?parent=17606"}],"curies":[{"name":"wp","href":"https:\/\/api.w.org\/{rel}","templated":true}]}}