{"id":15494,"date":"2017-01-20T09:40:44","date_gmt":"2017-01-20T08:40:44","guid":{"rendered":"https:\/\/feetuphostels.com\/terms-conditions\/"},"modified":"2024-11-09T13:51:16","modified_gmt":"2024-11-09T12:51:16","slug":"conditions-generales","status":"publish","type":"page","link":"https:\/\/feetuphostels.com\/fr\/conditions-generales\/","title":{"rendered":"Termes et conditions"},"content":{"rendered":"\n<h1 class=\"has-text-align-center wp-block-heading\">Termes et conditions<\/h1>\n\n<h2 class=\"wp-block-heading\">1. Objet et acceptation<\/h2>\n\n<p>Les pr\u00e9sentes mentions l\u00e9gales r\u00e9gissent l&rsquo;utilisation du site Web https:\/\/feetuphostels.com\/ (ci-apr\u00e8s, LE WEB), propri\u00e9t\u00e9 de BOOKING HOSTELS S.L. (ci-apr\u00e8s, LE PROPRI\u00c9TAIRE DU WEB).<\/p>\n\n<p>La navigation sur le site Web du PROPRI\u00c9TAIRE DU WEB attribue la condition de l&rsquo;utilisateur de celui-ci et implique l&rsquo;acceptation pleine et sans r\u00e9serve de chacune des dispositions incluses dans les pr\u00e9sentes Mentions l\u00e9gales, qui peuvent \u00eatre modifi\u00e9es. L&rsquo;utilisateur s&rsquo;engage \u00e0 faire un usage correct du site Web conform\u00e9ment \u00e0 la loi, \u00e0 la bonne foi, \u00e0 l&rsquo;ordre public, aux usages du trafic et \u00e0 la pr\u00e9sente Notice l\u00e9gale.<\/p>\n\n<p>L&rsquo;utilisateur r\u00e9pondra au PROPRI\u00c9TAIRE DU SITE WEB ou \u00e0 des tiers, pour tout dommage qui pourrait \u00eatre caus\u00e9 \u00e0 la suite d&rsquo;un manquement \u00e0 ladite obligation.<\/p>\n\n<h2 class=\"wp-block-heading\">2. Identification et communications<\/h2>\n\n<p>LE PROPRI\u00c9TAIRE DU WEB, conform\u00e9ment \u00e0 la loi 34\/2002 du 11 juillet sur les services de la soci\u00e9t\u00e9 de l&rsquo;information et du commerce \u00e9lectronique, vous informe que:<\/p>\n\n<ul class=\"wp-block-list\">\n<li>Sa raison sociale est: BOOKING HOSTELS S. L.<\/li>\n\n\n\n<li>CIF\/NIF\/NIE is: B98157274<\/li>\n\n\n\n<li>Son si\u00e8ge social est \u00e0: C\/ RODRIGUEZ DE CEPEDA N\u00ba 35 \u2013 46021 VALENCIA<\/li>\n\n\n\n<li>Inscrite au Registre du commerce de: VALENCE, VOLUME 9055, LIVRE 6339, FOLIO 37, SECTION 8, FEUILLE V-134583, ENTR\u00c9E 1.<\/li>\n\n\n\n<li>Phone: +34 963 28 55 15<\/li>\n\n\n\n<li>Email: <a href=\"mailto:info@feetuphostels.com\" target=\"_blank\" rel=\"noreferrer noopener\">info@feetuphostels.com<\/a><\/li>\n<\/ul>\n\n<h2 class=\"wp-block-heading\">3. Communication<\/h2>\n\n<p>Toutes les notifications et communications entre les utilisateurs et LE PROPRI\u00c9TAIRE DU WEB seront consid\u00e9r\u00e9es comme effectives, \u00e0 toutes fins utiles, lorsqu&rsquo;elles seront effectu\u00e9es par courrier postal ou tout autre moyen d\u00e9taill\u00e9 ci-dessous:<\/p>\n\n<ul class=\"wp-block-list\">\n<li>Phone: +34 963 28 55 15<\/li>\n\n\n\n<li>Email: <a href=\"mailto:info@feetuphostels.com\" target=\"_blank\" rel=\"noreferrer noopener\">info@feetuphostels.com<\/a><\/li>\n<\/ul>\n\n<h2 class=\"wp-block-heading\">4. Conditions d&rsquo;acc\u00e8s et d&rsquo;utilisation<\/h2>\n\n<p>Le site Web et ses services sont en acc\u00e8s libre et gratuit, cependant, LE PROPRI\u00c9TAIRE DU WEB conditionne l&rsquo;utilisation de certains des services propos\u00e9s sur son site Web \u00e0 l&rsquo;ach\u00e8vement pr\u00e9alable du formulaire correspondant.<\/p>\n\n<p>L&rsquo;utilisateur garantit l&rsquo;authenticit\u00e9 et l&rsquo;actualit\u00e9 de toutes les donn\u00e9es communiqu\u00e9es au PROPRI\u00c9TAIRE DU SITE WEB et sera seul responsable des d\u00e9clarations fausses ou inexactes faites. L&rsquo;utilisateur accepte express\u00e9ment de faire un usage appropri\u00e9 des contenus et services du PROPRI\u00c9TAIRE DU WEB et de ne pas les utiliser, entre autres:<\/p>\n\n<ol class=\"wp-block-list\">\n<li>Diffuser des contenus criminels, violents, pornographiques, racistes, x\u00e9nophobes, offensants, faisant l&rsquo;apologie du terrorisme ou, en g\u00e9n\u00e9ral, contraires \u00e0 la loi ou \u00e0 l&rsquo;ordre public.<\/li>\n\n\n\n<li>Introduire des virus informatiques dans le r\u00e9seau ou effectuer des actions susceptibles d&rsquo;alt\u00e9rer, de g\u00e2cher, d&rsquo;interrompre ou de g\u00e9n\u00e9rer des erreurs ou des dommages aux documents \u00e9lectroniques, aux donn\u00e9es ou aux syst\u00e8mes physiques et logiques du PROPRI\u00c9TAIRE DU SITE WEB ou de tiers; ainsi qu&rsquo;entraver l&rsquo;acc\u00e8s des autres utilisateurs au site Web et \u00e0 ses services par la consommation massive de ressources informatiques \u00e0 travers lesquelles LE PROPRI\u00c9TAIRE DU WEB fournit ses services.<\/li>\n\n\n\n<li>Tenter d&rsquo;acc\u00e9der aux comptes de messagerie d&rsquo;autres utilisateurs ou aux zones restreintes des syst\u00e8mes informatiques du PROPRI\u00c9TAIRE DU SITE WEB ou de tiers et, le cas \u00e9ch\u00e9ant, extraire des informations.<\/li>\n\n\n\n<li>Violer les droits de propri\u00e9t\u00e9 intellectuelle ou industrielle, ainsi que violer la confidentialit\u00e9 des informations du PROPRI\u00c9TAIRE DU SITE WEB ou de tiers.<\/li>\n\n\n\n<li>Usurper l&rsquo;identit\u00e9 d&rsquo;un autre utilisateur, d&rsquo;une administration publique ou d&rsquo;un tiers.<\/li>\n\n\n\n<li>Reproduire, copier, distribuer, mettre \u00e0 disposition ou toute autre forme de communication publique, transformer ou modifier le contenu sauf si vous avez l&rsquo;autorisation du propri\u00e9taire des droits correspondants ou si cela est l\u00e9galement autoris\u00e9.<\/li>\n\n\n\n<li>Collecter des donn\u00e9es \u00e0 des fins publicitaires et envoyer de la publicit\u00e9 de toute nature et des communications \u00e0 des fins de vente ou autres de nature commerciale sans votre demande ou consentement pr\u00e9alable.<\/li>\n<\/ol>\n\n<h2 class=\"wp-block-heading\">5. Propri\u00e9t\u00e9 intellectuelle et industrielle<\/h2>\n\n<p>Tous les contenus du site Web, tels que textes, photographies, graphiques, images, ic\u00f4nes, technologie, logiciels, ainsi que sa conception graphique et ses codes sources, constituent une \u0153uvre dont la propri\u00e9t\u00e9 appartient au PROPRI\u00c9TAIRE DU WEB, sans \u00eatre compris comme transf\u00e9r\u00e9 \u00e0 l&rsquo;utilisateur aucun des droits d&rsquo;exploitation sur eux au-del\u00e0 de ce qui est strictement n\u00e9cessaire pour l&rsquo;utilisation correcte du Web. En bref, les utilisateurs qui acc\u00e8dent \u00e0 ce site Web peuvent consulter le contenu et effectuer, le cas \u00e9ch\u00e9ant, des copies priv\u00e9es autoris\u00e9es, \u00e0 condition que les \u00e9l\u00e9ments reproduits ne soient pas transf\u00e9r\u00e9s ult\u00e9rieurement \u00e0 des tiers, ni install\u00e9s sur des serveurs connect\u00e9s \u00e0 des r\u00e9seaux, ni soumis \u00e0 aucune forme d&rsquo;exploitation.<\/p>\n\n<p>De m\u00eame, toutes les marques, noms commerciaux ou signes distinctifs de toute nature qui apparaissent sur le site WEB sont la propri\u00e9t\u00e9 du PROPRI\u00c9TAIRE DU WEB, sans qu&rsquo;il soit entendu que l&rsquo;utilisation ou l&rsquo;acc\u00e8s \u00e0 celui-ci attribue \u00e0 l&rsquo;utilisateur un droit quelconque sur eux.<\/p>\n\n<p>La distribution, la modification, la cession ou la communication publique du contenu et tout autre acte qui n&rsquo;a pas \u00e9t\u00e9 express\u00e9ment autoris\u00e9 par le propri\u00e9taire des droits d&rsquo;exploitation sont interdits.<\/p>\n\n<h2 class=\"wp-block-heading\">6. Hyperlien<\/h2>\n\n<p>L&rsquo;\u00e9tablissement d&rsquo;un lien hypertexte n&rsquo;implique en aucun cas l&rsquo;existence de relations entre LE PROPRI\u00c9TAIRE DU WEB et le propri\u00e9taire du site Web sur lequel il est \u00e9tabli, ni l&rsquo;acceptation et l&rsquo;approbation par LE PROPRI\u00c9TAIRE DU WEB de ses contenus ou services.<\/p>\n\n<p>Les personnes qui ont l&rsquo;intention d&rsquo;\u00e9tablir un lien hypertexte doivent pr\u00e9alablement demander l&rsquo;autorisation \u00e9crite du PROPRI\u00c9TAIRE DU WEB.<\/p>\n\n<p>Dans tous les cas, le lien hypertexte ne permettra d&rsquo;acc\u00e9der qu&rsquo;\u00e0 la page d&rsquo;accueil ou \u00e0 la page d&rsquo;accueil de notre site Web, de m\u00eame, vous devez vous abstenir de faire des d\u00e9clarations ou des indications fausses, inexactes ou incorrectes sur LE PROPRI\u00c9TAIRE DU WEB, ou inclure un contenu ill\u00e9gal, contraire aux bonnes m\u0153urs et \u00e0 l&rsquo;ordre public.<\/p>\n\n<p>LE PROPRI\u00c9TAIRE DU SITE WEB n&rsquo;est pas responsable de l&rsquo;utilisation que chaque utilisateur fait du mat\u00e9riel mis \u00e0 disposition sur ce site Web ni des actions men\u00e9es sur leur base.<\/p>\n\n<p>Dans les hyperliens vers d&rsquo;autres endroits, comme c&rsquo;est \u00e9galement le cas avec les r\u00e9seaux sociaux, LE PROPRI\u00c9TAIRE DU WEB n&rsquo;exercera aucun contr\u00f4le sur ces lieux et contenus, n&rsquo;assumera aucune responsabilit\u00e9 pour le contenu de tout lien appartenant \u00e0 d&rsquo;autres sites Web externes, ni ne garantira la disponibilit\u00e9 technique, la qualit\u00e9, la fiabilit\u00e9, l&rsquo;exactitude, l&rsquo;amplitude, la v\u00e9racit\u00e9 et la validit\u00e9 de tout mat\u00e9riel ou information contenu dans l&rsquo;un desdits hyperliens ou autres sites Internet.<\/p>\n\n<h2 class=\"wp-block-heading\">7. Exclusion de garanties et de responsabilit\u00e9<\/h2>\n\n<p>Le contenu de ce site Web est de nature g\u00e9n\u00e9rale et est \u00e0 titre informatif uniquement, sans garantir pleinement l&rsquo;acc\u00e8s \u00e0 l&rsquo;ensemble du contenu, ni son exhaustivit\u00e9, son exactitude, sa validit\u00e9 ou son actualit\u00e9, ni son ad\u00e9quation ou son utilit\u00e9 \u00e0 un usage sp\u00e9cifique.<\/p>\n\n<p>LE PROPRI\u00c9TAIRE DU WEB exclut, dans la mesure permise par la loi, toute responsabilit\u00e9 pour les dommages de toute nature d\u00e9coulant de:<\/p>\n\n<p>a) L&rsquo;impossibilit\u00e9 d&rsquo;acc\u00e9der au site Web ou le manque de v\u00e9racit\u00e9, d&rsquo;exactitude, d&rsquo;exhaustivit\u00e9 et\/ou d&rsquo;actualit\u00e9 des contenus, ainsi que l&rsquo;existence de vices et d\u00e9fauts de toutes sortes des contenus transmis, diffus\u00e9s, stock\u00e9s, mis \u00e0 disposition, qui ont \u00e9t\u00e9 accessibles via le site Web ou les services offerts.<\/p>\n\n<p>b) La pr\u00e9sence de virus ou d&rsquo;autres \u00e9l\u00e9ments dans le contenu pouvant entra\u00eener des alt\u00e9rations des syst\u00e8mes informatiques, des documents \u00e9lectroniques ou des donn\u00e9es utilisateur.<\/p>\n\n<p>c) Non-respect des lois, de la bonne foi, de l&rsquo;ordre public, des usages du trafic et de cet avis juridique en raison d&rsquo;une utilisation incorrecte du site Web. En particulier, et \u00e0 titre d&rsquo;exemple, LE PROPRI\u00c9TAIRE DU WEB n&rsquo;est pas responsable des actions de tiers qui violent les droits de propri\u00e9t\u00e9 intellectuelle et industrielle, les secrets d&rsquo;affaires, les droits \u00e0 l&rsquo;honneur, la vie priv\u00e9e personnelle et familiale, et l&rsquo;image elle-m\u00eame, ainsi que la r\u00e9glementation sur la concurrence d\u00e9loyale et la publicit\u00e9 illicite.<\/p>\n\n<p>De m\u00eame, LE PROPRI\u00c9TAIRE DU WEB d\u00e9cline toute responsabilit\u00e9 concernant les informations qui se trouvent en dehors de ce site Web et qui ne sont pas g\u00e9r\u00e9es directement par notre webmaster.<\/p>\n\n<p>La fonction des liens qui apparaissent sur ce site Web est exclusivement d&rsquo;informer l&rsquo;utilisateur de l&rsquo;existence d&rsquo;autres sources capables d&rsquo;\u00e9largir le contenu offert par ce site Web.<\/p>\n\n<p>LE PROPRI\u00c9TAIRE DU SITE WEB ne garantit ni n&rsquo;assume la responsabilit\u00e9 du fonctionnement ou de l&rsquo;accessibilit\u00e9 des sites li\u00e9s; ni ne sugg\u00e8re, invite ou recommande une visite \u00e0 eux, il ne sera donc pas responsable du r\u00e9sultat obtenu.<\/p>\n\n<p>LE PROPRI\u00c9TAIRE DU WEB n&rsquo;est pas responsable de la mise en place d&rsquo;hyperliens par des tiers.<\/p>\n\n<h2 class=\"wp-block-heading\">8. Proc\u00e9dure en cas d&rsquo;exercice d&rsquo;activit\u00e9s ill\u00e9gales<\/h2>\n\n<p>Si LE PROPRI\u00c9TAIRE DU WEB prend connaissance de l&rsquo;utilisation de services Web pour des activit\u00e9s pr\u00e9judiciables aux droits ou constituant des actes illicites, il prendra les mesures n\u00e9cessaires pour r\u00e9primer et \u00e9liminer ces activit\u00e9s, se r\u00e9servant le droit d&rsquo;engager des poursuites judiciaires.<\/p>\n\n<p>Dans le cas o\u00f9 un utilisateur ou un tiers consid\u00e8re qu&rsquo;il existe des faits ou des circonstances qui r\u00e9v\u00e8lent le caract\u00e8re illicite de l&rsquo;utilisation de tout contenu et\/ou la r\u00e9alisation de toute activit\u00e9 sur les pages Web incluses ou accessibles via le site Web, ils doivent envoyer une notification au PROPRI\u00c9TAIRE DU WEB s&rsquo;identifiant d\u00fbment, en pr\u00e9cisant les infractions all\u00e9gu\u00e9es.<\/p>\n\n<h2 class=\"wp-block-heading\">9. Publication<\/h2>\n\n<p>Les informations administratives fournies sur le site Web ne remplacent pas la publicit\u00e9 l\u00e9gale des lois, r\u00e8glements, plans, dispositions g\u00e9n\u00e9rales et actes qui doivent \u00eatre officiellement publi\u00e9s dans les journaux officiels des administrations publiques, qui constituent le seul instrument attestant de son authenticit\u00e9 et de son contenu.<\/p>\n\n<p>Les informations disponibles sur ce site Web doivent \u00eatre comprises comme un guide sans objet de validit\u00e9 juridique.<\/p>\n\n<h2 class=\"wp-block-heading\">10. L\u00e9gislation applicable et juridiction comp\u00e9tente<\/h2>\n\n<p>Cet avis juridique est r\u00e9gi par <a href=\"https:\/\/www.boe.es\/legislacion\/documentos\/ConstitucionINGLES.pdf\" target=\"_blank\" rel=\"noreferrer noopener\">Droit espagnol<\/a>.<\/p>\n\n<p>Les parties conviennent de se soumettre \u00e0 la comp\u00e9tence des Cours et tribunaux qui leur correspondent en fonction de la l\u00e9gislation proc\u00e9durale applicable.<\/p>\n","protected":false},"excerpt":{"rendered":"<p>Termes et conditions: Cet avis l\u00e9gal r\u00e9git l&rsquo;utilisation du site Web https:\/\/feetuphostels.com\/ (ci-apr\u00e8s, LE WEB), propri\u00e9t\u00e9 de BOOKING HOSTELS S. L. (ci-apr\u00e8s, LE PROPRI\u00c9TAIRE DU WEB).<br \/>\nLa navigation sur le site Web du PROPRI\u00c9TAIRE DU WEB attribue la condition de l&rsquo;utilisateur de celui-ci et implique l&rsquo;acceptation pleine et sans r\u00e9serve de chacune des dispositions incluses dans les pr\u00e9sentes Mentions l\u00e9gales, qui peuvent \u00eatre modifi\u00e9es. L&rsquo;utilisateur s&rsquo;engage \u00e0 faire un usage correct du site Web conform\u00e9ment \u00e0 la loi, \u00e0 la bonne foi, \u00e0 l&rsquo;ordre public, aux usages du trafic et \u00e0 la pr\u00e9sente Notice l\u00e9gale.<\/p>\n","protected":false},"author":13,"featured_media":205890,"parent":0,"menu_order":0,"comment_status":"closed","ping_status":"closed","template":"","meta":{"footnotes":""},"class_list":["post-15494","page","type-page","status-publish","has-post-thumbnail","hentry"],"yoast_head":"<!-- This site is optimized with the Yoast SEO plugin v27.3 - https:\/\/yoast.com\/product\/yoast-seo-wordpress\/ -->\n<title>Conditions g\u00e9n\u00e9rales d&#039;utilisation, finalit\u00e9 et acceptation des utilisateurs<\/title>\n<meta name=\"description\" content=\"Conditions g\u00e9n\u00e9rales d&#039;utilisation, finalit\u00e9 et acceptation des utilisateurs. L&#039;utilisateur est tenu de faire un usage correct du site Web\" \/>\n<meta name=\"robots\" content=\"index, follow, max-snippet:-1, max-image-preview:large, max-video-preview:-1\" \/>\n<link rel=\"canonical\" href=\"https:\/\/feetuphostels.com\/fr\/conditions-generales\/\" \/>\n<meta property=\"og:locale\" content=\"fr_FR\" \/>\n<meta property=\"og:type\" content=\"article\" \/>\n<meta property=\"og:title\" content=\"Conditions g\u00e9n\u00e9rales d&#039;utilisation, finalit\u00e9 et acceptation des utilisateurs\" \/>\n<meta property=\"og:description\" content=\"Conditions g\u00e9n\u00e9rales d&#039;utilisation, finalit\u00e9 et acceptation des utilisateurs. L&#039;utilisateur est tenu de faire un usage correct du site Web\" \/>\n<meta property=\"og:url\" content=\"https:\/\/feetuphostels.com\/fr\/conditions-generales\/\" \/>\n<meta property=\"og:site_name\" content=\"Feet Up Hostels\" \/>\n<meta property=\"article:publisher\" content=\"https:\/\/facebook.com\/feetuphostelsgroup\" \/>\n<meta property=\"article:modified_time\" content=\"2024-11-09T12:51:16+00:00\" \/>\n<meta property=\"og:image\" content=\"https:\/\/feetuphostels.com\/wp-content\/uploads\/2022\/12\/privacy-policy.jpg\" \/>\n\t<meta property=\"og:image:width\" content=\"810\" \/>\n\t<meta property=\"og:image:height\" content=\"350\" \/>\n\t<meta property=\"og:image:type\" content=\"image\/jpeg\" \/>\n<meta name=\"twitter:card\" content=\"summary_large_image\" \/>\n<meta name=\"twitter:site\" content=\"@feetuphostels\" \/>\n<meta name=\"twitter:label1\" content=\"Dur\u00e9e de lecture estim\u00e9e\" \/>\n\t<meta name=\"twitter:data1\" content=\"8 minutes\" \/>\n<script type=\"application\/ld+json\" class=\"yoast-schema-graph\">{\"@context\":\"https:\\\/\\\/schema.org\",\"@graph\":[{\"@type\":\"WebPage\",\"@id\":\"https:\\\/\\\/feetuphostels.com\\\/fr\\\/conditions-generales\\\/\",\"url\":\"https:\\\/\\\/feetuphostels.com\\\/fr\\\/conditions-generales\\\/\",\"name\":\"Conditions g\u00e9n\u00e9rales d'utilisation, finalit\u00e9 et acceptation des utilisateurs\",\"isPartOf\":{\"@id\":\"https:\\\/\\\/feetuphostels.com\\\/fr\\\/#website\"},\"primaryImageOfPage\":{\"@id\":\"https:\\\/\\\/feetuphostels.com\\\/fr\\\/conditions-generales\\\/#primaryimage\"},\"image\":{\"@id\":\"https:\\\/\\\/feetuphostels.com\\\/fr\\\/conditions-generales\\\/#primaryimage\"},\"thumbnailUrl\":\"https:\\\/\\\/feetuphostels.com\\\/wp-content\\\/uploads\\\/2022\\\/12\\\/privacy-policy.jpg\",\"datePublished\":\"2017-01-20T08:40:44+00:00\",\"dateModified\":\"2024-11-09T12:51:16+00:00\",\"description\":\"Conditions g\u00e9n\u00e9rales d'utilisation, finalit\u00e9 et acceptation des utilisateurs. L'utilisateur est tenu de faire un usage correct du site Web\",\"breadcrumb\":{\"@id\":\"https:\\\/\\\/feetuphostels.com\\\/fr\\\/conditions-generales\\\/#breadcrumb\"},\"inLanguage\":\"fr-FR\",\"potentialAction\":[{\"@type\":\"ReadAction\",\"target\":[\"https:\\\/\\\/feetuphostels.com\\\/fr\\\/conditions-generales\\\/\"]}]},{\"@type\":\"ImageObject\",\"inLanguage\":\"fr-FR\",\"@id\":\"https:\\\/\\\/feetuphostels.com\\\/fr\\\/conditions-generales\\\/#primaryimage\",\"url\":\"https:\\\/\\\/feetuphostels.com\\\/wp-content\\\/uploads\\\/2022\\\/12\\\/privacy-policy.jpg\",\"contentUrl\":\"https:\\\/\\\/feetuphostels.com\\\/wp-content\\\/uploads\\\/2022\\\/12\\\/privacy-policy.jpg\",\"width\":810,\"height\":350,\"caption\":\"Politique de confidentialit\u00e9 de Feet Up Hostels\"},{\"@type\":\"BreadcrumbList\",\"@id\":\"https:\\\/\\\/feetuphostels.com\\\/fr\\\/conditions-generales\\\/#breadcrumb\",\"itemListElement\":[{\"@type\":\"ListItem\",\"position\":1,\"name\":\"Home\",\"item\":\"https:\\\/\\\/feetuphostels.com\\\/fr\\\/\"},{\"@type\":\"ListItem\",\"position\":2,\"name\":\"Termes et conditions\"}]},{\"@type\":\"WebSite\",\"@id\":\"https:\\\/\\\/feetuphostels.com\\\/fr\\\/#website\",\"url\":\"https:\\\/\\\/feetuphostels.com\\\/fr\\\/\",\"name\":\"Feet Up Hostels\",\"description\":\"Auberges de jeunesse et h\u00e9bergement \u00e0 Valence, Espagne. Nous sommes des sp\u00e9cialistes de la convivialit\u00e9\",\"publisher\":{\"@id\":\"https:\\\/\\\/feetuphostels.com\\\/fr\\\/#organization\"},\"alternateName\":\"Feet Up Hostels\",\"potentialAction\":[{\"@type\":\"SearchAction\",\"target\":{\"@type\":\"EntryPoint\",\"urlTemplate\":\"https:\\\/\\\/feetuphostels.com\\\/fr\\\/?s={search_term_string}\"},\"query-input\":{\"@type\":\"PropertyValueSpecification\",\"valueRequired\":true,\"valueName\":\"search_term_string\"}}],\"inLanguage\":\"fr-FR\"},{\"@type\":\"Organization\",\"@id\":\"https:\\\/\\\/feetuphostels.com\\\/fr\\\/#organization\",\"name\":\"Feet Up Hostels\",\"alternateName\":\"Feet Up Hostels\",\"url\":\"https:\\\/\\\/feetuphostels.com\\\/fr\\\/\",\"logo\":{\"@type\":\"ImageObject\",\"inLanguage\":\"fr-FR\",\"@id\":\"https:\\\/\\\/feetuphostels.com\\\/fr\\\/#\\\/schema\\\/logo\\\/image\\\/\",\"url\":\"https:\\\/\\\/feetuphostels.com\\\/wp-content\\\/uploads\\\/2019\\\/01\\\/logo-web-amp-feetuphostels.svg\",\"contentUrl\":\"https:\\\/\\\/feetuphostels.com\\\/wp-content\\\/uploads\\\/2019\\\/01\\\/logo-web-amp-feetuphostels.svg\",\"width\":1,\"height\":1,\"caption\":\"Feet Up Hostels\"},\"image\":{\"@id\":\"https:\\\/\\\/feetuphostels.com\\\/fr\\\/#\\\/schema\\\/logo\\\/image\\\/\"},\"sameAs\":[\"https:\\\/\\\/facebook.com\\\/feetuphostelsgroup\",\"https:\\\/\\\/x.com\\\/feetuphostels\",\"https:\\\/\\\/www.instagram.com\\\/feetuphostels\\\/\",\"https:\\\/\\\/www.tiktok.com\\\/@feetuphostels\",\"https:\\\/\\\/www.linkedin.com\\\/company\\\/feetuphostelsgroup\\\/\",\"https:\\\/\\\/www.pinterest.es\\\/FeetupHostels\\\/\",\"https:\\\/\\\/www.youtube.com\\\/feetuphostels\"]}]}<\/script>\n<!-- \/ Yoast SEO plugin. -->","yoast_head_json":{"title":"Conditions g\u00e9n\u00e9rales d'utilisation, finalit\u00e9 et acceptation des utilisateurs","description":"Conditions g\u00e9n\u00e9rales d'utilisation, finalit\u00e9 et acceptation des utilisateurs. L'utilisateur est tenu de faire un usage correct du site Web","robots":{"index":"index","follow":"follow","max-snippet":"max-snippet:-1","max-image-preview":"max-image-preview:large","max-video-preview":"max-video-preview:-1"},"canonical":"https:\/\/feetuphostels.com\/fr\/conditions-generales\/","og_locale":"fr_FR","og_type":"article","og_title":"Conditions g\u00e9n\u00e9rales d'utilisation, finalit\u00e9 et acceptation des utilisateurs","og_description":"Conditions g\u00e9n\u00e9rales d'utilisation, finalit\u00e9 et acceptation des utilisateurs. L'utilisateur est tenu de faire un usage correct du site Web","og_url":"https:\/\/feetuphostels.com\/fr\/conditions-generales\/","og_site_name":"Feet Up Hostels","article_publisher":"https:\/\/facebook.com\/feetuphostelsgroup","article_modified_time":"2024-11-09T12:51:16+00:00","og_image":[{"width":810,"height":350,"url":"https:\/\/feetuphostels.com\/wp-content\/uploads\/2022\/12\/privacy-policy.jpg","type":"image\/jpeg"}],"twitter_card":"summary_large_image","twitter_site":"@feetuphostels","twitter_misc":{"Dur\u00e9e de lecture estim\u00e9e":"8 minutes"},"schema":{"@context":"https:\/\/schema.org","@graph":[{"@type":"WebPage","@id":"https:\/\/feetuphostels.com\/fr\/conditions-generales\/","url":"https:\/\/feetuphostels.com\/fr\/conditions-generales\/","name":"Conditions g\u00e9n\u00e9rales d'utilisation, finalit\u00e9 et acceptation des utilisateurs","isPartOf":{"@id":"https:\/\/feetuphostels.com\/fr\/#website"},"primaryImageOfPage":{"@id":"https:\/\/feetuphostels.com\/fr\/conditions-generales\/#primaryimage"},"image":{"@id":"https:\/\/feetuphostels.com\/fr\/conditions-generales\/#primaryimage"},"thumbnailUrl":"https:\/\/feetuphostels.com\/wp-content\/uploads\/2022\/12\/privacy-policy.jpg","datePublished":"2017-01-20T08:40:44+00:00","dateModified":"2024-11-09T12:51:16+00:00","description":"Conditions g\u00e9n\u00e9rales d'utilisation, finalit\u00e9 et acceptation des utilisateurs. L'utilisateur est tenu de faire un usage correct du site Web","breadcrumb":{"@id":"https:\/\/feetuphostels.com\/fr\/conditions-generales\/#breadcrumb"},"inLanguage":"fr-FR","potentialAction":[{"@type":"ReadAction","target":["https:\/\/feetuphostels.com\/fr\/conditions-generales\/"]}]},{"@type":"ImageObject","inLanguage":"fr-FR","@id":"https:\/\/feetuphostels.com\/fr\/conditions-generales\/#primaryimage","url":"https:\/\/feetuphostels.com\/wp-content\/uploads\/2022\/12\/privacy-policy.jpg","contentUrl":"https:\/\/feetuphostels.com\/wp-content\/uploads\/2022\/12\/privacy-policy.jpg","width":810,"height":350,"caption":"Politique de confidentialit\u00e9 de Feet Up Hostels"},{"@type":"BreadcrumbList","@id":"https:\/\/feetuphostels.com\/fr\/conditions-generales\/#breadcrumb","itemListElement":[{"@type":"ListItem","position":1,"name":"Home","item":"https:\/\/feetuphostels.com\/fr\/"},{"@type":"ListItem","position":2,"name":"Termes et conditions"}]},{"@type":"WebSite","@id":"https:\/\/feetuphostels.com\/fr\/#website","url":"https:\/\/feetuphostels.com\/fr\/","name":"Feet Up Hostels","description":"Auberges de jeunesse et h\u00e9bergement \u00e0 Valence, Espagne. Nous sommes des sp\u00e9cialistes de la convivialit\u00e9","publisher":{"@id":"https:\/\/feetuphostels.com\/fr\/#organization"},"alternateName":"Feet Up Hostels","potentialAction":[{"@type":"SearchAction","target":{"@type":"EntryPoint","urlTemplate":"https:\/\/feetuphostels.com\/fr\/?s={search_term_string}"},"query-input":{"@type":"PropertyValueSpecification","valueRequired":true,"valueName":"search_term_string"}}],"inLanguage":"fr-FR"},{"@type":"Organization","@id":"https:\/\/feetuphostels.com\/fr\/#organization","name":"Feet Up Hostels","alternateName":"Feet Up Hostels","url":"https:\/\/feetuphostels.com\/fr\/","logo":{"@type":"ImageObject","inLanguage":"fr-FR","@id":"https:\/\/feetuphostels.com\/fr\/#\/schema\/logo\/image\/","url":"https:\/\/feetuphostels.com\/wp-content\/uploads\/2019\/01\/logo-web-amp-feetuphostels.svg","contentUrl":"https:\/\/feetuphostels.com\/wp-content\/uploads\/2019\/01\/logo-web-amp-feetuphostels.svg","width":1,"height":1,"caption":"Feet Up Hostels"},"image":{"@id":"https:\/\/feetuphostels.com\/fr\/#\/schema\/logo\/image\/"},"sameAs":["https:\/\/facebook.com\/feetuphostelsgroup","https:\/\/x.com\/feetuphostels","https:\/\/www.instagram.com\/feetuphostels\/","https:\/\/www.tiktok.com\/@feetuphostels","https:\/\/www.linkedin.com\/company\/feetuphostelsgroup\/","https:\/\/www.pinterest.es\/FeetupHostels\/","https:\/\/www.youtube.com\/feetuphostels"]}]}},"_links":{"self":[{"href":"https:\/\/feetuphostels.com\/fr\/wp-json\/wp\/v2\/pages\/15494","targetHints":{"allow":["GET"]}}],"collection":[{"href":"https:\/\/feetuphostels.com\/fr\/wp-json\/wp\/v2\/pages"}],"about":[{"href":"https:\/\/feetuphostels.com\/fr\/wp-json\/wp\/v2\/types\/page"}],"author":[{"embeddable":true,"href":"https:\/\/feetuphostels.com\/fr\/wp-json\/wp\/v2\/users\/13"}],"replies":[{"embeddable":true,"href":"https:\/\/feetuphostels.com\/fr\/wp-json\/wp\/v2\/comments?post=15494"}],"version-history":[{"count":0,"href":"https:\/\/feetuphostels.com\/fr\/wp-json\/wp\/v2\/pages\/15494\/revisions"}],"wp:featuredmedia":[{"embeddable":true,"href":"https:\/\/feetuphostels.com\/fr\/wp-json\/wp\/v2\/media\/205890"}],"wp:attachment":[{"href":"https:\/\/feetuphostels.com\/fr\/wp-json\/wp\/v2\/media?parent=15494"}],"curies":[{"name":"wp","href":"https:\/\/api.w.org\/{rel}","templated":true}]}}