{"id":15395,"date":"2017-01-23T13:06:44","date_gmt":"2017-01-23T12:06:44","guid":{"rendered":"https:\/\/feetuphostels.com\/booking-feetup-hostels\/"},"modified":"2024-11-02T17:18:23","modified_gmt":"2024-11-02T16:18:23","slug":"reservation-feetup-hostels","status":"publish","type":"page","link":"https:\/\/feetuphostels.com\/fr\/reservation-feetup-hostels\/","title":{"rendered":"R\u00e9servation Feet Up Hostels"},"content":{"rendered":"\n<h1 class=\"wp-block-heading has-text-align-center\" id=\"h-book-now-in-feet-up-hostels\">R\u00e9serve maintenant dans Feet Up Hostels<\/h1>\n\n<hr class=\"wp-block-separator has-alpha-channel-opacity is-style-dots\"\/>\n\n<div style=\"height:40px\" aria-hidden=\"true\" class=\"wp-block-spacer\"><\/div>\n\n<div class=\"wp-block-columns is-layout-flex wp-container-core-columns-is-layout-28f84493 wp-block-columns-is-layout-flex\">\n<div class=\"wp-block-column is-layout-flow wp-block-column-is-layout-flow\">\n<div class=\"wp-block-buttons is-content-justification-center is-layout-flex wp-container-core-buttons-is-layout-a89b3969 wp-block-buttons-is-layout-flex\">\n<div class=\"wp-block-button has-custom-width wp-block-button__width-100 is-style-outline is-style-outline--1\"><a class=\"wp-block-button__link wp-element-button\" href=\"https:\/\/feetup-purple-nest-hostel-dot-feetup-hotels.appspot.com\/booking1\/?adultsRoom1=2\" style=\"border-radius:5px\" target=\"_blank\" rel=\"noreferrer noopener\">PURPLE NEST HOSTEL VALENCIA<\/a><\/div>\n<\/div>\n<\/div>\n\n\n\n<div class=\"wp-block-column is-layout-flow wp-block-column-is-layout-flow\">\n<div class=\"wp-block-buttons is-content-justification-center is-layout-flex wp-container-core-buttons-is-layout-a89b3969 wp-block-buttons-is-layout-flex\">\n<div class=\"wp-block-button has-custom-width wp-block-button__width-100 is-style-outline is-style-outline--2\"><a class=\"wp-block-button__link wp-element-button\" href=\"https:\/\/feetup-youth-hostel-dot-feetup-hotels.appspot.com\/booking1\/?adultsRoom1=2\" style=\"border-radius:5px\" target=\"_blank\" rel=\"noreferrer noopener\">H\u00d4ME YOUTH HOSTEL VALENCIA<\/a><\/div>\n<\/div>\n<\/div>\n<\/div>\n\n<div class=\"wp-block-columns is-layout-flex wp-container-core-columns-is-layout-28f84493 wp-block-columns-is-layout-flex\">\n<div class=\"wp-block-column is-layout-flow wp-block-column-is-layout-flow\">\n<div class=\"wp-block-buttons is-content-justification-center is-layout-flex wp-container-core-buttons-is-layout-a89b3969 wp-block-buttons-is-layout-flex\">\n<div class=\"wp-block-button has-custom-width wp-block-button__width-100 is-style-outline is-style-outline--3\"><a class=\"wp-block-button__link wp-element-button\" href=\"https:\/\/feetup-red-nest-hostel-dot-feetup-hotels.appspot.com\/booking1\/?adultsRoom1=2\" style=\"border-radius:5px\" target=\"_blank\" rel=\"noreferrer noopener\">RED NEST HOSTEL VALENCIA<\/a><\/div>\n<\/div>\n<\/div>\n\n\n\n<div class=\"wp-block-column is-layout-flow wp-block-column-is-layout-flow\">\n<div class=\"wp-block-buttons is-content-justification-center is-layout-flex wp-container-core-buttons-is-layout-a89b3969 wp-block-buttons-is-layout-flex\">\n<div class=\"wp-block-button has-custom-width wp-block-button__width-100 is-style-outline is-style-outline--4\"><a class=\"wp-block-button__link wp-element-button\" href=\"https:\/\/feetup-nest-style-dot-feetup-hotels.appspot.com\/booking1\/?adultsRoom1=2\" style=\"border-radius:5px\" target=\"_blank\" rel=\"noreferrer noopener\">NEST STYLE VALENCIA HOTEL<\/a><\/div>\n<\/div>\n<\/div>\n<\/div>\n\n<div style=\"height:40px\" aria-hidden=\"true\" class=\"wp-block-spacer\"><\/div>\n\n<hr class=\"wp-block-separator has-alpha-channel-opacity is-style-dots\"\/>\n\n<h2 class=\"wp-block-heading\" id=\"h-book-directly-with-us-and-enjoy-unique-benefits\">R\u00e9serve directement aupr\u00e8s de nous et profite d&rsquo;avantages uniques<\/h2>\n\n<p>Nous savons que tu es un voyageur avis\u00e9, \u00e0 la recherche de la meilleure exp\u00e9rience au meilleur prix. C&rsquo;est pourquoi nous voulons te parler des avantages qu&rsquo;il y a \u00e0 r\u00e9server directement chez nous, au lieu de le faire par le biais d&rsquo;interm\u00e9diaires comme HostelWorld ou TripAdvisor.<\/p>\n\n<p><em>Pr\u00eat \u00e0 d\u00e9couvrir tous les avantages et les \u00e9conomies qui t&rsquo;attendent ? C&rsquo;est parti !<\/em><\/p>\n\n<h2 class=\"wp-block-heading\">Oublie les commissions sur les canaux de r\u00e9servation<\/h2>\n\n<p>Lorsque tu r\u00e9serves par le biais d&rsquo;interm\u00e9diaires, tu paies un pourcentage suppl\u00e9mentaire pour leur service. <\/p>\n\n<p>Lorsque tu r\u00e9serves directement par notre interm\u00e9diaire, ce co\u00fbt suppl\u00e9mentaire dispara\u00eet. Oui, c&rsquo;est aussi simple que \u00e7a ! Cette \u00e9conomie te permettra de d\u00e9penser plus pour des exp\u00e9riences inoubliables pendant ton voyage.<\/p>\n\n<h2 class=\"wp-block-heading\">Meilleur prix garanti<\/h2>\n\n<p>Si tu trouves une meilleure offre, nous ne nous contenterons pas de l&rsquo;\u00e9galer, nous la battrons. Notre priorit\u00e9 est de te donner le maximum de valeur pour ton argent.<\/p>\n\n<h2 class=\"wp-block-heading\">Flexibilit\u00e9 dans ta r\u00e9servation<\/h2>\n\n<p>Nous savons que les plans peuvent changer. C&rsquo;est pourquoi, lorsque tu r\u00e9serves directement avec nous, nous offrons une politique plus souple pour les changements et les annulations. Tu peux g\u00e9rer ta r\u00e9servation sans complications, en l&rsquo;adaptant \u00e0 tes besoins.<\/p>\n\n<h2 class=\"wp-block-heading\"><a href=\"https:\/\/feetuphostels.com\/fr\/offres\/\" target=\"_blank\" rel=\"noreferrer noopener\">Offres et promotions<\/a> exclusives<\/h2>\n\n<p>Tu auras acc\u00e8s \u00e0 des offres et des promotions que tu ne trouveras sur aucune autre plateforme. Des forfaits d&rsquo;activit\u00e9s et des exp\u00e9riences locales aux r\u00e9ductions sur la nourriture et les boissons dans notre restaurant, nous voulons que ton s\u00e9jour soit exceptionnel.<\/p>\n\n<h2 class=\"wp-block-heading\">Attention personnalis\u00e9e<\/h2>\n\n<p>Notre \u00e9quipe est toujours pr\u00eate \u00e0 t&rsquo;aider. En r\u00e9servant directement, tu peux communiquer avec nous \u00e0 tout moment, avant, pendant et apr\u00e8s ton s\u00e9jour. Toute demande de renseignements ou demande sp\u00e9ciale, nous sommes l\u00e0 pour la r\u00e9aliser.<\/p>\n\n<div class=\"wp-block-essential-blocks-advanced-image\"><div class=\"eb-parent-wrapper eb-parent-eb-advanced-image-wuiuckq \"><figure class=\"eb-advanced-image-wrapper eb-advanced-image-wuiuckq img-style-rounded caption-style-1 caption-horizontal-center caption-vertical-bottom bottom zoom-in\" data-id=\"eb-advanced-image-wuiuckq\"><div class=\"image-wrapper\"><img decoding=\"async\" src=\"https:\/\/feetuphostels.com\/wp-content\/uploads\/2018\/11\/work-uk-feetuphostels.jpg\" alt=\"R\u00e9servation Feet Up Hostels\"><figcaption>R\u00e9servation Feet Up Hostels<\/figcaption><\/div><\/figure><\/div><\/div>\n\n<h2 class=\"wp-block-heading\">R\u00e9servation directe : La meilleure option pour le voyageur intelligent<\/h2>\n\n<p>Comme tu peux le constater, r\u00e9server directement avec nous est un choix intelligent qui te permet d&rsquo;\u00e9conomiser de l&rsquo;argent, de gagner en flexibilit\u00e9 et de profiter d&rsquo;une exp\u00e9rience personnalis\u00e9e. Pr\u00eat \u00e0 profiter de tous ces avantages lors de ton prochain voyage?<\/p>\n\n<p>Fais ta r\u00e9servation maintenant !<\/p>\n\n<p><\/p>\n\n<p><\/p>\n","protected":false},"excerpt":{"rendered":"<p>R\u00e9servation Feet Up Hostels en ligne \u00e0 partir de 12 \u20ac par nuit \u00e0 Barcelone, Valence. R\u00e9servation Barcelona, R\u00e9servation Valencia. R\u00e9servez votre lit au meilleur prix. R\u00e9servation \u00e0 partir de \u20ac12 pr\u00e8s du stade Camp Nou de Barcelone, avec des chambres s\u00fbres, propres, confortables et \u00e9conomiques dans un endroit tr\u00e8s proche pour les fans de Football Club Barcelona. H\u00e9bergement avec espace commun, billard et un \u00e9quipement multidiomas pour les voyageurs visitant Barcelone. R\u00e9servation \u00e0 Garden House Hostel Barcelona. R\u00e9servez maintenant \u00e0 Yellow Nest Hostel Barcelona. R\u00e9servation \u00e0 Purple Nest Hostel Valencia. R\u00e9servez maintenant \u00e0 Red Nest Hostel Valencia. R\u00e9servation dans H\u00f4me Youth Hostel Valencia. Voir le prix en H\u00f4me Backpackers Hostel Valencia<\/p>\n","protected":false},"author":13,"featured_media":17482,"parent":0,"menu_order":0,"comment_status":"closed","ping_status":"open","template":"","meta":{"footnotes":""},"class_list":["post-15395","page","type-page","status-publish","has-post-thumbnail","hentry"],"yoast_head":"<!-- This site is optimized with the Yoast SEO plugin v27.3 - https:\/\/yoast.com\/product\/yoast-seo-wordpress\/ -->\n<title>R\u00e9servation Feet Up Hostels \u2764\ufe0f Avantages exclusifs de nos auberges<\/title>\n<meta name=\"description\" content=\"R\u00e9servation Feet Up Hostels \u00e0 partir de 12 \u20ac \u2764\ufe0f Profite au maximum de ton s\u00e9jour en r\u00e9servant directement avec nous. D\u00e9couvre les avantages et les \u00e9conomies qui t&#039;attendent !\" \/>\n<meta name=\"robots\" content=\"index, follow, max-snippet:-1, max-image-preview:large, max-video-preview:-1\" \/>\n<link rel=\"canonical\" href=\"https:\/\/feetuphostels.com\/fr\/reservation-feetup-hostels\/\" \/>\n<meta property=\"og:locale\" content=\"fr_FR\" \/>\n<meta property=\"og:type\" content=\"article\" \/>\n<meta property=\"og:title\" content=\"R\u00e9servation Feetup Hostels \u00ae Friendliness Specialist\" \/>\n<meta property=\"og:description\" content=\"R\u00e9servation Feet Up Hostels \u00e0 partir de 12 \u20ac \u2764\ufe0f Profite au maximum de ton s\u00e9jour en r\u00e9servant directement avec nous. D\u00e9couvre les avantages et les \u00e9conomies qui t&#039;attendent !\" \/>\n<meta property=\"og:url\" content=\"https:\/\/feetuphostels.com\/fr\/reservation-feetup-hostels\/\" \/>\n<meta property=\"og:site_name\" content=\"Feet Up Hostels\" \/>\n<meta property=\"article:publisher\" content=\"https:\/\/facebook.com\/feetuphostelsgroup\" \/>\n<meta property=\"article:modified_time\" content=\"2024-11-02T16:18:23+00:00\" \/>\n<meta property=\"og:image\" content=\"https:\/\/feetuphostels.com\/wp-content\/uploads\/2017\/09\/01workwithus.jpg\" \/>\n\t<meta property=\"og:image:width\" content=\"1920\" \/>\n\t<meta property=\"og:image:height\" content=\"900\" \/>\n\t<meta property=\"og:image:type\" content=\"image\/jpeg\" \/>\n<meta name=\"twitter:card\" content=\"summary_large_image\" \/>\n<meta name=\"twitter:site\" content=\"@feetuphostels\" \/>\n<meta name=\"twitter:label1\" content=\"Dur\u00e9e de lecture estim\u00e9e\" \/>\n\t<meta name=\"twitter:data1\" content=\"2 minutes\" \/>\n<script type=\"application\/ld+json\" class=\"yoast-schema-graph\">{\"@context\":\"https:\\\/\\\/schema.org\",\"@graph\":[{\"@type\":\"WebPage\",\"@id\":\"https:\\\/\\\/feetuphostels.com\\\/fr\\\/reservation-feetup-hostels\\\/\",\"url\":\"https:\\\/\\\/feetuphostels.com\\\/fr\\\/reservation-feetup-hostels\\\/\",\"name\":\"R\u00e9servation Feet Up Hostels \u2764\ufe0f Avantages exclusifs de nos auberges\",\"isPartOf\":{\"@id\":\"https:\\\/\\\/feetuphostels.com\\\/fr\\\/#website\"},\"primaryImageOfPage\":{\"@id\":\"https:\\\/\\\/feetuphostels.com\\\/fr\\\/reservation-feetup-hostels\\\/#primaryimage\"},\"image\":{\"@id\":\"https:\\\/\\\/feetuphostels.com\\\/fr\\\/reservation-feetup-hostels\\\/#primaryimage\"},\"thumbnailUrl\":\"https:\\\/\\\/feetuphostels.com\\\/wp-content\\\/uploads\\\/2018\\\/11\\\/work-uk-feetuphostels.jpg\",\"datePublished\":\"2017-01-23T12:06:44+00:00\",\"dateModified\":\"2024-11-02T16:18:23+00:00\",\"description\":\"R\u00e9servation Feet Up Hostels \u00e0 partir de 12 \u20ac \u2764\ufe0f Profite au maximum de ton s\u00e9jour en r\u00e9servant directement avec nous. D\u00e9couvre les avantages et les \u00e9conomies qui t'attendent !\",\"breadcrumb\":{\"@id\":\"https:\\\/\\\/feetuphostels.com\\\/fr\\\/reservation-feetup-hostels\\\/#breadcrumb\"},\"inLanguage\":\"fr-FR\",\"potentialAction\":[{\"@type\":\"ReadAction\",\"target\":[\"https:\\\/\\\/feetuphostels.com\\\/fr\\\/reservation-feetup-hostels\\\/\"]}]},{\"@type\":\"ImageObject\",\"inLanguage\":\"fr-FR\",\"@id\":\"https:\\\/\\\/feetuphostels.com\\\/fr\\\/reservation-feetup-hostels\\\/#primaryimage\",\"url\":\"https:\\\/\\\/feetuphostels.com\\\/wp-content\\\/uploads\\\/2018\\\/11\\\/work-uk-feetuphostels.jpg\",\"contentUrl\":\"https:\\\/\\\/feetuphostels.com\\\/wp-content\\\/uploads\\\/2018\\\/11\\\/work-uk-feetuphostels.jpg\",\"width\":1200,\"height\":900,\"caption\":\"R\u00e9servation Feet Up Hostels\"},{\"@type\":\"BreadcrumbList\",\"@id\":\"https:\\\/\\\/feetuphostels.com\\\/fr\\\/reservation-feetup-hostels\\\/#breadcrumb\",\"itemListElement\":[{\"@type\":\"ListItem\",\"position\":1,\"name\":\"Home\",\"item\":\"https:\\\/\\\/feetuphostels.com\\\/fr\\\/\"},{\"@type\":\"ListItem\",\"position\":2,\"name\":\"R\u00e9servation Feetup Hostels\"}]},{\"@type\":\"WebSite\",\"@id\":\"https:\\\/\\\/feetuphostels.com\\\/fr\\\/#website\",\"url\":\"https:\\\/\\\/feetuphostels.com\\\/fr\\\/\",\"name\":\"Feet Up Hostels\",\"description\":\"Auberges de jeunesse et h\u00e9bergement \u00e0 Valence, Espagne. Nous sommes des sp\u00e9cialistes de la convivialit\u00e9\",\"publisher\":{\"@id\":\"https:\\\/\\\/feetuphostels.com\\\/fr\\\/#organization\"},\"alternateName\":\"Feet Up Hostels\",\"potentialAction\":[{\"@type\":\"SearchAction\",\"target\":{\"@type\":\"EntryPoint\",\"urlTemplate\":\"https:\\\/\\\/feetuphostels.com\\\/fr\\\/?s={search_term_string}\"},\"query-input\":{\"@type\":\"PropertyValueSpecification\",\"valueRequired\":true,\"valueName\":\"search_term_string\"}}],\"inLanguage\":\"fr-FR\"},{\"@type\":\"Organization\",\"@id\":\"https:\\\/\\\/feetuphostels.com\\\/fr\\\/#organization\",\"name\":\"Feet Up Hostels\",\"alternateName\":\"Feet Up Hostels\",\"url\":\"https:\\\/\\\/feetuphostels.com\\\/fr\\\/\",\"logo\":{\"@type\":\"ImageObject\",\"inLanguage\":\"fr-FR\",\"@id\":\"https:\\\/\\\/feetuphostels.com\\\/fr\\\/#\\\/schema\\\/logo\\\/image\\\/\",\"url\":\"https:\\\/\\\/feetuphostels.com\\\/wp-content\\\/uploads\\\/2019\\\/01\\\/logo-web-amp-feetuphostels.svg\",\"contentUrl\":\"https:\\\/\\\/feetuphostels.com\\\/wp-content\\\/uploads\\\/2019\\\/01\\\/logo-web-amp-feetuphostels.svg\",\"width\":1,\"height\":1,\"caption\":\"Feet Up Hostels\"},\"image\":{\"@id\":\"https:\\\/\\\/feetuphostels.com\\\/fr\\\/#\\\/schema\\\/logo\\\/image\\\/\"},\"sameAs\":[\"https:\\\/\\\/facebook.com\\\/feetuphostelsgroup\",\"https:\\\/\\\/x.com\\\/feetuphostels\",\"https:\\\/\\\/www.instagram.com\\\/feetuphostels\\\/\",\"https:\\\/\\\/www.tiktok.com\\\/@feetuphostels\",\"https:\\\/\\\/www.linkedin.com\\\/company\\\/feetuphostelsgroup\\\/\",\"https:\\\/\\\/www.pinterest.es\\\/FeetupHostels\\\/\",\"https:\\\/\\\/www.youtube.com\\\/feetuphostels\"]}]}<\/script>\n<!-- \/ Yoast SEO plugin. -->","yoast_head_json":{"title":"R\u00e9servation Feet Up Hostels \u2764\ufe0f Avantages exclusifs de nos auberges","description":"R\u00e9servation Feet Up Hostels \u00e0 partir de 12 \u20ac \u2764\ufe0f Profite au maximum de ton s\u00e9jour en r\u00e9servant directement avec nous. D\u00e9couvre les avantages et les \u00e9conomies qui t'attendent !","robots":{"index":"index","follow":"follow","max-snippet":"max-snippet:-1","max-image-preview":"max-image-preview:large","max-video-preview":"max-video-preview:-1"},"canonical":"https:\/\/feetuphostels.com\/fr\/reservation-feetup-hostels\/","og_locale":"fr_FR","og_type":"article","og_title":"R\u00e9servation Feetup Hostels \u00ae Friendliness Specialist","og_description":"R\u00e9servation Feet Up Hostels \u00e0 partir de 12 \u20ac \u2764\ufe0f Profite au maximum de ton s\u00e9jour en r\u00e9servant directement avec nous. D\u00e9couvre les avantages et les \u00e9conomies qui t'attendent !","og_url":"https:\/\/feetuphostels.com\/fr\/reservation-feetup-hostels\/","og_site_name":"Feet Up Hostels","article_publisher":"https:\/\/facebook.com\/feetuphostelsgroup","article_modified_time":"2024-11-02T16:18:23+00:00","og_image":[{"width":1920,"height":900,"url":"https:\/\/feetuphostels.com\/wp-content\/uploads\/2017\/09\/01workwithus.jpg","type":"image\/jpeg"}],"twitter_card":"summary_large_image","twitter_site":"@feetuphostels","twitter_misc":{"Dur\u00e9e de lecture estim\u00e9e":"2 minutes"},"schema":{"@context":"https:\/\/schema.org","@graph":[{"@type":"WebPage","@id":"https:\/\/feetuphostels.com\/fr\/reservation-feetup-hostels\/","url":"https:\/\/feetuphostels.com\/fr\/reservation-feetup-hostels\/","name":"R\u00e9servation Feet Up Hostels \u2764\ufe0f Avantages exclusifs de nos auberges","isPartOf":{"@id":"https:\/\/feetuphostels.com\/fr\/#website"},"primaryImageOfPage":{"@id":"https:\/\/feetuphostels.com\/fr\/reservation-feetup-hostels\/#primaryimage"},"image":{"@id":"https:\/\/feetuphostels.com\/fr\/reservation-feetup-hostels\/#primaryimage"},"thumbnailUrl":"https:\/\/feetuphostels.com\/wp-content\/uploads\/2018\/11\/work-uk-feetuphostels.jpg","datePublished":"2017-01-23T12:06:44+00:00","dateModified":"2024-11-02T16:18:23+00:00","description":"R\u00e9servation Feet Up Hostels \u00e0 partir de 12 \u20ac \u2764\ufe0f Profite au maximum de ton s\u00e9jour en r\u00e9servant directement avec nous. D\u00e9couvre les avantages et les \u00e9conomies qui t'attendent !","breadcrumb":{"@id":"https:\/\/feetuphostels.com\/fr\/reservation-feetup-hostels\/#breadcrumb"},"inLanguage":"fr-FR","potentialAction":[{"@type":"ReadAction","target":["https:\/\/feetuphostels.com\/fr\/reservation-feetup-hostels\/"]}]},{"@type":"ImageObject","inLanguage":"fr-FR","@id":"https:\/\/feetuphostels.com\/fr\/reservation-feetup-hostels\/#primaryimage","url":"https:\/\/feetuphostels.com\/wp-content\/uploads\/2018\/11\/work-uk-feetuphostels.jpg","contentUrl":"https:\/\/feetuphostels.com\/wp-content\/uploads\/2018\/11\/work-uk-feetuphostels.jpg","width":1200,"height":900,"caption":"R\u00e9servation Feet Up Hostels"},{"@type":"BreadcrumbList","@id":"https:\/\/feetuphostels.com\/fr\/reservation-feetup-hostels\/#breadcrumb","itemListElement":[{"@type":"ListItem","position":1,"name":"Home","item":"https:\/\/feetuphostels.com\/fr\/"},{"@type":"ListItem","position":2,"name":"R\u00e9servation Feetup Hostels"}]},{"@type":"WebSite","@id":"https:\/\/feetuphostels.com\/fr\/#website","url":"https:\/\/feetuphostels.com\/fr\/","name":"Feet Up Hostels","description":"Auberges de jeunesse et h\u00e9bergement \u00e0 Valence, Espagne. Nous sommes des sp\u00e9cialistes de la convivialit\u00e9","publisher":{"@id":"https:\/\/feetuphostels.com\/fr\/#organization"},"alternateName":"Feet Up Hostels","potentialAction":[{"@type":"SearchAction","target":{"@type":"EntryPoint","urlTemplate":"https:\/\/feetuphostels.com\/fr\/?s={search_term_string}"},"query-input":{"@type":"PropertyValueSpecification","valueRequired":true,"valueName":"search_term_string"}}],"inLanguage":"fr-FR"},{"@type":"Organization","@id":"https:\/\/feetuphostels.com\/fr\/#organization","name":"Feet Up Hostels","alternateName":"Feet Up Hostels","url":"https:\/\/feetuphostels.com\/fr\/","logo":{"@type":"ImageObject","inLanguage":"fr-FR","@id":"https:\/\/feetuphostels.com\/fr\/#\/schema\/logo\/image\/","url":"https:\/\/feetuphostels.com\/wp-content\/uploads\/2019\/01\/logo-web-amp-feetuphostels.svg","contentUrl":"https:\/\/feetuphostels.com\/wp-content\/uploads\/2019\/01\/logo-web-amp-feetuphostels.svg","width":1,"height":1,"caption":"Feet Up Hostels"},"image":{"@id":"https:\/\/feetuphostels.com\/fr\/#\/schema\/logo\/image\/"},"sameAs":["https:\/\/facebook.com\/feetuphostelsgroup","https:\/\/x.com\/feetuphostels","https:\/\/www.instagram.com\/feetuphostels\/","https:\/\/www.tiktok.com\/@feetuphostels","https:\/\/www.linkedin.com\/company\/feetuphostelsgroup\/","https:\/\/www.pinterest.es\/FeetupHostels\/","https:\/\/www.youtube.com\/feetuphostels"]}]}},"_links":{"self":[{"href":"https:\/\/feetuphostels.com\/fr\/wp-json\/wp\/v2\/pages\/15395","targetHints":{"allow":["GET"]}}],"collection":[{"href":"https:\/\/feetuphostels.com\/fr\/wp-json\/wp\/v2\/pages"}],"about":[{"href":"https:\/\/feetuphostels.com\/fr\/wp-json\/wp\/v2\/types\/page"}],"author":[{"embeddable":true,"href":"https:\/\/feetuphostels.com\/fr\/wp-json\/wp\/v2\/users\/13"}],"replies":[{"embeddable":true,"href":"https:\/\/feetuphostels.com\/fr\/wp-json\/wp\/v2\/comments?post=15395"}],"version-history":[{"count":0,"href":"https:\/\/feetuphostels.com\/fr\/wp-json\/wp\/v2\/pages\/15395\/revisions"}],"wp:featuredmedia":[{"embeddable":true,"href":"https:\/\/feetuphostels.com\/fr\/wp-json\/wp\/v2\/media\/17482"}],"wp:attachment":[{"href":"https:\/\/feetuphostels.com\/fr\/wp-json\/wp\/v2\/media?parent=15395"}],"curies":[{"name":"wp","href":"https:\/\/api.w.org\/{rel}","templated":true}]}}