{"id":938,"date":"2017-01-20T10:09:41","date_gmt":"2017-01-20T09:09:41","guid":{"rendered":"http:\/\/feetuphostels.barcelona\/?page_id=938"},"modified":"2024-11-01T16:08:05","modified_gmt":"2024-11-01T15:08:05","slug":"sobre-nosotros","status":"publish","type":"page","link":"https:\/\/feetuphostels.com\/es\/sobre-nosotros\/","title":{"rendered":"Sobre nosotros"},"content":{"rendered":"\n<h1 class=\"wp-block-heading has-text-align-center\" id=\"h-about-us\">Sobre nosotros<\/h1>\n\n<h1 class=\"wp-block-heading has-text-align-center\" id=\"h-about-us-about-feet-up-hostels\">Sobre nosotros | Sobre Feet Up Hostels<\/h1>\n\n<h2 class=\"wp-block-heading\" id=\"h-striving-for-excellence\">Esforzarse por alcanzar la excelencia.<\/h2>\n\n<p>En la b\u00fasqueda constante de la excelencia en el sector tur\u00edstico, aspiramos a consolidarnos como la empresa l\u00edder en la gesti\u00f3n y direcci\u00f3n de alojamientos tur\u00edsticos de bajo coste, tanto a nivel nacional como internacional. Nuestro objetivo no se limita a proporcionar lugares donde dormir; nos esforzamos por a\u00f1adir valor en cada detalle, mejorando continuamente la experiencia de nuestros hu\u00e9spedes, colaboradores y empleados.<\/p>\n\n<h3 class=\"wp-block-heading\" id=\"h-our-slogan-nbsp-friendliness-specialists-nbsp-and-our-more-than-10-years-of-constant-growth-support-us-and-allow-us-to-affirm-that-our-pillars-are-based-on-ethics-commitment-and-trust-it-is-these-pillars-that-lead-us-to-achieve-all-the-objectives-we-undertake\">Nuestro lema <strong>Friendliness Specialists<\/strong> y nuestros m\u00e1s de 10 a\u00f1os de crecimiento constante nos avalan y nos permiten afirmar que nuestros pilares se basan en la \u00e9tica, el compromiso y la confianza. Son estos pilares los que nos llevan a alcanzar todos los objetivos que emprendemos.<\/h3>\n\n<h2 class=\"wp-block-heading\">Qui\u00e9nes somos.<\/h2>\n\n<p><a href=\"https:\/\/feetupgroup.com\/es\/\" target=\"_blank\" rel=\"noreferrer noopener\">Feet Up Group<\/a> encarna una vibrante y genuina red de albergues juveniles, creada a partir de una aut\u00e9ntica pasi\u00f3n por el esp\u00edritu mochilero. Desde viajeros experimentados hasta exploradores modernos, cada uno de nuestros albergues est\u00e1 dise\u00f1ado pensando en la comodidad y la aventura de nuestros hu\u00e9spedes.<\/p>\n\n<h2 class=\"wp-block-heading\">\u00bfPor qu\u00e9 reservar con Feet Up Hostels?<\/h2>\n\n<p>No matter where you come from or where you&#8217;re going, our hostels are a perfect meeting point for visitors from all latitudes and those seeking new experiences and adventures. With us, you will find not only a place to rest after a long day of travel but also a community that welcomes you with open arms.<\/p>\n\n<h2 class=\"wp-block-heading\" id=\"h-our-timeline\">Our timeline.<\/h2>\n\n<h3 class=\"wp-block-heading\" id=\"h-2002\">2002<\/h3>\n\n<p>The President and founder of the Feet Up Group, joins the Youth Hostels group in <a href=\"https:\/\/feetuphostels.com\/es\/hostels-valencia\/\">Valencia<\/a> <a href=\"https:\/\/homehostelsvalencia.com\/\" target=\"_blank\" rel=\"noreferrer noopener\">H\u00f4me Hostels<\/a> (www.likeathome.net) &#8211; Spain, as manager and administrator of H\u00f4me Youth Hostel and <a href=\"https:\/\/homebackpackersvalencia.com\/\" target=\"_blank\" rel=\"noreferrer noopener\">H\u00f4me Backpackers Valencia<\/a>, a company in which he worked as such until 2006.<\/p>\n\n<h3 class=\"wp-block-heading\" id=\"h-2005\">2005<\/h3>\n\n<p>Awarded Best Hostel Chain in the world (2005) and 6th Hostel in the world in 2005 by <a href=\"https:\/\/www.spanish.hostelworld.com\/\" target=\"_blank\" rel=\"noreferrer noopener\">HostelWorld<\/a>.<\/p>\n\n<p>Estos premios fueron otorgados como mejores albergues de Espa\u00f1a al H\u00f4me Youth Hostel Valencia y al H\u00f4me Backpackers Hostel Valencia que est\u00e1n situados en el coraz\u00f3n de la ciudad, muy cerca de muchas de las atracciones tur\u00edsticas de Valencia.<\/p>\n\n<p>En aquellos a\u00f1os, el turismo en Valencia estaba creciendo.<\/p>\n\n<h3 class=\"wp-block-heading\" id=\"h-2006\">2006<\/h3>\n\n<p>Un grupo de socios consigue dirigir diferentes negocios de forma independiente.<\/p>\n\n<p>That same year saw the launch of Hilux Hostel Valencia, located very close to <a href=\"https:\/\/homeyouthhostel.com\/\" target=\"_blank\" rel=\"noreferrer noopener\">H\u00f4me Youth<\/a> and H\u00f4me Backpers Valencia but with a different concept in low cost accommodation.<\/p>\n\n<p>The creation and launch of Garden House Hostel Barcelona in the L&#8217;horta neighbourhood of Barcelona is also consolidated through the website https:\/\/feetuphostels.com\/.<\/p>\n\n<p>La creaci\u00f3n y puesta en marcha del Samay Hostel Sevilla se consolida tambi\u00e9n a trav\u00e9s de la p\u00e1gina web https:\/\/samayhostels.com\/.<\/p>\n\n<h3 class=\"wp-block-heading\" id=\"h-2007\">2007<\/h3>\n\n<p>Our Feetup Hostels Group becomes an active member of the Spanish Association of Youth Hostels (https:\/\/aeaj.com\/ &#8211; https:\/\/backpackerspain.com\/)<\/p>\n\n<p><\/p>\n\n<h3 class=\"wp-block-heading\" id=\"h-2008\">2008<\/h3>\n\n<p>In 2008, work began on the refurbishment of a property located in the city of Barcelona, just a few metres from the Camp Nou football stadium (Futbol Club Barcelona), which was completed at the end of March 2009 and the Yellow Nest Hostel Barcelona was established there.<\/p>\n\n<h3 class=\"wp-block-heading\" id=\"h-2009\">2009<\/h3>\n\n<p>Inauguration of the fourth establishment in April 2009 (Yellow Nest Hostel Barcelona).<\/p>\n\n<p>This opening is achieved by the merger of two groups in the same sector and former competitors: FeetUp Group and Nest Group (<a href=\"https:\/\/nesthostelsvalencia.com\/\" target=\"_blank\" rel=\"noreferrer noopener\">https:\/\/nesthostelsvalencia.com\/<\/a>).<\/p>\n\n<h3 class=\"wp-block-heading\" id=\"h-2010\">2010<\/h3>\n\n<p>In 2010, a transfer and management agreement was signed with the Edellweiss Hostel in the city of Barcelona, renaming it Mellow Eco-Hostel Barcelona, thus achieving the incorporation of our 5th establishment in 3 years.<\/p>\n\n<h3 class=\"wp-block-heading\" id=\"h-2011\">2011<\/h3>\n\n<p>In April 2010, the management areas are unified in a single centralised office in the city of Valencia.<\/p>\n\n<h3 class=\"wp-block-heading\" id=\"h-2012\">2012<\/h3>\n\n<h3 class=\"wp-block-heading\" id=\"h-2013\">2013<\/h3>\n\n<h3 class=\"wp-block-heading\" id=\"h-2014\">2014<\/h3>\n\n<h3 class=\"wp-block-heading\" id=\"h-2015\">2015<\/h3>\n\n<h3 class=\"wp-block-heading\" id=\"h-2016\">2016<\/h3>\n\n<h3 class=\"wp-block-heading\" id=\"h-2017\">2017<\/h3>\n\n<h3 class=\"wp-block-heading\" id=\"h-2018\">2018<\/h3>\n\n<h3 class=\"wp-block-heading\" id=\"h-2019\">2019<\/h3>\n\n<p>Acquisition, refurbishment and start-up of a new establishment. In August of this year, the <a href=\"https:\/\/neststylevalencia.com\/\" target=\"_blank\" rel=\"noreferrer noopener\">Nest Style Hotel Valencia<\/a> is operated and sold.<\/p>\n\n<p>A boutique style hotel that seeks to create an intimate and unconventional atmosphere, a new hotel concept, with rooms decorated with bright colours and fine finishes. Located in the central Avenida del Puerto Nr 77, a few meters from the famous Turia Garden (Antiguo cause del Rio Turia), close to the City of Arts and Sciences and many other places to discover during your visit to Valencia.<\/p>\n\n<blockquote class=\"wp-block-quote is-layout-flow wp-block-quote-is-layout-flow\">\n<p>A Hotel with Elegance and Simplicity very close to the Malvarrosa Beach.<\/p>\n<\/blockquote>\n\n<h3 class=\"wp-block-heading\" id=\"h-2020\">2020<\/h3>\n\n<h2 class=\"wp-block-heading\" id=\"h-we-are-still-working\">We are still working\u2026..<\/h2>\n\n<h3 class=\"wp-block-heading\" id=\"h-do-you-want-to-participate-nbsp-sign-up-here\">Do you want to participate?\u00a0Sign up here<\/h3>\n\n<p>If you are looking for specific information and contact details of our Hostels we recommend you to visit our <a href=\"https:\/\/feetuphostels.com\/es\/clientes\/\">customer service<\/a> page.<\/p>\n\n<p><\/p>\n","protected":false},"excerpt":{"rendered":"<p>Sobre nosotros. Nuestra misi\u00f3n es buscar ser la empresa l\u00edder en la gesti\u00f3n y administraci\u00f3n de alojamientos tur\u00edsticos low cost, tanto a nivel nacional como internacional Creando constantemente valores a\u00f1adidos para nuestros clientes, inversores, colaboradores y empleados, logrando mejores retornos financieros y r\u00e1pida retribuci\u00f3n de las inversiones.<\/p>\n","protected":false},"author":13,"featured_media":14253,"parent":0,"menu_order":0,"comment_status":"closed","ping_status":"closed","template":"","meta":{"footnotes":""},"class_list":["post-938","page","type-page","status-publish","has-post-thumbnail","hentry"],"yoast_head":"<!-- This site is optimized with the Yoast SEO plugin v27.3 - https:\/\/yoast.com\/product\/yoast-seo-wordpress\/ -->\n<title>Sobre nosotros y sobre la carrera profesional de grupo Feet Up Hostels<\/title>\n<meta name=\"description\" content=\"Sobre nosotros y sobre la trayectoria profesional de grupo Feet Up Hostels en Espa\u00f1a, con alojamiento y albergues juveniles en Barcelona, Valencia y Sevilla\" \/>\n<meta name=\"robots\" content=\"index, follow, max-snippet:-1, max-image-preview:large, max-video-preview:-1\" \/>\n<link rel=\"canonical\" href=\"https:\/\/feetuphostels.com\/es\/sobre-nosotros\/\" \/>\n<meta property=\"og:locale\" content=\"es_ES\" \/>\n<meta property=\"og:type\" content=\"article\" \/>\n<meta property=\"og:title\" content=\"Sobre nosotros y sobre la carrera profesional de grupo Feet Up Hostels\" \/>\n<meta property=\"og:description\" content=\"Sobre nosotros y sobre la trayectoria profesional de grupo Feet Up Hostels en Espa\u00f1a, con alojamiento y albergues juveniles en Barcelona, Valencia y Sevilla\" \/>\n<meta property=\"og:url\" content=\"https:\/\/feetuphostels.com\/es\/sobre-nosotros\/\" \/>\n<meta property=\"og:site_name\" content=\"Feet Up Hostels\" \/>\n<meta property=\"article:publisher\" content=\"https:\/\/facebook.com\/feetuphostelsgroup\" \/>\n<meta property=\"article:modified_time\" content=\"2024-11-01T15:08:05+00:00\" \/>\n<meta property=\"og:image\" content=\"https:\/\/feetuphostels.com\/wp-content\/uploads\/2017\/01\/about-us.jpg\" \/>\n\t<meta property=\"og:image:width\" content=\"960\" \/>\n\t<meta property=\"og:image:height\" content=\"650\" \/>\n\t<meta property=\"og:image:type\" content=\"image\/jpeg\" \/>\n<meta name=\"twitter:card\" content=\"summary_large_image\" \/>\n<meta name=\"twitter:site\" content=\"@feetuphostels\" \/>\n<meta name=\"twitter:label1\" content=\"Tiempo de lectura\" \/>\n\t<meta name=\"twitter:data1\" content=\"4 minutos\" \/>\n<script type=\"application\/ld+json\" class=\"yoast-schema-graph\">{\"@context\":\"https:\\\/\\\/schema.org\",\"@graph\":[{\"@type\":\"WebPage\",\"@id\":\"https:\\\/\\\/feetuphostels.com\\\/es\\\/sobre-nosotros\\\/\",\"url\":\"https:\\\/\\\/feetuphostels.com\\\/es\\\/sobre-nosotros\\\/\",\"name\":\"Sobre nosotros y sobre la carrera profesional de grupo Feet Up Hostels\",\"isPartOf\":{\"@id\":\"https:\\\/\\\/feetuphostels.com\\\/es\\\/#website\"},\"primaryImageOfPage\":{\"@id\":\"https:\\\/\\\/feetuphostels.com\\\/es\\\/sobre-nosotros\\\/#primaryimage\"},\"image\":{\"@id\":\"https:\\\/\\\/feetuphostels.com\\\/es\\\/sobre-nosotros\\\/#primaryimage\"},\"thumbnailUrl\":\"https:\\\/\\\/feetuphostels.com\\\/wp-content\\\/uploads\\\/2017\\\/01\\\/about-us.jpg\",\"datePublished\":\"2017-01-20T09:09:41+00:00\",\"dateModified\":\"2024-11-01T15:08:05+00:00\",\"description\":\"Sobre nosotros y sobre la trayectoria profesional de grupo Feet Up Hostels en Espa\u00f1a, con alojamiento y albergues juveniles en Barcelona, Valencia y Sevilla\",\"breadcrumb\":{\"@id\":\"https:\\\/\\\/feetuphostels.com\\\/es\\\/sobre-nosotros\\\/#breadcrumb\"},\"inLanguage\":\"es\",\"potentialAction\":[{\"@type\":\"ReadAction\",\"target\":[\"https:\\\/\\\/feetuphostels.com\\\/es\\\/sobre-nosotros\\\/\"]}]},{\"@type\":\"ImageObject\",\"inLanguage\":\"es\",\"@id\":\"https:\\\/\\\/feetuphostels.com\\\/es\\\/sobre-nosotros\\\/#primaryimage\",\"url\":\"https:\\\/\\\/feetuphostels.com\\\/wp-content\\\/uploads\\\/2017\\\/01\\\/about-us.jpg\",\"contentUrl\":\"https:\\\/\\\/feetuphostels.com\\\/wp-content\\\/uploads\\\/2017\\\/01\\\/about-us.jpg\",\"width\":960,\"height\":650,\"caption\":\"Acerca de Feetup Hostels Espa\u00f1a\"},{\"@type\":\"BreadcrumbList\",\"@id\":\"https:\\\/\\\/feetuphostels.com\\\/es\\\/sobre-nosotros\\\/#breadcrumb\",\"itemListElement\":[{\"@type\":\"ListItem\",\"position\":1,\"name\":\"Home\",\"item\":\"https:\\\/\\\/feetuphostels.com\\\/es\\\/\"},{\"@type\":\"ListItem\",\"position\":2,\"name\":\"Sobre nosotros\"}]},{\"@type\":\"WebSite\",\"@id\":\"https:\\\/\\\/feetuphostels.com\\\/es\\\/#website\",\"url\":\"https:\\\/\\\/feetuphostels.com\\\/es\\\/\",\"name\":\"Feet Up Hostels\",\"description\":\"Hostels y alojamiento en Valencia, Espa\u00f1a. Somos Friendliness Specialists\",\"publisher\":{\"@id\":\"https:\\\/\\\/feetuphostels.com\\\/es\\\/#organization\"},\"alternateName\":\"Feet Up Hostels\",\"potentialAction\":[{\"@type\":\"SearchAction\",\"target\":{\"@type\":\"EntryPoint\",\"urlTemplate\":\"https:\\\/\\\/feetuphostels.com\\\/es\\\/?s={search_term_string}\"},\"query-input\":{\"@type\":\"PropertyValueSpecification\",\"valueRequired\":true,\"valueName\":\"search_term_string\"}}],\"inLanguage\":\"es\"},{\"@type\":\"Organization\",\"@id\":\"https:\\\/\\\/feetuphostels.com\\\/es\\\/#organization\",\"name\":\"Feet Up Hostels\",\"alternateName\":\"Feet Up Hostels\",\"url\":\"https:\\\/\\\/feetuphostels.com\\\/es\\\/\",\"logo\":{\"@type\":\"ImageObject\",\"inLanguage\":\"es\",\"@id\":\"https:\\\/\\\/feetuphostels.com\\\/es\\\/#\\\/schema\\\/logo\\\/image\\\/\",\"url\":\"https:\\\/\\\/feetuphostels.com\\\/wp-content\\\/uploads\\\/2019\\\/01\\\/logo-web-amp-feetuphostels.svg\",\"contentUrl\":\"https:\\\/\\\/feetuphostels.com\\\/wp-content\\\/uploads\\\/2019\\\/01\\\/logo-web-amp-feetuphostels.svg\",\"width\":1,\"height\":1,\"caption\":\"Feet Up Hostels\"},\"image\":{\"@id\":\"https:\\\/\\\/feetuphostels.com\\\/es\\\/#\\\/schema\\\/logo\\\/image\\\/\"},\"sameAs\":[\"https:\\\/\\\/facebook.com\\\/feetuphostelsgroup\",\"https:\\\/\\\/x.com\\\/feetuphostels\",\"https:\\\/\\\/www.instagram.com\\\/feetuphostels\\\/\",\"https:\\\/\\\/www.tiktok.com\\\/@feetuphostels\",\"https:\\\/\\\/www.linkedin.com\\\/company\\\/feetuphostelsgroup\\\/\",\"https:\\\/\\\/www.pinterest.es\\\/FeetupHostels\\\/\",\"https:\\\/\\\/www.youtube.com\\\/feetuphostels\"]}]}<\/script>\n<!-- \/ Yoast SEO plugin. -->","yoast_head_json":{"title":"Sobre nosotros y sobre la carrera profesional de grupo Feet Up Hostels","description":"Sobre nosotros y sobre la trayectoria profesional de grupo Feet Up Hostels en Espa\u00f1a, con alojamiento y albergues juveniles en Barcelona, Valencia y Sevilla","robots":{"index":"index","follow":"follow","max-snippet":"max-snippet:-1","max-image-preview":"max-image-preview:large","max-video-preview":"max-video-preview:-1"},"canonical":"https:\/\/feetuphostels.com\/es\/sobre-nosotros\/","og_locale":"es_ES","og_type":"article","og_title":"Sobre nosotros y sobre la carrera profesional de grupo Feet Up Hostels","og_description":"Sobre nosotros y sobre la trayectoria profesional de grupo Feet Up Hostels en Espa\u00f1a, con alojamiento y albergues juveniles en Barcelona, Valencia y Sevilla","og_url":"https:\/\/feetuphostels.com\/es\/sobre-nosotros\/","og_site_name":"Feet Up Hostels","article_publisher":"https:\/\/facebook.com\/feetuphostelsgroup","article_modified_time":"2024-11-01T15:08:05+00:00","og_image":[{"width":960,"height":650,"url":"https:\/\/feetuphostels.com\/wp-content\/uploads\/2017\/01\/about-us.jpg","type":"image\/jpeg"}],"twitter_card":"summary_large_image","twitter_site":"@feetuphostels","twitter_misc":{"Tiempo de lectura":"4 minutos"},"schema":{"@context":"https:\/\/schema.org","@graph":[{"@type":"WebPage","@id":"https:\/\/feetuphostels.com\/es\/sobre-nosotros\/","url":"https:\/\/feetuphostels.com\/es\/sobre-nosotros\/","name":"Sobre nosotros y sobre la carrera profesional de grupo Feet Up Hostels","isPartOf":{"@id":"https:\/\/feetuphostels.com\/es\/#website"},"primaryImageOfPage":{"@id":"https:\/\/feetuphostels.com\/es\/sobre-nosotros\/#primaryimage"},"image":{"@id":"https:\/\/feetuphostels.com\/es\/sobre-nosotros\/#primaryimage"},"thumbnailUrl":"https:\/\/feetuphostels.com\/wp-content\/uploads\/2017\/01\/about-us.jpg","datePublished":"2017-01-20T09:09:41+00:00","dateModified":"2024-11-01T15:08:05+00:00","description":"Sobre nosotros y sobre la trayectoria profesional de grupo Feet Up Hostels en Espa\u00f1a, con alojamiento y albergues juveniles en Barcelona, Valencia y Sevilla","breadcrumb":{"@id":"https:\/\/feetuphostels.com\/es\/sobre-nosotros\/#breadcrumb"},"inLanguage":"es","potentialAction":[{"@type":"ReadAction","target":["https:\/\/feetuphostels.com\/es\/sobre-nosotros\/"]}]},{"@type":"ImageObject","inLanguage":"es","@id":"https:\/\/feetuphostels.com\/es\/sobre-nosotros\/#primaryimage","url":"https:\/\/feetuphostels.com\/wp-content\/uploads\/2017\/01\/about-us.jpg","contentUrl":"https:\/\/feetuphostels.com\/wp-content\/uploads\/2017\/01\/about-us.jpg","width":960,"height":650,"caption":"Acerca de Feetup Hostels Espa\u00f1a"},{"@type":"BreadcrumbList","@id":"https:\/\/feetuphostels.com\/es\/sobre-nosotros\/#breadcrumb","itemListElement":[{"@type":"ListItem","position":1,"name":"Home","item":"https:\/\/feetuphostels.com\/es\/"},{"@type":"ListItem","position":2,"name":"Sobre nosotros"}]},{"@type":"WebSite","@id":"https:\/\/feetuphostels.com\/es\/#website","url":"https:\/\/feetuphostels.com\/es\/","name":"Feet Up Hostels","description":"Hostels y alojamiento en Valencia, Espa\u00f1a. Somos Friendliness Specialists","publisher":{"@id":"https:\/\/feetuphostels.com\/es\/#organization"},"alternateName":"Feet Up Hostels","potentialAction":[{"@type":"SearchAction","target":{"@type":"EntryPoint","urlTemplate":"https:\/\/feetuphostels.com\/es\/?s={search_term_string}"},"query-input":{"@type":"PropertyValueSpecification","valueRequired":true,"valueName":"search_term_string"}}],"inLanguage":"es"},{"@type":"Organization","@id":"https:\/\/feetuphostels.com\/es\/#organization","name":"Feet Up Hostels","alternateName":"Feet Up Hostels","url":"https:\/\/feetuphostels.com\/es\/","logo":{"@type":"ImageObject","inLanguage":"es","@id":"https:\/\/feetuphostels.com\/es\/#\/schema\/logo\/image\/","url":"https:\/\/feetuphostels.com\/wp-content\/uploads\/2019\/01\/logo-web-amp-feetuphostels.svg","contentUrl":"https:\/\/feetuphostels.com\/wp-content\/uploads\/2019\/01\/logo-web-amp-feetuphostels.svg","width":1,"height":1,"caption":"Feet Up Hostels"},"image":{"@id":"https:\/\/feetuphostels.com\/es\/#\/schema\/logo\/image\/"},"sameAs":["https:\/\/facebook.com\/feetuphostelsgroup","https:\/\/x.com\/feetuphostels","https:\/\/www.instagram.com\/feetuphostels\/","https:\/\/www.tiktok.com\/@feetuphostels","https:\/\/www.linkedin.com\/company\/feetuphostelsgroup\/","https:\/\/www.pinterest.es\/FeetupHostels\/","https:\/\/www.youtube.com\/feetuphostels"]}]}},"_links":{"self":[{"href":"https:\/\/feetuphostels.com\/es\/wp-json\/wp\/v2\/pages\/938","targetHints":{"allow":["GET"]}}],"collection":[{"href":"https:\/\/feetuphostels.com\/es\/wp-json\/wp\/v2\/pages"}],"about":[{"href":"https:\/\/feetuphostels.com\/es\/wp-json\/wp\/v2\/types\/page"}],"author":[{"embeddable":true,"href":"https:\/\/feetuphostels.com\/es\/wp-json\/wp\/v2\/users\/13"}],"replies":[{"embeddable":true,"href":"https:\/\/feetuphostels.com\/es\/wp-json\/wp\/v2\/comments?post=938"}],"version-history":[{"count":0,"href":"https:\/\/feetuphostels.com\/es\/wp-json\/wp\/v2\/pages\/938\/revisions"}],"wp:featuredmedia":[{"embeddable":true,"href":"https:\/\/feetuphostels.com\/es\/wp-json\/wp\/v2\/media\/14253"}],"wp:attachment":[{"href":"https:\/\/feetuphostels.com\/es\/wp-json\/wp\/v2\/media?parent=938"}],"curies":[{"name":"wp","href":"https:\/\/api.w.org\/{rel}","templated":true}]}}