{"id":90901,"date":"2020-02-03T11:54:31","date_gmt":"2020-02-03T10:54:31","guid":{"rendered":"https:\/\/feetuphostels.com\/?page_id=90901"},"modified":"2024-11-07T15:51:10","modified_gmt":"2024-11-07T14:51:10","slug":"prensa","status":"publish","type":"page","link":"https:\/\/feetuphostels.com\/es\/prensa\/","title":{"rendered":"Prensa"},"content":{"rendered":"\n<h1 class=\"wp-block-heading has-text-align-center\" id=\"h-press\">Prensa<\/h1>\n\n<figure class=\"wp-block-image aligncenter size-full\"><a href=\"https:\/\/www.traveler.es\/experiencias\/galerias\/cuales-son-los-mejores-hostels-espana-alojarse-2020\/2517\" target=\"_blank\" rel=\"noreferrer noopener\"><img fetchpriority=\"high\" decoding=\"async\" width=\"447\" height=\"223\" src=\"https:\/\/feetuphostels.com\/wp-content\/uploads\/2020\/02\/logo-conde-nast-traveler.png\" alt=\"Logo Cond&#xE9; Nast traveler\" class=\"wp-image-90927\" srcset=\"https:\/\/feetuphostels.com\/wp-content\/uploads\/2020\/02\/logo-conde-nast-traveler.png 447w, https:\/\/feetuphostels.com\/wp-content\/uploads\/2020\/02\/logo-conde-nast-traveler-300x150.png 300w, https:\/\/feetuphostels.com\/wp-content\/uploads\/2020\/02\/logo-conde-nast-traveler-260x130.png 260w, https:\/\/feetuphostels.com\/wp-content\/uploads\/2020\/02\/logo-conde-nast-traveler-50x25.png 50w, https:\/\/feetuphostels.com\/wp-content\/uploads\/2020\/02\/logo-conde-nast-traveler-150x75.png 150w\" sizes=\"(max-width: 447px) 100vw, 447px\" \/><\/a><\/figure>\n\n<p class=\"has-text-align-center\"><a href=\"https:\/\/www.traveler.es\/experiencias\/galerias\/cuales-son-los-mejores-hostels-espana-alojarse-2020\/2517\" target=\"_blank\" rel=\"noreferrer noopener\">Los HOSCARs 2020 de Hostelworld han hablado<\/a><\/p>\n\n<figure class=\"wp-block-image aligncenter size-full\"><img decoding=\"async\" width=\"400\" height=\"86\" src=\"https:\/\/feetuphostels.com\/wp-content\/uploads\/2020\/02\/logo-theguardian.jpg\" alt=\"The Guardian\" class=\"wp-image-91093\" srcset=\"https:\/\/feetuphostels.com\/wp-content\/uploads\/2020\/02\/logo-theguardian.jpg 400w, https:\/\/feetuphostels.com\/wp-content\/uploads\/2020\/02\/logo-theguardian-300x65.jpg 300w, https:\/\/feetuphostels.com\/wp-content\/uploads\/2020\/02\/logo-theguardian-260x56.jpg 260w, https:\/\/feetuphostels.com\/wp-content\/uploads\/2020\/02\/logo-theguardian-50x11.jpg 50w, https:\/\/feetuphostels.com\/wp-content\/uploads\/2020\/02\/logo-theguardian-150x32.jpg 150w\" sizes=\"(max-width: 400px) 100vw, 400px\" \/><\/figure>\n\n<p class=\"has-text-align-center\"><a href=\"https:\/\/feetuphostels.com\/es\/hostels-valencia\/\">Hilux Hostel Valencia<\/a> is considered one of the\u00a0<a href=\"https:\/\/www.theguardian.com\/travel\/2008\/jan\/29\/designer.hostels\" target=\"_blank\" rel=\"noreferrer noopener\">10 best hostels in Valencia<\/a><\/p>\n\n<p class=\"has-text-align-center\"><a href=\"https:\/\/feetuphostels.com\/es\/garden-house-hostel-barcelona\/\">Garden House Hostel Barcelona<\/a> is considered one of the\u00a0<a href=\"https:\/\/www.theguardian.com\/travel\/2011\/jun\/08\/barcelona-10-best-hostels\" target=\"_blank\" rel=\"noreferrer noopener\">10 best hostels in Barcelona<\/a><\/p>\n\n<p class=\"has-text-align-center\"><a href=\"https:\/\/feetuphostels.com\/es\/yellow-nest-hostel-barcelona\/\" target=\"_blank\" rel=\"noreferrer noopener\">Yellow Nest Hostel Barcelona<\/a><\/p>\n\n<figure class=\"wp-block-embed is-type-video is-provider-youtube wp-block-embed-youtube wp-embed-aspect-16-9 wp-has-aspect-ratio\">\r\n<div class=\"wp-block-embed__wrapper\">https:\/\/www.youtube.com\/watch?v=0bhR4gwhfYc<\/div><\/figure>\n","protected":false},"excerpt":{"rendered":"<p>Prensa  de Feet Up Hostels. Sala de Prensa. Noticias y mensiones en diferentes canales de comunicaci\u00f3n sobre nuestra Cadena de Youth Hostels en toda Espa\u00f1a. Noticias de prensa en los canales de comunicaci\u00f3n Online sobre los Hostels de Barcelona, Valencia y Sevilla. Yellow Nest Hostel Barcelona, Garden House Hostel Barcelona, H\u00f4me Youth Hostel Valencia, H\u00f4me Backpackers Hostel Valencia, Purple Nest Hostel Valencia, Red Nest Hostel Valencia, Nest Style Hotel Valencia<\/p>\n","protected":false},"author":13,"featured_media":206374,"parent":0,"menu_order":0,"comment_status":"closed","ping_status":"closed","template":"","meta":{"footnotes":""},"class_list":["post-90901","page","type-page","status-publish","has-post-thumbnail","hentry"],"yoast_head":"<!-- This site is optimized with the Yoast SEO plugin v27.4 - https:\/\/yoast.com\/product\/yoast-seo-wordpress\/ -->\n<title>Prensa de Feet Up Hostels. Sala de Prensa. Noticias y mensiones<\/title>\n<meta name=\"description\" content=\"Prensa de Feet Up Hostels. Sala de Prensa. Noticias y mensiones en diferentes canales de comunicaci\u00f3n sobre nuestra Cadena de Youth Hostels\" \/>\n<meta name=\"robots\" content=\"index, follow, max-snippet:-1, max-image-preview:large, max-video-preview:-1\" \/>\n<link rel=\"canonical\" href=\"https:\/\/feetuphostels.com\/es\/prensa\/\" \/>\n<meta property=\"og:locale\" content=\"es_ES\" \/>\n<meta property=\"og:type\" content=\"article\" \/>\n<meta property=\"og:title\" content=\"Prensa de Feet Up Hostels. Sala de Prensa. Noticias y mensiones\" \/>\n<meta property=\"og:description\" content=\"Prensa de Feet Up Hostels. Sala de Prensa. Noticias y mensiones en diferentes canales de comunicaci\u00f3n sobre nuestra Cadena de Youth Hostels\" \/>\n<meta property=\"og:url\" content=\"https:\/\/feetuphostels.com\/es\/prensa\/\" \/>\n<meta property=\"og:site_name\" content=\"Feet Up Hostels\" \/>\n<meta property=\"article:publisher\" content=\"https:\/\/facebook.com\/feetuphostelsgroup\" \/>\n<meta property=\"article:modified_time\" content=\"2024-11-07T14:51:10+00:00\" \/>\n<meta property=\"og:image\" content=\"https:\/\/feetuphostels.com\/wp-content\/uploads\/2022\/12\/sitemap-feetup-hostels.jpg\" \/>\n\t<meta property=\"og:image:width\" content=\"1024\" \/>\n\t<meta property=\"og:image:height\" content=\"680\" \/>\n\t<meta property=\"og:image:type\" content=\"image\/jpeg\" \/>\n<meta name=\"twitter:card\" content=\"summary_large_image\" \/>\n<meta name=\"twitter:site\" content=\"@feetuphostels\" \/>\n<script type=\"application\/ld+json\" class=\"yoast-schema-graph\">{\"@context\":\"https:\\\/\\\/schema.org\",\"@graph\":[{\"@type\":\"WebPage\",\"@id\":\"https:\\\/\\\/feetuphostels.com\\\/es\\\/prensa\\\/\",\"url\":\"https:\\\/\\\/feetuphostels.com\\\/es\\\/prensa\\\/\",\"name\":\"Prensa de Feet Up Hostels. Sala de Prensa. Noticias y mensiones\",\"isPartOf\":{\"@id\":\"https:\\\/\\\/feetuphostels.com\\\/es\\\/#website\"},\"primaryImageOfPage\":{\"@id\":\"https:\\\/\\\/feetuphostels.com\\\/es\\\/prensa\\\/#primaryimage\"},\"image\":{\"@id\":\"https:\\\/\\\/feetuphostels.com\\\/es\\\/prensa\\\/#primaryimage\"},\"thumbnailUrl\":\"https:\\\/\\\/feetuphostels.com\\\/wp-content\\\/uploads\\\/2022\\\/12\\\/sitemap-feetup-hostels.jpg\",\"datePublished\":\"2020-02-03T10:54:31+00:00\",\"dateModified\":\"2024-11-07T14:51:10+00:00\",\"description\":\"Prensa de Feet Up Hostels. Sala de Prensa. Noticias y mensiones en diferentes canales de comunicaci\u00f3n sobre nuestra Cadena de Youth Hostels\",\"breadcrumb\":{\"@id\":\"https:\\\/\\\/feetuphostels.com\\\/es\\\/prensa\\\/#breadcrumb\"},\"inLanguage\":\"es\",\"potentialAction\":[{\"@type\":\"ReadAction\",\"target\":[\"https:\\\/\\\/feetuphostels.com\\\/es\\\/prensa\\\/\"]}]},{\"@type\":\"ImageObject\",\"inLanguage\":\"es\",\"@id\":\"https:\\\/\\\/feetuphostels.com\\\/es\\\/prensa\\\/#primaryimage\",\"url\":\"https:\\\/\\\/feetuphostels.com\\\/wp-content\\\/uploads\\\/2022\\\/12\\\/sitemap-feetup-hostels.jpg\",\"contentUrl\":\"https:\\\/\\\/feetuphostels.com\\\/wp-content\\\/uploads\\\/2022\\\/12\\\/sitemap-feetup-hostels.jpg\",\"width\":1024,\"height\":680,\"caption\":\"Prensa y Mapa del sitio\"},{\"@type\":\"BreadcrumbList\",\"@id\":\"https:\\\/\\\/feetuphostels.com\\\/es\\\/prensa\\\/#breadcrumb\",\"itemListElement\":[{\"@type\":\"ListItem\",\"position\":1,\"name\":\"Home\",\"item\":\"https:\\\/\\\/feetuphostels.com\\\/es\\\/\"},{\"@type\":\"ListItem\",\"position\":2,\"name\":\"Prensa\"}]},{\"@type\":\"WebSite\",\"@id\":\"https:\\\/\\\/feetuphostels.com\\\/es\\\/#website\",\"url\":\"https:\\\/\\\/feetuphostels.com\\\/es\\\/\",\"name\":\"Feet Up Hostels\",\"description\":\"Hostels y alojamiento en Valencia, Espa\u00f1a. Somos Friendliness Specialists\",\"publisher\":{\"@id\":\"https:\\\/\\\/feetuphostels.com\\\/es\\\/#organization\"},\"alternateName\":\"Feet Up Hostels\",\"potentialAction\":[{\"@type\":\"SearchAction\",\"target\":{\"@type\":\"EntryPoint\",\"urlTemplate\":\"https:\\\/\\\/feetuphostels.com\\\/es\\\/?s={search_term_string}\"},\"query-input\":{\"@type\":\"PropertyValueSpecification\",\"valueRequired\":true,\"valueName\":\"search_term_string\"}}],\"inLanguage\":\"es\"},{\"@type\":\"Organization\",\"@id\":\"https:\\\/\\\/feetuphostels.com\\\/es\\\/#organization\",\"name\":\"Feet Up Hostels\",\"alternateName\":\"Feet Up Hostels\",\"url\":\"https:\\\/\\\/feetuphostels.com\\\/es\\\/\",\"logo\":{\"@type\":\"ImageObject\",\"inLanguage\":\"es\",\"@id\":\"https:\\\/\\\/feetuphostels.com\\\/es\\\/#\\\/schema\\\/logo\\\/image\\\/\",\"url\":\"https:\\\/\\\/feetuphostels.com\\\/wp-content\\\/uploads\\\/2019\\\/01\\\/logo-web-amp-feetuphostels.svg\",\"contentUrl\":\"https:\\\/\\\/feetuphostels.com\\\/wp-content\\\/uploads\\\/2019\\\/01\\\/logo-web-amp-feetuphostels.svg\",\"width\":1,\"height\":1,\"caption\":\"Feet Up Hostels\"},\"image\":{\"@id\":\"https:\\\/\\\/feetuphostels.com\\\/es\\\/#\\\/schema\\\/logo\\\/image\\\/\"},\"sameAs\":[\"https:\\\/\\\/facebook.com\\\/feetuphostelsgroup\",\"https:\\\/\\\/x.com\\\/feetuphostels\",\"https:\\\/\\\/www.instagram.com\\\/feetuphostels\\\/\",\"https:\\\/\\\/www.tiktok.com\\\/@feetuphostels\",\"https:\\\/\\\/www.linkedin.com\\\/company\\\/feetuphostelsgroup\\\/\",\"https:\\\/\\\/www.pinterest.es\\\/FeetupHostels\\\/\",\"https:\\\/\\\/www.youtube.com\\\/feetuphostels\"]}]}<\/script>\n<!-- \/ Yoast SEO plugin. -->","yoast_head_json":{"title":"Prensa de Feet Up Hostels. Sala de Prensa. Noticias y mensiones","description":"Prensa de Feet Up Hostels. Sala de Prensa. Noticias y mensiones en diferentes canales de comunicaci\u00f3n sobre nuestra Cadena de Youth Hostels","robots":{"index":"index","follow":"follow","max-snippet":"max-snippet:-1","max-image-preview":"max-image-preview:large","max-video-preview":"max-video-preview:-1"},"canonical":"https:\/\/feetuphostels.com\/es\/prensa\/","og_locale":"es_ES","og_type":"article","og_title":"Prensa de Feet Up Hostels. Sala de Prensa. Noticias y mensiones","og_description":"Prensa de Feet Up Hostels. Sala de Prensa. Noticias y mensiones en diferentes canales de comunicaci\u00f3n sobre nuestra Cadena de Youth Hostels","og_url":"https:\/\/feetuphostels.com\/es\/prensa\/","og_site_name":"Feet Up Hostels","article_publisher":"https:\/\/facebook.com\/feetuphostelsgroup","article_modified_time":"2024-11-07T14:51:10+00:00","og_image":[{"width":1024,"height":680,"url":"https:\/\/feetuphostels.com\/wp-content\/uploads\/2022\/12\/sitemap-feetup-hostels.jpg","type":"image\/jpeg"}],"twitter_card":"summary_large_image","twitter_site":"@feetuphostels","schema":{"@context":"https:\/\/schema.org","@graph":[{"@type":"WebPage","@id":"https:\/\/feetuphostels.com\/es\/prensa\/","url":"https:\/\/feetuphostels.com\/es\/prensa\/","name":"Prensa de Feet Up Hostels. Sala de Prensa. Noticias y mensiones","isPartOf":{"@id":"https:\/\/feetuphostels.com\/es\/#website"},"primaryImageOfPage":{"@id":"https:\/\/feetuphostels.com\/es\/prensa\/#primaryimage"},"image":{"@id":"https:\/\/feetuphostels.com\/es\/prensa\/#primaryimage"},"thumbnailUrl":"https:\/\/feetuphostels.com\/wp-content\/uploads\/2022\/12\/sitemap-feetup-hostels.jpg","datePublished":"2020-02-03T10:54:31+00:00","dateModified":"2024-11-07T14:51:10+00:00","description":"Prensa de Feet Up Hostels. Sala de Prensa. Noticias y mensiones en diferentes canales de comunicaci\u00f3n sobre nuestra Cadena de Youth Hostels","breadcrumb":{"@id":"https:\/\/feetuphostels.com\/es\/prensa\/#breadcrumb"},"inLanguage":"es","potentialAction":[{"@type":"ReadAction","target":["https:\/\/feetuphostels.com\/es\/prensa\/"]}]},{"@type":"ImageObject","inLanguage":"es","@id":"https:\/\/feetuphostels.com\/es\/prensa\/#primaryimage","url":"https:\/\/feetuphostels.com\/wp-content\/uploads\/2022\/12\/sitemap-feetup-hostels.jpg","contentUrl":"https:\/\/feetuphostels.com\/wp-content\/uploads\/2022\/12\/sitemap-feetup-hostels.jpg","width":1024,"height":680,"caption":"Prensa y Mapa del sitio"},{"@type":"BreadcrumbList","@id":"https:\/\/feetuphostels.com\/es\/prensa\/#breadcrumb","itemListElement":[{"@type":"ListItem","position":1,"name":"Home","item":"https:\/\/feetuphostels.com\/es\/"},{"@type":"ListItem","position":2,"name":"Prensa"}]},{"@type":"WebSite","@id":"https:\/\/feetuphostels.com\/es\/#website","url":"https:\/\/feetuphostels.com\/es\/","name":"Feet Up Hostels","description":"Hostels y alojamiento en Valencia, Espa\u00f1a. Somos Friendliness Specialists","publisher":{"@id":"https:\/\/feetuphostels.com\/es\/#organization"},"alternateName":"Feet Up Hostels","potentialAction":[{"@type":"SearchAction","target":{"@type":"EntryPoint","urlTemplate":"https:\/\/feetuphostels.com\/es\/?s={search_term_string}"},"query-input":{"@type":"PropertyValueSpecification","valueRequired":true,"valueName":"search_term_string"}}],"inLanguage":"es"},{"@type":"Organization","@id":"https:\/\/feetuphostels.com\/es\/#organization","name":"Feet Up Hostels","alternateName":"Feet Up Hostels","url":"https:\/\/feetuphostels.com\/es\/","logo":{"@type":"ImageObject","inLanguage":"es","@id":"https:\/\/feetuphostels.com\/es\/#\/schema\/logo\/image\/","url":"https:\/\/feetuphostels.com\/wp-content\/uploads\/2019\/01\/logo-web-amp-feetuphostels.svg","contentUrl":"https:\/\/feetuphostels.com\/wp-content\/uploads\/2019\/01\/logo-web-amp-feetuphostels.svg","width":1,"height":1,"caption":"Feet Up Hostels"},"image":{"@id":"https:\/\/feetuphostels.com\/es\/#\/schema\/logo\/image\/"},"sameAs":["https:\/\/facebook.com\/feetuphostelsgroup","https:\/\/x.com\/feetuphostels","https:\/\/www.instagram.com\/feetuphostels\/","https:\/\/www.tiktok.com\/@feetuphostels","https:\/\/www.linkedin.com\/company\/feetuphostelsgroup\/","https:\/\/www.pinterest.es\/FeetupHostels\/","https:\/\/www.youtube.com\/feetuphostels"]}]}},"_links":{"self":[{"href":"https:\/\/feetuphostels.com\/es\/wp-json\/wp\/v2\/pages\/90901","targetHints":{"allow":["GET"]}}],"collection":[{"href":"https:\/\/feetuphostels.com\/es\/wp-json\/wp\/v2\/pages"}],"about":[{"href":"https:\/\/feetuphostels.com\/es\/wp-json\/wp\/v2\/types\/page"}],"author":[{"embeddable":true,"href":"https:\/\/feetuphostels.com\/es\/wp-json\/wp\/v2\/users\/13"}],"replies":[{"embeddable":true,"href":"https:\/\/feetuphostels.com\/es\/wp-json\/wp\/v2\/comments?post=90901"}],"version-history":[{"count":0,"href":"https:\/\/feetuphostels.com\/es\/wp-json\/wp\/v2\/pages\/90901\/revisions"}],"wp:featuredmedia":[{"embeddable":true,"href":"https:\/\/feetuphostels.com\/es\/wp-json\/wp\/v2\/media\/206374"}],"wp:attachment":[{"href":"https:\/\/feetuphostels.com\/es\/wp-json\/wp\/v2\/media?parent=90901"}],"curies":[{"name":"wp","href":"https:\/\/api.w.org\/{rel}","templated":true}]}}