{"id":77357,"date":"2019-11-11T11:15:23","date_gmt":"2019-11-11T10:15:23","guid":{"rendered":"https:\/\/feetuphostels.com\/booking-home-youth-hostel-valencia\/"},"modified":"2024-11-02T18:31:32","modified_gmt":"2024-11-02T17:31:32","slug":"reservar-home-youth-hostel-valencia","status":"publish","type":"page","link":"https:\/\/feetuphostels.com\/es\/reservar-home-youth-hostel-valencia\/","title":{"rendered":"Reservar en H\u00f4me Youth Hostel Valencia"},"content":{"rendered":"\n<h1 class=\"wp-block-heading has-text-align-center\" id=\"h-booking-home-youth-hostel\">Reserva ahora en H\u00f4me Youth Hostel<\/h1>\n\n<iframe src=\"https:\/\/feetup-youth-hostel-dot-feetup-hotels.appspot.com\/booking1\/?adultsRoom1=1\" width=\"100%\" height=\"1800px\" style=\"border:0;\"><\/iframe>\n\n<h2 class=\"wp-block-heading\">Reserva una cama sin literas en nuestro H\u00f4me Youth Hostel<\/h2>\n\n<h2 class=\"wp-block-heading\">\u00a1Hola, amig@ viajer@!&#13;\n\u00bfList@ para la pr\u00f3xima aventura?<\/h2>\n\n<p>Te damos la bienvenida a nuestro H\u00f4me Youth Hostel, donde la diversi\u00f3n, el confort y la hospitalidad se dan cita. Si est\u00e1s buscando una experiencia inolvidable, te aseguramos que est\u00e1s en el lugar correcto.<\/p>\n\n<p>Aqu\u00ed valoramos la autenticidad y el trato directo contigo, nuestro hu\u00e9sped. Estamos convencidos de que si reservas directamente con nosotros, vivir\u00e1s una experiencia de alojamiento personalizada y gratificante, y sobre todo, \u00a1llena de buen rollo!<\/p>\n\n<p>\u00bfPor qu\u00e9 decimos esto? Perm\u00edtenos explicarte:<\/p>\n\n<ul class=\"wp-block-list\">\n<li><strong>Mejor precio garantizado:<\/strong> Al reservar directamente con nosotros, siempre obtendr\u00e1s el mejor precio. Sin intermediarios que a\u00f1adan comisiones extra, tendr\u00e1s m\u00e1s para gastar en tus aventuras.<\/li>\n\n\n\n<li><a href=\"https:\/\/feetuphostels.com\/es\/clientes\/contacto\/\">Comunicaci\u00f3n directa<\/a>: Al reservar directamente, disfrutar\u00e1s de una comunicaci\u00f3n fluida y directa con nuestro equipo. Podemos atender tus necesidades, responder a todas tus consultas y proporcionarte los mejores consejos locales de forma eficaz.<\/li>\n\n\n\n<li><strong>Personalizaci\u00f3n:<\/strong> \u00bfTienes requisitos diet\u00e9ticos espec\u00edficos? \u00bfPrefieres una cama en una esquina tranquila del dormitorio? Cuando reservas directamente, nos podemos adaptar a tus gustos y necesidades para que tu estancia sea s\u00faper c\u00f3moda y agradable.<\/li>\n\n\n\n<li><strong>Promociones exclusivas:<\/strong> A menudo tenemos ofertas y descuentos que solo est\u00e1n disponibles para los que reservan directamente con nosotros. Esto puede incluir desde descuentos en actividades locales hasta una bebida gratis a tu llegada.<\/li>\n\n\n\n<li><strong>Lealtad recompensada:<\/strong> Si reservas directamente, ser\u00e1s el primero en enterarte de nuestros eventos especiales y ofertas. Adem\u00e1s, nos encanta ver caras conocidas, por eso, a menudo tenemos recompensas especiales para quienes vuelven.<\/li>\n<\/ul>\n\n<h2 class=\"wp-block-heading\">En resumen.<\/h2>\n\n<p>Reservar directamente con nosotros significa que disfrutar\u00e1s de los mejores precios, un servicio m\u00e1s personalizado, promociones exclusivas y recompensas por lealtad. Pero, lo m\u00e1s importante, es que formar\u00e1s parte de nuestra comunidad de viajeros y aventureros, compartiendo experiencias y creando recuerdos que durar\u00e1n toda la vida.<\/p>\n\n<p>As\u00ed que, la pr\u00f3xima vez que est\u00e9s planeando tu gran aventura, piensa en reservar directamente con nosotros.<\/p>\n\n<p>Te garantizamos que ser\u00e1 la mejor decisi\u00f3n para tu viaje.<\/p>\n\n<p>\u00a1Estamos deseando darte la bienvenida con los brazos abiertos a nuestro Youth Hostel!<\/p>\n","protected":false},"excerpt":{"rendered":"<p>Reservar en H\u00f4me Youth Hostel Valencia \u00ae Reserva una cama ahora al mejor precio en Valencia, sin gastos de reserva, confirmaci\u00f3n inmediata, cancelaci\u00f3n gratuita. Este edificio recientemente restaurado en el centro de Valencia cuenta con conexi\u00f3n Wi-Fi gratuita, y es el \u00fanico albergue en Valencia que ofrece camas individuales, en lugar de literas. Reserva ahora en H\u00f4me Youth Hostel Valencia<\/p>\n","protected":false},"author":13,"featured_media":61914,"parent":0,"menu_order":0,"comment_status":"closed","ping_status":"closed","template":"","meta":{"footnotes":""},"class_list":["post-77357","page","type-page","status-publish","has-post-thumbnail","hentry"],"yoast_head":"<!-- This site is optimized with the Yoast SEO plugin v27.4 - https:\/\/yoast.com\/product\/yoast-seo-wordpress\/ -->\n<title>Reservar en H\u00f4me Youth Hostel Valencia\u00ae Reserva una cama al mejor precio<\/title>\n<meta name=\"description\" content=\"Reservar en H\u00f4me Youth Hostel Valencia \u00ae \u2714\ufe0fCompara y reserva en Valencia al mejor precio \u2714\ufe0fsin gastos de reservas \u2714\ufe0fcancelaci\u00f3n gratuita\" \/>\n<meta name=\"robots\" content=\"index, follow, max-snippet:-1, max-image-preview:large, max-video-preview:-1\" \/>\n<link rel=\"canonical\" href=\"https:\/\/feetuphostels.com\/es\/reservar-home-youth-hostel-valencia\/\" \/>\n<meta property=\"og:locale\" content=\"es_ES\" \/>\n<meta property=\"og:type\" content=\"article\" \/>\n<meta property=\"og:title\" content=\"Reservar en H\u00f4me Youth Hostel Valencia\u00ae Reserva una cama al mejor precio\" \/>\n<meta property=\"og:description\" content=\"Reservar en H\u00f4me Youth Hostel Valencia \u00ae \u2714\ufe0fCompara y reserva en Valencia al mejor precio \u2714\ufe0fsin gastos de reservas \u2714\ufe0fcancelaci\u00f3n gratuita\" \/>\n<meta property=\"og:url\" content=\"https:\/\/feetuphostels.com\/es\/reservar-home-youth-hostel-valencia\/\" \/>\n<meta property=\"og:site_name\" content=\"Feet Up Hostels\" \/>\n<meta property=\"article:publisher\" content=\"https:\/\/facebook.com\/feetuphostelsgroup\" \/>\n<meta property=\"article:modified_time\" content=\"2024-11-02T17:31:32+00:00\" \/>\n<meta property=\"og:image\" content=\"https:\/\/feetuphostels.com\/wp-content\/uploads\/2019\/07\/16home-youth-hostel-valencia-by-feetuphostels.jpg\" \/>\n\t<meta property=\"og:image:width\" content=\"1620\" \/>\n\t<meta property=\"og:image:height\" content=\"1080\" \/>\n\t<meta property=\"og:image:type\" content=\"image\/jpeg\" \/>\n<meta name=\"twitter:card\" content=\"summary_large_image\" \/>\n<meta name=\"twitter:site\" content=\"@feetuphostels\" \/>\n<meta name=\"twitter:label1\" content=\"Tiempo de lectura\" \/>\n\t<meta name=\"twitter:data1\" content=\"2 minutos\" \/>\n<script type=\"application\/ld+json\" class=\"yoast-schema-graph\">{\"@context\":\"https:\\\/\\\/schema.org\",\"@graph\":[{\"@type\":\"WebPage\",\"@id\":\"https:\\\/\\\/feetuphostels.com\\\/es\\\/reservar-home-youth-hostel-valencia\\\/\",\"url\":\"https:\\\/\\\/feetuphostels.com\\\/es\\\/reservar-home-youth-hostel-valencia\\\/\",\"name\":\"Reservar en H\u00f4me Youth Hostel Valencia\u00ae Reserva una cama al mejor precio\",\"isPartOf\":{\"@id\":\"https:\\\/\\\/feetuphostels.com\\\/es\\\/#website\"},\"primaryImageOfPage\":{\"@id\":\"https:\\\/\\\/feetuphostels.com\\\/es\\\/reservar-home-youth-hostel-valencia\\\/#primaryimage\"},\"image\":{\"@id\":\"https:\\\/\\\/feetuphostels.com\\\/es\\\/reservar-home-youth-hostel-valencia\\\/#primaryimage\"},\"thumbnailUrl\":\"https:\\\/\\\/feetuphostels.com\\\/wp-content\\\/uploads\\\/2019\\\/07\\\/16home-youth-hostel-valencia-by-feetuphostels.jpg\",\"datePublished\":\"2019-11-11T10:15:23+00:00\",\"dateModified\":\"2024-11-02T17:31:32+00:00\",\"description\":\"Reservar en H\u00f4me Youth Hostel Valencia \u00ae \u2714\ufe0fCompara y reserva en Valencia al mejor precio \u2714\ufe0fsin gastos de reservas \u2714\ufe0fcancelaci\u00f3n gratuita\",\"breadcrumb\":{\"@id\":\"https:\\\/\\\/feetuphostels.com\\\/es\\\/reservar-home-youth-hostel-valencia\\\/#breadcrumb\"},\"inLanguage\":\"es\",\"potentialAction\":[{\"@type\":\"ReadAction\",\"target\":[\"https:\\\/\\\/feetuphostels.com\\\/es\\\/reservar-home-youth-hostel-valencia\\\/\"]}]},{\"@type\":\"ImageObject\",\"inLanguage\":\"es\",\"@id\":\"https:\\\/\\\/feetuphostels.com\\\/es\\\/reservar-home-youth-hostel-valencia\\\/#primaryimage\",\"url\":\"https:\\\/\\\/feetuphostels.com\\\/wp-content\\\/uploads\\\/2019\\\/07\\\/16home-youth-hostel-valencia-by-feetuphostels.jpg\",\"contentUrl\":\"https:\\\/\\\/feetuphostels.com\\\/wp-content\\\/uploads\\\/2019\\\/07\\\/16home-youth-hostel-valencia-by-feetuphostels.jpg\",\"width\":1620,\"height\":1080,\"caption\":\"Recepci\u00f3n te da una c\u00e1lida bienvenida\"},{\"@type\":\"BreadcrumbList\",\"@id\":\"https:\\\/\\\/feetuphostels.com\\\/es\\\/reservar-home-youth-hostel-valencia\\\/#breadcrumb\",\"itemListElement\":[{\"@type\":\"ListItem\",\"position\":1,\"name\":\"Home\",\"item\":\"https:\\\/\\\/feetuphostels.com\\\/es\\\/\"},{\"@type\":\"ListItem\",\"position\":2,\"name\":\"Reservar en H\u00f4me Youth Hostel Valencia\"}]},{\"@type\":\"WebSite\",\"@id\":\"https:\\\/\\\/feetuphostels.com\\\/es\\\/#website\",\"url\":\"https:\\\/\\\/feetuphostels.com\\\/es\\\/\",\"name\":\"Feet Up Hostels\",\"description\":\"Hostels y alojamiento en Valencia, Espa\u00f1a. Somos Friendliness Specialists\",\"publisher\":{\"@id\":\"https:\\\/\\\/feetuphostels.com\\\/es\\\/#organization\"},\"alternateName\":\"Feet Up Hostels\",\"potentialAction\":[{\"@type\":\"SearchAction\",\"target\":{\"@type\":\"EntryPoint\",\"urlTemplate\":\"https:\\\/\\\/feetuphostels.com\\\/es\\\/?s={search_term_string}\"},\"query-input\":{\"@type\":\"PropertyValueSpecification\",\"valueRequired\":true,\"valueName\":\"search_term_string\"}}],\"inLanguage\":\"es\"},{\"@type\":\"Organization\",\"@id\":\"https:\\\/\\\/feetuphostels.com\\\/es\\\/#organization\",\"name\":\"Feet Up Hostels\",\"alternateName\":\"Feet Up Hostels\",\"url\":\"https:\\\/\\\/feetuphostels.com\\\/es\\\/\",\"logo\":{\"@type\":\"ImageObject\",\"inLanguage\":\"es\",\"@id\":\"https:\\\/\\\/feetuphostels.com\\\/es\\\/#\\\/schema\\\/logo\\\/image\\\/\",\"url\":\"https:\\\/\\\/feetuphostels.com\\\/wp-content\\\/uploads\\\/2019\\\/01\\\/logo-web-amp-feetuphostels.svg\",\"contentUrl\":\"https:\\\/\\\/feetuphostels.com\\\/wp-content\\\/uploads\\\/2019\\\/01\\\/logo-web-amp-feetuphostels.svg\",\"width\":1,\"height\":1,\"caption\":\"Feet Up Hostels\"},\"image\":{\"@id\":\"https:\\\/\\\/feetuphostels.com\\\/es\\\/#\\\/schema\\\/logo\\\/image\\\/\"},\"sameAs\":[\"https:\\\/\\\/facebook.com\\\/feetuphostelsgroup\",\"https:\\\/\\\/x.com\\\/feetuphostels\",\"https:\\\/\\\/www.instagram.com\\\/feetuphostels\\\/\",\"https:\\\/\\\/www.tiktok.com\\\/@feetuphostels\",\"https:\\\/\\\/www.linkedin.com\\\/company\\\/feetuphostelsgroup\\\/\",\"https:\\\/\\\/www.pinterest.es\\\/FeetupHostels\\\/\",\"https:\\\/\\\/www.youtube.com\\\/feetuphostels\"]}]}<\/script>\n<!-- \/ Yoast SEO plugin. -->","yoast_head_json":{"title":"Reservar en H\u00f4me Youth Hostel Valencia\u00ae Reserva una cama al mejor precio","description":"Reservar en H\u00f4me Youth Hostel Valencia \u00ae \u2714\ufe0fCompara y reserva en Valencia al mejor precio \u2714\ufe0fsin gastos de reservas \u2714\ufe0fcancelaci\u00f3n gratuita","robots":{"index":"index","follow":"follow","max-snippet":"max-snippet:-1","max-image-preview":"max-image-preview:large","max-video-preview":"max-video-preview:-1"},"canonical":"https:\/\/feetuphostels.com\/es\/reservar-home-youth-hostel-valencia\/","og_locale":"es_ES","og_type":"article","og_title":"Reservar en H\u00f4me Youth Hostel Valencia\u00ae Reserva una cama al mejor precio","og_description":"Reservar en H\u00f4me Youth Hostel Valencia \u00ae \u2714\ufe0fCompara y reserva en Valencia al mejor precio \u2714\ufe0fsin gastos de reservas \u2714\ufe0fcancelaci\u00f3n gratuita","og_url":"https:\/\/feetuphostels.com\/es\/reservar-home-youth-hostel-valencia\/","og_site_name":"Feet Up Hostels","article_publisher":"https:\/\/facebook.com\/feetuphostelsgroup","article_modified_time":"2024-11-02T17:31:32+00:00","og_image":[{"width":1620,"height":1080,"url":"https:\/\/feetuphostels.com\/wp-content\/uploads\/2019\/07\/16home-youth-hostel-valencia-by-feetuphostels.jpg","type":"image\/jpeg"}],"twitter_card":"summary_large_image","twitter_site":"@feetuphostels","twitter_misc":{"Tiempo de lectura":"2 minutos"},"schema":{"@context":"https:\/\/schema.org","@graph":[{"@type":"WebPage","@id":"https:\/\/feetuphostels.com\/es\/reservar-home-youth-hostel-valencia\/","url":"https:\/\/feetuphostels.com\/es\/reservar-home-youth-hostel-valencia\/","name":"Reservar en H\u00f4me Youth Hostel Valencia\u00ae Reserva una cama al mejor precio","isPartOf":{"@id":"https:\/\/feetuphostels.com\/es\/#website"},"primaryImageOfPage":{"@id":"https:\/\/feetuphostels.com\/es\/reservar-home-youth-hostel-valencia\/#primaryimage"},"image":{"@id":"https:\/\/feetuphostels.com\/es\/reservar-home-youth-hostel-valencia\/#primaryimage"},"thumbnailUrl":"https:\/\/feetuphostels.com\/wp-content\/uploads\/2019\/07\/16home-youth-hostel-valencia-by-feetuphostels.jpg","datePublished":"2019-11-11T10:15:23+00:00","dateModified":"2024-11-02T17:31:32+00:00","description":"Reservar en H\u00f4me Youth Hostel Valencia \u00ae \u2714\ufe0fCompara y reserva en Valencia al mejor precio \u2714\ufe0fsin gastos de reservas \u2714\ufe0fcancelaci\u00f3n gratuita","breadcrumb":{"@id":"https:\/\/feetuphostels.com\/es\/reservar-home-youth-hostel-valencia\/#breadcrumb"},"inLanguage":"es","potentialAction":[{"@type":"ReadAction","target":["https:\/\/feetuphostels.com\/es\/reservar-home-youth-hostel-valencia\/"]}]},{"@type":"ImageObject","inLanguage":"es","@id":"https:\/\/feetuphostels.com\/es\/reservar-home-youth-hostel-valencia\/#primaryimage","url":"https:\/\/feetuphostels.com\/wp-content\/uploads\/2019\/07\/16home-youth-hostel-valencia-by-feetuphostels.jpg","contentUrl":"https:\/\/feetuphostels.com\/wp-content\/uploads\/2019\/07\/16home-youth-hostel-valencia-by-feetuphostels.jpg","width":1620,"height":1080,"caption":"Recepci\u00f3n te da una c\u00e1lida bienvenida"},{"@type":"BreadcrumbList","@id":"https:\/\/feetuphostels.com\/es\/reservar-home-youth-hostel-valencia\/#breadcrumb","itemListElement":[{"@type":"ListItem","position":1,"name":"Home","item":"https:\/\/feetuphostels.com\/es\/"},{"@type":"ListItem","position":2,"name":"Reservar en H\u00f4me Youth Hostel Valencia"}]},{"@type":"WebSite","@id":"https:\/\/feetuphostels.com\/es\/#website","url":"https:\/\/feetuphostels.com\/es\/","name":"Feet Up Hostels","description":"Hostels y alojamiento en Valencia, Espa\u00f1a. Somos Friendliness Specialists","publisher":{"@id":"https:\/\/feetuphostels.com\/es\/#organization"},"alternateName":"Feet Up Hostels","potentialAction":[{"@type":"SearchAction","target":{"@type":"EntryPoint","urlTemplate":"https:\/\/feetuphostels.com\/es\/?s={search_term_string}"},"query-input":{"@type":"PropertyValueSpecification","valueRequired":true,"valueName":"search_term_string"}}],"inLanguage":"es"},{"@type":"Organization","@id":"https:\/\/feetuphostels.com\/es\/#organization","name":"Feet Up Hostels","alternateName":"Feet Up Hostels","url":"https:\/\/feetuphostels.com\/es\/","logo":{"@type":"ImageObject","inLanguage":"es","@id":"https:\/\/feetuphostels.com\/es\/#\/schema\/logo\/image\/","url":"https:\/\/feetuphostels.com\/wp-content\/uploads\/2019\/01\/logo-web-amp-feetuphostels.svg","contentUrl":"https:\/\/feetuphostels.com\/wp-content\/uploads\/2019\/01\/logo-web-amp-feetuphostels.svg","width":1,"height":1,"caption":"Feet Up Hostels"},"image":{"@id":"https:\/\/feetuphostels.com\/es\/#\/schema\/logo\/image\/"},"sameAs":["https:\/\/facebook.com\/feetuphostelsgroup","https:\/\/x.com\/feetuphostels","https:\/\/www.instagram.com\/feetuphostels\/","https:\/\/www.tiktok.com\/@feetuphostels","https:\/\/www.linkedin.com\/company\/feetuphostelsgroup\/","https:\/\/www.pinterest.es\/FeetupHostels\/","https:\/\/www.youtube.com\/feetuphostels"]}]}},"_links":{"self":[{"href":"https:\/\/feetuphostels.com\/es\/wp-json\/wp\/v2\/pages\/77357","targetHints":{"allow":["GET"]}}],"collection":[{"href":"https:\/\/feetuphostels.com\/es\/wp-json\/wp\/v2\/pages"}],"about":[{"href":"https:\/\/feetuphostels.com\/es\/wp-json\/wp\/v2\/types\/page"}],"author":[{"embeddable":true,"href":"https:\/\/feetuphostels.com\/es\/wp-json\/wp\/v2\/users\/13"}],"replies":[{"embeddable":true,"href":"https:\/\/feetuphostels.com\/es\/wp-json\/wp\/v2\/comments?post=77357"}],"version-history":[{"count":0,"href":"https:\/\/feetuphostels.com\/es\/wp-json\/wp\/v2\/pages\/77357\/revisions"}],"wp:featuredmedia":[{"embeddable":true,"href":"https:\/\/feetuphostels.com\/es\/wp-json\/wp\/v2\/media\/61914"}],"wp:attachment":[{"href":"https:\/\/feetuphostels.com\/es\/wp-json\/wp\/v2\/media?parent=77357"}],"curies":[{"name":"wp","href":"https:\/\/api.w.org\/{rel}","templated":true}]}}