{"id":6097,"date":"2017-12-04T22:15:36","date_gmt":"2017-12-04T21:15:36","guid":{"rendered":"https:\/\/feetuphostels.com\/?page_id=6097"},"modified":"2024-11-07T11:48:54","modified_gmt":"2024-11-07T10:48:54","slug":"ubicacion-red-nest-hostel-valencia","status":"publish","type":"page","link":"https:\/\/feetuphostels.com\/es\/ubicacion-red-nest-hostel-valencia\/","title":{"rendered":"Ubicaci\u00f3n Red Nest Hostel Valencia"},"content":{"rendered":"\n<iframe src=\"https:\/\/www.google.com\/maps\/embed?pb=!1m14!1m8!1m3!1d12319.351532238054!2d-0.3719664!3d39.472991!3m2!1i1024!2i768!4f13.1!3m3!1m2!1s0xd6048b252915ce7%3A0xc3230866517c578d!2sRed%20Nest%20Hostel%20Valencia!5e0!3m2!1ses!2ses!4v1683026058381!5m2!1ses!2ses\" width=\"100%\" height=\"500\" style=\"border:0;\" allowfullscreen=\"\" loading=\"lazy\" referrerpolicy=\"no-referrer-when-downgrade\"><\/iframe>\r\n\n<h1 class=\"wp-block-heading has-text-align-center\" id=\"h-location-red-nest-hostel\">Ubicaci\u00f3n Red Nest Hostel<\/h1>\n\n<div class=\"wp-block-essential-blocks-accordion\"><div class=\"eb-parent-wrapper eb-parent-eb-accordion-czj6lti \"><div class=\"eb-accordion-container eb-accordion-czj6lti\" data-accordion-type=\"toggle\" data-tab-icon=\"fas fa-plus-circle\" data-expanded-icon=\"fas fa-minus-circle\"><div class=\"eb-accordion-inner\">\n<div class=\"eb-accordion-item-u7a7o8o eb-accordion-wrapper\" data-clickable=\"false\"><div class=\"eb-accordion-title-wrapper\"><span class=\"eb-accordion-icon-wrapper\"><span class=\"fas fa-plus-circle eb-accordion-icon\"><\/span><\/span><h2 class=\"eb-accordion-title\">How to get from Valencia Airport?<\/h2><\/div><div class=\"eb-accordion-content-wrapper\"><div class=\"eb-accordion-content\">\n<h3 class=\"wp-block-heading\" id=\"h-how-to-get-from-valencia-airport-to-red-nest-hostel-valencia\">\u00bfC\u00f3mo llegar del Aeropuerto de Valencia al Albergue Red Nest Valencia?<\/h3>\n\n\n\n<p>Si llegas en avi\u00f3n al Aeropuerto de Valencia, tienes diferentes opciones:<\/p>\n\n\n\n<div style=\"height:20px\" aria-hidden=\"true\" class=\"wp-block-spacer\"><\/div>\n\n\n\n<h3 class=\"wp-block-heading\" id=\"h-by-taxi\">En taxi.<\/h3>\n\n\n\n<ul class=\"wp-block-list\">\n<li>Justo afuera del aeropuerto encontrar\u00e1s una parada de taxis. Puedes tomar uno directamente al Red Nest Hostel Valencia. Aseg\u00farate de indicar al conductor la direcci\u00f3n exacta.<\/li>\n<\/ul>\n\n\n\n<h3 class=\"wp-block-heading\" id=\"h-by-metro\">En metro.<\/h3>\n\n\n\n<ul class=\"wp-block-list\">\n<li>Tambi\u00e9n puedes optar por el metro. Dentro del aeropuerto, sigue las se\u00f1ales hacia la estaci\u00f3n de metro. Toma la l\u00ednea 3 o 5 y baja en la estaci\u00f3n de X\u00e0tiva. Desde all\u00ed, camina unos minutos hasta el hostel.<\/li>\n<\/ul>\n<\/div><\/div><\/div>\n\n\n\n<div class=\"eb-accordion-item-kl7ox03 eb-accordion-wrapper\" data-clickable=\"false\"><div class=\"eb-accordion-title-wrapper\"><span class=\"eb-accordion-icon-wrapper\"><span class=\"fas fa-plus-circle eb-accordion-icon\"><\/span><\/span><h2 class=\"eb-accordion-title\">From Valencia North Station?<\/h2><\/div><div class=\"eb-accordion-content-wrapper\"><div class=\"eb-accordion-content\">\n<h3 class=\"wp-block-heading\" id=\"h-how-to-get-from-valencia-s-north-station-to-red-nest-hostel-valencia\">\u00bfC\u00f3mo llegar de la Estaci\u00f3n del Norte de Valencia al Albergue Red Nest Valencia?<\/h3>\n\n\n\n<p>Si llegas en tren a la Estaci\u00f3n del Norte de Valencia, sigue estos pasos:<\/p>\n\n\n\n<div style=\"height:20px\" aria-hidden=\"true\" class=\"wp-block-spacer\"><\/div>\n\n\n\n<h3 class=\"wp-block-heading\" id=\"h-on-foot\">Caminando.<\/h3>\n\n\n\n<ul class=\"wp-block-list\">\n<li>Al salir de la estaci\u00f3n, dir\u00edgete hacia el centro de la ciudad, en direcci\u00f3n a la Plaza del Ayuntamiento. El Red Nest Hostel Valencia se encuentra cerca de esa zona, as\u00ed que podr\u00e1s llegar caminando en unos pocos minutos.<\/li>\n<\/ul>\n<\/div><\/div><\/div>\n\n\n\n<div class=\"eb-accordion-item-ev3x8f4 eb-accordion-wrapper\" data-clickable=\"false\"><div class=\"eb-accordion-title-wrapper\"><span class=\"eb-accordion-icon-wrapper\"><span class=\"fas fa-plus-circle eb-accordion-icon\"><\/span><\/span><h2 class=\"eb-accordion-title\">If you prefer to get around by bus<\/h2><\/div><div class=\"eb-accordion-content-wrapper\"><div class=\"eb-accordion-content\">\n<h3 class=\"wp-block-heading\" id=\"h-if-you-prefer-to-get-around-by-bus-consider-the-following-options\">Si prefieres moverte en autob\u00fas, considera las siguientes opciones:<\/h3>\n\n\n\n<p>Autob\u00fas urbano: Valencia cuenta con una amplia red de autobuses urbanos. Puedes consultar los horarios y rutas en la p\u00e1gina web de la empresa de transporte p\u00fablico de la ciudad. Busca la parada m\u00e1s cercana al hostel y toma el autob\u00fas correspondiente.<\/p>\n\n\n\n<div style=\"height:20px\" aria-hidden=\"true\" class=\"wp-block-spacer\"><\/div>\n<\/div><\/div><\/div>\n\n\n\n<div class=\"eb-accordion-item-pqsasqg eb-accordion-wrapper\" data-clickable=\"false\"><div class=\"eb-accordion-title-wrapper\"><span class=\"eb-accordion-icon-wrapper\"><span class=\"fas fa-plus-circle eb-accordion-icon\"><\/span><\/span><h2 class=\"eb-accordion-title\">Other options<\/h2><\/div><div class=\"eb-accordion-content-wrapper\"><div class=\"eb-accordion-content\">\n<ol class=\"wp-block-list\">\n<li>Si te gustar\u00eda utilizar el metro de Valencia, aqu\u00ed tienes las indicaciones:&#13;\na) Metro: El metro es una opci\u00f3n conveniente para moverte por la ciudad. Puedes consultar las l\u00edneas y estaciones en la p\u00e1gina web de <a href=\"https:\/\/www.metrovalencia.es\/\" target=\"_blank\" rel=\"noreferrer noopener\">Metrovalencia <\/a>. Encuentra la estaci\u00f3n m\u00e1s cercana al Red Nest Hostel Valencia y toma el metro hasta all\u00ed.<\/li>\n\n\n\n<li>Encuentra la estaci\u00f3n m\u00e1s cercana al Red Nest Hostel Valencia y toma el metro hasta all\u00ed.<\/li>\n\n\n\n<li>Si prefieres tomar un taxi, aqu\u00ed tienes la informaci\u00f3n necesaria: <strong>Taxi:<\/strong> Los taxis son una opci\u00f3n r\u00e1pida y c\u00f3moda para llegar al hostel. Puedes encontrar paradas de taxis en diferentes puntos de la ciudad.<\/li>\n\n\n\n<li>Simplemente indica al conductor que te lleve al Red Nest Hostel Valencia y estar\u00e1s en camino.<\/li>\n<\/ol>\n\n\n\n<div style=\"height:20px\" aria-hidden=\"true\" class=\"wp-block-spacer\"><\/div>\n\n\n\n<p>Remember to have a map or use navigation apps on your phone to guide you if needed. I hope you find the option that suits you best, and enjoy your stay at <a href=\"https:\/\/feetuphostels.com\/es\/red-nest-hostel-valencia\/\">Red Nest Hostel Valencia<\/a>!<\/p>\n<\/div><\/div><\/div>\n\n\n\n<div class=\"eb-accordion-item-0u2z8tv eb-accordion-wrapper\" data-clickable=\"false\"><div class=\"eb-accordion-title-wrapper\"><span class=\"eb-accordion-icon-wrapper\"><span class=\"fas fa-plus-circle eb-accordion-icon\"><\/span><\/span><h2 class=\"eb-accordion-title\">Parking, bike and tickets information<\/h2><\/div><div class=\"eb-accordion-content-wrapper\"><div class=\"eb-accordion-content\">\n<h3 class=\"wp-block-heading\" id=\"h-about-parking\">Sobre el aparcamiento.<\/h3>\n\n\n\n<ul class=\"wp-block-list\">\n<li>No hay aparcamiento gratuito pero hay una calle muy cerca del hostel llamada Paseo de la Alameda donde siempre se puede aparcar gratis. <a href=\"https:\/\/goo.gl\/maps\/gq2btF25prPF7zCb9\" target=\"_blank\" rel=\"noreferrer noopener\">View location<\/a>.<\/li>\n\n\n\n<li>Delante del albergue hay un aparcamiento privado; aqu\u00ed encontrar\u00e1 precios\u00a0<a href=\"https:\/\/www.interparking.es\/es-ES\/find-parking\/Glorieta-Paz\/\">https:\/\/www.interparking.es\/es-ES\/find-parking\/Glorieta-Paz\/<\/a><\/li>\n<\/ul>\n\n\n\n<h3 class=\"wp-block-heading\" id=\"h-about-tickets\">Sobre las entradas.<\/h3>\n\n\n\n<p>Puedes adquirir varios tipos de tarjetas de viaje (Travel Cards), en funci\u00f3n de la duraci\u00f3n de su estancia en Valencia:<\/p>\n\n\n\n<ul class=\"wp-block-list\">\n<li>Los autobuses de la EMT cubren casi todas las zonas de la ciudad y circulan cada 10 \u00f3 20 minutos.<\/li>\n\n\n\n<li>El precio de un billete sencillo es de 1,50 euros.<\/li>\n\n\n\n<li>Bonob\u00fas individual de 10 viajes con una duraci\u00f3n de 1 hora por viaje (s\u00f3lo autobuses) 9 euros.<\/li>\n\n\n\n<li>Bonometro para 10 viajes, cada viaje es v\u00e1lido hasta que salga del metro (es decir, puede cambiar de l\u00ednea) 9 euros.<\/li>\n\n\n\n<li>Metrobus, un billete combinado que puede utilizar en el metro y en el autob\u00fas. (\u20ac 9)<\/li>\n<\/ul>\n\n\n\n<p>Para m\u00e1s informaci\u00f3n sobre billetes de autob\u00fas, as\u00ed como l\u00edneas y horarios, puedes visitar la p\u00e1gina oficial de la Empresa Municipal de Transportes (EMT). <a href=\"https:\/\/www.emtvalencia.es\/ciudadano\/index.php\" target=\"_blank\" rel=\"noreferrer noopener\">emtvalencia.es<\/a>.\u200e<\/p>\n\n\n\n<p>Si deseas m\u00e1s informaci\u00f3n sobre el Metro de Valencia, horarios, fechas y m\u00e1s detalles, puede visitar la web oficial del Metro de Valencia. <a href=\"https:\/\/www.metrovalencia.es\/\" target=\"_blank\" rel=\"noreferrer noopener\">www.metrovalencia.es<\/a>.<\/p>\n\n\n\n<p>Adem\u00e1s, si eres un amante de la bicicleta y prefieres disfrutar y conocer Valencia en bici, puedes visitar la web oficial de Valenbisi. <a href=\"https:\/\/www.valenbisi.es\/\" target=\"_blank\" rel=\"noreferrer noopener\">www.valenbisi.es<\/a><\/p>\n<\/div><\/div><\/div>\n<\/div><\/div><\/div><\/div>\n\n<div style=\"height:100px\" aria-hidden=\"true\" class=\"wp-block-spacer\"><\/div>\n\n<div class=\"wp-block-essential-blocks-advanced-image\">\r\n<div class=\"eb-parent-wrapper eb-parent-eb-advanced-image-8n1xcjg \">\r\n<figure class=\"eb-advanced-image-wrapper eb-advanced-image-8n1xcjg img-style-rounded caption-style-1 caption-horizontal-center caption-vertical-bottom bottom zoom-in\" data-id=\"eb-advanced-image-8n1xcjg\">\r\n<div class=\"image-wrapper\">\r\n<div class=\"image-wrapper\">\r\n\r\n<img decoding=\"async\" src=\"https:\/\/feetuphostels.com\/wp-content\/uploads\/2020\/10\/28red-nest-hostel-valencia2020-pro-covid19.jpg\" alt=\"Main entrance of our Red Nest Hostel Valencia\" \/>\r\n\r\n<\/div>\r\n<\/div>\r\n<figcaption>Main entrance of our hostel<\/figcaption><\/figure>\r\n<\/div>\r\n<\/div>\n","protected":false},"excerpt":{"rendered":"<p>Ubicaci\u00f3n Red Nest Hostel Valencia \u00ae Como llegar Hostal Red Nest. Cerca del centro de Valencia con transporte p\u00fablico por toda la ciudad \ud83d\ude8d\ud83d\ude86\ud83d\udeb2 Un albergue cerca de todos los lugares m\u00e1s famosos de Valencia. Desde el albergue se puede ir andando a cualquier monumento hist\u00f3rico de Valencia. El albergue Red Nest est\u00e1 muy bien comunicado con todos los servicios de transporte p\u00fablico de Valencia, por lo que podr\u00e1 ir a la playa directamente desde las puertas del albergue.<\/p>\n","protected":false},"author":13,"featured_media":0,"parent":0,"menu_order":0,"comment_status":"closed","ping_status":"open","template":"","meta":{"footnotes":""},"class_list":["post-6097","page","type-page","status-publish","hentry"],"yoast_head":"<!-- This site is optimized with the Yoast SEO plugin v27.4 - https:\/\/yoast.com\/product\/yoast-seo-wordpress\/ -->\n<title>Ubicaci\u00f3n Red Nest Hostel Valencia \u00ae en la Calle la Paz de Valencia \ud83d\udccd<\/title>\n<meta name=\"description\" content=\"Ubicaci\u00f3n Red Nest Hostel Valencia \u00ae en la Calle la Paz y muy bien comunicado con parada de autob\u00fas \ud83d\ude8d, metro \ud83d\ude86 y bicicletas \ud83d\udeb2 Valencia. Hostel Barato\" \/>\n<meta name=\"robots\" content=\"index, follow, max-snippet:-1, max-image-preview:large, max-video-preview:-1\" \/>\n<link rel=\"canonical\" href=\"https:\/\/feetuphostels.com\/es\/ubicacion-red-nest-hostel-valencia\/\" \/>\n<meta property=\"og:locale\" content=\"es_ES\" \/>\n<meta property=\"og:type\" content=\"article\" \/>\n<meta property=\"og:title\" content=\"Ubicaci\u00f3n Red Nest Hostel Valencia \u00ae en la Calle la Paz de Valencia \ud83d\udccd\" \/>\n<meta property=\"og:description\" content=\"Ubicaci\u00f3n Red Nest Hostel Valencia \u00ae en la Calle la Paz y muy bien comunicado con parada de autob\u00fas \ud83d\ude8d, metro \ud83d\ude86 y bicicletas \ud83d\udeb2 Valencia. Hostel Barato\" \/>\n<meta property=\"og:url\" content=\"https:\/\/feetuphostels.com\/es\/ubicacion-red-nest-hostel-valencia\/\" \/>\n<meta property=\"og:site_name\" content=\"Feet Up Hostels\" \/>\n<meta property=\"article:publisher\" content=\"https:\/\/facebook.com\/feetuphostelsgroup\" \/>\n<meta property=\"article:modified_time\" content=\"2024-11-07T10:48:54+00:00\" \/>\n<meta property=\"og:image\" content=\"https:\/\/feetuphostels.com\/wp-content\/uploads\/2020\/10\/28red-nest-hostel-valencia2020-pro-covid19.jpg\" \/>\n<meta name=\"twitter:card\" content=\"summary_large_image\" \/>\n<meta name=\"twitter:site\" content=\"@feetuphostels\" \/>\n<meta name=\"twitter:label1\" content=\"Tiempo de lectura\" \/>\n\t<meta name=\"twitter:data1\" content=\"3 minutos\" \/>\n<script type=\"application\/ld+json\" class=\"yoast-schema-graph\">{\"@context\":\"https:\\\/\\\/schema.org\",\"@graph\":[{\"@type\":\"WebPage\",\"@id\":\"https:\\\/\\\/feetuphostels.com\\\/es\\\/ubicacion-red-nest-hostel-valencia\\\/\",\"url\":\"https:\\\/\\\/feetuphostels.com\\\/es\\\/ubicacion-red-nest-hostel-valencia\\\/\",\"name\":\"Ubicaci\u00f3n Red Nest Hostel Valencia \u00ae en la Calle la Paz de Valencia \ud83d\udccd\",\"isPartOf\":{\"@id\":\"https:\\\/\\\/feetuphostels.com\\\/es\\\/#website\"},\"primaryImageOfPage\":{\"@id\":\"https:\\\/\\\/feetuphostels.com\\\/es\\\/ubicacion-red-nest-hostel-valencia\\\/#primaryimage\"},\"image\":{\"@id\":\"https:\\\/\\\/feetuphostels.com\\\/es\\\/ubicacion-red-nest-hostel-valencia\\\/#primaryimage\"},\"thumbnailUrl\":\"https:\\\/\\\/feetuphostels.com\\\/wp-content\\\/uploads\\\/2020\\\/10\\\/28red-nest-hostel-valencia2020-pro-covid19.jpg\",\"datePublished\":\"2017-12-04T21:15:36+00:00\",\"dateModified\":\"2024-11-07T10:48:54+00:00\",\"description\":\"Ubicaci\u00f3n Red Nest Hostel Valencia \u00ae en la Calle la Paz y muy bien comunicado con parada de autob\u00fas \ud83d\ude8d, metro \ud83d\ude86 y bicicletas \ud83d\udeb2 Valencia. Hostel Barato\",\"breadcrumb\":{\"@id\":\"https:\\\/\\\/feetuphostels.com\\\/es\\\/ubicacion-red-nest-hostel-valencia\\\/#breadcrumb\"},\"inLanguage\":\"es\",\"potentialAction\":[{\"@type\":\"ReadAction\",\"target\":[\"https:\\\/\\\/feetuphostels.com\\\/es\\\/ubicacion-red-nest-hostel-valencia\\\/\"]}]},{\"@type\":\"ImageObject\",\"inLanguage\":\"es\",\"@id\":\"https:\\\/\\\/feetuphostels.com\\\/es\\\/ubicacion-red-nest-hostel-valencia\\\/#primaryimage\",\"url\":\"https:\\\/\\\/feetuphostels.com\\\/wp-content\\\/uploads\\\/2020\\\/10\\\/28red-nest-hostel-valencia2020-pro-covid19.jpg\",\"contentUrl\":\"https:\\\/\\\/feetuphostels.com\\\/wp-content\\\/uploads\\\/2020\\\/10\\\/28red-nest-hostel-valencia2020-pro-covid19.jpg\"},{\"@type\":\"BreadcrumbList\",\"@id\":\"https:\\\/\\\/feetuphostels.com\\\/es\\\/ubicacion-red-nest-hostel-valencia\\\/#breadcrumb\",\"itemListElement\":[{\"@type\":\"ListItem\",\"position\":1,\"name\":\"Home\",\"item\":\"https:\\\/\\\/feetuphostels.com\\\/es\\\/\"},{\"@type\":\"ListItem\",\"position\":2,\"name\":\"Ubicaci\u00f3n Red Nest Hostel Valencia\"}]},{\"@type\":\"WebSite\",\"@id\":\"https:\\\/\\\/feetuphostels.com\\\/es\\\/#website\",\"url\":\"https:\\\/\\\/feetuphostels.com\\\/es\\\/\",\"name\":\"Feet Up Hostels\",\"description\":\"Hostels y alojamiento en Valencia, Espa\u00f1a. Somos Friendliness Specialists\",\"publisher\":{\"@id\":\"https:\\\/\\\/feetuphostels.com\\\/es\\\/#organization\"},\"alternateName\":\"Feet Up Hostels\",\"potentialAction\":[{\"@type\":\"SearchAction\",\"target\":{\"@type\":\"EntryPoint\",\"urlTemplate\":\"https:\\\/\\\/feetuphostels.com\\\/es\\\/?s={search_term_string}\"},\"query-input\":{\"@type\":\"PropertyValueSpecification\",\"valueRequired\":true,\"valueName\":\"search_term_string\"}}],\"inLanguage\":\"es\"},{\"@type\":\"Organization\",\"@id\":\"https:\\\/\\\/feetuphostels.com\\\/es\\\/#organization\",\"name\":\"Feet Up Hostels\",\"alternateName\":\"Feet Up Hostels\",\"url\":\"https:\\\/\\\/feetuphostels.com\\\/es\\\/\",\"logo\":{\"@type\":\"ImageObject\",\"inLanguage\":\"es\",\"@id\":\"https:\\\/\\\/feetuphostels.com\\\/es\\\/#\\\/schema\\\/logo\\\/image\\\/\",\"url\":\"https:\\\/\\\/feetuphostels.com\\\/wp-content\\\/uploads\\\/2019\\\/01\\\/logo-web-amp-feetuphostels.svg\",\"contentUrl\":\"https:\\\/\\\/feetuphostels.com\\\/wp-content\\\/uploads\\\/2019\\\/01\\\/logo-web-amp-feetuphostels.svg\",\"width\":1,\"height\":1,\"caption\":\"Feet Up Hostels\"},\"image\":{\"@id\":\"https:\\\/\\\/feetuphostels.com\\\/es\\\/#\\\/schema\\\/logo\\\/image\\\/\"},\"sameAs\":[\"https:\\\/\\\/facebook.com\\\/feetuphostelsgroup\",\"https:\\\/\\\/x.com\\\/feetuphostels\",\"https:\\\/\\\/www.instagram.com\\\/feetuphostels\\\/\",\"https:\\\/\\\/www.tiktok.com\\\/@feetuphostels\",\"https:\\\/\\\/www.linkedin.com\\\/company\\\/feetuphostelsgroup\\\/\",\"https:\\\/\\\/www.pinterest.es\\\/FeetupHostels\\\/\",\"https:\\\/\\\/www.youtube.com\\\/feetuphostels\"]}]}<\/script>\n<!-- \/ Yoast SEO plugin. -->","yoast_head_json":{"title":"Ubicaci\u00f3n Red Nest Hostel Valencia \u00ae en la Calle la Paz de Valencia \ud83d\udccd","description":"Ubicaci\u00f3n Red Nest Hostel Valencia \u00ae en la Calle la Paz y muy bien comunicado con parada de autob\u00fas \ud83d\ude8d, metro \ud83d\ude86 y bicicletas \ud83d\udeb2 Valencia. Hostel Barato","robots":{"index":"index","follow":"follow","max-snippet":"max-snippet:-1","max-image-preview":"max-image-preview:large","max-video-preview":"max-video-preview:-1"},"canonical":"https:\/\/feetuphostels.com\/es\/ubicacion-red-nest-hostel-valencia\/","og_locale":"es_ES","og_type":"article","og_title":"Ubicaci\u00f3n Red Nest Hostel Valencia \u00ae en la Calle la Paz de Valencia \ud83d\udccd","og_description":"Ubicaci\u00f3n Red Nest Hostel Valencia \u00ae en la Calle la Paz y muy bien comunicado con parada de autob\u00fas \ud83d\ude8d, metro \ud83d\ude86 y bicicletas \ud83d\udeb2 Valencia. Hostel Barato","og_url":"https:\/\/feetuphostels.com\/es\/ubicacion-red-nest-hostel-valencia\/","og_site_name":"Feet Up Hostels","article_publisher":"https:\/\/facebook.com\/feetuphostelsgroup","article_modified_time":"2024-11-07T10:48:54+00:00","og_image":[{"url":"https:\/\/feetuphostels.com\/wp-content\/uploads\/2020\/10\/28red-nest-hostel-valencia2020-pro-covid19.jpg","type":"","width":"","height":""}],"twitter_card":"summary_large_image","twitter_site":"@feetuphostels","twitter_misc":{"Tiempo de lectura":"3 minutos"},"schema":{"@context":"https:\/\/schema.org","@graph":[{"@type":"WebPage","@id":"https:\/\/feetuphostels.com\/es\/ubicacion-red-nest-hostel-valencia\/","url":"https:\/\/feetuphostels.com\/es\/ubicacion-red-nest-hostel-valencia\/","name":"Ubicaci\u00f3n Red Nest Hostel Valencia \u00ae en la Calle la Paz de Valencia \ud83d\udccd","isPartOf":{"@id":"https:\/\/feetuphostels.com\/es\/#website"},"primaryImageOfPage":{"@id":"https:\/\/feetuphostels.com\/es\/ubicacion-red-nest-hostel-valencia\/#primaryimage"},"image":{"@id":"https:\/\/feetuphostels.com\/es\/ubicacion-red-nest-hostel-valencia\/#primaryimage"},"thumbnailUrl":"https:\/\/feetuphostels.com\/wp-content\/uploads\/2020\/10\/28red-nest-hostel-valencia2020-pro-covid19.jpg","datePublished":"2017-12-04T21:15:36+00:00","dateModified":"2024-11-07T10:48:54+00:00","description":"Ubicaci\u00f3n Red Nest Hostel Valencia \u00ae en la Calle la Paz y muy bien comunicado con parada de autob\u00fas \ud83d\ude8d, metro \ud83d\ude86 y bicicletas \ud83d\udeb2 Valencia. Hostel Barato","breadcrumb":{"@id":"https:\/\/feetuphostels.com\/es\/ubicacion-red-nest-hostel-valencia\/#breadcrumb"},"inLanguage":"es","potentialAction":[{"@type":"ReadAction","target":["https:\/\/feetuphostels.com\/es\/ubicacion-red-nest-hostel-valencia\/"]}]},{"@type":"ImageObject","inLanguage":"es","@id":"https:\/\/feetuphostels.com\/es\/ubicacion-red-nest-hostel-valencia\/#primaryimage","url":"https:\/\/feetuphostels.com\/wp-content\/uploads\/2020\/10\/28red-nest-hostel-valencia2020-pro-covid19.jpg","contentUrl":"https:\/\/feetuphostels.com\/wp-content\/uploads\/2020\/10\/28red-nest-hostel-valencia2020-pro-covid19.jpg"},{"@type":"BreadcrumbList","@id":"https:\/\/feetuphostels.com\/es\/ubicacion-red-nest-hostel-valencia\/#breadcrumb","itemListElement":[{"@type":"ListItem","position":1,"name":"Home","item":"https:\/\/feetuphostels.com\/es\/"},{"@type":"ListItem","position":2,"name":"Ubicaci\u00f3n Red Nest Hostel Valencia"}]},{"@type":"WebSite","@id":"https:\/\/feetuphostels.com\/es\/#website","url":"https:\/\/feetuphostels.com\/es\/","name":"Feet Up Hostels","description":"Hostels y alojamiento en Valencia, Espa\u00f1a. Somos Friendliness Specialists","publisher":{"@id":"https:\/\/feetuphostels.com\/es\/#organization"},"alternateName":"Feet Up Hostels","potentialAction":[{"@type":"SearchAction","target":{"@type":"EntryPoint","urlTemplate":"https:\/\/feetuphostels.com\/es\/?s={search_term_string}"},"query-input":{"@type":"PropertyValueSpecification","valueRequired":true,"valueName":"search_term_string"}}],"inLanguage":"es"},{"@type":"Organization","@id":"https:\/\/feetuphostels.com\/es\/#organization","name":"Feet Up Hostels","alternateName":"Feet Up Hostels","url":"https:\/\/feetuphostels.com\/es\/","logo":{"@type":"ImageObject","inLanguage":"es","@id":"https:\/\/feetuphostels.com\/es\/#\/schema\/logo\/image\/","url":"https:\/\/feetuphostels.com\/wp-content\/uploads\/2019\/01\/logo-web-amp-feetuphostels.svg","contentUrl":"https:\/\/feetuphostels.com\/wp-content\/uploads\/2019\/01\/logo-web-amp-feetuphostels.svg","width":1,"height":1,"caption":"Feet Up Hostels"},"image":{"@id":"https:\/\/feetuphostels.com\/es\/#\/schema\/logo\/image\/"},"sameAs":["https:\/\/facebook.com\/feetuphostelsgroup","https:\/\/x.com\/feetuphostels","https:\/\/www.instagram.com\/feetuphostels\/","https:\/\/www.tiktok.com\/@feetuphostels","https:\/\/www.linkedin.com\/company\/feetuphostelsgroup\/","https:\/\/www.pinterest.es\/FeetupHostels\/","https:\/\/www.youtube.com\/feetuphostels"]}]}},"_links":{"self":[{"href":"https:\/\/feetuphostels.com\/es\/wp-json\/wp\/v2\/pages\/6097","targetHints":{"allow":["GET"]}}],"collection":[{"href":"https:\/\/feetuphostels.com\/es\/wp-json\/wp\/v2\/pages"}],"about":[{"href":"https:\/\/feetuphostels.com\/es\/wp-json\/wp\/v2\/types\/page"}],"author":[{"embeddable":true,"href":"https:\/\/feetuphostels.com\/es\/wp-json\/wp\/v2\/users\/13"}],"replies":[{"embeddable":true,"href":"https:\/\/feetuphostels.com\/es\/wp-json\/wp\/v2\/comments?post=6097"}],"version-history":[{"count":0,"href":"https:\/\/feetuphostels.com\/es\/wp-json\/wp\/v2\/pages\/6097\/revisions"}],"wp:attachment":[{"href":"https:\/\/feetuphostels.com\/es\/wp-json\/wp\/v2\/media?parent=6097"}],"curies":[{"name":"wp","href":"https:\/\/api.w.org\/{rel}","templated":true}]}}