{"id":6085,"date":"2017-12-04T22:18:19","date_gmt":"2017-12-04T21:18:19","guid":{"rendered":"https:\/\/feetuphostels.com\/?page_id=6085"},"modified":"2024-11-09T12:23:49","modified_gmt":"2024-11-09T11:23:49","slug":"opiniones-red-nest-hostel-valencia","status":"publish","type":"page","link":"https:\/\/feetuphostels.com\/es\/opiniones-red-nest-hostel-valencia\/","title":{"rendered":"Opiniones Red Nest Hostel Valencia"},"content":{"rendered":"\n<h1 class=\"wp-block-heading has-text-align-center\" id=\"h-reviews-red-nest-hostel\">Opiniones Red Nest<\/h1>\n\n<script src=\"https:\/\/apps.elfsight.com\/p\/platform.js\" defer=\"defer\"><\/script>\r\n<div class=\"elfsight-app-3efdd47a-9966-4dc4-9f94-9adcf3f7fe9b\"><\/div>\r\n\n<div style=\"height:30px\" aria-hidden=\"true\" class=\"wp-block-spacer\"><\/div>\n\n<h2 class=\"wp-block-heading\">Sobre las Opiniones de Red Nest Hostel Valencia<\/h2>\n\n<p> \u00bfQuieres saber qu\u00e9 dicen los viajeros sobre este lugar y por qu\u00e9 se toman el tiempo de compartir sus experiencias? \u00a1Sigue leyendo! Que te contaremos m\u00e1s sobre las Opiniones de Red Nest Hostel Valencia<\/p>\n\n<h3 class=\"wp-block-heading\">Tus comentarios son esenciales.<\/h3>\n\n<p>Al compartir tu experiencia y opini\u00f3n sobre los lugares donde te has alojado, ayudas a que otros viajeros como t\u00fa tomen las mejores decisiones para sus propias aventuras. Y ese es justamente el caso con Red Nest Hostel Valencia.<\/p>\n\n<h3 class=\"wp-block-heading\">Pero, \u00bfpor qu\u00e9 los hu\u00e9spedes se toman el tiempo de dejar estas rese\u00f1as?<\/h3>\n\n<p> Bueno, existen varias razones.<\/p>\n\n<ol class=\"wp-block-list\">\n<li><strong>Compartir su experiencia:<\/strong> Los hu\u00e9spedes a menudo dejan valoraciones para compartir sus experiencias, sean positivas o negativas. Esta retroalimentaci\u00f3n es invaluable para otros viajeros que est\u00e1n buscando un lugar para hospedarse. Las rese\u00f1as pueden ofrecer una perspectiva \u00fanica y personal de lo que realmente significa alojarse en un lugar en particular.<\/li>\n\n\n\n<li><strong>Ayudar a otros viajeros:<\/strong> Al dejar una valoraci\u00f3n, los hu\u00e9spedes est\u00e1n ayudando a otros viajeros a tomar una decisi\u00f3n informada. \u00bfEl lugar es limpio y seguro? \u00bfEl personal es amable y servicial? \u00bfLa ubicaci\u00f3n es conveniente? Estas son preguntas que suelen responderse en las rese\u00f1as.<\/li>\n\n\n\n<li><strong>Agradecer o criticar el servicio:<\/strong> Las valoraciones son una forma de agradecer un servicio excepcional o criticar si algo no cumpli\u00f3 con las expectativas. Es una manera directa de dar feedback al alojamiento, lo que les permite mejorar su servicio para futuros hu\u00e9spedes.<\/li>\n\n\n\n<li><strong>Compartir consejos y recomendaciones:<\/strong> Muchas veces, las rese\u00f1as incluyen consejos \u00fatiles y recomendaciones. Esto podr\u00eda ser cualquier cosa, desde un plato en particular que se debe probar en el restaurante del hostel, hasta una ruta de senderismo cercana que no debe pasarse por alto.<\/li>\n\n\n\n<li><strong>Sentido de comunidad:<\/strong> Finalmente, dejar una valoraci\u00f3n ayuda a fomentar un sentido de comunidad entre los <a href=\"https:\/\/nesthostelsvalencia.com\/es\/\" target=\"_blank\" rel=\"noopener\">viajeros<\/a>. Es una forma de comunicarse entre personas que comparten una pasi\u00f3n com\u00fan por explorar y descubrir nuevos lugares.<\/li>\n<\/ol>\n\n<h3 class=\"wp-block-heading\">Recuerda.<\/h3>\n\n<p>Tus rese\u00f1as importan. No solo ayudan a otros viajeros a tomar decisiones informadas, sino que tambi\u00e9n pueden tener un impacto significativo en los alojamientos y c\u00f3mo mejoran y ofrecen sus servicios.<\/p>\n\n<p>\u00a1No dudes en compartir tus experiencias!<\/p>\n","protected":false},"excerpt":{"rendered":"<p>Opiniones de Red Nest Hostel Valencia. Valoraciones reales de hu\u00e9spedes reales. Un alojamiento con camas desde 10\u20ac por noche<\/p>\n","protected":false},"author":13,"featured_media":18664,"parent":0,"menu_order":0,"comment_status":"closed","ping_status":"open","template":"","meta":{"footnotes":""},"class_list":["post-6085","page","type-page","status-publish","has-post-thumbnail","hentry"],"yoast_head":"<!-- This site is optimized with the Yoast SEO plugin v27.4 - https:\/\/yoast.com\/product\/yoast-seo-wordpress\/ -->\n<title>Opiniones Red Nest Hostel Valencia \u2714\ufe0f Rating real de hu\u00e9spedes reales<\/title>\n<meta name=\"description\" content=\"Opiniones Albergue Red Nest Valencia. Valoraciones reales de hu\u00e9spedes reales. Un alojamiento con camas desde 10\u20ac por noche\" \/>\n<meta name=\"robots\" content=\"index, follow, max-snippet:-1, max-image-preview:large, max-video-preview:-1\" \/>\n<link rel=\"canonical\" href=\"https:\/\/feetuphostels.com\/es\/opiniones-red-nest-hostel-valencia\/\" \/>\n<meta property=\"og:locale\" content=\"es_ES\" \/>\n<meta property=\"og:type\" content=\"article\" \/>\n<meta property=\"og:title\" content=\"Opiniones Red Nest Hostel Valencia \u2714\ufe0f Rating real de hu\u00e9spedes reales\" \/>\n<meta property=\"og:description\" content=\"Opiniones Albergue Red Nest Valencia. Valoraciones reales de hu\u00e9spedes reales. Un alojamiento con camas desde 10\u20ac por noche\" \/>\n<meta property=\"og:url\" content=\"https:\/\/feetuphostels.com\/es\/opiniones-red-nest-hostel-valencia\/\" \/>\n<meta property=\"og:site_name\" content=\"Feet Up Hostels\" \/>\n<meta property=\"article:publisher\" content=\"https:\/\/facebook.com\/feetuphostelsgroup\" \/>\n<meta property=\"article:modified_time\" content=\"2024-11-09T11:23:49+00:00\" \/>\n<meta property=\"og:image\" content=\"https:\/\/feetuphostels.com\/wp-content\/uploads\/2019\/02\/09red-nest-hostel-valencia-by-feetuphostels.jpg\" \/>\n\t<meta property=\"og:image:width\" content=\"1554\" \/>\n\t<meta property=\"og:image:height\" content=\"1080\" \/>\n\t<meta property=\"og:image:type\" content=\"image\/jpeg\" \/>\n<meta name=\"twitter:card\" content=\"summary_large_image\" \/>\n<meta name=\"twitter:site\" content=\"@feetuphostels\" \/>\n<meta name=\"twitter:label1\" content=\"Tiempo de lectura\" \/>\n\t<meta name=\"twitter:data1\" content=\"2 minutos\" \/>\n<script type=\"application\/ld+json\" class=\"yoast-schema-graph\">{\"@context\":\"https:\\\/\\\/schema.org\",\"@graph\":[{\"@type\":\"WebPage\",\"@id\":\"https:\\\/\\\/feetuphostels.com\\\/es\\\/opiniones-red-nest-hostel-valencia\\\/\",\"url\":\"https:\\\/\\\/feetuphostels.com\\\/es\\\/opiniones-red-nest-hostel-valencia\\\/\",\"name\":\"Opiniones Red Nest Hostel Valencia \u2714\ufe0f Rating real de hu\u00e9spedes reales\",\"isPartOf\":{\"@id\":\"https:\\\/\\\/feetuphostels.com\\\/es\\\/#website\"},\"primaryImageOfPage\":{\"@id\":\"https:\\\/\\\/feetuphostels.com\\\/es\\\/opiniones-red-nest-hostel-valencia\\\/#primaryimage\"},\"image\":{\"@id\":\"https:\\\/\\\/feetuphostels.com\\\/es\\\/opiniones-red-nest-hostel-valencia\\\/#primaryimage\"},\"thumbnailUrl\":\"https:\\\/\\\/feetuphostels.com\\\/wp-content\\\/uploads\\\/2019\\\/02\\\/09red-nest-hostel-valencia-by-feetuphostels.jpg\",\"datePublished\":\"2017-12-04T21:18:19+00:00\",\"dateModified\":\"2024-11-09T11:23:49+00:00\",\"description\":\"Opiniones Albergue Red Nest Valencia. Valoraciones reales de hu\u00e9spedes reales. Un alojamiento con camas desde 10\u20ac por noche\",\"breadcrumb\":{\"@id\":\"https:\\\/\\\/feetuphostels.com\\\/es\\\/opiniones-red-nest-hostel-valencia\\\/#breadcrumb\"},\"inLanguage\":\"es\",\"potentialAction\":[{\"@type\":\"ReadAction\",\"target\":[\"https:\\\/\\\/feetuphostels.com\\\/es\\\/opiniones-red-nest-hostel-valencia\\\/\"]}]},{\"@type\":\"ImageObject\",\"inLanguage\":\"es\",\"@id\":\"https:\\\/\\\/feetuphostels.com\\\/es\\\/opiniones-red-nest-hostel-valencia\\\/#primaryimage\",\"url\":\"https:\\\/\\\/feetuphostels.com\\\/wp-content\\\/uploads\\\/2019\\\/02\\\/09red-nest-hostel-valencia-by-feetuphostels.jpg\",\"contentUrl\":\"https:\\\/\\\/feetuphostels.com\\\/wp-content\\\/uploads\\\/2019\\\/02\\\/09red-nest-hostel-valencia-by-feetuphostels.jpg\",\"width\":1554,\"height\":1080,\"caption\":\"Disfruta de tu tiempo con los amigos\"},{\"@type\":\"BreadcrumbList\",\"@id\":\"https:\\\/\\\/feetuphostels.com\\\/es\\\/opiniones-red-nest-hostel-valencia\\\/#breadcrumb\",\"itemListElement\":[{\"@type\":\"ListItem\",\"position\":1,\"name\":\"Home\",\"item\":\"https:\\\/\\\/feetuphostels.com\\\/es\\\/\"},{\"@type\":\"ListItem\",\"position\":2,\"name\":\"Opiniones Red Nest Hostel Valencia\"}]},{\"@type\":\"WebSite\",\"@id\":\"https:\\\/\\\/feetuphostels.com\\\/es\\\/#website\",\"url\":\"https:\\\/\\\/feetuphostels.com\\\/es\\\/\",\"name\":\"Feet Up Hostels\",\"description\":\"Hostels y alojamiento en Valencia, Espa\u00f1a. Somos Friendliness Specialists\",\"publisher\":{\"@id\":\"https:\\\/\\\/feetuphostels.com\\\/es\\\/#organization\"},\"alternateName\":\"Feet Up Hostels\",\"potentialAction\":[{\"@type\":\"SearchAction\",\"target\":{\"@type\":\"EntryPoint\",\"urlTemplate\":\"https:\\\/\\\/feetuphostels.com\\\/es\\\/?s={search_term_string}\"},\"query-input\":{\"@type\":\"PropertyValueSpecification\",\"valueRequired\":true,\"valueName\":\"search_term_string\"}}],\"inLanguage\":\"es\"},{\"@type\":\"Organization\",\"@id\":\"https:\\\/\\\/feetuphostels.com\\\/es\\\/#organization\",\"name\":\"Feet Up Hostels\",\"alternateName\":\"Feet Up Hostels\",\"url\":\"https:\\\/\\\/feetuphostels.com\\\/es\\\/\",\"logo\":{\"@type\":\"ImageObject\",\"inLanguage\":\"es\",\"@id\":\"https:\\\/\\\/feetuphostels.com\\\/es\\\/#\\\/schema\\\/logo\\\/image\\\/\",\"url\":\"https:\\\/\\\/feetuphostels.com\\\/wp-content\\\/uploads\\\/2019\\\/01\\\/logo-web-amp-feetuphostels.svg\",\"contentUrl\":\"https:\\\/\\\/feetuphostels.com\\\/wp-content\\\/uploads\\\/2019\\\/01\\\/logo-web-amp-feetuphostels.svg\",\"width\":1,\"height\":1,\"caption\":\"Feet Up Hostels\"},\"image\":{\"@id\":\"https:\\\/\\\/feetuphostels.com\\\/es\\\/#\\\/schema\\\/logo\\\/image\\\/\"},\"sameAs\":[\"https:\\\/\\\/facebook.com\\\/feetuphostelsgroup\",\"https:\\\/\\\/x.com\\\/feetuphostels\",\"https:\\\/\\\/www.instagram.com\\\/feetuphostels\\\/\",\"https:\\\/\\\/www.tiktok.com\\\/@feetuphostels\",\"https:\\\/\\\/www.linkedin.com\\\/company\\\/feetuphostelsgroup\\\/\",\"https:\\\/\\\/www.pinterest.es\\\/FeetupHostels\\\/\",\"https:\\\/\\\/www.youtube.com\\\/feetuphostels\"]}]}<\/script>\n<!-- \/ Yoast SEO plugin. -->","yoast_head_json":{"title":"Opiniones Red Nest Hostel Valencia \u2714\ufe0f Rating real de hu\u00e9spedes reales","description":"Opiniones Albergue Red Nest Valencia. Valoraciones reales de hu\u00e9spedes reales. Un alojamiento con camas desde 10\u20ac por noche","robots":{"index":"index","follow":"follow","max-snippet":"max-snippet:-1","max-image-preview":"max-image-preview:large","max-video-preview":"max-video-preview:-1"},"canonical":"https:\/\/feetuphostels.com\/es\/opiniones-red-nest-hostel-valencia\/","og_locale":"es_ES","og_type":"article","og_title":"Opiniones Red Nest Hostel Valencia \u2714\ufe0f Rating real de hu\u00e9spedes reales","og_description":"Opiniones Albergue Red Nest Valencia. Valoraciones reales de hu\u00e9spedes reales. Un alojamiento con camas desde 10\u20ac por noche","og_url":"https:\/\/feetuphostels.com\/es\/opiniones-red-nest-hostel-valencia\/","og_site_name":"Feet Up Hostels","article_publisher":"https:\/\/facebook.com\/feetuphostelsgroup","article_modified_time":"2024-11-09T11:23:49+00:00","og_image":[{"width":1554,"height":1080,"url":"https:\/\/feetuphostels.com\/wp-content\/uploads\/2019\/02\/09red-nest-hostel-valencia-by-feetuphostels.jpg","type":"image\/jpeg"}],"twitter_card":"summary_large_image","twitter_site":"@feetuphostels","twitter_misc":{"Tiempo de lectura":"2 minutos"},"schema":{"@context":"https:\/\/schema.org","@graph":[{"@type":"WebPage","@id":"https:\/\/feetuphostels.com\/es\/opiniones-red-nest-hostel-valencia\/","url":"https:\/\/feetuphostels.com\/es\/opiniones-red-nest-hostel-valencia\/","name":"Opiniones Red Nest Hostel Valencia \u2714\ufe0f Rating real de hu\u00e9spedes reales","isPartOf":{"@id":"https:\/\/feetuphostels.com\/es\/#website"},"primaryImageOfPage":{"@id":"https:\/\/feetuphostels.com\/es\/opiniones-red-nest-hostel-valencia\/#primaryimage"},"image":{"@id":"https:\/\/feetuphostels.com\/es\/opiniones-red-nest-hostel-valencia\/#primaryimage"},"thumbnailUrl":"https:\/\/feetuphostels.com\/wp-content\/uploads\/2019\/02\/09red-nest-hostel-valencia-by-feetuphostels.jpg","datePublished":"2017-12-04T21:18:19+00:00","dateModified":"2024-11-09T11:23:49+00:00","description":"Opiniones Albergue Red Nest Valencia. Valoraciones reales de hu\u00e9spedes reales. Un alojamiento con camas desde 10\u20ac por noche","breadcrumb":{"@id":"https:\/\/feetuphostels.com\/es\/opiniones-red-nest-hostel-valencia\/#breadcrumb"},"inLanguage":"es","potentialAction":[{"@type":"ReadAction","target":["https:\/\/feetuphostels.com\/es\/opiniones-red-nest-hostel-valencia\/"]}]},{"@type":"ImageObject","inLanguage":"es","@id":"https:\/\/feetuphostels.com\/es\/opiniones-red-nest-hostel-valencia\/#primaryimage","url":"https:\/\/feetuphostels.com\/wp-content\/uploads\/2019\/02\/09red-nest-hostel-valencia-by-feetuphostels.jpg","contentUrl":"https:\/\/feetuphostels.com\/wp-content\/uploads\/2019\/02\/09red-nest-hostel-valencia-by-feetuphostels.jpg","width":1554,"height":1080,"caption":"Disfruta de tu tiempo con los amigos"},{"@type":"BreadcrumbList","@id":"https:\/\/feetuphostels.com\/es\/opiniones-red-nest-hostel-valencia\/#breadcrumb","itemListElement":[{"@type":"ListItem","position":1,"name":"Home","item":"https:\/\/feetuphostels.com\/es\/"},{"@type":"ListItem","position":2,"name":"Opiniones Red Nest Hostel Valencia"}]},{"@type":"WebSite","@id":"https:\/\/feetuphostels.com\/es\/#website","url":"https:\/\/feetuphostels.com\/es\/","name":"Feet Up Hostels","description":"Hostels y alojamiento en Valencia, Espa\u00f1a. Somos Friendliness Specialists","publisher":{"@id":"https:\/\/feetuphostels.com\/es\/#organization"},"alternateName":"Feet Up Hostels","potentialAction":[{"@type":"SearchAction","target":{"@type":"EntryPoint","urlTemplate":"https:\/\/feetuphostels.com\/es\/?s={search_term_string}"},"query-input":{"@type":"PropertyValueSpecification","valueRequired":true,"valueName":"search_term_string"}}],"inLanguage":"es"},{"@type":"Organization","@id":"https:\/\/feetuphostels.com\/es\/#organization","name":"Feet Up Hostels","alternateName":"Feet Up Hostels","url":"https:\/\/feetuphostels.com\/es\/","logo":{"@type":"ImageObject","inLanguage":"es","@id":"https:\/\/feetuphostels.com\/es\/#\/schema\/logo\/image\/","url":"https:\/\/feetuphostels.com\/wp-content\/uploads\/2019\/01\/logo-web-amp-feetuphostels.svg","contentUrl":"https:\/\/feetuphostels.com\/wp-content\/uploads\/2019\/01\/logo-web-amp-feetuphostels.svg","width":1,"height":1,"caption":"Feet Up Hostels"},"image":{"@id":"https:\/\/feetuphostels.com\/es\/#\/schema\/logo\/image\/"},"sameAs":["https:\/\/facebook.com\/feetuphostelsgroup","https:\/\/x.com\/feetuphostels","https:\/\/www.instagram.com\/feetuphostels\/","https:\/\/www.tiktok.com\/@feetuphostels","https:\/\/www.linkedin.com\/company\/feetuphostelsgroup\/","https:\/\/www.pinterest.es\/FeetupHostels\/","https:\/\/www.youtube.com\/feetuphostels"]}]}},"_links":{"self":[{"href":"https:\/\/feetuphostels.com\/es\/wp-json\/wp\/v2\/pages\/6085","targetHints":{"allow":["GET"]}}],"collection":[{"href":"https:\/\/feetuphostels.com\/es\/wp-json\/wp\/v2\/pages"}],"about":[{"href":"https:\/\/feetuphostels.com\/es\/wp-json\/wp\/v2\/types\/page"}],"author":[{"embeddable":true,"href":"https:\/\/feetuphostels.com\/es\/wp-json\/wp\/v2\/users\/13"}],"replies":[{"embeddable":true,"href":"https:\/\/feetuphostels.com\/es\/wp-json\/wp\/v2\/comments?post=6085"}],"version-history":[{"count":0,"href":"https:\/\/feetuphostels.com\/es\/wp-json\/wp\/v2\/pages\/6085\/revisions"}],"wp:featuredmedia":[{"embeddable":true,"href":"https:\/\/feetuphostels.com\/es\/wp-json\/wp\/v2\/media\/18664"}],"wp:attachment":[{"href":"https:\/\/feetuphostels.com\/es\/wp-json\/wp\/v2\/media?parent=6085"}],"curies":[{"name":"wp","href":"https:\/\/api.w.org\/{rel}","templated":true}]}}