{"id":6060,"date":"2017-12-01T10:25:46","date_gmt":"2017-12-01T09:25:46","guid":{"rendered":"https:\/\/feetuphostels.com\/?page_id=6060"},"modified":"2024-11-09T12:17:34","modified_gmt":"2024-11-09T11:17:34","slug":"opiniones-purple-nest-hostel-valencia","status":"publish","type":"page","link":"https:\/\/feetuphostels.com\/es\/opiniones-purple-nest-hostel-valencia\/","title":{"rendered":"Opiniones Purple Nest Hostel Valencia"},"content":{"rendered":"\n<h1 class=\"wp-block-heading has-text-align-center\" id=\"h-reviews-purple-nest-hostel\">Opiniones Purple Nest<\/h1>\n\n<script src=\"https:\/\/apps.elfsight.com\/p\/platform.js\" defer=\"\"><\/script>\r\n<div class=\"elfsight-app-2b82ef62-1731-4184-8e8b-0427e0bb4501\"><\/div>\r\n\n<div style=\"height:30px\" aria-hidden=\"true\" class=\"wp-block-spacer\"><\/div>\n\n<h2 class=\"wp-block-heading\" id=\"h-about-reviews-in-purple-nest-why-do-guests-leave-reviews-about-their-stay-in-our-hostel\">Acerca de las rese\u00f1as en Purple Nest. \u00bfPor qu\u00e9 los hu\u00e9spedes dejan comentarios sobre su estancia en nuestro albergue?<\/h2>\n\n<ul class=\"wp-block-list\">\n<li>Los hu\u00e9spedes dejan rese\u00f1as sobre su estancia en nuestro hostel por varias razones.<\/li>\n\n\n\n<li>Una de las razones m\u00e1s comunes es para compartir su experiencia con otros viajeros y ayudarles a tomar decisiones informadas al elegir un alojamiento.<\/li>\n\n\n\n<li>Sus rese\u00f1as tambi\u00e9n nos ayudan a mejorar nuestros servicios y experiencias con los clientes al proporcionar comentarios constructivos sobre lo que disfrutaron o encontraron problem\u00e1tico durante su estancia en nuestro hostel.<\/li>\n\n\n\n<li>Adem\u00e1s, las rese\u00f1as pueden servir como una herramienta de retroalimentaci\u00f3n para  <a href=\"https:\/\/feetuphostels.com\/es\/staff-purple-nest-hostel\/\">nuestro staff<\/a>, ya que nos permite ver qu\u00e9 aspectos se destacan y cu\u00e1les necesitamos mejorar.<\/li>\n\n\n\n<li>Estas son algunas de las rese\u00f1as dejadas por nuestros hu\u00e9spedes<\/li>\n<\/ul>\n\n<h3 class=\"wp-block-heading\" id=\"h-pleasant-accommodation-friendly-staff\">Alojamiento agradable y personal amable<\/h3>\n\n<p>Estaba limpio, era seguro, estaba en una buena ubicaci\u00f3n y el personal era incre\u00edblemente amable y servicial, especialmente Ayrton y Marta. Tambi\u00e9n nos hicieron una visita guiada de la que aprend\u00ed muchas cosas interesantes sobre <a href=\"https:\/\/www.valencia.es\/cas\/inicio\">Valencia<\/a> y Las <a href=\"https:\/\/feetuphostels.com\/es\/10-consejos-que-haran-de-las-fallas-una-experiencia-inolvidable-valencia\/\">Fallas<\/a>.<\/p>\n\n<p>Era mi primer viaje sola y estaba un poco nerviosa, pero el personal y la gente amable que conoc\u00ed en mi habitaci\u00f3n me hicieron olvidar que soy una viajera en solitario. Volver\u00e9 sin duda. La hora de entrada es demasiado tarde. <strong>Apostol 16 de abril en Booking<\/strong><\/p>\n\n<h3 class=\"wp-block-heading\" id=\"h-exceptional\">Excepcional<\/h3>\n\n<p>La cocina amplia y limpia, la terraza el sal\u00f3n, todo muy limpio, el personal muy amable. <strong>Josefina 29 de marzo en Booking<\/strong><\/p>\n","protected":false},"excerpt":{"rendered":"<p>Opiniones Purple Nest Hostel Valencia. En Plaza Tetu\u00e1n con habitaciones seguras desde \u20ac10 por noche en habitaciones coloridas, c\u00f3modas y limpias. El nido morado es uno de los alojamientos m\u00e1s reconocidos de la ciudad de Valencia con grandes, coloridos, seguros, limpios y al mejor precio de Valencia<\/p>\n","protected":false},"author":13,"featured_media":18248,"parent":0,"menu_order":0,"comment_status":"closed","ping_status":"open","template":"","meta":{"footnotes":""},"class_list":["post-6060","page","type-page","status-publish","has-post-thumbnail","hentry"],"yoast_head":"<!-- This site is optimized with the Yoast SEO plugin v27.4 - https:\/\/yoast.com\/product\/yoast-seo-wordpress\/ -->\n<title>Opiniones Purple Nest Hostel Valencia \u00ae \u2714\ufe0fValoraciones reales de hu\u00e9spedes reales<\/title>\n<meta name=\"description\" content=\"Opiniones Purple Nest Hostel Valencia \u00ae \u2714\ufe0fValoraciones reales de hu\u00e9spedes reales sobre el precio, calidad, le instalaciones del hostel\" \/>\n<meta name=\"robots\" content=\"index, follow, max-snippet:-1, max-image-preview:large, max-video-preview:-1\" \/>\n<link rel=\"canonical\" href=\"https:\/\/feetuphostels.com\/es\/opiniones-purple-nest-hostel-valencia\/\" \/>\n<meta property=\"og:locale\" content=\"es_ES\" \/>\n<meta property=\"og:type\" content=\"article\" \/>\n<meta property=\"og:title\" content=\"Opiniones Purple Nest Hostel Valencia \u00ae \u2714\ufe0fValoraciones reales de hu\u00e9spedes reales\" \/>\n<meta property=\"og:description\" content=\"Opiniones Purple Nest Hostel Valencia \u00ae \u2714\ufe0fValoraciones reales de hu\u00e9spedes reales sobre el precio, calidad, le instalaciones del hostel\" \/>\n<meta property=\"og:url\" content=\"https:\/\/feetuphostels.com\/es\/opiniones-purple-nest-hostel-valencia\/\" \/>\n<meta property=\"og:site_name\" content=\"Feet Up Hostels\" \/>\n<meta property=\"article:publisher\" content=\"https:\/\/facebook.com\/feetuphostelsgroup\" \/>\n<meta property=\"article:modified_time\" content=\"2024-11-09T11:17:34+00:00\" \/>\n<meta property=\"og:image\" content=\"https:\/\/feetuphostels.com\/wp-content\/uploads\/2019\/01\/36purple-nest-hostel-valencia-by-feetuphostels.jpg\" \/>\n\t<meta property=\"og:image:width\" content=\"1633\" \/>\n\t<meta property=\"og:image:height\" content=\"1080\" \/>\n\t<meta property=\"og:image:type\" content=\"image\/jpeg\" \/>\n<meta name=\"twitter:card\" content=\"summary_large_image\" \/>\n<meta name=\"twitter:site\" content=\"@feetuphostels\" \/>\n<meta name=\"twitter:label1\" content=\"Tiempo de lectura\" \/>\n\t<meta name=\"twitter:data1\" content=\"1 minuto\" \/>\n<script type=\"application\/ld+json\" class=\"yoast-schema-graph\">{\"@context\":\"https:\\\/\\\/schema.org\",\"@graph\":[{\"@type\":\"WebPage\",\"@id\":\"https:\\\/\\\/feetuphostels.com\\\/es\\\/opiniones-purple-nest-hostel-valencia\\\/\",\"url\":\"https:\\\/\\\/feetuphostels.com\\\/es\\\/opiniones-purple-nest-hostel-valencia\\\/\",\"name\":\"Opiniones Purple Nest Hostel Valencia \u00ae \u2714\ufe0fValoraciones reales de hu\u00e9spedes reales\",\"isPartOf\":{\"@id\":\"https:\\\/\\\/feetuphostels.com\\\/es\\\/#website\"},\"primaryImageOfPage\":{\"@id\":\"https:\\\/\\\/feetuphostels.com\\\/es\\\/opiniones-purple-nest-hostel-valencia\\\/#primaryimage\"},\"image\":{\"@id\":\"https:\\\/\\\/feetuphostels.com\\\/es\\\/opiniones-purple-nest-hostel-valencia\\\/#primaryimage\"},\"thumbnailUrl\":\"https:\\\/\\\/feetuphostels.com\\\/wp-content\\\/uploads\\\/2019\\\/01\\\/36purple-nest-hostel-valencia-by-feetuphostels.jpg\",\"datePublished\":\"2017-12-01T09:25:46+00:00\",\"dateModified\":\"2024-11-09T11:17:34+00:00\",\"description\":\"Opiniones Purple Nest Hostel Valencia \u00ae \u2714\ufe0fValoraciones reales de hu\u00e9spedes reales sobre el precio, calidad, le instalaciones del hostel\",\"breadcrumb\":{\"@id\":\"https:\\\/\\\/feetuphostels.com\\\/es\\\/opiniones-purple-nest-hostel-valencia\\\/#breadcrumb\"},\"inLanguage\":\"es\",\"potentialAction\":[{\"@type\":\"ReadAction\",\"target\":[\"https:\\\/\\\/feetuphostels.com\\\/es\\\/opiniones-purple-nest-hostel-valencia\\\/\"]}]},{\"@type\":\"ImageObject\",\"inLanguage\":\"es\",\"@id\":\"https:\\\/\\\/feetuphostels.com\\\/es\\\/opiniones-purple-nest-hostel-valencia\\\/#primaryimage\",\"url\":\"https:\\\/\\\/feetuphostels.com\\\/wp-content\\\/uploads\\\/2019\\\/01\\\/36purple-nest-hostel-valencia-by-feetuphostels.jpg\",\"contentUrl\":\"https:\\\/\\\/feetuphostels.com\\\/wp-content\\\/uploads\\\/2019\\\/01\\\/36purple-nest-hostel-valencia-by-feetuphostels.jpg\",\"width\":1633,\"height\":1080,\"caption\":\"Disfruta y comparte con amigos en nuestro bar\"},{\"@type\":\"BreadcrumbList\",\"@id\":\"https:\\\/\\\/feetuphostels.com\\\/es\\\/opiniones-purple-nest-hostel-valencia\\\/#breadcrumb\",\"itemListElement\":[{\"@type\":\"ListItem\",\"position\":1,\"name\":\"Home\",\"item\":\"https:\\\/\\\/feetuphostels.com\\\/es\\\/\"},{\"@type\":\"ListItem\",\"position\":2,\"name\":\"Opiniones Purple Nest Hostel Valencia\"}]},{\"@type\":\"WebSite\",\"@id\":\"https:\\\/\\\/feetuphostels.com\\\/es\\\/#website\",\"url\":\"https:\\\/\\\/feetuphostels.com\\\/es\\\/\",\"name\":\"Feet Up Hostels\",\"description\":\"Hostels y alojamiento en Valencia, Espa\u00f1a. Somos Friendliness Specialists\",\"publisher\":{\"@id\":\"https:\\\/\\\/feetuphostels.com\\\/es\\\/#organization\"},\"alternateName\":\"Feet Up Hostels\",\"potentialAction\":[{\"@type\":\"SearchAction\",\"target\":{\"@type\":\"EntryPoint\",\"urlTemplate\":\"https:\\\/\\\/feetuphostels.com\\\/es\\\/?s={search_term_string}\"},\"query-input\":{\"@type\":\"PropertyValueSpecification\",\"valueRequired\":true,\"valueName\":\"search_term_string\"}}],\"inLanguage\":\"es\"},{\"@type\":\"Organization\",\"@id\":\"https:\\\/\\\/feetuphostels.com\\\/es\\\/#organization\",\"name\":\"Feet Up Hostels\",\"alternateName\":\"Feet Up Hostels\",\"url\":\"https:\\\/\\\/feetuphostels.com\\\/es\\\/\",\"logo\":{\"@type\":\"ImageObject\",\"inLanguage\":\"es\",\"@id\":\"https:\\\/\\\/feetuphostels.com\\\/es\\\/#\\\/schema\\\/logo\\\/image\\\/\",\"url\":\"https:\\\/\\\/feetuphostels.com\\\/wp-content\\\/uploads\\\/2019\\\/01\\\/logo-web-amp-feetuphostels.svg\",\"contentUrl\":\"https:\\\/\\\/feetuphostels.com\\\/wp-content\\\/uploads\\\/2019\\\/01\\\/logo-web-amp-feetuphostels.svg\",\"width\":1,\"height\":1,\"caption\":\"Feet Up Hostels\"},\"image\":{\"@id\":\"https:\\\/\\\/feetuphostels.com\\\/es\\\/#\\\/schema\\\/logo\\\/image\\\/\"},\"sameAs\":[\"https:\\\/\\\/facebook.com\\\/feetuphostelsgroup\",\"https:\\\/\\\/x.com\\\/feetuphostels\",\"https:\\\/\\\/www.instagram.com\\\/feetuphostels\\\/\",\"https:\\\/\\\/www.tiktok.com\\\/@feetuphostels\",\"https:\\\/\\\/www.linkedin.com\\\/company\\\/feetuphostelsgroup\\\/\",\"https:\\\/\\\/www.pinterest.es\\\/FeetupHostels\\\/\",\"https:\\\/\\\/www.youtube.com\\\/feetuphostels\"]}]}<\/script>\n<!-- \/ Yoast SEO plugin. -->","yoast_head_json":{"title":"Opiniones Purple Nest Hostel Valencia \u00ae \u2714\ufe0fValoraciones reales de hu\u00e9spedes reales","description":"Opiniones Purple Nest Hostel Valencia \u00ae \u2714\ufe0fValoraciones reales de hu\u00e9spedes reales sobre el precio, calidad, le instalaciones del hostel","robots":{"index":"index","follow":"follow","max-snippet":"max-snippet:-1","max-image-preview":"max-image-preview:large","max-video-preview":"max-video-preview:-1"},"canonical":"https:\/\/feetuphostels.com\/es\/opiniones-purple-nest-hostel-valencia\/","og_locale":"es_ES","og_type":"article","og_title":"Opiniones Purple Nest Hostel Valencia \u00ae \u2714\ufe0fValoraciones reales de hu\u00e9spedes reales","og_description":"Opiniones Purple Nest Hostel Valencia \u00ae \u2714\ufe0fValoraciones reales de hu\u00e9spedes reales sobre el precio, calidad, le instalaciones del hostel","og_url":"https:\/\/feetuphostels.com\/es\/opiniones-purple-nest-hostel-valencia\/","og_site_name":"Feet Up Hostels","article_publisher":"https:\/\/facebook.com\/feetuphostelsgroup","article_modified_time":"2024-11-09T11:17:34+00:00","og_image":[{"width":1633,"height":1080,"url":"https:\/\/feetuphostels.com\/wp-content\/uploads\/2019\/01\/36purple-nest-hostel-valencia-by-feetuphostels.jpg","type":"image\/jpeg"}],"twitter_card":"summary_large_image","twitter_site":"@feetuphostels","twitter_misc":{"Tiempo de lectura":"1 minuto"},"schema":{"@context":"https:\/\/schema.org","@graph":[{"@type":"WebPage","@id":"https:\/\/feetuphostels.com\/es\/opiniones-purple-nest-hostel-valencia\/","url":"https:\/\/feetuphostels.com\/es\/opiniones-purple-nest-hostel-valencia\/","name":"Opiniones Purple Nest Hostel Valencia \u00ae \u2714\ufe0fValoraciones reales de hu\u00e9spedes reales","isPartOf":{"@id":"https:\/\/feetuphostels.com\/es\/#website"},"primaryImageOfPage":{"@id":"https:\/\/feetuphostels.com\/es\/opiniones-purple-nest-hostel-valencia\/#primaryimage"},"image":{"@id":"https:\/\/feetuphostels.com\/es\/opiniones-purple-nest-hostel-valencia\/#primaryimage"},"thumbnailUrl":"https:\/\/feetuphostels.com\/wp-content\/uploads\/2019\/01\/36purple-nest-hostel-valencia-by-feetuphostels.jpg","datePublished":"2017-12-01T09:25:46+00:00","dateModified":"2024-11-09T11:17:34+00:00","description":"Opiniones Purple Nest Hostel Valencia \u00ae \u2714\ufe0fValoraciones reales de hu\u00e9spedes reales sobre el precio, calidad, le instalaciones del hostel","breadcrumb":{"@id":"https:\/\/feetuphostels.com\/es\/opiniones-purple-nest-hostel-valencia\/#breadcrumb"},"inLanguage":"es","potentialAction":[{"@type":"ReadAction","target":["https:\/\/feetuphostels.com\/es\/opiniones-purple-nest-hostel-valencia\/"]}]},{"@type":"ImageObject","inLanguage":"es","@id":"https:\/\/feetuphostels.com\/es\/opiniones-purple-nest-hostel-valencia\/#primaryimage","url":"https:\/\/feetuphostels.com\/wp-content\/uploads\/2019\/01\/36purple-nest-hostel-valencia-by-feetuphostels.jpg","contentUrl":"https:\/\/feetuphostels.com\/wp-content\/uploads\/2019\/01\/36purple-nest-hostel-valencia-by-feetuphostels.jpg","width":1633,"height":1080,"caption":"Disfruta y comparte con amigos en nuestro bar"},{"@type":"BreadcrumbList","@id":"https:\/\/feetuphostels.com\/es\/opiniones-purple-nest-hostel-valencia\/#breadcrumb","itemListElement":[{"@type":"ListItem","position":1,"name":"Home","item":"https:\/\/feetuphostels.com\/es\/"},{"@type":"ListItem","position":2,"name":"Opiniones Purple Nest Hostel Valencia"}]},{"@type":"WebSite","@id":"https:\/\/feetuphostels.com\/es\/#website","url":"https:\/\/feetuphostels.com\/es\/","name":"Feet Up Hostels","description":"Hostels y alojamiento en Valencia, Espa\u00f1a. Somos Friendliness Specialists","publisher":{"@id":"https:\/\/feetuphostels.com\/es\/#organization"},"alternateName":"Feet Up Hostels","potentialAction":[{"@type":"SearchAction","target":{"@type":"EntryPoint","urlTemplate":"https:\/\/feetuphostels.com\/es\/?s={search_term_string}"},"query-input":{"@type":"PropertyValueSpecification","valueRequired":true,"valueName":"search_term_string"}}],"inLanguage":"es"},{"@type":"Organization","@id":"https:\/\/feetuphostels.com\/es\/#organization","name":"Feet Up Hostels","alternateName":"Feet Up Hostels","url":"https:\/\/feetuphostels.com\/es\/","logo":{"@type":"ImageObject","inLanguage":"es","@id":"https:\/\/feetuphostels.com\/es\/#\/schema\/logo\/image\/","url":"https:\/\/feetuphostels.com\/wp-content\/uploads\/2019\/01\/logo-web-amp-feetuphostels.svg","contentUrl":"https:\/\/feetuphostels.com\/wp-content\/uploads\/2019\/01\/logo-web-amp-feetuphostels.svg","width":1,"height":1,"caption":"Feet Up Hostels"},"image":{"@id":"https:\/\/feetuphostels.com\/es\/#\/schema\/logo\/image\/"},"sameAs":["https:\/\/facebook.com\/feetuphostelsgroup","https:\/\/x.com\/feetuphostels","https:\/\/www.instagram.com\/feetuphostels\/","https:\/\/www.tiktok.com\/@feetuphostels","https:\/\/www.linkedin.com\/company\/feetuphostelsgroup\/","https:\/\/www.pinterest.es\/FeetupHostels\/","https:\/\/www.youtube.com\/feetuphostels"]}]}},"_links":{"self":[{"href":"https:\/\/feetuphostels.com\/es\/wp-json\/wp\/v2\/pages\/6060","targetHints":{"allow":["GET"]}}],"collection":[{"href":"https:\/\/feetuphostels.com\/es\/wp-json\/wp\/v2\/pages"}],"about":[{"href":"https:\/\/feetuphostels.com\/es\/wp-json\/wp\/v2\/types\/page"}],"author":[{"embeddable":true,"href":"https:\/\/feetuphostels.com\/es\/wp-json\/wp\/v2\/users\/13"}],"replies":[{"embeddable":true,"href":"https:\/\/feetuphostels.com\/es\/wp-json\/wp\/v2\/comments?post=6060"}],"version-history":[{"count":0,"href":"https:\/\/feetuphostels.com\/es\/wp-json\/wp\/v2\/pages\/6060\/revisions"}],"wp:featuredmedia":[{"embeddable":true,"href":"https:\/\/feetuphostels.com\/es\/wp-json\/wp\/v2\/media\/18248"}],"wp:attachment":[{"href":"https:\/\/feetuphostels.com\/es\/wp-json\/wp\/v2\/media?parent=6060"}],"curies":[{"name":"wp","href":"https:\/\/api.w.org\/{rel}","templated":true}]}}