{"id":5870,"date":"2017-12-03T22:55:38","date_gmt":"2017-12-03T21:55:38","guid":{"rendered":"https:\/\/feetuphostels.com\/?page_id=5870"},"modified":"2024-11-09T11:58:57","modified_gmt":"2024-11-09T10:58:57","slug":"opiniones-home-youth-hostel-valencia","status":"publish","type":"page","link":"https:\/\/feetuphostels.com\/es\/opiniones-home-youth-hostel-valencia\/","title":{"rendered":"Opiniones de H\u00f4me Youth Hostel Valencia"},"content":{"rendered":"\n<h1 class=\"wp-block-heading has-text-align-center\" id=\"h-reviews-home-youth-hostel\">Opiniones H\u00f4me Youth<\/h1>\n\n<script src=\"https:\/\/apps.elfsight.com\/p\/platform.js\" defer=\"defer\"><\/script>\r\n<div class=\"elfsight-app-4c7e355f-973c-4263-860d-0e88df4e8ecc\"><\/div>\n\n<div style=\"height:30px\" aria-hidden=\"true\" class=\"wp-block-spacer\"><\/div>\n\n<h2 class=\"wp-block-heading\">Sobre las Opiniones de H\u00f4me Youth Hostel<\/h2>\n\n<p>\u00a1Hola, futuro hu\u00e9sped de H\u00f4me Youth Hostel Valencia! \u00bfTe has preguntado alguna vez por qu\u00e9 tantos viajeros se toman la molestia de compartir su experiencia y sus opiniones sobre el H\u00f4me Youth Hostel? Bueno, hay varias razones. \u00a1Perm\u00edteme contarte m\u00e1s!<\/p>\n\n<h3 class=\"wp-block-heading\">Primero.<\/h3>\n\n<p>Los <strong>viajeros quieren compartir su experiencia<\/strong>. Ya sea que hayan disfrutado de la comodidad de las habitaciones, la amabilidad del personal o la vibrante ubicaci\u00f3n en el coraz\u00f3n de Valencia, desean que otros sepan lo que les encant\u00f3 del hostel. \u00a1Es una forma de compartir la alegr\u00eda!<\/p>\n\n<h3 class=\"wp-block-heading\">En segundo lugar.<\/h3>\n\n<p>Dejar una opini\u00f3n es una manera de <strong>dar las gracias<\/strong>. Cuando un <a href=\"http:\/\/homeyouthhostel.com\/es\/\" target=\"_blank\" rel=\"noopener\">viajero<\/a> tiene una experiencia memorable, a veces el mejor agradecimiento que puede dar es compartir su satisfacci\u00f3n con el mundo. \u00a1Es una forma de reconocer el esfuerzo del equipo del H\u00f4me Youth Hostel!<\/p>\n\n<h3 class=\"wp-block-heading\">Adem\u00e1s.<\/h3>\n\n<p>Las opiniones tambi\u00e9n son una forma de <strong>ayudar a otros viajeros<\/strong>. Antes de reservar un alojamiento, la mayor\u00eda de las personas buscan opiniones para tener una idea de lo que pueden esperar. Al compartir sus experiencias, los hu\u00e9spedes est\u00e1n ayudando a otros a tomar una decisi\u00f3n informada.<\/p>\n\n<h3 class=\"wp-block-heading\">Finalmente.<\/h3>\n\n<p>Los comentarios y opiniones son una forma de <strong>retroalimentaci\u00f3n constructiva<\/strong>. Si hay algo que el hostel podr\u00eda mejorar, compartirlo en una rese\u00f1a puede ayudarles a crecer y mejorar. \u00a1Es una forma de contribuir al mejoramiento de la experiencia para futuros hu\u00e9spedes!<\/p>\n\n<p>As\u00ed que, ya ves, las opiniones de los viajeros sobre el H\u00f4me Youth Hostel Valencia son mucho m\u00e1s que simples comentarios. Son una forma de compartir, agradecer, ayudar y crecer.<\/p>\n\n<p>\u00bfY t\u00fa? \u00bfEst\u00e1s listo para compartir tu pr\u00f3xima experiencia en Valencia?<\/p>\n","protected":false},"excerpt":{"rendered":"<p>Opiniones de H\u00f4me Youth Hostel Valencia | Bonito albergue y un lugar estupendo para conocer gente nueva. El personal es super amable y servicial. \u2764\ufe0f La ventana de mi dormitorio daba al sitio de la unesco. El personal era muy hospitalario y ayudaba a todo el mundo.<\/p>\n","protected":false},"author":13,"featured_media":202352,"parent":0,"menu_order":0,"comment_status":"closed","ping_status":"open","template":"","meta":{"footnotes":""},"class_list":["post-5870","page","type-page","status-publish","has-post-thumbnail","hentry"],"yoast_head":"<!-- This site is optimized with the Yoast SEO plugin v27.4 - https:\/\/yoast.com\/product\/yoast-seo-wordpress\/ -->\n<title>Opiniones sobre el Home Youth Hostel \u00ae \u2714\ufe0fde Hu\u00e9spedes reales<\/title>\n<meta name=\"description\" content=\"Opiniones sobre Home Youth Hostel Valencia \u00ae \u2714\ufe0fde Hu\u00e9spedes reales con valoraciones reales sobre el precio, calidad, limpieza e instalaciones\" \/>\n<meta name=\"robots\" content=\"index, follow, max-snippet:-1, max-image-preview:large, max-video-preview:-1\" \/>\n<link rel=\"canonical\" href=\"https:\/\/feetuphostels.com\/es\/opiniones-home-youth-hostel-valencia\/\" \/>\n<meta property=\"og:locale\" content=\"es_ES\" \/>\n<meta property=\"og:type\" content=\"article\" \/>\n<meta property=\"og:title\" content=\"Opiniones sobre el Home Youth Hostel \u00ae \u2714\ufe0fde Hu\u00e9spedes reales\" \/>\n<meta property=\"og:description\" content=\"Opiniones sobre Home Youth Hostel Valencia \u00ae \u2714\ufe0fde Hu\u00e9spedes reales con valoraciones reales sobre el precio, calidad, limpieza e instalaciones\" \/>\n<meta property=\"og:url\" content=\"https:\/\/feetuphostels.com\/es\/opiniones-home-youth-hostel-valencia\/\" \/>\n<meta property=\"og:site_name\" content=\"Feet Up Hostels\" \/>\n<meta property=\"article:publisher\" content=\"https:\/\/facebook.com\/feetuphostelsgroup\" \/>\n<meta property=\"article:modified_time\" content=\"2024-11-09T10:58:57+00:00\" \/>\n<meta property=\"og:image\" content=\"https:\/\/feetuphostels.com\/wp-content\/uploads\/2022\/10\/slide-feetuphostels-homeyouth2022.jpg\" \/>\n\t<meta property=\"og:image:width\" content=\"1920\" \/>\n\t<meta property=\"og:image:height\" content=\"1080\" \/>\n\t<meta property=\"og:image:type\" content=\"image\/jpeg\" \/>\n<meta name=\"twitter:card\" content=\"summary_large_image\" \/>\n<meta name=\"twitter:site\" content=\"@feetuphostels\" \/>\n<meta name=\"twitter:label1\" content=\"Tiempo de lectura\" \/>\n\t<meta name=\"twitter:data1\" content=\"2 minutos\" \/>\n<script type=\"application\/ld+json\" class=\"yoast-schema-graph\">{\"@context\":\"https:\\\/\\\/schema.org\",\"@graph\":[{\"@type\":\"WebPage\",\"@id\":\"https:\\\/\\\/feetuphostels.com\\\/es\\\/opiniones-home-youth-hostel-valencia\\\/\",\"url\":\"https:\\\/\\\/feetuphostels.com\\\/es\\\/opiniones-home-youth-hostel-valencia\\\/\",\"name\":\"Opiniones sobre el Home Youth Hostel \u00ae \u2714\ufe0fde Hu\u00e9spedes reales\",\"isPartOf\":{\"@id\":\"https:\\\/\\\/feetuphostels.com\\\/es\\\/#website\"},\"primaryImageOfPage\":{\"@id\":\"https:\\\/\\\/feetuphostels.com\\\/es\\\/opiniones-home-youth-hostel-valencia\\\/#primaryimage\"},\"image\":{\"@id\":\"https:\\\/\\\/feetuphostels.com\\\/es\\\/opiniones-home-youth-hostel-valencia\\\/#primaryimage\"},\"thumbnailUrl\":\"https:\\\/\\\/feetuphostels.com\\\/wp-content\\\/uploads\\\/2022\\\/10\\\/slide-feetuphostels-homeyouth2022.jpg\",\"datePublished\":\"2017-12-03T21:55:38+00:00\",\"dateModified\":\"2024-11-09T10:58:57+00:00\",\"description\":\"Opiniones sobre Home Youth Hostel Valencia \u00ae \u2714\ufe0fde Hu\u00e9spedes reales con valoraciones reales sobre el precio, calidad, limpieza e instalaciones\",\"breadcrumb\":{\"@id\":\"https:\\\/\\\/feetuphostels.com\\\/es\\\/opiniones-home-youth-hostel-valencia\\\/#breadcrumb\"},\"inLanguage\":\"es\",\"potentialAction\":[{\"@type\":\"ReadAction\",\"target\":[\"https:\\\/\\\/feetuphostels.com\\\/es\\\/opiniones-home-youth-hostel-valencia\\\/\"]}]},{\"@type\":\"ImageObject\",\"inLanguage\":\"es\",\"@id\":\"https:\\\/\\\/feetuphostels.com\\\/es\\\/opiniones-home-youth-hostel-valencia\\\/#primaryimage\",\"url\":\"https:\\\/\\\/feetuphostels.com\\\/wp-content\\\/uploads\\\/2022\\\/10\\\/slide-feetuphostels-homeyouth2022.jpg\",\"contentUrl\":\"https:\\\/\\\/feetuphostels.com\\\/wp-content\\\/uploads\\\/2022\\\/10\\\/slide-feetuphostels-homeyouth2022.jpg\",\"width\":1920,\"height\":1080,\"caption\":\"Como en casa, H\u00f4me Youth Hostel Valencia\"},{\"@type\":\"BreadcrumbList\",\"@id\":\"https:\\\/\\\/feetuphostels.com\\\/es\\\/opiniones-home-youth-hostel-valencia\\\/#breadcrumb\",\"itemListElement\":[{\"@type\":\"ListItem\",\"position\":1,\"name\":\"Home\",\"item\":\"https:\\\/\\\/feetuphostels.com\\\/es\\\/\"},{\"@type\":\"ListItem\",\"position\":2,\"name\":\"Opiniones de H\u00f4me Youth Hostel Valencia\"}]},{\"@type\":\"WebSite\",\"@id\":\"https:\\\/\\\/feetuphostels.com\\\/es\\\/#website\",\"url\":\"https:\\\/\\\/feetuphostels.com\\\/es\\\/\",\"name\":\"Feet Up Hostels\",\"description\":\"Hostels y alojamiento en Valencia, Espa\u00f1a. Somos Friendliness Specialists\",\"publisher\":{\"@id\":\"https:\\\/\\\/feetuphostels.com\\\/es\\\/#organization\"},\"alternateName\":\"Feet Up Hostels\",\"potentialAction\":[{\"@type\":\"SearchAction\",\"target\":{\"@type\":\"EntryPoint\",\"urlTemplate\":\"https:\\\/\\\/feetuphostels.com\\\/es\\\/?s={search_term_string}\"},\"query-input\":{\"@type\":\"PropertyValueSpecification\",\"valueRequired\":true,\"valueName\":\"search_term_string\"}}],\"inLanguage\":\"es\"},{\"@type\":\"Organization\",\"@id\":\"https:\\\/\\\/feetuphostels.com\\\/es\\\/#organization\",\"name\":\"Feet Up Hostels\",\"alternateName\":\"Feet Up Hostels\",\"url\":\"https:\\\/\\\/feetuphostels.com\\\/es\\\/\",\"logo\":{\"@type\":\"ImageObject\",\"inLanguage\":\"es\",\"@id\":\"https:\\\/\\\/feetuphostels.com\\\/es\\\/#\\\/schema\\\/logo\\\/image\\\/\",\"url\":\"https:\\\/\\\/feetuphostels.com\\\/wp-content\\\/uploads\\\/2019\\\/01\\\/logo-web-amp-feetuphostels.svg\",\"contentUrl\":\"https:\\\/\\\/feetuphostels.com\\\/wp-content\\\/uploads\\\/2019\\\/01\\\/logo-web-amp-feetuphostels.svg\",\"width\":1,\"height\":1,\"caption\":\"Feet Up Hostels\"},\"image\":{\"@id\":\"https:\\\/\\\/feetuphostels.com\\\/es\\\/#\\\/schema\\\/logo\\\/image\\\/\"},\"sameAs\":[\"https:\\\/\\\/facebook.com\\\/feetuphostelsgroup\",\"https:\\\/\\\/x.com\\\/feetuphostels\",\"https:\\\/\\\/www.instagram.com\\\/feetuphostels\\\/\",\"https:\\\/\\\/www.tiktok.com\\\/@feetuphostels\",\"https:\\\/\\\/www.linkedin.com\\\/company\\\/feetuphostelsgroup\\\/\",\"https:\\\/\\\/www.pinterest.es\\\/FeetupHostels\\\/\",\"https:\\\/\\\/www.youtube.com\\\/feetuphostels\"]}]}<\/script>\n<!-- \/ Yoast SEO plugin. -->","yoast_head_json":{"title":"Opiniones sobre el Home Youth Hostel \u00ae \u2714\ufe0fde Hu\u00e9spedes reales","description":"Opiniones sobre Home Youth Hostel Valencia \u00ae \u2714\ufe0fde Hu\u00e9spedes reales con valoraciones reales sobre el precio, calidad, limpieza e instalaciones","robots":{"index":"index","follow":"follow","max-snippet":"max-snippet:-1","max-image-preview":"max-image-preview:large","max-video-preview":"max-video-preview:-1"},"canonical":"https:\/\/feetuphostels.com\/es\/opiniones-home-youth-hostel-valencia\/","og_locale":"es_ES","og_type":"article","og_title":"Opiniones sobre el Home Youth Hostel \u00ae \u2714\ufe0fde Hu\u00e9spedes reales","og_description":"Opiniones sobre Home Youth Hostel Valencia \u00ae \u2714\ufe0fde Hu\u00e9spedes reales con valoraciones reales sobre el precio, calidad, limpieza e instalaciones","og_url":"https:\/\/feetuphostels.com\/es\/opiniones-home-youth-hostel-valencia\/","og_site_name":"Feet Up Hostels","article_publisher":"https:\/\/facebook.com\/feetuphostelsgroup","article_modified_time":"2024-11-09T10:58:57+00:00","og_image":[{"width":1920,"height":1080,"url":"https:\/\/feetuphostels.com\/wp-content\/uploads\/2022\/10\/slide-feetuphostels-homeyouth2022.jpg","type":"image\/jpeg"}],"twitter_card":"summary_large_image","twitter_site":"@feetuphostels","twitter_misc":{"Tiempo de lectura":"2 minutos"},"schema":{"@context":"https:\/\/schema.org","@graph":[{"@type":"WebPage","@id":"https:\/\/feetuphostels.com\/es\/opiniones-home-youth-hostel-valencia\/","url":"https:\/\/feetuphostels.com\/es\/opiniones-home-youth-hostel-valencia\/","name":"Opiniones sobre el Home Youth Hostel \u00ae \u2714\ufe0fde Hu\u00e9spedes reales","isPartOf":{"@id":"https:\/\/feetuphostels.com\/es\/#website"},"primaryImageOfPage":{"@id":"https:\/\/feetuphostels.com\/es\/opiniones-home-youth-hostel-valencia\/#primaryimage"},"image":{"@id":"https:\/\/feetuphostels.com\/es\/opiniones-home-youth-hostel-valencia\/#primaryimage"},"thumbnailUrl":"https:\/\/feetuphostels.com\/wp-content\/uploads\/2022\/10\/slide-feetuphostels-homeyouth2022.jpg","datePublished":"2017-12-03T21:55:38+00:00","dateModified":"2024-11-09T10:58:57+00:00","description":"Opiniones sobre Home Youth Hostel Valencia \u00ae \u2714\ufe0fde Hu\u00e9spedes reales con valoraciones reales sobre el precio, calidad, limpieza e instalaciones","breadcrumb":{"@id":"https:\/\/feetuphostels.com\/es\/opiniones-home-youth-hostel-valencia\/#breadcrumb"},"inLanguage":"es","potentialAction":[{"@type":"ReadAction","target":["https:\/\/feetuphostels.com\/es\/opiniones-home-youth-hostel-valencia\/"]}]},{"@type":"ImageObject","inLanguage":"es","@id":"https:\/\/feetuphostels.com\/es\/opiniones-home-youth-hostel-valencia\/#primaryimage","url":"https:\/\/feetuphostels.com\/wp-content\/uploads\/2022\/10\/slide-feetuphostels-homeyouth2022.jpg","contentUrl":"https:\/\/feetuphostels.com\/wp-content\/uploads\/2022\/10\/slide-feetuphostels-homeyouth2022.jpg","width":1920,"height":1080,"caption":"Como en casa, H\u00f4me Youth Hostel Valencia"},{"@type":"BreadcrumbList","@id":"https:\/\/feetuphostels.com\/es\/opiniones-home-youth-hostel-valencia\/#breadcrumb","itemListElement":[{"@type":"ListItem","position":1,"name":"Home","item":"https:\/\/feetuphostels.com\/es\/"},{"@type":"ListItem","position":2,"name":"Opiniones de H\u00f4me Youth Hostel Valencia"}]},{"@type":"WebSite","@id":"https:\/\/feetuphostels.com\/es\/#website","url":"https:\/\/feetuphostels.com\/es\/","name":"Feet Up Hostels","description":"Hostels y alojamiento en Valencia, Espa\u00f1a. Somos Friendliness Specialists","publisher":{"@id":"https:\/\/feetuphostels.com\/es\/#organization"},"alternateName":"Feet Up Hostels","potentialAction":[{"@type":"SearchAction","target":{"@type":"EntryPoint","urlTemplate":"https:\/\/feetuphostels.com\/es\/?s={search_term_string}"},"query-input":{"@type":"PropertyValueSpecification","valueRequired":true,"valueName":"search_term_string"}}],"inLanguage":"es"},{"@type":"Organization","@id":"https:\/\/feetuphostels.com\/es\/#organization","name":"Feet Up Hostels","alternateName":"Feet Up Hostels","url":"https:\/\/feetuphostels.com\/es\/","logo":{"@type":"ImageObject","inLanguage":"es","@id":"https:\/\/feetuphostels.com\/es\/#\/schema\/logo\/image\/","url":"https:\/\/feetuphostels.com\/wp-content\/uploads\/2019\/01\/logo-web-amp-feetuphostels.svg","contentUrl":"https:\/\/feetuphostels.com\/wp-content\/uploads\/2019\/01\/logo-web-amp-feetuphostels.svg","width":1,"height":1,"caption":"Feet Up Hostels"},"image":{"@id":"https:\/\/feetuphostels.com\/es\/#\/schema\/logo\/image\/"},"sameAs":["https:\/\/facebook.com\/feetuphostelsgroup","https:\/\/x.com\/feetuphostels","https:\/\/www.instagram.com\/feetuphostels\/","https:\/\/www.tiktok.com\/@feetuphostels","https:\/\/www.linkedin.com\/company\/feetuphostelsgroup\/","https:\/\/www.pinterest.es\/FeetupHostels\/","https:\/\/www.youtube.com\/feetuphostels"]}]}},"_links":{"self":[{"href":"https:\/\/feetuphostels.com\/es\/wp-json\/wp\/v2\/pages\/5870","targetHints":{"allow":["GET"]}}],"collection":[{"href":"https:\/\/feetuphostels.com\/es\/wp-json\/wp\/v2\/pages"}],"about":[{"href":"https:\/\/feetuphostels.com\/es\/wp-json\/wp\/v2\/types\/page"}],"author":[{"embeddable":true,"href":"https:\/\/feetuphostels.com\/es\/wp-json\/wp\/v2\/users\/13"}],"replies":[{"embeddable":true,"href":"https:\/\/feetuphostels.com\/es\/wp-json\/wp\/v2\/comments?post=5870"}],"version-history":[{"count":0,"href":"https:\/\/feetuphostels.com\/es\/wp-json\/wp\/v2\/pages\/5870\/revisions"}],"wp:featuredmedia":[{"embeddable":true,"href":"https:\/\/feetuphostels.com\/es\/wp-json\/wp\/v2\/media\/202352"}],"wp:attachment":[{"href":"https:\/\/feetuphostels.com\/es\/wp-json\/wp\/v2\/media?parent=5870"}],"curies":[{"name":"wp","href":"https:\/\/api.w.org\/{rel}","templated":true}]}}