{"id":5851,"date":"2017-12-03T23:01:24","date_gmt":"2017-12-03T22:01:24","guid":{"rendered":"https:\/\/feetuphostels.com\/?page_id=5851"},"modified":"2024-11-06T18:10:07","modified_gmt":"2024-11-06T17:10:07","slug":"ubicacion-home-youth-hostel-valencia","status":"publish","type":"page","link":"https:\/\/feetuphostels.com\/es\/ubicacion-home-youth-hostel-valencia\/","title":{"rendered":"Ubicaci\u00f3n de H\u00f4me Youth Hostel Valencia"},"content":{"rendered":"\n <iframe src=\"https:\/\/www.google.com\/maps\/embed?pb=!1m18!1m12!1m3!1d3079.7708102282277!2d-0.3802786843867507!3d39.474506120323916!2m3!1f0!2f0!3f0!3m2!1i1024!2i768!4f13.1!3m3!1m2!1s0xd604f4d969667a3%3A0x1664dfe919d42dc5!2sH%C3%B4me%20Youth%20Hostel%20Valencia!5e0!3m2!1ses!2ses!4v1671114299435!5m2!1ses!2ses\" width=\"100%\" height=\"500\" style=\"border:0;\" allowfullscreen=\"\" loading=\"lazy\" referrerpolicy=\"no-referrer-when-downgrade\"><\/iframe>\n\n<h1 class=\"wp-block-heading has-text-align-center\" id=\"h-location-home-youth-hostel\">Ubicaci\u00f3n de H\u00f4me Youth Hostel<\/h1>\n\n<p>Bienvenido a nuestra p\u00e1gina de localizaci\u00f3n y gu\u00eda sobre c\u00f3mo llegar al Albergue Juvenil H\u00f4me de Valencia. Si est\u00e1s planeando tu viaje a esta maravillosa ciudad, estamos aqu\u00ed para ayudarte a llegar sin contratiempos. \u00a1Empecemos ya!<\/p>\n\n<h3 class=\"wp-block-heading\">Ubicaci\u00f3n de H\u00f4me Youth Hostel Valencia<\/h3>\n\n<h4 class=\"wp-block-heading\">Desde el <a href=\"https:\/\/www.aena.es\/es\/valencia.html\" target=\"_blank\" rel=\"noopener\">aeropuerto de Valencia<\/a><\/h4>\n\n<ol class=\"wp-block-list\">\n<li><em>Metro<\/em>: La l\u00ednea 3 \u00f3 5 de metro te llevar\u00e1 del aeropuerto a la estaci\u00f3n de X\u00e0tiva en unos 25 minutos. Despu\u00e9s, s\u00f3lo tienes que caminar unos 10 minutos hasta el albergue. \u00c9sta es probablemente la opci\u00f3n m\u00e1s econ\u00f3mica y r\u00e1pida.<\/li>\n\n\n\n<li><em>En taxi<\/em>: Si prefieres un taxi, el trayecto del aeropuerto al albergue deber\u00eda durar unos 20 minutos. Es m\u00e1s caro que el metro, pero puede ser m\u00e1s c\u00f3modo si llevas mucho equipaje.<\/li>\n<\/ol>\n\n<h4 class=\"wp-block-heading\">Estaci\u00f3n de tren Joaqu\u00edn Sorolla<\/h4>\n\n<ol class=\"wp-block-list\">\n<li><em>A pie<\/em>: Si no te importa caminar un poco, puedes llegar al albergue en unos 25 minutos.<\/li>\n\n\n\n<li><em>Metro<\/em>: Puedes coger la l\u00ednea 1 desde la estaci\u00f3n Joaqu\u00edn Sorolla hasta la estaci\u00f3n X\u00e0tiva. Desde all\u00ed, el albergue est\u00e1 a unos 10 minutos a pie.<\/li>\n<\/ol>\n\n<h4 class=\"wp-block-heading\">Desde la Estaci\u00f3n del Norte<\/h4>\n\n<ol class=\"wp-block-list\">\n<li><em>A pie<\/em>: Desde la Estaci\u00f3n del Norte, el Albergue Juvenil H\u00f4me est\u00e1 a unos 10 minutos a pie.<\/li>\n<\/ol>\n\n<h3 class=\"wp-block-heading\">Direcci\u00f3n de H\u00f4me Youth Hostel Valencia<\/h3>\n\n<p>H\u00f4me Youth Hostel Valencia est\u00e1 situado en la calle la Lonja 4, en pleno centro hist\u00f3rico de Valencia. Est\u00e1 a unos pasos de la Lonja de la Seda y a pocos minutos de la Catedral de Valencia.<\/p>\n\n<h3 class=\"wp-block-heading\">Alrededores<\/h3>\n\n<p>En los alrededores del albergue encontrar\u00e1s muchos bares, restaurantes y tiendas. Tambi\u00e9n est\u00e1 muy cerca de la Plaza de la Virgen y de la Plaza de la Reina, dos de los lugares m\u00e1s emblem\u00e1ticos de Valencia.<\/p>\n\n<hr class=\"wp-block-separator has-alpha-channel-opacity\"\/>\n\n<p>Esperamos que esta gu\u00eda te sea \u00fatil para llegar a H\u00f4me Youth Hostel Valencia. Si tienes alguna otra pregunta, \u00a1no dudes en consultarnos! \u00a1Disfruta de tu viaje!<\/p>\n\n<h2 class=\"wp-block-heading\" id=\"h-parking-and-interest-information\"> <\/h2>\n\n<ul class=\"wp-block-list\">\n<li>Puedes aparcar en la Calle, ya que no existen cuotas ni tasas por Estacionar.<\/li>\n<\/ul>\n\n<h3 class=\"wp-block-heading\" id=\"h-important\">Importante<\/h3>\n\n<p>Puedes comprar varios tipos de tarjetas de viaje (Tarjetas de Viaje), dependiendo de la duraci\u00f3n de tu estancia en Valencia:<\/p>\n\n<ul class=\"wp-block-list\">\n<li>Bonobus Individual de 10 viajes con una duraci\u00f3n de 1 hora por cada viaje (s\u00f3lo autobuses) 9\u20ac.&#13;\n<\/li>\n\n\n\n<li>Bonometro para 10 viajes, cada viaje es v\u00e1lido hasta que salgas del Metro (es decir, usted puede cambiar l\u00edneas) 9\u20ac.<\/li>\n\n\n\n<li>Metrobus, un billete combinado que puede utilizar en el Metro y el Autob\u00fas. (9\u20ac)<\/li>\n\n\n\n<li>Si necesitas una bicicleta, la puedes alquilar en Nuestro Albergue Juvenil y as\u00ed vas a pagar el precio m\u00e1s barato en la ciudad.<\/li>\n<\/ul>\n\n<p>Para m\u00e1s informaci\u00f3n sobre los billetes de autob\u00fas, as\u00ed como las l\u00edneas y horarios, puedes visitar la p\u00e1gina oficial de la Empresa Municipal de Transportes (EMT).&#13;\nSi quieres m\u00e1s informaci\u00f3n sobre el Metro de Valencia, horarios, fechas y m\u00e1s detalles, puedes visitar la p\u00e1gina oficial del Metro de Valencia.&#13;\nAdem\u00e1s, si eres un amante de la bicicleta y prefieres disfrutar de Valencia en bici, puedes visitar la p\u00e1gina oficial de Valenbisi.<\/p>\n\n<h3 class=\"wp-block-heading\" id=\"h-places-that-we-have-very-close\">Lugares que tenemos cerca.<\/h3>\n\n<ul class=\"wp-block-list\">\n<li>Lonja de la Seda de Valencia.<\/li>\n\n\n\n<li>Mercado Central<\/li>\n\n\n\n<li>El centro hist\u00f3rico de Valencia.<\/li>\n\n\n\n<li>Catedral de Valencia.<\/li>\n\n\n\n<li>Torre del Miguelete.<\/li>\n\n\n\n<li>Plaza de Manises.<\/li>\n\n\n\n<li>Bas\u00edlica de la Virgen de los Desamparados.<\/li>\n\n\n\n<li>Archidi\u00f3cesis de Valencia.<\/li>\n\n\n\n<li>Barrio del Carmen.<\/li>\n<\/ul>\n\n<p><\/p>\n","protected":false},"excerpt":{"rendered":"<p>Ubicaci\u00f3n H\u00f4me Youth Hostel Valencia \u00ae en el casco antiguo, detr\u00e1s de la Lonja de Seda. Muy cerca del transporte p\u00fablico ( autob\u00fas, metro, bicicletas) \ud83d\ude8c Alojamiento barato. Si buscas un hostal en el centro de Valencia, nuestro H\u00f4me Youth hostel Valencia es el lugar que est\u00e1s buscando en Valencia, ven a Valencia y reserva tu Cama en Valencia<\/p>\n","protected":false},"author":13,"featured_media":206259,"parent":0,"menu_order":0,"comment_status":"closed","ping_status":"closed","template":"","meta":{"footnotes":""},"class_list":["post-5851","page","type-page","status-publish","has-post-thumbnail","hentry"],"yoast_head":"<!-- This site is optimized with the Yoast SEO plugin v27.4 - https:\/\/yoast.com\/product\/yoast-seo-wordpress\/ -->\n<title>Ubicaci\u00f3n de H\u00f4me Youth Hostel \ud83d\udccd Casco Antiguo de Valencia<\/title>\n<meta name=\"description\" content=\"Ubicaci\u00f3n H\u00f4me Youth Hostel Valencia. En el casco antiguo de la ciudad, detr\u00e1s de la Lonja de Seda. Transporte p\u00fablico (bus, metro, bicis)\" \/>\n<meta name=\"robots\" content=\"index, follow, max-snippet:-1, max-image-preview:large, max-video-preview:-1\" \/>\n<link rel=\"canonical\" href=\"https:\/\/feetuphostels.com\/es\/ubicacion-home-youth-hostel-valencia\/\" \/>\n<meta property=\"og:locale\" content=\"es_ES\" \/>\n<meta property=\"og:type\" content=\"article\" \/>\n<meta property=\"og:title\" content=\"Ubicaci\u00f3n de H\u00f4me Youth Hostel \ud83d\udccd Casco Antiguo de Valencia\" \/>\n<meta property=\"og:description\" content=\"Ubicaci\u00f3n H\u00f4me Youth Hostel Valencia. En el casco antiguo de la ciudad, detr\u00e1s de la Lonja de Seda. Transporte p\u00fablico (bus, metro, bicis)\" \/>\n<meta property=\"og:url\" content=\"https:\/\/feetuphostels.com\/es\/ubicacion-home-youth-hostel-valencia\/\" \/>\n<meta property=\"og:site_name\" content=\"Feet Up Hostels\" \/>\n<meta property=\"article:publisher\" content=\"https:\/\/facebook.com\/feetuphostelsgroup\" \/>\n<meta property=\"article:modified_time\" content=\"2024-11-06T17:10:07+00:00\" \/>\n<meta property=\"og:image\" content=\"https:\/\/feetuphostels.com\/wp-content\/uploads\/2022\/12\/location-home-youth-hostel-valencia.jpg\" \/>\n\t<meta property=\"og:image:width\" content=\"900\" \/>\n\t<meta property=\"og:image:height\" content=\"600\" \/>\n\t<meta property=\"og:image:type\" content=\"image\/jpeg\" \/>\n<meta name=\"twitter:card\" content=\"summary_large_image\" \/>\n<meta name=\"twitter:site\" content=\"@feetuphostels\" \/>\n<meta name=\"twitter:label1\" content=\"Tiempo de lectura\" \/>\n\t<meta name=\"twitter:data1\" content=\"3 minutos\" \/>\n<script type=\"application\/ld+json\" class=\"yoast-schema-graph\">{\"@context\":\"https:\\\/\\\/schema.org\",\"@graph\":[{\"@type\":\"WebPage\",\"@id\":\"https:\\\/\\\/feetuphostels.com\\\/es\\\/ubicacion-home-youth-hostel-valencia\\\/\",\"url\":\"https:\\\/\\\/feetuphostels.com\\\/es\\\/ubicacion-home-youth-hostel-valencia\\\/\",\"name\":\"Ubicaci\u00f3n de H\u00f4me Youth Hostel \ud83d\udccd Casco Antiguo de Valencia\",\"isPartOf\":{\"@id\":\"https:\\\/\\\/feetuphostels.com\\\/es\\\/#website\"},\"primaryImageOfPage\":{\"@id\":\"https:\\\/\\\/feetuphostels.com\\\/es\\\/ubicacion-home-youth-hostel-valencia\\\/#primaryimage\"},\"image\":{\"@id\":\"https:\\\/\\\/feetuphostels.com\\\/es\\\/ubicacion-home-youth-hostel-valencia\\\/#primaryimage\"},\"thumbnailUrl\":\"https:\\\/\\\/feetuphostels.com\\\/wp-content\\\/uploads\\\/2022\\\/12\\\/location-home-youth-hostel-valencia.jpg\",\"datePublished\":\"2017-12-03T22:01:24+00:00\",\"dateModified\":\"2024-11-06T17:10:07+00:00\",\"description\":\"Ubicaci\u00f3n H\u00f4me Youth Hostel Valencia. En el casco antiguo de la ciudad, detr\u00e1s de la Lonja de Seda. Transporte p\u00fablico (bus, metro, bicis)\",\"breadcrumb\":{\"@id\":\"https:\\\/\\\/feetuphostels.com\\\/es\\\/ubicacion-home-youth-hostel-valencia\\\/#breadcrumb\"},\"inLanguage\":\"es\",\"potentialAction\":[{\"@type\":\"ReadAction\",\"target\":[\"https:\\\/\\\/feetuphostels.com\\\/es\\\/ubicacion-home-youth-hostel-valencia\\\/\"]}]},{\"@type\":\"ImageObject\",\"inLanguage\":\"es\",\"@id\":\"https:\\\/\\\/feetuphostels.com\\\/es\\\/ubicacion-home-youth-hostel-valencia\\\/#primaryimage\",\"url\":\"https:\\\/\\\/feetuphostels.com\\\/wp-content\\\/uploads\\\/2022\\\/12\\\/location-home-youth-hostel-valencia.jpg\",\"contentUrl\":\"https:\\\/\\\/feetuphostels.com\\\/wp-content\\\/uploads\\\/2022\\\/12\\\/location-home-youth-hostel-valencia.jpg\",\"width\":900,\"height\":600,\"caption\":\"Ubicaci\u00f3n de H\u00f4me Youth Hostel Valencia\"},{\"@type\":\"BreadcrumbList\",\"@id\":\"https:\\\/\\\/feetuphostels.com\\\/es\\\/ubicacion-home-youth-hostel-valencia\\\/#breadcrumb\",\"itemListElement\":[{\"@type\":\"ListItem\",\"position\":1,\"name\":\"Home\",\"item\":\"https:\\\/\\\/feetuphostels.com\\\/es\\\/\"},{\"@type\":\"ListItem\",\"position\":2,\"name\":\"Ubicaci\u00f3n de H\u00f4me Youth Hostel Valencia\"}]},{\"@type\":\"WebSite\",\"@id\":\"https:\\\/\\\/feetuphostels.com\\\/es\\\/#website\",\"url\":\"https:\\\/\\\/feetuphostels.com\\\/es\\\/\",\"name\":\"Feet Up Hostels\",\"description\":\"Hostels y alojamiento en Valencia, Espa\u00f1a. Somos Friendliness Specialists\",\"publisher\":{\"@id\":\"https:\\\/\\\/feetuphostels.com\\\/es\\\/#organization\"},\"alternateName\":\"Feet Up Hostels\",\"potentialAction\":[{\"@type\":\"SearchAction\",\"target\":{\"@type\":\"EntryPoint\",\"urlTemplate\":\"https:\\\/\\\/feetuphostels.com\\\/es\\\/?s={search_term_string}\"},\"query-input\":{\"@type\":\"PropertyValueSpecification\",\"valueRequired\":true,\"valueName\":\"search_term_string\"}}],\"inLanguage\":\"es\"},{\"@type\":\"Organization\",\"@id\":\"https:\\\/\\\/feetuphostels.com\\\/es\\\/#organization\",\"name\":\"Feet Up Hostels\",\"alternateName\":\"Feet Up Hostels\",\"url\":\"https:\\\/\\\/feetuphostels.com\\\/es\\\/\",\"logo\":{\"@type\":\"ImageObject\",\"inLanguage\":\"es\",\"@id\":\"https:\\\/\\\/feetuphostels.com\\\/es\\\/#\\\/schema\\\/logo\\\/image\\\/\",\"url\":\"https:\\\/\\\/feetuphostels.com\\\/wp-content\\\/uploads\\\/2019\\\/01\\\/logo-web-amp-feetuphostels.svg\",\"contentUrl\":\"https:\\\/\\\/feetuphostels.com\\\/wp-content\\\/uploads\\\/2019\\\/01\\\/logo-web-amp-feetuphostels.svg\",\"width\":1,\"height\":1,\"caption\":\"Feet Up Hostels\"},\"image\":{\"@id\":\"https:\\\/\\\/feetuphostels.com\\\/es\\\/#\\\/schema\\\/logo\\\/image\\\/\"},\"sameAs\":[\"https:\\\/\\\/facebook.com\\\/feetuphostelsgroup\",\"https:\\\/\\\/x.com\\\/feetuphostels\",\"https:\\\/\\\/www.instagram.com\\\/feetuphostels\\\/\",\"https:\\\/\\\/www.tiktok.com\\\/@feetuphostels\",\"https:\\\/\\\/www.linkedin.com\\\/company\\\/feetuphostelsgroup\\\/\",\"https:\\\/\\\/www.pinterest.es\\\/FeetupHostels\\\/\",\"https:\\\/\\\/www.youtube.com\\\/feetuphostels\"]}]}<\/script>\n<!-- \/ Yoast SEO plugin. -->","yoast_head_json":{"title":"Ubicaci\u00f3n de H\u00f4me Youth Hostel \ud83d\udccd Casco Antiguo de Valencia","description":"Ubicaci\u00f3n H\u00f4me Youth Hostel Valencia. En el casco antiguo de la ciudad, detr\u00e1s de la Lonja de Seda. Transporte p\u00fablico (bus, metro, bicis)","robots":{"index":"index","follow":"follow","max-snippet":"max-snippet:-1","max-image-preview":"max-image-preview:large","max-video-preview":"max-video-preview:-1"},"canonical":"https:\/\/feetuphostels.com\/es\/ubicacion-home-youth-hostel-valencia\/","og_locale":"es_ES","og_type":"article","og_title":"Ubicaci\u00f3n de H\u00f4me Youth Hostel \ud83d\udccd Casco Antiguo de Valencia","og_description":"Ubicaci\u00f3n H\u00f4me Youth Hostel Valencia. En el casco antiguo de la ciudad, detr\u00e1s de la Lonja de Seda. Transporte p\u00fablico (bus, metro, bicis)","og_url":"https:\/\/feetuphostels.com\/es\/ubicacion-home-youth-hostel-valencia\/","og_site_name":"Feet Up Hostels","article_publisher":"https:\/\/facebook.com\/feetuphostelsgroup","article_modified_time":"2024-11-06T17:10:07+00:00","og_image":[{"width":900,"height":600,"url":"https:\/\/feetuphostels.com\/wp-content\/uploads\/2022\/12\/location-home-youth-hostel-valencia.jpg","type":"image\/jpeg"}],"twitter_card":"summary_large_image","twitter_site":"@feetuphostels","twitter_misc":{"Tiempo de lectura":"3 minutos"},"schema":{"@context":"https:\/\/schema.org","@graph":[{"@type":"WebPage","@id":"https:\/\/feetuphostels.com\/es\/ubicacion-home-youth-hostel-valencia\/","url":"https:\/\/feetuphostels.com\/es\/ubicacion-home-youth-hostel-valencia\/","name":"Ubicaci\u00f3n de H\u00f4me Youth Hostel \ud83d\udccd Casco Antiguo de Valencia","isPartOf":{"@id":"https:\/\/feetuphostels.com\/es\/#website"},"primaryImageOfPage":{"@id":"https:\/\/feetuphostels.com\/es\/ubicacion-home-youth-hostel-valencia\/#primaryimage"},"image":{"@id":"https:\/\/feetuphostels.com\/es\/ubicacion-home-youth-hostel-valencia\/#primaryimage"},"thumbnailUrl":"https:\/\/feetuphostels.com\/wp-content\/uploads\/2022\/12\/location-home-youth-hostel-valencia.jpg","datePublished":"2017-12-03T22:01:24+00:00","dateModified":"2024-11-06T17:10:07+00:00","description":"Ubicaci\u00f3n H\u00f4me Youth Hostel Valencia. En el casco antiguo de la ciudad, detr\u00e1s de la Lonja de Seda. Transporte p\u00fablico (bus, metro, bicis)","breadcrumb":{"@id":"https:\/\/feetuphostels.com\/es\/ubicacion-home-youth-hostel-valencia\/#breadcrumb"},"inLanguage":"es","potentialAction":[{"@type":"ReadAction","target":["https:\/\/feetuphostels.com\/es\/ubicacion-home-youth-hostel-valencia\/"]}]},{"@type":"ImageObject","inLanguage":"es","@id":"https:\/\/feetuphostels.com\/es\/ubicacion-home-youth-hostel-valencia\/#primaryimage","url":"https:\/\/feetuphostels.com\/wp-content\/uploads\/2022\/12\/location-home-youth-hostel-valencia.jpg","contentUrl":"https:\/\/feetuphostels.com\/wp-content\/uploads\/2022\/12\/location-home-youth-hostel-valencia.jpg","width":900,"height":600,"caption":"Ubicaci\u00f3n de H\u00f4me Youth Hostel Valencia"},{"@type":"BreadcrumbList","@id":"https:\/\/feetuphostels.com\/es\/ubicacion-home-youth-hostel-valencia\/#breadcrumb","itemListElement":[{"@type":"ListItem","position":1,"name":"Home","item":"https:\/\/feetuphostels.com\/es\/"},{"@type":"ListItem","position":2,"name":"Ubicaci\u00f3n de H\u00f4me Youth Hostel Valencia"}]},{"@type":"WebSite","@id":"https:\/\/feetuphostels.com\/es\/#website","url":"https:\/\/feetuphostels.com\/es\/","name":"Feet Up Hostels","description":"Hostels y alojamiento en Valencia, Espa\u00f1a. Somos Friendliness Specialists","publisher":{"@id":"https:\/\/feetuphostels.com\/es\/#organization"},"alternateName":"Feet Up Hostels","potentialAction":[{"@type":"SearchAction","target":{"@type":"EntryPoint","urlTemplate":"https:\/\/feetuphostels.com\/es\/?s={search_term_string}"},"query-input":{"@type":"PropertyValueSpecification","valueRequired":true,"valueName":"search_term_string"}}],"inLanguage":"es"},{"@type":"Organization","@id":"https:\/\/feetuphostels.com\/es\/#organization","name":"Feet Up Hostels","alternateName":"Feet Up Hostels","url":"https:\/\/feetuphostels.com\/es\/","logo":{"@type":"ImageObject","inLanguage":"es","@id":"https:\/\/feetuphostels.com\/es\/#\/schema\/logo\/image\/","url":"https:\/\/feetuphostels.com\/wp-content\/uploads\/2019\/01\/logo-web-amp-feetuphostels.svg","contentUrl":"https:\/\/feetuphostels.com\/wp-content\/uploads\/2019\/01\/logo-web-amp-feetuphostels.svg","width":1,"height":1,"caption":"Feet Up Hostels"},"image":{"@id":"https:\/\/feetuphostels.com\/es\/#\/schema\/logo\/image\/"},"sameAs":["https:\/\/facebook.com\/feetuphostelsgroup","https:\/\/x.com\/feetuphostels","https:\/\/www.instagram.com\/feetuphostels\/","https:\/\/www.tiktok.com\/@feetuphostels","https:\/\/www.linkedin.com\/company\/feetuphostelsgroup\/","https:\/\/www.pinterest.es\/FeetupHostels\/","https:\/\/www.youtube.com\/feetuphostels"]}]}},"_links":{"self":[{"href":"https:\/\/feetuphostels.com\/es\/wp-json\/wp\/v2\/pages\/5851","targetHints":{"allow":["GET"]}}],"collection":[{"href":"https:\/\/feetuphostels.com\/es\/wp-json\/wp\/v2\/pages"}],"about":[{"href":"https:\/\/feetuphostels.com\/es\/wp-json\/wp\/v2\/types\/page"}],"author":[{"embeddable":true,"href":"https:\/\/feetuphostels.com\/es\/wp-json\/wp\/v2\/users\/13"}],"replies":[{"embeddable":true,"href":"https:\/\/feetuphostels.com\/es\/wp-json\/wp\/v2\/comments?post=5851"}],"version-history":[{"count":0,"href":"https:\/\/feetuphostels.com\/es\/wp-json\/wp\/v2\/pages\/5851\/revisions"}],"wp:featuredmedia":[{"embeddable":true,"href":"https:\/\/feetuphostels.com\/es\/wp-json\/wp\/v2\/media\/206259"}],"wp:attachment":[{"href":"https:\/\/feetuphostels.com\/es\/wp-json\/wp\/v2\/media?parent=5851"}],"curies":[{"name":"wp","href":"https:\/\/api.w.org\/{rel}","templated":true}]}}