{"id":568,"date":"2017-01-16T14:16:25","date_gmt":"2017-01-16T13:16:25","guid":{"rendered":"http:\/\/feetuphostels.barcelona\/?page_id=568"},"modified":"2024-11-05T13:29:47","modified_gmt":"2024-11-05T12:29:47","slug":"reserva-grupos","status":"publish","type":"page","link":"https:\/\/feetuphostels.com\/es\/reserva-grupos\/","title":{"rendered":"Reserva de grupos"},"content":{"rendered":"\n<h3 class=\"has-text-align-center wp-block-heading\">Solicita un presupuesto para\u00a0<a href=\"https:\/\/feetuphostels.com\/es\/hostels-barcelona\/\">Barcelona<\/a>\u00a0o\u00a0<a href=\"https:\/\/feetuphostels.com\/es\/hostels-valencia\/\">Valencia<\/a>&#13;\n(S\u00f3lo para 10 o m\u00e1s personas)<\/h3>\n\n<p>Una vez que recibamos tu consulta, nuestro Departamento de grupos evaluar\u00e1 tu solicitud y te enviar\u00e1 la mejor opci\u00f3n. P\u00eddenos un presupuesto para las reservas de tu grupo.<\/p>\n\n<p>Nos encanta nuestro trabajo y trataremos de ofrecerte la mejor soluci\u00f3n para que puedas quedarte con nosotros en tu visita a la ciudad de la que provienes. Estamos ubicados en las mejores ciudades de Espa\u00f1a y nuestro equipo le ayudar\u00e1 a coordinar el alojamiento y los extras que necesites.<\/p>\n\n<p>Si est\u00e1s buscando un hostal, alojamiento o albergue juvenil para alojar a tu grupo de m\u00e1s de 10 personas, \u00a1est\u00e1s en el lugar adecuado para reservar! Nuestro equipo de reservas de grupos lo har\u00e1 por usted.<\/p>\n\n<figure class=\"wp-block-image size-full\"><img fetchpriority=\"high\" decoding=\"async\" width=\"960\" height=\"517\" src=\"https:\/\/feetuphostels.com\/wp-content\/uploads\/2018\/07\/booking-groups-feetup-hostels-2018.jpg\" alt=\"Disfruta de tu tiempo con amigos. Reserva de Grupos\" class=\"wp-image-15706\" srcset=\"https:\/\/feetuphostels.com\/wp-content\/uploads\/2018\/07\/booking-groups-feetup-hostels-2018.jpg 960w, https:\/\/feetuphostels.com\/wp-content\/uploads\/2018\/07\/booking-groups-feetup-hostels-2018-300x162.jpg 300w, https:\/\/feetuphostels.com\/wp-content\/uploads\/2018\/07\/booking-groups-feetup-hostels-2018-768x414.jpg 768w, https:\/\/feetuphostels.com\/wp-content\/uploads\/2018\/07\/booking-groups-feetup-hostels-2018-260x140.jpg 260w, https:\/\/feetuphostels.com\/wp-content\/uploads\/2018\/07\/booking-groups-feetup-hostels-2018-50x27.jpg 50w, https:\/\/feetuphostels.com\/wp-content\/uploads\/2018\/07\/booking-groups-feetup-hostels-2018-139x75.jpg 139w\" sizes=\"(max-width: 960px) 100vw, 960px\" \/><figcaption class=\"wp-element-caption\">Disfruta de tu tiempo con amigos. Reserva de Grupos<\/figcaption><\/figure>\n\n<h3 class=\"wp-block-heading\">\u00bfPor qu\u00e9 nosotros?<\/h3>\n\n<ul class=\"wp-block-list\">\n<li>Tenemos siempre el mejor precio.<\/li>\n\n\n\n<li>Descuentos especiales para tu grupo.<\/li>\n\n\n\n<li>Precios sin intermediarios.<\/li>\n\n\n\n<li>Respuesta r\u00e1pida.<\/li>\n\n\n\n<li>Sin comisiones ni gastos ocultos.<\/li>\n\n\n\n<li>Desayunos y comidas incluidas*<\/li>\n\n\n\n<li>Zonas de juego<\/li>\n\n\n\n<li>Habitaciones personalizadas.<\/li>\n\n\n\n<li>Catering.<\/li>\n\n\n\n<li>Excursiones.<\/li>\n\n\n\n<li>Alquiler de bicicletas.<\/li>\n\n\n\n<li>Venta de tickets para fiestas y eventos.<\/li>\n\n\n\n<li>Visitas guiada.<\/li>\n<\/ul>\n\n<h3 class=\"has-text-align-center wp-block-heading\">Nuestro departamento de grupos te ayudar\u00e1 a dise\u00f1ar, organizar, gestionar y disfrutar de la perfecta aventura ib\u00e9rica<\/h3>\n\n<h4 class=\"has-text-align-center wp-block-heading\">Todos los grupos que se han alojado con nosotros han tenido una excelente experiencia visitando Barcelona, Valencia.<\/h4>\n","protected":false},"excerpt":{"rendered":"<p>Reserva de Grupos. Solicita un presupuesto para Barcelona, Valencia, Sevilla, Madrid o Bilbao. Reserva de alojamiento para grupos en Barcelona, Valencia, Sevilla, Bilbao, Madrid y Granada. Solicita presupuestos para los hostels m\u00e1s baratos para grupos de Barcelona, Valencia, Sevilla, Madrid, Granada o Bilbao.<\/p>\n","protected":false},"author":13,"featured_media":204558,"parent":0,"menu_order":0,"comment_status":"closed","ping_status":"open","template":"","meta":{"footnotes":""},"class_list":["post-568","page","type-page","status-publish","has-post-thumbnail","hentry"],"yoast_head":"<!-- This site is optimized with the Yoast SEO plugin v27.4 - https:\/\/yoast.com\/product\/yoast-seo-wordpress\/ -->\n<title>Reservas de Grupos. Reserva un hostal para tu grupo en Espa\u00f1a<\/title>\n<meta name=\"description\" content=\"Reservas de Grupos. Reserva un Hostal para tu grupo en Barcelona, Valencia, Sevilla, Bilbao o Madrid. Solicite un presupuesto para su grupo\" \/>\n<meta name=\"robots\" content=\"index, follow, max-snippet:-1, max-image-preview:large, max-video-preview:-1\" \/>\n<link rel=\"canonical\" href=\"https:\/\/feetuphostels.com\/es\/reserva-grupos\/\" \/>\n<meta property=\"og:locale\" content=\"es_ES\" \/>\n<meta property=\"og:type\" content=\"article\" \/>\n<meta property=\"og:title\" content=\"Reservas de Grupos. Reserva un hostal para tu grupo en Espa\u00f1a\" \/>\n<meta property=\"og:description\" content=\"Reservas de Grupos. Reserva un Hostal para tu grupo en Barcelona, Valencia, Sevilla, Bilbao o Madrid. Solicite un presupuesto para su grupo\" \/>\n<meta property=\"og:url\" content=\"https:\/\/feetuphostels.com\/es\/reserva-grupos\/\" \/>\n<meta property=\"og:site_name\" content=\"Feet Up Hostels\" \/>\n<meta property=\"article:publisher\" content=\"https:\/\/facebook.com\/feetuphostelsgroup\" \/>\n<meta property=\"article:modified_time\" content=\"2024-11-05T12:29:47+00:00\" \/>\n<meta property=\"og:image\" content=\"https:\/\/feetuphostels.com\/wp-content\/uploads\/2022\/12\/groups-booking-people-feetuphostels.jpg\" \/>\n\t<meta property=\"og:image:width\" content=\"697\" \/>\n\t<meta property=\"og:image:height\" content=\"929\" \/>\n\t<meta property=\"og:image:type\" content=\"image\/jpeg\" \/>\n<meta name=\"twitter:card\" content=\"summary_large_image\" \/>\n<meta name=\"twitter:site\" content=\"@feetuphostels\" \/>\n<meta name=\"twitter:label1\" content=\"Tiempo de lectura\" \/>\n\t<meta name=\"twitter:data1\" content=\"1 minuto\" \/>\n<script type=\"application\/ld+json\" class=\"yoast-schema-graph\">{\"@context\":\"https:\\\/\\\/schema.org\",\"@graph\":[{\"@type\":\"WebPage\",\"@id\":\"https:\\\/\\\/feetuphostels.com\\\/es\\\/reserva-grupos\\\/\",\"url\":\"https:\\\/\\\/feetuphostels.com\\\/es\\\/reserva-grupos\\\/\",\"name\":\"Reservas de Grupos. Reserva un hostal para tu grupo en Espa\u00f1a\",\"isPartOf\":{\"@id\":\"https:\\\/\\\/feetuphostels.com\\\/es\\\/#website\"},\"primaryImageOfPage\":{\"@id\":\"https:\\\/\\\/feetuphostels.com\\\/es\\\/reserva-grupos\\\/#primaryimage\"},\"image\":{\"@id\":\"https:\\\/\\\/feetuphostels.com\\\/es\\\/reserva-grupos\\\/#primaryimage\"},\"thumbnailUrl\":\"https:\\\/\\\/feetuphostels.com\\\/wp-content\\\/uploads\\\/2022\\\/12\\\/groups-booking-people-feetuphostels.jpg\",\"datePublished\":\"2017-01-16T13:16:25+00:00\",\"dateModified\":\"2024-11-05T12:29:47+00:00\",\"description\":\"Reservas de Grupos. Reserva un Hostal para tu grupo en Barcelona, Valencia, Sevilla, Bilbao o Madrid. Solicite un presupuesto para su grupo\",\"breadcrumb\":{\"@id\":\"https:\\\/\\\/feetuphostels.com\\\/es\\\/reserva-grupos\\\/#breadcrumb\"},\"inLanguage\":\"es\",\"potentialAction\":[{\"@type\":\"ReadAction\",\"target\":[\"https:\\\/\\\/feetuphostels.com\\\/es\\\/reserva-grupos\\\/\"]}]},{\"@type\":\"ImageObject\",\"inLanguage\":\"es\",\"@id\":\"https:\\\/\\\/feetuphostels.com\\\/es\\\/reserva-grupos\\\/#primaryimage\",\"url\":\"https:\\\/\\\/feetuphostels.com\\\/wp-content\\\/uploads\\\/2022\\\/12\\\/groups-booking-people-feetuphostels.jpg\",\"contentUrl\":\"https:\\\/\\\/feetuphostels.com\\\/wp-content\\\/uploads\\\/2022\\\/12\\\/groups-booking-people-feetuphostels.jpg\",\"width\":697,\"height\":929,\"caption\":\"Reservas de grupo de Feet Up Hostels\"},{\"@type\":\"BreadcrumbList\",\"@id\":\"https:\\\/\\\/feetuphostels.com\\\/es\\\/reserva-grupos\\\/#breadcrumb\",\"itemListElement\":[{\"@type\":\"ListItem\",\"position\":1,\"name\":\"Home\",\"item\":\"https:\\\/\\\/feetuphostels.com\\\/es\\\/\"},{\"@type\":\"ListItem\",\"position\":2,\"name\":\"Reserva de grupos\"}]},{\"@type\":\"WebSite\",\"@id\":\"https:\\\/\\\/feetuphostels.com\\\/es\\\/#website\",\"url\":\"https:\\\/\\\/feetuphostels.com\\\/es\\\/\",\"name\":\"Feet Up Hostels\",\"description\":\"Hostels y alojamiento en Valencia, Espa\u00f1a. Somos Friendliness Specialists\",\"publisher\":{\"@id\":\"https:\\\/\\\/feetuphostels.com\\\/es\\\/#organization\"},\"alternateName\":\"Feet Up Hostels\",\"potentialAction\":[{\"@type\":\"SearchAction\",\"target\":{\"@type\":\"EntryPoint\",\"urlTemplate\":\"https:\\\/\\\/feetuphostels.com\\\/es\\\/?s={search_term_string}\"},\"query-input\":{\"@type\":\"PropertyValueSpecification\",\"valueRequired\":true,\"valueName\":\"search_term_string\"}}],\"inLanguage\":\"es\"},{\"@type\":\"Organization\",\"@id\":\"https:\\\/\\\/feetuphostels.com\\\/es\\\/#organization\",\"name\":\"Feet Up Hostels\",\"alternateName\":\"Feet Up Hostels\",\"url\":\"https:\\\/\\\/feetuphostels.com\\\/es\\\/\",\"logo\":{\"@type\":\"ImageObject\",\"inLanguage\":\"es\",\"@id\":\"https:\\\/\\\/feetuphostels.com\\\/es\\\/#\\\/schema\\\/logo\\\/image\\\/\",\"url\":\"https:\\\/\\\/feetuphostels.com\\\/wp-content\\\/uploads\\\/2019\\\/01\\\/logo-web-amp-feetuphostels.svg\",\"contentUrl\":\"https:\\\/\\\/feetuphostels.com\\\/wp-content\\\/uploads\\\/2019\\\/01\\\/logo-web-amp-feetuphostels.svg\",\"width\":1,\"height\":1,\"caption\":\"Feet Up Hostels\"},\"image\":{\"@id\":\"https:\\\/\\\/feetuphostels.com\\\/es\\\/#\\\/schema\\\/logo\\\/image\\\/\"},\"sameAs\":[\"https:\\\/\\\/facebook.com\\\/feetuphostelsgroup\",\"https:\\\/\\\/x.com\\\/feetuphostels\",\"https:\\\/\\\/www.instagram.com\\\/feetuphostels\\\/\",\"https:\\\/\\\/www.tiktok.com\\\/@feetuphostels\",\"https:\\\/\\\/www.linkedin.com\\\/company\\\/feetuphostelsgroup\\\/\",\"https:\\\/\\\/www.pinterest.es\\\/FeetupHostels\\\/\",\"https:\\\/\\\/www.youtube.com\\\/feetuphostels\"]}]}<\/script>\n<!-- \/ Yoast SEO plugin. -->","yoast_head_json":{"title":"Reservas de Grupos. Reserva un hostal para tu grupo en Espa\u00f1a","description":"Reservas de Grupos. Reserva un Hostal para tu grupo en Barcelona, Valencia, Sevilla, Bilbao o Madrid. Solicite un presupuesto para su grupo","robots":{"index":"index","follow":"follow","max-snippet":"max-snippet:-1","max-image-preview":"max-image-preview:large","max-video-preview":"max-video-preview:-1"},"canonical":"https:\/\/feetuphostels.com\/es\/reserva-grupos\/","og_locale":"es_ES","og_type":"article","og_title":"Reservas de Grupos. Reserva un hostal para tu grupo en Espa\u00f1a","og_description":"Reservas de Grupos. Reserva un Hostal para tu grupo en Barcelona, Valencia, Sevilla, Bilbao o Madrid. Solicite un presupuesto para su grupo","og_url":"https:\/\/feetuphostels.com\/es\/reserva-grupos\/","og_site_name":"Feet Up Hostels","article_publisher":"https:\/\/facebook.com\/feetuphostelsgroup","article_modified_time":"2024-11-05T12:29:47+00:00","og_image":[{"width":697,"height":929,"url":"https:\/\/feetuphostels.com\/wp-content\/uploads\/2022\/12\/groups-booking-people-feetuphostels.jpg","type":"image\/jpeg"}],"twitter_card":"summary_large_image","twitter_site":"@feetuphostels","twitter_misc":{"Tiempo de lectura":"1 minuto"},"schema":{"@context":"https:\/\/schema.org","@graph":[{"@type":"WebPage","@id":"https:\/\/feetuphostels.com\/es\/reserva-grupos\/","url":"https:\/\/feetuphostels.com\/es\/reserva-grupos\/","name":"Reservas de Grupos. Reserva un hostal para tu grupo en Espa\u00f1a","isPartOf":{"@id":"https:\/\/feetuphostels.com\/es\/#website"},"primaryImageOfPage":{"@id":"https:\/\/feetuphostels.com\/es\/reserva-grupos\/#primaryimage"},"image":{"@id":"https:\/\/feetuphostels.com\/es\/reserva-grupos\/#primaryimage"},"thumbnailUrl":"https:\/\/feetuphostels.com\/wp-content\/uploads\/2022\/12\/groups-booking-people-feetuphostels.jpg","datePublished":"2017-01-16T13:16:25+00:00","dateModified":"2024-11-05T12:29:47+00:00","description":"Reservas de Grupos. Reserva un Hostal para tu grupo en Barcelona, Valencia, Sevilla, Bilbao o Madrid. Solicite un presupuesto para su grupo","breadcrumb":{"@id":"https:\/\/feetuphostels.com\/es\/reserva-grupos\/#breadcrumb"},"inLanguage":"es","potentialAction":[{"@type":"ReadAction","target":["https:\/\/feetuphostels.com\/es\/reserva-grupos\/"]}]},{"@type":"ImageObject","inLanguage":"es","@id":"https:\/\/feetuphostels.com\/es\/reserva-grupos\/#primaryimage","url":"https:\/\/feetuphostels.com\/wp-content\/uploads\/2022\/12\/groups-booking-people-feetuphostels.jpg","contentUrl":"https:\/\/feetuphostels.com\/wp-content\/uploads\/2022\/12\/groups-booking-people-feetuphostels.jpg","width":697,"height":929,"caption":"Reservas de grupo de Feet Up Hostels"},{"@type":"BreadcrumbList","@id":"https:\/\/feetuphostels.com\/es\/reserva-grupos\/#breadcrumb","itemListElement":[{"@type":"ListItem","position":1,"name":"Home","item":"https:\/\/feetuphostels.com\/es\/"},{"@type":"ListItem","position":2,"name":"Reserva de grupos"}]},{"@type":"WebSite","@id":"https:\/\/feetuphostels.com\/es\/#website","url":"https:\/\/feetuphostels.com\/es\/","name":"Feet Up Hostels","description":"Hostels y alojamiento en Valencia, Espa\u00f1a. Somos Friendliness Specialists","publisher":{"@id":"https:\/\/feetuphostels.com\/es\/#organization"},"alternateName":"Feet Up Hostels","potentialAction":[{"@type":"SearchAction","target":{"@type":"EntryPoint","urlTemplate":"https:\/\/feetuphostels.com\/es\/?s={search_term_string}"},"query-input":{"@type":"PropertyValueSpecification","valueRequired":true,"valueName":"search_term_string"}}],"inLanguage":"es"},{"@type":"Organization","@id":"https:\/\/feetuphostels.com\/es\/#organization","name":"Feet Up Hostels","alternateName":"Feet Up Hostels","url":"https:\/\/feetuphostels.com\/es\/","logo":{"@type":"ImageObject","inLanguage":"es","@id":"https:\/\/feetuphostels.com\/es\/#\/schema\/logo\/image\/","url":"https:\/\/feetuphostels.com\/wp-content\/uploads\/2019\/01\/logo-web-amp-feetuphostels.svg","contentUrl":"https:\/\/feetuphostels.com\/wp-content\/uploads\/2019\/01\/logo-web-amp-feetuphostels.svg","width":1,"height":1,"caption":"Feet Up Hostels"},"image":{"@id":"https:\/\/feetuphostels.com\/es\/#\/schema\/logo\/image\/"},"sameAs":["https:\/\/facebook.com\/feetuphostelsgroup","https:\/\/x.com\/feetuphostels","https:\/\/www.instagram.com\/feetuphostels\/","https:\/\/www.tiktok.com\/@feetuphostels","https:\/\/www.linkedin.com\/company\/feetuphostelsgroup\/","https:\/\/www.pinterest.es\/FeetupHostels\/","https:\/\/www.youtube.com\/feetuphostels"]}]}},"_links":{"self":[{"href":"https:\/\/feetuphostels.com\/es\/wp-json\/wp\/v2\/pages\/568","targetHints":{"allow":["GET"]}}],"collection":[{"href":"https:\/\/feetuphostels.com\/es\/wp-json\/wp\/v2\/pages"}],"about":[{"href":"https:\/\/feetuphostels.com\/es\/wp-json\/wp\/v2\/types\/page"}],"author":[{"embeddable":true,"href":"https:\/\/feetuphostels.com\/es\/wp-json\/wp\/v2\/users\/13"}],"replies":[{"embeddable":true,"href":"https:\/\/feetuphostels.com\/es\/wp-json\/wp\/v2\/comments?post=568"}],"version-history":[{"count":0,"href":"https:\/\/feetuphostels.com\/es\/wp-json\/wp\/v2\/pages\/568\/revisions"}],"wp:featuredmedia":[{"embeddable":true,"href":"https:\/\/feetuphostels.com\/es\/wp-json\/wp\/v2\/media\/204558"}],"wp:attachment":[{"href":"https:\/\/feetuphostels.com\/es\/wp-json\/wp\/v2\/media?parent=568"}],"curies":[{"name":"wp","href":"https:\/\/api.w.org\/{rel}","templated":true}]}}