{"id":557,"date":"2017-01-16T13:41:42","date_gmt":"2017-01-16T12:41:42","guid":{"rendered":"http:\/\/feetuphostels.barcelona\/?page_id=557"},"modified":"2024-11-09T14:06:29","modified_gmt":"2024-11-09T13:06:29","slug":"yellow-nest-hostel-barcelona","status":"publish","type":"page","link":"https:\/\/feetuphostels.com\/es\/yellow-nest-hostel-barcelona\/","title":{"rendered":"Yellow Nest Hostel Barcelona"},"content":{"rendered":"\n<h1 class=\"wp-block-heading has-text-align-center\" id=\"h-yellow-nest-hostel-barcelona\">Yellow Nest Hostel Barcelona<\/h1>\n\n<h2 class=\"wp-block-heading\" id=\"h-our-yellow-nest-hostel-is-located-in-the-les-corts-district-of-barcelona\">Nuestro hostel est\u00e1 ubicado en el distrito Les Corts de Barcelona<\/h2>\n\n<p>A solo 3 minutos a pie del \u00a0<strong><a href=\"https:\/\/feetuphostels.com\/es\/hostel-cerca-del-estadio-camp-nou-barcelona\/\">Estadio de f\u00fatbol Camp Nou de Barcelona<\/a><\/strong><\/p>\n\n<figure class=\"wp-block-image aligncenter size-full\"><img decoding=\"async\" src=\"https:\/\/feetuphostels.com\/wp-content\/uploads\/2018\/11\/25yellow-nest-hostel-barcelona-by-feetuphostels.jpg\" alt=\"Nuestra recepci&#xF3;n te dar&#xE1; una c&#xE1;lida bienvenida\" class=\"wp-image-17052\"\/><\/figure>\n\n<h2 class=\"wp-block-heading\" id=\"h-but-that-s-not-all\">Pero eso no es todo,<\/h2>\n\n<p>Tenemos diferentes tipos de habitaciones para adaptarse a tus necesidades. Podr\u00e1s elegir entre habitaciones compartidas con decoraciones sencillas y coloridas con aire acondicionado para el verano y calefacci\u00f3n para el invierno, taquillas privadas y ba\u00f1os compartidos con secadores de pelo o si est\u00e1s buscando un poco m\u00e1s de privacidad puedes reservar nuestras habitaciones privadas con ba\u00f1o privado.<\/p>\n\n<p class=\"has-white-color has-vivid-red-background-color has-text-color has-background has-link-color has-medium-font-size wp-elements-c693fd94553141d52693593b2d45da7a\">IMPORTANTE: El hostel ha cambiado de nombre a <a href=\"https:\/\/onefamhostels.com\/les-corts-onefam-hostel-barcelona\/\" target=\"_blank\" rel=\"noopener\">Onefam Les Corts<\/a>, pasando a formar parte de uno de los <a href=\"https:\/\/onefamhostels.com\/barcelona-hostels\/\" target=\"_blank\" rel=\"noopener\">Mejores Hostels de Barcelona<\/a>.<\/p>\n\n<h2 class=\"wp-block-heading\" id=\"h-we-have-thought-about-them\">Hemos pensado en ellas<\/h2>\n\n<p>Si eres chica quiz\u00e1s prefieras compartir habitaci\u00f3n con chicas, eso no es un problema, solo tienes habitaciones solo para chicas.<\/p>\n\n<p>Reserva con nosotros, hablamos su idioma y te garantizamos:<\/p>\n\n<ul class=\"wp-block-list\">\n<li>M\u00e1xima seguridad en tu Reserva<\/li>\n\n\n\n<li>\u00a1Sin precios ni gastos ocultos!<\/li>\n\n\n\n<li>\u00a1Precio sin intermediarios!<\/li>\n\n\n\n<li>\u00a1Precio oficial e imbatible!<\/li>\n\n\n\n<li>\u00a1Reserva en l\u00ednea garantizada!<\/li>\n\n\n\n<li>Confirmaci\u00f3n inmediata<\/li>\n<\/ul>\n\n<h2 class=\"wp-block-heading\" id=\"h-information-about-yellow-nest-hostel-barcelona\">Information about Yellow Nest Hostel Barcelona<\/h2>\n\n<p>Muy cerca de Metro Badal en Barcelona<\/p>\n\n<h3 class=\"wp-block-heading\" id=\"h-our-staff\">Nuestro personal<\/h3>\n\n<h4 class=\"wp-block-heading\" id=\"h-all-this-is-for-you\">Todo esto es para ti.<\/h4>\n\n<p>We have a fully equipped kitchen for you to show off your culinary skills (if you have them), snack and beverage vending machines, Netflix room, a game area with billiards, darts and ping pong.<\/p>\n\n<h4 class=\"wp-block-heading\" id=\"h-we-are-always-keen-to-help-you\">Siempre estamos dispuestos a ayudarte.<\/h4>\n\n<p>Nuestro personal de recepci\u00f3n est\u00e1 disponible las 24 horas para ofrecer informaci\u00f3n tur\u00edstica sobre Barcelona las 24 horas. Tambi\u00e9n puedes preguntarles cu\u00e1les son los mejores lugares que frecuentan o visitan en Barcelona.<\/p>\n\n<p>Estamos muy bien conectados<\/p>\n\n<p>La estaci\u00f3n de metro de Badal est\u00e1 a 5 minutos a pie y conecta con el centro de la ciudad en menos de 15 minutos. Consulta nuestra ubicaci\u00f3n aqu\u00ed.<\/p>\n\n<h2 class=\"wp-block-heading\" id=\"h-these-are-all-of-our-services-for-your-convenience\">Estos son todos nuestros servicios para tu comodidad.<\/h2>\n\n<h3 class=\"wp-block-heading\" id=\"h-we-offer-at-yellow-nest-hostel\">Lo que ofrecemos en el Albergue Yellow Nest<\/h3>\n\n<h3 class=\"wp-block-heading\" id=\"h-free-services\">Servicios gratuitos:<\/h3>\n\n<ul class=\"wp-block-list\">\n<li>La ropa de cama est\u00e1 incluida en el precio.<\/li>\n\n\n\n<li>Mapa gratuito de la ciudad.<\/li>\n\n\n\n<li>WIFi gratuito de alta velocidad.<\/li>\n\n\n\n<li>Una enorme terraza en la azotea.<\/li>\n\n\n\n<li>Ordenadores con acceso a Internet para los clientes.<\/li>\n<\/ul>\n\n<h4 class=\"wp-block-heading\" id=\"h-services-in-general\">Servicios en general:<\/h4>\n\n<ul class=\"wp-block-list\">\n<li>Taquillas en las habitaciones.<\/li>\n\n\n\n<li>Acceso a las habitaciones mediante tarjetas.<\/li>\n\n\n\n<li>Zona com\u00fan para compartir con los amigos.<\/li>\n\n\n\n<li>Aire acondicionado en la zona com\u00fan y en todas las habitaciones.<\/li>\n\n\n\n<li>Intercambia libros con nosotros.<\/li>\n\n\n\n<li>D\u00fachate con agua de la hostia en invierno, tambi\u00e9n en verano, pero en verano puede que te apetezca una ducha fresca.<\/li>\n\n\n\n<li>Cocina totalmente equipada.<\/li>\n\n\n\n<li>Frigor\u00edfico\/congelador para guardar tus alimentos.<\/li>\n\n\n\n<li>Fuera, en nuestra terraza.<\/li>\n\n\n\n<li>Tenemos secadores de pelo para todos.<\/li>\n\n\n\n<li>Tabla de planchar para tu ropa.<\/li>\n\n\n\n<li>Microondas para calentar tu comida.<\/li>\n\n\n\n<li>Tu primera toalla est\u00e1 incluida en la reserva.<\/li>\n<\/ul>\n\n<p><\/p>\n\n<figure class=\"wp-block-image size-full\"><img fetchpriority=\"high\" decoding=\"async\" width=\"1920\" height=\"1080\" src=\"https:\/\/feetuphostels.com\/wp-content\/uploads\/2022\/10\/slide-feetuphostels-yellownest2022.jpg\" alt=\"Hu&#xE9;spedes del Albergue Yellow Nest Barcelona \" class=\"wp-image-202278\" srcset=\"https:\/\/feetuphostels.com\/wp-content\/uploads\/2022\/10\/slide-feetuphostels-yellownest2022.jpg 1920w, https:\/\/feetuphostels.com\/wp-content\/uploads\/2022\/10\/slide-feetuphostels-yellownest2022-300x169.jpg 300w, https:\/\/feetuphostels.com\/wp-content\/uploads\/2022\/10\/slide-feetuphostels-yellownest2022-1024x576.jpg 1024w, https:\/\/feetuphostels.com\/wp-content\/uploads\/2022\/10\/slide-feetuphostels-yellownest2022-768x432.jpg 768w, https:\/\/feetuphostels.com\/wp-content\/uploads\/2022\/10\/slide-feetuphostels-yellownest2022-1536x864.jpg 1536w, https:\/\/feetuphostels.com\/wp-content\/uploads\/2022\/10\/slide-feetuphostels-yellownest2022-260x146.jpg 260w, https:\/\/feetuphostels.com\/wp-content\/uploads\/2022\/10\/slide-feetuphostels-yellownest2022-50x28.jpg 50w, https:\/\/feetuphostels.com\/wp-content\/uploads\/2022\/10\/slide-feetuphostels-yellownest2022-133x75.jpg 133w\" sizes=\"(max-width: 1920px) 100vw, 1920px\" \/><figcaption class=\"wp-element-caption\">Hu\u00e9spedes del Albergue Yellow Nest Barcelona <\/figcaption><\/figure>\n\n<h4 class=\"wp-block-heading\">Otros servicios para ti.<\/h4>\n\n<ul class=\"wp-block-list\">\n<li>Acceso a Internet para mantenerte conectado.<\/li>\n\n\n\n<li>Servicio de lavander\u00eda. Limpieza por encima de todo.<\/li>\n\n\n\n<li>Alquiler de bicicletas Para que conozcas la ciudad a golpe de pedal.<\/li>\n\n\n\n<li>Si necesitas m\u00e1s toallas, tienes un peque\u00f1o suplemento.<\/li>\n\n\n\n<li>Taquillas en tu habitaci\u00f3n para guardar tu equipaje.<\/li>\n\n\n\n<li>Servicio de FAX (anticuado pero funciona).<\/li>\n\n\n\n<li>La recepci\u00f3n est\u00e1 abierta las 24 horas del d\u00eda. De d\u00eda y de noche.<\/li>\n\n\n\n<li>Organizamos visitas guiadas y tambi\u00e9n ofrecemos informaci\u00f3n sobre la ciudad.<\/li>\n<\/ul>\n\n<h3 class=\"wp-block-heading\">Servicios de comida y bebida.<\/h3>\n\n<ul class=\"wp-block-list\">\n<li>Puedes conseguir Kit para preparar t\u00e9 y caf\u00e9.<\/li>\n\n\n\n<li>M\u00e1quinas expendedoras. Recuerda llevar siempre algunas monedas contigo.<\/li>\n\n\n\n<li>Tambi\u00e9n tenemos servicio de cafeter\u00eda, por si te apetece un caf\u00e9 por las tardes.<\/li>\n<\/ul>\n\n<h3 class=\"wp-block-heading\">Tambi\u00e9n hemos pensado en divertirnos:<\/h3>\n\n<ul class=\"wp-block-list\">\n<li>Tenemos juegos de mesa para <a href=\"https:\/\/feetuphostels.com\/es\/reserva-grupos\/\">compartir en grupo<\/a>.<\/li>\n\n\n\n<li>Sala de Netflix.<\/li>\n\n\n\n<li>Tenemos futbol\u00edn para que te diviertas con los amigos.<\/li>\n\n\n\n<li>WIFI gratuito de alta velocidad Si eres t\u00fa quien juega en l\u00ednea.<\/li>\n<\/ul>\n\n<h2 class=\"wp-block-heading\">La letra peque\u00f1a<\/h2>\n\n<ul class=\"wp-block-list\">\n<li>Por normativa nos vemos obligados a no aceptar hu\u00e9spedes menores de 18 a\u00f1os si no van acompa\u00f1ados de un adulto.<\/li>\n\n\n\n<li>Los hu\u00e9spedes menores de 18 a\u00f1os no pueden alojarse en una habitaci\u00f3n compartida, a menos que todos los ocupantes sean miembros de su grupo de viaje.<\/li>\n\n\n\n<li>Debes presentar un documento de identidad o pasaporte v\u00e1lido al facturar.<\/li>\n\n\n\n<li>Debes dejar una fianza de 5 \u20ac por la llave y 5 \u20ac por la toalla (no te preocupes que a la salida se te devolver\u00e1 cuando entregues la llave y la toalla en las mismas condiciones en que te fueron entregadas).<\/li>\n\n\n\n<li>Para reservas especiales de m\u00e1s de 9 personas, se aplicar\u00e1n condiciones especiales para grupos. Te recomendamos que contactes directamente con nuestro departamento de grupos a trav\u00e9s del siguiente formulario. Debes rellenar todos los campos y enviarlo. Nos pondremos en contacto contigo lo antes posible.<\/li>\n\n\n\n<li>Aceptamos pagos con American Express, Visa, Master Card y JCB.<\/li>\n\n\n\n<li>Puedes lavar tu ropa en nuestra lavander\u00eda por s\u00f3lo 8 \u20ac.<\/li>\n<\/ul>\n\n<h2 class=\"wp-block-heading\">Pol\u00edticas de cancelaci\u00f3n<\/h2>\n\n<ul class=\"wp-block-list\">\n<li>Las pol\u00edticas de cancelaci\u00f3n y pago por adelantado var\u00edan seg\u00fan el tipo de alojamiento. Introduce las fechas de tu estancia y comprueba las condiciones de la habitaci\u00f3n que necesitas.<\/li>\n\n\n\n<li>Tarifa no reembolsable: El importe total se cargar\u00e1 en el momento de la reserva. No se reembolsar\u00e1 en ning\u00fan caso.<\/li>\n\n\n\n<li>Tarifa est\u00e1ndar: Puedes anular sin gastos hasta 48h antes de la llegada.<\/li>\n\n\n\n<li>No presentaci\u00f3n: En caso de no presentarse o de cancelaci\u00f3n tard\u00eda, se cargar\u00e1 el importe de la primera noche.<\/li>\n\n\n\n<li>*En todos los casos, el importe se cobrar\u00e1 en la moneda de tu pa\u00eds.<\/li>\n<\/ul>\n","protected":false},"excerpt":{"rendered":"<p>Yellow Nest Hostel Barcelona \u2705 Camas desde 12\u20ac cerca del Estadio Camp Nou de Barcelona, con habitaciones seguras, limpias, c\u00f3modas y econ\u00f3micas en un lugar muy cerca para los fan\u00e1ticos del F\u00fatbol Club Barcelona. Alojamiento con zona com\u00fan, billar y un equipo multidiomas para los viajeros que visitan Barcelona<\/p>\n","protected":false},"author":13,"featured_media":11673,"parent":0,"menu_order":0,"comment_status":"closed","ping_status":"open","template":"","meta":{"footnotes":""},"class_list":["post-557","page","type-page","status-publish","has-post-thumbnail","hentry"],"yoast_head":"<!-- This site is optimized with the Yoast SEO plugin v27.4 - https:\/\/yoast.com\/product\/yoast-seo-wordpress\/ -->\n<title>Yellow Nest Hostel Barcelona \u00ae Web oficial con camas desde 12\u20ac \/ noche<\/title>\n<meta name=\"description\" content=\"Yellow Nest Hostel Barcelona \u00ae Web Oficial con camas desde 12\u20ac\/noche, cerca del estadio Camp Nou Barcelona, \u2705El mejor precio garantizado, \ud83d\ude8dcerca del metro Badal, \u23f2 \ufe0f recepci\u00f3n 24 horas\" \/>\n<meta name=\"robots\" content=\"index, follow, max-snippet:-1, max-image-preview:large, max-video-preview:-1\" \/>\n<link rel=\"canonical\" href=\"https:\/\/feetuphostels.com\/es\/yellow-nest-hostel-barcelona\/\" \/>\n<meta property=\"og:locale\" content=\"es_ES\" \/>\n<meta property=\"og:type\" content=\"article\" \/>\n<meta property=\"og:title\" content=\"Yellow Nest Hostel Barcelona \u00ae Web oficial con camas desde 12\u20ac \/ noche\" \/>\n<meta property=\"og:description\" content=\"Yellow Nest Hostel Barcelona \u00ae Web Oficial con camas desde 12\u20ac\/noche, cerca del estadio Camp Nou Barcelona, \u2705El mejor precio garantizado, \ud83d\ude8dcerca del metro Badal, \u23f2 \ufe0f recepci\u00f3n 24 horas\" \/>\n<meta property=\"og:url\" content=\"https:\/\/feetuphostels.com\/es\/yellow-nest-hostel-barcelona\/\" \/>\n<meta property=\"og:site_name\" content=\"Feet Up Hostels\" \/>\n<meta property=\"article:publisher\" content=\"https:\/\/facebook.com\/feetuphostelsgroup\" \/>\n<meta property=\"article:modified_time\" content=\"2024-11-09T13:06:29+00:00\" \/>\n<meta property=\"og:image\" content=\"https:\/\/feetuphostels.com\/wp-content\/uploads\/2017\/01\/01yellownesthostelbarcelona.jpg\" \/>\n\t<meta property=\"og:image:width\" content=\"1200\" \/>\n\t<meta property=\"og:image:height\" content=\"900\" \/>\n\t<meta property=\"og:image:type\" content=\"image\/jpeg\" \/>\n<meta name=\"twitter:card\" content=\"summary_large_image\" \/>\n<meta name=\"twitter:site\" content=\"@feetuphostels\" \/>\n<meta name=\"twitter:label1\" content=\"Tiempo de lectura\" \/>\n\t<meta name=\"twitter:data1\" content=\"5 minutos\" \/>\n<script type=\"application\/ld+json\" class=\"yoast-schema-graph\">{\"@context\":\"https:\\\/\\\/schema.org\",\"@graph\":[{\"@type\":\"WebPage\",\"@id\":\"https:\\\/\\\/feetuphostels.com\\\/es\\\/yellow-nest-hostel-barcelona\\\/\",\"url\":\"https:\\\/\\\/feetuphostels.com\\\/es\\\/yellow-nest-hostel-barcelona\\\/\",\"name\":\"Yellow Nest Hostel Barcelona \u00ae Web oficial con camas desde 12\u20ac \\\/ noche\",\"isPartOf\":{\"@id\":\"https:\\\/\\\/feetuphostels.com\\\/es\\\/#website\"},\"primaryImageOfPage\":{\"@id\":\"https:\\\/\\\/feetuphostels.com\\\/es\\\/yellow-nest-hostel-barcelona\\\/#primaryimage\"},\"image\":{\"@id\":\"https:\\\/\\\/feetuphostels.com\\\/es\\\/yellow-nest-hostel-barcelona\\\/#primaryimage\"},\"thumbnailUrl\":\"https:\\\/\\\/feetuphostels.com\\\/wp-content\\\/uploads\\\/2017\\\/01\\\/01yellownesthostelbarcelona.jpg\",\"datePublished\":\"2017-01-16T12:41:42+00:00\",\"dateModified\":\"2024-11-09T13:06:29+00:00\",\"description\":\"Yellow Nest Hostel Barcelona \u00ae Web Oficial con camas desde 12\u20ac\\\/noche, cerca del estadio Camp Nou Barcelona, \u2705El mejor precio garantizado, \ud83d\ude8dcerca del metro Badal, \u23f2 \ufe0f recepci\u00f3n 24 horas\",\"breadcrumb\":{\"@id\":\"https:\\\/\\\/feetuphostels.com\\\/es\\\/yellow-nest-hostel-barcelona\\\/#breadcrumb\"},\"inLanguage\":\"es\",\"potentialAction\":[{\"@type\":\"ReadAction\",\"target\":[\"https:\\\/\\\/feetuphostels.com\\\/es\\\/yellow-nest-hostel-barcelona\\\/\"]}]},{\"@type\":\"ImageObject\",\"inLanguage\":\"es\",\"@id\":\"https:\\\/\\\/feetuphostels.com\\\/es\\\/yellow-nest-hostel-barcelona\\\/#primaryimage\",\"url\":\"https:\\\/\\\/feetuphostels.com\\\/wp-content\\\/uploads\\\/2017\\\/01\\\/01yellownesthostelbarcelona.jpg\",\"contentUrl\":\"https:\\\/\\\/feetuphostels.com\\\/wp-content\\\/uploads\\\/2017\\\/01\\\/01yellownesthostelbarcelona.jpg\",\"width\":1200,\"height\":900,\"caption\":\"Yellow Nest hostel Barcelona Feetup\"},{\"@type\":\"BreadcrumbList\",\"@id\":\"https:\\\/\\\/feetuphostels.com\\\/es\\\/yellow-nest-hostel-barcelona\\\/#breadcrumb\",\"itemListElement\":[{\"@type\":\"ListItem\",\"position\":1,\"name\":\"Home\",\"item\":\"https:\\\/\\\/feetuphostels.com\\\/es\\\/\"},{\"@type\":\"ListItem\",\"position\":2,\"name\":\"Yellow Nest Hostel Barcelona\"}]},{\"@type\":\"WebSite\",\"@id\":\"https:\\\/\\\/feetuphostels.com\\\/es\\\/#website\",\"url\":\"https:\\\/\\\/feetuphostels.com\\\/es\\\/\",\"name\":\"Feet Up Hostels\",\"description\":\"Hostels y alojamiento en Valencia, Espa\u00f1a. Somos Friendliness Specialists\",\"publisher\":{\"@id\":\"https:\\\/\\\/feetuphostels.com\\\/es\\\/#organization\"},\"alternateName\":\"Feet Up Hostels\",\"potentialAction\":[{\"@type\":\"SearchAction\",\"target\":{\"@type\":\"EntryPoint\",\"urlTemplate\":\"https:\\\/\\\/feetuphostels.com\\\/es\\\/?s={search_term_string}\"},\"query-input\":{\"@type\":\"PropertyValueSpecification\",\"valueRequired\":true,\"valueName\":\"search_term_string\"}}],\"inLanguage\":\"es\"},{\"@type\":\"Organization\",\"@id\":\"https:\\\/\\\/feetuphostels.com\\\/es\\\/#organization\",\"name\":\"Feet Up Hostels\",\"alternateName\":\"Feet Up Hostels\",\"url\":\"https:\\\/\\\/feetuphostels.com\\\/es\\\/\",\"logo\":{\"@type\":\"ImageObject\",\"inLanguage\":\"es\",\"@id\":\"https:\\\/\\\/feetuphostels.com\\\/es\\\/#\\\/schema\\\/logo\\\/image\\\/\",\"url\":\"https:\\\/\\\/feetuphostels.com\\\/wp-content\\\/uploads\\\/2019\\\/01\\\/logo-web-amp-feetuphostels.svg\",\"contentUrl\":\"https:\\\/\\\/feetuphostels.com\\\/wp-content\\\/uploads\\\/2019\\\/01\\\/logo-web-amp-feetuphostels.svg\",\"width\":1,\"height\":1,\"caption\":\"Feet Up Hostels\"},\"image\":{\"@id\":\"https:\\\/\\\/feetuphostels.com\\\/es\\\/#\\\/schema\\\/logo\\\/image\\\/\"},\"sameAs\":[\"https:\\\/\\\/facebook.com\\\/feetuphostelsgroup\",\"https:\\\/\\\/x.com\\\/feetuphostels\",\"https:\\\/\\\/www.instagram.com\\\/feetuphostels\\\/\",\"https:\\\/\\\/www.tiktok.com\\\/@feetuphostels\",\"https:\\\/\\\/www.linkedin.com\\\/company\\\/feetuphostelsgroup\\\/\",\"https:\\\/\\\/www.pinterest.es\\\/FeetupHostels\\\/\",\"https:\\\/\\\/www.youtube.com\\\/feetuphostels\"]}]}<\/script>\n<!-- \/ Yoast SEO plugin. -->","yoast_head_json":{"title":"Yellow Nest Hostel Barcelona \u00ae Web oficial con camas desde 12\u20ac \/ noche","description":"Yellow Nest Hostel Barcelona \u00ae Web Oficial con camas desde 12\u20ac\/noche, cerca del estadio Camp Nou Barcelona, \u2705El mejor precio garantizado, \ud83d\ude8dcerca del metro Badal, \u23f2 \ufe0f recepci\u00f3n 24 horas","robots":{"index":"index","follow":"follow","max-snippet":"max-snippet:-1","max-image-preview":"max-image-preview:large","max-video-preview":"max-video-preview:-1"},"canonical":"https:\/\/feetuphostels.com\/es\/yellow-nest-hostel-barcelona\/","og_locale":"es_ES","og_type":"article","og_title":"Yellow Nest Hostel Barcelona \u00ae Web oficial con camas desde 12\u20ac \/ noche","og_description":"Yellow Nest Hostel Barcelona \u00ae Web Oficial con camas desde 12\u20ac\/noche, cerca del estadio Camp Nou Barcelona, \u2705El mejor precio garantizado, \ud83d\ude8dcerca del metro Badal, \u23f2 \ufe0f recepci\u00f3n 24 horas","og_url":"https:\/\/feetuphostels.com\/es\/yellow-nest-hostel-barcelona\/","og_site_name":"Feet Up Hostels","article_publisher":"https:\/\/facebook.com\/feetuphostelsgroup","article_modified_time":"2024-11-09T13:06:29+00:00","og_image":[{"width":1200,"height":900,"url":"https:\/\/feetuphostels.com\/wp-content\/uploads\/2017\/01\/01yellownesthostelbarcelona.jpg","type":"image\/jpeg"}],"twitter_card":"summary_large_image","twitter_site":"@feetuphostels","twitter_misc":{"Tiempo de lectura":"5 minutos"},"schema":{"@context":"https:\/\/schema.org","@graph":[{"@type":"WebPage","@id":"https:\/\/feetuphostels.com\/es\/yellow-nest-hostel-barcelona\/","url":"https:\/\/feetuphostels.com\/es\/yellow-nest-hostel-barcelona\/","name":"Yellow Nest Hostel Barcelona \u00ae Web oficial con camas desde 12\u20ac \/ noche","isPartOf":{"@id":"https:\/\/feetuphostels.com\/es\/#website"},"primaryImageOfPage":{"@id":"https:\/\/feetuphostels.com\/es\/yellow-nest-hostel-barcelona\/#primaryimage"},"image":{"@id":"https:\/\/feetuphostels.com\/es\/yellow-nest-hostel-barcelona\/#primaryimage"},"thumbnailUrl":"https:\/\/feetuphostels.com\/wp-content\/uploads\/2017\/01\/01yellownesthostelbarcelona.jpg","datePublished":"2017-01-16T12:41:42+00:00","dateModified":"2024-11-09T13:06:29+00:00","description":"Yellow Nest Hostel Barcelona \u00ae Web Oficial con camas desde 12\u20ac\/noche, cerca del estadio Camp Nou Barcelona, \u2705El mejor precio garantizado, \ud83d\ude8dcerca del metro Badal, \u23f2 \ufe0f recepci\u00f3n 24 horas","breadcrumb":{"@id":"https:\/\/feetuphostels.com\/es\/yellow-nest-hostel-barcelona\/#breadcrumb"},"inLanguage":"es","potentialAction":[{"@type":"ReadAction","target":["https:\/\/feetuphostels.com\/es\/yellow-nest-hostel-barcelona\/"]}]},{"@type":"ImageObject","inLanguage":"es","@id":"https:\/\/feetuphostels.com\/es\/yellow-nest-hostel-barcelona\/#primaryimage","url":"https:\/\/feetuphostels.com\/wp-content\/uploads\/2017\/01\/01yellownesthostelbarcelona.jpg","contentUrl":"https:\/\/feetuphostels.com\/wp-content\/uploads\/2017\/01\/01yellownesthostelbarcelona.jpg","width":1200,"height":900,"caption":"Yellow Nest hostel Barcelona Feetup"},{"@type":"BreadcrumbList","@id":"https:\/\/feetuphostels.com\/es\/yellow-nest-hostel-barcelona\/#breadcrumb","itemListElement":[{"@type":"ListItem","position":1,"name":"Home","item":"https:\/\/feetuphostels.com\/es\/"},{"@type":"ListItem","position":2,"name":"Yellow Nest Hostel Barcelona"}]},{"@type":"WebSite","@id":"https:\/\/feetuphostels.com\/es\/#website","url":"https:\/\/feetuphostels.com\/es\/","name":"Feet Up Hostels","description":"Hostels y alojamiento en Valencia, Espa\u00f1a. Somos Friendliness Specialists","publisher":{"@id":"https:\/\/feetuphostels.com\/es\/#organization"},"alternateName":"Feet Up Hostels","potentialAction":[{"@type":"SearchAction","target":{"@type":"EntryPoint","urlTemplate":"https:\/\/feetuphostels.com\/es\/?s={search_term_string}"},"query-input":{"@type":"PropertyValueSpecification","valueRequired":true,"valueName":"search_term_string"}}],"inLanguage":"es"},{"@type":"Organization","@id":"https:\/\/feetuphostels.com\/es\/#organization","name":"Feet Up Hostels","alternateName":"Feet Up Hostels","url":"https:\/\/feetuphostels.com\/es\/","logo":{"@type":"ImageObject","inLanguage":"es","@id":"https:\/\/feetuphostels.com\/es\/#\/schema\/logo\/image\/","url":"https:\/\/feetuphostels.com\/wp-content\/uploads\/2019\/01\/logo-web-amp-feetuphostels.svg","contentUrl":"https:\/\/feetuphostels.com\/wp-content\/uploads\/2019\/01\/logo-web-amp-feetuphostels.svg","width":1,"height":1,"caption":"Feet Up Hostels"},"image":{"@id":"https:\/\/feetuphostels.com\/es\/#\/schema\/logo\/image\/"},"sameAs":["https:\/\/facebook.com\/feetuphostelsgroup","https:\/\/x.com\/feetuphostels","https:\/\/www.instagram.com\/feetuphostels\/","https:\/\/www.tiktok.com\/@feetuphostels","https:\/\/www.linkedin.com\/company\/feetuphostelsgroup\/","https:\/\/www.pinterest.es\/FeetupHostels\/","https:\/\/www.youtube.com\/feetuphostels"]}]}},"_links":{"self":[{"href":"https:\/\/feetuphostels.com\/es\/wp-json\/wp\/v2\/pages\/557","targetHints":{"allow":["GET"]}}],"collection":[{"href":"https:\/\/feetuphostels.com\/es\/wp-json\/wp\/v2\/pages"}],"about":[{"href":"https:\/\/feetuphostels.com\/es\/wp-json\/wp\/v2\/types\/page"}],"author":[{"embeddable":true,"href":"https:\/\/feetuphostels.com\/es\/wp-json\/wp\/v2\/users\/13"}],"replies":[{"embeddable":true,"href":"https:\/\/feetuphostels.com\/es\/wp-json\/wp\/v2\/comments?post=557"}],"version-history":[{"count":0,"href":"https:\/\/feetuphostels.com\/es\/wp-json\/wp\/v2\/pages\/557\/revisions"}],"wp:featuredmedia":[{"embeddable":true,"href":"https:\/\/feetuphostels.com\/es\/wp-json\/wp\/v2\/media\/11673"}],"wp:attachment":[{"href":"https:\/\/feetuphostels.com\/es\/wp-json\/wp\/v2\/media?parent=557"}],"curies":[{"name":"wp","href":"https:\/\/api.w.org\/{rel}","templated":true}]}}