{"id":552,"date":"2017-01-16T12:35:27","date_gmt":"2017-01-16T11:35:27","guid":{"rendered":"http:\/\/feetuphostels.barcelona\/?page_id=552"},"modified":"2024-10-17T11:32:27","modified_gmt":"2024-10-17T09:32:27","slug":"hostels-barcelona","status":"publish","type":"page","link":"https:\/\/feetuphostels.com\/es\/hostels-barcelona\/","title":{"rendered":"Hostels Barcelona"},"content":{"rendered":"\n<h1 class=\"wp-block-heading has-text-align-center\" id=\"h-hostels-barcelona\">Hostels Barcelona<\/h1>\n\n<h2 class=\"wp-block-heading has-text-align-center\" id=\"h-youth-hostels-and-accommodations-in-barcelona\">Albergues juveniles y alojamientos en Barcelona<\/h2>\n\n<p>Los albergues juveniles en Barcelona son una de las mejores opciones para alojarse cuando se visita la Ciudad Condal en Espa\u00f1a.<\/p>\n\n<h2 class=\"wp-block-heading\" id=\"h-yellow-nest-hostel-barcelona\">Yellow Nest Hostel Barcelona<\/h2>\n\n<h3 class=\"wp-block-heading\" id=\"h-only-3-streets-away-from-the-barcelona-camp-nou-football-stadium\">A solo 3 calles del estadio de f\u00fatbol Camp Nou de Barcelona<\/h3>\n\n<p>Tenemos diferentes tipos de habitaciones adaptadas a sus necesidades. Puedes elegir entre habitaciones compartidas con dise\u00f1os sencillos y coloridos.<\/p>\n\n<p class=\"has-white-color has-vivid-red-background-color has-text-color has-background has-link-color wp-elements-52aea721c391e0ba37d77466befa4e3c\">IMPORTANTE: El hostel ha cambiado de nombre a <a href=\"https:\/\/onefamhostels.com\/les-corts-onefam-hostel-barcelona\/\" target=\"_blank\" rel=\"noopener\">Onefam Les Corts<\/a>, pasando a formar parte de uno de los <a href=\"https:\/\/onefamhostels.com\/barcelona-hostels\/\" target=\"_blank\" rel=\"noopener\">Mejores Albergues de Barcelona<\/a>.<\/p>\n\n<figure class=\"wp-block-image size-full\"><a href=\"https:\/\/nesthostelsbarcelona.com\/\" target=\"_blank\" rel=\"noreferrer noopener\"><img fetchpriority=\"high\" decoding=\"async\" width=\"1920\" height=\"1080\" src=\"https:\/\/feetuphostels.com\/wp-content\/uploads\/2022\/10\/slide-feetuphostels-yellownest2022.jpg\" alt=\"\" class=\"wp-image-202278\" srcset=\"https:\/\/feetuphostels.com\/wp-content\/uploads\/2022\/10\/slide-feetuphostels-yellownest2022.jpg 1920w, https:\/\/feetuphostels.com\/wp-content\/uploads\/2022\/10\/slide-feetuphostels-yellownest2022-300x169.jpg 300w, https:\/\/feetuphostels.com\/wp-content\/uploads\/2022\/10\/slide-feetuphostels-yellownest2022-1024x576.jpg 1024w, https:\/\/feetuphostels.com\/wp-content\/uploads\/2022\/10\/slide-feetuphostels-yellownest2022-768x432.jpg 768w, https:\/\/feetuphostels.com\/wp-content\/uploads\/2022\/10\/slide-feetuphostels-yellownest2022-1536x864.jpg 1536w, https:\/\/feetuphostels.com\/wp-content\/uploads\/2022\/10\/slide-feetuphostels-yellownest2022-260x146.jpg 260w, https:\/\/feetuphostels.com\/wp-content\/uploads\/2022\/10\/slide-feetuphostels-yellownest2022-50x28.jpg 50w, https:\/\/feetuphostels.com\/wp-content\/uploads\/2022\/10\/slide-feetuphostels-yellownest2022-133x75.jpg 133w\" sizes=\"(max-width: 1920px) 100vw, 1920px\" \/><\/a><figcaption class=\"wp-element-caption\">Yellow Nest Hostel Barcelona<\/figcaption><\/figure>\n\n<p>Equipadas con aire acondicionado para el verano y calefacci\u00f3n para el invierno, taquillas privadas y ba\u00f1os compartidos con secador de pelo, o si buscas un poco m\u00e1s de privacidad, puedes elegir habitaciones privadas con ba\u00f1o privado.<\/p>\n\n<h3 class=\"wp-block-heading\" id=\"h-our-previous-guests-say\">Nuestros anteriores hu\u00e9spedes dicen,<\/h3>\n\n<p>Que los alrededores de nuestro albergue tienen una alta tasa de avistamientos de celebridades&#8230;Algunos incluso dicen que en ocasiones han visto a Messi u otros jugadores del FCB en la esquina. Y todo esto est\u00e1 incluido en el precio de su reserva.<\/p>\n\n<p><\/p>\n\n<p><\/p>\n\n<h2 class=\"wp-block-heading\" id=\"h-garden-house-hostel-barcelona\">Garden House Hostel Barcelona<\/h2>\n\n<h3 class=\"wp-block-heading\" id=\"h-we-are-4-streets-from-the-metro-stop-valldaura\">Estamos a 4 calles de la parada de metro Valldaura<\/h3>\n\n<p>Estamos ubicados en la zona residencial cerca de la estaci\u00f3n de metro Valldaura, l\u00ednea verde, que va directamente a Passeig de Gracia y Parallel (es f\u00e1cil y c\u00f3modo llegar).<\/p>\n\n<figure class=\"wp-block-image size-full\"><img decoding=\"async\" src=\"https:\/\/feetuphostels.com\/wp-content\/uploads\/2018\/10\/08garden-house-hostel-barcelona-by-feetuphostels.jpg\" alt=\"Pase tiempo de calidad en nuestro patio\" class=\"wp-image-16776\"\/><figcaption class=\"wp-element-caption\">Pase tiempo de calidad en nuestro patio<\/figcaption><\/figure>\n\n<p>Tenemos ofertas especiales de algunos locales de esa zona y podemos darte algunos consejos sobre c\u00f3mo sacar lo mejor de Barcelona. <strong> Reserva tu cama con nosotros en Barcelona, hablamos tu idioma.<\/strong><\/p>\n\n<h3 class=\"wp-block-heading\" id=\"h-we-have-all-the-necessary-for-your-comfort\">Tenemos todo lo necesario para su comodidad<\/h3>\n\n<p>La cocina est\u00e1 completamente equipada para que puedas mostrar tus habilidades culinarias (si las tienes), un jard\u00edn con hamaca para que puedas desconectar y conocer a otros hu\u00e9spedes y TODO EST\u00c1 INCLUIDO EN EL PRECIO DE TU RESERVA.<\/p>\n\n<h2 class=\"wp-block-heading\" id=\"h-how-much-do-you-know-about-barcelona\">\u00bfCu\u00e1nto sabes de Barcelona?<\/h2>\n\n<p>Estamos seguros de que en Barcelona no te aburrir\u00e1s en ning\u00fan momento, porque esta ciudad ofrece a los visitantes todo tipo de lugares para disfrutar, ver, conocer, viajar y compartir con amigos, familiares o como si te gusta disfrutar solo.<\/p>\n\n<p>Barcelona es una de las <strong>mejores ciudades de Espa\u00f1a<\/strong> y con la m\u00e1s amplia oferta de ocio. Podr\u00e1s ba\u00f1arte en sus playas, bailar hasta el amanecer y degustar la incre\u00edble gastronom\u00eda que hay en esta zona de Espa\u00f1a. Tambi\u00e9n hay muchos tipos de espect\u00e1culos: Cine, teatro, festivales de m\u00fasica, conciertos, musicales &#8230; Por supuesto no se olvide de los principales atractivos culturales, son \u00fanicos e inolvidables!<\/p>\n\n<h3 class=\"wp-block-heading\" id=\"h-small-guide-on-barcelona\">Peque\u00f1a gu\u00eda sobre Barcelona<\/h3>\n\n<p>Es una ciudad con estilo en Catalu\u00f1a, Espa\u00f1a, que siempre ha estado a la vanguardia del dise\u00f1o, la gastronom\u00eda, la moda y el arte. Barcelona es un vibrante mediterr\u00e1neo cosmopolita, siempre popular entre los turistas que buscan un alboroto en\u00e9rgico con una tremenda cultura, arquitectura e historia.<\/p>\n\n<h3 class=\"wp-block-heading\" id=\"h-why-do-you-have-to-visit-barcelona\">\u00bfPor qu\u00e9 tienes que visitar Barcelona?<\/h3>\n\n<ul class=\"wp-block-list\">\n<li>El modernismo y la arquitectura g\u00f3tica se hicieron famosos para Gaud\u00ed, como La Sagrada Familia.<\/li>\n\n\n\n<li>Incre\u00edble energ\u00eda y ambiente cosmopolita entre las antiguas y sinuosas calles de La Rambla.<\/li>\n\n\n\n<li>La vida en el Mediterr\u00e1neo en la bulliciosa playa de La Barceloneta.<\/li>\n<\/ul>\n\n<h3 class=\"wp-block-heading\" id=\"h-when-you-visit-barcelona-you-should-not-miss-to-visit\">Cuando visites Barcelona, no debes dejar de visitar:<\/h3>\n\n<h4 class=\"wp-block-heading\" id=\"h-la-rambla\">Las Ramblas.<\/h4>\n\n<p>El bulevar m\u00e1s famoso de Barcelona.<\/p>\n\n<h4 class=\"wp-block-heading\" id=\"h-barrio-gotic\">Barrio G\u00f3tico.<\/h4>\n\n<p>Sede de la Catedral G\u00f3tica.<\/p>\n\n<h4 class=\"wp-block-heading\" id=\"h-el-raval\">El Raval.<\/h4>\n\n<p>Zona funky al oeste de La Rambla, que contiene bares y tiendas.<\/p>\n\n<h4 class=\"wp-block-heading\" id=\"h-la-ribera\">La Ribera.<\/h4>\n\n<p>Hogar tradicional de los comerciantes de Barcelona, ahora un distrito de restaurantes, boutiques y bares de moda.<\/p>\n\n<h4 class=\"wp-block-heading\" id=\"h-in-front-of-the-sea\">Frente al mar.<\/h4>\n\n<p>Situado entre el Port Vell y el puerto Ol\u00edmpico, los dos puertos de Barcelona, La Barceloneta tiene tiendas, restaurantes de mariscos y una rica vida nocturna.<\/p>\n\n<h4 class=\"wp-block-heading\" id=\"h-l-eixample\">L\u2019Eixample.<\/h4>\n\n<p>Barrio hist\u00f3rico de planta Cuadriculada, centro del movimiento art\u00edstico del modernismo que transform\u00f3 Barcelona a principios del siglo XX.<\/p>\n\n<h4 class=\"wp-block-heading\" id=\"h-montjuic\">Montjuic.<\/h4>\n\n<p>Al suroeste de la ciudad, con magn\u00edficas vistas a la ciudad y al mar, Montjuic es un encantador oasis verde de parques y jardines con museos y atracciones.<\/p>\n\n<p><\/p>\n\n<h3 class=\"wp-block-heading\" id=\"h-would-you-like-to-know-valencia\">\u00bfQuieres conocer Valencia?<\/h3>\n\n<p>Podemos ofrecerte los hostales m\u00e1s agradables y asequibles de Valencia, donde podr\u00e1s alojarte en habitaciones c\u00f3modas y limpias. No te lo pierdas Come Ven a Valencia!<\/p>\n\n<h2 class=\"wp-block-heading\" id=\"h-home-youth-hostel-valencia\"><a href=\"https:\/\/feetuphostels.com\/es\/home-youth-hostel-valencia\/\" target=\"_blank\" rel=\"noreferrer noopener\">H\u00f4me Youth Hostel Valencia<\/a><\/h2>\n\n<p>Situado detr\u00e1s del famoso mercado de la seda de Valencia con habitaciones sin literas y WIFI gratuito.<\/p>\n\n<h2 class=\"wp-block-heading\" id=\"h-purple-nest-hostel-valencia\"><a href=\"https:\/\/feetuphostels.com\/es\/purple-nest-hostel-valencia\/\" target=\"_blank\" rel=\"noreferrer noopener\">Purple Nest Hostel Valencia<\/a><\/h2>\n\n<p>Situado en la Plaza de Tetu\u00e1n a escasos metros del famoso jard\u00edn del Juicio de Valencia.<\/p>\n\n<h2 class=\"wp-block-heading\" id=\"h-red-nest-hostel-in-valencia\"><a href=\"https:\/\/feetuphostels.com\/es\/red-nest-hostel-valencia\/\" target=\"_blank\" rel=\"noreferrer noopener\">Red Nest Hostel in Valencia<\/a><\/h2>\n\n<p>En pleno centro de Valencia, en la m\u00edtica Calle la Paz con recepci\u00f3n 24 hrs, para alojarse en Valencia.<\/p>\n\n<h2 class=\"wp-block-heading\" id=\"h-home-backpackers-hostel-valencia\"><a href=\"https:\/\/feetuphostels.com\/es\/home-backpackers-hostel-valencia\/\" target=\"_blank\" rel=\"noreferrer noopener\">H\u00f4me Backpackers Hostel Valencia<\/a><\/h2>\n\n<p>Es un edificio de 3 plantas situado en el famoso Barrio El Carmen en el centro de Valencia.<\/p>\n","protected":false},"excerpt":{"rendered":"<p>Hostals Barcelona. Albergues juveniles econ\u00f3micos y de calidad en la ciudad de Barcelona, el Garden House Hostel Barcelona y el Yellow Nest Hostel Barcelona. Alojamientos seguros, grandes, agradables, c\u00f3modos y baratos en Barcelona. Tenemos camas desde \u20ac12 por noche. Compara y reserva en 2 de los mejores hostels de Barcelona. Habitaciones privadas baratas y alojamiento compartido a poca distancia del centro de la ciudad en transporte p\u00fablico. Reserva cerca del Camp Nou de Barcelona y de la zona Valldaura de Barcelona<\/p>\n","protected":false},"author":13,"featured_media":202286,"parent":0,"menu_order":0,"comment_status":"closed","ping_status":"open","template":"","meta":{"footnotes":""},"class_list":["post-552","page","type-page","status-publish","has-post-thumbnail","hentry"],"yoast_head":"<!-- This site is optimized with the Yoast SEO plugin v27.5 - https:\/\/yoast.com\/product\/yoast-seo-wordpress\/ -->\n<title>Hostels Barcelona. Alojamientos econ\u00f3micos y de calidad en Barcelona<\/title>\n<meta name=\"description\" content=\"Hostels Barcelona. Albergues juveniles baratos y de calidad en Barcelona. Garden House Hostel Barcelona\u00ae y Yellow Nest Hostel Barcelona\u00ae Camas de \u20ac12 a la noche\" \/>\n<meta name=\"robots\" content=\"index, follow, max-snippet:-1, max-image-preview:large, max-video-preview:-1\" \/>\n<link rel=\"canonical\" href=\"https:\/\/feetuphostels.com\/es\/hostels-barcelona\/\" \/>\n<meta property=\"og:locale\" content=\"es_ES\" \/>\n<meta property=\"og:type\" content=\"article\" \/>\n<meta property=\"og:title\" content=\"Hostels Barcelona. Alojamientos econ\u00f3micos y de calidad en Barcelona\" \/>\n<meta property=\"og:description\" content=\"Hostels Barcelona. Albergues juveniles baratos y de calidad en Barcelona. Garden House Hostel Barcelona\u00ae y Yellow Nest Hostel Barcelona\u00ae Camas de \u20ac12 a la noche\" \/>\n<meta property=\"og:url\" content=\"https:\/\/feetuphostels.com\/es\/hostels-barcelona\/\" \/>\n<meta property=\"og:site_name\" content=\"Feet Up Hostels\" \/>\n<meta property=\"article:publisher\" content=\"https:\/\/facebook.com\/feetuphostelsgroup\" \/>\n<meta property=\"article:modified_time\" content=\"2024-10-17T09:32:27+00:00\" \/>\n<meta property=\"og:image\" content=\"https:\/\/feetuphostels.com\/wp-content\/uploads\/2022\/10\/slide-feetuphostels-yellownest2022.jpg\" \/>\n\t<meta property=\"og:image:width\" content=\"1920\" \/>\n\t<meta property=\"og:image:height\" content=\"1080\" \/>\n\t<meta property=\"og:image:type\" content=\"image\/jpeg\" \/>\n<meta name=\"twitter:card\" content=\"summary_large_image\" \/>\n<meta name=\"twitter:site\" content=\"@feetuphostels\" \/>\n<meta name=\"twitter:label1\" content=\"Tiempo de lectura\" \/>\n\t<meta name=\"twitter:data1\" content=\"4 minutos\" \/>\n<script type=\"application\/ld+json\" class=\"yoast-schema-graph\">{\"@context\":\"https:\\\/\\\/schema.org\",\"@graph\":[{\"@type\":\"WebPage\",\"@id\":\"https:\\\/\\\/feetuphostels.com\\\/es\\\/hostels-barcelona\\\/\",\"url\":\"https:\\\/\\\/feetuphostels.com\\\/es\\\/hostels-barcelona\\\/\",\"name\":\"Hostels Barcelona. Alojamientos econ\u00f3micos y de calidad en Barcelona\",\"isPartOf\":{\"@id\":\"https:\\\/\\\/feetuphostels.com\\\/es\\\/#website\"},\"primaryImageOfPage\":{\"@id\":\"https:\\\/\\\/feetuphostels.com\\\/es\\\/hostels-barcelona\\\/#primaryimage\"},\"image\":{\"@id\":\"https:\\\/\\\/feetuphostels.com\\\/es\\\/hostels-barcelona\\\/#primaryimage\"},\"thumbnailUrl\":\"https:\\\/\\\/feetuphostels.com\\\/wp-content\\\/uploads\\\/2022\\\/10\\\/slide-feetuphostels-yellownest2022.jpg\",\"datePublished\":\"2017-01-16T11:35:27+00:00\",\"dateModified\":\"2024-10-17T09:32:27+00:00\",\"description\":\"Hostels Barcelona. Albergues juveniles baratos y de calidad en Barcelona. Garden House Hostel Barcelona\u00ae y Yellow Nest Hostel Barcelona\u00ae Camas de \u20ac12 a la noche\",\"breadcrumb\":{\"@id\":\"https:\\\/\\\/feetuphostels.com\\\/es\\\/hostels-barcelona\\\/#breadcrumb\"},\"inLanguage\":\"es\",\"potentialAction\":[{\"@type\":\"ReadAction\",\"target\":[\"https:\\\/\\\/feetuphostels.com\\\/es\\\/hostels-barcelona\\\/\"]}]},{\"@type\":\"ImageObject\",\"inLanguage\":\"es\",\"@id\":\"https:\\\/\\\/feetuphostels.com\\\/es\\\/hostels-barcelona\\\/#primaryimage\",\"url\":\"https:\\\/\\\/feetuphostels.com\\\/wp-content\\\/uploads\\\/2022\\\/10\\\/slide-feetuphostels-yellownest2022.jpg\",\"contentUrl\":\"https:\\\/\\\/feetuphostels.com\\\/wp-content\\\/uploads\\\/2022\\\/10\\\/slide-feetuphostels-yellownest2022.jpg\",\"width\":1920,\"height\":1080,\"caption\":\"Hu\u00e9spedes del Albergue Yellow Nest Barcelona\"},{\"@type\":\"BreadcrumbList\",\"@id\":\"https:\\\/\\\/feetuphostels.com\\\/es\\\/hostels-barcelona\\\/#breadcrumb\",\"itemListElement\":[{\"@type\":\"ListItem\",\"position\":1,\"name\":\"Home\",\"item\":\"https:\\\/\\\/feetuphostels.com\\\/es\\\/\"},{\"@type\":\"ListItem\",\"position\":2,\"name\":\"Hostels Barcelona\"}]},{\"@type\":\"WebSite\",\"@id\":\"https:\\\/\\\/feetuphostels.com\\\/es\\\/#website\",\"url\":\"https:\\\/\\\/feetuphostels.com\\\/es\\\/\",\"name\":\"Feet Up Hostels\",\"description\":\"Hostels y alojamiento en Valencia, Espa\u00f1a. Somos Friendliness Specialists\",\"publisher\":{\"@id\":\"https:\\\/\\\/feetuphostels.com\\\/es\\\/#organization\"},\"alternateName\":\"Feet Up Hostels\",\"potentialAction\":[{\"@type\":\"SearchAction\",\"target\":{\"@type\":\"EntryPoint\",\"urlTemplate\":\"https:\\\/\\\/feetuphostels.com\\\/es\\\/?s={search_term_string}\"},\"query-input\":{\"@type\":\"PropertyValueSpecification\",\"valueRequired\":true,\"valueName\":\"search_term_string\"}}],\"inLanguage\":\"es\"},{\"@type\":\"Organization\",\"@id\":\"https:\\\/\\\/feetuphostels.com\\\/es\\\/#organization\",\"name\":\"Feet Up Hostels\",\"alternateName\":\"Feet Up Hostels\",\"url\":\"https:\\\/\\\/feetuphostels.com\\\/es\\\/\",\"logo\":{\"@type\":\"ImageObject\",\"inLanguage\":\"es\",\"@id\":\"https:\\\/\\\/feetuphostels.com\\\/es\\\/#\\\/schema\\\/logo\\\/image\\\/\",\"url\":\"https:\\\/\\\/feetuphostels.com\\\/wp-content\\\/uploads\\\/2019\\\/01\\\/logo-web-amp-feetuphostels.svg\",\"contentUrl\":\"https:\\\/\\\/feetuphostels.com\\\/wp-content\\\/uploads\\\/2019\\\/01\\\/logo-web-amp-feetuphostels.svg\",\"width\":1,\"height\":1,\"caption\":\"Feet Up Hostels\"},\"image\":{\"@id\":\"https:\\\/\\\/feetuphostels.com\\\/es\\\/#\\\/schema\\\/logo\\\/image\\\/\"},\"sameAs\":[\"https:\\\/\\\/facebook.com\\\/feetuphostelsgroup\",\"https:\\\/\\\/x.com\\\/feetuphostels\",\"https:\\\/\\\/www.instagram.com\\\/feetuphostels\\\/\",\"https:\\\/\\\/www.tiktok.com\\\/@feetuphostels\",\"https:\\\/\\\/www.linkedin.com\\\/company\\\/feetuphostelsgroup\\\/\",\"https:\\\/\\\/www.pinterest.es\\\/FeetupHostels\\\/\",\"https:\\\/\\\/www.youtube.com\\\/feetuphostels\"]}]}<\/script>\n<!-- \/ Yoast SEO plugin. -->","yoast_head_json":{"title":"Hostels Barcelona. Alojamientos econ\u00f3micos y de calidad en Barcelona","description":"Hostels Barcelona. Albergues juveniles baratos y de calidad en Barcelona. Garden House Hostel Barcelona\u00ae y Yellow Nest Hostel Barcelona\u00ae Camas de \u20ac12 a la noche","robots":{"index":"index","follow":"follow","max-snippet":"max-snippet:-1","max-image-preview":"max-image-preview:large","max-video-preview":"max-video-preview:-1"},"canonical":"https:\/\/feetuphostels.com\/es\/hostels-barcelona\/","og_locale":"es_ES","og_type":"article","og_title":"Hostels Barcelona. Alojamientos econ\u00f3micos y de calidad en Barcelona","og_description":"Hostels Barcelona. Albergues juveniles baratos y de calidad en Barcelona. Garden House Hostel Barcelona\u00ae y Yellow Nest Hostel Barcelona\u00ae Camas de \u20ac12 a la noche","og_url":"https:\/\/feetuphostels.com\/es\/hostels-barcelona\/","og_site_name":"Feet Up Hostels","article_publisher":"https:\/\/facebook.com\/feetuphostelsgroup","article_modified_time":"2024-10-17T09:32:27+00:00","og_image":[{"width":1920,"height":1080,"url":"https:\/\/feetuphostels.com\/wp-content\/uploads\/2022\/10\/slide-feetuphostels-yellownest2022.jpg","type":"image\/jpeg"}],"twitter_card":"summary_large_image","twitter_site":"@feetuphostels","twitter_misc":{"Tiempo de lectura":"4 minutos"},"schema":{"@context":"https:\/\/schema.org","@graph":[{"@type":"WebPage","@id":"https:\/\/feetuphostels.com\/es\/hostels-barcelona\/","url":"https:\/\/feetuphostels.com\/es\/hostels-barcelona\/","name":"Hostels Barcelona. Alojamientos econ\u00f3micos y de calidad en Barcelona","isPartOf":{"@id":"https:\/\/feetuphostels.com\/es\/#website"},"primaryImageOfPage":{"@id":"https:\/\/feetuphostels.com\/es\/hostels-barcelona\/#primaryimage"},"image":{"@id":"https:\/\/feetuphostels.com\/es\/hostels-barcelona\/#primaryimage"},"thumbnailUrl":"https:\/\/feetuphostels.com\/wp-content\/uploads\/2022\/10\/slide-feetuphostels-yellownest2022.jpg","datePublished":"2017-01-16T11:35:27+00:00","dateModified":"2024-10-17T09:32:27+00:00","description":"Hostels Barcelona. Albergues juveniles baratos y de calidad en Barcelona. Garden House Hostel Barcelona\u00ae y Yellow Nest Hostel Barcelona\u00ae Camas de \u20ac12 a la noche","breadcrumb":{"@id":"https:\/\/feetuphostels.com\/es\/hostels-barcelona\/#breadcrumb"},"inLanguage":"es","potentialAction":[{"@type":"ReadAction","target":["https:\/\/feetuphostels.com\/es\/hostels-barcelona\/"]}]},{"@type":"ImageObject","inLanguage":"es","@id":"https:\/\/feetuphostels.com\/es\/hostels-barcelona\/#primaryimage","url":"https:\/\/feetuphostels.com\/wp-content\/uploads\/2022\/10\/slide-feetuphostels-yellownest2022.jpg","contentUrl":"https:\/\/feetuphostels.com\/wp-content\/uploads\/2022\/10\/slide-feetuphostels-yellownest2022.jpg","width":1920,"height":1080,"caption":"Hu\u00e9spedes del Albergue Yellow Nest Barcelona"},{"@type":"BreadcrumbList","@id":"https:\/\/feetuphostels.com\/es\/hostels-barcelona\/#breadcrumb","itemListElement":[{"@type":"ListItem","position":1,"name":"Home","item":"https:\/\/feetuphostels.com\/es\/"},{"@type":"ListItem","position":2,"name":"Hostels Barcelona"}]},{"@type":"WebSite","@id":"https:\/\/feetuphostels.com\/es\/#website","url":"https:\/\/feetuphostels.com\/es\/","name":"Feet Up Hostels","description":"Hostels y alojamiento en Valencia, Espa\u00f1a. Somos Friendliness Specialists","publisher":{"@id":"https:\/\/feetuphostels.com\/es\/#organization"},"alternateName":"Feet Up Hostels","potentialAction":[{"@type":"SearchAction","target":{"@type":"EntryPoint","urlTemplate":"https:\/\/feetuphostels.com\/es\/?s={search_term_string}"},"query-input":{"@type":"PropertyValueSpecification","valueRequired":true,"valueName":"search_term_string"}}],"inLanguage":"es"},{"@type":"Organization","@id":"https:\/\/feetuphostels.com\/es\/#organization","name":"Feet Up Hostels","alternateName":"Feet Up Hostels","url":"https:\/\/feetuphostels.com\/es\/","logo":{"@type":"ImageObject","inLanguage":"es","@id":"https:\/\/feetuphostels.com\/es\/#\/schema\/logo\/image\/","url":"https:\/\/feetuphostels.com\/wp-content\/uploads\/2019\/01\/logo-web-amp-feetuphostels.svg","contentUrl":"https:\/\/feetuphostels.com\/wp-content\/uploads\/2019\/01\/logo-web-amp-feetuphostels.svg","width":1,"height":1,"caption":"Feet Up Hostels"},"image":{"@id":"https:\/\/feetuphostels.com\/es\/#\/schema\/logo\/image\/"},"sameAs":["https:\/\/facebook.com\/feetuphostelsgroup","https:\/\/x.com\/feetuphostels","https:\/\/www.instagram.com\/feetuphostels\/","https:\/\/www.tiktok.com\/@feetuphostels","https:\/\/www.linkedin.com\/company\/feetuphostelsgroup\/","https:\/\/www.pinterest.es\/FeetupHostels\/","https:\/\/www.youtube.com\/feetuphostels"]}]}},"_links":{"self":[{"href":"https:\/\/feetuphostels.com\/es\/wp-json\/wp\/v2\/pages\/552","targetHints":{"allow":["GET"]}}],"collection":[{"href":"https:\/\/feetuphostels.com\/es\/wp-json\/wp\/v2\/pages"}],"about":[{"href":"https:\/\/feetuphostels.com\/es\/wp-json\/wp\/v2\/types\/page"}],"author":[{"embeddable":true,"href":"https:\/\/feetuphostels.com\/es\/wp-json\/wp\/v2\/users\/13"}],"replies":[{"embeddable":true,"href":"https:\/\/feetuphostels.com\/es\/wp-json\/wp\/v2\/comments?post=552"}],"version-history":[{"count":0,"href":"https:\/\/feetuphostels.com\/es\/wp-json\/wp\/v2\/pages\/552\/revisions"}],"wp:featuredmedia":[{"embeddable":true,"href":"https:\/\/feetuphostels.com\/es\/wp-json\/wp\/v2\/media\/202286"}],"wp:attachment":[{"href":"https:\/\/feetuphostels.com\/es\/wp-json\/wp\/v2\/media?parent=552"}],"curies":[{"name":"wp","href":"https:\/\/api.w.org\/{rel}","templated":true}]}}