{"id":4794,"date":"2017-08-29T13:06:52","date_gmt":"2017-08-29T11:06:52","guid":{"rendered":"https:\/\/feetuphostels.com\/?page_id=4794\/"},"modified":"2024-11-04T11:38:05","modified_gmt":"2024-11-04T10:38:05","slug":"politica-cookies","status":"publish","type":"page","link":"https:\/\/feetuphostels.com\/es\/politica-cookies\/","title":{"rendered":"Pol\u00edticas de cookies"},"content":{"rendered":"\n<h1 class=\"has-text-align-center wp-block-heading\">Pol\u00edtica de cookies<\/h1>\n\n<p>No utilizamos cookies para recoger informaci\u00f3n de los usuarios. \u00danicamente se utilizan cookies propias,  de sesi\u00f3n, con finalidad t\u00e9cnica (aquellas que permiten al usuario la navegaci\u00f3n a trav\u00e9s del sitio web y la utilizaci\u00f3n de las diferentes opciones y servicios que en ella existen).<\/p>\n\n<p>El portal del que somos titulares contiene enlaces a sitios web de terceros, cuyas pol\u00edticas de privacidad son ajenas a nosotros.<\/p>\n\n<p>Al acceder a tales sitios web usted puede decidir si acepta sus pol\u00edticas de privacidad y de cookies. Con car\u00e1cter general, si navega por internet usted puede aceptar o rechazar las cookies de terceros desde las opciones de configuraci\u00f3n de su navegador.<\/p>\n\n<h2 class=\"wp-block-heading\">A) Definici\u00f3n y funci\u00f3n gen\u00e9rica de las cookies.<\/h2>\n\n<p><strong>BOOKING HOSTELS S.L.<\/strong>, el titular de este sitio web informa que se utilizan cookies y\/o tecnolog\u00edas similares que almacenan y recuperan informaci\u00f3n cuando navegas. En general, estas tecnolog\u00edas pueden servir para finalidades muy diversas, como, por ejemplo, reconocerte como usuario, obtener informaci\u00f3n sobre tus h\u00e1bitos de navegaci\u00f3n, o personalizar la forma en que se muestra el contenido. Los usos concretos que hacemos de estas tecnolog\u00edas se describen a continuaci\u00f3n.<\/p>\n\n<h2 class=\"wp-block-heading\">B) Informaci\u00f3n sobre el tipo de cookies que se utilizan y su finalidad.<\/h2>\n\n<ul class=\"wp-block-list\">\n<li><strong>T\u00e9cnicas:<\/strong>\u00a0Son aquellas necesarias para la navegaci\u00f3n y el buen funcionamiento de nuestro website. Permiten, por ejemplo, controlar el tr\u00e1fico y la comunicaci\u00f3n de datos, acceder a partes de acceso restringido, realizar el proceso de compra de un pedido, utilizar elementos de seguridad, almacenar contenidos para poder difundir v\u00eddeos o compartir contenidos a trav\u00e9s de redes sociales.<\/li>\n\n\n\n<li><strong>De personalizaci\u00f3n:<\/strong> Son aqu\u00e9llas que permiten al Usuario acceder al servicio con unas caracter\u00edsticas predefinidas en funci\u00f3n de una serie de criterios, como por ejemplo el idioma, el tipo de navegador a trav\u00e9s del cual se accede al servicio, la configuraci\u00f3n regional desde donde se accede al servicio, etc.<\/li>\n\n\n\n<li><strong>De an\u00e1lisis:<\/strong> son aquellas que, tratadas por nosotros o por terceros, nos permiten cuantificar el n\u00famero de usuarios y as\u00ed realizar la medici\u00f3n y an\u00e1lisis estad\u00edstico de la utilizaci\u00f3n que hacen los usuarios del servicio ofertado. Para ello se analiza su navegaci\u00f3n en nuestra p\u00e1gina web con el fin de mejorar la oferta de productos o servicios que le ofrecemos.<\/li>\n\n\n\n<li><strong>Publicitarias:<\/strong>\u00a0Son aqu\u00e9llas que permiten la gesti\u00f3n, de la forma m\u00e1s eficaz posible, de los espacios publicitarios que se pudieran incluir en nuestro website.<\/li>\n\n\n\n<li><strong>Publicitarias comportamentales:<\/strong>\u00a0son aquellas que, tratadas por nosotros o por terceros, nos permiten analizar sus h\u00e1bitos de navegaci\u00f3n en Internet para que podamos mostrarle publicidad relacionada con su perfil de navegaci\u00f3n.<\/li>\n<\/ul>\n\n<script type=\"text\/javascript\" charset=\"UTF-8\" data-cookiescriptreport=\"report\" src=\"\/\/report.cookie-script.com\/r\/8f64dbd65beef1842d18e6c7f3637b72.js\"><\/script>\r\n\n<h2 class=\"wp-block-heading\">C) Identificaci\u00f3n de qui\u00e9n utiliza las cookies<\/h2>\n\n<p>La informaci\u00f3n obtenida por las cookies puede ser tratada solo por el editor y\/o tambi\u00e9n por terceros con los que nuestro editor haya contratado la prestaci\u00f3n de un servicio para el cual se requiera el uso de cookies:<\/p>\n\n<ul class=\"wp-block-list\">\n<li><strong>Cookies propias<\/strong>: Son aquellas que se env\u00edan a su equipo desde nuestros propios equipos o dominios y desde el que prestamos el servicio que nos solicita.<\/li>\n\n\n\n<li><strong>Cookies de terceros<\/strong>: Son aquellas que pertenecen y gestiona una tercera entidad colaboradora, tanto si son enviadas por nuestros propios equipos o por los de la propia entidad colaboradora. Como, por ejemplo, las usadas por redes sociales, o por contenido externo como Google Maps, las que permiten cuantificar el n\u00famero de usuarios y as\u00ed realizar la medici\u00f3n y an\u00e1lisis estad\u00edstico de la utilizaci\u00f3n que hacen los usuarios del servicio ofertado. Para ello se analiza su navegaci\u00f3n en nuestra p\u00e1gina web con el fin de mejorar la oferta de productos o servicios que le ofrecemos.\u00a0<strong>+ Conoce a los terceros\u00a0<\/strong><a href=\"http:\/\/www.reinventalia.com\/\">www.reinventalia.com<\/a>.<\/li>\n<\/ul>\n\n<h2 class=\"wp-block-heading\">D) Periodo de conservaci\u00f3n.<\/h2>\n\n<ul class=\"wp-block-list\">\n<li>Cookies de sesi\u00f3n: Son cookies temporales que permanecen en el archivo de cookies de su navegador hasta que el Usuario abandona la p\u00e1gina web, por lo que ninguna queda registrada en el disco duro de su ordenador. La informaci\u00f3n obtenida por medio de estas cookies, sirven para analizar pautas de tr\u00e1fico en el website. A la larga, esto nos permite proporcionar una mejor experiencia para mejorar el contenido y facilitar su uso.<\/li>\n\n\n\n<li>Cookies persistentes: son almacenadas en el disco duro y nuestra web las lee cada vez que el Usuario realiza una nueva visita. Una cookie permanente posee una fecha de expiraci\u00f3n determinada. La cookie dejar\u00e1 de funcionar despu\u00e9s de esa fecha. Estas cookies las utilizamos, generalmente, para facilitar los servicios de compra y registro.<\/li>\n<\/ul>\n\n<p>Los datos obtenidos de ambos tipos de cookies se conservar\u00e1n tal y como se indica en la pol\u00edtica de privacidad de nuestro sitio web: <a href=\"https:\/\/feetuphostels.com\/es\/\">https:\/\/feetuphostels.com\/<\/a><\/p>\n\n<h2 class=\"wp-block-heading\">E) Activaci\u00f3n, restricci\u00f3n y\/o inhabilitaci\u00f3n de cookies<\/h2>\n\n<p>Puede usted permitir o bloquear las cookies, as\u00ed como borrar sus datos de navegaci\u00f3n (incluidas las cookies) desde el navegador que usted utiliza. Consulte las opciones e instrucciones que ofrece su navegador para ello. Tenga en cuenta que, si acepta las cookies de terceros, deber\u00e1 eliminarlas desde las opciones del navegador.<\/p>\n\n<h2 class=\"wp-block-heading\">F) No realizamos transferencias de datos a terceros pa\u00edses realizadas por el editor.<\/h2>\n\n<p>Puedes informarte de las transferencias a terceros pa\u00edses que, en su caso, realizan los terceros identificados en esta pol\u00edtica de cookies en sus correspondientes pol\u00edticas (ver los enlaces facilitados en el apartado \u201cCookies de terceros\u201d).<\/p>\n\n<h2 class=\"wp-block-heading\">G) La elaboraci\u00f3n de perfiles.<\/h2>\n\n<p>No creamos perfiles.<\/p>\n\n<h2 class=\"wp-block-heading\">H) Otra informaci\u00f3n<\/h2>\n\n<p>En relaci\u00f3n con el resto de informaci\u00f3n exigida por el art\u00edculo 13 RGPD puedes verla aqu\u00ed\u00a0<a href=\"http:\/\/www.reinventalia.com\/\" target=\"_blank\" rel=\"noopener\">www.reinventalia.com<\/a>.<\/p>\n","protected":false},"excerpt":{"rendered":"<p>Pol\u00edtica de cookies en Feetup Hostels grupos www.feetuphostels.com. Utilizamos cookies para mejorar tu experiencia de navegaci\u00f3n. BOOKING HOSTELS S.L. titular de este sitio web informa que se utilizan cookies y\/o tecnolog\u00edas similares que almacenan y recuperan informaci\u00f3n cuando navegas. En general, estas tecnolog\u00edas pueden servir para finalidades muy diversas, como, por ejemplo, reconocerte como usuario, obtener informaci\u00f3n sobre tus h\u00e1bitos de navegaci\u00f3n, o personalizar la forma en que se muestra el contenido. Los usos concretos que hacemos de estas tecnolog\u00edas se describen a continuaci\u00f3n.<\/p>\n","protected":false},"author":13,"featured_media":205892,"parent":0,"menu_order":0,"comment_status":"closed","ping_status":"closed","template":"","meta":{"footnotes":""},"class_list":["post-4794","page","type-page","status-publish","has-post-thumbnail","hentry"],"yoast_head":"<!-- This site is optimized with the Yoast SEO plugin v27.3 - https:\/\/yoast.com\/product\/yoast-seo-wordpress\/ -->\n<title>Pol\u00edtica de cookies de Feet Up Hostels Spain https:\/\/feetuphostels.com<\/title>\n<meta name=\"description\" content=\"Pol\u00edtica de cookies de Feet Up Hostels. Nuestro sitio web utiliza cookies para mejorar la experiencia de los usuarios, facilitando la navegaci\u00f3n en nuestro sitio web\" \/>\n<meta name=\"robots\" content=\"index, follow, max-snippet:-1, max-image-preview:large, max-video-preview:-1\" \/>\n<link rel=\"canonical\" href=\"https:\/\/feetuphostels.com\/es\/politica-cookies\/\" \/>\n<meta property=\"og:locale\" content=\"es_ES\" \/>\n<meta property=\"og:type\" content=\"article\" \/>\n<meta property=\"og:title\" content=\"Pol\u00edtica de cookies de Feet Up Hostels Spain https:\/\/feetuphostels.com\" \/>\n<meta property=\"og:description\" content=\"Pol\u00edtica de cookies de Feet Up Hostels. Nuestro sitio web utiliza cookies para mejorar la experiencia de los usuarios, facilitando la navegaci\u00f3n en nuestro sitio web\" \/>\n<meta property=\"og:url\" content=\"https:\/\/feetuphostels.com\/es\/politica-cookies\/\" \/>\n<meta property=\"og:site_name\" content=\"Feet Up Hostels\" \/>\n<meta property=\"article:publisher\" content=\"https:\/\/facebook.com\/feetuphostelsgroup\" \/>\n<meta property=\"article:modified_time\" content=\"2024-11-04T10:38:05+00:00\" \/>\n<meta property=\"og:image\" content=\"https:\/\/feetuphostels.com\/wp-content\/uploads\/2022\/12\/privacy-policy.jpg\" \/>\n\t<meta property=\"og:image:width\" content=\"810\" \/>\n\t<meta property=\"og:image:height\" content=\"350\" \/>\n\t<meta property=\"og:image:type\" content=\"image\/jpeg\" \/>\n<meta name=\"twitter:card\" content=\"summary_large_image\" \/>\n<meta name=\"twitter:site\" content=\"@feetuphostels\" \/>\n<meta name=\"twitter:label1\" content=\"Tiempo de lectura\" \/>\n\t<meta name=\"twitter:data1\" content=\"5 minutos\" \/>\n<script type=\"application\/ld+json\" class=\"yoast-schema-graph\">{\"@context\":\"https:\\\/\\\/schema.org\",\"@graph\":[{\"@type\":\"WebPage\",\"@id\":\"https:\\\/\\\/feetuphostels.com\\\/es\\\/politica-cookies\\\/\",\"url\":\"https:\\\/\\\/feetuphostels.com\\\/es\\\/politica-cookies\\\/\",\"name\":\"Pol\u00edtica de cookies de Feet Up Hostels Spain https:\\\/\\\/feetuphostels.com\",\"isPartOf\":{\"@id\":\"https:\\\/\\\/feetuphostels.com\\\/es\\\/#website\"},\"primaryImageOfPage\":{\"@id\":\"https:\\\/\\\/feetuphostels.com\\\/es\\\/politica-cookies\\\/#primaryimage\"},\"image\":{\"@id\":\"https:\\\/\\\/feetuphostels.com\\\/es\\\/politica-cookies\\\/#primaryimage\"},\"thumbnailUrl\":\"https:\\\/\\\/feetuphostels.com\\\/wp-content\\\/uploads\\\/2022\\\/12\\\/privacy-policy.jpg\",\"datePublished\":\"2017-08-29T11:06:52+00:00\",\"dateModified\":\"2024-11-04T10:38:05+00:00\",\"description\":\"Pol\u00edtica de cookies de Feet Up Hostels. Nuestro sitio web utiliza cookies para mejorar la experiencia de los usuarios, facilitando la navegaci\u00f3n en nuestro sitio web\",\"breadcrumb\":{\"@id\":\"https:\\\/\\\/feetuphostels.com\\\/es\\\/politica-cookies\\\/#breadcrumb\"},\"inLanguage\":\"es\",\"potentialAction\":[{\"@type\":\"ReadAction\",\"target\":[\"https:\\\/\\\/feetuphostels.com\\\/es\\\/politica-cookies\\\/\"]}]},{\"@type\":\"ImageObject\",\"inLanguage\":\"es\",\"@id\":\"https:\\\/\\\/feetuphostels.com\\\/es\\\/politica-cookies\\\/#primaryimage\",\"url\":\"https:\\\/\\\/feetuphostels.com\\\/wp-content\\\/uploads\\\/2022\\\/12\\\/privacy-policy.jpg\",\"contentUrl\":\"https:\\\/\\\/feetuphostels.com\\\/wp-content\\\/uploads\\\/2022\\\/12\\\/privacy-policy.jpg\",\"width\":810,\"height\":350,\"caption\":\"Pol\u00edtica de privacidad en Feet Up Hostels\"},{\"@type\":\"BreadcrumbList\",\"@id\":\"https:\\\/\\\/feetuphostels.com\\\/es\\\/politica-cookies\\\/#breadcrumb\",\"itemListElement\":[{\"@type\":\"ListItem\",\"position\":1,\"name\":\"Home\",\"item\":\"https:\\\/\\\/feetuphostels.com\\\/es\\\/\"},{\"@type\":\"ListItem\",\"position\":2,\"name\":\"Pol\u00edticas de cookies\"}]},{\"@type\":\"WebSite\",\"@id\":\"https:\\\/\\\/feetuphostels.com\\\/es\\\/#website\",\"url\":\"https:\\\/\\\/feetuphostels.com\\\/es\\\/\",\"name\":\"Feet Up Hostels\",\"description\":\"Hostels y alojamiento en Valencia, Espa\u00f1a. Somos Friendliness Specialists\",\"publisher\":{\"@id\":\"https:\\\/\\\/feetuphostels.com\\\/es\\\/#organization\"},\"alternateName\":\"Feet Up Hostels\",\"potentialAction\":[{\"@type\":\"SearchAction\",\"target\":{\"@type\":\"EntryPoint\",\"urlTemplate\":\"https:\\\/\\\/feetuphostels.com\\\/es\\\/?s={search_term_string}\"},\"query-input\":{\"@type\":\"PropertyValueSpecification\",\"valueRequired\":true,\"valueName\":\"search_term_string\"}}],\"inLanguage\":\"es\"},{\"@type\":\"Organization\",\"@id\":\"https:\\\/\\\/feetuphostels.com\\\/es\\\/#organization\",\"name\":\"Feet Up Hostels\",\"alternateName\":\"Feet Up Hostels\",\"url\":\"https:\\\/\\\/feetuphostels.com\\\/es\\\/\",\"logo\":{\"@type\":\"ImageObject\",\"inLanguage\":\"es\",\"@id\":\"https:\\\/\\\/feetuphostels.com\\\/es\\\/#\\\/schema\\\/logo\\\/image\\\/\",\"url\":\"https:\\\/\\\/feetuphostels.com\\\/wp-content\\\/uploads\\\/2019\\\/01\\\/logo-web-amp-feetuphostels.svg\",\"contentUrl\":\"https:\\\/\\\/feetuphostels.com\\\/wp-content\\\/uploads\\\/2019\\\/01\\\/logo-web-amp-feetuphostels.svg\",\"width\":1,\"height\":1,\"caption\":\"Feet Up Hostels\"},\"image\":{\"@id\":\"https:\\\/\\\/feetuphostels.com\\\/es\\\/#\\\/schema\\\/logo\\\/image\\\/\"},\"sameAs\":[\"https:\\\/\\\/facebook.com\\\/feetuphostelsgroup\",\"https:\\\/\\\/x.com\\\/feetuphostels\",\"https:\\\/\\\/www.instagram.com\\\/feetuphostels\\\/\",\"https:\\\/\\\/www.tiktok.com\\\/@feetuphostels\",\"https:\\\/\\\/www.linkedin.com\\\/company\\\/feetuphostelsgroup\\\/\",\"https:\\\/\\\/www.pinterest.es\\\/FeetupHostels\\\/\",\"https:\\\/\\\/www.youtube.com\\\/feetuphostels\"]}]}<\/script>\n<!-- \/ Yoast SEO plugin. -->","yoast_head_json":{"title":"Pol\u00edtica de cookies de Feet Up Hostels Spain https:\/\/feetuphostels.com","description":"Pol\u00edtica de cookies de Feet Up Hostels. Nuestro sitio web utiliza cookies para mejorar la experiencia de los usuarios, facilitando la navegaci\u00f3n en nuestro sitio web","robots":{"index":"index","follow":"follow","max-snippet":"max-snippet:-1","max-image-preview":"max-image-preview:large","max-video-preview":"max-video-preview:-1"},"canonical":"https:\/\/feetuphostels.com\/es\/politica-cookies\/","og_locale":"es_ES","og_type":"article","og_title":"Pol\u00edtica de cookies de Feet Up Hostels Spain https:\/\/feetuphostels.com","og_description":"Pol\u00edtica de cookies de Feet Up Hostels. Nuestro sitio web utiliza cookies para mejorar la experiencia de los usuarios, facilitando la navegaci\u00f3n en nuestro sitio web","og_url":"https:\/\/feetuphostels.com\/es\/politica-cookies\/","og_site_name":"Feet Up Hostels","article_publisher":"https:\/\/facebook.com\/feetuphostelsgroup","article_modified_time":"2024-11-04T10:38:05+00:00","og_image":[{"width":810,"height":350,"url":"https:\/\/feetuphostels.com\/wp-content\/uploads\/2022\/12\/privacy-policy.jpg","type":"image\/jpeg"}],"twitter_card":"summary_large_image","twitter_site":"@feetuphostels","twitter_misc":{"Tiempo de lectura":"5 minutos"},"schema":{"@context":"https:\/\/schema.org","@graph":[{"@type":"WebPage","@id":"https:\/\/feetuphostels.com\/es\/politica-cookies\/","url":"https:\/\/feetuphostels.com\/es\/politica-cookies\/","name":"Pol\u00edtica de cookies de Feet Up Hostels Spain https:\/\/feetuphostels.com","isPartOf":{"@id":"https:\/\/feetuphostels.com\/es\/#website"},"primaryImageOfPage":{"@id":"https:\/\/feetuphostels.com\/es\/politica-cookies\/#primaryimage"},"image":{"@id":"https:\/\/feetuphostels.com\/es\/politica-cookies\/#primaryimage"},"thumbnailUrl":"https:\/\/feetuphostels.com\/wp-content\/uploads\/2022\/12\/privacy-policy.jpg","datePublished":"2017-08-29T11:06:52+00:00","dateModified":"2024-11-04T10:38:05+00:00","description":"Pol\u00edtica de cookies de Feet Up Hostels. Nuestro sitio web utiliza cookies para mejorar la experiencia de los usuarios, facilitando la navegaci\u00f3n en nuestro sitio web","breadcrumb":{"@id":"https:\/\/feetuphostels.com\/es\/politica-cookies\/#breadcrumb"},"inLanguage":"es","potentialAction":[{"@type":"ReadAction","target":["https:\/\/feetuphostels.com\/es\/politica-cookies\/"]}]},{"@type":"ImageObject","inLanguage":"es","@id":"https:\/\/feetuphostels.com\/es\/politica-cookies\/#primaryimage","url":"https:\/\/feetuphostels.com\/wp-content\/uploads\/2022\/12\/privacy-policy.jpg","contentUrl":"https:\/\/feetuphostels.com\/wp-content\/uploads\/2022\/12\/privacy-policy.jpg","width":810,"height":350,"caption":"Pol\u00edtica de privacidad en Feet Up Hostels"},{"@type":"BreadcrumbList","@id":"https:\/\/feetuphostels.com\/es\/politica-cookies\/#breadcrumb","itemListElement":[{"@type":"ListItem","position":1,"name":"Home","item":"https:\/\/feetuphostels.com\/es\/"},{"@type":"ListItem","position":2,"name":"Pol\u00edticas de cookies"}]},{"@type":"WebSite","@id":"https:\/\/feetuphostels.com\/es\/#website","url":"https:\/\/feetuphostels.com\/es\/","name":"Feet Up Hostels","description":"Hostels y alojamiento en Valencia, Espa\u00f1a. Somos Friendliness Specialists","publisher":{"@id":"https:\/\/feetuphostels.com\/es\/#organization"},"alternateName":"Feet Up Hostels","potentialAction":[{"@type":"SearchAction","target":{"@type":"EntryPoint","urlTemplate":"https:\/\/feetuphostels.com\/es\/?s={search_term_string}"},"query-input":{"@type":"PropertyValueSpecification","valueRequired":true,"valueName":"search_term_string"}}],"inLanguage":"es"},{"@type":"Organization","@id":"https:\/\/feetuphostels.com\/es\/#organization","name":"Feet Up Hostels","alternateName":"Feet Up Hostels","url":"https:\/\/feetuphostels.com\/es\/","logo":{"@type":"ImageObject","inLanguage":"es","@id":"https:\/\/feetuphostels.com\/es\/#\/schema\/logo\/image\/","url":"https:\/\/feetuphostels.com\/wp-content\/uploads\/2019\/01\/logo-web-amp-feetuphostels.svg","contentUrl":"https:\/\/feetuphostels.com\/wp-content\/uploads\/2019\/01\/logo-web-amp-feetuphostels.svg","width":1,"height":1,"caption":"Feet Up Hostels"},"image":{"@id":"https:\/\/feetuphostels.com\/es\/#\/schema\/logo\/image\/"},"sameAs":["https:\/\/facebook.com\/feetuphostelsgroup","https:\/\/x.com\/feetuphostels","https:\/\/www.instagram.com\/feetuphostels\/","https:\/\/www.tiktok.com\/@feetuphostels","https:\/\/www.linkedin.com\/company\/feetuphostelsgroup\/","https:\/\/www.pinterest.es\/FeetupHostels\/","https:\/\/www.youtube.com\/feetuphostels"]}]}},"_links":{"self":[{"href":"https:\/\/feetuphostels.com\/es\/wp-json\/wp\/v2\/pages\/4794","targetHints":{"allow":["GET"]}}],"collection":[{"href":"https:\/\/feetuphostels.com\/es\/wp-json\/wp\/v2\/pages"}],"about":[{"href":"https:\/\/feetuphostels.com\/es\/wp-json\/wp\/v2\/types\/page"}],"author":[{"embeddable":true,"href":"https:\/\/feetuphostels.com\/es\/wp-json\/wp\/v2\/users\/13"}],"replies":[{"embeddable":true,"href":"https:\/\/feetuphostels.com\/es\/wp-json\/wp\/v2\/comments?post=4794"}],"version-history":[{"count":0,"href":"https:\/\/feetuphostels.com\/es\/wp-json\/wp\/v2\/pages\/4794\/revisions"}],"wp:featuredmedia":[{"embeddable":true,"href":"https:\/\/feetuphostels.com\/es\/wp-json\/wp\/v2\/media\/205892"}],"wp:attachment":[{"href":"https:\/\/feetuphostels.com\/es\/wp-json\/wp\/v2\/media?parent=4794"}],"curies":[{"name":"wp","href":"https:\/\/api.w.org\/{rel}","templated":true}]}}