{"id":327,"date":"2017-01-10T11:10:59","date_gmt":"2017-01-10T10:10:59","guid":{"rendered":"http:\/\/feetuphostels.barcelona\/?page_id=327"},"modified":"2024-11-08T18:00:36","modified_gmt":"2024-11-08T17:00:36","slug":"alojamientos-recomendados","status":"publish","type":"page","link":"https:\/\/feetuphostels.com\/es\/alojamientos-recomendados\/","title":{"rendered":"Alojamientos Recomendados"},"content":{"rendered":"\n<h1 class=\"wp-block-heading has-text-align-center\" id=\"h-recommended-hostels-by-feet-up-hostels\">Albergues recomendados por Feet Up Hostels<\/h1>\n\n<h2 class=\"wp-block-heading\" id=\"h-portugal-hostels\">Albergues en Portugal<\/h2>\n\n<ul class=\"wp-block-list\">\n<li><strong>Lisboa<\/strong>. <a href=\"http:\/\/www.lisbonloungehostel.com\" target=\"_blank\" rel=\"noreferrer noopener\">Lisbon Lounge Hostel<\/a>. El Lisbon Lounge Hostel es un lugar donde prima el intercambio informal.<\/li>\n\n\n\n<li><strong>Lisbon<\/strong>. <a href=\"http:\/\/www.livingloungehostel.com\" target=\"_blank\" rel=\"noreferrer noopener\">Living Lounge Hostel<\/a>. Somos un equipo de cuatro artistas portugueses que poseemos y gestionamos el Lisbon Lounge.<\/li>\n\n\n\n<li><strong>Lisboa<\/strong>. <a href=\"http:\/\/www.lisbonloungehostel.com\" target=\"_blank\" rel=\"noreferrer noopener\">Lisbon Lounge Hostel<\/a>. El Lisbon Lounge Hostel es un lugar donde prima el intercambio informal.<\/li>\n\n\n\n<li><strong>Lisbon<\/strong>. <a href=\"http:\/\/www.livingloungehostel.com\" target=\"_blank\" rel=\"noreferrer noopener\">Living Lounge Hostel<\/a>. Somos un equipo de cuatro artistas portugueses que poseemos y gestionamos el Lisbon Lounge.<\/li>\n\n\n\n<li><strong>Lisbon<\/strong>. <a href=\"http:\/\/www.lisbonoldtownhostel.com\" target=\"_blank\" rel=\"noreferrer noopener\">Lisbon Old Town Hostel<\/a>. Te presento uno de los albergues m\u00e1s nuevos de la preciosa ciudad de Lisboa.<\/li>\n\n\n\n<li><strong>Lisbon<\/strong>. <a href=\"http:\/\/www.lisb-onhostel.com\" target=\"_blank\" rel=\"noreferrer noopener\">Hostel in Lisbon Lagos &#8211; Portugal. <\/a>No tienes que haber nacido en Lisboa para sentir que perteneces a ella.<\/li>\n<\/ul>\n\n<h2 class=\"wp-block-heading\" id=\"h-holland-hostels\">Albergues en Holanda<\/h2>\n\n<ul class=\"wp-block-list\">\n<li><strong>Amsterdam<\/strong>. <a href=\"http:\/\/www.bulldoghotel.com\/\" target=\"_blank\" rel=\"noreferrer noopener\">Bulldog Hotel<\/a>.El Bulldog Hostel Amsterdam est\u00e1 cargado de ese t\u00edpico ambiente internacional y liberal que hace que Amsterdam sea tan especial&#8230; adem\u00e1s de otras cosas<\/li>\n<\/ul>\n\n<h2 class=\"wp-block-heading\" id=\"h-austria-hostels\">albergues en Austria<\/h2>\n\n<ul class=\"wp-block-list\">\n<li><strong>Vienna<\/strong>. <a href=\"http:\/\/www.hostelruthensteiner.com\/\" target=\"_blank\" rel=\"noreferrer noopener\">Hostel Ruthensteiner Vienna<\/a>. El Hostel Ruthensteiner, original albergue independiente para mochileros de Viena desde 1968, es el lugar perfecto para alojarse, con su ambiente amistoso e internacional en un entorno libre de humos.<\/li>\n\n\n\n<li><strong>Vienna<\/strong>. <a href=\"http:\/\/www.alibihostel.com\/\" target=\"_blank\" rel=\"noreferrer noopener\">ALIBI Hostel in Vienna<\/a>. \u00bfEst\u00e1s planeando una visita a Viena? Al\u00f3jate en el Albergue de Viena y disfruta de su ubicaci\u00f3n en el centro de la ciudad.<\/li>\n\n\n\n<li><strong>Vienna<\/strong>. <a href=\"http:\/\/www.strawberryhostels.com\" target=\"_blank\" rel=\"noreferrer noopener\">Stramberry Hostels in Vienna<\/a>. Strawberry Summer Hostel Mittelgasse.<\/li>\n\n\n\n<li><strong>Vienna<\/strong>. <a href=\"http:\/\/www.westendhostel.at\" target=\"_blank\" rel=\"noreferrer noopener\">Westend CIty Hostel<\/a>. El encantador albergue privado de Viena es el lugar perfecto para todos los visitantes j\u00f3venes (y j\u00f3venes de coraz\u00f3n). El lugar perfecto para alojarse para mochileros.<\/li>\n\n\n\n<li><strong>Salzburg<\/strong>. <a href=\"http:\/\/www.yoho.at\/\" target=\"_blank\" rel=\"noreferrer noopener\">Yoho Youth Hostel<\/a>. Situado en el centro de la ciudad, entre la estaci\u00f3n de tren y el casco antiguo, ambos a s\u00f3lo 10 minutos a pie, YoHo es el lugar perfecto para explorar la ciudad de Salzburgo, patrimonio cultural de la humanidad.<\/li>\n<\/ul>\n\n<h2 class=\"wp-block-heading\" id=\"h-romania-hostels\">Albergues en Ruman\u00eda<\/h2>\n\n<ul class=\"wp-block-list\">\n<li><strong>Transylvania.<\/strong> <a href=\"https:\/\/hostelcluj.com\/\" target=\"_blank\" rel=\"noreferrer noopener\">www.hostelcluj.com<\/a>. En el Albergue Transilvania encontrar\u00e1s algo m\u00e1s que una cama, encontrar\u00e1s una comunidad.<\/li>\n<\/ul>\n\n<h2 class=\"wp-block-heading\" id=\"h-ireland-hostels\">Albergues de Irlanda<\/h2>\n\n<ul class=\"wp-block-list\">\n<li><strong>Ireland<\/strong>. <a href=\"http:\/\/barnacles.ie\/\" target=\"_blank\" rel=\"noreferrer noopener\">Los albergues mejor situados de Dubl\u00edn y Galway<\/a><\/li>\n<\/ul>\n\n<h2 class=\"wp-block-heading\" id=\"h-italy-hostels\">Albergues de Italia<\/h2>\n\n<ul class=\"wp-block-list\">\n<li><strong>Napoli<\/strong>. <a href=\"http:\/\/www.hostelmancininaples.com\" target=\"_blank\" rel=\"noreferrer noopener\">Hostel Mancini Naples<\/a>. El albergue Mancini es un para\u00edso para mochileros NUEVAMENTE renovado.<\/li>\n\n\n\n<li><strong>Rome<\/strong>. <a href=\"http:\/\/www.the-yellow.com\/\" target=\"_blank\" rel=\"noreferrer noopener\">The Yellow Youth Hostel<\/a>. Esto te va a encantar si Te gusta la fiesta. Te encanta socializar desde el atardecer hasta el amanecer.<\/li>\n\n\n\n<li><strong>Sicily<\/strong>. <a href=\"http:\/\/www.lolhostel.com\/\" target=\"_blank\" rel=\"noreferrer noopener\">LOL Hostel in Sicily<\/a>. est\u00e1 en el coraz\u00f3n de Siracusa, Sicilia, en la mejor ubicaci\u00f3n posible, a s\u00f3lo 50 metros de la estaci\u00f3n de tren y autobuses (\u00a1deja tu equipaje y vete!)<\/li>\n<\/ul>\n\n<h2 class=\"wp-block-heading\" id=\"h-praga-hostels\">Albergues de Praga<\/h2>\n\n<ul class=\"wp-block-list\">\n<li><strong>Prague<\/strong>. <a href=\"http:\/\/www.sirtobys.com\" target=\"_blank\" rel=\"noreferrer noopener\">Albergue Sirt Toby&#8217;s en Praga.<\/a><\/li>\n\n\n\n<li><strong>Prague<\/strong>. <a href=\"http:\/\/www.arpacayhostel.com\/\" target=\"_blank\" rel=\"noreferrer noopener\">Arpacay Backpackers Hostels.<\/a> Situado en el centro de Praga, en una de las calles m\u00e1s pintorescas de la ciudad que conduce al Castillo de Praga (120 m).<\/li>\n\n\n\n<li><strong>Prague<\/strong>. <a href=\"http:\/\/www.hostelelf.com\/\" target=\"_blank\" rel=\"noreferrer noopener\">HOSTEL ELF<\/a>. Tu casa en Praga.<\/li>\n\n\n\n<li><strong>Prague<\/strong>. <a href=\"http:\/\/www.bohemianhostels.com\" target=\"_blank\" rel=\"noreferrer noopener\">Bohemian Hostels &amp; Hotels<\/a>.<\/li>\n<\/ul>\n\n<h2 class=\"wp-block-heading\" id=\"h-germany-hostels\">Albergues de Alemania<\/h2>\n\n<ul class=\"wp-block-list\">\n<li><strong>Dresden<\/strong>. <a href=\"http:\/\/www.lollishome.de\/en\/\" target=\"_blank\" rel=\"noreferrer noopener\">Lollis Homestay &#8211; tu albergue original para mochileros en Dresde<\/a>. Cerca del centro hist\u00f3rico, a 15 minutos de la estaci\u00f3n de tren de Dresde Neustadt y justo en medio del animado barrio de moda de Dresde.<\/li>\n\n\n\n<li><a href=\"http:\/\/www.djh-thueringen.de\/\" target=\"_blank\" rel=\"noreferrer noopener\">DJH Thueringen<\/a>. Albergues Juveniles en Alemania.<\/li>\n\n\n\n<li><strong>K\u00f6ln<\/strong>. <a href=\"http:\/\/www.hostel-cologne.de\/\" target=\"_blank\" rel=\"noreferrer noopener\">Station Hostel for Backpackers<\/a>. Bienvenido al albergue Station de Colonia.<\/li>\n\n\n\n<li><strong>Berlin<\/strong>. Albergue OSTEL Berl\u00edn. Haz un viaje en el tiempo al Berl\u00edn Oriental de los a\u00f1os 70 y 80.<\/li>\n\n\n\n<li><strong>Berlin<\/strong>. <a href=\"http:\/\/www.heartofgold-hostel.de\/\" target=\"_blank\" rel=\"noreferrer noopener\">Heart of Gold Hostel Berlin<\/a>. El albergue Starship de Berl\u00edn.<\/li>\n\n\n\n<li><strong>Berlin<\/strong>. <a href=\"http:\/\/www.three-little-pigs.de\/\" target=\"_blank\" rel=\"noreferrer noopener\">Three Little Pigs<\/a>. Albergues en Berl\u00edn.<\/li>\n\n\n\n<li><strong>Berlin<\/strong>. <a href=\"http:\/\/www.aurora-hostel.com\/\" target=\"_blank\" rel=\"noreferrer noopener\">Aurora Hostel Berlin<\/a>. Situado en el coraz\u00f3n del joven y moderno barrio berlin\u00e9s de Prenzlauer Berg, nuestro albergue te ofrece la mezcla ideal de alojamiento asequible y ambiente atractivo.<\/li>\n\n\n\n<li><strong>Berlin<\/strong>. <a href=\"http:\/\/www.amstelhouse.de\" target=\"_blank\" rel=\"noreferrer noopener\">Amstel House Hostel Berlin<\/a>. Wi-Fi y PC gratuitos. Recepci\u00f3n 24\/7 y bar.<\/li>\n\n\n\n<li><strong>Berlin<\/strong>.\u00bfQu\u00e9 ocurre si dos arquitectos y un dise\u00f1ador recorren el mundo y se preguntan una y otra vez: \u00ab\u00bfPor qu\u00e9 no hay suficientes lugares agradables y a precios razonables donde alojarse? <a href=\"http:\/\/citystay-hostel.de\" target=\"_blank\" rel=\"noreferrer noopener\">Booking in CityStay Hostel.<\/a><\/li>\n\n\n\n<li><strong>Munich<\/strong>. <a href=\"http:\/\/www.wombats-hostels.com\">www.wombats-hostels.com<\/a>. M\u00e1s de 50.000 hu\u00e9spedes satisfechos cada a\u00f1o no pueden estar equivocados. Los albergues urbanos wombats de Munich, Berl\u00edn y dos albergues de Viena gozan de una c\u00e9ntrica ubicaci\u00f3n, a la vuelta de la esquina de la estaci\u00f3n de ferrocarril m\u00e1s importante y a s\u00f3lo unos minutos del centro hist\u00f3rico de la ciudad.<\/li>\n\n\n\n<li><a href=\"http:\/\/www.weimar-hostel.com\/\" target=\"_blank\" rel=\"noreferrer noopener\">Your Hostel in Weimar<\/a> <strong>Berlin<\/strong>. <a href=\"http:\/\/www.sleepcheaphostel.com\" target=\"_blank\" rel=\"noreferrer noopener\">SleepCheapHostel.com<\/a>. Si te interesa dormir barato en Berl\u00edn.<\/li>\n\n\n\n<li><strong>Kart\u00e4userstr<\/strong>. <a href=\"http:\/\/blackforest-hostel.de\" target=\"_blank\" rel=\"noreferrer noopener\">www.blackforest-hostel.de<\/a>. El Albergue de la Selva Negra ofrece muchas plazas econ\u00f3micas para dormir en habitaciones compartidas, dobles e individuales. El albergue est\u00e1 cerca del casco viejo de Friburgo y es de f\u00e1cil acceso.<\/li>\n\n\n\n<li><strong>Berlin<\/strong>. <a href=\"http:\/\/www.sunflower-hostel.de\" target=\"_blank\" rel=\"noreferrer noopener\">www.sunflower-hostel.de<\/a>. El albergue Sunflower de Berl\u00edn te espera con una selecci\u00f3n de diferentes tipos de habitaciones, desde grandes dormitorios con un m\u00e1ximo de 8 camas, pasando por dormitorios m\u00e1s peque\u00f1os, habitaciones dobles e individuales, hasta apartamentos con ba\u00f1o privado y cocina.<\/li>\n<\/ul>\n\n<h2 class=\"wp-block-heading\" id=\"h-spain-hostels\">Espa\u00f1a Albergues<\/h2>\n\n<ul class=\"wp-block-list\">\n<li><strong>Seville<\/strong>. <a href=\"http:\/\/www.samayhostels.com\">www.samayhostels.com<\/a> Samay Hostel Sevilla es el albergue para mochileros &amp; viajeros independientes m\u00e1s popular de Sevilla, eso se debe a que Samay Hostel Sevilla est\u00e1 situado en pleno centro de Sevilla y te ofrecemos una completa gama de instalaciones para que disfrutes de tu estancia con nosotros.<\/li>\n\n\n\n<li><strong>Calpe<\/strong>. <a href=\"http:\/\/www.youthhostel4you.com\" target=\"_blank\" rel=\"noreferrer noopener\">www.youthhostel4you.com.<\/a> Hemos creado un nuevo concepto de albergue para todo el mundo en toda Europa.<\/li>\n\n\n\n<li><strong>Madrid<\/strong>. <a href=\"http:\/\/www.posadadehuertas.com\">www.posadadehuertas.com.<\/a> La Posada de Huertas es un albergue situado en el llamado \u00abBarrio de las Letras\u00bb del centro de Madrid. La Posada de Huertas es el lugar ideal para el turismo juvenil internacional y sigue las pautas propias de un albergue.<\/li>\n\n\n\n<li><strong>Malaga<\/strong>. <a href=\"http:\/\/www.meltingpothostels.com\">www.meltingpothostels.com<\/a>. Albergues juveniles c\u00e9ntricos en M\u00e1laga, C\u00e1diz y Tarifa. Albergues baratos en el sur de Espa\u00f1a.<\/li>\n<\/ul>\n\n<h3 class=\"wp-block-heading\" id=\"h-united-states-hostels\">Albergues de Estados Unidos<\/h3>\n\n<ul class=\"wp-block-list\">\n<li><strong>San Diego<\/strong>. <a href=\"http:\/\/www.californiahostel.com\/\" target=\"_blank\" rel=\"noreferrer noopener\">California Hostel<\/a>. El albergue Ocean Beach de San Diego est\u00e1 c\u00e9ntricamente situado en la soleada San Diego,California.<\/li>\n\n\n\n<li><strong>New York<\/strong>. <a href=\"http:\/\/www.bigapplehostel.com\" target=\"_blank\" rel=\"noreferrer noopener\">Big Apple Hostel<\/a>. Big Apple Hostel Alquiler de vacaciones en Nueva York.<\/li>\n<\/ul>\n\n<h3 class=\"wp-block-heading\" id=\"h-greece-hostels\">Albergues en Grecia<\/h3>\n\n<ul class=\"wp-block-list\">\n<li><strong>Greece<\/strong>. <a href=\"http:\/\/www.thepinkpalace.com\/\" target=\"_blank\" rel=\"noreferrer noopener\">The Pink Palace Hostel<\/a>. O Jet Setter, seguro que el Palacio Rosa se adapta a todos los presupuestos de viaje.<\/li>\n<\/ul>\n\n<h3 class=\"wp-block-heading\" id=\"h-hungary-hostels\">Albergues de Hungr\u00eda<\/h3>\n\n<ul class=\"wp-block-list\">\n<li><strong>Budapest<\/strong>. <a href=\"http:\/\/groovehostel.hu\" target=\"_blank\" rel=\"noreferrer noopener\">Groove Hostel en Budapest<\/a>.<\/li>\n\n\n\n<li><strong>Budapest<\/strong>. <a href=\"http:\/\/www.homemadehostel.com\" target=\"_blank\" rel=\"noreferrer noopener\">Homemade Hostel<\/a>. Somos un albergue independiente e individual. Cualquier otro albergue de Budapest con nombre, dise\u00f1o o descripci\u00f3n similares no est\u00e1 afiliado a nuestro albergue.<\/li>\n<\/ul>\n\n<h3 class=\"wp-block-heading\" id=\"h-switzerland-hostels\">Albergues de Suiza<\/h3>\n\n<ul class=\"wp-block-list\">\n<li><strong>Interlaken<\/strong>. <a href=\"http:\/\/www.villa.ch\/\" target=\"_blank\" rel=\"noreferrer noopener\">Backpackers Villa Sonnenhof &#8211; Hostel Interlaken<\/a>.<\/li>\n<\/ul>\n\n<h3 class=\"wp-block-heading\" id=\"h-united-kingdom-hostels\">Albergues de Reino Unido<\/h3>\n\n<ul class=\"wp-block-list\">\n<li><strong>Brighton<\/strong>. <a href=\"http:\/\/www.kipps-brighton.com\" target=\"_blank\" rel=\"noreferrer noopener\">Kipps Brighton<\/a> es un peque\u00f1o y acogedor albergue de mochileros situado en el coraz\u00f3n de Brighton.<\/li>\n<\/ul>\n\n<p><\/p>\n","protected":false},"excerpt":{"rendered":"<p>Albergues recomendados. Albergues juveniles recomendados por nuestros clientes y amigos que han visitado estos alojamientos en Europa y en el mundo<\/p>\n","protected":false},"author":13,"featured_media":61797,"parent":0,"menu_order":0,"comment_status":"closed","ping_status":"closed","template":"","meta":{"footnotes":""},"class_list":["post-327","page","type-page","status-publish","has-post-thumbnail","hentry"],"yoast_head":"<!-- This site is optimized with the Yoast SEO plugin v27.4 - https:\/\/yoast.com\/product\/yoast-seo-wordpress\/ -->\n<title>Albergues recomendados. Albergues Juveniles recomendados<\/title>\n<meta name=\"description\" content=\"Albergues recomendados. Albergues juveniles recomendados por nuestros clientes y amigos que han visitado estos alojamientos en Europa y en el mundo\" \/>\n<meta name=\"robots\" content=\"index, follow, max-snippet:-1, max-image-preview:large, max-video-preview:-1\" \/>\n<link rel=\"canonical\" href=\"https:\/\/feetuphostels.com\/es\/alojamientos-recomendados\/\" \/>\n<meta property=\"og:locale\" content=\"es_ES\" \/>\n<meta property=\"og:type\" content=\"article\" \/>\n<meta property=\"og:title\" content=\"Albergues recomendados. Albergues Juveniles recomendados\" \/>\n<meta property=\"og:description\" content=\"Albergues recomendados. Albergues juveniles recomendados por nuestros clientes y amigos que han visitado estos alojamientos en Europa y en el mundo\" \/>\n<meta property=\"og:url\" content=\"https:\/\/feetuphostels.com\/es\/alojamientos-recomendados\/\" \/>\n<meta property=\"og:site_name\" content=\"Feet Up Hostels\" \/>\n<meta property=\"article:publisher\" content=\"https:\/\/facebook.com\/feetuphostelsgroup\" \/>\n<meta property=\"article:modified_time\" content=\"2024-11-08T17:00:36+00:00\" \/>\n<meta property=\"og:image\" content=\"https:\/\/feetuphostels.com\/wp-content\/uploads\/2019\/07\/03home-youth-hostel-valencia-by-feetuphostels.jpg\" \/>\n\t<meta property=\"og:image:width\" content=\"1620\" \/>\n\t<meta property=\"og:image:height\" content=\"1080\" \/>\n\t<meta property=\"og:image:type\" content=\"image\/jpeg\" \/>\n<meta name=\"twitter:card\" content=\"summary_large_image\" \/>\n<meta name=\"twitter:site\" content=\"@feetuphostels\" \/>\n<meta name=\"twitter:label1\" content=\"Tiempo de lectura\" \/>\n\t<meta name=\"twitter:data1\" content=\"5 minutos\" \/>\n<script type=\"application\/ld+json\" class=\"yoast-schema-graph\">{\"@context\":\"https:\\\/\\\/schema.org\",\"@graph\":[{\"@type\":\"WebPage\",\"@id\":\"https:\\\/\\\/feetuphostels.com\\\/es\\\/alojamientos-recomendados\\\/\",\"url\":\"https:\\\/\\\/feetuphostels.com\\\/es\\\/alojamientos-recomendados\\\/\",\"name\":\"Albergues recomendados. Albergues Juveniles recomendados\",\"isPartOf\":{\"@id\":\"https:\\\/\\\/feetuphostels.com\\\/es\\\/#website\"},\"primaryImageOfPage\":{\"@id\":\"https:\\\/\\\/feetuphostels.com\\\/es\\\/alojamientos-recomendados\\\/#primaryimage\"},\"image\":{\"@id\":\"https:\\\/\\\/feetuphostels.com\\\/es\\\/alojamientos-recomendados\\\/#primaryimage\"},\"thumbnailUrl\":\"https:\\\/\\\/feetuphostels.com\\\/wp-content\\\/uploads\\\/2019\\\/07\\\/03home-youth-hostel-valencia-by-feetuphostels.jpg\",\"datePublished\":\"2017-01-10T10:10:59+00:00\",\"dateModified\":\"2024-11-08T17:00:36+00:00\",\"description\":\"Albergues recomendados. Albergues juveniles recomendados por nuestros clientes y amigos que han visitado estos alojamientos en Europa y en el mundo\",\"breadcrumb\":{\"@id\":\"https:\\\/\\\/feetuphostels.com\\\/es\\\/alojamientos-recomendados\\\/#breadcrumb\"},\"inLanguage\":\"es\",\"potentialAction\":[{\"@type\":\"ReadAction\",\"target\":[\"https:\\\/\\\/feetuphostels.com\\\/es\\\/alojamientos-recomendados\\\/\"]}]},{\"@type\":\"ImageObject\",\"inLanguage\":\"es\",\"@id\":\"https:\\\/\\\/feetuphostels.com\\\/es\\\/alojamientos-recomendados\\\/#primaryimage\",\"url\":\"https:\\\/\\\/feetuphostels.com\\\/wp-content\\\/uploads\\\/2019\\\/07\\\/03home-youth-hostel-valencia-by-feetuphostels.jpg\",\"contentUrl\":\"https:\\\/\\\/feetuphostels.com\\\/wp-content\\\/uploads\\\/2019\\\/07\\\/03home-youth-hostel-valencia-by-feetuphostels.jpg\",\"width\":1620,\"height\":1080,\"caption\":\"C\u00f3modo sof\u00e1 para relajarse con los amigos\"},{\"@type\":\"BreadcrumbList\",\"@id\":\"https:\\\/\\\/feetuphostels.com\\\/es\\\/alojamientos-recomendados\\\/#breadcrumb\",\"itemListElement\":[{\"@type\":\"ListItem\",\"position\":1,\"name\":\"Home\",\"item\":\"https:\\\/\\\/feetuphostels.com\\\/es\\\/\"},{\"@type\":\"ListItem\",\"position\":2,\"name\":\"Alojamientos Recomendados\"}]},{\"@type\":\"WebSite\",\"@id\":\"https:\\\/\\\/feetuphostels.com\\\/es\\\/#website\",\"url\":\"https:\\\/\\\/feetuphostels.com\\\/es\\\/\",\"name\":\"Feet Up Hostels\",\"description\":\"Hostels y alojamiento en Valencia, Espa\u00f1a. Somos Friendliness Specialists\",\"publisher\":{\"@id\":\"https:\\\/\\\/feetuphostels.com\\\/es\\\/#organization\"},\"alternateName\":\"Feet Up Hostels\",\"potentialAction\":[{\"@type\":\"SearchAction\",\"target\":{\"@type\":\"EntryPoint\",\"urlTemplate\":\"https:\\\/\\\/feetuphostels.com\\\/es\\\/?s={search_term_string}\"},\"query-input\":{\"@type\":\"PropertyValueSpecification\",\"valueRequired\":true,\"valueName\":\"search_term_string\"}}],\"inLanguage\":\"es\"},{\"@type\":\"Organization\",\"@id\":\"https:\\\/\\\/feetuphostels.com\\\/es\\\/#organization\",\"name\":\"Feet Up Hostels\",\"alternateName\":\"Feet Up Hostels\",\"url\":\"https:\\\/\\\/feetuphostels.com\\\/es\\\/\",\"logo\":{\"@type\":\"ImageObject\",\"inLanguage\":\"es\",\"@id\":\"https:\\\/\\\/feetuphostels.com\\\/es\\\/#\\\/schema\\\/logo\\\/image\\\/\",\"url\":\"https:\\\/\\\/feetuphostels.com\\\/wp-content\\\/uploads\\\/2019\\\/01\\\/logo-web-amp-feetuphostels.svg\",\"contentUrl\":\"https:\\\/\\\/feetuphostels.com\\\/wp-content\\\/uploads\\\/2019\\\/01\\\/logo-web-amp-feetuphostels.svg\",\"width\":1,\"height\":1,\"caption\":\"Feet Up Hostels\"},\"image\":{\"@id\":\"https:\\\/\\\/feetuphostels.com\\\/es\\\/#\\\/schema\\\/logo\\\/image\\\/\"},\"sameAs\":[\"https:\\\/\\\/facebook.com\\\/feetuphostelsgroup\",\"https:\\\/\\\/x.com\\\/feetuphostels\",\"https:\\\/\\\/www.instagram.com\\\/feetuphostels\\\/\",\"https:\\\/\\\/www.tiktok.com\\\/@feetuphostels\",\"https:\\\/\\\/www.linkedin.com\\\/company\\\/feetuphostelsgroup\\\/\",\"https:\\\/\\\/www.pinterest.es\\\/FeetupHostels\\\/\",\"https:\\\/\\\/www.youtube.com\\\/feetuphostels\"]}]}<\/script>\n<!-- \/ Yoast SEO plugin. -->","yoast_head_json":{"title":"Albergues recomendados. Albergues Juveniles recomendados","description":"Albergues recomendados. Albergues juveniles recomendados por nuestros clientes y amigos que han visitado estos alojamientos en Europa y en el mundo","robots":{"index":"index","follow":"follow","max-snippet":"max-snippet:-1","max-image-preview":"max-image-preview:large","max-video-preview":"max-video-preview:-1"},"canonical":"https:\/\/feetuphostels.com\/es\/alojamientos-recomendados\/","og_locale":"es_ES","og_type":"article","og_title":"Albergues recomendados. Albergues Juveniles recomendados","og_description":"Albergues recomendados. Albergues juveniles recomendados por nuestros clientes y amigos que han visitado estos alojamientos en Europa y en el mundo","og_url":"https:\/\/feetuphostels.com\/es\/alojamientos-recomendados\/","og_site_name":"Feet Up Hostels","article_publisher":"https:\/\/facebook.com\/feetuphostelsgroup","article_modified_time":"2024-11-08T17:00:36+00:00","og_image":[{"width":1620,"height":1080,"url":"https:\/\/feetuphostels.com\/wp-content\/uploads\/2019\/07\/03home-youth-hostel-valencia-by-feetuphostels.jpg","type":"image\/jpeg"}],"twitter_card":"summary_large_image","twitter_site":"@feetuphostels","twitter_misc":{"Tiempo de lectura":"5 minutos"},"schema":{"@context":"https:\/\/schema.org","@graph":[{"@type":"WebPage","@id":"https:\/\/feetuphostels.com\/es\/alojamientos-recomendados\/","url":"https:\/\/feetuphostels.com\/es\/alojamientos-recomendados\/","name":"Albergues recomendados. Albergues Juveniles recomendados","isPartOf":{"@id":"https:\/\/feetuphostels.com\/es\/#website"},"primaryImageOfPage":{"@id":"https:\/\/feetuphostels.com\/es\/alojamientos-recomendados\/#primaryimage"},"image":{"@id":"https:\/\/feetuphostels.com\/es\/alojamientos-recomendados\/#primaryimage"},"thumbnailUrl":"https:\/\/feetuphostels.com\/wp-content\/uploads\/2019\/07\/03home-youth-hostel-valencia-by-feetuphostels.jpg","datePublished":"2017-01-10T10:10:59+00:00","dateModified":"2024-11-08T17:00:36+00:00","description":"Albergues recomendados. Albergues juveniles recomendados por nuestros clientes y amigos que han visitado estos alojamientos en Europa y en el mundo","breadcrumb":{"@id":"https:\/\/feetuphostels.com\/es\/alojamientos-recomendados\/#breadcrumb"},"inLanguage":"es","potentialAction":[{"@type":"ReadAction","target":["https:\/\/feetuphostels.com\/es\/alojamientos-recomendados\/"]}]},{"@type":"ImageObject","inLanguage":"es","@id":"https:\/\/feetuphostels.com\/es\/alojamientos-recomendados\/#primaryimage","url":"https:\/\/feetuphostels.com\/wp-content\/uploads\/2019\/07\/03home-youth-hostel-valencia-by-feetuphostels.jpg","contentUrl":"https:\/\/feetuphostels.com\/wp-content\/uploads\/2019\/07\/03home-youth-hostel-valencia-by-feetuphostels.jpg","width":1620,"height":1080,"caption":"C\u00f3modo sof\u00e1 para relajarse con los amigos"},{"@type":"BreadcrumbList","@id":"https:\/\/feetuphostels.com\/es\/alojamientos-recomendados\/#breadcrumb","itemListElement":[{"@type":"ListItem","position":1,"name":"Home","item":"https:\/\/feetuphostels.com\/es\/"},{"@type":"ListItem","position":2,"name":"Alojamientos Recomendados"}]},{"@type":"WebSite","@id":"https:\/\/feetuphostels.com\/es\/#website","url":"https:\/\/feetuphostels.com\/es\/","name":"Feet Up Hostels","description":"Hostels y alojamiento en Valencia, Espa\u00f1a. Somos Friendliness Specialists","publisher":{"@id":"https:\/\/feetuphostels.com\/es\/#organization"},"alternateName":"Feet Up Hostels","potentialAction":[{"@type":"SearchAction","target":{"@type":"EntryPoint","urlTemplate":"https:\/\/feetuphostels.com\/es\/?s={search_term_string}"},"query-input":{"@type":"PropertyValueSpecification","valueRequired":true,"valueName":"search_term_string"}}],"inLanguage":"es"},{"@type":"Organization","@id":"https:\/\/feetuphostels.com\/es\/#organization","name":"Feet Up Hostels","alternateName":"Feet Up Hostels","url":"https:\/\/feetuphostels.com\/es\/","logo":{"@type":"ImageObject","inLanguage":"es","@id":"https:\/\/feetuphostels.com\/es\/#\/schema\/logo\/image\/","url":"https:\/\/feetuphostels.com\/wp-content\/uploads\/2019\/01\/logo-web-amp-feetuphostels.svg","contentUrl":"https:\/\/feetuphostels.com\/wp-content\/uploads\/2019\/01\/logo-web-amp-feetuphostels.svg","width":1,"height":1,"caption":"Feet Up Hostels"},"image":{"@id":"https:\/\/feetuphostels.com\/es\/#\/schema\/logo\/image\/"},"sameAs":["https:\/\/facebook.com\/feetuphostelsgroup","https:\/\/x.com\/feetuphostels","https:\/\/www.instagram.com\/feetuphostels\/","https:\/\/www.tiktok.com\/@feetuphostels","https:\/\/www.linkedin.com\/company\/feetuphostelsgroup\/","https:\/\/www.pinterest.es\/FeetupHostels\/","https:\/\/www.youtube.com\/feetuphostels"]}]}},"_links":{"self":[{"href":"https:\/\/feetuphostels.com\/es\/wp-json\/wp\/v2\/pages\/327","targetHints":{"allow":["GET"]}}],"collection":[{"href":"https:\/\/feetuphostels.com\/es\/wp-json\/wp\/v2\/pages"}],"about":[{"href":"https:\/\/feetuphostels.com\/es\/wp-json\/wp\/v2\/types\/page"}],"author":[{"embeddable":true,"href":"https:\/\/feetuphostels.com\/es\/wp-json\/wp\/v2\/users\/13"}],"replies":[{"embeddable":true,"href":"https:\/\/feetuphostels.com\/es\/wp-json\/wp\/v2\/comments?post=327"}],"version-history":[{"count":0,"href":"https:\/\/feetuphostels.com\/es\/wp-json\/wp\/v2\/pages\/327\/revisions"}],"wp:featuredmedia":[{"embeddable":true,"href":"https:\/\/feetuphostels.com\/es\/wp-json\/wp\/v2\/media\/61797"}],"wp:attachment":[{"href":"https:\/\/feetuphostels.com\/es\/wp-json\/wp\/v2\/media?parent=327"}],"curies":[{"name":"wp","href":"https:\/\/api.w.org\/{rel}","templated":true}]}}