{"id":220285,"date":"2024-03-28T11:24:58","date_gmt":"2024-03-28T10:24:58","guid":{"rendered":"https:\/\/feetuphostels.com\/portada\/"},"modified":"2024-11-01T16:00:11","modified_gmt":"2024-11-01T15:00:11","slug":"portada","status":"publish","type":"page","link":"https:\/\/feetuphostels.com\/es\/","title":{"rendered":"Feet Up Hostels"},"content":{"rendered":"\n<h1 class=\"wp-block-heading\" id=\"h-feet-up-hostels-spain\">Feet Up Hostels Espa\u00f1a<\/h1>\n\n<h2 class=\"wp-block-heading\" id=\"h-we-have-hostels-in-the-best-cities-of-spain-book-now-in-barcelona-valencia-and-sevilla\">Contamos con hostels en las mejores ciudades de Espa\u00f1a&#13;\nReserva ahora <a href=\"https:\/\/feetuphostels.com\/es\/hostels-barcelona\/\">en Barcelona<\/a>, <a href=\"https:\/\/feetuphostels.com\/es\/hostels-valencia\/\">Valencia<\/a> y <a href=\"https:\/\/feetuphostels.com\/es\/hostels-sevilla\/\">Sevilla<\/a><\/h2>\n\n<h2 class=\"wp-block-heading\" id=\"h-feet-up-hostels-who-are-we\">Feet Up Hostels, qui\u00e9nes somos?<\/h2>\n\n<p>Buscamos ser la empresa l\u00edder en la gesti\u00f3n y administraci\u00f3n de alojamientos tur\u00edsticos\u00a0<strong>low cost<\/strong>, tanto a nivel nacional como internacional creando constantemente valores a\u00f1adidos para nuestros clientes, inversores, colaboradores y empleados, logrando mejores retornos financieros y r\u00e1pida retribuci\u00f3n de las inversiones.<\/p>\n\n<p>Nuestro eslogan\u00a0<strong>Friendliness Specialists<\/strong>\u00a0y nuestros m\u00e1s de 10 a\u00f1os de constante crecimiento nos avalan y nos permiten afirmar que nuestros pilares est\u00e1n basados en la \u00e9tica, el compromiso y la confianza. Son estos pilares los que nos llevan a conseguir todos los objetivos que emprendemos.<\/p>\n\n<h3 class=\"wp-block-heading\" id=\"h-garden-house-nbsp-hostel-barcelona-by-feet-up-hostels\"><a href=\"https:\/\/feetuphostels.com\/es\/garden-house-hostel-barcelona\/\">Garden House<\/a>\u00a0<a href=\"https:\/\/feetuphostels.com\/es\/hostels-barcelona\/\">Hostel Barcelona<\/a> por Feet Up Hostels<\/h3>\n\n<p><p style=\"text-align: justify;\">Esta ubicado en la <a href=\"https:\/\/feetuphostels.com\/es\/ubicacion-garden-house-hostel-barcelona\/\">zona residencial de Valldaura<\/a> y muy cerca de la estaci\u00f3n de metro del mismo nombre, <a href=\"https:\/\/www.tmb.cat\/es\/barcelona\/metro\/-\/lineametro\/L3\" target=\"_blank\" rel=\"noopener noreferrer\">L\u00ednea 3 del Metro de Barcelona<\/a> que va directamente al Passeig de Gracia y al Paralelo. Nuestro grupo\u00a0garantiza la calidad de las instalaciones y el buen ambiente que se crea en la zona com\u00fan del Garden.<\/p><\/p>\n\n<ul class=\"wp-block-list\">\n<li>Habitaciones privadas y compartidas<\/li>\n\n\n\n<li>Con un jard\u00edn verde para compartir con tus amigos.<\/li>\n\n\n\n<li><strong>WIFI gratuito en todo el albergue, para que siempre est\u00e9s conectado.<\/strong><\/li>\n\n\n\n<li>Terraza en la azotea y un ambiente inmejorable.<\/li>\n<\/ul>\n\n<p><\/p>\n\n<h3 class=\"wp-block-heading\" id=\"h-yellow-nest-nbsp-hostel-barcelona-by-feet-up-hostels\"><a href=\"https:\/\/feetuphostels.com\/es\/yellow-nest-hostel-barcelona\/\">Yellow Nest<\/a>\u00a0<a href=\"https:\/\/feetuphostels.com\/es\/hostels-barcelona\/\">Hostel Barcelona<\/a>by Feet Up Hostels<\/h3>\n\n<p><p style=\"text-align: justify;\">Si te gusta el f\u00fatbol y adem\u00e1s eres Fan del Bar\u00e7a, este Hostel te va a encantar, porque se encuentra a solo 3 minutos caminando y 2 calles de distancia del famoso <a href=\"https:\/\/feetuphostels.com\/es\/hostel-cerca-del-estadio-camp-nou-barcelona\/\">Estadio de f\u00fatbol Camp Nou de Barcelona<\/a> Tiene diferentes tipos de habitaciones, podr\u00e1s elegir entre habitaciones compartidas con decoraciones coloridas.<\/p><\/p>\n\n<ul class=\"wp-block-list\">\n<li>Con terraza superior.<\/li>\n\n\n\n<li>Con recepci\u00f3n las 24 horas.<\/li>\n\n\n\n<li>Habitaciones grandes (Compartidas, mixtas o solo chicas).<\/li>\n\n\n\n<li><strong>Habitaciones privadas para familias.<\/strong><\/li>\n<\/ul>\n\n<p><\/p>\n\n<h3 class=\"wp-block-heading\" id=\"h-purple-nest-nbsp-hostel-valencia\"><a href=\"https:\/\/feetuphostels.com\/es\/purple-nest-hostel-valencia\/\">Purple Nest<\/a>\u00a0<a href=\"https:\/\/feetuphostels.com\/es\/hostels-valencia\/\">Hostel Valencia<\/a><\/h3>\n\n<p><p style=\"text-align: justify;\">Con diferentes tipos de habitaciones adaptadas a todas tus necesidades en el\u00a0<strong>centro de Valencia<\/strong>. Habitaciones compartidas con dise\u00f1os simples y coloridos que te dar\u00e1n un ambiente acogedor durante tu visita a Valencia.\u00a0<strong>Feet Up Hostels<\/strong>\u00a0garantiza la calidad de las instalaciones del Purple Nest hostel en Valencia.<\/p><\/p>\n\n<ul class=\"wp-block-list\">\n<li>Aire acondicionado para el verano.<\/li>\n\n\n\n<li>Calefacci\u00f3n para el invierno.<\/li>\n\n\n\n<li>Taquillas privadas y ba\u00f1os compartidos con secador de pelo.<\/li>\n\n\n\n<li>Bar. Yes, we have our own Bar in the Hostel\u00a0\ud83d\ude01<\/li>\n<\/ul>\n\n<p><\/p>\n\n<h3 class=\"wp-block-heading\" id=\"h-red-nest-nbsp-hostel-valencia\"><a href=\"\/?page_id=1259\">Red Nest<\/a>\u00a0<a href=\"https:\/\/feetuphostels.com\/es\/hostels-valencia\/\">Hostel Valencia<\/a><\/h3>\n\n<p>The modern and centrally located Red Nest Hostel can be found on the famous Calle La Pau (Calle la Paz) in Valencia, a 5 minute walk from the Col\u00f3n metro station and 7 minutes from the Central train station (North station). It has lockers in the rooms, bedding and WiFi in all facilities.<\/p>\n\n<ul class=\"wp-block-list\">\n<li>Common area, to meet people and make new friends.<\/li>\n\n\n\n<li>Free map so you can move around Valencia.<\/li>\n\n\n\n<li><strong>Always the best price in Valencia.<\/strong><\/li>\n\n\n\n<li>The hyper friendly receptionist (according to the reviews at Booking.com) \ud83d\ude09<\/li>\n<\/ul>\n\n<p><\/p>\n\n<h3 class=\"wp-block-heading\"><a href=\"https:\/\/feetuphostels.com\/es\/home-youth-hostel-valencia\/\">H\u00f4me Youth<\/a>\u00a0<a href=\"https:\/\/feetuphostels.com\/es\/hostels-valencia\/\">Hostel Valencia<\/a><\/h3>\n\n<p>One of the best known and famous hostels in Valencia. Located in the city centre and only 5 minutes walk from the train station (North station). The perfect hostel for young travellers who don\u2019t mind sharing their trip with other travelers. It is part of\u00a0<strong>Feet Up Group<\/strong>.<\/p>\n\n<ul class=\"wp-block-list\">\n<li>Near the bus station in Valencia.<\/li>\n\n\n\n<li>Fully equipped kitchen.<\/li>\n\n\n\n<li>Private rooms for couples and other types of rooms.<\/li>\n\n\n\n<li>Behind the\u00a0<a href=\"\/?p=1963\">famous Lonja de la Seda in Valencia<\/a><\/li>\n<\/ul>\n\n<p><\/p>\n\n<h3 class=\"wp-block-heading\" id=\"h-home-backpackers-nbsp-hostel-valencia\"><a href=\"https:\/\/feetuphostels.com\/es\/home-backpackers-hostel-valencia\/\">H\u00f4me Backpackers<\/a>\u00a0<a href=\"https:\/\/feetuphostels.com\/es\/hostels-valencia\/\">Hostel Valencia<\/a><\/h3>\n\n<p>Hostel that is part of the group\u00a0<a href=\"https:\/\/www.homehostelsvalencia.com\/\" target=\"_blank\" rel=\"noreferrer noopener\">H\u00f4me hostels Valencia<\/a>\u00a0and is located in the mythical and central Barrio el Carmen de Valencia, from where you can walk to almost any tourist place in the city. It has a common area and is distributed on 4 floors with rooms of different characteristics:<\/p>\n\n<ul class=\"wp-block-list\">\n<li>Private rooms with bathroom inside.<\/li>\n\n\n\n<li>Rooms with shared beds.<\/li>\n\n\n\n<li>Rooms exclusively for families.<\/li>\n\n\n\n<li>Rooms designed for groups of\u00a0<a href=\"https:\/\/feetuphostels.com\/es\/reserva-grupos\/\" target=\"_blank\" rel=\"noreferrer noopener\">different sizes<\/a>.<\/li>\n<\/ul>\n\n<p><\/p>\n\n<h3 class=\"wp-block-heading\" id=\"h-samay-hostel-nbsp-sevilla\"><a href=\"https:\/\/feetuphostels.com\/samay-hostel-seville\/\" target=\"_blank\" rel=\"noreferrer noopener\">Samay Hostel<\/a>\u00a0<a href=\"https:\/\/feetuphostels.com\/es\/hostels-sevilla\/\" target=\"_blank\" rel=\"noreferrer noopener\">Sevilla<\/a><\/h3>\n\n<p>This hostel is located on the well-known Avenida Menendez Pelayo in Seville, a short walk away from the centre of Seville.<\/p>\n\n<ul class=\"wp-block-list\">\n<li>Private rooms for couples and other types of rooms.<\/li>\n\n\n\n<li>Free Wifi throughout the Hostel.<\/li>\n\n\n\n<li>Rooftop terrace.<\/li>\n\n\n\n<li>Multilingual staff.<\/li>\n<\/ul>\n\n<p>This hostel is not currently part of the Feet Up hostels group, but we still recommend you to stay with them in Seville \ud83d\ude09<\/p>\n\n<p><\/p>\n\n<h3 class=\"wp-block-heading\" id=\"h-hostels-for-groups-group-bookings\"><a href=\"https:\/\/feetuphostels.com\/es\/reserva-grupos\/\" target=\"_blank\" rel=\"noreferrer noopener\">Hostels for groups \u2013 Group Bookings<\/a><\/h3>\n\n<p>All our hostels have perfectly adapted facilities to manage and accommodate different types of traveller groups:<\/p>\n\n<ul class=\"wp-block-list\">\n<li>Groups of friends visiting\u00a0<a href=\"https:\/\/travelingroup.com\/hostels-for-groups-valencia\/\" target=\"_blank\" rel=\"noreferrer noopener\">Valencia<\/a>.<\/li>\n\n\n\n<li>Sports groups Visiting\u00a0<a href=\"https:\/\/travelingroup.com\/hostels-for-groups-barcelona\/\" target=\"_blank\" rel=\"noreferrer noopener\">Barcelona<\/a>.<\/li>\n\n\n\n<li>School groups visiting Valencia.<\/li>\n\n\n\n<li>Erasmus Valencia groups and Erasmus Barcelona groups.<\/li>\n<\/ul>\n\n<p>If you are looking for a group-only experience, we invite you to visit our partner\u00a0<a href=\"https:\/\/travelingroup.com\/\" target=\"_blank\" rel=\"noreferrer noopener\">Travel in Group<\/a>\u00a0(From there they will help you)<\/p>\n\n<figure data-wp-context=\"{&quot;imageId&quot;:&quot;69db41292d02c&quot;}\" data-wp-interactive=\"core\/image\" data-wp-key=\"69db41292d02c\" class=\"wp-block-image size-full wp-lightbox-container\"><img fetchpriority=\"high\" decoding=\"async\" width=\"960\" height=\"650\" data-wp-class--hide=\"state.isContentHidden\" data-wp-class--show=\"state.isContentVisible\" data-wp-init=\"callbacks.setButtonStyles\" data-wp-on--click=\"actions.showLightbox\" data-wp-on--load=\"callbacks.setButtonStyles\" data-wp-on-window--resize=\"callbacks.setButtonStyles\" src=\"https:\/\/feetuphostels.com\/wp-content\/uploads\/2017\/01\/about-us01.jpg\" alt=\"Travel in Group by Feet Up Hostels\" class=\"wp-image-1994\" srcset=\"https:\/\/feetuphostels.com\/wp-content\/uploads\/2017\/01\/about-us01.jpg 960w, https:\/\/feetuphostels.com\/wp-content\/uploads\/2017\/01\/about-us01-300x203.jpg 300w, https:\/\/feetuphostels.com\/wp-content\/uploads\/2017\/01\/about-us01-768x520.jpg 768w, https:\/\/feetuphostels.com\/wp-content\/uploads\/2017\/01\/about-us01-216x146.jpg 216w, https:\/\/feetuphostels.com\/wp-content\/uploads\/2017\/01\/about-us01-50x34.jpg 50w, https:\/\/feetuphostels.com\/wp-content\/uploads\/2017\/01\/about-us01-111x75.jpg 111w\" sizes=\"(max-width: 960px) 100vw, 960px\" \/><button\n\t\t\tclass=\"lightbox-trigger\"\n\t\t\ttype=\"button\"\n\t\t\taria-haspopup=\"dialog\"\n\t\t\taria-label=\"Agrandar\"\n\t\t\tdata-wp-init=\"callbacks.initTriggerButton\"\n\t\t\tdata-wp-on--click=\"actions.showLightbox\"\n\t\t\tdata-wp-style--right=\"state.imageButtonRight\"\n\t\t\tdata-wp-style--top=\"state.imageButtonTop\"\n\t\t>\n\t\t\t<svg xmlns=\"http:\/\/www.w3.org\/2000\/svg\" width=\"12\" height=\"12\" fill=\"none\" viewBox=\"0 0 12 12\">\n\t\t\t\t<path fill=\"#fff\" d=\"M2 0a2 2 0 0 0-2 2v2h1.5V2a.5.5 0 0 1 .5-.5h2V0H2Zm2 10.5H2a.5.5 0 0 1-.5-.5V8H0v2a2 2 0 0 0 2 2h2v-1.5ZM8 12v-1.5h2a.5.5 0 0 0 .5-.5V8H12v2a2 2 0 0 1-2 2H8Zm2-12a2 2 0 0 1 2 2v2h-1.5V2a.5.5 0 0 0-.5-.5H8V0h2Z\" \/>\n\t\t\t<\/svg>\n\t\t<\/button><figcaption class=\"wp-element-caption\">Travel in Group by Feet Up Hostels<\/figcaption><\/figure>\n","protected":false},"excerpt":{"rendered":"<p>Feet Up Hostels y alojamientos en Barcelona y Valencia. Camas desde 10\u20ac. Albergues juveniles para mochileros. Friendliness Specialists. Albergues juveniles baratos y c\u00e9ntricos para viajeros y turistas que visitan Espa\u00f1a. Los mejores hostels de Barcelona y Valencia que forman parte del grupo Feet Up Hostels Espa\u00f1a, Nest Hostel Valencia y Home Hostels Valencia<\/p>\n","protected":false},"author":13,"featured_media":0,"parent":0,"menu_order":0,"comment_status":"closed","ping_status":"closed","template":"","meta":{"footnotes":""},"class_list":["post-220285","page","type-page","status-publish","hentry"],"yoast_head":"<!-- This site is optimized with the Yoast SEO plugin v27.3 - https:\/\/yoast.com\/product\/yoast-seo-wordpress\/ -->\n<title>Feet Up Hostels \ud83d\udecc Alojamientos para viajeros en Espa\u00f1a<\/title>\n<meta name=\"description\" content=\"Feet Up Hostels y alojamientos en Barcelona y Valencia. Camas desde 10\u20ac. Albergues juveniles para viajeros. El mejor precio Online\" \/>\n<meta name=\"robots\" content=\"index, follow, max-snippet:-1, max-image-preview:large, max-video-preview:-1\" \/>\n<link rel=\"canonical\" href=\"https:\/\/feetuphostels.com\/es\/\" \/>\n<meta property=\"og:locale\" content=\"es_ES\" \/>\n<meta property=\"og:type\" content=\"article\" \/>\n<meta property=\"og:title\" content=\"Feet Up Hostels \ud83d\udecc Alojamientos para viajeros en Espa\u00f1a\" \/>\n<meta property=\"og:description\" content=\"Feet Up Hostels y alojamientos en Barcelona y Valencia. Camas desde 10\u20ac. Albergues juveniles para viajeros. El mejor precio Online\" \/>\n<meta property=\"og:url\" content=\"https:\/\/feetuphostels.com\/es\/\" \/>\n<meta property=\"og:site_name\" content=\"Feet Up Hostels\" \/>\n<meta property=\"article:publisher\" content=\"https:\/\/facebook.com\/feetuphostelsgroup\" \/>\n<meta property=\"article:modified_time\" content=\"2024-11-01T15:00:11+00:00\" \/>\n<meta property=\"og:image\" content=\"https:\/\/feetuphostels.com\/wp-content\/uploads\/2017\/01\/about-us01.jpg\" \/>\n\t<meta property=\"og:image:width\" content=\"960\" \/>\n\t<meta property=\"og:image:height\" content=\"650\" \/>\n\t<meta property=\"og:image:type\" content=\"image\/jpeg\" \/>\n<meta name=\"twitter:card\" content=\"summary_large_image\" \/>\n<meta name=\"twitter:site\" content=\"@feetuphostels\" \/>\n<meta name=\"twitter:label1\" content=\"Tiempo de lectura\" \/>\n\t<meta name=\"twitter:data1\" content=\"4 minutos\" \/>\n<script type=\"application\/ld+json\" class=\"yoast-schema-graph\">{\"@context\":\"https:\\\/\\\/schema.org\",\"@graph\":[{\"@type\":\"WebPage\",\"@id\":\"https:\\\/\\\/feetuphostels.com\\\/es\\\/\",\"url\":\"https:\\\/\\\/feetuphostels.com\\\/es\\\/\",\"name\":\"Feet Up Hostels \ud83d\udecc Alojamientos para viajeros en Espa\u00f1a\",\"isPartOf\":{\"@id\":\"https:\\\/\\\/feetuphostels.com\\\/es\\\/#website\"},\"primaryImageOfPage\":{\"@id\":\"https:\\\/\\\/feetuphostels.com\\\/es\\\/#primaryimage\"},\"image\":{\"@id\":\"https:\\\/\\\/feetuphostels.com\\\/es\\\/#primaryimage\"},\"thumbnailUrl\":\"https:\\\/\\\/feetuphostels.com\\\/wp-content\\\/uploads\\\/2017\\\/01\\\/about-us01.jpg\",\"datePublished\":\"2024-03-28T10:24:58+00:00\",\"dateModified\":\"2024-11-01T15:00:11+00:00\",\"description\":\"Feet Up Hostels y alojamientos en Barcelona y Valencia. Camas desde 10\u20ac. Albergues juveniles para viajeros. El mejor precio Online\",\"breadcrumb\":{\"@id\":\"https:\\\/\\\/feetuphostels.com\\\/es\\\/#breadcrumb\"},\"inLanguage\":\"es\",\"potentialAction\":[{\"@type\":\"ReadAction\",\"target\":[\"https:\\\/\\\/feetuphostels.com\\\/es\\\/\"]}]},{\"@type\":\"ImageObject\",\"inLanguage\":\"es\",\"@id\":\"https:\\\/\\\/feetuphostels.com\\\/es\\\/#primaryimage\",\"url\":\"https:\\\/\\\/feetuphostels.com\\\/wp-content\\\/uploads\\\/2017\\\/01\\\/about-us01.jpg\",\"contentUrl\":\"https:\\\/\\\/feetuphostels.com\\\/wp-content\\\/uploads\\\/2017\\\/01\\\/about-us01.jpg\"},{\"@type\":\"BreadcrumbList\",\"@id\":\"https:\\\/\\\/feetuphostels.com\\\/es\\\/#breadcrumb\",\"itemListElement\":[{\"@type\":\"ListItem\",\"position\":1,\"name\":\"Home\",\"item\":\"https:\\\/\\\/feetuphostels.com\\\/es\\\/\"},{\"@type\":\"ListItem\",\"position\":2,\"name\":\"Feet Up Hostels\"}]},{\"@type\":\"WebSite\",\"@id\":\"https:\\\/\\\/feetuphostels.com\\\/es\\\/#website\",\"url\":\"https:\\\/\\\/feetuphostels.com\\\/es\\\/\",\"name\":\"Feet Up Hostels\",\"description\":\"Hostels y alojamiento en Valencia, Espa\u00f1a. Somos Friendliness Specialists\",\"publisher\":{\"@id\":\"https:\\\/\\\/feetuphostels.com\\\/es\\\/#organization\"},\"alternateName\":\"Feet Up Hostels\",\"potentialAction\":[{\"@type\":\"SearchAction\",\"target\":{\"@type\":\"EntryPoint\",\"urlTemplate\":\"https:\\\/\\\/feetuphostels.com\\\/es\\\/?s={search_term_string}\"},\"query-input\":{\"@type\":\"PropertyValueSpecification\",\"valueRequired\":true,\"valueName\":\"search_term_string\"}}],\"inLanguage\":\"es\"},{\"@type\":\"Organization\",\"@id\":\"https:\\\/\\\/feetuphostels.com\\\/es\\\/#organization\",\"name\":\"Feet Up Hostels\",\"alternateName\":\"Feet Up Hostels\",\"url\":\"https:\\\/\\\/feetuphostels.com\\\/es\\\/\",\"logo\":{\"@type\":\"ImageObject\",\"inLanguage\":\"es\",\"@id\":\"https:\\\/\\\/feetuphostels.com\\\/es\\\/#\\\/schema\\\/logo\\\/image\\\/\",\"url\":\"https:\\\/\\\/feetuphostels.com\\\/wp-content\\\/uploads\\\/2019\\\/01\\\/logo-web-amp-feetuphostels.svg\",\"contentUrl\":\"https:\\\/\\\/feetuphostels.com\\\/wp-content\\\/uploads\\\/2019\\\/01\\\/logo-web-amp-feetuphostels.svg\",\"width\":1,\"height\":1,\"caption\":\"Feet Up Hostels\"},\"image\":{\"@id\":\"https:\\\/\\\/feetuphostels.com\\\/es\\\/#\\\/schema\\\/logo\\\/image\\\/\"},\"sameAs\":[\"https:\\\/\\\/facebook.com\\\/feetuphostelsgroup\",\"https:\\\/\\\/x.com\\\/feetuphostels\",\"https:\\\/\\\/www.instagram.com\\\/feetuphostels\\\/\",\"https:\\\/\\\/www.tiktok.com\\\/@feetuphostels\",\"https:\\\/\\\/www.linkedin.com\\\/company\\\/feetuphostelsgroup\\\/\",\"https:\\\/\\\/www.pinterest.es\\\/FeetupHostels\\\/\",\"https:\\\/\\\/www.youtube.com\\\/feetuphostels\"]}]}<\/script>\n<!-- \/ Yoast SEO plugin. -->","yoast_head_json":{"title":"Feet Up Hostels \ud83d\udecc Alojamientos para viajeros en Espa\u00f1a","description":"Feet Up Hostels y alojamientos en Barcelona y Valencia. Camas desde 10\u20ac. Albergues juveniles para viajeros. El mejor precio Online","robots":{"index":"index","follow":"follow","max-snippet":"max-snippet:-1","max-image-preview":"max-image-preview:large","max-video-preview":"max-video-preview:-1"},"canonical":"https:\/\/feetuphostels.com\/es\/","og_locale":"es_ES","og_type":"article","og_title":"Feet Up Hostels \ud83d\udecc Alojamientos para viajeros en Espa\u00f1a","og_description":"Feet Up Hostels y alojamientos en Barcelona y Valencia. Camas desde 10\u20ac. Albergues juveniles para viajeros. El mejor precio Online","og_url":"https:\/\/feetuphostels.com\/es\/","og_site_name":"Feet Up Hostels","article_publisher":"https:\/\/facebook.com\/feetuphostelsgroup","article_modified_time":"2024-11-01T15:00:11+00:00","og_image":[{"width":960,"height":650,"url":"https:\/\/feetuphostels.com\/wp-content\/uploads\/2017\/01\/about-us01.jpg","type":"image\/jpeg"}],"twitter_card":"summary_large_image","twitter_site":"@feetuphostels","twitter_misc":{"Tiempo de lectura":"4 minutos"},"schema":{"@context":"https:\/\/schema.org","@graph":[{"@type":"WebPage","@id":"https:\/\/feetuphostels.com\/es\/","url":"https:\/\/feetuphostels.com\/es\/","name":"Feet Up Hostels \ud83d\udecc Alojamientos para viajeros en Espa\u00f1a","isPartOf":{"@id":"https:\/\/feetuphostels.com\/es\/#website"},"primaryImageOfPage":{"@id":"https:\/\/feetuphostels.com\/es\/#primaryimage"},"image":{"@id":"https:\/\/feetuphostels.com\/es\/#primaryimage"},"thumbnailUrl":"https:\/\/feetuphostels.com\/wp-content\/uploads\/2017\/01\/about-us01.jpg","datePublished":"2024-03-28T10:24:58+00:00","dateModified":"2024-11-01T15:00:11+00:00","description":"Feet Up Hostels y alojamientos en Barcelona y Valencia. Camas desde 10\u20ac. Albergues juveniles para viajeros. El mejor precio Online","breadcrumb":{"@id":"https:\/\/feetuphostels.com\/es\/#breadcrumb"},"inLanguage":"es","potentialAction":[{"@type":"ReadAction","target":["https:\/\/feetuphostels.com\/es\/"]}]},{"@type":"ImageObject","inLanguage":"es","@id":"https:\/\/feetuphostels.com\/es\/#primaryimage","url":"https:\/\/feetuphostels.com\/wp-content\/uploads\/2017\/01\/about-us01.jpg","contentUrl":"https:\/\/feetuphostels.com\/wp-content\/uploads\/2017\/01\/about-us01.jpg"},{"@type":"BreadcrumbList","@id":"https:\/\/feetuphostels.com\/es\/#breadcrumb","itemListElement":[{"@type":"ListItem","position":1,"name":"Home","item":"https:\/\/feetuphostels.com\/es\/"},{"@type":"ListItem","position":2,"name":"Feet Up Hostels"}]},{"@type":"WebSite","@id":"https:\/\/feetuphostels.com\/es\/#website","url":"https:\/\/feetuphostels.com\/es\/","name":"Feet Up Hostels","description":"Hostels y alojamiento en Valencia, Espa\u00f1a. Somos Friendliness Specialists","publisher":{"@id":"https:\/\/feetuphostels.com\/es\/#organization"},"alternateName":"Feet Up Hostels","potentialAction":[{"@type":"SearchAction","target":{"@type":"EntryPoint","urlTemplate":"https:\/\/feetuphostels.com\/es\/?s={search_term_string}"},"query-input":{"@type":"PropertyValueSpecification","valueRequired":true,"valueName":"search_term_string"}}],"inLanguage":"es"},{"@type":"Organization","@id":"https:\/\/feetuphostels.com\/es\/#organization","name":"Feet Up Hostels","alternateName":"Feet Up Hostels","url":"https:\/\/feetuphostels.com\/es\/","logo":{"@type":"ImageObject","inLanguage":"es","@id":"https:\/\/feetuphostels.com\/es\/#\/schema\/logo\/image\/","url":"https:\/\/feetuphostels.com\/wp-content\/uploads\/2019\/01\/logo-web-amp-feetuphostels.svg","contentUrl":"https:\/\/feetuphostels.com\/wp-content\/uploads\/2019\/01\/logo-web-amp-feetuphostels.svg","width":1,"height":1,"caption":"Feet Up Hostels"},"image":{"@id":"https:\/\/feetuphostels.com\/es\/#\/schema\/logo\/image\/"},"sameAs":["https:\/\/facebook.com\/feetuphostelsgroup","https:\/\/x.com\/feetuphostels","https:\/\/www.instagram.com\/feetuphostels\/","https:\/\/www.tiktok.com\/@feetuphostels","https:\/\/www.linkedin.com\/company\/feetuphostelsgroup\/","https:\/\/www.pinterest.es\/FeetupHostels\/","https:\/\/www.youtube.com\/feetuphostels"]}]}},"_links":{"self":[{"href":"https:\/\/feetuphostels.com\/es\/wp-json\/wp\/v2\/pages\/220285","targetHints":{"allow":["GET"]}}],"collection":[{"href":"https:\/\/feetuphostels.com\/es\/wp-json\/wp\/v2\/pages"}],"about":[{"href":"https:\/\/feetuphostels.com\/es\/wp-json\/wp\/v2\/types\/page"}],"author":[{"embeddable":true,"href":"https:\/\/feetuphostels.com\/es\/wp-json\/wp\/v2\/users\/13"}],"replies":[{"embeddable":true,"href":"https:\/\/feetuphostels.com\/es\/wp-json\/wp\/v2\/comments?post=220285"}],"version-history":[{"count":0,"href":"https:\/\/feetuphostels.com\/es\/wp-json\/wp\/v2\/pages\/220285\/revisions"}],"wp:attachment":[{"href":"https:\/\/feetuphostels.com\/es\/wp-json\/wp\/v2\/media?parent=220285"}],"curies":[{"name":"wp","href":"https:\/\/api.w.org\/{rel}","templated":true}]}}