{"id":216927,"date":"2023-05-31T15:52:25","date_gmt":"2023-05-31T13:52:25","guid":{"rendered":"https:\/\/feetuphostels.com\/nest-style-valencia-hotel\/"},"modified":"2024-11-07T13:16:22","modified_gmt":"2024-11-07T12:16:22","slug":"nest-style-valencia-hotel","status":"publish","type":"page","link":"https:\/\/feetuphostels.com\/es\/nest-style-valencia-hotel\/","title":{"rendered":"Nest Style Valencia Hotel"},"content":{"rendered":"\n<h1 class=\"wp-block-heading has-text-align-center\" id=\"h-welcome-to-nest-style\">Nest Style Hotel Valencia<\/h1>\n\n<h2 class=\"wp-block-heading\">Tu hogar lejos de casa en la Avenida del Puerto, Nest Style Valencia<\/h2>\n\n<h3 class=\"wp-block-heading\">\u00bfBuscas un hotel para alojarte en Valencia?<\/h3>\n\n<p>Te presentamos el Nest Style Valencia, un nuevo concepto de hotel, con habitaciones decoradas con colores vivos y finos acabados. Situado en la c\u00e9ntrica <a href=\"http:\/\/neststylevalencia.com\/location\" target=\"_blank\" rel=\"noreferrer noopener\">Avenida del Puerto 77<\/a>, a pocos metros del famoso Jard\u00edn del Turia (Causa Vieja del r\u00edo Turia), de la ciudad de las Artes y las Ciencias y de muchos otros lugares que descubrir en tu visita a Valencia.<\/p>\n\n<h3 class=\"wp-block-heading\">Habitaciones en Nest Style Valencia<\/h3>\n\n<p>El Nest Style Valencia cuenta con modernas habitaciones dise\u00f1adas pensando en tu comodidad.<\/p>\n\n<p>Desde nuestras habitaciones individuales hasta nuestras suites familiares, cada espacio ofrece un ambiente tranquilo y relajado, perfecto para descansar despu\u00e9s de un d\u00eda explorando la hermosa Valencia.<\/p>\n\n<h3 class=\"wp-block-heading\">Servicios hoteleros de primera clase<\/h3>\n\n<p>En Nest Style Valencia, nos esforzamos por ofrecerte una experiencia excepcional.<\/p>\n\n<p>Nuestro hotel cuenta con WiFi gratuito, servicio de habitaciones 24\/7, desayuno buffet con opciones locales y saludables, y un personal amable y dedicado que est\u00e1 listo para ayudarte en todo momento.<\/p>\n\n<h3 class=\"wp-block-heading\">Explora Valencia desde la Avenida del Puerto<\/h3>\n\n<p>Nuestra ubicaci\u00f3n en la Avenida del Puerto te sit\u00faa en el coraz\u00f3n de Valencia. Desde aqu\u00ed, puedes caminar hasta la Ciudad de las Artes y las Ciencias, disfrutar de la belleza del Parque Gulliver, o dar un paseo por el puerto y la playa de la Malvarrosa.<\/p>\n\n<p>Adem\u00e1s, estar\u00e1s rodeado de una variedad de restaurantes y bares donde podr\u00e1s saborear la aut\u00e9ntica paella valenciana.<\/p>\n\n<h3 class=\"wp-block-heading\">Reservas en Nest Style<\/h3>\n\n<p>Reserva tu estancia en Nest Style Valencia hoy mismo. Con nuestras tarifas competitivas, no encontrar\u00e1s una mejor opci\u00f3n de alojamiento en la Avenida del Puerto. \u00a1Esperamos darte la bienvenida pronto!<\/p>\n\n<h3 class=\"wp-block-heading\">Contacto<\/h3>\n\n<p>\u00bfTienes alguna pregunta? No dudes en ponerte en <a href=\"https:\/\/feetuphostels.com\/customer\/contact\/\">contacto con nosotros<\/a>. Nuestro equipo est\u00e1 listo para ayudarte a planificar la estancia perfecta en Valencia.<\/p>\n\n<div class=\"wp-block-essential-blocks-advanced-image\"><div class=\"eb-parent-wrapper eb-parent-eb-advanced-image-flbui2r \"><figure class=\"eb-advanced-image-wrapper eb-advanced-image-flbui2r img-style-rounded caption-style-1 caption-horizontal-center caption-vertical-bottom bottom zoom-in\" data-id=\"eb-advanced-image-flbui2r\"><div class=\"image-wrapper\"><img decoding=\"async\" src=\"https:\/\/feetuphostels.com\/wp-content\/uploads\/2019\/12\/06green-room-10-nest-style-valencia-2019.jpg\" alt=\"Nest Style Valencia | Habitaciones espaciosas disponibles\"><figcaption>Nest Style Valencia | Habitaciones espaciosas disponibles<\/figcaption><\/div><\/figure><\/div><\/div>\n\n<p>Descubre el confort y el estilo de Nest Style Valencia, tu mejor opci\u00f3n hotelera en la Avenida del Puerto. Descubre el confort y el estilo de Nest Style Valencia, tu mejor opci\u00f3n hotelera en la Avenida del Puerto.<\/p>\n\n<h2 class=\"wp-block-heading\">Descubre Valencia<\/h2>\n\n<p>Valencia es una ciudad llena de encanto y con muchos sitios de inter\u00e9s. A continuaci\u00f3n, te menciono algunos de los lugares tur\u00edsticos m\u00e1s populares cerca del Nest Style Valencia, y la distancia aproximada a cada uno de ellos:<\/p>\n\n<h3 class=\"wp-block-heading\">Ciudad de las Artes y las Ciencias<\/h3>\n\n<p>Esta joya arquitect\u00f3nica, que incluye un cine IMAX, un museo de ciencias, y el impresionante Oceanogr\u00e1fico, est\u00e1 a solo 2,5 km del hotel. \u00a1Es un lugar que no te puedes perder en Valencia!<\/p>\n\n<h3 class=\"wp-block-heading\">El Mercado Central<\/h3>\n\n<p>Este vibrante mercado, repleto de deliciosos productos locales, est\u00e1 a unos 3 km de distancia. Es el lugar perfecto para probar la aut\u00e9ntica cocina valenciana.<\/p>\n\n<h3 class=\"wp-block-heading\">La Catedral de Valencia y el Miguelete<\/h3>\n\n<p>Estos impresionantes monumentos hist\u00f3ricos, ubicados en el coraz\u00f3n de la ciudad vieja, se encuentran a unos 3,5 km del Nest Style Valencia.<\/p>\n\n<h3 class=\"wp-block-heading\">Jard\u00edn del Turia<\/h3>\n\n<p>Este parque lineal, que sol\u00eda ser un r\u00edo, est\u00e1 a unos 2 km de distancia. Es el lugar ideal para un paseo tranquilo o una carrera matutina.<\/p>\n\n<h3 class=\"wp-block-heading\">La Playa de la Malvarrosa<\/h3>\n\n<p>Esta popular playa de Valencia est\u00e1 a unos 4 km del hotel. Puedes llegar en autob\u00fas o, si te apetece, en una agradable caminata.<\/p>\n\n<p>Recuerda que estas distancias son aproximadas y pueden variar seg\u00fan la ruta que elijas para llegar a cada lugar.<\/p>\n\n<p>\u00a1Estoy seguro de que disfrutar\u00e1s explorando todo lo que Valencia tiene para ofrecer!<\/p>\n","protected":false},"excerpt":{"rendered":"<p>Pasi\u00f3n y dise\u00f1o en un hotel boutique en la Avenida del Puerto de Valencia con habitaciones amplias y luminosas en el Hotel Nest Style Valencia.<\/p>\n","protected":false},"author":13,"featured_media":82622,"parent":0,"menu_order":0,"comment_status":"closed","ping_status":"closed","template":"","meta":{"footnotes":""},"class_list":["post-216927","page","type-page","status-publish","has-post-thumbnail","hentry"],"yoast_head":"<!-- This site is optimized with the Yoast SEO plugin v27.4 - https:\/\/yoast.com\/product\/yoast-seo-wordpress\/ -->\n<title>Nest Style Valencia. Un hotel boutique con pasi\u00f3n y dise\u00f1o<\/title>\n<meta name=\"description\" content=\"Nest Style Valencia. Un hotel boutique con Pasi\u00f3n y Dise\u00f1o en la Avenida del Puerto de Valencia con habitaciones amplias y luminosas\" \/>\n<meta name=\"robots\" content=\"index, follow, max-snippet:-1, max-image-preview:large, max-video-preview:-1\" \/>\n<link rel=\"canonical\" href=\"https:\/\/feetuphostels.com\/es\/nest-style-valencia-hotel\/\" \/>\n<meta property=\"og:locale\" content=\"es_ES\" \/>\n<meta property=\"og:type\" content=\"article\" \/>\n<meta property=\"og:title\" content=\"Nest Style Valencia. Un hotel boutique con pasi\u00f3n y dise\u00f1o\" \/>\n<meta property=\"og:description\" content=\"Nest Style Valencia. Un hotel boutique con Pasi\u00f3n y Dise\u00f1o en la Avenida del Puerto de Valencia con habitaciones amplias y luminosas\" \/>\n<meta property=\"og:url\" content=\"https:\/\/feetuphostels.com\/es\/nest-style-valencia-hotel\/\" \/>\n<meta property=\"og:site_name\" content=\"Feet Up Hostels\" \/>\n<meta property=\"article:publisher\" content=\"https:\/\/facebook.com\/feetuphostelsgroup\" \/>\n<meta property=\"article:modified_time\" content=\"2024-11-07T12:16:22+00:00\" \/>\n<meta property=\"og:image\" content=\"https:\/\/feetuphostels.com\/wp-content\/uploads\/2019\/12\/06green-room-10-nest-style-valencia-2019.jpg\" \/>\n\t<meta property=\"og:image:width\" content=\"1619\" \/>\n\t<meta property=\"og:image:height\" content=\"1080\" \/>\n\t<meta property=\"og:image:type\" content=\"image\/jpeg\" \/>\n<meta name=\"twitter:card\" content=\"summary_large_image\" \/>\n<meta name=\"twitter:site\" content=\"@feetuphostels\" \/>\n<meta name=\"twitter:label1\" content=\"Tiempo de lectura\" \/>\n\t<meta name=\"twitter:data1\" content=\"3 minutos\" \/>\n<script type=\"application\/ld+json\" class=\"yoast-schema-graph\">{\"@context\":\"https:\\\/\\\/schema.org\",\"@graph\":[{\"@type\":\"WebPage\",\"@id\":\"https:\\\/\\\/feetuphostels.com\\\/es\\\/nest-style-valencia-hotel\\\/\",\"url\":\"https:\\\/\\\/feetuphostels.com\\\/es\\\/nest-style-valencia-hotel\\\/\",\"name\":\"Nest Style Valencia. Un hotel boutique con pasi\u00f3n y dise\u00f1o\",\"isPartOf\":{\"@id\":\"https:\\\/\\\/feetuphostels.com\\\/es\\\/#website\"},\"primaryImageOfPage\":{\"@id\":\"https:\\\/\\\/feetuphostels.com\\\/es\\\/nest-style-valencia-hotel\\\/#primaryimage\"},\"image\":{\"@id\":\"https:\\\/\\\/feetuphostels.com\\\/es\\\/nest-style-valencia-hotel\\\/#primaryimage\"},\"thumbnailUrl\":\"https:\\\/\\\/feetuphostels.com\\\/wp-content\\\/uploads\\\/2019\\\/12\\\/06green-room-10-nest-style-valencia-2019.jpg\",\"datePublished\":\"2023-05-31T13:52:25+00:00\",\"dateModified\":\"2024-11-07T12:16:22+00:00\",\"description\":\"Nest Style Valencia. Un hotel boutique con Pasi\u00f3n y Dise\u00f1o en la Avenida del Puerto de Valencia con habitaciones amplias y luminosas\",\"breadcrumb\":{\"@id\":\"https:\\\/\\\/feetuphostels.com\\\/es\\\/nest-style-valencia-hotel\\\/#breadcrumb\"},\"inLanguage\":\"es\",\"potentialAction\":[{\"@type\":\"ReadAction\",\"target\":[\"https:\\\/\\\/feetuphostels.com\\\/es\\\/nest-style-valencia-hotel\\\/\"]}]},{\"@type\":\"ImageObject\",\"inLanguage\":\"es\",\"@id\":\"https:\\\/\\\/feetuphostels.com\\\/es\\\/nest-style-valencia-hotel\\\/#primaryimage\",\"url\":\"https:\\\/\\\/feetuphostels.com\\\/wp-content\\\/uploads\\\/2019\\\/12\\\/06green-room-10-nest-style-valencia-2019.jpg\",\"contentUrl\":\"https:\\\/\\\/feetuphostels.com\\\/wp-content\\\/uploads\\\/2019\\\/12\\\/06green-room-10-nest-style-valencia-2019.jpg\",\"width\":1619,\"height\":1080,\"caption\":\"Nest Style Valencia | Habitaciones espaciosas disponibles\"},{\"@type\":\"BreadcrumbList\",\"@id\":\"https:\\\/\\\/feetuphostels.com\\\/es\\\/nest-style-valencia-hotel\\\/#breadcrumb\",\"itemListElement\":[{\"@type\":\"ListItem\",\"position\":1,\"name\":\"Home\",\"item\":\"https:\\\/\\\/feetuphostels.com\\\/es\\\/\"},{\"@type\":\"ListItem\",\"position\":2,\"name\":\"Nest Style Valencia Hotel\"}]},{\"@type\":\"WebSite\",\"@id\":\"https:\\\/\\\/feetuphostels.com\\\/es\\\/#website\",\"url\":\"https:\\\/\\\/feetuphostels.com\\\/es\\\/\",\"name\":\"Feet Up Hostels\",\"description\":\"Hostels y alojamiento en Valencia, Espa\u00f1a. Somos Friendliness Specialists\",\"publisher\":{\"@id\":\"https:\\\/\\\/feetuphostels.com\\\/es\\\/#organization\"},\"alternateName\":\"Feet Up Hostels\",\"potentialAction\":[{\"@type\":\"SearchAction\",\"target\":{\"@type\":\"EntryPoint\",\"urlTemplate\":\"https:\\\/\\\/feetuphostels.com\\\/es\\\/?s={search_term_string}\"},\"query-input\":{\"@type\":\"PropertyValueSpecification\",\"valueRequired\":true,\"valueName\":\"search_term_string\"}}],\"inLanguage\":\"es\"},{\"@type\":\"Organization\",\"@id\":\"https:\\\/\\\/feetuphostels.com\\\/es\\\/#organization\",\"name\":\"Feet Up Hostels\",\"alternateName\":\"Feet Up Hostels\",\"url\":\"https:\\\/\\\/feetuphostels.com\\\/es\\\/\",\"logo\":{\"@type\":\"ImageObject\",\"inLanguage\":\"es\",\"@id\":\"https:\\\/\\\/feetuphostels.com\\\/es\\\/#\\\/schema\\\/logo\\\/image\\\/\",\"url\":\"https:\\\/\\\/feetuphostels.com\\\/wp-content\\\/uploads\\\/2019\\\/01\\\/logo-web-amp-feetuphostels.svg\",\"contentUrl\":\"https:\\\/\\\/feetuphostels.com\\\/wp-content\\\/uploads\\\/2019\\\/01\\\/logo-web-amp-feetuphostels.svg\",\"width\":1,\"height\":1,\"caption\":\"Feet Up Hostels\"},\"image\":{\"@id\":\"https:\\\/\\\/feetuphostels.com\\\/es\\\/#\\\/schema\\\/logo\\\/image\\\/\"},\"sameAs\":[\"https:\\\/\\\/facebook.com\\\/feetuphostelsgroup\",\"https:\\\/\\\/x.com\\\/feetuphostels\",\"https:\\\/\\\/www.instagram.com\\\/feetuphostels\\\/\",\"https:\\\/\\\/www.tiktok.com\\\/@feetuphostels\",\"https:\\\/\\\/www.linkedin.com\\\/company\\\/feetuphostelsgroup\\\/\",\"https:\\\/\\\/www.pinterest.es\\\/FeetupHostels\\\/\",\"https:\\\/\\\/www.youtube.com\\\/feetuphostels\"]}]}<\/script>\n<!-- \/ Yoast SEO plugin. -->","yoast_head_json":{"title":"Nest Style Valencia. Un hotel boutique con pasi\u00f3n y dise\u00f1o","description":"Nest Style Valencia. Un hotel boutique con Pasi\u00f3n y Dise\u00f1o en la Avenida del Puerto de Valencia con habitaciones amplias y luminosas","robots":{"index":"index","follow":"follow","max-snippet":"max-snippet:-1","max-image-preview":"max-image-preview:large","max-video-preview":"max-video-preview:-1"},"canonical":"https:\/\/feetuphostels.com\/es\/nest-style-valencia-hotel\/","og_locale":"es_ES","og_type":"article","og_title":"Nest Style Valencia. Un hotel boutique con pasi\u00f3n y dise\u00f1o","og_description":"Nest Style Valencia. Un hotel boutique con Pasi\u00f3n y Dise\u00f1o en la Avenida del Puerto de Valencia con habitaciones amplias y luminosas","og_url":"https:\/\/feetuphostels.com\/es\/nest-style-valencia-hotel\/","og_site_name":"Feet Up Hostels","article_publisher":"https:\/\/facebook.com\/feetuphostelsgroup","article_modified_time":"2024-11-07T12:16:22+00:00","og_image":[{"width":1619,"height":1080,"url":"https:\/\/feetuphostels.com\/wp-content\/uploads\/2019\/12\/06green-room-10-nest-style-valencia-2019.jpg","type":"image\/jpeg"}],"twitter_card":"summary_large_image","twitter_site":"@feetuphostels","twitter_misc":{"Tiempo de lectura":"3 minutos"},"schema":{"@context":"https:\/\/schema.org","@graph":[{"@type":"WebPage","@id":"https:\/\/feetuphostels.com\/es\/nest-style-valencia-hotel\/","url":"https:\/\/feetuphostels.com\/es\/nest-style-valencia-hotel\/","name":"Nest Style Valencia. Un hotel boutique con pasi\u00f3n y dise\u00f1o","isPartOf":{"@id":"https:\/\/feetuphostels.com\/es\/#website"},"primaryImageOfPage":{"@id":"https:\/\/feetuphostels.com\/es\/nest-style-valencia-hotel\/#primaryimage"},"image":{"@id":"https:\/\/feetuphostels.com\/es\/nest-style-valencia-hotel\/#primaryimage"},"thumbnailUrl":"https:\/\/feetuphostels.com\/wp-content\/uploads\/2019\/12\/06green-room-10-nest-style-valencia-2019.jpg","datePublished":"2023-05-31T13:52:25+00:00","dateModified":"2024-11-07T12:16:22+00:00","description":"Nest Style Valencia. Un hotel boutique con Pasi\u00f3n y Dise\u00f1o en la Avenida del Puerto de Valencia con habitaciones amplias y luminosas","breadcrumb":{"@id":"https:\/\/feetuphostels.com\/es\/nest-style-valencia-hotel\/#breadcrumb"},"inLanguage":"es","potentialAction":[{"@type":"ReadAction","target":["https:\/\/feetuphostels.com\/es\/nest-style-valencia-hotel\/"]}]},{"@type":"ImageObject","inLanguage":"es","@id":"https:\/\/feetuphostels.com\/es\/nest-style-valencia-hotel\/#primaryimage","url":"https:\/\/feetuphostels.com\/wp-content\/uploads\/2019\/12\/06green-room-10-nest-style-valencia-2019.jpg","contentUrl":"https:\/\/feetuphostels.com\/wp-content\/uploads\/2019\/12\/06green-room-10-nest-style-valencia-2019.jpg","width":1619,"height":1080,"caption":"Nest Style Valencia | Habitaciones espaciosas disponibles"},{"@type":"BreadcrumbList","@id":"https:\/\/feetuphostels.com\/es\/nest-style-valencia-hotel\/#breadcrumb","itemListElement":[{"@type":"ListItem","position":1,"name":"Home","item":"https:\/\/feetuphostels.com\/es\/"},{"@type":"ListItem","position":2,"name":"Nest Style Valencia Hotel"}]},{"@type":"WebSite","@id":"https:\/\/feetuphostels.com\/es\/#website","url":"https:\/\/feetuphostels.com\/es\/","name":"Feet Up Hostels","description":"Hostels y alojamiento en Valencia, Espa\u00f1a. Somos Friendliness Specialists","publisher":{"@id":"https:\/\/feetuphostels.com\/es\/#organization"},"alternateName":"Feet Up Hostels","potentialAction":[{"@type":"SearchAction","target":{"@type":"EntryPoint","urlTemplate":"https:\/\/feetuphostels.com\/es\/?s={search_term_string}"},"query-input":{"@type":"PropertyValueSpecification","valueRequired":true,"valueName":"search_term_string"}}],"inLanguage":"es"},{"@type":"Organization","@id":"https:\/\/feetuphostels.com\/es\/#organization","name":"Feet Up Hostels","alternateName":"Feet Up Hostels","url":"https:\/\/feetuphostels.com\/es\/","logo":{"@type":"ImageObject","inLanguage":"es","@id":"https:\/\/feetuphostels.com\/es\/#\/schema\/logo\/image\/","url":"https:\/\/feetuphostels.com\/wp-content\/uploads\/2019\/01\/logo-web-amp-feetuphostels.svg","contentUrl":"https:\/\/feetuphostels.com\/wp-content\/uploads\/2019\/01\/logo-web-amp-feetuphostels.svg","width":1,"height":1,"caption":"Feet Up Hostels"},"image":{"@id":"https:\/\/feetuphostels.com\/es\/#\/schema\/logo\/image\/"},"sameAs":["https:\/\/facebook.com\/feetuphostelsgroup","https:\/\/x.com\/feetuphostels","https:\/\/www.instagram.com\/feetuphostels\/","https:\/\/www.tiktok.com\/@feetuphostels","https:\/\/www.linkedin.com\/company\/feetuphostelsgroup\/","https:\/\/www.pinterest.es\/FeetupHostels\/","https:\/\/www.youtube.com\/feetuphostels"]}]}},"_links":{"self":[{"href":"https:\/\/feetuphostels.com\/es\/wp-json\/wp\/v2\/pages\/216927","targetHints":{"allow":["GET"]}}],"collection":[{"href":"https:\/\/feetuphostels.com\/es\/wp-json\/wp\/v2\/pages"}],"about":[{"href":"https:\/\/feetuphostels.com\/es\/wp-json\/wp\/v2\/types\/page"}],"author":[{"embeddable":true,"href":"https:\/\/feetuphostels.com\/es\/wp-json\/wp\/v2\/users\/13"}],"replies":[{"embeddable":true,"href":"https:\/\/feetuphostels.com\/es\/wp-json\/wp\/v2\/comments?post=216927"}],"version-history":[{"count":0,"href":"https:\/\/feetuphostels.com\/es\/wp-json\/wp\/v2\/pages\/216927\/revisions"}],"wp:featuredmedia":[{"embeddable":true,"href":"https:\/\/feetuphostels.com\/es\/wp-json\/wp\/v2\/media\/82622"}],"wp:attachment":[{"href":"https:\/\/feetuphostels.com\/es\/wp-json\/wp\/v2\/media?parent=216927"}],"curies":[{"name":"wp","href":"https:\/\/api.w.org\/{rel}","templated":true}]}}