{"id":216224,"date":"2023-05-17T17:09:54","date_gmt":"2023-05-17T15:09:54","guid":{"rendered":"https:\/\/feetuphostels.com\/declaracion-eco-friendly-%e2%99%bb%ef%b8%8f\/"},"modified":"2024-11-04T17:52:07","modified_gmt":"2024-11-04T16:52:07","slug":"declaracion-eco-friendly-%e2%99%bb%ef%b8%8f","status":"publish","type":"page","link":"https:\/\/feetuphostels.com\/es\/declaracion-eco-friendly-%e2%99%bb%ef%b8%8f\/","title":{"rendered":"Declaraci\u00f3n Eco-Friendly \u267b\ufe0f"},"content":{"rendered":"\n<h1 class=\"wp-block-heading has-text-align-center\" id=\"h-eco-friendly-statement\">Declaraci\u00f3n ecol\u00f3gica \u267b\ufe0f<\/h1>\n\n<h2 class=\"wp-block-heading has-text-align-center\">S\u00f3lo tenemos un planeta<\/h2>\n\n<h3 class=\"wp-block-heading has-text-align-center\">El cambio comienza con peque\u00f1os gestos.<\/h3>\n\n<h4 class=\"wp-block-heading has-text-align-center\">Si el clima est\u00e1 cambiando, \u00bftambi\u00e9n podemos hacerlo nosotros y cuidarlo?<\/h4>\n\n<div style=\"height:50px\" aria-hidden=\"true\" class=\"wp-block-spacer\"><\/div>\n\n<div class=\"wp-block-columns is-layout-flex wp-container-core-columns-is-layout-28f84493 wp-block-columns-is-layout-flex\">\n<div class=\"wp-block-column is-layout-flow wp-block-column-is-layout-flow\">\n<div class=\"wp-block-group is-content-justification-center is-nowrap is-layout-flex wp-container-core-group-is-layout-23441af8 wp-block-group-is-layout-flex\">\n<span class=\"material-symbols-sharp md-48\" style=\"font-size:80px;\">tips_and_updates<\/span>\n<\/div>\n\n\n\n<h2 class=\"wp-block-heading has-text-align-center\">Reciclamos<\/h2>\n\n\n\n<p class=\"has-text-align-center\">Todas las pilas y bombillas<\/p>\n<\/div>\n\n\n\n<div class=\"wp-block-column is-layout-flow wp-block-column-is-layout-flow\">\n<div class=\"wp-block-group is-content-justification-center is-layout-flex wp-container-core-group-is-layout-b02886af wp-block-group-is-layout-flex\">\n<span class=\"material-symbols-sharp md-48\" style=\"font-size:80px;\">water_bottle<\/span>\n<\/div>\n\n\n\n<h2 class=\"wp-block-heading has-text-align-center\">Reciclamos<\/h2>\n\n\n\n<p class=\"has-text-align-center\">Gran parte del pl\u00e1stico y los envases<\/p>\n<\/div>\n\n\n\n<div class=\"wp-block-column is-layout-flow wp-block-column-is-layout-flow\">\n<div class=\"wp-block-group is-content-justification-center is-nowrap is-layout-flex wp-container-core-group-is-layout-23441af8 wp-block-group-is-layout-flex\">\n<span class=\"material-symbols-sharp md-48\" style=\"font-size:80px;\">laundry<\/span>\r\n<\/div>\n\n\n\n<h2 class=\"wp-block-heading has-text-align-center\">Damos<\/h2>\n\n\n\n<p class=\"has-text-align-center\">Otra vida a la ropa de cama vieja<\/p>\n<\/div>\n<\/div>\n\n<div class=\"wp-block-columns is-layout-flex wp-container-core-columns-is-layout-28f84493 wp-block-columns-is-layout-flex\">\n<div class=\"wp-block-column is-layout-flow wp-block-column-is-layout-flow\">\n<div class=\"wp-block-group is-content-justification-center is-nowrap is-layout-flex wp-container-core-group-is-layout-23441af8 wp-block-group-is-layout-flex\">\n<span class=\"material-symbols-sharp md-48\" style=\"font-size:80px;\">tips_and_updates<\/span>\n<\/div>\n\n\n\n<h2 class=\"wp-block-heading has-text-align-center\">Clima<\/h2>\n\n\n\n<p class=\"has-text-align-center\">Nuestros aparatos de aire acondicionado son eficientes energ\u00e9ticamente<\/p>\n<\/div>\n\n\n\n<div class=\"wp-block-column is-layout-flow wp-block-column-is-layout-flow\">\n<div class=\"wp-block-group is-content-justification-center is-nowrap is-layout-flex wp-container-core-group-is-layout-23441af8 wp-block-group-is-layout-flex\">\n<span class=\"material-symbols-sharp md-48\" style=\"font-size:80px;\">water_bottle<\/span>\n<\/div>\n\n\n\n<h2 class=\"wp-block-heading has-text-align-center\">Reutilizamos<\/h2>\n\n\n\n<p class=\"has-text-align-center\">Hojas de papel imprimibles<\/p>\n<\/div>\n\n\n\n<div class=\"wp-block-column is-layout-flow wp-block-column-is-layout-flow\">\n<div class=\"wp-block-group is-content-justification-center is-nowrap is-layout-flex wp-container-core-group-is-layout-23441af8 wp-block-group-is-layout-flex\">\n<span class=\"material-symbols-sharp md-48\" style=\"font-size:80px;\">charger<\/span>\r\n<\/div>\n\n\n\n<h2 class=\"wp-block-heading has-text-align-center\">Tenemos<\/h2>\n\n\n\n<p class=\"has-text-align-center\">Aparatos de clase A++<\/p>\n<\/div>\n<\/div>\n\n<div style=\"height:50px\" aria-hidden=\"true\" class=\"wp-block-spacer\"><\/div>\n\n<h3 class=\"wp-block-heading\">En nuestros albergues juveniles.<\/h3>\n\n<ul class=\"wp-block-list\">\n<li>Reciclamos pilas y bombillas<\/li>\n\n\n\n<li>Reciclamos el vidrio.<\/li>\n\n\n\n<li>Reciclamos el papel<\/li>\n\n\n\n<li>Reciclamos pl\u00e1stico y envases.<\/li>\n\n\n\n<li>No utilizamos pajitas de pl\u00e1stico.<\/li>\n\n\n\n<li>Hemos reducido gran parte del pl\u00e1stico desechable.<\/li>\n\n\n\n<li>No desperdiciamos comida.<\/li>\n\n\n\n<li>Utilizamos papel higi\u00e9nico reciclado.<\/li>\n\n\n\n<li>Reutilizamos el papel de impresora.<\/li>\n\n\n\n<li>Damos otra vida a la ropa de cama vieja.<\/li>\n<\/ul>\n\n<h3 class=\"wp-block-heading\">Nuestras instalaciones son ecol\u00f3gicas<\/h3>\n\n<ul class=\"wp-block-list\">\n<li>Utilizamos electrodom\u00e9sticos de clase A++.<\/li>\n\n\n\n<li>Nuestros aparatos de aire acondicionado son eficientes energ\u00e9ticamente.<\/li>\n\n\n\n<li>Utilizamos bombillas LED para reducir el consumo de energ\u00eda<\/li>\n\n\n\n<li>Nuestras cisternas de inodoro consumen poca agua.<\/li>\n<\/ul>\n\n<p><\/p>\n\n<p><\/p>\n","protected":false},"excerpt":{"rendered":"<p>\u00abDeclaraci\u00f3n Ecol\u00f3gica\u00bb. En nuestros albergues juveniles reciclamos pilas y bombillas, reciclamos vidrio, reciclamos papel, reciclamos pl\u00e1stico y envases, no utilizamos pajitas de pl\u00e1stico, hemos reducido mucho el pl\u00e1stico desechable, aprovechamos la comida para que no se tire, utilizamos papel higi\u00e9nico reciclado, reutilizamos folios para imprimir, damos otra vida a la ropa de cama vieja. Nuestras instalaciones son ecol\u00f3gicas, tenemos electrodom\u00e9sticos de clase A++, los aparatos de aire acondicionado son de bajo consumo, utilizamos bombillas LED para reducir el gasto energ\u00e9tico, nuestros dep\u00f3sitos consumen poca agua.<\/p>\n","protected":false},"author":13,"featured_media":89135,"parent":0,"menu_order":0,"comment_status":"closed","ping_status":"closed","template":"","meta":{"footnotes":""},"class_list":["post-216224","page","type-page","status-publish","has-post-thumbnail","hentry"],"yoast_head":"<!-- This site is optimized with the Yoast SEO plugin v27.4 - https:\/\/yoast.com\/product\/yoast-seo-wordpress\/ -->\n<title>Declaraci\u00f3n ecol\u00f3gica. En nuestros albergues juveniles reciclamos todo<\/title>\n<meta name=\"description\" content=\"Declaraci\u00f3n Ecol\u00f3gica. En nuestros albergues juveniles reciclamos pilas y bombillas, reciclamos vidrio, reciclamos papel, pl\u00e1stico\" \/>\n<meta name=\"robots\" content=\"index, follow, max-snippet:-1, max-image-preview:large, max-video-preview:-1\" \/>\n<link rel=\"canonical\" href=\"https:\/\/feetuphostels.com\/es\/declaracion-eco-friendly-%e2%99%bb%ef%b8%8f\/\" \/>\n<meta property=\"og:locale\" content=\"es_ES\" \/>\n<meta property=\"og:type\" content=\"article\" \/>\n<meta property=\"og:title\" content=\"Declaraci\u00f3n ecol\u00f3gica. En nuestros albergues juveniles reciclamos todo\" \/>\n<meta property=\"og:description\" content=\"Declaraci\u00f3n Ecol\u00f3gica. En nuestros albergues juveniles reciclamos pilas y bombillas, reciclamos vidrio, reciclamos papel, pl\u00e1stico\" \/>\n<meta property=\"og:url\" content=\"https:\/\/feetuphostels.com\/es\/declaracion-eco-friendly-%e2%99%bb%ef%b8%8f\/\" \/>\n<meta property=\"og:site_name\" content=\"Feet Up Hostels\" \/>\n<meta property=\"article:publisher\" content=\"https:\/\/facebook.com\/feetuphostelsgroup\" \/>\n<meta property=\"article:modified_time\" content=\"2024-11-04T16:52:07+00:00\" \/>\n<meta property=\"og:image\" content=\"https:\/\/feetuphostels.com\/wp-content\/uploads\/2020\/01\/eco-friendly-feetup-hostels2.jpg\" \/>\n\t<meta property=\"og:image:width\" content=\"900\" \/>\n\t<meta property=\"og:image:height\" content=\"626\" \/>\n\t<meta property=\"og:image:type\" content=\"image\/jpeg\" \/>\n<meta name=\"twitter:card\" content=\"summary_large_image\" \/>\n<meta name=\"twitter:site\" content=\"@feetuphostels\" \/>\n<meta name=\"twitter:label1\" content=\"Tiempo de lectura\" \/>\n\t<meta name=\"twitter:data1\" content=\"1 minuto\" \/>\n<script type=\"application\/ld+json\" class=\"yoast-schema-graph\">{\"@context\":\"https:\\\/\\\/schema.org\",\"@graph\":[{\"@type\":\"WebPage\",\"@id\":\"https:\\\/\\\/feetuphostels.com\\\/es\\\/declaracion-eco-friendly-%e2%99%bb%ef%b8%8f\\\/\",\"url\":\"https:\\\/\\\/feetuphostels.com\\\/es\\\/declaracion-eco-friendly-%e2%99%bb%ef%b8%8f\\\/\",\"name\":\"Declaraci\u00f3n ecol\u00f3gica. En nuestros albergues juveniles reciclamos todo\",\"isPartOf\":{\"@id\":\"https:\\\/\\\/feetuphostels.com\\\/es\\\/#website\"},\"primaryImageOfPage\":{\"@id\":\"https:\\\/\\\/feetuphostels.com\\\/es\\\/declaracion-eco-friendly-%e2%99%bb%ef%b8%8f\\\/#primaryimage\"},\"image\":{\"@id\":\"https:\\\/\\\/feetuphostels.com\\\/es\\\/declaracion-eco-friendly-%e2%99%bb%ef%b8%8f\\\/#primaryimage\"},\"thumbnailUrl\":\"https:\\\/\\\/feetuphostels.com\\\/wp-content\\\/uploads\\\/2020\\\/01\\\/eco-friendly-feetup-hostels2.jpg\",\"datePublished\":\"2023-05-17T15:09:54+00:00\",\"dateModified\":\"2024-11-04T16:52:07+00:00\",\"description\":\"Declaraci\u00f3n Ecol\u00f3gica. En nuestros albergues juveniles reciclamos pilas y bombillas, reciclamos vidrio, reciclamos papel, pl\u00e1stico\",\"breadcrumb\":{\"@id\":\"https:\\\/\\\/feetuphostels.com\\\/es\\\/declaracion-eco-friendly-%e2%99%bb%ef%b8%8f\\\/#breadcrumb\"},\"inLanguage\":\"es\",\"potentialAction\":[{\"@type\":\"ReadAction\",\"target\":[\"https:\\\/\\\/feetuphostels.com\\\/es\\\/declaracion-eco-friendly-%e2%99%bb%ef%b8%8f\\\/\"]}]},{\"@type\":\"ImageObject\",\"inLanguage\":\"es\",\"@id\":\"https:\\\/\\\/feetuphostels.com\\\/es\\\/declaracion-eco-friendly-%e2%99%bb%ef%b8%8f\\\/#primaryimage\",\"url\":\"https:\\\/\\\/feetuphostels.com\\\/wp-content\\\/uploads\\\/2020\\\/01\\\/eco-friendly-feetup-hostels2.jpg\",\"contentUrl\":\"https:\\\/\\\/feetuphostels.com\\\/wp-content\\\/uploads\\\/2020\\\/01\\\/eco-friendly-feetup-hostels2.jpg\",\"width\":900,\"height\":626,\"caption\":\"Declaraci\u00f3n de somos Ecol\u00f3gicos de Feet Up Hostels\"},{\"@type\":\"BreadcrumbList\",\"@id\":\"https:\\\/\\\/feetuphostels.com\\\/es\\\/declaracion-eco-friendly-%e2%99%bb%ef%b8%8f\\\/#breadcrumb\",\"itemListElement\":[{\"@type\":\"ListItem\",\"position\":1,\"name\":\"Home\",\"item\":\"https:\\\/\\\/feetuphostels.com\\\/es\\\/\"},{\"@type\":\"ListItem\",\"position\":2,\"name\":\"Declaraci\u00f3n Eco-Friendly \u267b\ufe0f\"}]},{\"@type\":\"WebSite\",\"@id\":\"https:\\\/\\\/feetuphostels.com\\\/es\\\/#website\",\"url\":\"https:\\\/\\\/feetuphostels.com\\\/es\\\/\",\"name\":\"Feet Up Hostels\",\"description\":\"Hostels y alojamiento en Valencia, Espa\u00f1a. Somos Friendliness Specialists\",\"publisher\":{\"@id\":\"https:\\\/\\\/feetuphostels.com\\\/es\\\/#organization\"},\"alternateName\":\"Feet Up Hostels\",\"potentialAction\":[{\"@type\":\"SearchAction\",\"target\":{\"@type\":\"EntryPoint\",\"urlTemplate\":\"https:\\\/\\\/feetuphostels.com\\\/es\\\/?s={search_term_string}\"},\"query-input\":{\"@type\":\"PropertyValueSpecification\",\"valueRequired\":true,\"valueName\":\"search_term_string\"}}],\"inLanguage\":\"es\"},{\"@type\":\"Organization\",\"@id\":\"https:\\\/\\\/feetuphostels.com\\\/es\\\/#organization\",\"name\":\"Feet Up Hostels\",\"alternateName\":\"Feet Up Hostels\",\"url\":\"https:\\\/\\\/feetuphostels.com\\\/es\\\/\",\"logo\":{\"@type\":\"ImageObject\",\"inLanguage\":\"es\",\"@id\":\"https:\\\/\\\/feetuphostels.com\\\/es\\\/#\\\/schema\\\/logo\\\/image\\\/\",\"url\":\"https:\\\/\\\/feetuphostels.com\\\/wp-content\\\/uploads\\\/2019\\\/01\\\/logo-web-amp-feetuphostels.svg\",\"contentUrl\":\"https:\\\/\\\/feetuphostels.com\\\/wp-content\\\/uploads\\\/2019\\\/01\\\/logo-web-amp-feetuphostels.svg\",\"width\":1,\"height\":1,\"caption\":\"Feet Up Hostels\"},\"image\":{\"@id\":\"https:\\\/\\\/feetuphostels.com\\\/es\\\/#\\\/schema\\\/logo\\\/image\\\/\"},\"sameAs\":[\"https:\\\/\\\/facebook.com\\\/feetuphostelsgroup\",\"https:\\\/\\\/x.com\\\/feetuphostels\",\"https:\\\/\\\/www.instagram.com\\\/feetuphostels\\\/\",\"https:\\\/\\\/www.tiktok.com\\\/@feetuphostels\",\"https:\\\/\\\/www.linkedin.com\\\/company\\\/feetuphostelsgroup\\\/\",\"https:\\\/\\\/www.pinterest.es\\\/FeetupHostels\\\/\",\"https:\\\/\\\/www.youtube.com\\\/feetuphostels\"]}]}<\/script>\n<!-- \/ Yoast SEO plugin. -->","yoast_head_json":{"title":"Declaraci\u00f3n ecol\u00f3gica. En nuestros albergues juveniles reciclamos todo","description":"Declaraci\u00f3n Ecol\u00f3gica. En nuestros albergues juveniles reciclamos pilas y bombillas, reciclamos vidrio, reciclamos papel, pl\u00e1stico","robots":{"index":"index","follow":"follow","max-snippet":"max-snippet:-1","max-image-preview":"max-image-preview:large","max-video-preview":"max-video-preview:-1"},"canonical":"https:\/\/feetuphostels.com\/es\/declaracion-eco-friendly-%e2%99%bb%ef%b8%8f\/","og_locale":"es_ES","og_type":"article","og_title":"Declaraci\u00f3n ecol\u00f3gica. En nuestros albergues juveniles reciclamos todo","og_description":"Declaraci\u00f3n Ecol\u00f3gica. En nuestros albergues juveniles reciclamos pilas y bombillas, reciclamos vidrio, reciclamos papel, pl\u00e1stico","og_url":"https:\/\/feetuphostels.com\/es\/declaracion-eco-friendly-%e2%99%bb%ef%b8%8f\/","og_site_name":"Feet Up Hostels","article_publisher":"https:\/\/facebook.com\/feetuphostelsgroup","article_modified_time":"2024-11-04T16:52:07+00:00","og_image":[{"width":900,"height":626,"url":"https:\/\/feetuphostels.com\/wp-content\/uploads\/2020\/01\/eco-friendly-feetup-hostels2.jpg","type":"image\/jpeg"}],"twitter_card":"summary_large_image","twitter_site":"@feetuphostels","twitter_misc":{"Tiempo de lectura":"1 minuto"},"schema":{"@context":"https:\/\/schema.org","@graph":[{"@type":"WebPage","@id":"https:\/\/feetuphostels.com\/es\/declaracion-eco-friendly-%e2%99%bb%ef%b8%8f\/","url":"https:\/\/feetuphostels.com\/es\/declaracion-eco-friendly-%e2%99%bb%ef%b8%8f\/","name":"Declaraci\u00f3n ecol\u00f3gica. En nuestros albergues juveniles reciclamos todo","isPartOf":{"@id":"https:\/\/feetuphostels.com\/es\/#website"},"primaryImageOfPage":{"@id":"https:\/\/feetuphostels.com\/es\/declaracion-eco-friendly-%e2%99%bb%ef%b8%8f\/#primaryimage"},"image":{"@id":"https:\/\/feetuphostels.com\/es\/declaracion-eco-friendly-%e2%99%bb%ef%b8%8f\/#primaryimage"},"thumbnailUrl":"https:\/\/feetuphostels.com\/wp-content\/uploads\/2020\/01\/eco-friendly-feetup-hostels2.jpg","datePublished":"2023-05-17T15:09:54+00:00","dateModified":"2024-11-04T16:52:07+00:00","description":"Declaraci\u00f3n Ecol\u00f3gica. En nuestros albergues juveniles reciclamos pilas y bombillas, reciclamos vidrio, reciclamos papel, pl\u00e1stico","breadcrumb":{"@id":"https:\/\/feetuphostels.com\/es\/declaracion-eco-friendly-%e2%99%bb%ef%b8%8f\/#breadcrumb"},"inLanguage":"es","potentialAction":[{"@type":"ReadAction","target":["https:\/\/feetuphostels.com\/es\/declaracion-eco-friendly-%e2%99%bb%ef%b8%8f\/"]}]},{"@type":"ImageObject","inLanguage":"es","@id":"https:\/\/feetuphostels.com\/es\/declaracion-eco-friendly-%e2%99%bb%ef%b8%8f\/#primaryimage","url":"https:\/\/feetuphostels.com\/wp-content\/uploads\/2020\/01\/eco-friendly-feetup-hostels2.jpg","contentUrl":"https:\/\/feetuphostels.com\/wp-content\/uploads\/2020\/01\/eco-friendly-feetup-hostels2.jpg","width":900,"height":626,"caption":"Declaraci\u00f3n de somos Ecol\u00f3gicos de Feet Up Hostels"},{"@type":"BreadcrumbList","@id":"https:\/\/feetuphostels.com\/es\/declaracion-eco-friendly-%e2%99%bb%ef%b8%8f\/#breadcrumb","itemListElement":[{"@type":"ListItem","position":1,"name":"Home","item":"https:\/\/feetuphostels.com\/es\/"},{"@type":"ListItem","position":2,"name":"Declaraci\u00f3n Eco-Friendly \u267b\ufe0f"}]},{"@type":"WebSite","@id":"https:\/\/feetuphostels.com\/es\/#website","url":"https:\/\/feetuphostels.com\/es\/","name":"Feet Up Hostels","description":"Hostels y alojamiento en Valencia, Espa\u00f1a. Somos Friendliness Specialists","publisher":{"@id":"https:\/\/feetuphostels.com\/es\/#organization"},"alternateName":"Feet Up Hostels","potentialAction":[{"@type":"SearchAction","target":{"@type":"EntryPoint","urlTemplate":"https:\/\/feetuphostels.com\/es\/?s={search_term_string}"},"query-input":{"@type":"PropertyValueSpecification","valueRequired":true,"valueName":"search_term_string"}}],"inLanguage":"es"},{"@type":"Organization","@id":"https:\/\/feetuphostels.com\/es\/#organization","name":"Feet Up Hostels","alternateName":"Feet Up Hostels","url":"https:\/\/feetuphostels.com\/es\/","logo":{"@type":"ImageObject","inLanguage":"es","@id":"https:\/\/feetuphostels.com\/es\/#\/schema\/logo\/image\/","url":"https:\/\/feetuphostels.com\/wp-content\/uploads\/2019\/01\/logo-web-amp-feetuphostels.svg","contentUrl":"https:\/\/feetuphostels.com\/wp-content\/uploads\/2019\/01\/logo-web-amp-feetuphostels.svg","width":1,"height":1,"caption":"Feet Up Hostels"},"image":{"@id":"https:\/\/feetuphostels.com\/es\/#\/schema\/logo\/image\/"},"sameAs":["https:\/\/facebook.com\/feetuphostelsgroup","https:\/\/x.com\/feetuphostels","https:\/\/www.instagram.com\/feetuphostels\/","https:\/\/www.tiktok.com\/@feetuphostels","https:\/\/www.linkedin.com\/company\/feetuphostelsgroup\/","https:\/\/www.pinterest.es\/FeetupHostels\/","https:\/\/www.youtube.com\/feetuphostels"]}]}},"_links":{"self":[{"href":"https:\/\/feetuphostels.com\/es\/wp-json\/wp\/v2\/pages\/216224","targetHints":{"allow":["GET"]}}],"collection":[{"href":"https:\/\/feetuphostels.com\/es\/wp-json\/wp\/v2\/pages"}],"about":[{"href":"https:\/\/feetuphostels.com\/es\/wp-json\/wp\/v2\/types\/page"}],"author":[{"embeddable":true,"href":"https:\/\/feetuphostels.com\/es\/wp-json\/wp\/v2\/users\/13"}],"replies":[{"embeddable":true,"href":"https:\/\/feetuphostels.com\/es\/wp-json\/wp\/v2\/comments?post=216224"}],"version-history":[{"count":0,"href":"https:\/\/feetuphostels.com\/es\/wp-json\/wp\/v2\/pages\/216224\/revisions"}],"wp:featuredmedia":[{"embeddable":true,"href":"https:\/\/feetuphostels.com\/es\/wp-json\/wp\/v2\/media\/89135"}],"wp:attachment":[{"href":"https:\/\/feetuphostels.com\/es\/wp-json\/wp\/v2\/media?parent=216224"}],"curies":[{"name":"wp","href":"https:\/\/api.w.org\/{rel}","templated":true}]}}