{"id":212835,"date":"2023-04-27T10:56:35","date_gmt":"2023-04-27T08:56:35","guid":{"rendered":"https:\/\/feetuphostels.com\/purple-nest-hostel-valencia-2\/"},"modified":"2024-11-08T10:32:06","modified_gmt":"2024-11-08T09:32:06","slug":"purple-nest-hostel-valencia","status":"publish","type":"page","link":"https:\/\/feetuphostels.com\/es\/purple-nest-hostel-valencia\/","title":{"rendered":"Purple Nest Hostel Valencia"},"content":{"rendered":"\n<h1 class=\"wp-block-heading has-text-align-center\" id=\"h-purple-nest-hostel-valencia\">Purple Nest Hostel Valencia<\/h1>\n\n<h2 class=\"wp-block-heading\" id=\"h-where-is-the-purple-nest-located\">\u00bfD\u00f3nde se encuentra el Purple Nest?<\/h2>\n\n<p>El Purple Nest Hostel Valencia est\u00e1 situado en el centro y coraz\u00f3n de Valencia, a solo 10 minutos a pie de la catedral de Santa Mar\u00eda de Valencia. Nuestras habitaciones son muy luminosas e incluyen aire acondicionado.<\/p>\n\n<p>Adem\u00e1s, tenemos WIFI gratuito de alta velocidad en todo el albergue, por lo que siempre est\u00e1 conectado.<\/p>\n\n<p>Adem\u00e1s, podr\u00e1 disfrutar de nuestra terraza en la azotea (en verano se puede vivir en ella).<\/p>\n\n<p>Somos el hostel ideal para ti, si buscas un lugar econ\u00f3mico en el centro y con un ambiente agradable<\/p>\n\n<p>Donde organizamos actividades para nuestros hu\u00e9spedes en diferentes fechas y horarios.<\/p>\n\n<figure class=\"wp-block-image size-large\"><img fetchpriority=\"high\" decoding=\"async\" width=\"1024\" height=\"576\" src=\"https:\/\/feetuphostels.com\/wp-content\/uploads\/2022\/10\/slide-feetuphostels-purplenest2022-1024x576.jpg\" alt=\"Bonitas vistas desde las habitaciones del Albergue Purple Nest Valencia\" class=\"wp-image-202287\" srcset=\"https:\/\/feetuphostels.com\/wp-content\/uploads\/2022\/10\/slide-feetuphostels-purplenest2022-1024x576.jpg 1024w, https:\/\/feetuphostels.com\/wp-content\/uploads\/2022\/10\/slide-feetuphostels-purplenest2022-300x169.jpg 300w, https:\/\/feetuphostels.com\/wp-content\/uploads\/2022\/10\/slide-feetuphostels-purplenest2022-768x432.jpg 768w, https:\/\/feetuphostels.com\/wp-content\/uploads\/2022\/10\/slide-feetuphostels-purplenest2022-1536x864.jpg 1536w, https:\/\/feetuphostels.com\/wp-content\/uploads\/2022\/10\/slide-feetuphostels-purplenest2022-260x146.jpg 260w, https:\/\/feetuphostels.com\/wp-content\/uploads\/2022\/10\/slide-feetuphostels-purplenest2022-50x28.jpg 50w, https:\/\/feetuphostels.com\/wp-content\/uploads\/2022\/10\/slide-feetuphostels-purplenest2022-133x75.jpg 133w, https:\/\/feetuphostels.com\/wp-content\/uploads\/2022\/10\/slide-feetuphostels-purplenest2022.jpg 1920w\" sizes=\"(max-width: 1024px) 100vw, 1024px\" \/><figcaption class=\"wp-element-caption\">Bonitas vistas desde las habitaciones del Albergue Purple Nest Valencia<\/figcaption><\/figure>\n\n<h3 class=\"wp-block-heading\" id=\"h-our-rooms\">Nuestras habitaciones.<\/h3>\n\n<p>Tienen diferentes tama\u00f1os, est\u00e1n decoradas con colores vivos y tienen dise\u00f1os originales pintados en las paredes. Los ba\u00f1os son compartidos y disponemos de toallas y ropa de cama.<\/p>\n\n<p>Reserva con nosotros, hablamos tu idioma. Tambi\u00e9n tenemos estas razones para elegirnos.<\/p>\n\n<p>Disponemos de diferentes tipos de habitaciones<\/p>\n\n<p>En nuestro hostel puedes elegir el que m\u00e1s te guste<\/p>\n\n<h3 class=\"wp-block-heading\" id=\"h-these-services-free-of-charge\">Estos servicios son gratuitos:<\/h3>\n\n<ul class=\"wp-block-list\">\n<li>Ropa de cama incluida en el precio<\/li>\n\n\n\n<li>Un mapa gratuito de la ciudad.<\/li>\n\n\n\n<li>WIFI de alta velocidad gratuito.<\/li>\n\n\n\n<li>Computadoras con conexi\u00f3n a Internet para nuestros hu\u00e9spedes.<\/li>\n<\/ul>\n\n<h3 class=\"wp-block-heading\" id=\"h-services-in-general\">Servicios en general:<\/h3>\n\n<ul class=\"wp-block-list\">\n<li>Taquillas en las habitaciones.<\/li>\n\n\n\n<li>Acceso a las habitaciones a trav\u00e9s de tarjetas.<\/li>\n\n\n\n<li>Una zona com\u00fan para estar con los amigos.<\/li>\n\n\n\n<li>Aire acondicionado en la zona com\u00fan.<\/li>\n\n\n\n<li>Intercambio de libros con nosotros.<\/li>\n\n\n\n<li>Ducha con agua caliente en invierno, en verano tambi\u00e9n. Pero en verano es posible que tenga ganas de tomar una ducha fr\u00eda.<\/li>\n\n\n\n<li>Cocina completamente equipada.<\/li>\n\n\n\n<li>Frigor\u00edfico\/ Congelador para guardar tus alimentos.<\/li>\n\n\n\n<li>Terraza al aire libre.<\/li>\n\n\n\n<li>Tenemos secadores de pelo para todos.<\/li>\n\n\n\n<li>Tabla de planchar para la ropa.<\/li>\n\n\n\n<li>Microondas para calentar tu comida.<\/li>\n\n\n\n<li>Tu primera toalla EST\u00c1 INCLUIDA DE FORMA GRATUITA EN SU RESERVA.<\/li>\n<\/ul>\n\n<h3 class=\"wp-block-heading\" id=\"h-other-services-for-you\">Otros servicios para ti:<\/h3>\n\n<ul class=\"wp-block-list\">\n<li>Acceso a Internet para que pueda seguir conectado.<\/li>\n\n\n\n<li>Servicio de lavander\u00eda.<\/li>\n\n\n\n<li>Alquiler de bicicletas para conocer la ciudad en bicicleta.<\/li>\n\n\n\n<li>Si necesitas m\u00e1s toallas, tienen un peque\u00f1o cargo extra.<\/li>\n\n\n\n<li>Taquillas en la habitaci\u00f3n para guardar tu equipaje.<\/li>\n\n\n\n<li>Servicio de fax (anticuado pero funciona).<\/li>\n\n\n\n<li>Recepci\u00f3n abierta las 24 horas. D\u00eda\/Noche.<\/li>\n\n\n\n<li>Organizamos tours y tambi\u00e9n ofrecemos informaci\u00f3n sobre la ciudad.<\/li>\n<\/ul>\n\n<h3 class=\"wp-block-heading\" id=\"h-food-and-drink-offering\">Oferta de comida y bebida:<\/h3>\n\n<ul class=\"wp-block-list\">\n<li>Puede obtener un kit para preparar t\u00e9 y caf\u00e9.<\/li>\n\n\n\n<li>Hay m\u00e1quinas expendedoras en el albergue. Recuerde llevar algo de dinero en efectivo. <\/li>\n\n\n\n<li>Adicionalmente contamos con servicio en la cafeter\u00eda, donde se puede tomar un caf\u00e9 por la tarde.<\/li>\n<\/ul>\n\n<h3 class=\"wp-block-heading\" id=\"h-we-have-also-thought-about-entertainment\">Tambi\u00e9n hemos pensado en el entretenimiento.<\/h3>\n\n<ul class=\"wp-block-list\">\n<li>Tenemos juegos de mesa para jugar en <a href=\"https:\/\/travelingroup.com\/es\/purple-nest-hostel-valencia\/\" target=\"_blank\" rel=\"noreferrer noopener\">grupo<\/a>.<\/li>\n\n\n\n<li>Tenemos futbol\u00edn para pasar un buen rato con los amigos.<\/li>\n\n\n\n<li>WIFI de alta velocidad gratuito.<\/li>\n<\/ul>\n\n<h3 class=\"wp-block-heading\" id=\"h-about-purple-nest-hostel-valencia\">Sobre Purple Nest <a href=\"https:\/\/feetuphostels.com\/es\/hostels-valencia\/\">Hostel Valencia<\/a><\/h3>\n\n<p>Tenemos muchos a\u00f1os de experiencia<\/p>\n\n<h3 class=\"wp-block-heading\" id=\"h-we-know-a-lot-about-hostels\">Sabemos mucho de hostels<\/h3>\n\n<p>Porque hemos estado en el negocio desde el 29 de diciembre de 2008 (si parece que fue ayer).<\/p>\n\n<h3 class=\"wp-block-heading\" id=\"h-we-are-very-close-to-everything\">Estamos muy cerca de todo<\/h3>\n\n<p>Al reservar con nosotros, disfruta de una ubicaci\u00f3n privilegiada para explorar y conocer los lugares m\u00e1s populares de Valencia. Cerca de nuestro albergue puedes encontrar y disfrutar de muchos locales nocturnos. La estaci\u00f3n principal de autobuses de la ciudad est\u00e1 a solo 2 km del Albergue y el autob\u00fas que va a la playa para justo enfrente de nuestra entrada.<\/p>\n\n<h3 class=\"wp-block-heading\" id=\"h-in-the-best-known-area\">En la zona m\u00e1s conocida<\/h3>\n\n<p>La zona donde nos puedes encontrar se llama Ciutat Vella y es la mejor opci\u00f3n para los viajeros interesados en la arquitectura, visitar el centro hist\u00f3rico y descubrir nuevas sensaciones y lugares en el centro de la ciudad.<\/p>\n\n<p><a href=\"https:\/\/feetuphostels.com\/es\/ubicacion-purple-nest-hostel-valencia\/\">Comprueba la ubicaci\u00f3n en Valencia.<\/a><\/p>\n","protected":false},"excerpt":{"rendered":"<p>Purple Nest Hostel Valencia. En la Plaza Tetu\u00e1n con camas seguras desde 10 \u20ac la noche en habitaciones coloridas, c\u00f3modas y limpias. El Purple Nest es uno de los alojamientos m\u00e1s reconocidos de la ciudad de Valencia con habitaciones amplias, coloridas, seguras, limpias y al mejor precio de Valencia. Reserva ahora con nosotros en el Centro de Valencia. Reserva ahora en el Albergue Purple Nest Valencia<\/p>\n","protected":false},"author":13,"featured_media":202186,"parent":0,"menu_order":0,"comment_status":"closed","ping_status":"closed","template":"","meta":{"footnotes":""},"class_list":["post-212835","page","type-page","status-publish","has-post-thumbnail","hentry"],"yoast_head":"<!-- This site is optimized with the Yoast SEO plugin v27.5 - https:\/\/yoast.com\/product\/yoast-seo-wordpress\/ -->\n<title>Albergue Purple Nest Valencia \u00ae desde 12 \u20ac por noche. Precio oficial<\/title>\n<meta name=\"description\" content=\"Albergue Purple Nest Valencia \u00ae desde 12 \u20ac por noche. Precio oficial de hostel el centro de Valencia \u2705 Mejor precio online \u2705 Ahorra hasta un 5\" \/>\n<meta name=\"robots\" content=\"index, follow, max-snippet:-1, max-image-preview:large, max-video-preview:-1\" \/>\n<link rel=\"canonical\" href=\"https:\/\/feetuphostels.com\/es\/purple-nest-hostel-valencia\/\" \/>\n<meta property=\"og:locale\" content=\"es_ES\" \/>\n<meta property=\"og:type\" content=\"article\" \/>\n<meta property=\"og:title\" content=\"Albergue Purple Nest Valencia \u00ae desde 12 \u20ac por noche. Precio oficial\" \/>\n<meta property=\"og:description\" content=\"Albergue Purple Nest Valencia \u00ae desde 12 \u20ac por noche. Precio oficial de hostel el centro de Valencia \u2705 Mejor precio online \u2705 Ahorra hasta un 5\" \/>\n<meta property=\"og:url\" content=\"https:\/\/feetuphostels.com\/es\/purple-nest-hostel-valencia\/\" \/>\n<meta property=\"og:site_name\" content=\"Feet Up Hostels\" \/>\n<meta property=\"article:publisher\" content=\"https:\/\/facebook.com\/feetuphostelsgroup\" \/>\n<meta property=\"article:modified_time\" content=\"2024-11-08T09:32:06+00:00\" \/>\n<meta property=\"og:image\" content=\"https:\/\/feetuphostels.com\/wp-content\/uploads\/2022\/10\/slide-feetuphostels2022.jpg\" \/>\n\t<meta property=\"og:image:width\" content=\"1920\" \/>\n\t<meta property=\"og:image:height\" content=\"1080\" \/>\n\t<meta property=\"og:image:type\" content=\"image\/jpeg\" \/>\n<meta name=\"twitter:card\" content=\"summary_large_image\" \/>\n<meta name=\"twitter:site\" content=\"@feetuphostels\" \/>\n<meta name=\"twitter:label1\" content=\"Tiempo de lectura\" \/>\n\t<meta name=\"twitter:data1\" content=\"4 minutos\" \/>\n<script type=\"application\/ld+json\" class=\"yoast-schema-graph\">{\"@context\":\"https:\\\/\\\/schema.org\",\"@graph\":[{\"@type\":\"WebPage\",\"@id\":\"https:\\\/\\\/feetuphostels.com\\\/es\\\/purple-nest-hostel-valencia\\\/\",\"url\":\"https:\\\/\\\/feetuphostels.com\\\/es\\\/purple-nest-hostel-valencia\\\/\",\"name\":\"Albergue Purple Nest Valencia \u00ae desde 12 \u20ac por noche. Precio oficial\",\"isPartOf\":{\"@id\":\"https:\\\/\\\/feetuphostels.com\\\/es\\\/#website\"},\"primaryImageOfPage\":{\"@id\":\"https:\\\/\\\/feetuphostels.com\\\/es\\\/purple-nest-hostel-valencia\\\/#primaryimage\"},\"image\":{\"@id\":\"https:\\\/\\\/feetuphostels.com\\\/es\\\/purple-nest-hostel-valencia\\\/#primaryimage\"},\"thumbnailUrl\":\"https:\\\/\\\/feetuphostels.com\\\/wp-content\\\/uploads\\\/2022\\\/10\\\/slide-feetuphostels2022.jpg\",\"datePublished\":\"2023-04-27T08:56:35+00:00\",\"dateModified\":\"2024-11-08T09:32:06+00:00\",\"description\":\"Albergue Purple Nest Valencia \u00ae desde 12 \u20ac por noche. Precio oficial de hostel el centro de Valencia \u2705 Mejor precio online \u2705 Ahorra hasta un 5\",\"breadcrumb\":{\"@id\":\"https:\\\/\\\/feetuphostels.com\\\/es\\\/purple-nest-hostel-valencia\\\/#breadcrumb\"},\"inLanguage\":\"es\",\"potentialAction\":[{\"@type\":\"ReadAction\",\"target\":[\"https:\\\/\\\/feetuphostels.com\\\/es\\\/purple-nest-hostel-valencia\\\/\"]}]},{\"@type\":\"ImageObject\",\"inLanguage\":\"es\",\"@id\":\"https:\\\/\\\/feetuphostels.com\\\/es\\\/purple-nest-hostel-valencia\\\/#primaryimage\",\"url\":\"https:\\\/\\\/feetuphostels.com\\\/wp-content\\\/uploads\\\/2022\\\/10\\\/slide-feetuphostels2022.jpg\",\"contentUrl\":\"https:\\\/\\\/feetuphostels.com\\\/wp-content\\\/uploads\\\/2022\\\/10\\\/slide-feetuphostels2022.jpg\",\"width\":1920,\"height\":1080,\"caption\":\"Purple Nest Hostel Valencia\"},{\"@type\":\"BreadcrumbList\",\"@id\":\"https:\\\/\\\/feetuphostels.com\\\/es\\\/purple-nest-hostel-valencia\\\/#breadcrumb\",\"itemListElement\":[{\"@type\":\"ListItem\",\"position\":1,\"name\":\"Home\",\"item\":\"https:\\\/\\\/feetuphostels.com\\\/es\\\/\"},{\"@type\":\"ListItem\",\"position\":2,\"name\":\"Purple Nest Hostel Valencia\"}]},{\"@type\":\"WebSite\",\"@id\":\"https:\\\/\\\/feetuphostels.com\\\/es\\\/#website\",\"url\":\"https:\\\/\\\/feetuphostels.com\\\/es\\\/\",\"name\":\"Feet Up Hostels\",\"description\":\"Hostels y alojamiento en Valencia, Espa\u00f1a. Somos Friendliness Specialists\",\"publisher\":{\"@id\":\"https:\\\/\\\/feetuphostels.com\\\/es\\\/#organization\"},\"alternateName\":\"Feet Up Hostels\",\"potentialAction\":[{\"@type\":\"SearchAction\",\"target\":{\"@type\":\"EntryPoint\",\"urlTemplate\":\"https:\\\/\\\/feetuphostels.com\\\/es\\\/?s={search_term_string}\"},\"query-input\":{\"@type\":\"PropertyValueSpecification\",\"valueRequired\":true,\"valueName\":\"search_term_string\"}}],\"inLanguage\":\"es\"},{\"@type\":\"Organization\",\"@id\":\"https:\\\/\\\/feetuphostels.com\\\/es\\\/#organization\",\"name\":\"Feet Up Hostels\",\"alternateName\":\"Feet Up Hostels\",\"url\":\"https:\\\/\\\/feetuphostels.com\\\/es\\\/\",\"logo\":{\"@type\":\"ImageObject\",\"inLanguage\":\"es\",\"@id\":\"https:\\\/\\\/feetuphostels.com\\\/es\\\/#\\\/schema\\\/logo\\\/image\\\/\",\"url\":\"https:\\\/\\\/feetuphostels.com\\\/wp-content\\\/uploads\\\/2019\\\/01\\\/logo-web-amp-feetuphostels.svg\",\"contentUrl\":\"https:\\\/\\\/feetuphostels.com\\\/wp-content\\\/uploads\\\/2019\\\/01\\\/logo-web-amp-feetuphostels.svg\",\"width\":1,\"height\":1,\"caption\":\"Feet Up Hostels\"},\"image\":{\"@id\":\"https:\\\/\\\/feetuphostels.com\\\/es\\\/#\\\/schema\\\/logo\\\/image\\\/\"},\"sameAs\":[\"https:\\\/\\\/facebook.com\\\/feetuphostelsgroup\",\"https:\\\/\\\/x.com\\\/feetuphostels\",\"https:\\\/\\\/www.instagram.com\\\/feetuphostels\\\/\",\"https:\\\/\\\/www.tiktok.com\\\/@feetuphostels\",\"https:\\\/\\\/www.linkedin.com\\\/company\\\/feetuphostelsgroup\\\/\",\"https:\\\/\\\/www.pinterest.es\\\/FeetupHostels\\\/\",\"https:\\\/\\\/www.youtube.com\\\/feetuphostels\"]}]}<\/script>\n<!-- \/ Yoast SEO plugin. -->","yoast_head_json":{"title":"Albergue Purple Nest Valencia \u00ae desde 12 \u20ac por noche. Precio oficial","description":"Albergue Purple Nest Valencia \u00ae desde 12 \u20ac por noche. Precio oficial de hostel el centro de Valencia \u2705 Mejor precio online \u2705 Ahorra hasta un 5","robots":{"index":"index","follow":"follow","max-snippet":"max-snippet:-1","max-image-preview":"max-image-preview:large","max-video-preview":"max-video-preview:-1"},"canonical":"https:\/\/feetuphostels.com\/es\/purple-nest-hostel-valencia\/","og_locale":"es_ES","og_type":"article","og_title":"Albergue Purple Nest Valencia \u00ae desde 12 \u20ac por noche. Precio oficial","og_description":"Albergue Purple Nest Valencia \u00ae desde 12 \u20ac por noche. Precio oficial de hostel el centro de Valencia \u2705 Mejor precio online \u2705 Ahorra hasta un 5","og_url":"https:\/\/feetuphostels.com\/es\/purple-nest-hostel-valencia\/","og_site_name":"Feet Up Hostels","article_publisher":"https:\/\/facebook.com\/feetuphostelsgroup","article_modified_time":"2024-11-08T09:32:06+00:00","og_image":[{"width":1920,"height":1080,"url":"https:\/\/feetuphostels.com\/wp-content\/uploads\/2022\/10\/slide-feetuphostels2022.jpg","type":"image\/jpeg"}],"twitter_card":"summary_large_image","twitter_site":"@feetuphostels","twitter_misc":{"Tiempo de lectura":"4 minutos"},"schema":{"@context":"https:\/\/schema.org","@graph":[{"@type":"WebPage","@id":"https:\/\/feetuphostels.com\/es\/purple-nest-hostel-valencia\/","url":"https:\/\/feetuphostels.com\/es\/purple-nest-hostel-valencia\/","name":"Albergue Purple Nest Valencia \u00ae desde 12 \u20ac por noche. Precio oficial","isPartOf":{"@id":"https:\/\/feetuphostels.com\/es\/#website"},"primaryImageOfPage":{"@id":"https:\/\/feetuphostels.com\/es\/purple-nest-hostel-valencia\/#primaryimage"},"image":{"@id":"https:\/\/feetuphostels.com\/es\/purple-nest-hostel-valencia\/#primaryimage"},"thumbnailUrl":"https:\/\/feetuphostels.com\/wp-content\/uploads\/2022\/10\/slide-feetuphostels2022.jpg","datePublished":"2023-04-27T08:56:35+00:00","dateModified":"2024-11-08T09:32:06+00:00","description":"Albergue Purple Nest Valencia \u00ae desde 12 \u20ac por noche. Precio oficial de hostel el centro de Valencia \u2705 Mejor precio online \u2705 Ahorra hasta un 5","breadcrumb":{"@id":"https:\/\/feetuphostels.com\/es\/purple-nest-hostel-valencia\/#breadcrumb"},"inLanguage":"es","potentialAction":[{"@type":"ReadAction","target":["https:\/\/feetuphostels.com\/es\/purple-nest-hostel-valencia\/"]}]},{"@type":"ImageObject","inLanguage":"es","@id":"https:\/\/feetuphostels.com\/es\/purple-nest-hostel-valencia\/#primaryimage","url":"https:\/\/feetuphostels.com\/wp-content\/uploads\/2022\/10\/slide-feetuphostels2022.jpg","contentUrl":"https:\/\/feetuphostels.com\/wp-content\/uploads\/2022\/10\/slide-feetuphostels2022.jpg","width":1920,"height":1080,"caption":"Purple Nest Hostel Valencia"},{"@type":"BreadcrumbList","@id":"https:\/\/feetuphostels.com\/es\/purple-nest-hostel-valencia\/#breadcrumb","itemListElement":[{"@type":"ListItem","position":1,"name":"Home","item":"https:\/\/feetuphostels.com\/es\/"},{"@type":"ListItem","position":2,"name":"Purple Nest Hostel Valencia"}]},{"@type":"WebSite","@id":"https:\/\/feetuphostels.com\/es\/#website","url":"https:\/\/feetuphostels.com\/es\/","name":"Feet Up Hostels","description":"Hostels y alojamiento en Valencia, Espa\u00f1a. Somos Friendliness Specialists","publisher":{"@id":"https:\/\/feetuphostels.com\/es\/#organization"},"alternateName":"Feet Up Hostels","potentialAction":[{"@type":"SearchAction","target":{"@type":"EntryPoint","urlTemplate":"https:\/\/feetuphostels.com\/es\/?s={search_term_string}"},"query-input":{"@type":"PropertyValueSpecification","valueRequired":true,"valueName":"search_term_string"}}],"inLanguage":"es"},{"@type":"Organization","@id":"https:\/\/feetuphostels.com\/es\/#organization","name":"Feet Up Hostels","alternateName":"Feet Up Hostels","url":"https:\/\/feetuphostels.com\/es\/","logo":{"@type":"ImageObject","inLanguage":"es","@id":"https:\/\/feetuphostels.com\/es\/#\/schema\/logo\/image\/","url":"https:\/\/feetuphostels.com\/wp-content\/uploads\/2019\/01\/logo-web-amp-feetuphostels.svg","contentUrl":"https:\/\/feetuphostels.com\/wp-content\/uploads\/2019\/01\/logo-web-amp-feetuphostels.svg","width":1,"height":1,"caption":"Feet Up Hostels"},"image":{"@id":"https:\/\/feetuphostels.com\/es\/#\/schema\/logo\/image\/"},"sameAs":["https:\/\/facebook.com\/feetuphostelsgroup","https:\/\/x.com\/feetuphostels","https:\/\/www.instagram.com\/feetuphostels\/","https:\/\/www.tiktok.com\/@feetuphostels","https:\/\/www.linkedin.com\/company\/feetuphostelsgroup\/","https:\/\/www.pinterest.es\/FeetupHostels\/","https:\/\/www.youtube.com\/feetuphostels"]}]}},"_links":{"self":[{"href":"https:\/\/feetuphostels.com\/es\/wp-json\/wp\/v2\/pages\/212835","targetHints":{"allow":["GET"]}}],"collection":[{"href":"https:\/\/feetuphostels.com\/es\/wp-json\/wp\/v2\/pages"}],"about":[{"href":"https:\/\/feetuphostels.com\/es\/wp-json\/wp\/v2\/types\/page"}],"author":[{"embeddable":true,"href":"https:\/\/feetuphostels.com\/es\/wp-json\/wp\/v2\/users\/13"}],"replies":[{"embeddable":true,"href":"https:\/\/feetuphostels.com\/es\/wp-json\/wp\/v2\/comments?post=212835"}],"version-history":[{"count":0,"href":"https:\/\/feetuphostels.com\/es\/wp-json\/wp\/v2\/pages\/212835\/revisions"}],"wp:featuredmedia":[{"embeddable":true,"href":"https:\/\/feetuphostels.com\/es\/wp-json\/wp\/v2\/media\/202186"}],"wp:attachment":[{"href":"https:\/\/feetuphostels.com\/es\/wp-json\/wp\/v2\/media?parent=212835"}],"curies":[{"name":"wp","href":"https:\/\/api.w.org\/{rel}","templated":true}]}}