{"id":183,"date":"2017-01-02T14:56:25","date_gmt":"2017-01-02T13:56:25","guid":{"rendered":"http:\/\/feetuphostels.barcelona\/?page_id=183"},"modified":"2024-11-05T18:30:26","modified_gmt":"2024-11-05T17:30:26","slug":"home-youth-hostel-valencia","status":"publish","type":"page","link":"https:\/\/feetuphostels.com\/es\/home-youth-hostel-valencia\/","title":{"rendered":"H\u00f4me Youth Hostel Valencia"},"content":{"rendered":"\n<h1 class=\"wp-block-heading has-text-align-center\" id=\"h-home-youth-hostel-valencia\">H\u00f4me Youth Hostel Valencia<\/h1>\n\n<h2 class=\"wp-block-heading has-text-align-center\" id=\"h-book-a-bed-in-the-center-of-valencia\">Reserva una cama en el centro de Valencia<\/h2>\n\n<p>Somos el albergue ideal para ti, si buscas un albergue sin literas, limpio, c\u00f3modo y asequible en Valencia. Ven a H\u00f4me Youth Hostel Valencia y reserva tu cama al mejor precio.<\/p>\n\n<h2 class=\"wp-block-heading\" id=\"h-hostel-location\">Ubicaci\u00f3n del hostel.<\/h2>\n\n<p>Nos encontramos a tan solo 7 minutos de la Plaza del Ayuntamiento, justo detr\u00e1s de uno de los principales edificios hist\u00f3rico de la ciudad (La Lonja de la Seda). Nuestras habitaciones son coloridas y tienen aire acondicionado incluido, tambi\u00e9n tienen wifi de alta velocidad gratis en todo nuestro albergue para que usted est\u00e1 siempre conectado.<\/p>\n\n<h2 class=\"wp-block-heading\" id=\"h-home-youth-hostel-rooms\">Habitaciones del Albergue Juvenil H\u00f4me.<\/h2>\n\n<p>Cada una de nuestras habitaciones cuenta con dise\u00f1os diferentes, son coloridas y no tienen literas. Somos los \u00fanicos en Valencia que ofrecemos (en lugar de literas) camas en habitaciones compartidas.<\/p>\n\n<figure class=\"wp-block-image size-large\"><img fetchpriority=\"high\" decoding=\"async\" width=\"1024\" height=\"576\" src=\"https:\/\/feetuphostels.com\/wp-content\/uploads\/2022\/10\/slide-feetuphostels-homeyouth2022-1024x576.jpg\" alt=\"Como en casa, H&#xF4;me Youth Hostel Valencia\" class=\"wp-image-202344\" srcset=\"https:\/\/feetuphostels.com\/wp-content\/uploads\/2022\/10\/slide-feetuphostels-homeyouth2022-1024x576.jpg 1024w, https:\/\/feetuphostels.com\/wp-content\/uploads\/2022\/10\/slide-feetuphostels-homeyouth2022-300x169.jpg 300w, https:\/\/feetuphostels.com\/wp-content\/uploads\/2022\/10\/slide-feetuphostels-homeyouth2022-768x432.jpg 768w, https:\/\/feetuphostels.com\/wp-content\/uploads\/2022\/10\/slide-feetuphostels-homeyouth2022-1536x864.jpg 1536w, https:\/\/feetuphostels.com\/wp-content\/uploads\/2022\/10\/slide-feetuphostels-homeyouth2022-260x146.jpg 260w, https:\/\/feetuphostels.com\/wp-content\/uploads\/2022\/10\/slide-feetuphostels-homeyouth2022-50x28.jpg 50w, https:\/\/feetuphostels.com\/wp-content\/uploads\/2022\/10\/slide-feetuphostels-homeyouth2022-133x75.jpg 133w, https:\/\/feetuphostels.com\/wp-content\/uploads\/2022\/10\/slide-feetuphostels-homeyouth2022.jpg 1920w\" sizes=\"(max-width: 1024px) 100vw, 1024px\" \/><figcaption class=\"wp-element-caption\">Como en casa, H\u00f4me Youth Hostel Valencia<\/figcaption><\/figure>\n\n<p>Reserve con nosotros, hablamos su idioma. Tambi\u00e9n tenemos estas razones para elegirnos.<\/p>\n\n<ul class=\"wp-block-list\">\n<li><a href=\"https:\/\/feetuphostels.com\/secure-booking\/\">M\u00e1xima seguridad en tu reserva<\/a><\/li>\n\n\n\n<li>Sin precios ni gastos ocultos!<\/li>\n\n\n\n<li>\u00a1Cancelaciones gratuitas *!<\/li>\n\n\n\n<li>Precio sin intermediarios!<\/li>\n\n\n\n<li>AHORRA HASTA UN 10%<\/li>\n\n\n\n<li>\u00a1Precio sin intermediarios!<\/li>\n\n\n\n<li>Precio oficial e inmejorable!<\/li>\n\n\n\n<li>\u00a1Siempre el mejor precio!<\/li>\n\n\n\n<li>Reserva online garantizada!<\/li>\n\n\n\n<li>Confirmaci\u00f3n inmediata de tu reserva<\/li>\n<\/ul>\n\n<h3 class=\"wp-block-heading\" id=\"h-these-are-all-our-services-for-your-comfort\">Estos son algunos de nuestros servicios<\/h3>\n\n<h4 class=\"wp-block-heading\" id=\"h-those-you-can-access-by-staying-with-us\">A los que podr\u00e1s acceder al alojarte con nosotros<\/h4>\n\n<p>Estos servicios son gratuitos:<\/p>\n\n<ul class=\"wp-block-list\">\n<li>S\u00e1banas incluidas en el precio<\/li>\n\n\n\n<li>Un mapa de la ciudad como regalo<\/li>\n\n\n\n<li><strong>CAMAS SIN LITERAS.<\/strong><\/li>\n\n\n\n<li>WIFI de alta velocidad gratuito.<\/li>\n\n\n\n<li>Computadoras con conexi\u00f3n a Internet para nuestros hu\u00e9spedes.<\/li>\n\n\n\n<li>Aire acondicionado en zonas comunes y dormitorios.<\/li>\n<\/ul>\n\n<h3 class=\"wp-block-heading\" id=\"h-services-in-general\">Servicios en general:<\/h3>\n\n<ul class=\"wp-block-list\">\n<li>Taquillas en las habitaciones.<\/li>\n\n\n\n<li>Acceso a las habitaciones a trav\u00e9s de tarjetas.<\/li>\n\n\n\n<li>Una zona com\u00fan para estar con los amigos.<\/li>\n\n\n\n<li>Aire acondicionado en la zona com\u00fan.<\/li>\n\n\n\n<li>Intercambio de libros con nosotros.<\/li>\n\n\n\n<li>Ducha con agua caliente para el invierno, tambi\u00e9n en verano. Pero en verano apetece m\u00e1s una ducha fresca \ud83d\ude04<\/li>\n\n\n\n<li>Cocina completamente equipada.<\/li>\n\n\n\n<li>Frigorifico para guardar tus alimentos.<\/li>\n\n\n\n<li>Tenemos secadores de pelo para todos.<\/li>\n\n\n\n<li>Microondas para calentar tu comida.<\/li>\n\n\n\n<li>Tu primera toalla esta <strong>INCLUIDA GRATIS EN TU RESERVA<\/strong>.<\/li>\n<\/ul>\n\n<h3 class=\"wp-block-heading\" id=\"h-other-services-for-you\">Otros servicios para ti.<\/h3>\n\n<ul class=\"wp-block-list\">\n<li>Acceso a Internet para que pueda seguir conectado.<\/li>\n\n\n\n<li>Servicio de lavander\u00eda.<\/li>\n\n\n\n<li>Alquiler de bicicletas para conocer la ciudad en bici.<\/li>\n\n\n\n<li>Si necesitas m\u00e1s toallas, tienen un peque\u00f1o cargo extra.<\/li>\n\n\n\n<li>Taquillas en la habitaci\u00f3n para guardar tu equipaje.<\/li>\n\n\n\n<li>Servicio de fax (anticuado pero funciona).<\/li>\n\n\n\n<li>Recepci\u00f3n las 24 horas.<\/li>\n\n\n\n<li>Organizamos tours y tambi\u00e9n ofrecemos informaci\u00f3n sobre la ciudad.<\/li>\n<\/ul>\n\n<h3 class=\"wp-block-heading\" id=\"h-food-and-drink-services\">Servicios de comida y bebida:<\/h3>\n\n<ul class=\"wp-block-list\">\n<li>Puede obtener kit para preparar t\u00e9 y caf\u00e9.<\/li>\n<\/ul>\n\n<ul class=\"wp-block-list\">\n<li>M\u00e1quina expendedoras en el interior de nuestro hostel. Recuerda siempre llevar monedas encima.<\/li>\n<\/ul>\n\n<ul class=\"wp-block-list\">\n<li>Adem\u00e1s tenemos servicio en la cafeter\u00eda, donde se puede tomar un caf\u00e9 por la tarde.<\/li>\n<\/ul>\n\n<h3 class=\"wp-block-heading\" id=\"h-we-also-have-thought-about-entertainment\">Tambi\u00e9n hemos pensado en el entretenimiento:<\/h3>\n\n<ul class=\"wp-block-list\">\n<li>Disponemos de juegos de mesa para jugar en <a href=\"https:\/\/travelingroup.com\/es\/home-youth-hostel-valencia\/\" target=\"_blank\" rel=\"noopener\">grupo<\/a>.<\/li>\n\n\n\n<li>Tenemos futbol\u00edn para pasar un buen rato con los amigos.<\/li>\n\n\n\n<li>WIFI de alta velocidad gratuito.<\/li>\n\n\n\n<li><\/li>\n<\/ul>\n\n<h3 class=\"wp-block-heading\" id=\"h-we-are-the-only-hostel-without-bunkbeds-in-valencia\">Somos el \u00fanico hostal sin literas en Valencia<\/h3>\n\n<p>Ubicado a s\u00f3lo 5 minutos caminando de la famosa Calle Col\u00f3n. Tenemos una parada de autob\u00fas justo en frente del albergue.<\/p>\n\n<h3 class=\"wp-block-heading\" id=\"h-the-neighborhood\">El barrio<\/h3>\n\n<p>La zona en la que nos encontramos se llama Ciutat Vella y es una gran opci\u00f3n si eres un viajero interesado en la arquitectura, en visitar el centro hist\u00f3rico y experimentar nuevas sensaciones en Valencia. &#13;\n<\/p>\n\n<h3 class=\"wp-block-heading\" id=\"h-our-staff\">Nuestro staff<\/h3>\n\n<p>Son amables y multiling\u00fces, siempre estar\u00e1n para ofrecerte informaci\u00f3n sobre la ciudad, as\u00ed como ayudarte a descubrir todo lo que vale la pena en la encantadora Valencia.<\/p>\n\n<p>Mira aqu\u00ed\u00a0la <a href=\"https:\/\/feetuphostels.com\/es\/ubicacion-home-youth-hostel-valencia\/\">ubicaci\u00f3n<\/a> y c\u00f3mo llegar a H\u00f4me Youth Hostel Valencia.<\/p>\n","protected":false},"excerpt":{"rendered":"<p>H\u00f4me Youth Hostel Valencia. Hostal bonito, barato, seguro, limpio, econ\u00f3mico y colorido situado en el casco antiguo de Valencia. Desde 10 \u20acpor noche. H\u00f4me Youth Hostel Valencia es un colorido alojamiento econ\u00f3mico situado en el casco antiguo de Valencia. Instalaciones limpias y acogedoras desde 10 \u20ac la noche. H\u00f4me Youth Hostel es uno de los albergues juveniles m\u00e1s conocidos y mejor valorados de todos los alojamientos de Valencia. Reserva ahora en H\u00f4me Youth Hostel Valencia<\/p>\n","protected":false},"author":13,"featured_media":9196,"parent":0,"menu_order":0,"comment_status":"closed","ping_status":"open","template":"","meta":{"footnotes":""},"class_list":["post-183","page","type-page","status-publish","has-post-thumbnail","hentry"],"yoast_head":"<!-- This site is optimized with the Yoast SEO plugin v27.4 - https:\/\/yoast.com\/product\/yoast-seo-wordpress\/ -->\n<title>H\u00f4me Youth Hostel Valencia. Un Hostel agradable, econ\u00f3mico en Valencia<\/title>\n<meta name=\"description\" content=\"H\u00f4me Youth Hostel Valencia\u00ae en el Centro de Valencia. Hostel econ\u00f3mico y colorido en el casco antiguo. Camas desde 10\u20ac la noche. \u2705 Desde 10 \u20acpor noche\" \/>\n<meta name=\"robots\" content=\"index, follow, max-snippet:-1, max-image-preview:large, max-video-preview:-1\" \/>\n<link rel=\"canonical\" href=\"https:\/\/feetuphostels.com\/es\/home-youth-hostel-valencia\/\" \/>\n<meta property=\"og:locale\" content=\"es_ES\" \/>\n<meta property=\"og:type\" content=\"article\" \/>\n<meta property=\"og:title\" content=\"H\u00f4me Youth Hostel Valencia. Un Hostel agradable, econ\u00f3mico en Valencia\" \/>\n<meta property=\"og:description\" content=\"H\u00f4me Youth Hostel Valencia\u00ae en el Centro de Valencia. Hostel econ\u00f3mico y colorido en el casco antiguo. Camas desde 10\u20ac la noche. \u2705 Desde 10 \u20acpor noche\" \/>\n<meta property=\"og:url\" content=\"https:\/\/feetuphostels.com\/es\/home-youth-hostel-valencia\/\" \/>\n<meta property=\"og:site_name\" content=\"Feet Up Hostels\" \/>\n<meta property=\"article:publisher\" content=\"https:\/\/facebook.com\/feetuphostelsgroup\" \/>\n<meta property=\"article:modified_time\" content=\"2024-11-05T17:30:26+00:00\" \/>\n<meta property=\"og:image\" content=\"https:\/\/feetuphostels.com\/wp-content\/uploads\/2018\/06\/home-youth-hostel-valencia.jpg\" \/>\n\t<meta property=\"og:image:width\" content=\"1200\" \/>\n\t<meta property=\"og:image:height\" content=\"900\" \/>\n\t<meta property=\"og:image:type\" content=\"image\/jpeg\" \/>\n<meta name=\"twitter:card\" content=\"summary_large_image\" \/>\n<meta name=\"twitter:site\" content=\"@feetuphostels\" \/>\n<meta name=\"twitter:label1\" content=\"Tiempo de lectura\" \/>\n\t<meta name=\"twitter:data1\" content=\"3 minutos\" \/>\n<script type=\"application\/ld+json\" class=\"yoast-schema-graph\">{\"@context\":\"https:\\\/\\\/schema.org\",\"@graph\":[{\"@type\":\"WebPage\",\"@id\":\"https:\\\/\\\/feetuphostels.com\\\/es\\\/home-youth-hostel-valencia\\\/\",\"url\":\"https:\\\/\\\/feetuphostels.com\\\/es\\\/home-youth-hostel-valencia\\\/\",\"name\":\"H\u00f4me Youth Hostel Valencia. Un Hostel agradable, econ\u00f3mico en Valencia\",\"isPartOf\":{\"@id\":\"https:\\\/\\\/feetuphostels.com\\\/es\\\/#website\"},\"primaryImageOfPage\":{\"@id\":\"https:\\\/\\\/feetuphostels.com\\\/es\\\/home-youth-hostel-valencia\\\/#primaryimage\"},\"image\":{\"@id\":\"https:\\\/\\\/feetuphostels.com\\\/es\\\/home-youth-hostel-valencia\\\/#primaryimage\"},\"thumbnailUrl\":\"https:\\\/\\\/feetuphostels.com\\\/wp-content\\\/uploads\\\/2018\\\/06\\\/home-youth-hostel-valencia.jpg\",\"datePublished\":\"2017-01-02T13:56:25+00:00\",\"dateModified\":\"2024-11-05T17:30:26+00:00\",\"description\":\"H\u00f4me Youth Hostel Valencia\u00ae en el Centro de Valencia. Hostel econ\u00f3mico y colorido en el casco antiguo. Camas desde 10\u20ac la noche. \u2705 Desde 10 \u20acpor noche\",\"breadcrumb\":{\"@id\":\"https:\\\/\\\/feetuphostels.com\\\/es\\\/home-youth-hostel-valencia\\\/#breadcrumb\"},\"inLanguage\":\"es\",\"potentialAction\":[{\"@type\":\"ReadAction\",\"target\":[\"https:\\\/\\\/feetuphostels.com\\\/es\\\/home-youth-hostel-valencia\\\/\"]}]},{\"@type\":\"ImageObject\",\"inLanguage\":\"es\",\"@id\":\"https:\\\/\\\/feetuphostels.com\\\/es\\\/home-youth-hostel-valencia\\\/#primaryimage\",\"url\":\"https:\\\/\\\/feetuphostels.com\\\/wp-content\\\/uploads\\\/2018\\\/06\\\/home-youth-hostel-valencia.jpg\",\"contentUrl\":\"https:\\\/\\\/feetuphostels.com\\\/wp-content\\\/uploads\\\/2018\\\/06\\\/home-youth-hostel-valencia.jpg\",\"width\":1200,\"height\":900,\"caption\":\"H\u00f4me Youth Hostel Valencia by Feet Up\"},{\"@type\":\"BreadcrumbList\",\"@id\":\"https:\\\/\\\/feetuphostels.com\\\/es\\\/home-youth-hostel-valencia\\\/#breadcrumb\",\"itemListElement\":[{\"@type\":\"ListItem\",\"position\":1,\"name\":\"Home\",\"item\":\"https:\\\/\\\/feetuphostels.com\\\/es\\\/\"},{\"@type\":\"ListItem\",\"position\":2,\"name\":\"H\u00f4me Youth Hostel Valencia\"}]},{\"@type\":\"WebSite\",\"@id\":\"https:\\\/\\\/feetuphostels.com\\\/es\\\/#website\",\"url\":\"https:\\\/\\\/feetuphostels.com\\\/es\\\/\",\"name\":\"Feet Up Hostels\",\"description\":\"Hostels y alojamiento en Valencia, Espa\u00f1a. Somos Friendliness Specialists\",\"publisher\":{\"@id\":\"https:\\\/\\\/feetuphostels.com\\\/es\\\/#organization\"},\"alternateName\":\"Feet Up Hostels\",\"potentialAction\":[{\"@type\":\"SearchAction\",\"target\":{\"@type\":\"EntryPoint\",\"urlTemplate\":\"https:\\\/\\\/feetuphostels.com\\\/es\\\/?s={search_term_string}\"},\"query-input\":{\"@type\":\"PropertyValueSpecification\",\"valueRequired\":true,\"valueName\":\"search_term_string\"}}],\"inLanguage\":\"es\"},{\"@type\":\"Organization\",\"@id\":\"https:\\\/\\\/feetuphostels.com\\\/es\\\/#organization\",\"name\":\"Feet Up Hostels\",\"alternateName\":\"Feet Up Hostels\",\"url\":\"https:\\\/\\\/feetuphostels.com\\\/es\\\/\",\"logo\":{\"@type\":\"ImageObject\",\"inLanguage\":\"es\",\"@id\":\"https:\\\/\\\/feetuphostels.com\\\/es\\\/#\\\/schema\\\/logo\\\/image\\\/\",\"url\":\"https:\\\/\\\/feetuphostels.com\\\/wp-content\\\/uploads\\\/2019\\\/01\\\/logo-web-amp-feetuphostels.svg\",\"contentUrl\":\"https:\\\/\\\/feetuphostels.com\\\/wp-content\\\/uploads\\\/2019\\\/01\\\/logo-web-amp-feetuphostels.svg\",\"width\":1,\"height\":1,\"caption\":\"Feet Up Hostels\"},\"image\":{\"@id\":\"https:\\\/\\\/feetuphostels.com\\\/es\\\/#\\\/schema\\\/logo\\\/image\\\/\"},\"sameAs\":[\"https:\\\/\\\/facebook.com\\\/feetuphostelsgroup\",\"https:\\\/\\\/x.com\\\/feetuphostels\",\"https:\\\/\\\/www.instagram.com\\\/feetuphostels\\\/\",\"https:\\\/\\\/www.tiktok.com\\\/@feetuphostels\",\"https:\\\/\\\/www.linkedin.com\\\/company\\\/feetuphostelsgroup\\\/\",\"https:\\\/\\\/www.pinterest.es\\\/FeetupHostels\\\/\",\"https:\\\/\\\/www.youtube.com\\\/feetuphostels\"]}]}<\/script>\n<!-- \/ Yoast SEO plugin. -->","yoast_head_json":{"title":"H\u00f4me Youth Hostel Valencia. Un Hostel agradable, econ\u00f3mico en Valencia","description":"H\u00f4me Youth Hostel Valencia\u00ae en el Centro de Valencia. Hostel econ\u00f3mico y colorido en el casco antiguo. Camas desde 10\u20ac la noche. \u2705 Desde 10 \u20acpor noche","robots":{"index":"index","follow":"follow","max-snippet":"max-snippet:-1","max-image-preview":"max-image-preview:large","max-video-preview":"max-video-preview:-1"},"canonical":"https:\/\/feetuphostels.com\/es\/home-youth-hostel-valencia\/","og_locale":"es_ES","og_type":"article","og_title":"H\u00f4me Youth Hostel Valencia. Un Hostel agradable, econ\u00f3mico en Valencia","og_description":"H\u00f4me Youth Hostel Valencia\u00ae en el Centro de Valencia. Hostel econ\u00f3mico y colorido en el casco antiguo. Camas desde 10\u20ac la noche. \u2705 Desde 10 \u20acpor noche","og_url":"https:\/\/feetuphostels.com\/es\/home-youth-hostel-valencia\/","og_site_name":"Feet Up Hostels","article_publisher":"https:\/\/facebook.com\/feetuphostelsgroup","article_modified_time":"2024-11-05T17:30:26+00:00","og_image":[{"width":1200,"height":900,"url":"https:\/\/feetuphostels.com\/wp-content\/uploads\/2018\/06\/home-youth-hostel-valencia.jpg","type":"image\/jpeg"}],"twitter_card":"summary_large_image","twitter_site":"@feetuphostels","twitter_misc":{"Tiempo de lectura":"3 minutos"},"schema":{"@context":"https:\/\/schema.org","@graph":[{"@type":"WebPage","@id":"https:\/\/feetuphostels.com\/es\/home-youth-hostel-valencia\/","url":"https:\/\/feetuphostels.com\/es\/home-youth-hostel-valencia\/","name":"H\u00f4me Youth Hostel Valencia. Un Hostel agradable, econ\u00f3mico en Valencia","isPartOf":{"@id":"https:\/\/feetuphostels.com\/es\/#website"},"primaryImageOfPage":{"@id":"https:\/\/feetuphostels.com\/es\/home-youth-hostel-valencia\/#primaryimage"},"image":{"@id":"https:\/\/feetuphostels.com\/es\/home-youth-hostel-valencia\/#primaryimage"},"thumbnailUrl":"https:\/\/feetuphostels.com\/wp-content\/uploads\/2018\/06\/home-youth-hostel-valencia.jpg","datePublished":"2017-01-02T13:56:25+00:00","dateModified":"2024-11-05T17:30:26+00:00","description":"H\u00f4me Youth Hostel Valencia\u00ae en el Centro de Valencia. Hostel econ\u00f3mico y colorido en el casco antiguo. Camas desde 10\u20ac la noche. \u2705 Desde 10 \u20acpor noche","breadcrumb":{"@id":"https:\/\/feetuphostels.com\/es\/home-youth-hostel-valencia\/#breadcrumb"},"inLanguage":"es","potentialAction":[{"@type":"ReadAction","target":["https:\/\/feetuphostels.com\/es\/home-youth-hostel-valencia\/"]}]},{"@type":"ImageObject","inLanguage":"es","@id":"https:\/\/feetuphostels.com\/es\/home-youth-hostel-valencia\/#primaryimage","url":"https:\/\/feetuphostels.com\/wp-content\/uploads\/2018\/06\/home-youth-hostel-valencia.jpg","contentUrl":"https:\/\/feetuphostels.com\/wp-content\/uploads\/2018\/06\/home-youth-hostel-valencia.jpg","width":1200,"height":900,"caption":"H\u00f4me Youth Hostel Valencia by Feet Up"},{"@type":"BreadcrumbList","@id":"https:\/\/feetuphostels.com\/es\/home-youth-hostel-valencia\/#breadcrumb","itemListElement":[{"@type":"ListItem","position":1,"name":"Home","item":"https:\/\/feetuphostels.com\/es\/"},{"@type":"ListItem","position":2,"name":"H\u00f4me Youth Hostel Valencia"}]},{"@type":"WebSite","@id":"https:\/\/feetuphostels.com\/es\/#website","url":"https:\/\/feetuphostels.com\/es\/","name":"Feet Up Hostels","description":"Hostels y alojamiento en Valencia, Espa\u00f1a. Somos Friendliness Specialists","publisher":{"@id":"https:\/\/feetuphostels.com\/es\/#organization"},"alternateName":"Feet Up Hostels","potentialAction":[{"@type":"SearchAction","target":{"@type":"EntryPoint","urlTemplate":"https:\/\/feetuphostels.com\/es\/?s={search_term_string}"},"query-input":{"@type":"PropertyValueSpecification","valueRequired":true,"valueName":"search_term_string"}}],"inLanguage":"es"},{"@type":"Organization","@id":"https:\/\/feetuphostels.com\/es\/#organization","name":"Feet Up Hostels","alternateName":"Feet Up Hostels","url":"https:\/\/feetuphostels.com\/es\/","logo":{"@type":"ImageObject","inLanguage":"es","@id":"https:\/\/feetuphostels.com\/es\/#\/schema\/logo\/image\/","url":"https:\/\/feetuphostels.com\/wp-content\/uploads\/2019\/01\/logo-web-amp-feetuphostels.svg","contentUrl":"https:\/\/feetuphostels.com\/wp-content\/uploads\/2019\/01\/logo-web-amp-feetuphostels.svg","width":1,"height":1,"caption":"Feet Up Hostels"},"image":{"@id":"https:\/\/feetuphostels.com\/es\/#\/schema\/logo\/image\/"},"sameAs":["https:\/\/facebook.com\/feetuphostelsgroup","https:\/\/x.com\/feetuphostels","https:\/\/www.instagram.com\/feetuphostels\/","https:\/\/www.tiktok.com\/@feetuphostels","https:\/\/www.linkedin.com\/company\/feetuphostelsgroup\/","https:\/\/www.pinterest.es\/FeetupHostels\/","https:\/\/www.youtube.com\/feetuphostels"]}]}},"_links":{"self":[{"href":"https:\/\/feetuphostels.com\/es\/wp-json\/wp\/v2\/pages\/183","targetHints":{"allow":["GET"]}}],"collection":[{"href":"https:\/\/feetuphostels.com\/es\/wp-json\/wp\/v2\/pages"}],"about":[{"href":"https:\/\/feetuphostels.com\/es\/wp-json\/wp\/v2\/types\/page"}],"author":[{"embeddable":true,"href":"https:\/\/feetuphostels.com\/es\/wp-json\/wp\/v2\/users\/13"}],"replies":[{"embeddable":true,"href":"https:\/\/feetuphostels.com\/es\/wp-json\/wp\/v2\/comments?post=183"}],"version-history":[{"count":0,"href":"https:\/\/feetuphostels.com\/es\/wp-json\/wp\/v2\/pages\/183\/revisions"}],"wp:featuredmedia":[{"embeddable":true,"href":"https:\/\/feetuphostels.com\/es\/wp-json\/wp\/v2\/media\/9196"}],"wp:attachment":[{"href":"https:\/\/feetuphostels.com\/es\/wp-json\/wp\/v2\/media?parent=183"}],"curies":[{"name":"wp","href":"https:\/\/api.w.org\/{rel}","templated":true}]}}