{"id":17605,"date":"2018-12-04T11:14:36","date_gmt":"2018-12-04T10:14:36","guid":{"rendered":"https:\/\/feetuphostels.com\/?page_id=17605"},"modified":"2024-11-09T14:02:14","modified_gmt":"2024-11-09T13:02:14","slug":"hostels-espana","status":"publish","type":"page","link":"https:\/\/feetuphostels.com\/es\/hostels-espana\/","title":{"rendered":"Hostels en Espa\u00f1a"},"content":{"rendered":"\n<h1 class=\"wp-block-heading has-text-align-center\" id=\"h-youth-hostels-spain\">Hostels en Espa\u00f1a<\/h1>\n\n<h2 class=\"wp-block-heading has-text-align-center\" id=\"h-the-cheapest-accommodations\">Los Alojamientos m\u00e1s econ\u00f3micos<\/h2>\n\n<h3 class=\"wp-block-heading\" id=\"h-we-are-a-group-of-the-best-youth-hostels-spain\">Somos un grupo de los mejores hostels de Espa\u00f1a<\/h3>\n\n<p>Los viajeros con poco presupuesto saben que no hay mejor forma de aprovechar al m\u00e1ximo su viaje que alojarse en uno de los albergues juveniles de Espa\u00f1a: Ahorra dinero para explorar durante el d\u00eda e intercambia historias con tus compa\u00f1eros mochileros en la cocina compartida. Los dormitorios con ba\u00f1o compartido son la tarifa est\u00e1ndar del albergue, pero tambi\u00e9n hay habitaciones privadas para quienes est\u00e9n dispuestos a pagar un poco m\u00e1s.<\/p>\n\n<figure class=\"wp-block-image size-full\"><img fetchpriority=\"high\" decoding=\"async\" width=\"1554\" height=\"1080\" src=\"https:\/\/feetuphostels.com\/wp-content\/uploads\/2019\/02\/09red-nest-hostel-valencia-by-feetuphostels.jpg\" alt=\"Disfruta de tu tiempo con amigos\" class=\"wp-image-18656\" srcset=\"https:\/\/feetuphostels.com\/wp-content\/uploads\/2019\/02\/09red-nest-hostel-valencia-by-feetuphostels.jpg 1554w, https:\/\/feetuphostels.com\/wp-content\/uploads\/2019\/02\/09red-nest-hostel-valencia-by-feetuphostels-300x208.jpg 300w, https:\/\/feetuphostels.com\/wp-content\/uploads\/2019\/02\/09red-nest-hostel-valencia-by-feetuphostels-768x534.jpg 768w, https:\/\/feetuphostels.com\/wp-content\/uploads\/2019\/02\/09red-nest-hostel-valencia-by-feetuphostels-1024x712.jpg 1024w, https:\/\/feetuphostels.com\/wp-content\/uploads\/2019\/02\/09red-nest-hostel-valencia-by-feetuphostels-210x146.jpg 210w, https:\/\/feetuphostels.com\/wp-content\/uploads\/2019\/02\/09red-nest-hostel-valencia-by-feetuphostels-50x35.jpg 50w, https:\/\/feetuphostels.com\/wp-content\/uploads\/2019\/02\/09red-nest-hostel-valencia-by-feetuphostels-108x75.jpg 108w\" sizes=\"(max-width: 1554px) 100vw, 1554px\" \/><figcaption class=\"wp-element-caption\">Disfruta de tu tiempo con amigos<\/figcaption><\/figure>\n\n<h3 class=\"wp-block-heading\" id=\"h-looking-for-a-hostel-in-barcelona\">\u00bfBuscas un <a href=\"https:\/\/feetuphostels.com\/es\/hostels-barcelona\/\">hostel en Barcelona<\/a>?<\/h3>\n\n<p><a href=\"https:\/\/feetuphostels.com\/es\/yellow-nest-hostel-barcelona\/\">Yellow Nest Hostel Barcelona<\/a> es el mejor lugar donde alojarse si buscas un alojamiento barato, limpio, seguro y donde conocer a nuevos viajeros y mochileros, en Barcelona.<\/p>\n\n<h3 class=\"wp-block-heading\" id=\"h-only-3-streets-away-from-the-barcelona-camp-nou-football-stadium\">A solo 3 calles del estadio de f\u00fatbol Camp Nou de Barcelona<\/h3>\n\n<p>Tenemos diferentes tipos de habitaciones adaptadas a sus necesidades. Puedes elegir entre <a href=\"https:\/\/en.wikipedia.org\/wiki\/Common_room\" target=\"_blank\" rel=\"noopener\">habitaciones compartidas<\/a> con dise\u00f1os sencillos y coloridos.<\/p>\n\n<p><a href=\"https:\/\/feetuphostels.com\/es\/garden-house-hostel-barcelona\/\">Garden House Hostel Barcelona<\/a>. Tenemos ofertas especiales de algunos locales de esa zona y podemos darte algunos consejos para que saques lo mejor de Barcelona. Reserva tu cama con nosotros i Barcelona, hablamos tu idioma.<\/p>\n\n<h3 class=\"wp-block-heading\" id=\"h-we-are-4-streets-from-the-metro-stop-valldaura\">Estamos a 4 calles de la parada de metro Valldaura<\/h3>\n\n<p>Estamos ubicados en la zona residencial cerca de la estaci\u00f3n de metro Valldaura, l\u00ednea verde, que va directamente a Passeig de Gracia y Parallel (es f\u00e1cil y c\u00f3modo llegar).<\/p>\n\n<h3 class=\"wp-block-heading\" id=\"h-looking-for-a-hostel-in-valencia\">\u00bfBuscas un <a href=\"https:\/\/feetuphostels.com\/es\/hostels-valencia\/\">hostel en Valencia<\/a>?<\/h3>\n\n<p>Purple Nest Hostel Valencia<\/p>\n\n<p>Red Nest Hostel Valencia<\/p>\n\n<p>H\u00f4me Youth Hostel Valencia<\/p>\n\n<p>H\u00f4me Backpackers Hostel Valencia<\/p>\n","protected":false},"excerpt":{"rendered":"<p>Hostels en Espa\u00f1a. Albergues juveniles en Espa\u00f1a. Alojamiento en Barcelona, Valencia y Sevilla. Hostales m\u00e1s baratos en las mejores ciudades de Espa\u00f1a. Reserve su cama con nosotros. Reserva ahora en los hostels de Feet Up. Hostels Valencia. Alta calidad y alojamiento barato situado en el coraz\u00f3n y el centro de la ciudad. Habitaciones privadas. No hay Comisi\u00f3n por reserva. Precio oficial para hoy en Valencia para el hogar Youth Hostel Valencia, casa Backpackers Hostel Valencia, red Nest Hostel Valencia, morada Nest Hostel Valencia. Hostales m\u00e1s baratos<\/p>\n","protected":false},"author":13,"featured_media":15727,"parent":0,"menu_order":0,"comment_status":"closed","ping_status":"open","template":"","meta":{"footnotes":""},"class_list":["post-17605","page","type-page","status-publish","has-post-thumbnail","hentry"],"yoast_head":"<!-- This site is optimized with the Yoast SEO plugin v27.3 - https:\/\/yoast.com\/product\/yoast-seo-wordpress\/ -->\n<title>Hostels en Espa\u00f1a. Alojamientos en Barcelona, Valencia y Sevilla<\/title>\n<meta name=\"description\" content=\"Hostels en Espa\u00f1a. Alojamiento en Barcelona, Valencia y Sevilla. Hostales m\u00e1s baratos en las mejores ciudades de Espa\u00f1a. Reserve su cama con nosotros\" \/>\n<meta name=\"robots\" content=\"index, follow, max-snippet:-1, max-image-preview:large, max-video-preview:-1\" \/>\n<link rel=\"canonical\" href=\"https:\/\/feetuphostels.com\/es\/hostels-espana\/\" \/>\n<meta property=\"og:locale\" content=\"es_ES\" \/>\n<meta property=\"og:type\" content=\"article\" \/>\n<meta property=\"og:title\" content=\"Hostels en Espa\u00f1a. Alojamientos en Barcelona, Valencia y Sevilla\" \/>\n<meta property=\"og:description\" content=\"Hostels en Espa\u00f1a. Alojamiento en Barcelona, Valencia y Sevilla. Hostales m\u00e1s baratos en las mejores ciudades de Espa\u00f1a. Reserve su cama con nosotros\" \/>\n<meta property=\"og:url\" content=\"https:\/\/feetuphostels.com\/es\/hostels-espana\/\" \/>\n<meta property=\"og:site_name\" content=\"Feet Up Hostels\" \/>\n<meta property=\"article:publisher\" content=\"https:\/\/facebook.com\/feetuphostelsgroup\" \/>\n<meta property=\"article:modified_time\" content=\"2024-11-09T13:02:14+00:00\" \/>\n<meta property=\"og:image\" content=\"https:\/\/feetuphostels.com\/wp-content\/uploads\/2018\/07\/booking-purple-nest-hostels-valencia.jpg\" \/>\n\t<meta property=\"og:image:width\" content=\"960\" \/>\n\t<meta property=\"og:image:height\" content=\"517\" \/>\n\t<meta property=\"og:image:type\" content=\"image\/jpeg\" \/>\n<meta name=\"twitter:card\" content=\"summary_large_image\" \/>\n<meta name=\"twitter:site\" content=\"@feetuphostels\" \/>\n<meta name=\"twitter:label1\" content=\"Tiempo de lectura\" \/>\n\t<meta name=\"twitter:data1\" content=\"1 minuto\" \/>\n<script type=\"application\/ld+json\" class=\"yoast-schema-graph\">{\"@context\":\"https:\\\/\\\/schema.org\",\"@graph\":[{\"@type\":\"WebPage\",\"@id\":\"https:\\\/\\\/feetuphostels.com\\\/es\\\/hostels-espana\\\/\",\"url\":\"https:\\\/\\\/feetuphostels.com\\\/es\\\/hostels-espana\\\/\",\"name\":\"Hostels en Espa\u00f1a. Alojamientos en Barcelona, Valencia y Sevilla\",\"isPartOf\":{\"@id\":\"https:\\\/\\\/feetuphostels.com\\\/es\\\/#website\"},\"primaryImageOfPage\":{\"@id\":\"https:\\\/\\\/feetuphostels.com\\\/es\\\/hostels-espana\\\/#primaryimage\"},\"image\":{\"@id\":\"https:\\\/\\\/feetuphostels.com\\\/es\\\/hostels-espana\\\/#primaryimage\"},\"thumbnailUrl\":\"https:\\\/\\\/feetuphostels.com\\\/wp-content\\\/uploads\\\/2018\\\/07\\\/booking-purple-nest-hostels-valencia.jpg\",\"datePublished\":\"2018-12-04T10:14:36+00:00\",\"dateModified\":\"2024-11-09T13:02:14+00:00\",\"description\":\"Hostels en Espa\u00f1a. Alojamiento en Barcelona, Valencia y Sevilla. Hostales m\u00e1s baratos en las mejores ciudades de Espa\u00f1a. Reserve su cama con nosotros\",\"breadcrumb\":{\"@id\":\"https:\\\/\\\/feetuphostels.com\\\/es\\\/hostels-espana\\\/#breadcrumb\"},\"inLanguage\":\"es\",\"potentialAction\":[{\"@type\":\"ReadAction\",\"target\":[\"https:\\\/\\\/feetuphostels.com\\\/es\\\/hostels-espana\\\/\"]}]},{\"@type\":\"ImageObject\",\"inLanguage\":\"es\",\"@id\":\"https:\\\/\\\/feetuphostels.com\\\/es\\\/hostels-espana\\\/#primaryimage\",\"url\":\"https:\\\/\\\/feetuphostels.com\\\/wp-content\\\/uploads\\\/2018\\\/07\\\/booking-purple-nest-hostels-valencia.jpg\",\"contentUrl\":\"https:\\\/\\\/feetuphostels.com\\\/wp-content\\\/uploads\\\/2018\\\/07\\\/booking-purple-nest-hostels-valencia.jpg\",\"width\":960,\"height\":517,\"caption\":\"Disfruta y comparte con amigos en nuestro bar\"},{\"@type\":\"BreadcrumbList\",\"@id\":\"https:\\\/\\\/feetuphostels.com\\\/es\\\/hostels-espana\\\/#breadcrumb\",\"itemListElement\":[{\"@type\":\"ListItem\",\"position\":1,\"name\":\"Home\",\"item\":\"https:\\\/\\\/feetuphostels.com\\\/es\\\/\"},{\"@type\":\"ListItem\",\"position\":2,\"name\":\"Hostels en Espa\u00f1a\"}]},{\"@type\":\"WebSite\",\"@id\":\"https:\\\/\\\/feetuphostels.com\\\/es\\\/#website\",\"url\":\"https:\\\/\\\/feetuphostels.com\\\/es\\\/\",\"name\":\"Feet Up Hostels\",\"description\":\"Hostels y alojamiento en Valencia, Espa\u00f1a. Somos Friendliness Specialists\",\"publisher\":{\"@id\":\"https:\\\/\\\/feetuphostels.com\\\/es\\\/#organization\"},\"alternateName\":\"Feet Up Hostels\",\"potentialAction\":[{\"@type\":\"SearchAction\",\"target\":{\"@type\":\"EntryPoint\",\"urlTemplate\":\"https:\\\/\\\/feetuphostels.com\\\/es\\\/?s={search_term_string}\"},\"query-input\":{\"@type\":\"PropertyValueSpecification\",\"valueRequired\":true,\"valueName\":\"search_term_string\"}}],\"inLanguage\":\"es\"},{\"@type\":\"Organization\",\"@id\":\"https:\\\/\\\/feetuphostels.com\\\/es\\\/#organization\",\"name\":\"Feet Up Hostels\",\"alternateName\":\"Feet Up Hostels\",\"url\":\"https:\\\/\\\/feetuphostels.com\\\/es\\\/\",\"logo\":{\"@type\":\"ImageObject\",\"inLanguage\":\"es\",\"@id\":\"https:\\\/\\\/feetuphostels.com\\\/es\\\/#\\\/schema\\\/logo\\\/image\\\/\",\"url\":\"https:\\\/\\\/feetuphostels.com\\\/wp-content\\\/uploads\\\/2019\\\/01\\\/logo-web-amp-feetuphostels.svg\",\"contentUrl\":\"https:\\\/\\\/feetuphostels.com\\\/wp-content\\\/uploads\\\/2019\\\/01\\\/logo-web-amp-feetuphostels.svg\",\"width\":1,\"height\":1,\"caption\":\"Feet Up Hostels\"},\"image\":{\"@id\":\"https:\\\/\\\/feetuphostels.com\\\/es\\\/#\\\/schema\\\/logo\\\/image\\\/\"},\"sameAs\":[\"https:\\\/\\\/facebook.com\\\/feetuphostelsgroup\",\"https:\\\/\\\/x.com\\\/feetuphostels\",\"https:\\\/\\\/www.instagram.com\\\/feetuphostels\\\/\",\"https:\\\/\\\/www.tiktok.com\\\/@feetuphostels\",\"https:\\\/\\\/www.linkedin.com\\\/company\\\/feetuphostelsgroup\\\/\",\"https:\\\/\\\/www.pinterest.es\\\/FeetupHostels\\\/\",\"https:\\\/\\\/www.youtube.com\\\/feetuphostels\"]}]}<\/script>\n<!-- \/ Yoast SEO plugin. -->","yoast_head_json":{"title":"Hostels en Espa\u00f1a. Alojamientos en Barcelona, Valencia y Sevilla","description":"Hostels en Espa\u00f1a. Alojamiento en Barcelona, Valencia y Sevilla. Hostales m\u00e1s baratos en las mejores ciudades de Espa\u00f1a. Reserve su cama con nosotros","robots":{"index":"index","follow":"follow","max-snippet":"max-snippet:-1","max-image-preview":"max-image-preview:large","max-video-preview":"max-video-preview:-1"},"canonical":"https:\/\/feetuphostels.com\/es\/hostels-espana\/","og_locale":"es_ES","og_type":"article","og_title":"Hostels en Espa\u00f1a. Alojamientos en Barcelona, Valencia y Sevilla","og_description":"Hostels en Espa\u00f1a. Alojamiento en Barcelona, Valencia y Sevilla. Hostales m\u00e1s baratos en las mejores ciudades de Espa\u00f1a. Reserve su cama con nosotros","og_url":"https:\/\/feetuphostels.com\/es\/hostels-espana\/","og_site_name":"Feet Up Hostels","article_publisher":"https:\/\/facebook.com\/feetuphostelsgroup","article_modified_time":"2024-11-09T13:02:14+00:00","og_image":[{"width":960,"height":517,"url":"https:\/\/feetuphostels.com\/wp-content\/uploads\/2018\/07\/booking-purple-nest-hostels-valencia.jpg","type":"image\/jpeg"}],"twitter_card":"summary_large_image","twitter_site":"@feetuphostels","twitter_misc":{"Tiempo de lectura":"1 minuto"},"schema":{"@context":"https:\/\/schema.org","@graph":[{"@type":"WebPage","@id":"https:\/\/feetuphostels.com\/es\/hostels-espana\/","url":"https:\/\/feetuphostels.com\/es\/hostels-espana\/","name":"Hostels en Espa\u00f1a. Alojamientos en Barcelona, Valencia y Sevilla","isPartOf":{"@id":"https:\/\/feetuphostels.com\/es\/#website"},"primaryImageOfPage":{"@id":"https:\/\/feetuphostels.com\/es\/hostels-espana\/#primaryimage"},"image":{"@id":"https:\/\/feetuphostels.com\/es\/hostels-espana\/#primaryimage"},"thumbnailUrl":"https:\/\/feetuphostels.com\/wp-content\/uploads\/2018\/07\/booking-purple-nest-hostels-valencia.jpg","datePublished":"2018-12-04T10:14:36+00:00","dateModified":"2024-11-09T13:02:14+00:00","description":"Hostels en Espa\u00f1a. Alojamiento en Barcelona, Valencia y Sevilla. Hostales m\u00e1s baratos en las mejores ciudades de Espa\u00f1a. Reserve su cama con nosotros","breadcrumb":{"@id":"https:\/\/feetuphostels.com\/es\/hostels-espana\/#breadcrumb"},"inLanguage":"es","potentialAction":[{"@type":"ReadAction","target":["https:\/\/feetuphostels.com\/es\/hostels-espana\/"]}]},{"@type":"ImageObject","inLanguage":"es","@id":"https:\/\/feetuphostels.com\/es\/hostels-espana\/#primaryimage","url":"https:\/\/feetuphostels.com\/wp-content\/uploads\/2018\/07\/booking-purple-nest-hostels-valencia.jpg","contentUrl":"https:\/\/feetuphostels.com\/wp-content\/uploads\/2018\/07\/booking-purple-nest-hostels-valencia.jpg","width":960,"height":517,"caption":"Disfruta y comparte con amigos en nuestro bar"},{"@type":"BreadcrumbList","@id":"https:\/\/feetuphostels.com\/es\/hostels-espana\/#breadcrumb","itemListElement":[{"@type":"ListItem","position":1,"name":"Home","item":"https:\/\/feetuphostels.com\/es\/"},{"@type":"ListItem","position":2,"name":"Hostels en Espa\u00f1a"}]},{"@type":"WebSite","@id":"https:\/\/feetuphostels.com\/es\/#website","url":"https:\/\/feetuphostels.com\/es\/","name":"Feet Up Hostels","description":"Hostels y alojamiento en Valencia, Espa\u00f1a. Somos Friendliness Specialists","publisher":{"@id":"https:\/\/feetuphostels.com\/es\/#organization"},"alternateName":"Feet Up Hostels","potentialAction":[{"@type":"SearchAction","target":{"@type":"EntryPoint","urlTemplate":"https:\/\/feetuphostels.com\/es\/?s={search_term_string}"},"query-input":{"@type":"PropertyValueSpecification","valueRequired":true,"valueName":"search_term_string"}}],"inLanguage":"es"},{"@type":"Organization","@id":"https:\/\/feetuphostels.com\/es\/#organization","name":"Feet Up Hostels","alternateName":"Feet Up Hostels","url":"https:\/\/feetuphostels.com\/es\/","logo":{"@type":"ImageObject","inLanguage":"es","@id":"https:\/\/feetuphostels.com\/es\/#\/schema\/logo\/image\/","url":"https:\/\/feetuphostels.com\/wp-content\/uploads\/2019\/01\/logo-web-amp-feetuphostels.svg","contentUrl":"https:\/\/feetuphostels.com\/wp-content\/uploads\/2019\/01\/logo-web-amp-feetuphostels.svg","width":1,"height":1,"caption":"Feet Up Hostels"},"image":{"@id":"https:\/\/feetuphostels.com\/es\/#\/schema\/logo\/image\/"},"sameAs":["https:\/\/facebook.com\/feetuphostelsgroup","https:\/\/x.com\/feetuphostels","https:\/\/www.instagram.com\/feetuphostels\/","https:\/\/www.tiktok.com\/@feetuphostels","https:\/\/www.linkedin.com\/company\/feetuphostelsgroup\/","https:\/\/www.pinterest.es\/FeetupHostels\/","https:\/\/www.youtube.com\/feetuphostels"]}]}},"_links":{"self":[{"href":"https:\/\/feetuphostels.com\/es\/wp-json\/wp\/v2\/pages\/17605","targetHints":{"allow":["GET"]}}],"collection":[{"href":"https:\/\/feetuphostels.com\/es\/wp-json\/wp\/v2\/pages"}],"about":[{"href":"https:\/\/feetuphostels.com\/es\/wp-json\/wp\/v2\/types\/page"}],"author":[{"embeddable":true,"href":"https:\/\/feetuphostels.com\/es\/wp-json\/wp\/v2\/users\/13"}],"replies":[{"embeddable":true,"href":"https:\/\/feetuphostels.com\/es\/wp-json\/wp\/v2\/comments?post=17605"}],"version-history":[{"count":0,"href":"https:\/\/feetuphostels.com\/es\/wp-json\/wp\/v2\/pages\/17605\/revisions"}],"wp:featuredmedia":[{"embeddable":true,"href":"https:\/\/feetuphostels.com\/es\/wp-json\/wp\/v2\/media\/15727"}],"wp:attachment":[{"href":"https:\/\/feetuphostels.com\/es\/wp-json\/wp\/v2\/media?parent=17605"}],"curies":[{"name":"wp","href":"https:\/\/api.w.org\/{rel}","templated":true}]}}