{"id":15388,"date":"2017-01-23T13:06:44","date_gmt":"2017-01-23T12:06:44","guid":{"rendered":"https:\/\/feetuphostels.com\/booking-feetup-hostels\/"},"modified":"2024-11-02T16:41:04","modified_gmt":"2024-11-02T15:41:04","slug":"reserva-feetup-hostels","status":"publish","type":"page","link":"https:\/\/feetuphostels.com\/es\/reserva-feetup-hostels\/","title":{"rendered":"Reservar en Feet Up Hostels"},"content":{"rendered":"\n<h1 class=\"wp-block-heading has-text-align-center\" id=\"h-book-now-in-feet-up-hostels\">Reserva ahora en Feet Up Hostels<\/h1>\n\n<hr class=\"wp-block-separator has-alpha-channel-opacity is-style-dots\"\/>\n\n<div style=\"height:40px\" aria-hidden=\"true\" class=\"wp-block-spacer\"><\/div>\n\n<div class=\"wp-block-columns is-layout-flex wp-container-core-columns-is-layout-28f84493 wp-block-columns-is-layout-flex\">\n<div class=\"wp-block-column is-layout-flow wp-block-column-is-layout-flow\">\n<div class=\"wp-block-buttons is-content-justification-center is-layout-flex wp-container-core-buttons-is-layout-a89b3969 wp-block-buttons-is-layout-flex\">\n<div class=\"wp-block-button has-custom-width wp-block-button__width-100 is-style-outline is-style-outline--1\"><a class=\"wp-block-button__link wp-element-button\" href=\"https:\/\/feetup-purple-nest-hostel-dot-feetup-hotels.appspot.com\/booking1\/?adultsRoom1=2\" style=\"border-radius:5px\" target=\"_blank\" rel=\"noreferrer noopener\">PURPLE NEST HOSTEL VALENCIA<\/a><\/div>\n<\/div>\n<\/div>\n\n\n\n<div class=\"wp-block-column is-layout-flow wp-block-column-is-layout-flow\">\n<div class=\"wp-block-buttons is-content-justification-center is-layout-flex wp-container-core-buttons-is-layout-a89b3969 wp-block-buttons-is-layout-flex\">\n<div class=\"wp-block-button has-custom-width wp-block-button__width-100 is-style-outline is-style-outline--2\"><a class=\"wp-block-button__link wp-element-button\" href=\"https:\/\/feetup-youth-hostel-dot-feetup-hotels.appspot.com\/booking1\/?adultsRoom1=2\" style=\"border-radius:5px\" target=\"_blank\" rel=\"noreferrer noopener\">H\u00d4ME YOUTH HOSTEL VALENCIA<\/a><\/div>\n<\/div>\n<\/div>\n<\/div>\n\n<div class=\"wp-block-columns is-layout-flex wp-container-core-columns-is-layout-28f84493 wp-block-columns-is-layout-flex\">\n<div class=\"wp-block-column is-layout-flow wp-block-column-is-layout-flow\">\n<div class=\"wp-block-buttons is-content-justification-center is-layout-flex wp-container-core-buttons-is-layout-a89b3969 wp-block-buttons-is-layout-flex\">\n<div class=\"wp-block-button has-custom-width wp-block-button__width-100 is-style-outline is-style-outline--3\"><a class=\"wp-block-button__link wp-element-button\" href=\"https:\/\/feetup-red-nest-hostel-dot-feetup-hotels.appspot.com\/booking1\/?adultsRoom1=2\" style=\"border-radius:5px\" target=\"_blank\" rel=\"noreferrer noopener\">RED NEST HOSTEL VALENCIA<\/a><\/div>\n<\/div>\n<\/div>\n\n\n\n<div class=\"wp-block-column is-layout-flow wp-block-column-is-layout-flow\">\n<div class=\"wp-block-buttons is-content-justification-center is-layout-flex wp-container-core-buttons-is-layout-a89b3969 wp-block-buttons-is-layout-flex\">\n<div class=\"wp-block-button has-custom-width wp-block-button__width-100 is-style-outline is-style-outline--4\"><a class=\"wp-block-button__link wp-element-button\" href=\"https:\/\/feetup-nest-style-dot-feetup-hotels.appspot.com\/booking1\/?adultsRoom1=2\" style=\"border-radius:5px\" target=\"_blank\" rel=\"noreferrer noopener\">NEST STYLE VALENCIA HOTEL<\/a><\/div>\n<\/div>\n<\/div>\n<\/div>\n\n<div style=\"height:40px\" aria-hidden=\"true\" class=\"wp-block-spacer\"><\/div>\n\n<hr class=\"wp-block-separator has-alpha-channel-opacity is-style-dots\"\/>\n\n<h2 class=\"wp-block-heading\" id=\"h-book-directly-with-us-and-enjoy-unique-benefits\">Reserva directamente con nosotros y disfruta de ventajas \u00fanicas<\/h2>\n\n<p>Sabemos que eres un viajero experto, que busca la mejor experiencia al mejor precio. Por eso queremos contarte las ventajas de reservar directamente con nosotros, en lugar de hacerlo a trav\u00e9s de intermediarios como HostelWorld o TripAdvisor.<\/p>\n\n<p><em>\u00bfListo para conocer todas las ventajas y ahorros que te esperan? \u00a1Empecemos!<\/em><\/p>\n\n<h2 class=\"wp-block-heading\">Olv\u00eddate de las Comisiones de los Canales de Reservas<\/h2>\n\n<p>Cuando reservas a trav\u00e9s de intermediarios, est\u00e1s pagando un porcentaje extra por ese servicio. <\/p>\n\n<p>Cuando reservas directamente a trav\u00e9s de nosotros, ese coste adicional desaparece. S\u00ed, \u00a1as\u00ed de sencillo! Ese ahorro te permitir\u00e1 gastar m\u00e1s en experiencias inolvidables durante tu viaje.<\/p>\n\n<h2 class=\"wp-block-heading\">Mejor precio garantizado<\/h2>\n\n<p>Si encuentras una oferta mejor, no s\u00f3lo la igualaremos, sino que la superaremos. Nuestra prioridad es darte el m\u00e1ximo valor por tu dinero.<\/p>\n\n<h2 class=\"wp-block-heading\">Flexibilidad en tu Reserva<\/h2>\n\n<p>Sabemos que los planes pueden cambiar. Por eso, cuando reservas directamente con nosotros, ofrecemos una pol\u00edtica m\u00e1s flexible para cambios y cancelaciones. Puedes gestionar tu reserva sin complicaciones, ajust\u00e1ndola a tus necesidades.<\/p>\n\n<h2 class=\"wp-block-heading\"><a href=\"https:\/\/feetuphostels.com\/es\/ofertas\/\" target=\"_blank\" rel=\"noreferrer noopener\">Ofertas y promociones<\/a> exclusivas<\/h2>\n\n<p>Tendr\u00e1s acceso a ofertas y promociones que no encontrar\u00e1s en ninguna otra plataforma. Desde paquetes de actividades y experiencias locales hasta descuentos en comida y bebida en nuestro restaurante, queremos que tu estancia sea excepcional.<\/p>\n\n<h2 class=\"wp-block-heading\">Atenci\u00f3n personalizada<\/h2>\n\n<p>Nuestro equipo est\u00e1 siempre dispuesto a ayudarte. Al reservar directamente, puedes comunicarte con nosotros en cualquier momento, antes, durante y despu\u00e9s de tu estancia. Cualquier consulta o petici\u00f3n especial, estamos aqu\u00ed para hacerla realidad.<\/p>\n\n<div class=\"wp-block-essential-blocks-advanced-image\"><div class=\"eb-parent-wrapper eb-parent-eb-advanced-image-wuiuckq \"><figure class=\"eb-advanced-image-wrapper eb-advanced-image-wuiuckq img-style-rounded caption-style-1 caption-horizontal-center caption-vertical-bottom bottom zoom-in\" data-id=\"eb-advanced-image-wuiuckq\"><div class=\"image-wrapper\"><img decoding=\"async\" src=\"https:\/\/feetuphostels.com\/wp-content\/uploads\/2018\/11\/work-uk-feetuphostels.jpg\" alt=\"Reservar en Feet Up Hostels\"><figcaption>Reservar en Feet Up Hostels<\/figcaption><\/div><\/figure><\/div><\/div>\n\n<h2 class=\"wp-block-heading\">Reserva Directa: La mejor opci\u00f3n para el viajero inteligente<\/h2>\n\n<p>Como puedes ver, reservar directamente con nosotros es una elecci\u00f3n inteligente que te permite ahorrar dinero, ganar flexibilidad y disfrutar de una experiencia personalizada. \u00bfListo para disfrutar de todas estas ventajas en tu pr\u00f3ximo viaje?<\/p>\n\n<p>\u00a1Haz tu reserva ahora!<\/p>\n\n<p><\/p>\n\n<p><\/p>\n","protected":false},"excerpt":{"rendered":"<p>Reserva en Feet Up Hostels desde 12\u20ac por noche en Barcelona, Valencia. Reservar en Barcelona, Reservar en Valencia. Reserva tu cama al mejor precio. Camas desde \u20ac12 cerca del estadio Camp Nou de Barcelona, con habitaciones seguras, limpias, confortables y econ\u00f3micas en una ubicaci\u00f3n muy cercana para los aficionados al F\u00fatbol Club Barcelona. Alojamiento con zona com\u00fan, billar y un equipo multidiomas para los viajeros que visitan Barcelona. Reserva en Garden House Hostel Barcelona. Reserva ahora en Yellow Nest Hostel Barcelona. Reserva en Purple Nest Hostel Valencia. Reserva ahora en Red Nest Hostel Valencia. Reserva en H\u00f4me Youth Hostel Valencia. Ver precio en H\u00f4me Backpackers Hostel Valencia<\/p>\n","protected":false},"author":13,"featured_media":17479,"parent":0,"menu_order":0,"comment_status":"closed","ping_status":"open","template":"","meta":{"footnotes":""},"class_list":["post-15388","page","type-page","status-publish","has-post-thumbnail","hentry"],"yoast_head":"<!-- This site is optimized with the Yoast SEO plugin v27.4 - https:\/\/yoast.com\/product\/yoast-seo-wordpress\/ -->\n<title>Reservar en Feet Up Hostels \u2764\ufe0f Ventajas exclusivas con nuestros albergues<\/title>\n<meta name=\"description\" content=\"Reservas Feet Up Hostels desde 12 \u20ac \u2764\ufe0f Aprovecha al m\u00e1ximo tu estancia reservando directamente con nosotros. \u00a1Descubre las ventajas y el ahorro que te esperan!\" \/>\n<meta name=\"robots\" content=\"index, follow, max-snippet:-1, max-image-preview:large, max-video-preview:-1\" \/>\n<link rel=\"canonical\" href=\"https:\/\/feetuphostels.com\/es\/reserva-feetup-hostels\/\" \/>\n<meta property=\"og:locale\" content=\"es_ES\" \/>\n<meta property=\"og:type\" content=\"article\" \/>\n<meta property=\"og:title\" content=\"Reservar en Feetup Hostels \u00ae Friendliness Specialist\" \/>\n<meta property=\"og:description\" content=\"Reservas Feet Up Hostels desde 12 \u20ac \u2764\ufe0f Aprovecha al m\u00e1ximo tu estancia reservando directamente con nosotros. \u00a1Descubre las ventajas y el ahorro que te esperan!\" \/>\n<meta property=\"og:url\" content=\"https:\/\/feetuphostels.com\/es\/reserva-feetup-hostels\/\" \/>\n<meta property=\"og:site_name\" content=\"Feet Up Hostels\" \/>\n<meta property=\"article:publisher\" content=\"https:\/\/facebook.com\/feetuphostelsgroup\" \/>\n<meta property=\"article:modified_time\" content=\"2024-11-02T15:41:04+00:00\" \/>\n<meta property=\"og:image\" content=\"https:\/\/feetuphostels.com\/wp-content\/uploads\/2017\/09\/01workwithus.jpg\" \/>\n\t<meta property=\"og:image:width\" content=\"1920\" \/>\n\t<meta property=\"og:image:height\" content=\"900\" \/>\n\t<meta property=\"og:image:type\" content=\"image\/jpeg\" \/>\n<meta name=\"twitter:card\" content=\"summary_large_image\" \/>\n<meta name=\"twitter:site\" content=\"@feetuphostels\" \/>\n<meta name=\"twitter:label1\" content=\"Tiempo de lectura\" \/>\n\t<meta name=\"twitter:data1\" content=\"2 minutos\" \/>\n<script type=\"application\/ld+json\" class=\"yoast-schema-graph\">{\"@context\":\"https:\\\/\\\/schema.org\",\"@graph\":[{\"@type\":\"WebPage\",\"@id\":\"https:\\\/\\\/feetuphostels.com\\\/es\\\/reserva-feetup-hostels\\\/\",\"url\":\"https:\\\/\\\/feetuphostels.com\\\/es\\\/reserva-feetup-hostels\\\/\",\"name\":\"Reservar en Feet Up Hostels \u2764\ufe0f Ventajas exclusivas con nuestros albergues\",\"isPartOf\":{\"@id\":\"https:\\\/\\\/feetuphostels.com\\\/es\\\/#website\"},\"primaryImageOfPage\":{\"@id\":\"https:\\\/\\\/feetuphostels.com\\\/es\\\/reserva-feetup-hostels\\\/#primaryimage\"},\"image\":{\"@id\":\"https:\\\/\\\/feetuphostels.com\\\/es\\\/reserva-feetup-hostels\\\/#primaryimage\"},\"thumbnailUrl\":\"https:\\\/\\\/feetuphostels.com\\\/wp-content\\\/uploads\\\/2018\\\/11\\\/work-uk-feetuphostels.jpg\",\"datePublished\":\"2017-01-23T12:06:44+00:00\",\"dateModified\":\"2024-11-02T15:41:04+00:00\",\"description\":\"Reservas Feet Up Hostels desde 12 \u20ac \u2764\ufe0f Aprovecha al m\u00e1ximo tu estancia reservando directamente con nosotros. \u00a1Descubre las ventajas y el ahorro que te esperan!\",\"breadcrumb\":{\"@id\":\"https:\\\/\\\/feetuphostels.com\\\/es\\\/reserva-feetup-hostels\\\/#breadcrumb\"},\"inLanguage\":\"es\",\"potentialAction\":[{\"@type\":\"ReadAction\",\"target\":[\"https:\\\/\\\/feetuphostels.com\\\/es\\\/reserva-feetup-hostels\\\/\"]}]},{\"@type\":\"ImageObject\",\"inLanguage\":\"es\",\"@id\":\"https:\\\/\\\/feetuphostels.com\\\/es\\\/reserva-feetup-hostels\\\/#primaryimage\",\"url\":\"https:\\\/\\\/feetuphostels.com\\\/wp-content\\\/uploads\\\/2018\\\/11\\\/work-uk-feetuphostels.jpg\",\"contentUrl\":\"https:\\\/\\\/feetuphostels.com\\\/wp-content\\\/uploads\\\/2018\\\/11\\\/work-uk-feetuphostels.jpg\",\"width\":1200,\"height\":900,\"caption\":\"Booking Feet Up Hostels\"},{\"@type\":\"BreadcrumbList\",\"@id\":\"https:\\\/\\\/feetuphostels.com\\\/es\\\/reserva-feetup-hostels\\\/#breadcrumb\",\"itemListElement\":[{\"@type\":\"ListItem\",\"position\":1,\"name\":\"Home\",\"item\":\"https:\\\/\\\/feetuphostels.com\\\/es\\\/\"},{\"@type\":\"ListItem\",\"position\":2,\"name\":\"Reservar en Feetup Hostels\"}]},{\"@type\":\"WebSite\",\"@id\":\"https:\\\/\\\/feetuphostels.com\\\/es\\\/#website\",\"url\":\"https:\\\/\\\/feetuphostels.com\\\/es\\\/\",\"name\":\"Feet Up Hostels\",\"description\":\"Hostels y alojamiento en Valencia, Espa\u00f1a. Somos Friendliness Specialists\",\"publisher\":{\"@id\":\"https:\\\/\\\/feetuphostels.com\\\/es\\\/#organization\"},\"alternateName\":\"Feet Up Hostels\",\"potentialAction\":[{\"@type\":\"SearchAction\",\"target\":{\"@type\":\"EntryPoint\",\"urlTemplate\":\"https:\\\/\\\/feetuphostels.com\\\/es\\\/?s={search_term_string}\"},\"query-input\":{\"@type\":\"PropertyValueSpecification\",\"valueRequired\":true,\"valueName\":\"search_term_string\"}}],\"inLanguage\":\"es\"},{\"@type\":\"Organization\",\"@id\":\"https:\\\/\\\/feetuphostels.com\\\/es\\\/#organization\",\"name\":\"Feet Up Hostels\",\"alternateName\":\"Feet Up Hostels\",\"url\":\"https:\\\/\\\/feetuphostels.com\\\/es\\\/\",\"logo\":{\"@type\":\"ImageObject\",\"inLanguage\":\"es\",\"@id\":\"https:\\\/\\\/feetuphostels.com\\\/es\\\/#\\\/schema\\\/logo\\\/image\\\/\",\"url\":\"https:\\\/\\\/feetuphostels.com\\\/wp-content\\\/uploads\\\/2019\\\/01\\\/logo-web-amp-feetuphostels.svg\",\"contentUrl\":\"https:\\\/\\\/feetuphostels.com\\\/wp-content\\\/uploads\\\/2019\\\/01\\\/logo-web-amp-feetuphostels.svg\",\"width\":1,\"height\":1,\"caption\":\"Feet Up Hostels\"},\"image\":{\"@id\":\"https:\\\/\\\/feetuphostels.com\\\/es\\\/#\\\/schema\\\/logo\\\/image\\\/\"},\"sameAs\":[\"https:\\\/\\\/facebook.com\\\/feetuphostelsgroup\",\"https:\\\/\\\/x.com\\\/feetuphostels\",\"https:\\\/\\\/www.instagram.com\\\/feetuphostels\\\/\",\"https:\\\/\\\/www.tiktok.com\\\/@feetuphostels\",\"https:\\\/\\\/www.linkedin.com\\\/company\\\/feetuphostelsgroup\\\/\",\"https:\\\/\\\/www.pinterest.es\\\/FeetupHostels\\\/\",\"https:\\\/\\\/www.youtube.com\\\/feetuphostels\"]}]}<\/script>\n<!-- \/ Yoast SEO plugin. -->","yoast_head_json":{"title":"Reservar en Feet Up Hostels \u2764\ufe0f Ventajas exclusivas con nuestros albergues","description":"Reservas Feet Up Hostels desde 12 \u20ac \u2764\ufe0f Aprovecha al m\u00e1ximo tu estancia reservando directamente con nosotros. \u00a1Descubre las ventajas y el ahorro que te esperan!","robots":{"index":"index","follow":"follow","max-snippet":"max-snippet:-1","max-image-preview":"max-image-preview:large","max-video-preview":"max-video-preview:-1"},"canonical":"https:\/\/feetuphostels.com\/es\/reserva-feetup-hostels\/","og_locale":"es_ES","og_type":"article","og_title":"Reservar en Feetup Hostels \u00ae Friendliness Specialist","og_description":"Reservas Feet Up Hostels desde 12 \u20ac \u2764\ufe0f Aprovecha al m\u00e1ximo tu estancia reservando directamente con nosotros. \u00a1Descubre las ventajas y el ahorro que te esperan!","og_url":"https:\/\/feetuphostels.com\/es\/reserva-feetup-hostels\/","og_site_name":"Feet Up Hostels","article_publisher":"https:\/\/facebook.com\/feetuphostelsgroup","article_modified_time":"2024-11-02T15:41:04+00:00","og_image":[{"width":1920,"height":900,"url":"https:\/\/feetuphostels.com\/wp-content\/uploads\/2017\/09\/01workwithus.jpg","type":"image\/jpeg"}],"twitter_card":"summary_large_image","twitter_site":"@feetuphostels","twitter_misc":{"Tiempo de lectura":"2 minutos"},"schema":{"@context":"https:\/\/schema.org","@graph":[{"@type":"WebPage","@id":"https:\/\/feetuphostels.com\/es\/reserva-feetup-hostels\/","url":"https:\/\/feetuphostels.com\/es\/reserva-feetup-hostels\/","name":"Reservar en Feet Up Hostels \u2764\ufe0f Ventajas exclusivas con nuestros albergues","isPartOf":{"@id":"https:\/\/feetuphostels.com\/es\/#website"},"primaryImageOfPage":{"@id":"https:\/\/feetuphostels.com\/es\/reserva-feetup-hostels\/#primaryimage"},"image":{"@id":"https:\/\/feetuphostels.com\/es\/reserva-feetup-hostels\/#primaryimage"},"thumbnailUrl":"https:\/\/feetuphostels.com\/wp-content\/uploads\/2018\/11\/work-uk-feetuphostels.jpg","datePublished":"2017-01-23T12:06:44+00:00","dateModified":"2024-11-02T15:41:04+00:00","description":"Reservas Feet Up Hostels desde 12 \u20ac \u2764\ufe0f Aprovecha al m\u00e1ximo tu estancia reservando directamente con nosotros. \u00a1Descubre las ventajas y el ahorro que te esperan!","breadcrumb":{"@id":"https:\/\/feetuphostels.com\/es\/reserva-feetup-hostels\/#breadcrumb"},"inLanguage":"es","potentialAction":[{"@type":"ReadAction","target":["https:\/\/feetuphostels.com\/es\/reserva-feetup-hostels\/"]}]},{"@type":"ImageObject","inLanguage":"es","@id":"https:\/\/feetuphostels.com\/es\/reserva-feetup-hostels\/#primaryimage","url":"https:\/\/feetuphostels.com\/wp-content\/uploads\/2018\/11\/work-uk-feetuphostels.jpg","contentUrl":"https:\/\/feetuphostels.com\/wp-content\/uploads\/2018\/11\/work-uk-feetuphostels.jpg","width":1200,"height":900,"caption":"Booking Feet Up Hostels"},{"@type":"BreadcrumbList","@id":"https:\/\/feetuphostels.com\/es\/reserva-feetup-hostels\/#breadcrumb","itemListElement":[{"@type":"ListItem","position":1,"name":"Home","item":"https:\/\/feetuphostels.com\/es\/"},{"@type":"ListItem","position":2,"name":"Reservar en Feetup Hostels"}]},{"@type":"WebSite","@id":"https:\/\/feetuphostels.com\/es\/#website","url":"https:\/\/feetuphostels.com\/es\/","name":"Feet Up Hostels","description":"Hostels y alojamiento en Valencia, Espa\u00f1a. Somos Friendliness Specialists","publisher":{"@id":"https:\/\/feetuphostels.com\/es\/#organization"},"alternateName":"Feet Up Hostels","potentialAction":[{"@type":"SearchAction","target":{"@type":"EntryPoint","urlTemplate":"https:\/\/feetuphostels.com\/es\/?s={search_term_string}"},"query-input":{"@type":"PropertyValueSpecification","valueRequired":true,"valueName":"search_term_string"}}],"inLanguage":"es"},{"@type":"Organization","@id":"https:\/\/feetuphostels.com\/es\/#organization","name":"Feet Up Hostels","alternateName":"Feet Up Hostels","url":"https:\/\/feetuphostels.com\/es\/","logo":{"@type":"ImageObject","inLanguage":"es","@id":"https:\/\/feetuphostels.com\/es\/#\/schema\/logo\/image\/","url":"https:\/\/feetuphostels.com\/wp-content\/uploads\/2019\/01\/logo-web-amp-feetuphostels.svg","contentUrl":"https:\/\/feetuphostels.com\/wp-content\/uploads\/2019\/01\/logo-web-amp-feetuphostels.svg","width":1,"height":1,"caption":"Feet Up Hostels"},"image":{"@id":"https:\/\/feetuphostels.com\/es\/#\/schema\/logo\/image\/"},"sameAs":["https:\/\/facebook.com\/feetuphostelsgroup","https:\/\/x.com\/feetuphostels","https:\/\/www.instagram.com\/feetuphostels\/","https:\/\/www.tiktok.com\/@feetuphostels","https:\/\/www.linkedin.com\/company\/feetuphostelsgroup\/","https:\/\/www.pinterest.es\/FeetupHostels\/","https:\/\/www.youtube.com\/feetuphostels"]}]}},"_links":{"self":[{"href":"https:\/\/feetuphostels.com\/es\/wp-json\/wp\/v2\/pages\/15388","targetHints":{"allow":["GET"]}}],"collection":[{"href":"https:\/\/feetuphostels.com\/es\/wp-json\/wp\/v2\/pages"}],"about":[{"href":"https:\/\/feetuphostels.com\/es\/wp-json\/wp\/v2\/types\/page"}],"author":[{"embeddable":true,"href":"https:\/\/feetuphostels.com\/es\/wp-json\/wp\/v2\/users\/13"}],"replies":[{"embeddable":true,"href":"https:\/\/feetuphostels.com\/es\/wp-json\/wp\/v2\/comments?post=15388"}],"version-history":[{"count":0,"href":"https:\/\/feetuphostels.com\/es\/wp-json\/wp\/v2\/pages\/15388\/revisions"}],"wp:featuredmedia":[{"embeddable":true,"href":"https:\/\/feetuphostels.com\/es\/wp-json\/wp\/v2\/media\/17479"}],"wp:attachment":[{"href":"https:\/\/feetuphostels.com\/es\/wp-json\/wp\/v2\/media?parent=15388"}],"curies":[{"name":"wp","href":"https:\/\/api.w.org\/{rel}","templated":true}]}}