{"id":1116,"date":"2017-01-20T19:52:44","date_gmt":"2017-01-20T18:52:44","guid":{"rendered":"http:\/\/feetuphostels.barcelona\/?page_id=1116"},"modified":"2024-11-09T14:00:57","modified_gmt":"2024-11-09T13:00:57","slug":"trabaja-con-nosotros","status":"publish","type":"page","link":"https:\/\/feetuphostels.com\/es\/trabaja-con-nosotros\/","title":{"rendered":"Trabaja con nosotros"},"content":{"rendered":"\n<h1 class=\"wp-block-heading has-text-align-center\" id=\"h-work-with-us-on-spain\">Trabaja con nosotros en Espa\u00f1a<\/h1>\n\n<h3 class=\"wp-block-heading\" id=\"h-do-you-want-to-internship-in-spain-do-you-want-to-work-with-us\">\u00bfQuiere hacer pr\u00e1cticas en Espa\u00f1a?&#13;\n\u00bfQuiere trabajar con nosotros?<\/h3>\n\n<h5 class=\"wp-block-heading\" id=\"h-our-feetup-hostels-group-is-formed-by-a-dynamic-team-and-many-people-want-to-improve-on-the-basis-of-partnership-and-mutual-support\">Nuestro grupo Feet Up Hostels est\u00e1 formado por un equipo din\u00e1mico y muchas personas que desean mejorar sobre la base de la colaboraci\u00f3n y el apoyo mutuo. <\/h5>\n\n<h5 class=\"wp-block-heading\" id=\"h-our-human-resources-department-is-constantly-looking-for-people-who-have-these-requirements-and-want-to-join-our-team\">Nuestro Departamento de Recursos Humanos busca constantemente personas que re\u00fanan estos requisitos y quieran unirse a nuestro equipo.<\/h5>\n\n<h1 class=\"wp-block-heading\" id=\"h-work-away-experiencespain-uk\">Trabajar fuera Experiencia&#13;\nEspa\u00f1a &#8211; Reino Unido<\/h1>\n\n<h3 class=\"wp-block-heading\" id=\"h-do-you-want-to-become-a-tourism-professional-and-also-learn-languages\">\u00bfQuiere convertirse en un profesional del turismo y adem\u00e1s aprender idiomas?<\/h3>\n\n<h5 class=\"wp-block-heading\" id=\"h-in-feet-up-hostels-we-offer-you-the-possibility-to-work-in-spain-and-learn-spanish\">En Feet Up Hostels le ofrecemos la posibilidad de trabajar en Espa\u00f1a y aprender espa\u00f1ol.<\/h5>\n\n<h5 class=\"wp-block-heading\" id=\"h-you-can-also-work-in-the-uk-and-learn-english-all-in-one-experience-that-will-surely-enrich-your-professional-resume\">Tambi\u00e9n podr\u00e1 trabajar en el Reino Unido y aprender ingl\u00e9s.&#13;\n\u00a1Todo en una sola experiencia que seguro enriquecer\u00e1 su curr\u00edculum profesional!<\/h5>\n\n<h2 class=\"wp-block-heading\" id=\"h-how-does-it-work-with-us\">\u00bfC\u00f3mo funciona con nosotros?<\/h2>\n\n<h5 class=\"wp-block-heading\" id=\"h-online-marketing\"><strong>MARKETING EN L\u00cdNEA<\/strong><\/h5>\n\n<p class=\"has-text-align-center\">Buscamos perfiles de j\u00f3venes con una r\u00e1pida capacidad de aprendizaje del mundo online y de las \u00faltimas tecnolog\u00edas en nuestras oficinas centrales de Valencia.<\/p>\n\n<p class=\"has-text-align-center\">Le ayudaremos a crecer profesionalmente para un mundo cada vez m\u00e1s competitivo.<\/p>\n\n<h5 class=\"wp-block-heading\" id=\"h-reception\"><strong>RECEPCI\u00d3N<\/strong><\/h5>\n\n<p class=\"has-text-align-center\">Disponemos de alojamientos y albergues en las ciudades de Barcelona y Valencia donde podr\u00e1 desarrollar su capacidad de comunicaci\u00f3n con nuestros clientes..<\/p>\n\n<p class=\"has-text-align-center\">Al mismo tiempo, puede formarse en atenci\u00f3n al cliente en diferentes idiomas.<\/p>\n\n<h5 class=\"wp-block-heading\" id=\"h-youth-hostels\"><strong>ALBERGUES JUVENILES<\/strong><\/h5>\n\n<p class=\"has-text-align-center\">Todos y cada uno de nuestros albergues juveniles de Barcelona y Valencia son los mejores lugares para desarrollar tus pr\u00e1cticas si buscas un lugar donde conocer gente nueva y aprender de las diferentes culturas del mundo.<\/p>\n\n<p class=\"has-text-align-center\">Venga y forme parte de nuestro equipo.<\/p>\n\n<h5 class=\"wp-block-heading\" id=\"h-you-can-send-us-an-email-to-staff-feetuphostels-com\">Puede enviarnos un correo electr\u00f3nico a: <a href=\"mailto:staff@feetuphostels.com\">staff@feetuphostels.com<\/a><\/h5>\n\n<h2 class=\"wp-block-heading\" id=\"h-how-does-work-away-experience-spain-uk\">\u00bfC\u00f3mo se trabaja fuera Experiencia Espa\u00f1a &#8211; Reino Unido?<\/h2>\n\n<h1 class=\"wp-block-heading\" id=\"h-jobs-in-spain\">Trabajar en Espa\u00f1a<\/h1>\n\n<p>INFORMACI\u00d3N GENERAL<\/p>\n\n<p>Trabaje en Valencia o Barcelona, dos de las mejores y m\u00e1s atractivas ciudades tur\u00edsticas de Espa\u00f1a. Trabajar\u00e1 en uno de nuestros albergues, en un entorno din\u00e1mico, joven y multicultural. Tenemos la f\u00f3rmula perfecta para crecer como profesional del turismo, mejorar su CV y sus competencias profesionales.<\/p>\n\n<p>Todo nuestro personal habla espa\u00f1ol, por lo que tambi\u00e9n mejorar\u00e1 sus conocimientos ling\u00fc\u00edsticos mientras se convierte en un profesional de la hosteler\u00eda.<\/p>\n\n<p><strong>Estancia m\u00ednima:<\/strong><\/p>\n\n<ul class=\"wp-block-list\">\n<li>M\u00ednimo: 3 meses<\/li>\n\n\n\n<li>M\u00e1ximo: 1 a\u00f1o<\/li>\n<\/ul>\n\n<p><strong>Idiomas:<\/strong><\/p>\n\n<ul class=\"wp-block-list\">\n<li>Nivel de ingl\u00e9s: Intermedio<\/li>\n\n\n\n<li>Nivel de espa\u00f1ol: Intermedio<\/li>\n<\/ul>\n\n<p><strong>Documentaci\u00f3n:<\/strong><\/p>\n\n<ul class=\"wp-block-list\">\n<li>Ciudadano de la UE<\/li>\n\n\n\n<li>Entrevista y proceso de selecci\u00f3n.<\/li>\n\n\n\n<li>Formaci\u00f3n en atenci\u00f3n al cliente, ventas, gesti\u00f3n de front office y back office, animaci\u00f3n y mucho m\u00e1s.<\/li>\n\n\n\n<li>Mejorar tu espa\u00f1ol.<\/li>\n\n\n\n<li>Accommodation in Valencia &#8211; Barcelona<\/li>\n\n\n\n<li>Certificado de pr\u00e1cticas<\/li>\n\n\n\n<li>Posibilidad de contrataci\u00f3n<\/li>\n<\/ul>\n\n<h1 class=\"wp-block-heading\" id=\"h-work-in-the-uk\"><strong>Trabajar en el Reino Unido<\/strong><\/h1>\n\n<p>INFORMACI\u00d3N GENERAL<\/p>\n\n<p>Desde empresas multinacionales a firmas industriales y empresas de nueva creaci\u00f3n, la cosmopolita ciudad de Londres es uno de los mejores lugares del mundo para mejorar su CV y sus aptitudes laborales.<\/p>\n\n<p>En el competitivo mundo actual, realizar unas pr\u00e1cticas en Londres le ayudar\u00e1 a destacar entre la multitud. <\/p>\n\n<p>Trabajar en Londres le brinda la oportunidad de ser independiente, de aprender o mejorar sus competencias laborales y su vocabulario t\u00e9cnico empresarial y de acceder al mercado laboral.<\/p>\n\n<p>Con nuestras pr\u00e1cticas, aprender\u00e1 a asumir responsabilidades en el trabajo mientras es acogido en una de nuestras acogedoras empresas.<\/p>\n\n<p>REQUISITOS. Estancia m\u00ednima:<\/p>\n\n<ul class=\"wp-block-list\">\n<li><span style=\"font-weight: 400;\">M\u00ednimo: 6 meses (Verano 4)<\/span><\/li>\n\n\n\n<li><span style=\"font-weight: 400;\">M\u00e1ximo: 1 a\u00f1o<\/span><\/li>\n<\/ul>\n\n<p><b>Idiomas:<\/b><\/p>\n\n<ul class=\"wp-block-list\">\n<li>Nivel de ingl\u00e9s: No requerido<\/li>\n<\/ul>\n\n<p><b>Documentaci\u00f3n:<\/b><\/p>\n\n<ul class=\"wp-block-list\">\n<li>Ciudadano UE<\/li>\n<\/ul>\n\n<p>QU\u00c9 INCLUYE<\/p>\n\n<ul class=\"wp-block-list\">\n<li>Busque una empresa seg\u00fan los par\u00e1metros solicitados.<\/li>\n\n\n\n<li>Proceso de selecci\u00f3n.<\/li>\n\n\n\n<li>Apoyo de nuestro equipo de coordinaci\u00f3n en Londres. <\/li>\n\n\n\n<li>Certificado de realizaci\u00f3n de las pr\u00e1cticas.<\/li>\n\n\n\n<li>Reuni\u00f3n informativa inicial en el destino (iniciaci\u00f3n del estudiante) + entrevista con la empresa de acogida.<\/li>\n\n\n\n<li>Acceso a nuestro programa social en Londres.<\/li>\n\n\n\n<li>Consejos para encontrar alojamiento.<\/li>\n<\/ul>\n\n<p>\u00bfA QUI\u00c9N VA DIRIGIDO?<\/p>\n\n<ul class=\"wp-block-list\">\n<li>A cualquier persona de la franja de edad solicitada (v\u00e9ase m\u00e1s abajo)<\/li>\n\n\n\n<li>La experiencia previa no es necesaria, pero es aconsejable tenerla para poder optar a mejores empleos desde el principio.<\/li>\n\n\n\n<li>No es necesario tener un alto nivel de ingl\u00e9s, pero es aconsejable tener el mejor nivel posible.<\/li>\n<\/ul>\n\n<p>Es ideal para estudiantes o profesionales del sector de la hosteler\u00eda, pero no s\u00f3lo para ellos. Cualquiera que desee adquirir experiencia laboral en el Reino Unido, mejorar su CV y sus conocimientos de ingl\u00e9s y hacer nuevos contactos y amigos puede unirse al programa: si tiene experiencia en el sector de la hosteler\u00eda, \u00a1este programa es ideal para usted!<\/p>\n\n<h3 class=\"wp-block-heading\" id=\"h-contact-us\">Contacta con Nosotros<\/h3>\n\n<h5 class=\"wp-block-heading\" id=\"h-you-can-also-send-us-an-email-to-staff-feetuphostels-com\"><strong>Tambi\u00e9n puede enviarnos un correo electr\u00f3nico a\u00a0<a href=\"mailto:staff@feetuphostels.com\">staff@feetuphostels.com<\/a><\/strong><\/h5>\n","protected":false},"excerpt":{"rendered":"<p>Trabaja con nosotros \ud83d\ude80 work away Experience \ud83d\ude80 con Feet Up Hostels en  Barcelona o Valencia. Experiencia laboral en Espa\u00f1a y Londres<\/p>\n","protected":false},"author":13,"featured_media":0,"parent":0,"menu_order":0,"comment_status":"closed","ping_status":"closed","template":"","meta":{"footnotes":""},"class_list":["post-1116","page","type-page","status-publish","hentry"],"yoast_head":"<!-- This site is optimized with the Yoast SEO plugin v27.3 - https:\/\/yoast.com\/product\/yoast-seo-wordpress\/ -->\n<title>Trabajar con nosotros \ud83d\ude80 Work away experience \ud83d\ude80 con Feet Up Hostels<\/title>\n<meta name=\"description\" content=\"Trabajar con nosotros \ud83d\ude80 Work away experience \ud83d\ude80 con Feet Up Hostels en Barcelona or Valencia. Work away Experience en Espa\u00f1a y Londres\" \/>\n<meta name=\"robots\" content=\"index, follow, max-snippet:-1, max-image-preview:large, max-video-preview:-1\" \/>\n<link rel=\"canonical\" href=\"https:\/\/feetuphostels.com\/es\/trabaja-con-nosotros\/\" \/>\n<meta property=\"og:locale\" content=\"es_ES\" \/>\n<meta property=\"og:type\" content=\"article\" \/>\n<meta property=\"og:title\" content=\"Trabajar con nosotros \ud83d\ude80 Work away experience \ud83d\ude80 con Feet Up Hostels\" \/>\n<meta property=\"og:description\" content=\"Trabajar con nosotros \ud83d\ude80 Work away experience \ud83d\ude80 con Feet Up Hostels en Barcelona or Valencia. Work away Experience en Espa\u00f1a y Londres\" \/>\n<meta property=\"og:url\" content=\"https:\/\/feetuphostels.com\/es\/trabaja-con-nosotros\/\" \/>\n<meta property=\"og:site_name\" content=\"Feet Up Hostels\" \/>\n<meta property=\"article:publisher\" content=\"https:\/\/facebook.com\/feetuphostelsgroup\" \/>\n<meta property=\"article:modified_time\" content=\"2024-11-09T13:00:57+00:00\" \/>\n<meta property=\"og:image\" content=\"https:\/\/feetuphostels.com\/wp-content\/uploads\/2017\/01\/about-us.jpg\" \/>\n\t<meta property=\"og:image:width\" content=\"960\" \/>\n\t<meta property=\"og:image:height\" content=\"650\" \/>\n\t<meta property=\"og:image:type\" content=\"image\/jpeg\" \/>\n<meta name=\"twitter:card\" content=\"summary_large_image\" \/>\n<meta name=\"twitter:site\" content=\"@feetuphostels\" \/>\n<meta name=\"twitter:label1\" content=\"Tiempo de lectura\" \/>\n\t<meta name=\"twitter:data1\" content=\"4 minutos\" \/>\n<script type=\"application\/ld+json\" class=\"yoast-schema-graph\">{\"@context\":\"https:\\\/\\\/schema.org\",\"@graph\":[{\"@type\":\"WebPage\",\"@id\":\"https:\\\/\\\/feetuphostels.com\\\/es\\\/trabaja-con-nosotros\\\/\",\"url\":\"https:\\\/\\\/feetuphostels.com\\\/es\\\/trabaja-con-nosotros\\\/\",\"name\":\"Trabajar con nosotros \ud83d\ude80 Work away experience \ud83d\ude80 con Feet Up Hostels\",\"isPartOf\":{\"@id\":\"https:\\\/\\\/feetuphostels.com\\\/es\\\/#website\"},\"datePublished\":\"2017-01-20T18:52:44+00:00\",\"dateModified\":\"2024-11-09T13:00:57+00:00\",\"description\":\"Trabajar con nosotros \ud83d\ude80 Work away experience \ud83d\ude80 con Feet Up Hostels en Barcelona or Valencia. Work away Experience en Espa\u00f1a y Londres\",\"breadcrumb\":{\"@id\":\"https:\\\/\\\/feetuphostels.com\\\/es\\\/trabaja-con-nosotros\\\/#breadcrumb\"},\"inLanguage\":\"es\",\"potentialAction\":[{\"@type\":\"ReadAction\",\"target\":[\"https:\\\/\\\/feetuphostels.com\\\/es\\\/trabaja-con-nosotros\\\/\"]}]},{\"@type\":\"BreadcrumbList\",\"@id\":\"https:\\\/\\\/feetuphostels.com\\\/es\\\/trabaja-con-nosotros\\\/#breadcrumb\",\"itemListElement\":[{\"@type\":\"ListItem\",\"position\":1,\"name\":\"Home\",\"item\":\"https:\\\/\\\/feetuphostels.com\\\/es\\\/\"},{\"@type\":\"ListItem\",\"position\":2,\"name\":\"Trabaja con nosotros\"}]},{\"@type\":\"WebSite\",\"@id\":\"https:\\\/\\\/feetuphostels.com\\\/es\\\/#website\",\"url\":\"https:\\\/\\\/feetuphostels.com\\\/es\\\/\",\"name\":\"Feet Up Hostels\",\"description\":\"Hostels y alojamiento en Valencia, Espa\u00f1a. Somos Friendliness Specialists\",\"publisher\":{\"@id\":\"https:\\\/\\\/feetuphostels.com\\\/es\\\/#organization\"},\"alternateName\":\"Feet Up Hostels\",\"potentialAction\":[{\"@type\":\"SearchAction\",\"target\":{\"@type\":\"EntryPoint\",\"urlTemplate\":\"https:\\\/\\\/feetuphostels.com\\\/es\\\/?s={search_term_string}\"},\"query-input\":{\"@type\":\"PropertyValueSpecification\",\"valueRequired\":true,\"valueName\":\"search_term_string\"}}],\"inLanguage\":\"es\"},{\"@type\":\"Organization\",\"@id\":\"https:\\\/\\\/feetuphostels.com\\\/es\\\/#organization\",\"name\":\"Feet Up Hostels\",\"alternateName\":\"Feet Up Hostels\",\"url\":\"https:\\\/\\\/feetuphostels.com\\\/es\\\/\",\"logo\":{\"@type\":\"ImageObject\",\"inLanguage\":\"es\",\"@id\":\"https:\\\/\\\/feetuphostels.com\\\/es\\\/#\\\/schema\\\/logo\\\/image\\\/\",\"url\":\"https:\\\/\\\/feetuphostels.com\\\/wp-content\\\/uploads\\\/2019\\\/01\\\/logo-web-amp-feetuphostels.svg\",\"contentUrl\":\"https:\\\/\\\/feetuphostels.com\\\/wp-content\\\/uploads\\\/2019\\\/01\\\/logo-web-amp-feetuphostels.svg\",\"width\":1,\"height\":1,\"caption\":\"Feet Up Hostels\"},\"image\":{\"@id\":\"https:\\\/\\\/feetuphostels.com\\\/es\\\/#\\\/schema\\\/logo\\\/image\\\/\"},\"sameAs\":[\"https:\\\/\\\/facebook.com\\\/feetuphostelsgroup\",\"https:\\\/\\\/x.com\\\/feetuphostels\",\"https:\\\/\\\/www.instagram.com\\\/feetuphostels\\\/\",\"https:\\\/\\\/www.tiktok.com\\\/@feetuphostels\",\"https:\\\/\\\/www.linkedin.com\\\/company\\\/feetuphostelsgroup\\\/\",\"https:\\\/\\\/www.pinterest.es\\\/FeetupHostels\\\/\",\"https:\\\/\\\/www.youtube.com\\\/feetuphostels\"]}]}<\/script>\n<!-- \/ Yoast SEO plugin. -->","yoast_head_json":{"title":"Trabajar con nosotros \ud83d\ude80 Work away experience \ud83d\ude80 con Feet Up Hostels","description":"Trabajar con nosotros \ud83d\ude80 Work away experience \ud83d\ude80 con Feet Up Hostels en Barcelona or Valencia. Work away Experience en Espa\u00f1a y Londres","robots":{"index":"index","follow":"follow","max-snippet":"max-snippet:-1","max-image-preview":"max-image-preview:large","max-video-preview":"max-video-preview:-1"},"canonical":"https:\/\/feetuphostels.com\/es\/trabaja-con-nosotros\/","og_locale":"es_ES","og_type":"article","og_title":"Trabajar con nosotros \ud83d\ude80 Work away experience \ud83d\ude80 con Feet Up Hostels","og_description":"Trabajar con nosotros \ud83d\ude80 Work away experience \ud83d\ude80 con Feet Up Hostels en Barcelona or Valencia. Work away Experience en Espa\u00f1a y Londres","og_url":"https:\/\/feetuphostels.com\/es\/trabaja-con-nosotros\/","og_site_name":"Feet Up Hostels","article_publisher":"https:\/\/facebook.com\/feetuphostelsgroup","article_modified_time":"2024-11-09T13:00:57+00:00","og_image":[{"width":960,"height":650,"url":"https:\/\/feetuphostels.com\/wp-content\/uploads\/2017\/01\/about-us.jpg","type":"image\/jpeg"}],"twitter_card":"summary_large_image","twitter_site":"@feetuphostels","twitter_misc":{"Tiempo de lectura":"4 minutos"},"schema":{"@context":"https:\/\/schema.org","@graph":[{"@type":"WebPage","@id":"https:\/\/feetuphostels.com\/es\/trabaja-con-nosotros\/","url":"https:\/\/feetuphostels.com\/es\/trabaja-con-nosotros\/","name":"Trabajar con nosotros \ud83d\ude80 Work away experience \ud83d\ude80 con Feet Up Hostels","isPartOf":{"@id":"https:\/\/feetuphostels.com\/es\/#website"},"datePublished":"2017-01-20T18:52:44+00:00","dateModified":"2024-11-09T13:00:57+00:00","description":"Trabajar con nosotros \ud83d\ude80 Work away experience \ud83d\ude80 con Feet Up Hostels en Barcelona or Valencia. Work away Experience en Espa\u00f1a y Londres","breadcrumb":{"@id":"https:\/\/feetuphostels.com\/es\/trabaja-con-nosotros\/#breadcrumb"},"inLanguage":"es","potentialAction":[{"@type":"ReadAction","target":["https:\/\/feetuphostels.com\/es\/trabaja-con-nosotros\/"]}]},{"@type":"BreadcrumbList","@id":"https:\/\/feetuphostels.com\/es\/trabaja-con-nosotros\/#breadcrumb","itemListElement":[{"@type":"ListItem","position":1,"name":"Home","item":"https:\/\/feetuphostels.com\/es\/"},{"@type":"ListItem","position":2,"name":"Trabaja con nosotros"}]},{"@type":"WebSite","@id":"https:\/\/feetuphostels.com\/es\/#website","url":"https:\/\/feetuphostels.com\/es\/","name":"Feet Up Hostels","description":"Hostels y alojamiento en Valencia, Espa\u00f1a. Somos Friendliness Specialists","publisher":{"@id":"https:\/\/feetuphostels.com\/es\/#organization"},"alternateName":"Feet Up Hostels","potentialAction":[{"@type":"SearchAction","target":{"@type":"EntryPoint","urlTemplate":"https:\/\/feetuphostels.com\/es\/?s={search_term_string}"},"query-input":{"@type":"PropertyValueSpecification","valueRequired":true,"valueName":"search_term_string"}}],"inLanguage":"es"},{"@type":"Organization","@id":"https:\/\/feetuphostels.com\/es\/#organization","name":"Feet Up Hostels","alternateName":"Feet Up Hostels","url":"https:\/\/feetuphostels.com\/es\/","logo":{"@type":"ImageObject","inLanguage":"es","@id":"https:\/\/feetuphostels.com\/es\/#\/schema\/logo\/image\/","url":"https:\/\/feetuphostels.com\/wp-content\/uploads\/2019\/01\/logo-web-amp-feetuphostels.svg","contentUrl":"https:\/\/feetuphostels.com\/wp-content\/uploads\/2019\/01\/logo-web-amp-feetuphostels.svg","width":1,"height":1,"caption":"Feet Up Hostels"},"image":{"@id":"https:\/\/feetuphostels.com\/es\/#\/schema\/logo\/image\/"},"sameAs":["https:\/\/facebook.com\/feetuphostelsgroup","https:\/\/x.com\/feetuphostels","https:\/\/www.instagram.com\/feetuphostels\/","https:\/\/www.tiktok.com\/@feetuphostels","https:\/\/www.linkedin.com\/company\/feetuphostelsgroup\/","https:\/\/www.pinterest.es\/FeetupHostels\/","https:\/\/www.youtube.com\/feetuphostels"]}]}},"_links":{"self":[{"href":"https:\/\/feetuphostels.com\/es\/wp-json\/wp\/v2\/pages\/1116","targetHints":{"allow":["GET"]}}],"collection":[{"href":"https:\/\/feetuphostels.com\/es\/wp-json\/wp\/v2\/pages"}],"about":[{"href":"https:\/\/feetuphostels.com\/es\/wp-json\/wp\/v2\/types\/page"}],"author":[{"embeddable":true,"href":"https:\/\/feetuphostels.com\/es\/wp-json\/wp\/v2\/users\/13"}],"replies":[{"embeddable":true,"href":"https:\/\/feetuphostels.com\/es\/wp-json\/wp\/v2\/comments?post=1116"}],"version-history":[{"count":0,"href":"https:\/\/feetuphostels.com\/es\/wp-json\/wp\/v2\/pages\/1116\/revisions"}],"wp:attachment":[{"href":"https:\/\/feetuphostels.com\/es\/wp-json\/wp\/v2\/media?parent=1116"}],"curies":[{"name":"wp","href":"https:\/\/api.w.org\/{rel}","templated":true}]}}