{"id":1057,"date":"2017-01-20T16:01:11","date_gmt":"2017-01-20T15:01:11","guid":{"rendered":"http:\/\/feetuphostels.barcelona\/?page_id=1057"},"modified":"2024-11-09T13:25:20","modified_gmt":"2024-11-09T12:25:20","slug":"reserva-segura","status":"publish","type":"page","link":"https:\/\/feetuphostels.com\/es\/reserva-segura\/","title":{"rendered":"Reserva segura con Feet Up Hostels"},"content":{"rendered":"\n<h1 class=\"wp-block-heading has-text-align-center\">Reserva segura con Feet Up Hostels<\/h1>\n\n<h2 class=\"wp-block-heading\" id=\"h-is-it-safe-to-book-with-us\">\u00bfEs seguro reservar con nosotros?<\/h2>\n\n<p>\u00bfTe has preguntado alguna vez si es seguro reservar a trav\u00e9s de Feet Up Hostels? \u00bfEs mejor reservar directamente con el albergue o hacerlo a trav\u00e9s de booking.com?<\/p>\n\n<p>A veces puede parecer que los portales como booking.com ofrecen precios m\u00e1s bajos, pero&#8230; \u00bfes realmente as\u00ed?<\/p>\n\n<p>Hoy queremos contarte 4 razones por las cuales te conviene reservar directamente con nosotros y no a trav\u00e9s de un portal de terceros.<\/p>\n\n<p>As\u00ed que aleja tus pensamientos de Expedia, Hotels.com, Booking.com y similares. La mejor habitaci\u00f3n, el mejor precio, el mejor servicio y la mejor estancia est\u00e1n justo aqu\u00ed, al reservar directamente con Feet Up Hostels.<\/p>\n\n<p><strong>Reservar de forma segura con Feet Up Hostels<\/strong><\/p>\n\n<h3 class=\"wp-block-heading\">Responsabilidad<\/h3>\n\n<p>Cuando solo estamos t\u00fa (el hu\u00e9sped) y nosotros (el albergue) en la reserva, todo es m\u00e1s f\u00e1cil y claro, ya que no hay m\u00e1s partes involucradas. Cuando se mete un tercero como Booking o Expedia, las cosas pueden complicarse. A veces las reservas no se procesan bien debido a problemas t\u00e9cnicos y la culpa se le echa injustamente al albergue.<\/p>\n\n<p>Esto puede resultar en que te quedes sin habitaci\u00f3n o con una que no quer\u00edas. \u00bfQuieres evitar pesadillas? \u00c9chale un vistazo a <a href=\"http:\/\/www.consumeraffairs.com\/\" target=\"_blank\" rel=\"noopener\">ConsumerAffairs.com<\/a>, donde Booking.com tiene <a href=\"https:\/\/www.consumeraffairs.com\/travel\/booking_com.html\" target=\"_blank\" rel=\"noopener\">2\/5 estrellas en m\u00e1s de 1,300 rese\u00f1as<\/a>.<\/p>\n\n<h3 class=\"wp-block-heading\">Igualamos precios<\/h3>\n\n<p>La \u00fanica ventaja aparente de reservar a trav\u00e9s de sitios como Booking.com, Expedia o HostelWorld es que parecen ofrecer los precios m\u00e1s bajos, aunque sea solo por unos euros. Pero aqu\u00ed viene el truco: la mayor\u00eda de los albergues, especialmente las cadenas de albergues como nosotros, podemos igualar cualquier precio.<\/p>\n\n<p>Solo tienes que enviarnos a recepci\u00f3n el precio m\u00e1s barato que hayas encontrado en otro lugar para las mismas fechas. No solo igualaremos el precio m\u00e1s bajo que hayas encontrado, sino que adem\u00e1s te daremos un descuento adicional de hasta el 10%.<\/p>\n\n<h3 class=\"wp-block-heading\">Elecci\u00f3n de habitaci\u00f3n<\/h3>\n\n<p>Vendemos a trav\u00e9s de otros canales solo un cierto tipo de habitaciones. Obviamente, reservamos las mejores habitaciones, el mejor precio y con la mayor variedad posible para venderlas directamente a trav\u00e9s de nuestra web.<\/p>\n\n<h3 class=\"wp-block-heading\">M\u00e1s flexibilidad<\/h3>\n\n<p>Al reservar directamente, nuestro equipo considerar\u00e1 tu solicitud como una prioridad para resolver cualquier problema que tengas. Podr\u00e1s cambiar o incluso cancelar la reserva, ya que no estar\u00e1 sujeta a ning\u00fan acuerdo entre terceros.<\/p>\n\n<p>Reservar a trav\u00e9s de un canal externo esencialmente crea un contrato para tu estancia, que puede limitar las posibilidades de maniobra y modificaciones entre t\u00fa y nosotros.<\/p>\n\n<h3 class=\"wp-block-heading\" id=\"h-booking-directly-is-always-much-better-it-is-safer-it-is-faster-more-comfortable-more-economical-and-with-greater-benefits-for-you-as-a-guest\">Reservar directamente, siempre es mucho mejor, es m\u00e1s seguro, es m\u00e1s r\u00e1pido, m\u00e1s c\u00f3modo, m\u00e1s econ\u00f3mico y con mayores beneficios para ti como hu\u00e9sped.<\/h3>\n\n<p><\/p>\n","protected":false},"excerpt":{"rendered":"<p>Reserva segura con Feet Up Hostels \/ \u00bfEs seguro reservar en FeetUpHostels.com ? | \u00bfEs seguro reservar con nosotros?<br \/>\nSeguro que en muchas ocasiones te has preguntado:<br \/>\n&#8211; \u00bfEs mejor reservar directamente con un hostel o en booking.com?<br \/>\n&#8211; \u00bfPor qu\u00e9 es mejor reservar con un hostel directamente que con booking.com u otro canal de reservas?<br \/>\n&#8211; \u00bfPor qu\u00e9 booking.com u otros canales de reserva tienen mejores precios que el hostel directamente?<\/p>\n","protected":false},"author":13,"featured_media":206478,"parent":0,"menu_order":0,"comment_status":"closed","ping_status":"closed","template":"","meta":{"footnotes":""},"class_list":["post-1057","page","type-page","status-publish","has-post-thumbnail","hentry"],"yoast_head":"<!-- This site is optimized with the Yoast SEO plugin v27.3 - https:\/\/yoast.com\/product\/yoast-seo-wordpress\/ -->\n<title>Reserva segura. Reserva online segura en el Grupo Feet Up Hostels<\/title>\n<meta name=\"description\" content=\"Reserva Segura. Reservas online seguras en los Barcelona y Valencia. Pago a trav\u00e9s de una plataforma segura con certificado SSL y tecnolog\u00eda de encriptaci\u00f3n\" \/>\n<meta name=\"robots\" content=\"index, follow, max-snippet:-1, max-image-preview:large, max-video-preview:-1\" \/>\n<link rel=\"canonical\" href=\"https:\/\/feetuphostels.com\/es\/reserva-segura\/\" \/>\n<meta property=\"og:locale\" content=\"es_ES\" \/>\n<meta property=\"og:type\" content=\"article\" \/>\n<meta property=\"og:title\" content=\"Reserva segura. Reserva online segura en el Grupo Feet Up Hostels\" \/>\n<meta property=\"og:description\" content=\"Reserva Segura. Reservas online seguras en los Barcelona y Valencia. Pago a trav\u00e9s de una plataforma segura con certificado SSL y tecnolog\u00eda de encriptaci\u00f3n\" \/>\n<meta property=\"og:url\" content=\"https:\/\/feetuphostels.com\/es\/reserva-segura\/\" \/>\n<meta property=\"og:site_name\" content=\"Feet Up Hostels\" \/>\n<meta property=\"article:publisher\" content=\"https:\/\/facebook.com\/feetuphostelsgroup\" \/>\n<meta property=\"article:modified_time\" content=\"2024-11-09T12:25:20+00:00\" \/>\n<meta property=\"og:image\" content=\"https:\/\/feetuphostels.com\/wp-content\/uploads\/2022\/12\/safe-booking-feetuphostels.jpg\" \/>\n\t<meta property=\"og:image:width\" content=\"1024\" \/>\n\t<meta property=\"og:image:height\" content=\"680\" \/>\n\t<meta property=\"og:image:type\" content=\"image\/jpeg\" \/>\n<meta name=\"twitter:card\" content=\"summary_large_image\" \/>\n<meta name=\"twitter:site\" content=\"@feetuphostels\" \/>\n<meta name=\"twitter:label1\" content=\"Tiempo de lectura\" \/>\n\t<meta name=\"twitter:data1\" content=\"2 minutos\" \/>\n<script type=\"application\/ld+json\" class=\"yoast-schema-graph\">{\"@context\":\"https:\\\/\\\/schema.org\",\"@graph\":[{\"@type\":\"WebPage\",\"@id\":\"https:\\\/\\\/feetuphostels.com\\\/es\\\/reserva-segura\\\/\",\"url\":\"https:\\\/\\\/feetuphostels.com\\\/es\\\/reserva-segura\\\/\",\"name\":\"Reserva segura. Reserva online segura en el Grupo Feet Up Hostels\",\"isPartOf\":{\"@id\":\"https:\\\/\\\/feetuphostels.com\\\/es\\\/#website\"},\"primaryImageOfPage\":{\"@id\":\"https:\\\/\\\/feetuphostels.com\\\/es\\\/reserva-segura\\\/#primaryimage\"},\"image\":{\"@id\":\"https:\\\/\\\/feetuphostels.com\\\/es\\\/reserva-segura\\\/#primaryimage\"},\"thumbnailUrl\":\"https:\\\/\\\/feetuphostels.com\\\/wp-content\\\/uploads\\\/2022\\\/12\\\/safe-booking-feetuphostels.jpg\",\"datePublished\":\"2017-01-20T15:01:11+00:00\",\"dateModified\":\"2024-11-09T12:25:20+00:00\",\"description\":\"Reserva Segura. Reservas online seguras en los Barcelona y Valencia. Pago a trav\u00e9s de una plataforma segura con certificado SSL y tecnolog\u00eda de encriptaci\u00f3n\",\"breadcrumb\":{\"@id\":\"https:\\\/\\\/feetuphostels.com\\\/es\\\/reserva-segura\\\/#breadcrumb\"},\"inLanguage\":\"es\",\"potentialAction\":[{\"@type\":\"ReadAction\",\"target\":[\"https:\\\/\\\/feetuphostels.com\\\/es\\\/reserva-segura\\\/\"]}]},{\"@type\":\"ImageObject\",\"inLanguage\":\"es\",\"@id\":\"https:\\\/\\\/feetuphostels.com\\\/es\\\/reserva-segura\\\/#primaryimage\",\"url\":\"https:\\\/\\\/feetuphostels.com\\\/wp-content\\\/uploads\\\/2022\\\/12\\\/safe-booking-feetuphostels.jpg\",\"contentUrl\":\"https:\\\/\\\/feetuphostels.com\\\/wp-content\\\/uploads\\\/2022\\\/12\\\/safe-booking-feetuphostels.jpg\",\"width\":1024,\"height\":680,\"caption\":\"Reservas seguras con Feet Up Hostels\"},{\"@type\":\"BreadcrumbList\",\"@id\":\"https:\\\/\\\/feetuphostels.com\\\/es\\\/reserva-segura\\\/#breadcrumb\",\"itemListElement\":[{\"@type\":\"ListItem\",\"position\":1,\"name\":\"Home\",\"item\":\"https:\\\/\\\/feetuphostels.com\\\/es\\\/\"},{\"@type\":\"ListItem\",\"position\":2,\"name\":\"Reserva segura con Feet Up Hostels\"}]},{\"@type\":\"WebSite\",\"@id\":\"https:\\\/\\\/feetuphostels.com\\\/es\\\/#website\",\"url\":\"https:\\\/\\\/feetuphostels.com\\\/es\\\/\",\"name\":\"Feet Up Hostels\",\"description\":\"Hostels y alojamiento en Valencia, Espa\u00f1a. Somos Friendliness Specialists\",\"publisher\":{\"@id\":\"https:\\\/\\\/feetuphostels.com\\\/es\\\/#organization\"},\"alternateName\":\"Feet Up Hostels\",\"potentialAction\":[{\"@type\":\"SearchAction\",\"target\":{\"@type\":\"EntryPoint\",\"urlTemplate\":\"https:\\\/\\\/feetuphostels.com\\\/es\\\/?s={search_term_string}\"},\"query-input\":{\"@type\":\"PropertyValueSpecification\",\"valueRequired\":true,\"valueName\":\"search_term_string\"}}],\"inLanguage\":\"es\"},{\"@type\":\"Organization\",\"@id\":\"https:\\\/\\\/feetuphostels.com\\\/es\\\/#organization\",\"name\":\"Feet Up Hostels\",\"alternateName\":\"Feet Up Hostels\",\"url\":\"https:\\\/\\\/feetuphostels.com\\\/es\\\/\",\"logo\":{\"@type\":\"ImageObject\",\"inLanguage\":\"es\",\"@id\":\"https:\\\/\\\/feetuphostels.com\\\/es\\\/#\\\/schema\\\/logo\\\/image\\\/\",\"url\":\"https:\\\/\\\/feetuphostels.com\\\/wp-content\\\/uploads\\\/2019\\\/01\\\/logo-web-amp-feetuphostels.svg\",\"contentUrl\":\"https:\\\/\\\/feetuphostels.com\\\/wp-content\\\/uploads\\\/2019\\\/01\\\/logo-web-amp-feetuphostels.svg\",\"width\":1,\"height\":1,\"caption\":\"Feet Up Hostels\"},\"image\":{\"@id\":\"https:\\\/\\\/feetuphostels.com\\\/es\\\/#\\\/schema\\\/logo\\\/image\\\/\"},\"sameAs\":[\"https:\\\/\\\/facebook.com\\\/feetuphostelsgroup\",\"https:\\\/\\\/x.com\\\/feetuphostels\",\"https:\\\/\\\/www.instagram.com\\\/feetuphostels\\\/\",\"https:\\\/\\\/www.tiktok.com\\\/@feetuphostels\",\"https:\\\/\\\/www.linkedin.com\\\/company\\\/feetuphostelsgroup\\\/\",\"https:\\\/\\\/www.pinterest.es\\\/FeetupHostels\\\/\",\"https:\\\/\\\/www.youtube.com\\\/feetuphostels\"]}]}<\/script>\n<!-- \/ Yoast SEO plugin. -->","yoast_head_json":{"title":"Reserva segura. Reserva online segura en el Grupo Feet Up Hostels","description":"Reserva Segura. Reservas online seguras en los Barcelona y Valencia. Pago a trav\u00e9s de una plataforma segura con certificado SSL y tecnolog\u00eda de encriptaci\u00f3n","robots":{"index":"index","follow":"follow","max-snippet":"max-snippet:-1","max-image-preview":"max-image-preview:large","max-video-preview":"max-video-preview:-1"},"canonical":"https:\/\/feetuphostels.com\/es\/reserva-segura\/","og_locale":"es_ES","og_type":"article","og_title":"Reserva segura. Reserva online segura en el Grupo Feet Up Hostels","og_description":"Reserva Segura. Reservas online seguras en los Barcelona y Valencia. Pago a trav\u00e9s de una plataforma segura con certificado SSL y tecnolog\u00eda de encriptaci\u00f3n","og_url":"https:\/\/feetuphostels.com\/es\/reserva-segura\/","og_site_name":"Feet Up Hostels","article_publisher":"https:\/\/facebook.com\/feetuphostelsgroup","article_modified_time":"2024-11-09T12:25:20+00:00","og_image":[{"width":1024,"height":680,"url":"https:\/\/feetuphostels.com\/wp-content\/uploads\/2022\/12\/safe-booking-feetuphostels.jpg","type":"image\/jpeg"}],"twitter_card":"summary_large_image","twitter_site":"@feetuphostels","twitter_misc":{"Tiempo de lectura":"2 minutos"},"schema":{"@context":"https:\/\/schema.org","@graph":[{"@type":"WebPage","@id":"https:\/\/feetuphostels.com\/es\/reserva-segura\/","url":"https:\/\/feetuphostels.com\/es\/reserva-segura\/","name":"Reserva segura. Reserva online segura en el Grupo Feet Up Hostels","isPartOf":{"@id":"https:\/\/feetuphostels.com\/es\/#website"},"primaryImageOfPage":{"@id":"https:\/\/feetuphostels.com\/es\/reserva-segura\/#primaryimage"},"image":{"@id":"https:\/\/feetuphostels.com\/es\/reserva-segura\/#primaryimage"},"thumbnailUrl":"https:\/\/feetuphostels.com\/wp-content\/uploads\/2022\/12\/safe-booking-feetuphostels.jpg","datePublished":"2017-01-20T15:01:11+00:00","dateModified":"2024-11-09T12:25:20+00:00","description":"Reserva Segura. Reservas online seguras en los Barcelona y Valencia. Pago a trav\u00e9s de una plataforma segura con certificado SSL y tecnolog\u00eda de encriptaci\u00f3n","breadcrumb":{"@id":"https:\/\/feetuphostels.com\/es\/reserva-segura\/#breadcrumb"},"inLanguage":"es","potentialAction":[{"@type":"ReadAction","target":["https:\/\/feetuphostels.com\/es\/reserva-segura\/"]}]},{"@type":"ImageObject","inLanguage":"es","@id":"https:\/\/feetuphostels.com\/es\/reserva-segura\/#primaryimage","url":"https:\/\/feetuphostels.com\/wp-content\/uploads\/2022\/12\/safe-booking-feetuphostels.jpg","contentUrl":"https:\/\/feetuphostels.com\/wp-content\/uploads\/2022\/12\/safe-booking-feetuphostels.jpg","width":1024,"height":680,"caption":"Reservas seguras con Feet Up Hostels"},{"@type":"BreadcrumbList","@id":"https:\/\/feetuphostels.com\/es\/reserva-segura\/#breadcrumb","itemListElement":[{"@type":"ListItem","position":1,"name":"Home","item":"https:\/\/feetuphostels.com\/es\/"},{"@type":"ListItem","position":2,"name":"Reserva segura con Feet Up Hostels"}]},{"@type":"WebSite","@id":"https:\/\/feetuphostels.com\/es\/#website","url":"https:\/\/feetuphostels.com\/es\/","name":"Feet Up Hostels","description":"Hostels y alojamiento en Valencia, Espa\u00f1a. Somos Friendliness Specialists","publisher":{"@id":"https:\/\/feetuphostels.com\/es\/#organization"},"alternateName":"Feet Up Hostels","potentialAction":[{"@type":"SearchAction","target":{"@type":"EntryPoint","urlTemplate":"https:\/\/feetuphostels.com\/es\/?s={search_term_string}"},"query-input":{"@type":"PropertyValueSpecification","valueRequired":true,"valueName":"search_term_string"}}],"inLanguage":"es"},{"@type":"Organization","@id":"https:\/\/feetuphostels.com\/es\/#organization","name":"Feet Up Hostels","alternateName":"Feet Up Hostels","url":"https:\/\/feetuphostels.com\/es\/","logo":{"@type":"ImageObject","inLanguage":"es","@id":"https:\/\/feetuphostels.com\/es\/#\/schema\/logo\/image\/","url":"https:\/\/feetuphostels.com\/wp-content\/uploads\/2019\/01\/logo-web-amp-feetuphostels.svg","contentUrl":"https:\/\/feetuphostels.com\/wp-content\/uploads\/2019\/01\/logo-web-amp-feetuphostels.svg","width":1,"height":1,"caption":"Feet Up Hostels"},"image":{"@id":"https:\/\/feetuphostels.com\/es\/#\/schema\/logo\/image\/"},"sameAs":["https:\/\/facebook.com\/feetuphostelsgroup","https:\/\/x.com\/feetuphostels","https:\/\/www.instagram.com\/feetuphostels\/","https:\/\/www.tiktok.com\/@feetuphostels","https:\/\/www.linkedin.com\/company\/feetuphostelsgroup\/","https:\/\/www.pinterest.es\/FeetupHostels\/","https:\/\/www.youtube.com\/feetuphostels"]}]}},"_links":{"self":[{"href":"https:\/\/feetuphostels.com\/es\/wp-json\/wp\/v2\/pages\/1057","targetHints":{"allow":["GET"]}}],"collection":[{"href":"https:\/\/feetuphostels.com\/es\/wp-json\/wp\/v2\/pages"}],"about":[{"href":"https:\/\/feetuphostels.com\/es\/wp-json\/wp\/v2\/types\/page"}],"author":[{"embeddable":true,"href":"https:\/\/feetuphostels.com\/es\/wp-json\/wp\/v2\/users\/13"}],"replies":[{"embeddable":true,"href":"https:\/\/feetuphostels.com\/es\/wp-json\/wp\/v2\/comments?post=1057"}],"version-history":[{"count":0,"href":"https:\/\/feetuphostels.com\/es\/wp-json\/wp\/v2\/pages\/1057\/revisions"}],"wp:featuredmedia":[{"embeddable":true,"href":"https:\/\/feetuphostels.com\/es\/wp-json\/wp\/v2\/media\/206478"}],"wp:attachment":[{"href":"https:\/\/feetuphostels.com\/es\/wp-json\/wp\/v2\/media?parent=1057"}],"curies":[{"name":"wp","href":"https:\/\/api.w.org\/{rel}","templated":true}]}}