{"id":220303,"date":"2024-03-28T11:24:58","date_gmt":"2024-03-28T10:24:58","guid":{"rendered":"https:\/\/feetuphostels.com\/feet-up-hostels\/"},"modified":"2024-11-01T16:03:09","modified_gmt":"2024-11-01T15:03:09","slug":"feet-up-hostels","status":"publish","type":"page","link":"https:\/\/feetuphostels.com\/de\/","title":{"rendered":"Feet Up Hostels"},"content":{"rendered":"\n<h1 class=\"wp-block-heading\" id=\"h-feet-up-hostels-spain\">Feet Up Hostels Spanien<\/h1>\n\n<h2 class=\"wp-block-heading\" id=\"h-we-have-hostels-in-the-best-cities-of-spain-book-now-in-barcelona-valencia-and-sevilla\">Wir haben Hostels in den besten St\u00e4dten Spaniens&#13;\nBuche jetzt in <a href=\"https:\/\/feetuphostels.com\/es\/hostels-barcelona\/\">Barcelona<\/a>, <a href=\"https:\/\/feetuphostels.com\/es\/hostels-valencia\/\">Valencia<\/a> und Sevilla<\/h2>\n\n<h2 class=\"wp-block-heading\" id=\"h-feet-up-hostels-who-are-we\">Feet Up Hostels, wer sind wir?<\/h2>\n\n<p>Wir sind bestrebt, das f\u00fchrende Unternehmen in der Verwaltung und Bewirtschaftung von preisg\u00fcnstigen Touristenunterk\u00fcnften zu sein, sowohl auf nationaler als auch auf internationaler Ebene, indem wir einen st\u00e4ndigen Mehrwert f\u00fcr unsere Kunden, Investoren, Mitarbeiter und Angestellten schaffen, bessere finanzielle Ertr\u00e4ge erzielen und Investitionen schnell amortisieren.<\/p>\n\n<p>Unser Slogan &#8222;Friendliness Specialists&#8220; und unser mehr als 10-j\u00e4hriges, konstantes Wachstum best\u00e4tigen uns, dass unsere S\u00e4ulen auf Ethik, Engagement und Vertrauen beruhen. Es sind diese S\u00e4ulen, die uns dazu bringen, alle Ziele zu erreichen, die wir uns vornehmen.<\/p>\n\n<h3 class=\"wp-block-heading\" id=\"h-garden-house-nbsp-hostel-barcelona-by-feet-up-hostels\"><a href=\"https:\/\/feetuphostels.com\/es\/garden-house-hostel-barcelona\/\">Garden House<\/a>\u00a0<a href=\"https:\/\/feetuphostels.com\/es\/hostels-barcelona\/\">Hostel Barcelona<\/a> by Feet Up Hostels<\/h3>\n\n<p>Es befindet sich im Wohngebiet Valldaura und ganz in der N\u00e4he der gleichnamigen U-Bahn-Station, der Linie 3 der Metro de Barcelona, die direkt zum Passeig de Gracia und parallel dazu verl\u00e4uft. Unsere Gruppe garantiert die Qualit\u00e4t der Einrichtungen und die gute Atmosph\u00e4re, die im Gemeinschaftsbereich des Gartens entsteht.<\/p>\n\n<ul class=\"wp-block-list\">\n<li>Mehrbettzimmer und Privatzimmer.<\/li>\n\n\n\n<li>Mit einem gr\u00fcnen Garten, den du mit deinen Freunden teilen kannst.<\/li>\n\n\n\n<li><strong>Kostenloses WIFI in der ganzen Herberge, damit du immer in Verbindung bleibst.\u00a0<\/strong><\/li>\n\n\n\n<li>Dachterrasse und eine unschlagbare Atmosph\u00e4re.<\/li>\n<\/ul>\n\n<p><\/p>\n\n<h3 class=\"wp-block-heading\" id=\"h-yellow-nest-nbsp-hostel-barcelona-by-feet-up-hostels\"><a href=\"https:\/\/feetuphostels.com\/es\/yellow-nest-hostel-barcelona\/\">Yellow Nest<\/a>\u00a0<a href=\"https:\/\/feetuphostels.com\/es\/hostels-barcelona\/\">Hostel Barcelona<\/a> by Feet Up Hostels<\/h3>\n\n<p>Wenn du Fu\u00dfball magst und ein Fan von Barca bist, wirst du dieses Hostel lieben, denn das ber\u00fchmte Camp Nou Fu\u00dfballstadion ist nur 3 Minuten zu Fu\u00df entfernt. Es hat verschiedene Zimmertypen, du kannst zwischen Mehrbettzimmern mit bunter Dekoration w\u00e4hlen.<\/p>\n\n<ul class=\"wp-block-list\">\n<li>Dachterrasse.<\/li>\n\n\n\n<li>24-Stunden-Rezeption.<\/li>\n\n\n\n<li>Gro\u00dfe Zimmer (gemeinsam, gemischt oder nur f\u00fcr M\u00e4dchen).<\/li>\n\n\n\n<li>Private Zimmer f\u00fcr Familien.<\/li>\n<\/ul>\n\n<p><\/p>\n\n<h3 class=\"wp-block-heading\" id=\"h-purple-nest-nbsp-hostel-valencia\"><a href=\"https:\/\/feetuphostels.com\/de\/purple-nest-hostel-valencia-2\/\">Purple Nest<\/a>\u00a0<a href=\"https:\/\/feetuphostels.com\/es\/hostels-valencia\/\">Hostel Valencia<\/a><\/h3>\n\n<p>Mit verschiedenen Zimmertypen, die auf deine Bed\u00fcrfnisse zugeschnitten sind, im Zentrum von Valencia. Gemeinschaftszimmer mit einfachem und farbenfrohem Design, die dir eine gem\u00fctliche Atmosph\u00e4re w\u00e4hrend deines Besuchs in Valencia bieten werden. Feet Up Hostels garantiert die Qualit\u00e4t der Einrichtungen des Purple Nest Hostels in Valencia.<\/p>\n\n<ul class=\"wp-block-list\">\n<li>Klimaanlagen f\u00fcr den Sommer.<\/li>\n\n\n\n<li>Heizung f\u00fcr den Winter.<\/li>\n\n\n\n<li>Private Spinde und Gemeinschaftsb\u00e4der mit Haartrockner.<\/li>\n\n\n\n<li>Bar. Yes, we have our own Bar in the Hostel\u00a0\ud83d\ude01<\/li>\n<\/ul>\n\n<p><\/p>\n\n<h3 class=\"wp-block-heading\" id=\"h-red-nest-nbsp-hostel-valencia\"><a href=\"\/?page_id=1259\">Red Nest<\/a>\u00a0<a href=\"https:\/\/feetuphostels.com\/es\/hostels-valencia\/\">Hostel Valencia<\/a><\/h3>\n\n<p>The modern and centrally located Red Nest Hostel can be found on the famous Calle La Pau (Calle la Paz) in Valencia, a 5 minute walk from the Col\u00f3n metro station and 7 minutes from the Central train station (North station). It has lockers in the rooms, bedding and WiFi in all facilities.<\/p>\n\n<ul class=\"wp-block-list\">\n<li>Common area, to meet people and make new friends.<\/li>\n\n\n\n<li>Free map so you can move around Valencia.<\/li>\n\n\n\n<li><strong>Always the best price in Valencia.<\/strong><\/li>\n\n\n\n<li>The hyper friendly receptionist (according to the reviews at Booking.com) \ud83d\ude09<\/li>\n<\/ul>\n\n<p><\/p>\n\n<h3 class=\"wp-block-heading\"><a href=\"https:\/\/feetuphostels.com\/de\/home-youth-hostel-valencia-2\/\">H\u00f4me Youth<\/a>\u00a0<a href=\"https:\/\/feetuphostels.com\/es\/hostels-valencia\/\">Hostel Valencia<\/a><\/h3>\n\n<p>One of the best known and famous hostels in Valencia. Located in the city centre and only 5 minutes walk from the train station (North station). The perfect hostel for young travellers who don\u2019t mind sharing their trip with other travelers. It is part of\u00a0<strong>Feet Up Group<\/strong>.<\/p>\n\n<ul class=\"wp-block-list\">\n<li>Near the bus station in Valencia.<\/li>\n\n\n\n<li>Fully equipped kitchen.<\/li>\n\n\n\n<li>Private rooms for couples and other types of rooms.<\/li>\n\n\n\n<li>Behind the\u00a0<a href=\"\/?p=1963\">famous Lonja de la Seda in Valencia<\/a><\/li>\n<\/ul>\n\n<p><\/p>\n\n<h3 class=\"wp-block-heading\" id=\"h-home-backpackers-nbsp-hostel-valencia\"><a href=\"https:\/\/feetuphostels.com\/es\/home-backpackers-hostel-valencia\/\">H\u00f4me Backpackers<\/a>\u00a0<a href=\"https:\/\/feetuphostels.com\/es\/hostels-valencia\/\">Hostel Valencia<\/a><\/h3>\n\n<p>Hostel that is part of the group\u00a0<a href=\"https:\/\/www.homehostelsvalencia.com\/\" target=\"_blank\" rel=\"noreferrer noopener\">H\u00f4me hostels Valencia<\/a>\u00a0and is located in the mythical and central Barrio el Carmen de Valencia, from where you can walk to almost any tourist place in the city. It has a common area and is distributed on 4 floors with rooms of different characteristics:<\/p>\n\n<ul class=\"wp-block-list\">\n<li>Private rooms with bathroom inside.<\/li>\n\n\n\n<li>Rooms with shared beds.<\/li>\n\n\n\n<li>Rooms exclusively for families.<\/li>\n\n\n\n<li>Rooms designed for groups of\u00a0<a href=\"https:\/\/feetuphostels.com\/groups-booking\/\" target=\"_blank\" rel=\"noreferrer noopener\">different sizes<\/a>.<\/li>\n<\/ul>\n\n<p><\/p>\n\n<h3 class=\"wp-block-heading\" id=\"h-samay-hostel-nbsp-sevilla\"><a href=\"https:\/\/feetuphostels.com\/samay-hostel-seville\/\" target=\"_blank\" rel=\"noreferrer noopener\">Samay Hostel<\/a>\u00a0<a href=\"https:\/\/feetuphostels.com\/nl\/hostels-seville\/\" target=\"_blank\" rel=\"noreferrer noopener\">Sevilla<\/a><\/h3>\n\n<p>This hostel is located on the well-known Avenida Menendez Pelayo in Seville, a short walk away from the centre of Seville.<\/p>\n\n<ul class=\"wp-block-list\">\n<li>Private rooms for couples and other types of rooms.<\/li>\n\n\n\n<li>Free Wifi throughout the Hostel.<\/li>\n\n\n\n<li>Rooftop terrace.<\/li>\n\n\n\n<li>Multilingual staff.<\/li>\n<\/ul>\n\n<p>This hostel is not currently part of the Feet Up hostels group, but we still recommend you to stay with them in Seville \ud83d\ude09<\/p>\n\n<p><\/p>\n\n<h3 class=\"wp-block-heading\" id=\"h-hostels-for-groups-group-bookings\"><a href=\"https:\/\/feetuphostels.com\/groups-booking\/\" target=\"_blank\" rel=\"noreferrer noopener\">Hostels for groups \u2013 Group Bookings<\/a><\/h3>\n\n<p>All our hostels have perfectly adapted facilities to manage and accommodate different types of traveller groups:<\/p>\n\n<ul class=\"wp-block-list\">\n<li>Groups of friends visiting\u00a0<a href=\"https:\/\/travelingroup.com\/hostels-for-groups-valencia\/\" target=\"_blank\" rel=\"noreferrer noopener\">Valencia<\/a>.<\/li>\n\n\n\n<li>Sports groups Visiting\u00a0<a href=\"https:\/\/travelingroup.com\/hostels-for-groups-barcelona\/\" target=\"_blank\" rel=\"noreferrer noopener\">Barcelona<\/a>.<\/li>\n\n\n\n<li>School groups visiting Valencia.<\/li>\n\n\n\n<li>Erasmus Valencia groups and Erasmus Barcelona groups.<\/li>\n<\/ul>\n\n<p>If you are looking for a group-only experience, we invite you to visit our partner\u00a0<a href=\"https:\/\/travelingroup.com\/\" target=\"_blank\" rel=\"noreferrer noopener\">Travel in Group<\/a>\u00a0(From there they will help you)<\/p>\n\n<figure data-wp-context=\"{&quot;imageId&quot;:&quot;69d63fbf3122e&quot;}\" data-wp-interactive=\"core\/image\" data-wp-key=\"69d63fbf3122e\" class=\"wp-block-image size-full wp-lightbox-container\"><img fetchpriority=\"high\" decoding=\"async\" width=\"960\" height=\"650\" data-wp-class--hide=\"state.isContentHidden\" data-wp-class--show=\"state.isContentVisible\" data-wp-init=\"callbacks.setButtonStyles\" data-wp-on--click=\"actions.showLightbox\" data-wp-on--load=\"callbacks.setButtonStyles\" data-wp-on-window--resize=\"callbacks.setButtonStyles\" src=\"https:\/\/feetuphostels.com\/wp-content\/uploads\/2017\/01\/about-us01.jpg\" alt=\"Travel in Group by Feet Up Hostels\" class=\"wp-image-1994\" srcset=\"https:\/\/feetuphostels.com\/wp-content\/uploads\/2017\/01\/about-us01.jpg 960w, https:\/\/feetuphostels.com\/wp-content\/uploads\/2017\/01\/about-us01-300x203.jpg 300w, https:\/\/feetuphostels.com\/wp-content\/uploads\/2017\/01\/about-us01-768x520.jpg 768w, https:\/\/feetuphostels.com\/wp-content\/uploads\/2017\/01\/about-us01-216x146.jpg 216w, https:\/\/feetuphostels.com\/wp-content\/uploads\/2017\/01\/about-us01-50x34.jpg 50w, https:\/\/feetuphostels.com\/wp-content\/uploads\/2017\/01\/about-us01-111x75.jpg 111w\" sizes=\"(max-width: 960px) 100vw, 960px\" \/><button\n\t\t\tclass=\"lightbox-trigger\"\n\t\t\ttype=\"button\"\n\t\t\taria-haspopup=\"dialog\"\n\t\t\taria-label=\"Vergr\u00f6\u00dfern\"\n\t\t\tdata-wp-init=\"callbacks.initTriggerButton\"\n\t\t\tdata-wp-on--click=\"actions.showLightbox\"\n\t\t\tdata-wp-style--right=\"state.imageButtonRight\"\n\t\t\tdata-wp-style--top=\"state.imageButtonTop\"\n\t\t>\n\t\t\t<svg xmlns=\"http:\/\/www.w3.org\/2000\/svg\" width=\"12\" height=\"12\" fill=\"none\" viewBox=\"0 0 12 12\">\n\t\t\t\t<path fill=\"#fff\" d=\"M2 0a2 2 0 0 0-2 2v2h1.5V2a.5.5 0 0 1 .5-.5h2V0H2Zm2 10.5H2a.5.5 0 0 1-.5-.5V8H0v2a2 2 0 0 0 2 2h2v-1.5ZM8 12v-1.5h2a.5.5 0 0 0 .5-.5V8H12v2a2 2 0 0 1-2 2H8Zm2-12a2 2 0 0 1 2 2v2h-1.5V2a.5.5 0 0 0-.5-.5H8V0h2Z\" \/>\n\t\t\t<\/svg>\n\t\t<\/button><figcaption class=\"wp-element-caption\">Travel in Group by Feet Up Hostels<\/figcaption><\/figure>\n","protected":false},"excerpt":{"rendered":"<p>Feet Up Hostels und Unterk\u00fcnfte in Barcelona, Valencia. Betten ab 10 \u20ac. Die g\u00fcnstigsten Jugendherbergen f\u00fcr Reisende in Spanien. Freundlichkeitsspezialisten. Direkt buchen und bis zu 20% beim Endpreis deines Bettes in Barcelona, Valencia und Sevilla sparen. Keine versteckten Kosten. G\u00fcnstige Unterk\u00fcnfte f\u00fcr Reisende in Spanien. Die besten Jugendherbergen in Barcelona und Valencia, die Teil der Gruppe Feet Up Hostels Espa\u00f1a, Nest Hostel Valencia und Home Hostels Valencia sind.<\/p>\n","protected":false},"author":13,"featured_media":0,"parent":0,"menu_order":0,"comment_status":"closed","ping_status":"closed","template":"","meta":{"footnotes":""},"class_list":["post-220303","page","type-page","status-publish","hentry"],"yoast_head":"<!-- This site is optimized with the Yoast SEO plugin v27.3 - https:\/\/yoast.com\/product\/yoast-seo-wordpress\/ -->\n<title>Feet Up Hostels \ud83d\udecc Unterkunft f\u00fcr Reisende in Spanien<\/title>\n<meta name=\"description\" content=\"Feet Up Hostels und Unterk\u00fcnfte in Barcelona, Valencia. Betten ab 10 \u20ac. Die g\u00fcnstigsten Jugendherbergen f\u00fcr Reisende. Freundlichkeitsspezialisten\" \/>\n<meta name=\"robots\" content=\"index, follow, max-snippet:-1, max-image-preview:large, max-video-preview:-1\" \/>\n<link rel=\"canonical\" href=\"https:\/\/feetuphostels.com\/de\/\" \/>\n<meta property=\"og:locale\" content=\"de_DE\" \/>\n<meta property=\"og:type\" content=\"article\" \/>\n<meta property=\"og:title\" content=\"Feet Up Hostels \ud83d\udecc Unterkunft f\u00fcr Reisende in Spanien\" \/>\n<meta property=\"og:description\" content=\"Feet Up Hostels und Unterk\u00fcnfte in Barcelona, Valencia. Betten ab 10 \u20ac. Die g\u00fcnstigsten Jugendherbergen f\u00fcr Reisende. Freundlichkeitsspezialisten\" \/>\n<meta property=\"og:url\" content=\"https:\/\/feetuphostels.com\/de\/\" \/>\n<meta property=\"og:site_name\" content=\"Feet Up Hostels\" \/>\n<meta property=\"article:publisher\" content=\"https:\/\/facebook.com\/feetuphostelsgroup\" \/>\n<meta property=\"article:modified_time\" content=\"2024-11-01T15:03:09+00:00\" \/>\n<meta property=\"og:image\" content=\"https:\/\/feetuphostels.com\/wp-content\/uploads\/2017\/01\/about-us01.jpg\" \/>\n\t<meta property=\"og:image:width\" content=\"960\" \/>\n\t<meta property=\"og:image:height\" content=\"650\" \/>\n\t<meta property=\"og:image:type\" content=\"image\/jpeg\" \/>\n<meta name=\"twitter:card\" content=\"summary_large_image\" \/>\n<meta name=\"twitter:site\" content=\"@feetuphostels\" \/>\n<meta name=\"twitter:label1\" content=\"Gesch\u00e4tzte Lesezeit\" \/>\n\t<meta name=\"twitter:data1\" content=\"4\u00a0Minuten\" \/>\n<script type=\"application\/ld+json\" class=\"yoast-schema-graph\">{\"@context\":\"https:\\\/\\\/schema.org\",\"@graph\":[{\"@type\":\"WebPage\",\"@id\":\"https:\\\/\\\/feetuphostels.com\\\/de\\\/\",\"url\":\"https:\\\/\\\/feetuphostels.com\\\/de\\\/\",\"name\":\"Feet Up Hostels \ud83d\udecc Unterkunft f\u00fcr Reisende in Spanien\",\"isPartOf\":{\"@id\":\"https:\\\/\\\/feetuphostels.com\\\/de\\\/#website\"},\"primaryImageOfPage\":{\"@id\":\"https:\\\/\\\/feetuphostels.com\\\/de\\\/#primaryimage\"},\"image\":{\"@id\":\"https:\\\/\\\/feetuphostels.com\\\/de\\\/#primaryimage\"},\"thumbnailUrl\":\"https:\\\/\\\/feetuphostels.com\\\/wp-content\\\/uploads\\\/2017\\\/01\\\/about-us01.jpg\",\"datePublished\":\"2024-03-28T10:24:58+00:00\",\"dateModified\":\"2024-11-01T15:03:09+00:00\",\"description\":\"Feet Up Hostels und Unterk\u00fcnfte in Barcelona, Valencia. Betten ab 10 \u20ac. Die g\u00fcnstigsten Jugendherbergen f\u00fcr Reisende. Freundlichkeitsspezialisten\",\"breadcrumb\":{\"@id\":\"https:\\\/\\\/feetuphostels.com\\\/de\\\/#breadcrumb\"},\"inLanguage\":\"de\",\"potentialAction\":[{\"@type\":\"ReadAction\",\"target\":[\"https:\\\/\\\/feetuphostels.com\\\/de\\\/\"]}]},{\"@type\":\"ImageObject\",\"inLanguage\":\"de\",\"@id\":\"https:\\\/\\\/feetuphostels.com\\\/de\\\/#primaryimage\",\"url\":\"https:\\\/\\\/feetuphostels.com\\\/wp-content\\\/uploads\\\/2017\\\/01\\\/about-us01.jpg\",\"contentUrl\":\"https:\\\/\\\/feetuphostels.com\\\/wp-content\\\/uploads\\\/2017\\\/01\\\/about-us01.jpg\"},{\"@type\":\"BreadcrumbList\",\"@id\":\"https:\\\/\\\/feetuphostels.com\\\/de\\\/#breadcrumb\",\"itemListElement\":[{\"@type\":\"ListItem\",\"position\":1,\"name\":\"Home\",\"item\":\"https:\\\/\\\/feetuphostels.com\\\/de\\\/\"},{\"@type\":\"ListItem\",\"position\":2,\"name\":\"Feet Up Hostels\"}]},{\"@type\":\"WebSite\",\"@id\":\"https:\\\/\\\/feetuphostels.com\\\/de\\\/#website\",\"url\":\"https:\\\/\\\/feetuphostels.com\\\/de\\\/\",\"name\":\"Feet Up Hostels\",\"description\":\"Jugendherbergen und Unterk\u00fcnfte in Valencia, Spanien. Wir sind Spezialisten f\u00fcr Freundlichkeit\",\"publisher\":{\"@id\":\"https:\\\/\\\/feetuphostels.com\\\/de\\\/#organization\"},\"alternateName\":\"Feet Up Hostels\",\"potentialAction\":[{\"@type\":\"SearchAction\",\"target\":{\"@type\":\"EntryPoint\",\"urlTemplate\":\"https:\\\/\\\/feetuphostels.com\\\/de\\\/?s={search_term_string}\"},\"query-input\":{\"@type\":\"PropertyValueSpecification\",\"valueRequired\":true,\"valueName\":\"search_term_string\"}}],\"inLanguage\":\"de\"},{\"@type\":\"Organization\",\"@id\":\"https:\\\/\\\/feetuphostels.com\\\/de\\\/#organization\",\"name\":\"Feet Up Hostels\",\"alternateName\":\"Feet Up Hostels\",\"url\":\"https:\\\/\\\/feetuphostels.com\\\/de\\\/\",\"logo\":{\"@type\":\"ImageObject\",\"inLanguage\":\"de\",\"@id\":\"https:\\\/\\\/feetuphostels.com\\\/de\\\/#\\\/schema\\\/logo\\\/image\\\/\",\"url\":\"https:\\\/\\\/feetuphostels.com\\\/wp-content\\\/uploads\\\/2019\\\/01\\\/logo-web-amp-feetuphostels.svg\",\"contentUrl\":\"https:\\\/\\\/feetuphostels.com\\\/wp-content\\\/uploads\\\/2019\\\/01\\\/logo-web-amp-feetuphostels.svg\",\"width\":1,\"height\":1,\"caption\":\"Feet Up Hostels\"},\"image\":{\"@id\":\"https:\\\/\\\/feetuphostels.com\\\/de\\\/#\\\/schema\\\/logo\\\/image\\\/\"},\"sameAs\":[\"https:\\\/\\\/facebook.com\\\/feetuphostelsgroup\",\"https:\\\/\\\/x.com\\\/feetuphostels\",\"https:\\\/\\\/www.instagram.com\\\/feetuphostels\\\/\",\"https:\\\/\\\/www.tiktok.com\\\/@feetuphostels\",\"https:\\\/\\\/www.linkedin.com\\\/company\\\/feetuphostelsgroup\\\/\",\"https:\\\/\\\/www.pinterest.es\\\/FeetupHostels\\\/\",\"https:\\\/\\\/www.youtube.com\\\/feetuphostels\"]}]}<\/script>\n<!-- \/ Yoast SEO plugin. -->","yoast_head_json":{"title":"Feet Up Hostels \ud83d\udecc Unterkunft f\u00fcr Reisende in Spanien","description":"Feet Up Hostels und Unterk\u00fcnfte in Barcelona, Valencia. Betten ab 10 \u20ac. Die g\u00fcnstigsten Jugendherbergen f\u00fcr Reisende. Freundlichkeitsspezialisten","robots":{"index":"index","follow":"follow","max-snippet":"max-snippet:-1","max-image-preview":"max-image-preview:large","max-video-preview":"max-video-preview:-1"},"canonical":"https:\/\/feetuphostels.com\/de\/","og_locale":"de_DE","og_type":"article","og_title":"Feet Up Hostels \ud83d\udecc Unterkunft f\u00fcr Reisende in Spanien","og_description":"Feet Up Hostels und Unterk\u00fcnfte in Barcelona, Valencia. Betten ab 10 \u20ac. Die g\u00fcnstigsten Jugendherbergen f\u00fcr Reisende. Freundlichkeitsspezialisten","og_url":"https:\/\/feetuphostels.com\/de\/","og_site_name":"Feet Up Hostels","article_publisher":"https:\/\/facebook.com\/feetuphostelsgroup","article_modified_time":"2024-11-01T15:03:09+00:00","og_image":[{"width":960,"height":650,"url":"https:\/\/feetuphostels.com\/wp-content\/uploads\/2017\/01\/about-us01.jpg","type":"image\/jpeg"}],"twitter_card":"summary_large_image","twitter_site":"@feetuphostels","twitter_misc":{"Gesch\u00e4tzte Lesezeit":"4\u00a0Minuten"},"schema":{"@context":"https:\/\/schema.org","@graph":[{"@type":"WebPage","@id":"https:\/\/feetuphostels.com\/de\/","url":"https:\/\/feetuphostels.com\/de\/","name":"Feet Up Hostels \ud83d\udecc Unterkunft f\u00fcr Reisende in Spanien","isPartOf":{"@id":"https:\/\/feetuphostels.com\/de\/#website"},"primaryImageOfPage":{"@id":"https:\/\/feetuphostels.com\/de\/#primaryimage"},"image":{"@id":"https:\/\/feetuphostels.com\/de\/#primaryimage"},"thumbnailUrl":"https:\/\/feetuphostels.com\/wp-content\/uploads\/2017\/01\/about-us01.jpg","datePublished":"2024-03-28T10:24:58+00:00","dateModified":"2024-11-01T15:03:09+00:00","description":"Feet Up Hostels und Unterk\u00fcnfte in Barcelona, Valencia. Betten ab 10 \u20ac. Die g\u00fcnstigsten Jugendherbergen f\u00fcr Reisende. Freundlichkeitsspezialisten","breadcrumb":{"@id":"https:\/\/feetuphostels.com\/de\/#breadcrumb"},"inLanguage":"de","potentialAction":[{"@type":"ReadAction","target":["https:\/\/feetuphostels.com\/de\/"]}]},{"@type":"ImageObject","inLanguage":"de","@id":"https:\/\/feetuphostels.com\/de\/#primaryimage","url":"https:\/\/feetuphostels.com\/wp-content\/uploads\/2017\/01\/about-us01.jpg","contentUrl":"https:\/\/feetuphostels.com\/wp-content\/uploads\/2017\/01\/about-us01.jpg"},{"@type":"BreadcrumbList","@id":"https:\/\/feetuphostels.com\/de\/#breadcrumb","itemListElement":[{"@type":"ListItem","position":1,"name":"Home","item":"https:\/\/feetuphostels.com\/de\/"},{"@type":"ListItem","position":2,"name":"Feet Up Hostels"}]},{"@type":"WebSite","@id":"https:\/\/feetuphostels.com\/de\/#website","url":"https:\/\/feetuphostels.com\/de\/","name":"Feet Up Hostels","description":"Jugendherbergen und Unterk\u00fcnfte in Valencia, Spanien. Wir sind Spezialisten f\u00fcr Freundlichkeit","publisher":{"@id":"https:\/\/feetuphostels.com\/de\/#organization"},"alternateName":"Feet Up Hostels","potentialAction":[{"@type":"SearchAction","target":{"@type":"EntryPoint","urlTemplate":"https:\/\/feetuphostels.com\/de\/?s={search_term_string}"},"query-input":{"@type":"PropertyValueSpecification","valueRequired":true,"valueName":"search_term_string"}}],"inLanguage":"de"},{"@type":"Organization","@id":"https:\/\/feetuphostels.com\/de\/#organization","name":"Feet Up Hostels","alternateName":"Feet Up Hostels","url":"https:\/\/feetuphostels.com\/de\/","logo":{"@type":"ImageObject","inLanguage":"de","@id":"https:\/\/feetuphostels.com\/de\/#\/schema\/logo\/image\/","url":"https:\/\/feetuphostels.com\/wp-content\/uploads\/2019\/01\/logo-web-amp-feetuphostels.svg","contentUrl":"https:\/\/feetuphostels.com\/wp-content\/uploads\/2019\/01\/logo-web-amp-feetuphostels.svg","width":1,"height":1,"caption":"Feet Up Hostels"},"image":{"@id":"https:\/\/feetuphostels.com\/de\/#\/schema\/logo\/image\/"},"sameAs":["https:\/\/facebook.com\/feetuphostelsgroup","https:\/\/x.com\/feetuphostels","https:\/\/www.instagram.com\/feetuphostels\/","https:\/\/www.tiktok.com\/@feetuphostels","https:\/\/www.linkedin.com\/company\/feetuphostelsgroup\/","https:\/\/www.pinterest.es\/FeetupHostels\/","https:\/\/www.youtube.com\/feetuphostels"]}]}},"_links":{"self":[{"href":"https:\/\/feetuphostels.com\/de\/wp-json\/wp\/v2\/pages\/220303","targetHints":{"allow":["GET"]}}],"collection":[{"href":"https:\/\/feetuphostels.com\/de\/wp-json\/wp\/v2\/pages"}],"about":[{"href":"https:\/\/feetuphostels.com\/de\/wp-json\/wp\/v2\/types\/page"}],"author":[{"embeddable":true,"href":"https:\/\/feetuphostels.com\/de\/wp-json\/wp\/v2\/users\/13"}],"replies":[{"embeddable":true,"href":"https:\/\/feetuphostels.com\/de\/wp-json\/wp\/v2\/comments?post=220303"}],"version-history":[{"count":0,"href":"https:\/\/feetuphostels.com\/de\/wp-json\/wp\/v2\/pages\/220303\/revisions"}],"wp:attachment":[{"href":"https:\/\/feetuphostels.com\/de\/wp-json\/wp\/v2\/media?parent=220303"}],"curies":[{"name":"wp","href":"https:\/\/api.w.org\/{rel}","templated":true}]}}