{"id":217089,"date":"2022-12-15T10:15:38","date_gmt":"2022-12-15T09:15:38","guid":{"rendered":"https:\/\/feetuphostels.com\/buchung-home-backpackers-hostel\/"},"modified":"2024-11-02T18:10:48","modified_gmt":"2024-11-02T17:10:48","slug":"buchung-home-backpackers-hostel","status":"publish","type":"page","link":"https:\/\/feetuphostels.com\/de\/buchung-home-backpackers-hostel\/","title":{"rendered":"Buchung H\u00f4me Backpackers Hostel"},"content":{"rendered":"\n<h1 class=\"wp-block-heading has-text-align-center\" id=\"h-booking-home-backpackers-hostel\">Jetzt buchen in H\u00f4me Backpackers<\/h1>\n\n<iframe src=\"https:\/\/feetup-youth-hostel-dot-feetup-hotels.appspot.com\/booking1\/?adultsRoom1=1&#038;language=english\" width=\"100%\" height=\"1800px\" style=\"border:0;\"><\/iframe>\r\n","protected":false},"excerpt":{"rendered":"<p>Buchung H\u00f4me Backpackers Hostel Valencia \u00ae Buche jetzt ein Bett zum besten Preis in Valencia, keine Buchungsgeb\u00fchren, sofortige Best\u00e4tigung, kostenlose Stornierung. Dieses k\u00fcrzlich restaurierte Geb\u00e4ude im Zentrum Valencias bietet kostenloses WLAN und ist die einzige Jugendherberge in Valencia, die Einzelbetten anstelle von Etagenbetten anbietet.<\/p>\n","protected":false},"author":13,"featured_media":0,"parent":0,"menu_order":0,"comment_status":"closed","ping_status":"closed","template":"","meta":{"footnotes":""},"class_list":["post-217089","page","type-page","status-publish","hentry"],"yoast_head":"<!-- This site is optimized with the Yoast SEO plugin v27.5 - https:\/\/yoast.com\/product\/yoast-seo-wordpress\/ -->\n<title>Buchung H\u00f4me Backpackers Hostel \u00ae Buche ein Bett zum besten Preis<\/title>\n<meta name=\"description\" content=\"Buchung H\u00f4me Backpackers Valencia \u00ae Buche jetzt ein Bett zum besten Preis in Valencia, keine Buchungsgeb\u00fchren, sofortige Best\u00e4tigung, kostenlose Stornierung\" \/>\n<meta name=\"robots\" content=\"index, follow, max-snippet:-1, max-image-preview:large, max-video-preview:-1\" \/>\n<link rel=\"canonical\" href=\"https:\/\/feetuphostels.com\/de\/buchung-home-backpackers-hostel\/\" \/>\n<meta property=\"og:locale\" content=\"de_DE\" \/>\n<meta property=\"og:type\" content=\"article\" \/>\n<meta property=\"og:title\" content=\"Buchung H\u00f4me Backpackers Hostel \u00ae Buche ein Bett zum besten Preis\" \/>\n<meta property=\"og:description\" content=\"Buchung H\u00f4me Backpackers Valencia \u00ae Buche jetzt ein Bett zum besten Preis in Valencia, keine Buchungsgeb\u00fchren, sofortige Best\u00e4tigung, kostenlose Stornierung\" \/>\n<meta property=\"og:url\" content=\"https:\/\/feetuphostels.com\/de\/buchung-home-backpackers-hostel\/\" \/>\n<meta property=\"og:site_name\" content=\"Feet Up Hostels\" \/>\n<meta property=\"article:publisher\" content=\"https:\/\/facebook.com\/feetuphostelsgroup\" \/>\n<meta property=\"article:modified_time\" content=\"2024-11-02T17:10:48+00:00\" \/>\n<meta property=\"og:image\" content=\"https:\/\/feetuphostels.com\/wp-content\/uploads\/2017\/01\/about-us.jpg\" \/>\n\t<meta property=\"og:image:width\" content=\"960\" \/>\n\t<meta property=\"og:image:height\" content=\"650\" \/>\n\t<meta property=\"og:image:type\" content=\"image\/jpeg\" \/>\n<meta name=\"twitter:card\" content=\"summary_large_image\" \/>\n<meta name=\"twitter:site\" content=\"@feetuphostels\" \/>\n<script type=\"application\/ld+json\" class=\"yoast-schema-graph\">{\"@context\":\"https:\\\/\\\/schema.org\",\"@graph\":[{\"@type\":\"WebPage\",\"@id\":\"https:\\\/\\\/feetuphostels.com\\\/de\\\/buchung-home-backpackers-hostel\\\/\",\"url\":\"https:\\\/\\\/feetuphostels.com\\\/de\\\/buchung-home-backpackers-hostel\\\/\",\"name\":\"Buchung H\u00f4me Backpackers Hostel \u00ae Buche ein Bett zum besten Preis\",\"isPartOf\":{\"@id\":\"https:\\\/\\\/feetuphostels.com\\\/de\\\/#website\"},\"datePublished\":\"2022-12-15T09:15:38+00:00\",\"dateModified\":\"2024-11-02T17:10:48+00:00\",\"description\":\"Buchung H\u00f4me Backpackers Valencia \u00ae Buche jetzt ein Bett zum besten Preis in Valencia, keine Buchungsgeb\u00fchren, sofortige Best\u00e4tigung, kostenlose Stornierung\",\"breadcrumb\":{\"@id\":\"https:\\\/\\\/feetuphostels.com\\\/de\\\/buchung-home-backpackers-hostel\\\/#breadcrumb\"},\"inLanguage\":\"de\",\"potentialAction\":[{\"@type\":\"ReadAction\",\"target\":[\"https:\\\/\\\/feetuphostels.com\\\/de\\\/buchung-home-backpackers-hostel\\\/\"]}]},{\"@type\":\"BreadcrumbList\",\"@id\":\"https:\\\/\\\/feetuphostels.com\\\/de\\\/buchung-home-backpackers-hostel\\\/#breadcrumb\",\"itemListElement\":[{\"@type\":\"ListItem\",\"position\":1,\"name\":\"Home\",\"item\":\"https:\\\/\\\/feetuphostels.com\\\/de\\\/\"},{\"@type\":\"ListItem\",\"position\":2,\"name\":\"Buchung H\u00f4me Backpackers Hostel\"}]},{\"@type\":\"WebSite\",\"@id\":\"https:\\\/\\\/feetuphostels.com\\\/de\\\/#website\",\"url\":\"https:\\\/\\\/feetuphostels.com\\\/de\\\/\",\"name\":\"Feet Up Hostels\",\"description\":\"Jugendherbergen und Unterk\u00fcnfte in Valencia, Spanien. Wir sind Spezialisten f\u00fcr Freundlichkeit\",\"publisher\":{\"@id\":\"https:\\\/\\\/feetuphostels.com\\\/de\\\/#organization\"},\"alternateName\":\"Feet Up Hostels\",\"potentialAction\":[{\"@type\":\"SearchAction\",\"target\":{\"@type\":\"EntryPoint\",\"urlTemplate\":\"https:\\\/\\\/feetuphostels.com\\\/de\\\/?s={search_term_string}\"},\"query-input\":{\"@type\":\"PropertyValueSpecification\",\"valueRequired\":true,\"valueName\":\"search_term_string\"}}],\"inLanguage\":\"de\"},{\"@type\":\"Organization\",\"@id\":\"https:\\\/\\\/feetuphostels.com\\\/de\\\/#organization\",\"name\":\"Feet Up Hostels\",\"alternateName\":\"Feet Up Hostels\",\"url\":\"https:\\\/\\\/feetuphostels.com\\\/de\\\/\",\"logo\":{\"@type\":\"ImageObject\",\"inLanguage\":\"de\",\"@id\":\"https:\\\/\\\/feetuphostels.com\\\/de\\\/#\\\/schema\\\/logo\\\/image\\\/\",\"url\":\"https:\\\/\\\/feetuphostels.com\\\/wp-content\\\/uploads\\\/2019\\\/01\\\/logo-web-amp-feetuphostels.svg\",\"contentUrl\":\"https:\\\/\\\/feetuphostels.com\\\/wp-content\\\/uploads\\\/2019\\\/01\\\/logo-web-amp-feetuphostels.svg\",\"width\":1,\"height\":1,\"caption\":\"Feet Up Hostels\"},\"image\":{\"@id\":\"https:\\\/\\\/feetuphostels.com\\\/de\\\/#\\\/schema\\\/logo\\\/image\\\/\"},\"sameAs\":[\"https:\\\/\\\/facebook.com\\\/feetuphostelsgroup\",\"https:\\\/\\\/x.com\\\/feetuphostels\",\"https:\\\/\\\/www.instagram.com\\\/feetuphostels\\\/\",\"https:\\\/\\\/www.tiktok.com\\\/@feetuphostels\",\"https:\\\/\\\/www.linkedin.com\\\/company\\\/feetuphostelsgroup\\\/\",\"https:\\\/\\\/www.pinterest.es\\\/FeetupHostels\\\/\",\"https:\\\/\\\/www.youtube.com\\\/feetuphostels\"]}]}<\/script>\n<!-- \/ Yoast SEO plugin. -->","yoast_head_json":{"title":"Buchung H\u00f4me Backpackers Hostel \u00ae Buche ein Bett zum besten Preis","description":"Buchung H\u00f4me Backpackers Valencia \u00ae Buche jetzt ein Bett zum besten Preis in Valencia, keine Buchungsgeb\u00fchren, sofortige Best\u00e4tigung, kostenlose Stornierung","robots":{"index":"index","follow":"follow","max-snippet":"max-snippet:-1","max-image-preview":"max-image-preview:large","max-video-preview":"max-video-preview:-1"},"canonical":"https:\/\/feetuphostels.com\/de\/buchung-home-backpackers-hostel\/","og_locale":"de_DE","og_type":"article","og_title":"Buchung H\u00f4me Backpackers Hostel \u00ae Buche ein Bett zum besten Preis","og_description":"Buchung H\u00f4me Backpackers Valencia \u00ae Buche jetzt ein Bett zum besten Preis in Valencia, keine Buchungsgeb\u00fchren, sofortige Best\u00e4tigung, kostenlose Stornierung","og_url":"https:\/\/feetuphostels.com\/de\/buchung-home-backpackers-hostel\/","og_site_name":"Feet Up Hostels","article_publisher":"https:\/\/facebook.com\/feetuphostelsgroup","article_modified_time":"2024-11-02T17:10:48+00:00","og_image":[{"width":960,"height":650,"url":"https:\/\/feetuphostels.com\/wp-content\/uploads\/2017\/01\/about-us.jpg","type":"image\/jpeg"}],"twitter_card":"summary_large_image","twitter_site":"@feetuphostels","schema":{"@context":"https:\/\/schema.org","@graph":[{"@type":"WebPage","@id":"https:\/\/feetuphostels.com\/de\/buchung-home-backpackers-hostel\/","url":"https:\/\/feetuphostels.com\/de\/buchung-home-backpackers-hostel\/","name":"Buchung H\u00f4me Backpackers Hostel \u00ae Buche ein Bett zum besten Preis","isPartOf":{"@id":"https:\/\/feetuphostels.com\/de\/#website"},"datePublished":"2022-12-15T09:15:38+00:00","dateModified":"2024-11-02T17:10:48+00:00","description":"Buchung H\u00f4me Backpackers Valencia \u00ae Buche jetzt ein Bett zum besten Preis in Valencia, keine Buchungsgeb\u00fchren, sofortige Best\u00e4tigung, kostenlose Stornierung","breadcrumb":{"@id":"https:\/\/feetuphostels.com\/de\/buchung-home-backpackers-hostel\/#breadcrumb"},"inLanguage":"de","potentialAction":[{"@type":"ReadAction","target":["https:\/\/feetuphostels.com\/de\/buchung-home-backpackers-hostel\/"]}]},{"@type":"BreadcrumbList","@id":"https:\/\/feetuphostels.com\/de\/buchung-home-backpackers-hostel\/#breadcrumb","itemListElement":[{"@type":"ListItem","position":1,"name":"Home","item":"https:\/\/feetuphostels.com\/de\/"},{"@type":"ListItem","position":2,"name":"Buchung H\u00f4me Backpackers Hostel"}]},{"@type":"WebSite","@id":"https:\/\/feetuphostels.com\/de\/#website","url":"https:\/\/feetuphostels.com\/de\/","name":"Feet Up Hostels","description":"Jugendherbergen und Unterk\u00fcnfte in Valencia, Spanien. Wir sind Spezialisten f\u00fcr Freundlichkeit","publisher":{"@id":"https:\/\/feetuphostels.com\/de\/#organization"},"alternateName":"Feet Up Hostels","potentialAction":[{"@type":"SearchAction","target":{"@type":"EntryPoint","urlTemplate":"https:\/\/feetuphostels.com\/de\/?s={search_term_string}"},"query-input":{"@type":"PropertyValueSpecification","valueRequired":true,"valueName":"search_term_string"}}],"inLanguage":"de"},{"@type":"Organization","@id":"https:\/\/feetuphostels.com\/de\/#organization","name":"Feet Up Hostels","alternateName":"Feet Up Hostels","url":"https:\/\/feetuphostels.com\/de\/","logo":{"@type":"ImageObject","inLanguage":"de","@id":"https:\/\/feetuphostels.com\/de\/#\/schema\/logo\/image\/","url":"https:\/\/feetuphostels.com\/wp-content\/uploads\/2019\/01\/logo-web-amp-feetuphostels.svg","contentUrl":"https:\/\/feetuphostels.com\/wp-content\/uploads\/2019\/01\/logo-web-amp-feetuphostels.svg","width":1,"height":1,"caption":"Feet Up Hostels"},"image":{"@id":"https:\/\/feetuphostels.com\/de\/#\/schema\/logo\/image\/"},"sameAs":["https:\/\/facebook.com\/feetuphostelsgroup","https:\/\/x.com\/feetuphostels","https:\/\/www.instagram.com\/feetuphostels\/","https:\/\/www.tiktok.com\/@feetuphostels","https:\/\/www.linkedin.com\/company\/feetuphostelsgroup\/","https:\/\/www.pinterest.es\/FeetupHostels\/","https:\/\/www.youtube.com\/feetuphostels"]}]}},"_links":{"self":[{"href":"https:\/\/feetuphostels.com\/de\/wp-json\/wp\/v2\/pages\/217089","targetHints":{"allow":["GET"]}}],"collection":[{"href":"https:\/\/feetuphostels.com\/de\/wp-json\/wp\/v2\/pages"}],"about":[{"href":"https:\/\/feetuphostels.com\/de\/wp-json\/wp\/v2\/types\/page"}],"author":[{"embeddable":true,"href":"https:\/\/feetuphostels.com\/de\/wp-json\/wp\/v2\/users\/13"}],"replies":[{"embeddable":true,"href":"https:\/\/feetuphostels.com\/de\/wp-json\/wp\/v2\/comments?post=217089"}],"version-history":[{"count":0,"href":"https:\/\/feetuphostels.com\/de\/wp-json\/wp\/v2\/pages\/217089\/revisions"}],"wp:attachment":[{"href":"https:\/\/feetuphostels.com\/de\/wp-json\/wp\/v2\/media?parent=217089"}],"curies":[{"name":"wp","href":"https:\/\/api.w.org\/{rel}","templated":true}]}}