{"id":216547,"date":"2019-11-04T13:39:59","date_gmt":"2019-11-04T12:39:59","guid":{"rendered":"https:\/\/feetuphostels.com\/buchung-red-nest-hostel-valencia\/"},"modified":"2024-11-04T11:16:23","modified_gmt":"2024-11-04T10:16:23","slug":"buchung-red-nest-hostel-valencia","status":"publish","type":"page","link":"https:\/\/feetuphostels.com\/de\/buchung-red-nest-hostel-valencia\/","title":{"rendered":"Buchung Red Nest Hostel Valencia"},"content":{"rendered":"\n<h1 class=\"wp-block-heading has-text-align-center\" id=\"h-booking-red-nest-hostel\">Buchen Red Nest Hostel<\/h1>\n\n<iframe src=\"https:\/\/feetup-red-nest-hostel-dot-feetup-hotels.appspot.com\/booking1\/?adultsRoom1=1&#038;language=english\" width=\"100%\" height=\"1800px\" style=\"border:0;\"><\/iframe>\r\n\n<h2 class=\"wp-block-heading\">Willkommen bei unserer Jugendherbergsbuchung Red Nest!&#13;\nBuchen Sie Ihr Bett in Valencia<\/h2>\n\n<h3 class=\"wp-block-heading\">Wenn du auf der Suche nach einem authentischen und spa\u00dfigen Erlebnis bist, bist du hier genau richtig.<\/h3>\n\n<p>Hier zeigen wir dir alle Vorteile auf, die du hast, wenn du direkt auf unserer Website buchst, anstatt \u00fcber beliebte OTA-Plattformen wie Booking oder HostelWorld.<\/p>\n\n<p>Lies weiter und erfahre, warum es die beste Wahl ist!<\/p>\n\n<ol class=\"wp-block-list\">\n<li><strong>Bestpreis-Garantie:<\/strong> Wenn du direkt auf unserer Website buchst, garantieren wir dir, dass du den besten verf\u00fcgbaren Preis bekommst. Ohne Zwischenh\u00e4ndler oder zus\u00e4tzliche Geb\u00fchren sparst du Geld, das du f\u00fcr deine Reise nutzen kannst.<\/li>\n\n\n\n<li><a href=\"https:\/\/feetuphostels.com\/de\/kontakt\/\">Pers\u00f6nliche Betreuung:<\/a> Wenn du direkt bei uns buchst, erh\u00e4ltst du ab dem Zeitpunkt deiner Reservierung eine pers\u00f6nliche und freundliche Betreuung. Unser Team steht dir f\u00fcr alle Fragen zur Verf\u00fcgung und unterst\u00fctzt dich auf jede erdenkliche Weise, um einen perfekten Aufenthalt zu gew\u00e4hrleisten.&#13;\n<div id=\"gtx-trans\" style=\"position: absolute; left: -161px; top: -10px;\">&#13;\n<div class=\"gtx-trans-icon\"><\/div>&#13;\n<\/div><\/li>\n\n\n\n<li><strong>Flexibilit\u00e4t bei der Buchung:<\/strong> Unsere Website bietet mehr Flexibilit\u00e4t, wenn es darum geht, deine Buchung zu \u00e4ndern. Du kannst die Daten anpassen, zus\u00e4tzliche Leistungen hinzuf\u00fcgen und deine Buchung auf deine speziellen Bed\u00fcrfnisse abstimmen. Wir m\u00f6chten dir ein ma\u00dfgeschneidertes Erlebnis bieten.<\/li>\n\n\n\n<li><strong>Exklusive Angebote:<\/strong> Wenn du direkt bei uns buchst, hast du Zugang zu exklusiven Angeboten und Aktionen, die du auf anderen Plattformen nicht finden wirst. Du kannst besondere Rabatte, zus\u00e4tzliche Pakete und zus\u00e4tzliche Vorteile w\u00e4hrend deines Aufenthalts genie\u00dfen.<\/li>\n\n\n\n<li><strong>Lokale Unterst\u00fctzung:<\/strong> Wenn du direkt buchst, unterst\u00fctzt du unsere Jugendherberge und die lokale Gemeinschaft direkt. Wir sch\u00e4tzen die lokale Wirtschaft und arbeiten mit lokalen Anbietern zusammen, um ein authentisches und nachhaltiges Erlebnis zu bieten.<\/li>\n\n\n\n<li><strong>Insider-Informationen:<\/strong> Wenn du direkt buchst, erh\u00e4ltst du Insider-Informationen \u00fcber Veranstaltungen, lokale Aktivit\u00e4ten und interessante Orte. Wir geben dir pers\u00f6nliche Empfehlungen, damit du das Beste aus deinem Aufenthalt machen und die bestgeh\u00fcteten Geheimnisse der Gegend entdecken kannst.<\/li>\n\n\n\n<li><strong>Direkte Verbindung mit uns:<\/strong> Wenn du direkt auf unserer Website buchst, kannst du eine direkte Verbindung zu unserem Team herstellen. Du kannst uns f\u00fcr zus\u00e4tzliche Informationen kontaktieren, spezielle Fragen stellen und erh\u00e4ltst pers\u00f6nliche Unterst\u00fctzung vor, w\u00e4hrend und nach deinem Aufenthalt.<\/li>\n<\/ol>\n\n<h2 class=\"wp-block-heading\">Zusammengefasst.<\/h2>\n\n<p>Eine direkte Buchung auf unserer Website bietet zahlreiche Vorteile, von der Bestpreisgarantie bis hin zu pers\u00f6nlicher Betreuung und exklusiven Angeboten. Au\u00dferdem unterst\u00fctzt du damit direkt unser Red Nest Hostel Valencia und die <a href=\"https:\/\/feetuphostels.com\/hostels-valencia\/\">lokale Gemeinschaft<\/a>.<\/p>\n\n<p>Also warte nicht l\u00e4nger, buche direkt auf unserer Website und mach dich bereit f\u00fcr ein einzigartiges und abenteuerliches Erlebnis in unserer Jugendherberge!<\/p>\n","protected":false},"excerpt":{"rendered":"<p>Buchung Red Nest Hostel Valencia \u00ae Vergleiche auf anderen Kan\u00e4len und buche bei uns \ud83d\ude4b\ud83d\ude4b\u200d\u2642\ufe0f wir haben immer den besten Online-Preis in Valencia \u2714\ufe0f Buche und spare noch heute bei deinem Hostel! Bestes Preisversprechen. Keine Buchungsgeb\u00fchr. Keine Buchungsgeb\u00fchren. 24\/7-Kundenservice. Lies echte G\u00e4stebewertungen. Sofortige Best\u00e4tigung erhalten. Sicher buchen. Buchung Red Nest Hostel Valencia<\/p>\n","protected":false},"author":13,"featured_media":215085,"parent":0,"menu_order":0,"comment_status":"closed","ping_status":"closed","template":"","meta":{"footnotes":""},"class_list":["post-216547","page","type-page","status-publish","has-post-thumbnail","hentry"],"yoast_head":"<!-- This site is optimized with the Yoast SEO plugin v27.3 - https:\/\/yoast.com\/product\/yoast-seo-wordpress\/ -->\n<title>Buchung Red Nest Hostel Valencia \u00ae Vergleichen und buchen Sie mit uns<\/title>\n<meta name=\"description\" content=\"Buchung Red Nest Hostel Valencia \u00ae Vergleiche auf anderen Kan\u00e4len und buche bei uns \ud83d\ude4b\ud83d\ude4b\u200d\u2642\ufe0f wir haben immer den besten Online-Preis in Valencia\u2714\ufe0f\" \/>\n<meta name=\"robots\" content=\"index, follow, max-snippet:-1, max-image-preview:large, max-video-preview:-1\" \/>\n<link rel=\"canonical\" href=\"https:\/\/feetuphostels.com\/de\/buchung-red-nest-hostel-valencia\/\" \/>\n<meta property=\"og:locale\" content=\"de_DE\" \/>\n<meta property=\"og:type\" content=\"article\" \/>\n<meta property=\"og:title\" content=\"Buchung Red Nest Hostel Valencia \u00ae Vergleichen und buchen Sie mit uns\" \/>\n<meta property=\"og:description\" content=\"Buchung Red Nest Hostel Valencia \u00ae Vergleiche auf anderen Kan\u00e4len und buche bei uns \ud83d\ude4b\ud83d\ude4b\u200d\u2642\ufe0f wir haben immer den besten Online-Preis in Valencia\u2714\ufe0f\" \/>\n<meta property=\"og:url\" content=\"https:\/\/feetuphostels.com\/de\/buchung-red-nest-hostel-valencia\/\" \/>\n<meta property=\"og:site_name\" content=\"Feet Up Hostels\" \/>\n<meta property=\"article:publisher\" content=\"https:\/\/facebook.com\/feetuphostelsgroup\" \/>\n<meta property=\"article:modified_time\" content=\"2024-11-04T10:16:23+00:00\" \/>\n<meta property=\"og:image\" content=\"https:\/\/feetuphostels.com\/wp-content\/uploads\/2019\/02\/09red-nest-hostel-valencia-by-feetuphostels.jpg\" \/>\n\t<meta property=\"og:image:width\" content=\"1554\" \/>\n\t<meta property=\"og:image:height\" content=\"1080\" \/>\n\t<meta property=\"og:image:type\" content=\"image\/jpeg\" \/>\n<meta name=\"twitter:card\" content=\"summary_large_image\" \/>\n<meta name=\"twitter:site\" content=\"@feetuphostels\" \/>\n<meta name=\"twitter:label1\" content=\"Gesch\u00e4tzte Lesezeit\" \/>\n\t<meta name=\"twitter:data1\" content=\"2\u00a0Minuten\" \/>\n<script type=\"application\/ld+json\" class=\"yoast-schema-graph\">{\"@context\":\"https:\\\/\\\/schema.org\",\"@graph\":[{\"@type\":\"WebPage\",\"@id\":\"https:\\\/\\\/feetuphostels.com\\\/de\\\/buchung-red-nest-hostel-valencia\\\/\",\"url\":\"https:\\\/\\\/feetuphostels.com\\\/de\\\/buchung-red-nest-hostel-valencia\\\/\",\"name\":\"Buchung Red Nest Hostel Valencia \u00ae Vergleichen und buchen Sie mit uns\",\"isPartOf\":{\"@id\":\"https:\\\/\\\/feetuphostels.com\\\/de\\\/#website\"},\"primaryImageOfPage\":{\"@id\":\"https:\\\/\\\/feetuphostels.com\\\/de\\\/buchung-red-nest-hostel-valencia\\\/#primaryimage\"},\"image\":{\"@id\":\"https:\\\/\\\/feetuphostels.com\\\/de\\\/buchung-red-nest-hostel-valencia\\\/#primaryimage\"},\"thumbnailUrl\":\"https:\\\/\\\/feetuphostels.com\\\/wp-content\\\/uploads\\\/2019\\\/02\\\/09red-nest-hostel-valencia-by-feetuphostels.jpg\",\"datePublished\":\"2019-11-04T12:39:59+00:00\",\"dateModified\":\"2024-11-04T10:16:23+00:00\",\"description\":\"Buchung Red Nest Hostel Valencia \u00ae Vergleiche auf anderen Kan\u00e4len und buche bei uns \ud83d\ude4b\ud83d\ude4b\u200d\u2642\ufe0f wir haben immer den besten Online-Preis in Valencia\u2714\ufe0f\",\"breadcrumb\":{\"@id\":\"https:\\\/\\\/feetuphostels.com\\\/de\\\/buchung-red-nest-hostel-valencia\\\/#breadcrumb\"},\"inLanguage\":\"de\",\"potentialAction\":[{\"@type\":\"ReadAction\",\"target\":[\"https:\\\/\\\/feetuphostels.com\\\/de\\\/buchung-red-nest-hostel-valencia\\\/\"]}]},{\"@type\":\"ImageObject\",\"inLanguage\":\"de\",\"@id\":\"https:\\\/\\\/feetuphostels.com\\\/de\\\/buchung-red-nest-hostel-valencia\\\/#primaryimage\",\"url\":\"https:\\\/\\\/feetuphostels.com\\\/wp-content\\\/uploads\\\/2019\\\/02\\\/09red-nest-hostel-valencia-by-feetuphostels.jpg\",\"contentUrl\":\"https:\\\/\\\/feetuphostels.com\\\/wp-content\\\/uploads\\\/2019\\\/02\\\/09red-nest-hostel-valencia-by-feetuphostels.jpg\",\"width\":1554,\"height\":1080,\"caption\":\"Genie\u00dfe deine Zeit mit Freunden\"},{\"@type\":\"BreadcrumbList\",\"@id\":\"https:\\\/\\\/feetuphostels.com\\\/de\\\/buchung-red-nest-hostel-valencia\\\/#breadcrumb\",\"itemListElement\":[{\"@type\":\"ListItem\",\"position\":1,\"name\":\"Home\",\"item\":\"https:\\\/\\\/feetuphostels.com\\\/de\\\/\"},{\"@type\":\"ListItem\",\"position\":2,\"name\":\"Buchung Red Nest Hostel Valencia\"}]},{\"@type\":\"WebSite\",\"@id\":\"https:\\\/\\\/feetuphostels.com\\\/de\\\/#website\",\"url\":\"https:\\\/\\\/feetuphostels.com\\\/de\\\/\",\"name\":\"Feet Up Hostels\",\"description\":\"Jugendherbergen und Unterk\u00fcnfte in Valencia, Spanien. Wir sind Spezialisten f\u00fcr Freundlichkeit\",\"publisher\":{\"@id\":\"https:\\\/\\\/feetuphostels.com\\\/de\\\/#organization\"},\"alternateName\":\"Feet Up Hostels\",\"potentialAction\":[{\"@type\":\"SearchAction\",\"target\":{\"@type\":\"EntryPoint\",\"urlTemplate\":\"https:\\\/\\\/feetuphostels.com\\\/de\\\/?s={search_term_string}\"},\"query-input\":{\"@type\":\"PropertyValueSpecification\",\"valueRequired\":true,\"valueName\":\"search_term_string\"}}],\"inLanguage\":\"de\"},{\"@type\":\"Organization\",\"@id\":\"https:\\\/\\\/feetuphostels.com\\\/de\\\/#organization\",\"name\":\"Feet Up Hostels\",\"alternateName\":\"Feet Up Hostels\",\"url\":\"https:\\\/\\\/feetuphostels.com\\\/de\\\/\",\"logo\":{\"@type\":\"ImageObject\",\"inLanguage\":\"de\",\"@id\":\"https:\\\/\\\/feetuphostels.com\\\/de\\\/#\\\/schema\\\/logo\\\/image\\\/\",\"url\":\"https:\\\/\\\/feetuphostels.com\\\/wp-content\\\/uploads\\\/2019\\\/01\\\/logo-web-amp-feetuphostels.svg\",\"contentUrl\":\"https:\\\/\\\/feetuphostels.com\\\/wp-content\\\/uploads\\\/2019\\\/01\\\/logo-web-amp-feetuphostels.svg\",\"width\":1,\"height\":1,\"caption\":\"Feet Up Hostels\"},\"image\":{\"@id\":\"https:\\\/\\\/feetuphostels.com\\\/de\\\/#\\\/schema\\\/logo\\\/image\\\/\"},\"sameAs\":[\"https:\\\/\\\/facebook.com\\\/feetuphostelsgroup\",\"https:\\\/\\\/x.com\\\/feetuphostels\",\"https:\\\/\\\/www.instagram.com\\\/feetuphostels\\\/\",\"https:\\\/\\\/www.tiktok.com\\\/@feetuphostels\",\"https:\\\/\\\/www.linkedin.com\\\/company\\\/feetuphostelsgroup\\\/\",\"https:\\\/\\\/www.pinterest.es\\\/FeetupHostels\\\/\",\"https:\\\/\\\/www.youtube.com\\\/feetuphostels\"]}]}<\/script>\n<!-- \/ Yoast SEO plugin. -->","yoast_head_json":{"title":"Buchung Red Nest Hostel Valencia \u00ae Vergleichen und buchen Sie mit uns","description":"Buchung Red Nest Hostel Valencia \u00ae Vergleiche auf anderen Kan\u00e4len und buche bei uns \ud83d\ude4b\ud83d\ude4b\u200d\u2642\ufe0f wir haben immer den besten Online-Preis in Valencia\u2714\ufe0f","robots":{"index":"index","follow":"follow","max-snippet":"max-snippet:-1","max-image-preview":"max-image-preview:large","max-video-preview":"max-video-preview:-1"},"canonical":"https:\/\/feetuphostels.com\/de\/buchung-red-nest-hostel-valencia\/","og_locale":"de_DE","og_type":"article","og_title":"Buchung Red Nest Hostel Valencia \u00ae Vergleichen und buchen Sie mit uns","og_description":"Buchung Red Nest Hostel Valencia \u00ae Vergleiche auf anderen Kan\u00e4len und buche bei uns \ud83d\ude4b\ud83d\ude4b\u200d\u2642\ufe0f wir haben immer den besten Online-Preis in Valencia\u2714\ufe0f","og_url":"https:\/\/feetuphostels.com\/de\/buchung-red-nest-hostel-valencia\/","og_site_name":"Feet Up Hostels","article_publisher":"https:\/\/facebook.com\/feetuphostelsgroup","article_modified_time":"2024-11-04T10:16:23+00:00","og_image":[{"width":1554,"height":1080,"url":"https:\/\/feetuphostels.com\/wp-content\/uploads\/2019\/02\/09red-nest-hostel-valencia-by-feetuphostels.jpg","type":"image\/jpeg"}],"twitter_card":"summary_large_image","twitter_site":"@feetuphostels","twitter_misc":{"Gesch\u00e4tzte Lesezeit":"2\u00a0Minuten"},"schema":{"@context":"https:\/\/schema.org","@graph":[{"@type":"WebPage","@id":"https:\/\/feetuphostels.com\/de\/buchung-red-nest-hostel-valencia\/","url":"https:\/\/feetuphostels.com\/de\/buchung-red-nest-hostel-valencia\/","name":"Buchung Red Nest Hostel Valencia \u00ae Vergleichen und buchen Sie mit uns","isPartOf":{"@id":"https:\/\/feetuphostels.com\/de\/#website"},"primaryImageOfPage":{"@id":"https:\/\/feetuphostels.com\/de\/buchung-red-nest-hostel-valencia\/#primaryimage"},"image":{"@id":"https:\/\/feetuphostels.com\/de\/buchung-red-nest-hostel-valencia\/#primaryimage"},"thumbnailUrl":"https:\/\/feetuphostels.com\/wp-content\/uploads\/2019\/02\/09red-nest-hostel-valencia-by-feetuphostels.jpg","datePublished":"2019-11-04T12:39:59+00:00","dateModified":"2024-11-04T10:16:23+00:00","description":"Buchung Red Nest Hostel Valencia \u00ae Vergleiche auf anderen Kan\u00e4len und buche bei uns \ud83d\ude4b\ud83d\ude4b\u200d\u2642\ufe0f wir haben immer den besten Online-Preis in Valencia\u2714\ufe0f","breadcrumb":{"@id":"https:\/\/feetuphostels.com\/de\/buchung-red-nest-hostel-valencia\/#breadcrumb"},"inLanguage":"de","potentialAction":[{"@type":"ReadAction","target":["https:\/\/feetuphostels.com\/de\/buchung-red-nest-hostel-valencia\/"]}]},{"@type":"ImageObject","inLanguage":"de","@id":"https:\/\/feetuphostels.com\/de\/buchung-red-nest-hostel-valencia\/#primaryimage","url":"https:\/\/feetuphostels.com\/wp-content\/uploads\/2019\/02\/09red-nest-hostel-valencia-by-feetuphostels.jpg","contentUrl":"https:\/\/feetuphostels.com\/wp-content\/uploads\/2019\/02\/09red-nest-hostel-valencia-by-feetuphostels.jpg","width":1554,"height":1080,"caption":"Genie\u00dfe deine Zeit mit Freunden"},{"@type":"BreadcrumbList","@id":"https:\/\/feetuphostels.com\/de\/buchung-red-nest-hostel-valencia\/#breadcrumb","itemListElement":[{"@type":"ListItem","position":1,"name":"Home","item":"https:\/\/feetuphostels.com\/de\/"},{"@type":"ListItem","position":2,"name":"Buchung Red Nest Hostel Valencia"}]},{"@type":"WebSite","@id":"https:\/\/feetuphostels.com\/de\/#website","url":"https:\/\/feetuphostels.com\/de\/","name":"Feet Up Hostels","description":"Jugendherbergen und Unterk\u00fcnfte in Valencia, Spanien. Wir sind Spezialisten f\u00fcr Freundlichkeit","publisher":{"@id":"https:\/\/feetuphostels.com\/de\/#organization"},"alternateName":"Feet Up Hostels","potentialAction":[{"@type":"SearchAction","target":{"@type":"EntryPoint","urlTemplate":"https:\/\/feetuphostels.com\/de\/?s={search_term_string}"},"query-input":{"@type":"PropertyValueSpecification","valueRequired":true,"valueName":"search_term_string"}}],"inLanguage":"de"},{"@type":"Organization","@id":"https:\/\/feetuphostels.com\/de\/#organization","name":"Feet Up Hostels","alternateName":"Feet Up Hostels","url":"https:\/\/feetuphostels.com\/de\/","logo":{"@type":"ImageObject","inLanguage":"de","@id":"https:\/\/feetuphostels.com\/de\/#\/schema\/logo\/image\/","url":"https:\/\/feetuphostels.com\/wp-content\/uploads\/2019\/01\/logo-web-amp-feetuphostels.svg","contentUrl":"https:\/\/feetuphostels.com\/wp-content\/uploads\/2019\/01\/logo-web-amp-feetuphostels.svg","width":1,"height":1,"caption":"Feet Up Hostels"},"image":{"@id":"https:\/\/feetuphostels.com\/de\/#\/schema\/logo\/image\/"},"sameAs":["https:\/\/facebook.com\/feetuphostelsgroup","https:\/\/x.com\/feetuphostels","https:\/\/www.instagram.com\/feetuphostels\/","https:\/\/www.tiktok.com\/@feetuphostels","https:\/\/www.linkedin.com\/company\/feetuphostelsgroup\/","https:\/\/www.pinterest.es\/FeetupHostels\/","https:\/\/www.youtube.com\/feetuphostels"]}]}},"_links":{"self":[{"href":"https:\/\/feetuphostels.com\/de\/wp-json\/wp\/v2\/pages\/216547","targetHints":{"allow":["GET"]}}],"collection":[{"href":"https:\/\/feetuphostels.com\/de\/wp-json\/wp\/v2\/pages"}],"about":[{"href":"https:\/\/feetuphostels.com\/de\/wp-json\/wp\/v2\/types\/page"}],"author":[{"embeddable":true,"href":"https:\/\/feetuphostels.com\/de\/wp-json\/wp\/v2\/users\/13"}],"replies":[{"embeddable":true,"href":"https:\/\/feetuphostels.com\/de\/wp-json\/wp\/v2\/comments?post=216547"}],"version-history":[{"count":0,"href":"https:\/\/feetuphostels.com\/de\/wp-json\/wp\/v2\/pages\/216547\/revisions"}],"wp:featuredmedia":[{"embeddable":true,"href":"https:\/\/feetuphostels.com\/de\/wp-json\/wp\/v2\/media\/215085"}],"wp:attachment":[{"href":"https:\/\/feetuphostels.com\/de\/wp-json\/wp\/v2\/media?parent=216547"}],"curies":[{"name":"wp","href":"https:\/\/api.w.org\/{rel}","templated":true}]}}