{"id":216511,"date":"2019-11-11T11:15:23","date_gmt":"2019-11-11T10:15:23","guid":{"rendered":"https:\/\/feetuphostels.com\/buchung-home-youth-hostel-valencia\/"},"modified":"2024-11-02T20:01:31","modified_gmt":"2024-11-02T19:01:31","slug":"buchung-home-youth-hostel-valencia","status":"publish","type":"page","link":"https:\/\/feetuphostels.com\/de\/buchung-home-youth-hostel-valencia\/","title":{"rendered":"Buchung H\u00f4me Youth Hostel Valencia"},"content":{"rendered":"\n<h1 class=\"wp-block-heading has-text-align-center\" id=\"h-booking-home-youth-hostel\">Buchung H\u00f4me Youth Hostel Valencia<\/h1>\n\n<iframe src=\"https:\/\/feetup-youth-hostel-dot-feetup-hotels.appspot.com\/booking1\/?adultsRoom1=1&#038;language=english\" width=\"100%\" height=\"1800px\" style=\"border:0;\"><\/iframe>\n\n<h2 class=\"wp-block-heading\">Buchen Sie ein Bett ohne Etagenbetten in unserer Jugendherberge H\u00f4me<\/h2>\n\n<h2 class=\"wp-block-heading\">Hey, Mitreisender!&#13;\nBist du bereit f\u00fcr das n\u00e4chste Abenteuer?<\/h2>\n\n<p>Willkommen in unserer Jugendherberge H\u00f4me, wo Spa\u00df, Komfort und Gastfreundschaft zusammenkommen. Wenn du auf der Suche nach einem unvergesslichen Erlebnis bist, bist du bei uns genau richtig.<\/p>\n\n<p>Hier legen wir Wert auf Authentizit\u00e4t und den direkten Kontakt mit dir, unserem Gast. Wir sind davon \u00fcberzeugt, dass du, wenn du direkt bei uns buchst, ein pers\u00f6nliches und lohnendes Unterkunftserlebnis erlebst, das vor allem eines ist: voller guter Stimmung!<\/p>\n\n<p>Warum sagen wir das? Lass es uns erkl\u00e4ren:<\/p>\n\n<ul class=\"wp-block-list\">\n<li><strong>Der beste Preis ist garantiert:<\/strong> Wenn du direkt bei uns buchst, bekommst du immer den besten Preis. Es gibt keine Zwischenh\u00e4ndler, die zus\u00e4tzliche Provisionen verlangen, sodass du mehr f\u00fcr deine Abenteuer ausgeben kannst.<\/li>\n\n\n\n<li><a href=\"https:\/\/feetuphostels.com\/de\/kontakt\/\">Direkte Kommunikation:<\/a> Wenn du direkt buchst, profitierst du von einer reibungslosen und direkten Kommunikation mit unserem Team. Wir k\u00f6nnen uns um deine Bed\u00fcrfnisse k\u00fcmmern, alle deine Fragen beantworten und dir auf effiziente Weise die besten lokalen Tipps geben.&#13;\n<div id=\"gtx-trans\" style=\"position: absolute; left: -384px; top: -10px;\">&#13;\n<div class=\"gtx-trans-icon\"><\/div>&#13;\n<\/div><\/li>\n\n\n\n<li><strong>Personalisierung:<\/strong> Hast du besondere Ern\u00e4hrungsbed\u00fcrfnisse? Bevorzugst du ein Bett in einer ruhigen Ecke des Schlafsaals? Wenn du direkt buchst, k\u00f6nnen wir uns auf deinen Geschmack und deine Bed\u00fcrfnisse einstellen, damit dein Aufenthalt super bequem und angenehm wird.<\/li>\n\n\n\n<li><strong>Exklusive Sonderangebote:<\/strong> Wir haben oft Angebote und Rabatte, die nur f\u00fcr diejenigen gelten, die direkt bei uns buchen. Das kann von Rabatten auf lokale Aktivit\u00e4ten bis hin zu einem kostenlosen Getr\u00e4nk bei deiner Ankunft reichen.<\/li>\n\n\n\n<li><strong>Treue wird belohnt:<\/strong> Wenn du direkt buchst, erf\u00e4hrst du als Erster von unseren Sonderveranstaltungen und Angeboten. Au\u00dferdem sehen wir gerne bekannte Gesichter, deshalb gibt es oft besondere Belohnungen f\u00fcr diejenigen, die wiederkommen.<\/li>\n<\/ul>\n\n<h2 class=\"wp-block-heading\">Zusammengefasst.<\/h2>\n\n<p>Wenn du direkt bei uns buchst, profitierst du von den besten Preisen, einem pers\u00f6nlicheren Service, exklusiven Angeboten und Belohnungen f\u00fcr deine Treue. Aber am wichtigsten ist, dass du Teil unserer Gemeinschaft von Reisenden und Abenteurern wirst, Erfahrungen teilst und Erinnerungen schaffst, die ein Leben lang halten.<\/p>\n\n<p>Wenn du also das n\u00e4chste Mal dein gro\u00dfes Abenteuer planst, solltest du dar\u00fcber nachdenken, direkt bei uns zu buchen.<\/p>\n\n<p>Wir garantieren, dass es die beste Entscheidung f\u00fcr deine Reise sein wird.<\/p>\n\n<p>Wir freuen uns darauf, dich mit offenen Armen in unserer Jugendherberge willkommen zu hei\u00dfen!<\/p>\n","protected":false},"excerpt":{"rendered":"<p>Buchung H\u00f4me Youth Hostel Valencia \u00ae Buche jetzt ein Bett zum besten Preis in Valencia, keine Buchungsgeb\u00fchren, sofortige Best\u00e4tigung, kostenlose Stornierung. Dieses k\u00fcrzlich restaurierte Geb\u00e4ude im Zentrum von Valencia bietet kostenloses WLAN und ist die einzige Jugendherberge in Valencia, die Einzelbetten anstelle von Etagenbetten anbietet.<\/p>\n","protected":false},"author":13,"featured_media":215178,"parent":0,"menu_order":0,"comment_status":"closed","ping_status":"closed","template":"","meta":{"footnotes":""},"class_list":["post-216511","page","type-page","status-publish","has-post-thumbnail","hentry"],"yoast_head":"<!-- This site is optimized with the Yoast SEO plugin v27.4 - https:\/\/yoast.com\/product\/yoast-seo-wordpress\/ -->\n<title>Buchung H\u00f4me Youth Hostel Valencia\u00ae Buchen Sie ein Bett zum besten Preis<\/title>\n<meta name=\"description\" content=\"Buchung H\u00f4me Youth Hostel Valencia \u00ae Buche jetzt ein Bett zum besten Preis in Valencia, keine Buchungsgeb\u00fchren, sofortige Best\u00e4tigung, kostenlose Stornierung\" \/>\n<meta name=\"robots\" content=\"index, follow, max-snippet:-1, max-image-preview:large, max-video-preview:-1\" \/>\n<link rel=\"canonical\" href=\"https:\/\/feetuphostels.com\/de\/buchung-home-youth-hostel-valencia\/\" \/>\n<meta property=\"og:locale\" content=\"de_DE\" \/>\n<meta property=\"og:type\" content=\"article\" \/>\n<meta property=\"og:title\" content=\"Buchung H\u00f4me Youth Hostel Valencia\u00ae Buchen Sie ein Bett zum besten Preis\" \/>\n<meta property=\"og:description\" content=\"Buchung H\u00f4me Youth Hostel Valencia \u00ae Buche jetzt ein Bett zum besten Preis in Valencia, keine Buchungsgeb\u00fchren, sofortige Best\u00e4tigung, kostenlose Stornierung\" \/>\n<meta property=\"og:url\" content=\"https:\/\/feetuphostels.com\/de\/buchung-home-youth-hostel-valencia\/\" \/>\n<meta property=\"og:site_name\" content=\"Feet Up Hostels\" \/>\n<meta property=\"article:publisher\" content=\"https:\/\/facebook.com\/feetuphostelsgroup\" \/>\n<meta property=\"article:modified_time\" content=\"2024-11-02T19:01:31+00:00\" \/>\n<meta property=\"og:image\" content=\"https:\/\/feetuphostels.com\/wp-content\/uploads\/2019\/07\/16home-youth-hostel-valencia-by-feetuphostels.jpg\" \/>\n\t<meta property=\"og:image:width\" content=\"1620\" \/>\n\t<meta property=\"og:image:height\" content=\"1080\" \/>\n\t<meta property=\"og:image:type\" content=\"image\/jpeg\" \/>\n<meta name=\"twitter:card\" content=\"summary_large_image\" \/>\n<meta name=\"twitter:site\" content=\"@feetuphostels\" \/>\n<meta name=\"twitter:label1\" content=\"Gesch\u00e4tzte Lesezeit\" \/>\n\t<meta name=\"twitter:data1\" content=\"2\u00a0Minuten\" \/>\n<script type=\"application\/ld+json\" class=\"yoast-schema-graph\">{\"@context\":\"https:\\\/\\\/schema.org\",\"@graph\":[{\"@type\":\"WebPage\",\"@id\":\"https:\\\/\\\/feetuphostels.com\\\/de\\\/buchung-home-youth-hostel-valencia\\\/\",\"url\":\"https:\\\/\\\/feetuphostels.com\\\/de\\\/buchung-home-youth-hostel-valencia\\\/\",\"name\":\"Buchung H\u00f4me Youth Hostel Valencia\u00ae Buchen Sie ein Bett zum besten Preis\",\"isPartOf\":{\"@id\":\"https:\\\/\\\/feetuphostels.com\\\/de\\\/#website\"},\"primaryImageOfPage\":{\"@id\":\"https:\\\/\\\/feetuphostels.com\\\/de\\\/buchung-home-youth-hostel-valencia\\\/#primaryimage\"},\"image\":{\"@id\":\"https:\\\/\\\/feetuphostels.com\\\/de\\\/buchung-home-youth-hostel-valencia\\\/#primaryimage\"},\"thumbnailUrl\":\"https:\\\/\\\/feetuphostels.com\\\/wp-content\\\/uploads\\\/2019\\\/07\\\/16home-youth-hostel-valencia-by-feetuphostels.jpg\",\"datePublished\":\"2019-11-11T10:15:23+00:00\",\"dateModified\":\"2024-11-02T19:01:31+00:00\",\"description\":\"Buchung H\u00f4me Youth Hostel Valencia \u00ae Buche jetzt ein Bett zum besten Preis in Valencia, keine Buchungsgeb\u00fchren, sofortige Best\u00e4tigung, kostenlose Stornierung\",\"breadcrumb\":{\"@id\":\"https:\\\/\\\/feetuphostels.com\\\/de\\\/buchung-home-youth-hostel-valencia\\\/#breadcrumb\"},\"inLanguage\":\"de\",\"potentialAction\":[{\"@type\":\"ReadAction\",\"target\":[\"https:\\\/\\\/feetuphostels.com\\\/de\\\/buchung-home-youth-hostel-valencia\\\/\"]}]},{\"@type\":\"ImageObject\",\"inLanguage\":\"de\",\"@id\":\"https:\\\/\\\/feetuphostels.com\\\/de\\\/buchung-home-youth-hostel-valencia\\\/#primaryimage\",\"url\":\"https:\\\/\\\/feetuphostels.com\\\/wp-content\\\/uploads\\\/2019\\\/07\\\/16home-youth-hostel-valencia-by-feetuphostels.jpg\",\"contentUrl\":\"https:\\\/\\\/feetuphostels.com\\\/wp-content\\\/uploads\\\/2019\\\/07\\\/16home-youth-hostel-valencia-by-feetuphostels.jpg\",\"width\":1620,\"height\":1080,\"caption\":\"Recepion hei\u00dft dich herzlich willkommen\"},{\"@type\":\"BreadcrumbList\",\"@id\":\"https:\\\/\\\/feetuphostels.com\\\/de\\\/buchung-home-youth-hostel-valencia\\\/#breadcrumb\",\"itemListElement\":[{\"@type\":\"ListItem\",\"position\":1,\"name\":\"Home\",\"item\":\"https:\\\/\\\/feetuphostels.com\\\/de\\\/\"},{\"@type\":\"ListItem\",\"position\":2,\"name\":\"Buchung H\u00f4me Youth Hostel Valencia\"}]},{\"@type\":\"WebSite\",\"@id\":\"https:\\\/\\\/feetuphostels.com\\\/de\\\/#website\",\"url\":\"https:\\\/\\\/feetuphostels.com\\\/de\\\/\",\"name\":\"Feet Up Hostels\",\"description\":\"Jugendherbergen und Unterk\u00fcnfte in Valencia, Spanien. Wir sind Spezialisten f\u00fcr Freundlichkeit\",\"publisher\":{\"@id\":\"https:\\\/\\\/feetuphostels.com\\\/de\\\/#organization\"},\"alternateName\":\"Feet Up Hostels\",\"potentialAction\":[{\"@type\":\"SearchAction\",\"target\":{\"@type\":\"EntryPoint\",\"urlTemplate\":\"https:\\\/\\\/feetuphostels.com\\\/de\\\/?s={search_term_string}\"},\"query-input\":{\"@type\":\"PropertyValueSpecification\",\"valueRequired\":true,\"valueName\":\"search_term_string\"}}],\"inLanguage\":\"de\"},{\"@type\":\"Organization\",\"@id\":\"https:\\\/\\\/feetuphostels.com\\\/de\\\/#organization\",\"name\":\"Feet Up Hostels\",\"alternateName\":\"Feet Up Hostels\",\"url\":\"https:\\\/\\\/feetuphostels.com\\\/de\\\/\",\"logo\":{\"@type\":\"ImageObject\",\"inLanguage\":\"de\",\"@id\":\"https:\\\/\\\/feetuphostels.com\\\/de\\\/#\\\/schema\\\/logo\\\/image\\\/\",\"url\":\"https:\\\/\\\/feetuphostels.com\\\/wp-content\\\/uploads\\\/2019\\\/01\\\/logo-web-amp-feetuphostels.svg\",\"contentUrl\":\"https:\\\/\\\/feetuphostels.com\\\/wp-content\\\/uploads\\\/2019\\\/01\\\/logo-web-amp-feetuphostels.svg\",\"width\":1,\"height\":1,\"caption\":\"Feet Up Hostels\"},\"image\":{\"@id\":\"https:\\\/\\\/feetuphostels.com\\\/de\\\/#\\\/schema\\\/logo\\\/image\\\/\"},\"sameAs\":[\"https:\\\/\\\/facebook.com\\\/feetuphostelsgroup\",\"https:\\\/\\\/x.com\\\/feetuphostels\",\"https:\\\/\\\/www.instagram.com\\\/feetuphostels\\\/\",\"https:\\\/\\\/www.tiktok.com\\\/@feetuphostels\",\"https:\\\/\\\/www.linkedin.com\\\/company\\\/feetuphostelsgroup\\\/\",\"https:\\\/\\\/www.pinterest.es\\\/FeetupHostels\\\/\",\"https:\\\/\\\/www.youtube.com\\\/feetuphostels\"]}]}<\/script>\n<!-- \/ Yoast SEO plugin. -->","yoast_head_json":{"title":"Buchung H\u00f4me Youth Hostel Valencia\u00ae Buchen Sie ein Bett zum besten Preis","description":"Buchung H\u00f4me Youth Hostel Valencia \u00ae Buche jetzt ein Bett zum besten Preis in Valencia, keine Buchungsgeb\u00fchren, sofortige Best\u00e4tigung, kostenlose Stornierung","robots":{"index":"index","follow":"follow","max-snippet":"max-snippet:-1","max-image-preview":"max-image-preview:large","max-video-preview":"max-video-preview:-1"},"canonical":"https:\/\/feetuphostels.com\/de\/buchung-home-youth-hostel-valencia\/","og_locale":"de_DE","og_type":"article","og_title":"Buchung H\u00f4me Youth Hostel Valencia\u00ae Buchen Sie ein Bett zum besten Preis","og_description":"Buchung H\u00f4me Youth Hostel Valencia \u00ae Buche jetzt ein Bett zum besten Preis in Valencia, keine Buchungsgeb\u00fchren, sofortige Best\u00e4tigung, kostenlose Stornierung","og_url":"https:\/\/feetuphostels.com\/de\/buchung-home-youth-hostel-valencia\/","og_site_name":"Feet Up Hostels","article_publisher":"https:\/\/facebook.com\/feetuphostelsgroup","article_modified_time":"2024-11-02T19:01:31+00:00","og_image":[{"width":1620,"height":1080,"url":"https:\/\/feetuphostels.com\/wp-content\/uploads\/2019\/07\/16home-youth-hostel-valencia-by-feetuphostels.jpg","type":"image\/jpeg"}],"twitter_card":"summary_large_image","twitter_site":"@feetuphostels","twitter_misc":{"Gesch\u00e4tzte Lesezeit":"2\u00a0Minuten"},"schema":{"@context":"https:\/\/schema.org","@graph":[{"@type":"WebPage","@id":"https:\/\/feetuphostels.com\/de\/buchung-home-youth-hostel-valencia\/","url":"https:\/\/feetuphostels.com\/de\/buchung-home-youth-hostel-valencia\/","name":"Buchung H\u00f4me Youth Hostel Valencia\u00ae Buchen Sie ein Bett zum besten Preis","isPartOf":{"@id":"https:\/\/feetuphostels.com\/de\/#website"},"primaryImageOfPage":{"@id":"https:\/\/feetuphostels.com\/de\/buchung-home-youth-hostel-valencia\/#primaryimage"},"image":{"@id":"https:\/\/feetuphostels.com\/de\/buchung-home-youth-hostel-valencia\/#primaryimage"},"thumbnailUrl":"https:\/\/feetuphostels.com\/wp-content\/uploads\/2019\/07\/16home-youth-hostel-valencia-by-feetuphostels.jpg","datePublished":"2019-11-11T10:15:23+00:00","dateModified":"2024-11-02T19:01:31+00:00","description":"Buchung H\u00f4me Youth Hostel Valencia \u00ae Buche jetzt ein Bett zum besten Preis in Valencia, keine Buchungsgeb\u00fchren, sofortige Best\u00e4tigung, kostenlose Stornierung","breadcrumb":{"@id":"https:\/\/feetuphostels.com\/de\/buchung-home-youth-hostel-valencia\/#breadcrumb"},"inLanguage":"de","potentialAction":[{"@type":"ReadAction","target":["https:\/\/feetuphostels.com\/de\/buchung-home-youth-hostel-valencia\/"]}]},{"@type":"ImageObject","inLanguage":"de","@id":"https:\/\/feetuphostels.com\/de\/buchung-home-youth-hostel-valencia\/#primaryimage","url":"https:\/\/feetuphostels.com\/wp-content\/uploads\/2019\/07\/16home-youth-hostel-valencia-by-feetuphostels.jpg","contentUrl":"https:\/\/feetuphostels.com\/wp-content\/uploads\/2019\/07\/16home-youth-hostel-valencia-by-feetuphostels.jpg","width":1620,"height":1080,"caption":"Recepion hei\u00dft dich herzlich willkommen"},{"@type":"BreadcrumbList","@id":"https:\/\/feetuphostels.com\/de\/buchung-home-youth-hostel-valencia\/#breadcrumb","itemListElement":[{"@type":"ListItem","position":1,"name":"Home","item":"https:\/\/feetuphostels.com\/de\/"},{"@type":"ListItem","position":2,"name":"Buchung H\u00f4me Youth Hostel Valencia"}]},{"@type":"WebSite","@id":"https:\/\/feetuphostels.com\/de\/#website","url":"https:\/\/feetuphostels.com\/de\/","name":"Feet Up Hostels","description":"Jugendherbergen und Unterk\u00fcnfte in Valencia, Spanien. Wir sind Spezialisten f\u00fcr Freundlichkeit","publisher":{"@id":"https:\/\/feetuphostels.com\/de\/#organization"},"alternateName":"Feet Up Hostels","potentialAction":[{"@type":"SearchAction","target":{"@type":"EntryPoint","urlTemplate":"https:\/\/feetuphostels.com\/de\/?s={search_term_string}"},"query-input":{"@type":"PropertyValueSpecification","valueRequired":true,"valueName":"search_term_string"}}],"inLanguage":"de"},{"@type":"Organization","@id":"https:\/\/feetuphostels.com\/de\/#organization","name":"Feet Up Hostels","alternateName":"Feet Up Hostels","url":"https:\/\/feetuphostels.com\/de\/","logo":{"@type":"ImageObject","inLanguage":"de","@id":"https:\/\/feetuphostels.com\/de\/#\/schema\/logo\/image\/","url":"https:\/\/feetuphostels.com\/wp-content\/uploads\/2019\/01\/logo-web-amp-feetuphostels.svg","contentUrl":"https:\/\/feetuphostels.com\/wp-content\/uploads\/2019\/01\/logo-web-amp-feetuphostels.svg","width":1,"height":1,"caption":"Feet Up Hostels"},"image":{"@id":"https:\/\/feetuphostels.com\/de\/#\/schema\/logo\/image\/"},"sameAs":["https:\/\/facebook.com\/feetuphostelsgroup","https:\/\/x.com\/feetuphostels","https:\/\/www.instagram.com\/feetuphostels\/","https:\/\/www.tiktok.com\/@feetuphostels","https:\/\/www.linkedin.com\/company\/feetuphostelsgroup\/","https:\/\/www.pinterest.es\/FeetupHostels\/","https:\/\/www.youtube.com\/feetuphostels"]}]}},"_links":{"self":[{"href":"https:\/\/feetuphostels.com\/de\/wp-json\/wp\/v2\/pages\/216511","targetHints":{"allow":["GET"]}}],"collection":[{"href":"https:\/\/feetuphostels.com\/de\/wp-json\/wp\/v2\/pages"}],"about":[{"href":"https:\/\/feetuphostels.com\/de\/wp-json\/wp\/v2\/types\/page"}],"author":[{"embeddable":true,"href":"https:\/\/feetuphostels.com\/de\/wp-json\/wp\/v2\/users\/13"}],"replies":[{"embeddable":true,"href":"https:\/\/feetuphostels.com\/de\/wp-json\/wp\/v2\/comments?post=216511"}],"version-history":[{"count":0,"href":"https:\/\/feetuphostels.com\/de\/wp-json\/wp\/v2\/pages\/216511\/revisions"}],"wp:featuredmedia":[{"embeddable":true,"href":"https:\/\/feetuphostels.com\/de\/wp-json\/wp\/v2\/media\/215178"}],"wp:attachment":[{"href":"https:\/\/feetuphostels.com\/de\/wp-json\/wp\/v2\/media?parent=216511"}],"curies":[{"name":"wp","href":"https:\/\/api.w.org\/{rel}","templated":true}]}}