{"id":216486,"date":"2019-10-30T09:59:27","date_gmt":"2019-10-30T08:59:27","guid":{"rendered":"https:\/\/feetuphostels.com\/buchung-purple-nest-hostel-valencia\/"},"modified":"2024-11-03T12:45:01","modified_gmt":"2024-11-03T11:45:01","slug":"buchung-purple-nest-hostel-valencia","status":"publish","type":"page","link":"https:\/\/feetuphostels.com\/de\/buchung-purple-nest-hostel-valencia\/","title":{"rendered":"Buchung Purple Nest Hostel Valencia"},"content":{"rendered":"\n<h1 class=\"wp-block-heading has-text-align-center\" id=\"h-booking-purple-nest-hostel\">Buchen Purple Nest Hostel<\/h1>\n\n<iframe src=\"https:\/\/feetup-purple-nest-hostel-dot-feetup-hotels.appspot.com\/booking1\/?adultsRoom1=1&#038;language=english\" width=\"100%\" height=\"1800px\" style=\"border:0;\"><\/iframe>\n\n<h2 class=\"wp-block-heading\">Hallo, Abenteurer und Entdecker!&#13;\nBuche dein Bett in Valencia<\/h2>\n\n<h2 class=\"wp-block-heading\">Willkommen bei unserem Purple Nest <a href=\"https:\/\/nesthostelsvalencia.com\/\" target=\"_blank\" rel=\"noreferrer noopener\">Hostel Valencia<\/a><\/h2>\n\n<p>Ein Ort, an dem Spa\u00df auf Komfort und Gastfreundschaft trifft.<\/p>\n\n<p>Wenn du auf der Suche nach einem unvergesslichen Reiseerlebnis bist, bist du hier genau richtig.<\/p>\n\n<p>Hier in unserem <a href=\"https:\/\/feetuphostels.com\/purple-nest-hostel-valencia\/\">Purple Nest<\/a> legen wir Wert auf Authentizit\u00e4t und direkten Kontakt zu unseren G\u00e4sten. Wir sind der Meinung, dass eine direkte Buchung bei uns der beste Weg ist, um ein einzigartiges, pers\u00f6nliches und vor allem lohnendes Unterkunftserlebnis&#13;\n<div id=\"gtx-trans\" style=\"position: absolute; left: 198px; top: 38px;\">&#13;\n<div class=\"gtx-trans-icon\"><\/div>&#13;\n<\/div><\/p>\n\n<p>Warum, fragst du? Lass es uns erkl\u00e4ren:<\/p>\n\n<ol class=\"wp-block-list\">\n<li><a href=\"https:\/\/feetuphostels.com\/safe-booking\/\">Bestpreisgarantie:<\/a> Wenn du direkt bei uns buchst, erh\u00e4ltst du immer den besten Preis. Es gibt keine Zwischenh\u00e4ndler, die zus\u00e4tzliche Provisionen verlangen, sodass du mehr f\u00fcr deine Abenteuer sparen kannst.&#13;\n<div id=\"gtx-trans\" style=\"position: absolute; left: -55px; top: -10px;\">&#13;\n<div class=\"gtx-trans-icon\"><\/div>&#13;\n<\/div><\/li>\n\n\n\n<li><strong>Direkte Kommunikation:<\/strong> Wenn du direkt buchst, profitierst du von einer fl\u00fcssigeren und direkteren Kommunikation mit unseren Mitarbeitern. Wir k\u00f6nnen auf deine pers\u00f6nlichen Bed\u00fcrfnisse eingehen, deine Fragen beantworten und dir n\u00fctzliche Tipps vor Ort geben.<\/li>\n\n\n\n<li><strong>Personalisierung:<\/strong> Hast du besondere Ern\u00e4hrungsbed\u00fcrfnisse? Bevorzugst du ein Bett in einer ruhigen Ecke des Schlafsaals? Wenn du direkt buchst, k\u00f6nnen wir uns auf deine individuellen Vorlieben und Bed\u00fcrfnisse einstellen, damit dein Aufenthalt so komfortabel und angenehm wie m\u00f6glich ist.<\/li>\n\n\n\n<li><strong>Exklusive Angebote:<\/strong> Wir bieten oft exklusive Angebote und Rabatte an, die nur f\u00fcr G\u00e4ste gelten, die direkt buchen. Dies kann alles von Rabatten auf lokale Aktivit\u00e4ten bis hin zu einem kostenlosen Getr\u00e4nk bei der Ankunft beinhalten.&#13;\n<div id=\"gtx-trans\" style=\"position: absolute; left: -28px; top: -10px;\">&#13;\n<div class=\"gtx-trans-icon\"><\/div>&#13;\n<\/div><\/li>\n\n\n\n<li><strong>Treue wird belohnt:<\/strong> G\u00e4ste, die direkt buchen, erfahren oft als Erste von unseren besonderen Veranstaltungen und Angeboten. Au\u00dferdem freuen wir uns, wenn wir bekannte Gesichter wiedersehen, deshalb haben wir oft besondere Belohnungen f\u00fcr wiederkehrende G\u00e4ste.<\/li>\n<\/ol>\n\n<p><\/p>\n\n<h2 class=\"wp-block-heading\">Zusammengefasst.<\/h2>\n\n<p>Wenn du direkt bei uns buchst, profitierst du von den besten Preisen, einem noch pers\u00f6nlicheren Service, exklusiven Angeboten und Treuepr\u00e4mien. Vor allem aber bist du Teil unserer Gemeinschaft von Reisenden und Abenteurern, die Erfahrungen austauschen und Erinnerungen schaffen, die ein Leben lang halten.<\/p>\n\n<p>Wenn du also das n\u00e4chste Mal dein gro\u00dfes Abenteuer planst, solltest du direkt bei uns buchen. Wir garantieren dir, dass es die beste Entscheidung f\u00fcr deine Reise sein wird.<\/p>\n\n<p>Wir freuen uns darauf, dich mit offenen Armen in unserer Jugendherberge willkommen zu hei\u00dfen!<\/p>\n","protected":false},"excerpt":{"rendered":"<p>Buchung Purple Nest Hostel Valencia \u00ae Vergleiche auf anderen Kan\u00e4len und buche bei uns \ud83d\ude4b\ud83d\ude4b\u200d\u2642\ufe0f wir haben immer den besten Online-Preis in Valencia \u2714\ufe0f Buche und spare noch heute bei deinem Hostel! Bestes Preisversprechen. Keine Buchungsgeb\u00fchr. Keine Buchungsgeb\u00fchren. 24\/7-Kundenservice. Lies echte G\u00e4stebewertungen. Sofortige Best\u00e4tigung erhalten. Sicher buchen. Buchung Purple Nest Hostel Valencia<\/p>\n","protected":false},"author":13,"featured_media":215070,"parent":0,"menu_order":0,"comment_status":"closed","ping_status":"closed","template":"","meta":{"footnotes":""},"class_list":["post-216486","page","type-page","status-publish","has-post-thumbnail","hentry"],"yoast_head":"<!-- This site is optimized with the Yoast SEO plugin v27.5 - https:\/\/yoast.com\/product\/yoast-seo-wordpress\/ -->\n<title>Buchung Purple Nest Hostel Valencia \u00ae Vergleichen und buchen<\/title>\n<meta name=\"description\" content=\"Buchung Purple Nest Hostel Valencia \u00ae Vergleiche auf anderen Kan\u00e4len und buche bei uns \ud83d\ude4b\ud83d\ude4b\u200d\u2642\ufe0f wir haben immer den besten Online-Preis in Valencia\u2714\ufe0f\" \/>\n<meta name=\"robots\" content=\"index, follow, max-snippet:-1, max-image-preview:large, max-video-preview:-1\" \/>\n<link rel=\"canonical\" href=\"https:\/\/feetuphostels.com\/de\/buchung-purple-nest-hostel-valencia\/\" \/>\n<meta property=\"og:locale\" content=\"de_DE\" \/>\n<meta property=\"og:type\" content=\"article\" \/>\n<meta property=\"og:title\" content=\"Buchung Purple Nest Hostel Valencia \u00ae Vergleichen und buchen\" \/>\n<meta property=\"og:description\" content=\"Buchung Purple Nest Hostel Valencia \u00ae Vergleiche auf anderen Kan\u00e4len und buche bei uns \ud83d\ude4b\ud83d\ude4b\u200d\u2642\ufe0f wir haben immer den besten Online-Preis in Valencia\u2714\ufe0f\" \/>\n<meta property=\"og:url\" content=\"https:\/\/feetuphostels.com\/de\/buchung-purple-nest-hostel-valencia\/\" \/>\n<meta property=\"og:site_name\" content=\"Feet Up Hostels\" \/>\n<meta property=\"article:publisher\" content=\"https:\/\/facebook.com\/feetuphostelsgroup\" \/>\n<meta property=\"article:modified_time\" content=\"2024-11-03T11:45:01+00:00\" \/>\n<meta property=\"og:image\" content=\"https:\/\/feetuphostels.com\/wp-content\/uploads\/2019\/01\/35purple-nest-hostel-valencia-by-feetuphostels.jpg\" \/>\n\t<meta property=\"og:image:width\" content=\"1620\" \/>\n\t<meta property=\"og:image:height\" content=\"1080\" \/>\n\t<meta property=\"og:image:type\" content=\"image\/jpeg\" \/>\n<meta name=\"twitter:card\" content=\"summary_large_image\" \/>\n<meta name=\"twitter:site\" content=\"@feetuphostels\" \/>\n<meta name=\"twitter:label1\" content=\"Gesch\u00e4tzte Lesezeit\" \/>\n\t<meta name=\"twitter:data1\" content=\"2\u00a0Minuten\" \/>\n<script type=\"application\/ld+json\" class=\"yoast-schema-graph\">{\"@context\":\"https:\\\/\\\/schema.org\",\"@graph\":[{\"@type\":\"WebPage\",\"@id\":\"https:\\\/\\\/feetuphostels.com\\\/de\\\/buchung-purple-nest-hostel-valencia\\\/\",\"url\":\"https:\\\/\\\/feetuphostels.com\\\/de\\\/buchung-purple-nest-hostel-valencia\\\/\",\"name\":\"Buchung Purple Nest Hostel Valencia \u00ae Vergleichen und buchen\",\"isPartOf\":{\"@id\":\"https:\\\/\\\/feetuphostels.com\\\/de\\\/#website\"},\"primaryImageOfPage\":{\"@id\":\"https:\\\/\\\/feetuphostels.com\\\/de\\\/buchung-purple-nest-hostel-valencia\\\/#primaryimage\"},\"image\":{\"@id\":\"https:\\\/\\\/feetuphostels.com\\\/de\\\/buchung-purple-nest-hostel-valencia\\\/#primaryimage\"},\"thumbnailUrl\":\"https:\\\/\\\/feetuphostels.com\\\/wp-content\\\/uploads\\\/2019\\\/01\\\/35purple-nest-hostel-valencia-by-feetuphostels.jpg\",\"datePublished\":\"2019-10-30T08:59:27+00:00\",\"dateModified\":\"2024-11-03T11:45:01+00:00\",\"description\":\"Buchung Purple Nest Hostel Valencia \u00ae Vergleiche auf anderen Kan\u00e4len und buche bei uns \ud83d\ude4b\ud83d\ude4b\u200d\u2642\ufe0f wir haben immer den besten Online-Preis in Valencia\u2714\ufe0f\",\"breadcrumb\":{\"@id\":\"https:\\\/\\\/feetuphostels.com\\\/de\\\/buchung-purple-nest-hostel-valencia\\\/#breadcrumb\"},\"inLanguage\":\"de\",\"potentialAction\":[{\"@type\":\"ReadAction\",\"target\":[\"https:\\\/\\\/feetuphostels.com\\\/de\\\/buchung-purple-nest-hostel-valencia\\\/\"]}]},{\"@type\":\"ImageObject\",\"inLanguage\":\"de\",\"@id\":\"https:\\\/\\\/feetuphostels.com\\\/de\\\/buchung-purple-nest-hostel-valencia\\\/#primaryimage\",\"url\":\"https:\\\/\\\/feetuphostels.com\\\/wp-content\\\/uploads\\\/2019\\\/01\\\/35purple-nest-hostel-valencia-by-feetuphostels.jpg\",\"contentUrl\":\"https:\\\/\\\/feetuphostels.com\\\/wp-content\\\/uploads\\\/2019\\\/01\\\/35purple-nest-hostel-valencia-by-feetuphostels.jpg\",\"width\":1620,\"height\":1080,\"caption\":\"Die Rezeption hei\u00dft dich herzlich willkommen\"},{\"@type\":\"BreadcrumbList\",\"@id\":\"https:\\\/\\\/feetuphostels.com\\\/de\\\/buchung-purple-nest-hostel-valencia\\\/#breadcrumb\",\"itemListElement\":[{\"@type\":\"ListItem\",\"position\":1,\"name\":\"Home\",\"item\":\"https:\\\/\\\/feetuphostels.com\\\/de\\\/\"},{\"@type\":\"ListItem\",\"position\":2,\"name\":\"Buchung Purple Nest Hostel Valencia\"}]},{\"@type\":\"WebSite\",\"@id\":\"https:\\\/\\\/feetuphostels.com\\\/de\\\/#website\",\"url\":\"https:\\\/\\\/feetuphostels.com\\\/de\\\/\",\"name\":\"Feet Up Hostels\",\"description\":\"Jugendherbergen und Unterk\u00fcnfte in Valencia, Spanien. Wir sind Spezialisten f\u00fcr Freundlichkeit\",\"publisher\":{\"@id\":\"https:\\\/\\\/feetuphostels.com\\\/de\\\/#organization\"},\"alternateName\":\"Feet Up Hostels\",\"potentialAction\":[{\"@type\":\"SearchAction\",\"target\":{\"@type\":\"EntryPoint\",\"urlTemplate\":\"https:\\\/\\\/feetuphostels.com\\\/de\\\/?s={search_term_string}\"},\"query-input\":{\"@type\":\"PropertyValueSpecification\",\"valueRequired\":true,\"valueName\":\"search_term_string\"}}],\"inLanguage\":\"de\"},{\"@type\":\"Organization\",\"@id\":\"https:\\\/\\\/feetuphostels.com\\\/de\\\/#organization\",\"name\":\"Feet Up Hostels\",\"alternateName\":\"Feet Up Hostels\",\"url\":\"https:\\\/\\\/feetuphostels.com\\\/de\\\/\",\"logo\":{\"@type\":\"ImageObject\",\"inLanguage\":\"de\",\"@id\":\"https:\\\/\\\/feetuphostels.com\\\/de\\\/#\\\/schema\\\/logo\\\/image\\\/\",\"url\":\"https:\\\/\\\/feetuphostels.com\\\/wp-content\\\/uploads\\\/2019\\\/01\\\/logo-web-amp-feetuphostels.svg\",\"contentUrl\":\"https:\\\/\\\/feetuphostels.com\\\/wp-content\\\/uploads\\\/2019\\\/01\\\/logo-web-amp-feetuphostels.svg\",\"width\":1,\"height\":1,\"caption\":\"Feet Up Hostels\"},\"image\":{\"@id\":\"https:\\\/\\\/feetuphostels.com\\\/de\\\/#\\\/schema\\\/logo\\\/image\\\/\"},\"sameAs\":[\"https:\\\/\\\/facebook.com\\\/feetuphostelsgroup\",\"https:\\\/\\\/x.com\\\/feetuphostels\",\"https:\\\/\\\/www.instagram.com\\\/feetuphostels\\\/\",\"https:\\\/\\\/www.tiktok.com\\\/@feetuphostels\",\"https:\\\/\\\/www.linkedin.com\\\/company\\\/feetuphostelsgroup\\\/\",\"https:\\\/\\\/www.pinterest.es\\\/FeetupHostels\\\/\",\"https:\\\/\\\/www.youtube.com\\\/feetuphostels\"]}]}<\/script>\n<!-- \/ Yoast SEO plugin. -->","yoast_head_json":{"title":"Buchung Purple Nest Hostel Valencia \u00ae Vergleichen und buchen","description":"Buchung Purple Nest Hostel Valencia \u00ae Vergleiche auf anderen Kan\u00e4len und buche bei uns \ud83d\ude4b\ud83d\ude4b\u200d\u2642\ufe0f wir haben immer den besten Online-Preis in Valencia\u2714\ufe0f","robots":{"index":"index","follow":"follow","max-snippet":"max-snippet:-1","max-image-preview":"max-image-preview:large","max-video-preview":"max-video-preview:-1"},"canonical":"https:\/\/feetuphostels.com\/de\/buchung-purple-nest-hostel-valencia\/","og_locale":"de_DE","og_type":"article","og_title":"Buchung Purple Nest Hostel Valencia \u00ae Vergleichen und buchen","og_description":"Buchung Purple Nest Hostel Valencia \u00ae Vergleiche auf anderen Kan\u00e4len und buche bei uns \ud83d\ude4b\ud83d\ude4b\u200d\u2642\ufe0f wir haben immer den besten Online-Preis in Valencia\u2714\ufe0f","og_url":"https:\/\/feetuphostels.com\/de\/buchung-purple-nest-hostel-valencia\/","og_site_name":"Feet Up Hostels","article_publisher":"https:\/\/facebook.com\/feetuphostelsgroup","article_modified_time":"2024-11-03T11:45:01+00:00","og_image":[{"width":1620,"height":1080,"url":"https:\/\/feetuphostels.com\/wp-content\/uploads\/2019\/01\/35purple-nest-hostel-valencia-by-feetuphostels.jpg","type":"image\/jpeg"}],"twitter_card":"summary_large_image","twitter_site":"@feetuphostels","twitter_misc":{"Gesch\u00e4tzte Lesezeit":"2\u00a0Minuten"},"schema":{"@context":"https:\/\/schema.org","@graph":[{"@type":"WebPage","@id":"https:\/\/feetuphostels.com\/de\/buchung-purple-nest-hostel-valencia\/","url":"https:\/\/feetuphostels.com\/de\/buchung-purple-nest-hostel-valencia\/","name":"Buchung Purple Nest Hostel Valencia \u00ae Vergleichen und buchen","isPartOf":{"@id":"https:\/\/feetuphostels.com\/de\/#website"},"primaryImageOfPage":{"@id":"https:\/\/feetuphostels.com\/de\/buchung-purple-nest-hostel-valencia\/#primaryimage"},"image":{"@id":"https:\/\/feetuphostels.com\/de\/buchung-purple-nest-hostel-valencia\/#primaryimage"},"thumbnailUrl":"https:\/\/feetuphostels.com\/wp-content\/uploads\/2019\/01\/35purple-nest-hostel-valencia-by-feetuphostels.jpg","datePublished":"2019-10-30T08:59:27+00:00","dateModified":"2024-11-03T11:45:01+00:00","description":"Buchung Purple Nest Hostel Valencia \u00ae Vergleiche auf anderen Kan\u00e4len und buche bei uns \ud83d\ude4b\ud83d\ude4b\u200d\u2642\ufe0f wir haben immer den besten Online-Preis in Valencia\u2714\ufe0f","breadcrumb":{"@id":"https:\/\/feetuphostels.com\/de\/buchung-purple-nest-hostel-valencia\/#breadcrumb"},"inLanguage":"de","potentialAction":[{"@type":"ReadAction","target":["https:\/\/feetuphostels.com\/de\/buchung-purple-nest-hostel-valencia\/"]}]},{"@type":"ImageObject","inLanguage":"de","@id":"https:\/\/feetuphostels.com\/de\/buchung-purple-nest-hostel-valencia\/#primaryimage","url":"https:\/\/feetuphostels.com\/wp-content\/uploads\/2019\/01\/35purple-nest-hostel-valencia-by-feetuphostels.jpg","contentUrl":"https:\/\/feetuphostels.com\/wp-content\/uploads\/2019\/01\/35purple-nest-hostel-valencia-by-feetuphostels.jpg","width":1620,"height":1080,"caption":"Die Rezeption hei\u00dft dich herzlich willkommen"},{"@type":"BreadcrumbList","@id":"https:\/\/feetuphostels.com\/de\/buchung-purple-nest-hostel-valencia\/#breadcrumb","itemListElement":[{"@type":"ListItem","position":1,"name":"Home","item":"https:\/\/feetuphostels.com\/de\/"},{"@type":"ListItem","position":2,"name":"Buchung Purple Nest Hostel Valencia"}]},{"@type":"WebSite","@id":"https:\/\/feetuphostels.com\/de\/#website","url":"https:\/\/feetuphostels.com\/de\/","name":"Feet Up Hostels","description":"Jugendherbergen und Unterk\u00fcnfte in Valencia, Spanien. Wir sind Spezialisten f\u00fcr Freundlichkeit","publisher":{"@id":"https:\/\/feetuphostels.com\/de\/#organization"},"alternateName":"Feet Up Hostels","potentialAction":[{"@type":"SearchAction","target":{"@type":"EntryPoint","urlTemplate":"https:\/\/feetuphostels.com\/de\/?s={search_term_string}"},"query-input":{"@type":"PropertyValueSpecification","valueRequired":true,"valueName":"search_term_string"}}],"inLanguage":"de"},{"@type":"Organization","@id":"https:\/\/feetuphostels.com\/de\/#organization","name":"Feet Up Hostels","alternateName":"Feet Up Hostels","url":"https:\/\/feetuphostels.com\/de\/","logo":{"@type":"ImageObject","inLanguage":"de","@id":"https:\/\/feetuphostels.com\/de\/#\/schema\/logo\/image\/","url":"https:\/\/feetuphostels.com\/wp-content\/uploads\/2019\/01\/logo-web-amp-feetuphostels.svg","contentUrl":"https:\/\/feetuphostels.com\/wp-content\/uploads\/2019\/01\/logo-web-amp-feetuphostels.svg","width":1,"height":1,"caption":"Feet Up Hostels"},"image":{"@id":"https:\/\/feetuphostels.com\/de\/#\/schema\/logo\/image\/"},"sameAs":["https:\/\/facebook.com\/feetuphostelsgroup","https:\/\/x.com\/feetuphostels","https:\/\/www.instagram.com\/feetuphostels\/","https:\/\/www.tiktok.com\/@feetuphostels","https:\/\/www.linkedin.com\/company\/feetuphostelsgroup\/","https:\/\/www.pinterest.es\/FeetupHostels\/","https:\/\/www.youtube.com\/feetuphostels"]}]}},"_links":{"self":[{"href":"https:\/\/feetuphostels.com\/de\/wp-json\/wp\/v2\/pages\/216486","targetHints":{"allow":["GET"]}}],"collection":[{"href":"https:\/\/feetuphostels.com\/de\/wp-json\/wp\/v2\/pages"}],"about":[{"href":"https:\/\/feetuphostels.com\/de\/wp-json\/wp\/v2\/types\/page"}],"author":[{"embeddable":true,"href":"https:\/\/feetuphostels.com\/de\/wp-json\/wp\/v2\/users\/13"}],"replies":[{"embeddable":true,"href":"https:\/\/feetuphostels.com\/de\/wp-json\/wp\/v2\/comments?post=216486"}],"version-history":[{"count":0,"href":"https:\/\/feetuphostels.com\/de\/wp-json\/wp\/v2\/pages\/216486\/revisions"}],"wp:featuredmedia":[{"embeddable":true,"href":"https:\/\/feetuphostels.com\/de\/wp-json\/wp\/v2\/media\/215070"}],"wp:attachment":[{"href":"https:\/\/feetuphostels.com\/de\/wp-json\/wp\/v2\/media?parent=216486"}],"curies":[{"name":"wp","href":"https:\/\/api.w.org\/{rel}","templated":true}]}}